{"id":53526,"date":"2025-04-27T11:48:45","date_gmt":"2025-04-27T10:48:45","guid":{"rendered":"https:\/\/www.lavillagardendesign.com\/product\/jacuzzi-spa-virtus\/"},"modified":"2025-04-27T12:01:35","modified_gmt":"2025-04-27T10:01:35","slug":"jacuzzi-spa-virtus","status":"publish","type":"product","link":"https:\/\/www.lavillagardendesign.com\/fr\/product\/jacuzzi-spa-virtus\/","title":{"rendered":"Jacuzzi SPA Virtus"},"content":{"rendered":"","protected":false},"excerpt":{"rendered":"<p class=\"\" data-start=\"53\" data-end=\"802\"><strong data-start=\"53\" data-end=\"185\">Design by Dodo Arslan &amp; Jacuzzi\u00ae Design Virtus est l&rsquo;espace id\u00e9al pour partager un moment de bien-\u00eatre, profiter et se vider l&rsquo;esprit.<\/strong><br data-start=\"185\" data-end=\"188\">Inspir\u00e9 par la coquille de Nautilus, il pr\u00e9sente un corps int\u00e9rieur aux lignes douces et enveloppantes et un motif en spirale qui semble fa\u00e7onn\u00e9 par l&rsquo;eau. Cette conception garantit un programme d&rsquo;hydroth\u00e9rapie efficace et complet, gr\u00e2ce \u00e9galement aux 50 jets d&rsquo;hydroth\u00e9rapie PowerPro\u00ae. En outre, il offre l&rsquo;avantage d&rsquo;une \u00e9vacuation rapide et compl\u00e8te de l&rsquo;eau lors de la vidange, \u00e9vitant ainsi la stagnation de l&rsquo;eau \u00e0 l&rsquo;int\u00e9rieur. Les si\u00e8ges, dont l&rsquo;inclinaison et la profondeur varient, ainsi qu&rsquo;un si\u00e8ge lounge, sont con\u00e7us pour offrir une hydroth\u00e9rapie ciblant des zones sp\u00e9cifiques du corps, tout comme un massage traditionnel &#8211; de vos orteils \u00e0 votre t\u00eate.   <\/p>\n<p class=\"\" data-start=\"804\" data-end=\"825\"><strong data-start=\"804\" data-end=\"823\">Sp\u00e9cifications :<\/strong><\/p>\n<ul data-start=\"826\" data-end=\"1233\">\n<li class=\"\" data-start=\"826\" data-end=\"877\">\n<p class=\"\" data-start=\"828\" data-end=\"877\"><strong data-start=\"828\" data-end=\"839\">Pompe 1 :<\/strong> 1 vitesse, 2,5 HP en continu (1,8 kW)<\/p>\n<\/li>\n<li class=\"\" data-start=\"878\" data-end=\"929\">\n<p class=\"\" data-start=\"880\" data-end=\"929\"><strong data-start=\"880\" data-end=\"891\">Pompe 2 :<\/strong> 1 vitesse, 2,5 HP en continu (1,8 kW)<\/p>\n<\/li>\n<li class=\"\" data-start=\"930\" data-end=\"959\">\n<p class=\"\" data-start=\"932\" data-end=\"959\"><strong data-start=\"932\" data-end=\"953\">Pompe de circulation :<\/strong> Oui<\/p>\n<\/li>\n<li class=\"\" data-start=\"960\" data-end=\"1017\">\n<p class=\"\" data-start=\"962\" data-end=\"1017\"><strong data-start=\"962\" data-end=\"984\">Syst\u00e8me de filtration :<\/strong> Filtre \u00e0 pression avec cartouche<\/p>\n<\/li>\n<li class=\"\" data-start=\"1018\" data-end=\"1036\">\n<p class=\"\" data-start=\"1020\" data-end=\"1036\"><strong data-start=\"1020\" data-end=\"1032\">Filtres :<\/strong> 1<\/p>\n<\/li>\n<li class=\"\" data-start=\"1037\" data-end=\"1111\">\n<p class=\"\" data-start=\"1039\" data-end=\"1111\"><strong data-start=\"1039\" data-end=\"1056\">Alimentation \u00e9lectrique :<\/strong> 220-240 V F+N 50Hz &#8211; 32A \/ 380-415 V 3F+N 50Hz &#8211; 16A<\/p>\n<\/li>\n<li class=\"\" data-start=\"1113\" data-end=\"1138\">\n<p class=\"\" data-start=\"1115\" data-end=\"1138\"><strong data-start=\"1115\" data-end=\"1131\">Hauteur (cm) :<\/strong> 93.0<\/p>\n<\/li>\n<li class=\"\" data-start=\"1139\" data-end=\"1165\">\n<p class=\"\" data-start=\"1141\" data-end=\"1165\"><strong data-start=\"1141\" data-end=\"1157\">Longueur (cm) :<\/strong> 250.0<\/p>\n<\/li>\n<li class=\"\" data-start=\"1166\" data-end=\"1191\">\n<p class=\"\" data-start=\"1168\" data-end=\"1191\"><strong data-start=\"1168\" data-end=\"1183\">Largeur (cm) :<\/strong> 215.0<\/p>\n<\/li>\n<li class=\"\" data-start=\"1192\" data-end=\"1233\">\n<p class=\"\" data-start=\"1194\" data-end=\"1233\"><strong data-start=\"1194\" data-end=\"1224\">Poids du spa \u00e0 pleine charge (kg) :<\/strong> 2450.0<\/p>\n<\/li>\n<\/ul>\n","protected":false},"featured_media":53471,"comment_status":"open","ping_status":"closed","template":"","meta":[],"product_brand":[4998],"product_cat":[6832,4716],"product_tag":[],"class_list":{"0":"post-53526","1":"product","2":"type-product","3":"status-publish","4":"has-post-thumbnail","6":"product_brand-la-villa","7":"product_cat-outdoor-fr","8":"product_cat-jacuzzi-fr","10":"first","11":"instock","12":"taxable","13":"shipping-taxable","14":"purchasable","15":"product-type-variable"},"yoast_head":"<!-- This site is optimized with the Yoast SEO plugin v27.1.1 - https:\/\/yoast.com\/product\/yoast-seo-wordpress\/ -->\n<title>Jacuzzi SPA Virtus - La Villa Garden&amp;Design<\/title>\n<meta name=\"robots\" content=\"index, follow, max-snippet:-1, max-image-preview:large, max-video-preview:-1\" \/>\n<link rel=\"canonical\" href=\"https:\/\/www.lavillagardendesign.com\/fr\/produit\/jacuzzi-spa-virtus\/\" \/>\n<meta property=\"og:locale\" content=\"fr_FR\" \/>\n<meta property=\"og:type\" content=\"article\" \/>\n<meta property=\"og:title\" content=\"Jacuzzi SPA Virtus - La Villa Garden&amp;Design\" \/>\n<meta property=\"og:description\" content=\"Design by Dodo Arslan &amp; Jacuzzi\u00ae Design Virtus est l&#039;espace id\u00e9al pour partager un moment de bien-\u00eatre, profiter et se vider l&#039;esprit.Inspir\u00e9 par la coquille de Nautilus, il pr\u00e9sente un corps int\u00e9rieur aux lignes douces et enveloppantes et un motif en spirale qui semble fa\u00e7onn\u00e9 par l&#039;eau. Cette conception garantit un programme d&#039;hydroth\u00e9rapie efficace et complet, gr\u00e2ce \u00e9galement aux 50 jets d&#039;hydroth\u00e9rapie PowerPro\u00ae. En outre, il offre l&#039;avantage d&#039;une \u00e9vacuation rapide et compl\u00e8te de l&#039;eau lors de la vidange, \u00e9vitant ainsi la stagnation de l&#039;eau \u00e0 l&#039;int\u00e9rieur. Les si\u00e8ges, dont l&#039;inclinaison et la profondeur varient, ainsi qu&#039;un si\u00e8ge lounge, sont con\u00e7us pour offrir une hydroth\u00e9rapie ciblant des zones sp\u00e9cifiques du corps, tout comme un massage traditionnel - de vos orteils \u00e0 votre t\u00eate.  Sp\u00e9cifications :   Pompe 1 : 1 vitesse, 2,5 HP en continu (1,8 kW)   Pompe 2 : 1 vitesse, 2,5 HP en continu (1,8 kW)   Pompe de circulation : Oui   Syst\u00e8me de filtration : Filtre \u00e0 pression avec cartouche   Filtres : 1   Alimentation \u00e9lectrique : 220-240 V F+N 50Hz - 32A \/ 380-415 V 3F+N 50Hz - 16A   Hauteur (cm) : 93.0   Longueur (cm) : 250.0   Largeur (cm) : 215.0   Poids du spa \u00e0 pleine charge (kg) : 2450.0\" \/>\n<meta property=\"og:url\" content=\"https:\/\/www.lavillagardendesign.com\/fr\/produit\/jacuzzi-spa-virtus\/\" \/>\n<meta property=\"og:site_name\" content=\"La Villa Garden&amp;Design\" \/>\n<meta property=\"article:publisher\" content=\"https:\/\/www.facebook.com\/lavillagardendesign\/\" \/>\n<meta property=\"og:image\" content=\"https:\/\/www.lavillagardendesign.com\/wp-content\/uploads\/2025\/04\/1-4.jpg\" \/>\n\t<meta property=\"og:image:width\" content=\"800\" \/>\n\t<meta property=\"og:image:height\" content=\"800\" \/>\n\t<meta property=\"og:image:type\" content=\"image\/jpeg\" \/>\n<meta name=\"twitter:card\" content=\"summary_large_image\" \/>\n<script type=\"application\/ld+json\" class=\"yoast-schema-graph\">{\"@context\":\"https:\/\/schema.org\",\"@graph\":[{\"@type\":\"WebPage\",\"@id\":\"https:\/\/www.lavillagardendesign.com\/fr\/produit\/jacuzzi-spa-virtus\/\",\"url\":\"https:\/\/www.lavillagardendesign.com\/fr\/produit\/jacuzzi-spa-virtus\/\",\"name\":\"Jacuzzi SPA Virtus - La Villa Garden&amp;Design\",\"isPartOf\":{\"@id\":\"https:\/\/www.lavillagardendesign.com\/#website\"},\"primaryImageOfPage\":{\"@id\":\"https:\/\/www.lavillagardendesign.com\/fr\/produit\/jacuzzi-spa-virtus\/#primaryimage\"},\"image\":{\"@id\":\"https:\/\/www.lavillagardendesign.com\/fr\/produit\/jacuzzi-spa-virtus\/#primaryimage\"},\"thumbnailUrl\":\"https:\/\/www.lavillagardendesign.com\/wp-content\/uploads\/2025\/04\/1-4.jpg\",\"datePublished\":\"2025-04-27T10:48:45+00:00\",\"breadcrumb\":{\"@id\":\"https:\/\/www.lavillagardendesign.com\/fr\/produit\/jacuzzi-spa-virtus\/#breadcrumb\"},\"inLanguage\":\"fr-FR\",\"potentialAction\":[{\"@type\":\"ReadAction\",\"target\":[\"https:\/\/www.lavillagardendesign.com\/fr\/produit\/jacuzzi-spa-virtus\/\"]}]},{\"@type\":\"ImageObject\",\"inLanguage\":\"fr-FR\",\"@id\":\"https:\/\/www.lavillagardendesign.com\/fr\/produit\/jacuzzi-spa-virtus\/#primaryimage\",\"url\":\"https:\/\/www.lavillagardendesign.com\/wp-content\/uploads\/2025\/04\/1-4.jpg\",\"contentUrl\":\"https:\/\/www.lavillagardendesign.com\/wp-content\/uploads\/2025\/04\/1-4.jpg\",\"width\":800,\"height\":800},{\"@type\":\"BreadcrumbList\",\"@id\":\"https:\/\/www.lavillagardendesign.com\/fr\/produit\/jacuzzi-spa-virtus\/#breadcrumb\",\"itemListElement\":[{\"@type\":\"ListItem\",\"position\":1,\"name\":\"Home\",\"item\":\"https:\/\/www.lavillagardendesign.com\/\"},{\"@type\":\"ListItem\",\"position\":2,\"name\":\"Boutique\",\"item\":\"https:\/\/www.lavillagardendesign.com\/fr\/boutique\/\"},{\"@type\":\"ListItem\",\"position\":3,\"name\":\"Jacuzzi SPA Virtus\"}]},{\"@type\":\"WebSite\",\"@id\":\"https:\/\/www.lavillagardendesign.com\/#website\",\"url\":\"https:\/\/www.lavillagardendesign.com\/\",\"name\":\"La Villa Garden&Design\",\"description\":\"\",\"publisher\":{\"@id\":\"https:\/\/www.lavillagardendesign.com\/#organization\"},\"potentialAction\":[{\"@type\":\"SearchAction\",\"target\":{\"@type\":\"EntryPoint\",\"urlTemplate\":\"https:\/\/www.lavillagardendesign.com\/?s={search_term_string}\"},\"query-input\":{\"@type\":\"PropertyValueSpecification\",\"valueRequired\":true,\"valueName\":\"search_term_string\"}}],\"inLanguage\":\"fr-FR\"},{\"@type\":\"Organization\",\"@id\":\"https:\/\/www.lavillagardendesign.com\/#organization\",\"name\":\"La Villa Garden&Design\",\"url\":\"https:\/\/www.lavillagardendesign.com\/\",\"logo\":{\"@type\":\"ImageObject\",\"inLanguage\":\"fr-FR\",\"@id\":\"https:\/\/www.lavillagardendesign.com\/#\/schema\/logo\/image\/\",\"url\":\"https:\/\/www.lavillagardendesign.com\/wp-content\/uploads\/2024\/04\/logolavilla.png\",\"contentUrl\":\"https:\/\/www.lavillagardendesign.com\/wp-content\/uploads\/2024\/04\/logolavilla.png\",\"width\":682,\"height\":391,\"caption\":\"La Villa Garden&Design\"},\"image\":{\"@id\":\"https:\/\/www.lavillagardendesign.com\/#\/schema\/logo\/image\/\"},\"sameAs\":[\"https:\/\/www.facebook.com\/lavillagardendesign\/\"]}]}<\/script>\n<!-- \/ Yoast SEO plugin. -->","yoast_head_json":{"title":"Jacuzzi SPA Virtus - La Villa Garden&amp;Design","robots":{"index":"index","follow":"follow","max-snippet":"max-snippet:-1","max-image-preview":"max-image-preview:large","max-video-preview":"max-video-preview:-1"},"canonical":"https:\/\/www.lavillagardendesign.com\/fr\/produit\/jacuzzi-spa-virtus\/","og_locale":"fr_FR","og_type":"article","og_title":"Jacuzzi SPA Virtus - La Villa Garden&amp;Design","og_description":"Design by Dodo Arslan &amp; Jacuzzi\u00ae Design Virtus est l'espace id\u00e9al pour partager un moment de bien-\u00eatre, profiter et se vider l'esprit.Inspir\u00e9 par la coquille de Nautilus, il pr\u00e9sente un corps int\u00e9rieur aux lignes douces et enveloppantes et un motif en spirale qui semble fa\u00e7onn\u00e9 par l'eau. Cette conception garantit un programme d'hydroth\u00e9rapie efficace et complet, gr\u00e2ce \u00e9galement aux 50 jets d'hydroth\u00e9rapie PowerPro\u00ae. En outre, il offre l'avantage d'une \u00e9vacuation rapide et compl\u00e8te de l'eau lors de la vidange, \u00e9vitant ainsi la stagnation de l'eau \u00e0 l'int\u00e9rieur. Les si\u00e8ges, dont l'inclinaison et la profondeur varient, ainsi qu'un si\u00e8ge lounge, sont con\u00e7us pour offrir une hydroth\u00e9rapie ciblant des zones sp\u00e9cifiques du corps, tout comme un massage traditionnel - de vos orteils \u00e0 votre t\u00eate.  Sp\u00e9cifications :   Pompe 1 : 1 vitesse, 2,5 HP en continu (1,8 kW)   Pompe 2 : 1 vitesse, 2,5 HP en continu (1,8 kW)   Pompe de circulation : Oui   Syst\u00e8me de filtration : Filtre \u00e0 pression avec cartouche   Filtres : 1   Alimentation \u00e9lectrique : 220-240 V F+N 50Hz - 32A \/ 380-415 V 3F+N 50Hz - 16A   Hauteur (cm) : 93.0   Longueur (cm) : 250.0   Largeur (cm) : 215.0   Poids du spa \u00e0 pleine charge (kg) : 2450.0","og_url":"https:\/\/www.lavillagardendesign.com\/fr\/produit\/jacuzzi-spa-virtus\/","og_site_name":"La Villa Garden&amp;Design","article_publisher":"https:\/\/www.facebook.com\/lavillagardendesign\/","og_image":[{"width":800,"height":800,"url":"https:\/\/www.lavillagardendesign.com\/wp-content\/uploads\/2025\/04\/1-4.jpg","type":"image\/jpeg"}],"twitter_card":"summary_large_image","schema":{"@context":"https:\/\/schema.org","@graph":[{"@type":"WebPage","@id":"https:\/\/www.lavillagardendesign.com\/fr\/produit\/jacuzzi-spa-virtus\/","url":"https:\/\/www.lavillagardendesign.com\/fr\/produit\/jacuzzi-spa-virtus\/","name":"Jacuzzi SPA Virtus - La Villa Garden&amp;Design","isPartOf":{"@id":"https:\/\/www.lavillagardendesign.com\/#website"},"primaryImageOfPage":{"@id":"https:\/\/www.lavillagardendesign.com\/fr\/produit\/jacuzzi-spa-virtus\/#primaryimage"},"image":{"@id":"https:\/\/www.lavillagardendesign.com\/fr\/produit\/jacuzzi-spa-virtus\/#primaryimage"},"thumbnailUrl":"https:\/\/www.lavillagardendesign.com\/wp-content\/uploads\/2025\/04\/1-4.jpg","datePublished":"2025-04-27T10:48:45+00:00","breadcrumb":{"@id":"https:\/\/www.lavillagardendesign.com\/fr\/produit\/jacuzzi-spa-virtus\/#breadcrumb"},"inLanguage":"fr-FR","potentialAction":[{"@type":"ReadAction","target":["https:\/\/www.lavillagardendesign.com\/fr\/produit\/jacuzzi-spa-virtus\/"]}]},{"@type":"ImageObject","inLanguage":"fr-FR","@id":"https:\/\/www.lavillagardendesign.com\/fr\/produit\/jacuzzi-spa-virtus\/#primaryimage","url":"https:\/\/www.lavillagardendesign.com\/wp-content\/uploads\/2025\/04\/1-4.jpg","contentUrl":"https:\/\/www.lavillagardendesign.com\/wp-content\/uploads\/2025\/04\/1-4.jpg","width":800,"height":800},{"@type":"BreadcrumbList","@id":"https:\/\/www.lavillagardendesign.com\/fr\/produit\/jacuzzi-spa-virtus\/#breadcrumb","itemListElement":[{"@type":"ListItem","position":1,"name":"Home","item":"https:\/\/www.lavillagardendesign.com\/"},{"@type":"ListItem","position":2,"name":"Boutique","item":"https:\/\/www.lavillagardendesign.com\/fr\/boutique\/"},{"@type":"ListItem","position":3,"name":"Jacuzzi SPA Virtus"}]},{"@type":"WebSite","@id":"https:\/\/www.lavillagardendesign.com\/#website","url":"https:\/\/www.lavillagardendesign.com\/","name":"La Villa Garden&Design","description":"","publisher":{"@id":"https:\/\/www.lavillagardendesign.com\/#organization"},"potentialAction":[{"@type":"SearchAction","target":{"@type":"EntryPoint","urlTemplate":"https:\/\/www.lavillagardendesign.com\/?s={search_term_string}"},"query-input":{"@type":"PropertyValueSpecification","valueRequired":true,"valueName":"search_term_string"}}],"inLanguage":"fr-FR"},{"@type":"Organization","@id":"https:\/\/www.lavillagardendesign.com\/#organization","name":"La Villa Garden&Design","url":"https:\/\/www.lavillagardendesign.com\/","logo":{"@type":"ImageObject","inLanguage":"fr-FR","@id":"https:\/\/www.lavillagardendesign.com\/#\/schema\/logo\/image\/","url":"https:\/\/www.lavillagardendesign.com\/wp-content\/uploads\/2024\/04\/logolavilla.png","contentUrl":"https:\/\/www.lavillagardendesign.com\/wp-content\/uploads\/2024\/04\/logolavilla.png","width":682,"height":391,"caption":"La Villa Garden&Design"},"image":{"@id":"https:\/\/www.lavillagardendesign.com\/#\/schema\/logo\/image\/"},"sameAs":["https:\/\/www.facebook.com\/lavillagardendesign\/"]}]}},"_links":{"self":[{"href":"https:\/\/www.lavillagardendesign.com\/fr\/wp-json\/wp\/v2\/product\/53526","targetHints":{"allow":["GET"]}}],"collection":[{"href":"https:\/\/www.lavillagardendesign.com\/fr\/wp-json\/wp\/v2\/product"}],"about":[{"href":"https:\/\/www.lavillagardendesign.com\/fr\/wp-json\/wp\/v2\/types\/product"}],"replies":[{"embeddable":true,"href":"https:\/\/www.lavillagardendesign.com\/fr\/wp-json\/wp\/v2\/comments?post=53526"}],"version-history":[{"count":1,"href":"https:\/\/www.lavillagardendesign.com\/fr\/wp-json\/wp\/v2\/product\/53526\/revisions"}],"predecessor-version":[{"id":53582,"href":"https:\/\/www.lavillagardendesign.com\/fr\/wp-json\/wp\/v2\/product\/53526\/revisions\/53582"}],"wp:featuredmedia":[{"embeddable":true,"href":"https:\/\/www.lavillagardendesign.com\/fr\/wp-json\/wp\/v2\/media\/53471"}],"wp:attachment":[{"href":"https:\/\/www.lavillagardendesign.com\/fr\/wp-json\/wp\/v2\/media?parent=53526"}],"wp:term":[{"taxonomy":"product_brand","embeddable":true,"href":"https:\/\/www.lavillagardendesign.com\/fr\/wp-json\/wp\/v2\/product_brand?post=53526"},{"taxonomy":"product_cat","embeddable":true,"href":"https:\/\/www.lavillagardendesign.com\/fr\/wp-json\/wp\/v2\/product_cat?post=53526"},{"taxonomy":"product_tag","embeddable":true,"href":"https:\/\/www.lavillagardendesign.com\/fr\/wp-json\/wp\/v2\/product_tag?post=53526"}],"curies":[{"name":"wp","href":"https:\/\/api.w.org\/{rel}","templated":true}]}}