{"id":53525,"date":"2025-04-27T11:42:49","date_gmt":"2025-04-27T10:42:49","guid":{"rendered":"https:\/\/www.lavillagardendesign.com\/product\/jacuzzi-spa-j-235\/"},"modified":"2025-04-27T12:01:25","modified_gmt":"2025-04-27T10:01:25","slug":"jacuzzi-spa-j-235","status":"publish","type":"product","link":"https:\/\/www.lavillagardendesign.com\/fr\/product\/jacuzzi-spa-j-235\/","title":{"rendered":"Jacuzzi SPA J-235"},"content":{"rendered":"","protected":false},"excerpt":{"rendered":"<p class=\"\" data-start=\"60\" data-end=\"407\"><strong data-start=\"60\" data-end=\"237\">Le spa J-235\u2122, fabriqu\u00e9 avec des mat\u00e9riaux de qualit\u00e9 sup\u00e9rieure et soutenu par l&rsquo;expertise Jacuzzi\u00ae, est dot\u00e9 d&rsquo;un si\u00e8ge de d\u00e9tente et de la qualit\u00e9 et de la valeur de confiance de la marque Jacuzzi\u00ae.<\/strong><br data-start=\"237\" data-end=\"240\">Ce mod\u00e8le abordable et efficace peut accueillir jusqu&rsquo;\u00e0 six adultes et offre une hydroth\u00e9rapie de haute performance \u00e0 un prix accessible, gr\u00e2ce \u00e0 ses jets ClassicPro\u2122 polyvalents.<\/p>\n<p class=\"\" data-start=\"409\" data-end=\"604\">Il offre une hydroth\u00e9rapie haute performance avec des jets ClassicPro\u2122 polyvalents, dont quatre jets rotatifs. Le spa est \u00e9galement dot\u00e9 d&rsquo;une cascade apaisante et d&rsquo;un \u00e9clairage LED pour d\u00e9tendre le corps et l&rsquo;esprit. <\/p>\n<p class=\"\" data-start=\"606\" data-end=\"627\"><strong data-start=\"606\" data-end=\"625\">Sp\u00e9cifications :<\/strong><\/p>\n<ul data-start=\"628\" data-end=\"984\">\n<li class=\"\" data-start=\"628\" data-end=\"663\">\n<p class=\"\" data-start=\"630\" data-end=\"663\"><strong data-start=\"630\" data-end=\"641\">Volume :<\/strong> 360 gal \/ 1362,74 L<\/p>\n<\/li>\n<li class=\"\" data-start=\"664\" data-end=\"686\">\n<p class=\"\" data-start=\"666\" data-end=\"686\"><strong data-start=\"666\" data-end=\"681\">Total Jets :<\/strong> 35<\/p>\n<\/li>\n<li class=\"\" data-start=\"687\" data-end=\"730\">\n<p class=\"\" data-start=\"689\" data-end=\"730\"><strong data-start=\"689\" data-end=\"700\">Pompe 1 :<\/strong> 2 vitesses, 2,0 HP en continu<\/p>\n<\/li>\n<li class=\"\" data-start=\"731\" data-end=\"773\">\n<p class=\"\" data-start=\"733\" data-end=\"773\"><strong data-start=\"733\" data-end=\"744\">Pompe 2 :<\/strong> 1 vitesse, 2,0 HP en continu<\/p>\n<\/li>\n<li class=\"\" data-start=\"774\" data-end=\"802\">\n<p class=\"\" data-start=\"776\" data-end=\"802\"><strong data-start=\"776\" data-end=\"797\">Pompe de circulation :<\/strong> Non<\/p>\n<\/li>\n<li class=\"\" data-start=\"803\" data-end=\"829\">\n<p class=\"\" data-start=\"805\" data-end=\"829\"><strong data-start=\"805\" data-end=\"825\">Vannes de d\u00e9rivation :<\/strong> 0<\/p>\n<\/li>\n<li class=\"\" data-start=\"830\" data-end=\"856\">\n<p class=\"\" data-start=\"832\" data-end=\"856\"><strong data-start=\"832\" data-end=\"848\">Hauteur (cm) :<\/strong> 91.44<\/p>\n<\/li>\n<li class=\"\" data-start=\"857\" data-end=\"884\">\n<p class=\"\" data-start=\"859\" data-end=\"884\"><strong data-start=\"859\" data-end=\"875\">Longueur (cm) :<\/strong> 213.36<\/p>\n<\/li>\n<li class=\"\" data-start=\"885\" data-end=\"911\">\n<p class=\"\" data-start=\"887\" data-end=\"911\"><strong data-start=\"887\" data-end=\"902\">Largeur (cm) :<\/strong> 213.36<\/p>\n<\/li>\n<li class=\"\" data-start=\"912\" data-end=\"953\">\n<p class=\"\" data-start=\"914\" data-end=\"953\"><strong data-start=\"914\" data-end=\"944\">Poids du spa \u00e0 pleine charge (kg) :<\/strong> 2066.0<\/p>\n<\/li>\n<li class=\"\" data-start=\"954\" data-end=\"984\">\n<p class=\"\" data-start=\"956\" data-end=\"984\"><strong data-start=\"956\" data-end=\"976\">Volume (litres) :<\/strong> 1362.74<\/p>\n<\/li>\n<\/ul>\n","protected":false},"featured_media":53465,"comment_status":"open","ping_status":"closed","template":"","meta":[],"product_brand":[4998],"product_cat":[6832,4716],"product_tag":[],"class_list":{"0":"post-53525","1":"product","2":"type-product","3":"status-publish","4":"has-post-thumbnail","6":"product_brand-la-villa","7":"product_cat-outdoor-fr","8":"product_cat-jacuzzi-fr","10":"first","11":"instock","12":"taxable","13":"shipping-taxable","14":"product-type-simple"},"yoast_head":"<!-- This site is optimized with the Yoast SEO plugin v27.1.1 - https:\/\/yoast.com\/product\/yoast-seo-wordpress\/ -->\n<title>Jacuzzi SPA J-235 - La Villa Garden&amp;Design<\/title>\n<meta name=\"robots\" content=\"index, follow, max-snippet:-1, max-image-preview:large, max-video-preview:-1\" \/>\n<link rel=\"canonical\" href=\"https:\/\/www.lavillagardendesign.com\/fr\/produit\/jacuzzi-spa-j-235\/\" \/>\n<meta property=\"og:locale\" content=\"fr_FR\" \/>\n<meta property=\"og:type\" content=\"article\" \/>\n<meta property=\"og:title\" content=\"Jacuzzi SPA J-235 - La Villa Garden&amp;Design\" \/>\n<meta property=\"og:description\" content=\"Le spa J-235\u2122, fabriqu\u00e9 avec des mat\u00e9riaux de qualit\u00e9 sup\u00e9rieure et soutenu par l&#039;expertise Jacuzzi\u00ae, est dot\u00e9 d&#039;un si\u00e8ge de d\u00e9tente et de la qualit\u00e9 et de la valeur de confiance de la marque Jacuzzi\u00ae.Ce mod\u00e8le abordable et efficace peut accueillir jusqu&#039;\u00e0 six adultes et offre une hydroth\u00e9rapie de haute performance \u00e0 un prix accessible, gr\u00e2ce \u00e0 ses jets ClassicPro\u2122 polyvalents. Il offre une hydroth\u00e9rapie haute performance avec des jets ClassicPro\u2122 polyvalents, dont quatre jets rotatifs. Le spa est \u00e9galement dot\u00e9 d&#039;une cascade apaisante et d&#039;un \u00e9clairage LED pour d\u00e9tendre le corps et l&#039;esprit. Sp\u00e9cifications :   Volume : 360 gal \/ 1362,74 L   Total Jets : 35   Pompe 1 : 2 vitesses, 2,0 HP en continu   Pompe 2 : 1 vitesse, 2,0 HP en continu   Pompe de circulation : Non   Vannes de d\u00e9rivation : 0   Hauteur (cm) : 91.44   Longueur (cm) : 213.36   Largeur (cm) : 213.36   Poids du spa \u00e0 pleine charge (kg) : 2066.0   Volume (litres) : 1362.74\" \/>\n<meta property=\"og:url\" content=\"https:\/\/www.lavillagardendesign.com\/fr\/produit\/jacuzzi-spa-j-235\/\" \/>\n<meta property=\"og:site_name\" content=\"La Villa Garden&amp;Design\" \/>\n<meta property=\"article:publisher\" content=\"https:\/\/www.facebook.com\/lavillagardendesign\/\" \/>\n<meta property=\"og:image\" content=\"https:\/\/www.lavillagardendesign.com\/wp-content\/uploads\/2025\/04\/2-3.jpg\" \/>\n\t<meta property=\"og:image:width\" content=\"800\" \/>\n\t<meta property=\"og:image:height\" content=\"800\" \/>\n\t<meta property=\"og:image:type\" content=\"image\/jpeg\" \/>\n<meta name=\"twitter:card\" content=\"summary_large_image\" \/>\n<script type=\"application\/ld+json\" class=\"yoast-schema-graph\">{\"@context\":\"https:\/\/schema.org\",\"@graph\":[{\"@type\":\"WebPage\",\"@id\":\"https:\/\/www.lavillagardendesign.com\/fr\/produit\/jacuzzi-spa-j-235\/\",\"url\":\"https:\/\/www.lavillagardendesign.com\/fr\/produit\/jacuzzi-spa-j-235\/\",\"name\":\"Jacuzzi SPA J-235 - La Villa Garden&amp;Design\",\"isPartOf\":{\"@id\":\"https:\/\/www.lavillagardendesign.com\/#website\"},\"primaryImageOfPage\":{\"@id\":\"https:\/\/www.lavillagardendesign.com\/fr\/produit\/jacuzzi-spa-j-235\/#primaryimage\"},\"image\":{\"@id\":\"https:\/\/www.lavillagardendesign.com\/fr\/produit\/jacuzzi-spa-j-235\/#primaryimage\"},\"thumbnailUrl\":\"https:\/\/www.lavillagardendesign.com\/wp-content\/uploads\/2025\/04\/2-3.jpg\",\"datePublished\":\"2025-04-27T10:42:49+00:00\",\"breadcrumb\":{\"@id\":\"https:\/\/www.lavillagardendesign.com\/fr\/produit\/jacuzzi-spa-j-235\/#breadcrumb\"},\"inLanguage\":\"fr-FR\",\"potentialAction\":[{\"@type\":\"ReadAction\",\"target\":[\"https:\/\/www.lavillagardendesign.com\/fr\/produit\/jacuzzi-spa-j-235\/\"]}]},{\"@type\":\"ImageObject\",\"inLanguage\":\"fr-FR\",\"@id\":\"https:\/\/www.lavillagardendesign.com\/fr\/produit\/jacuzzi-spa-j-235\/#primaryimage\",\"url\":\"https:\/\/www.lavillagardendesign.com\/wp-content\/uploads\/2025\/04\/2-3.jpg\",\"contentUrl\":\"https:\/\/www.lavillagardendesign.com\/wp-content\/uploads\/2025\/04\/2-3.jpg\",\"width\":800,\"height\":800},{\"@type\":\"BreadcrumbList\",\"@id\":\"https:\/\/www.lavillagardendesign.com\/fr\/produit\/jacuzzi-spa-j-235\/#breadcrumb\",\"itemListElement\":[{\"@type\":\"ListItem\",\"position\":1,\"name\":\"Home\",\"item\":\"https:\/\/www.lavillagardendesign.com\/\"},{\"@type\":\"ListItem\",\"position\":2,\"name\":\"Boutique\",\"item\":\"https:\/\/www.lavillagardendesign.com\/fr\/boutique\/\"},{\"@type\":\"ListItem\",\"position\":3,\"name\":\"Jacuzzi SPA J-235\"}]},{\"@type\":\"WebSite\",\"@id\":\"https:\/\/www.lavillagardendesign.com\/#website\",\"url\":\"https:\/\/www.lavillagardendesign.com\/\",\"name\":\"La Villa Garden&Design\",\"description\":\"\",\"publisher\":{\"@id\":\"https:\/\/www.lavillagardendesign.com\/#organization\"},\"potentialAction\":[{\"@type\":\"SearchAction\",\"target\":{\"@type\":\"EntryPoint\",\"urlTemplate\":\"https:\/\/www.lavillagardendesign.com\/?s={search_term_string}\"},\"query-input\":{\"@type\":\"PropertyValueSpecification\",\"valueRequired\":true,\"valueName\":\"search_term_string\"}}],\"inLanguage\":\"fr-FR\"},{\"@type\":\"Organization\",\"@id\":\"https:\/\/www.lavillagardendesign.com\/#organization\",\"name\":\"La Villa Garden&Design\",\"url\":\"https:\/\/www.lavillagardendesign.com\/\",\"logo\":{\"@type\":\"ImageObject\",\"inLanguage\":\"fr-FR\",\"@id\":\"https:\/\/www.lavillagardendesign.com\/#\/schema\/logo\/image\/\",\"url\":\"https:\/\/www.lavillagardendesign.com\/wp-content\/uploads\/2024\/04\/logolavilla.png\",\"contentUrl\":\"https:\/\/www.lavillagardendesign.com\/wp-content\/uploads\/2024\/04\/logolavilla.png\",\"width\":682,\"height\":391,\"caption\":\"La Villa Garden&Design\"},\"image\":{\"@id\":\"https:\/\/www.lavillagardendesign.com\/#\/schema\/logo\/image\/\"},\"sameAs\":[\"https:\/\/www.facebook.com\/lavillagardendesign\/\"]}]}<\/script>\n<!-- \/ Yoast SEO plugin. -->","yoast_head_json":{"title":"Jacuzzi SPA J-235 - La Villa Garden&amp;Design","robots":{"index":"index","follow":"follow","max-snippet":"max-snippet:-1","max-image-preview":"max-image-preview:large","max-video-preview":"max-video-preview:-1"},"canonical":"https:\/\/www.lavillagardendesign.com\/fr\/produit\/jacuzzi-spa-j-235\/","og_locale":"fr_FR","og_type":"article","og_title":"Jacuzzi SPA J-235 - La Villa Garden&amp;Design","og_description":"Le spa J-235\u2122, fabriqu\u00e9 avec des mat\u00e9riaux de qualit\u00e9 sup\u00e9rieure et soutenu par l'expertise Jacuzzi\u00ae, est dot\u00e9 d'un si\u00e8ge de d\u00e9tente et de la qualit\u00e9 et de la valeur de confiance de la marque Jacuzzi\u00ae.Ce mod\u00e8le abordable et efficace peut accueillir jusqu'\u00e0 six adultes et offre une hydroth\u00e9rapie de haute performance \u00e0 un prix accessible, gr\u00e2ce \u00e0 ses jets ClassicPro\u2122 polyvalents. Il offre une hydroth\u00e9rapie haute performance avec des jets ClassicPro\u2122 polyvalents, dont quatre jets rotatifs. Le spa est \u00e9galement dot\u00e9 d'une cascade apaisante et d'un \u00e9clairage LED pour d\u00e9tendre le corps et l'esprit. Sp\u00e9cifications :   Volume : 360 gal \/ 1362,74 L   Total Jets : 35   Pompe 1 : 2 vitesses, 2,0 HP en continu   Pompe 2 : 1 vitesse, 2,0 HP en continu   Pompe de circulation : Non   Vannes de d\u00e9rivation : 0   Hauteur (cm) : 91.44   Longueur (cm) : 213.36   Largeur (cm) : 213.36   Poids du spa \u00e0 pleine charge (kg) : 2066.0   Volume (litres) : 1362.74","og_url":"https:\/\/www.lavillagardendesign.com\/fr\/produit\/jacuzzi-spa-j-235\/","og_site_name":"La Villa Garden&amp;Design","article_publisher":"https:\/\/www.facebook.com\/lavillagardendesign\/","og_image":[{"width":800,"height":800,"url":"https:\/\/www.lavillagardendesign.com\/wp-content\/uploads\/2025\/04\/2-3.jpg","type":"image\/jpeg"}],"twitter_card":"summary_large_image","schema":{"@context":"https:\/\/schema.org","@graph":[{"@type":"WebPage","@id":"https:\/\/www.lavillagardendesign.com\/fr\/produit\/jacuzzi-spa-j-235\/","url":"https:\/\/www.lavillagardendesign.com\/fr\/produit\/jacuzzi-spa-j-235\/","name":"Jacuzzi SPA J-235 - La Villa Garden&amp;Design","isPartOf":{"@id":"https:\/\/www.lavillagardendesign.com\/#website"},"primaryImageOfPage":{"@id":"https:\/\/www.lavillagardendesign.com\/fr\/produit\/jacuzzi-spa-j-235\/#primaryimage"},"image":{"@id":"https:\/\/www.lavillagardendesign.com\/fr\/produit\/jacuzzi-spa-j-235\/#primaryimage"},"thumbnailUrl":"https:\/\/www.lavillagardendesign.com\/wp-content\/uploads\/2025\/04\/2-3.jpg","datePublished":"2025-04-27T10:42:49+00:00","breadcrumb":{"@id":"https:\/\/www.lavillagardendesign.com\/fr\/produit\/jacuzzi-spa-j-235\/#breadcrumb"},"inLanguage":"fr-FR","potentialAction":[{"@type":"ReadAction","target":["https:\/\/www.lavillagardendesign.com\/fr\/produit\/jacuzzi-spa-j-235\/"]}]},{"@type":"ImageObject","inLanguage":"fr-FR","@id":"https:\/\/www.lavillagardendesign.com\/fr\/produit\/jacuzzi-spa-j-235\/#primaryimage","url":"https:\/\/www.lavillagardendesign.com\/wp-content\/uploads\/2025\/04\/2-3.jpg","contentUrl":"https:\/\/www.lavillagardendesign.com\/wp-content\/uploads\/2025\/04\/2-3.jpg","width":800,"height":800},{"@type":"BreadcrumbList","@id":"https:\/\/www.lavillagardendesign.com\/fr\/produit\/jacuzzi-spa-j-235\/#breadcrumb","itemListElement":[{"@type":"ListItem","position":1,"name":"Home","item":"https:\/\/www.lavillagardendesign.com\/"},{"@type":"ListItem","position":2,"name":"Boutique","item":"https:\/\/www.lavillagardendesign.com\/fr\/boutique\/"},{"@type":"ListItem","position":3,"name":"Jacuzzi SPA J-235"}]},{"@type":"WebSite","@id":"https:\/\/www.lavillagardendesign.com\/#website","url":"https:\/\/www.lavillagardendesign.com\/","name":"La Villa Garden&Design","description":"","publisher":{"@id":"https:\/\/www.lavillagardendesign.com\/#organization"},"potentialAction":[{"@type":"SearchAction","target":{"@type":"EntryPoint","urlTemplate":"https:\/\/www.lavillagardendesign.com\/?s={search_term_string}"},"query-input":{"@type":"PropertyValueSpecification","valueRequired":true,"valueName":"search_term_string"}}],"inLanguage":"fr-FR"},{"@type":"Organization","@id":"https:\/\/www.lavillagardendesign.com\/#organization","name":"La Villa Garden&Design","url":"https:\/\/www.lavillagardendesign.com\/","logo":{"@type":"ImageObject","inLanguage":"fr-FR","@id":"https:\/\/www.lavillagardendesign.com\/#\/schema\/logo\/image\/","url":"https:\/\/www.lavillagardendesign.com\/wp-content\/uploads\/2024\/04\/logolavilla.png","contentUrl":"https:\/\/www.lavillagardendesign.com\/wp-content\/uploads\/2024\/04\/logolavilla.png","width":682,"height":391,"caption":"La Villa Garden&Design"},"image":{"@id":"https:\/\/www.lavillagardendesign.com\/#\/schema\/logo\/image\/"},"sameAs":["https:\/\/www.facebook.com\/lavillagardendesign\/"]}]}},"_links":{"self":[{"href":"https:\/\/www.lavillagardendesign.com\/fr\/wp-json\/wp\/v2\/product\/53525","targetHints":{"allow":["GET"]}}],"collection":[{"href":"https:\/\/www.lavillagardendesign.com\/fr\/wp-json\/wp\/v2\/product"}],"about":[{"href":"https:\/\/www.lavillagardendesign.com\/fr\/wp-json\/wp\/v2\/types\/product"}],"replies":[{"embeddable":true,"href":"https:\/\/www.lavillagardendesign.com\/fr\/wp-json\/wp\/v2\/comments?post=53525"}],"version-history":[{"count":1,"href":"https:\/\/www.lavillagardendesign.com\/fr\/wp-json\/wp\/v2\/product\/53525\/revisions"}],"predecessor-version":[{"id":53580,"href":"https:\/\/www.lavillagardendesign.com\/fr\/wp-json\/wp\/v2\/product\/53525\/revisions\/53580"}],"wp:featuredmedia":[{"embeddable":true,"href":"https:\/\/www.lavillagardendesign.com\/fr\/wp-json\/wp\/v2\/media\/53465"}],"wp:attachment":[{"href":"https:\/\/www.lavillagardendesign.com\/fr\/wp-json\/wp\/v2\/media?parent=53525"}],"wp:term":[{"taxonomy":"product_brand","embeddable":true,"href":"https:\/\/www.lavillagardendesign.com\/fr\/wp-json\/wp\/v2\/product_brand?post=53525"},{"taxonomy":"product_cat","embeddable":true,"href":"https:\/\/www.lavillagardendesign.com\/fr\/wp-json\/wp\/v2\/product_cat?post=53525"},{"taxonomy":"product_tag","embeddable":true,"href":"https:\/\/www.lavillagardendesign.com\/fr\/wp-json\/wp\/v2\/product_tag?post=53525"}],"curies":[{"name":"wp","href":"https:\/\/api.w.org\/{rel}","templated":true}]}}