{"id":53303,"date":"2025-04-21T12:57:15","date_gmt":"2025-04-21T11:57:15","guid":{"rendered":"https:\/\/www.lavillagardendesign.com\/product\/j-lx\/"},"modified":"2025-04-24T20:26:03","modified_gmt":"2025-04-24T18:26:03","slug":"j-lx","status":"publish","type":"product","link":"https:\/\/www.lavillagardendesign.com\/fr\/product\/j-lx\/","title":{"rendered":"Jacuzzi SPA &#8211; J-LX"},"content":{"rendered":"","protected":false},"excerpt":{"rendered":"<p>Avec notre th\u00e9rapie infrarouge et lumi\u00e8re rouge en instance de brevet, nous portons l&rsquo;hydroth\u00e9rapie \u00e0 un niveau sup\u00e9rieur et sommes une fois de plus \u00e0 la pointe de l&rsquo;industrie en cr\u00e9ant l&rsquo;exp\u00e9rience de bien-\u00eatre ultime. Ce design moderne et complet offre des caract\u00e9ristiques impressionnantes, depuis l&rsquo;ext\u00e9rieur \u00e9l\u00e9gant et la cascade \u00e0 bord infini jusqu&rsquo;\u00e0 l&rsquo;isolation multicouche pour une efficacit\u00e9 \u00e9nerg\u00e9tique sup\u00e9rieure. Jacuzzi est la premi\u00e8re et la seule marque \u00e0 offrir la th\u00e9rapie par infrarouge et lumi\u00e8re rouge dans une gamme compl\u00e8te de produits de bien-\u00eatre, des saunas aux spas de nage et aux baignoires \u00e0 remous. Le si\u00e8ge FX-IR, pr\u00e9sent\u00e9 pour la premi\u00e8re fois dans la collection J-LX\u00ae, combine l&rsquo;hydromassage et la th\u00e9rapie par infrarouge et lumi\u00e8re rouge en instance de brevet pour offrir un effet rajeunissant in\u00e9gal\u00e9. -Le si\u00e8ge th\u00e9rapeutique FX-IR associe un puissant hydromassage \u00e0 une th\u00e9rapie par infrarouge et lumi\u00e8re rouge au niveau de la zone lombaire -Les jets strat\u00e9giquement plac\u00e9s ciblent des groupes de muscles sp\u00e9cifiques, vous permettant de personnaliser le flux et la sensation de chaque jet -La disposition ouverte des si\u00e8ges avec des surfaces lisses facilite la libert\u00e9 de mouvement et vous permet de profiter des sept options d&rsquo;assise ergonomiques.    <\/p>\n<p>Volume : 330 gal \/ 1249 l<br \/>\nPoids net : 855 lb \/ 388 kg<br \/>\nTotal des jets : 41<br \/>\nPompe 1 : 1 vitesse, frein 5,1 HP, 2,5 HP en continu, ch\u00e2ssis 56<br \/>\nPompe 2 : 1 vitesse, frein 5,1 HP, 2,5 HP en continu, ch\u00e2ssis 56<br \/>\nPompe de circulation : Oui<br \/>\nVolume (litres) : 1249.0<br \/>\nCAPACIT\u00c9 MOYENNE (LITRES) : 330.0<\/p>\n","protected":false},"featured_media":53298,"comment_status":"open","ping_status":"closed","template":"","meta":[],"product_brand":[4998],"product_cat":[6832,4716],"product_tag":[],"class_list":{"0":"post-53303","1":"product","2":"type-product","3":"status-publish","4":"has-post-thumbnail","6":"product_brand-la-villa","7":"product_cat-outdoor-fr","8":"product_cat-jacuzzi-fr","10":"first","11":"instock","12":"taxable","13":"shipping-taxable","14":"purchasable","15":"product-type-variable"},"yoast_head":"<!-- This site is optimized with the Yoast SEO plugin v27.1.1 - https:\/\/yoast.com\/product\/yoast-seo-wordpress\/ -->\n<title>Jacuzzi SPA - J-LX - La Villa Garden&amp;Design<\/title>\n<meta name=\"robots\" content=\"index, follow, max-snippet:-1, max-image-preview:large, max-video-preview:-1\" \/>\n<link rel=\"canonical\" href=\"https:\/\/www.lavillagardendesign.com\/fr\/produit\/j-lx\/\" \/>\n<meta property=\"og:locale\" content=\"fr_FR\" \/>\n<meta property=\"og:type\" content=\"article\" \/>\n<meta property=\"og:title\" content=\"Jacuzzi SPA - J-LX - La Villa Garden&amp;Design\" \/>\n<meta property=\"og:description\" content=\"Avec notre th\u00e9rapie infrarouge et lumi\u00e8re rouge en instance de brevet, nous portons l&#039;hydroth\u00e9rapie \u00e0 un niveau sup\u00e9rieur et sommes une fois de plus \u00e0 la pointe de l&#039;industrie en cr\u00e9ant l&#039;exp\u00e9rience de bien-\u00eatre ultime. Ce design moderne et complet offre des caract\u00e9ristiques impressionnantes, depuis l&#039;ext\u00e9rieur \u00e9l\u00e9gant et la cascade \u00e0 bord infini jusqu&#039;\u00e0 l&#039;isolation multicouche pour une efficacit\u00e9 \u00e9nerg\u00e9tique sup\u00e9rieure. Jacuzzi est la premi\u00e8re et la seule marque \u00e0 offrir la th\u00e9rapie par infrarouge et lumi\u00e8re rouge dans une gamme compl\u00e8te de produits de bien-\u00eatre, des saunas aux spas de nage et aux baignoires \u00e0 remous. Le si\u00e8ge FX-IR, pr\u00e9sent\u00e9 pour la premi\u00e8re fois dans la collection J-LX\u00ae, combine l&#039;hydromassage et la th\u00e9rapie par infrarouge et lumi\u00e8re rouge en instance de brevet pour offrir un effet rajeunissant in\u00e9gal\u00e9. -Le si\u00e8ge th\u00e9rapeutique FX-IR associe un puissant hydromassage \u00e0 une th\u00e9rapie par infrarouge et lumi\u00e8re rouge au niveau de la zone lombaire -Les jets strat\u00e9giquement plac\u00e9s ciblent des groupes de muscles sp\u00e9cifiques, vous permettant de personnaliser le flux et la sensation de chaque jet -La disposition ouverte des si\u00e8ges avec des surfaces lisses facilite la libert\u00e9 de mouvement et vous permet de profiter des sept options d&#039;assise ergonomiques.   Volume : 330 gal \/ 1249 l Poids net : 855 lb \/ 388 kg Total des jets : 41 Pompe 1 : 1 vitesse, frein 5,1 HP, 2,5 HP en continu, ch\u00e2ssis 56 Pompe 2 : 1 vitesse, frein 5,1 HP, 2,5 HP en continu, ch\u00e2ssis 56 Pompe de circulation : Oui Volume (litres) : 1249.0 CAPACIT\u00c9 MOYENNE (LITRES) : 330.0\" \/>\n<meta property=\"og:url\" content=\"https:\/\/www.lavillagardendesign.com\/fr\/produit\/j-lx\/\" \/>\n<meta property=\"og:site_name\" content=\"La Villa Garden&amp;Design\" \/>\n<meta property=\"article:publisher\" content=\"https:\/\/www.facebook.com\/lavillagardendesign\/\" \/>\n<meta property=\"article:modified_time\" content=\"2025-04-24T18:26:03+00:00\" \/>\n<meta property=\"og:image\" content=\"https:\/\/www.lavillagardendesign.com\/wp-content\/uploads\/2025\/04\/J-LX_Lifestyle.jpg\" \/>\n\t<meta property=\"og:image:width\" content=\"1000\" \/>\n\t<meta property=\"og:image:height\" content=\"1000\" \/>\n\t<meta property=\"og:image:type\" content=\"image\/jpeg\" \/>\n<meta name=\"twitter:card\" content=\"summary_large_image\" \/>\n<script type=\"application\/ld+json\" class=\"yoast-schema-graph\">{\"@context\":\"https:\/\/schema.org\",\"@graph\":[{\"@type\":\"WebPage\",\"@id\":\"https:\/\/www.lavillagardendesign.com\/fr\/produit\/j-lx\/\",\"url\":\"https:\/\/www.lavillagardendesign.com\/fr\/produit\/j-lx\/\",\"name\":\"Jacuzzi SPA - J-LX - La Villa Garden&amp;Design\",\"isPartOf\":{\"@id\":\"https:\/\/www.lavillagardendesign.com\/#website\"},\"primaryImageOfPage\":{\"@id\":\"https:\/\/www.lavillagardendesign.com\/fr\/produit\/j-lx\/#primaryimage\"},\"image\":{\"@id\":\"https:\/\/www.lavillagardendesign.com\/fr\/produit\/j-lx\/#primaryimage\"},\"thumbnailUrl\":\"https:\/\/www.lavillagardendesign.com\/wp-content\/uploads\/2025\/04\/J-LX_Lifestyle.jpg\",\"datePublished\":\"2025-04-21T11:57:15+00:00\",\"dateModified\":\"2025-04-24T18:26:03+00:00\",\"breadcrumb\":{\"@id\":\"https:\/\/www.lavillagardendesign.com\/fr\/produit\/j-lx\/#breadcrumb\"},\"inLanguage\":\"fr-FR\",\"potentialAction\":[{\"@type\":\"ReadAction\",\"target\":[\"https:\/\/www.lavillagardendesign.com\/fr\/produit\/j-lx\/\"]}]},{\"@type\":\"ImageObject\",\"inLanguage\":\"fr-FR\",\"@id\":\"https:\/\/www.lavillagardendesign.com\/fr\/produit\/j-lx\/#primaryimage\",\"url\":\"https:\/\/www.lavillagardendesign.com\/wp-content\/uploads\/2025\/04\/J-LX_Lifestyle.jpg\",\"contentUrl\":\"https:\/\/www.lavillagardendesign.com\/wp-content\/uploads\/2025\/04\/J-LX_Lifestyle.jpg\",\"width\":1000,\"height\":1000},{\"@type\":\"BreadcrumbList\",\"@id\":\"https:\/\/www.lavillagardendesign.com\/fr\/produit\/j-lx\/#breadcrumb\",\"itemListElement\":[{\"@type\":\"ListItem\",\"position\":1,\"name\":\"Home\",\"item\":\"https:\/\/www.lavillagardendesign.com\/\"},{\"@type\":\"ListItem\",\"position\":2,\"name\":\"Boutique\",\"item\":\"https:\/\/www.lavillagardendesign.com\/fr\/boutique\/\"},{\"@type\":\"ListItem\",\"position\":3,\"name\":\"Jacuzzi SPA &#8211; J-LX\"}]},{\"@type\":\"WebSite\",\"@id\":\"https:\/\/www.lavillagardendesign.com\/#website\",\"url\":\"https:\/\/www.lavillagardendesign.com\/\",\"name\":\"La Villa Garden&Design\",\"description\":\"\",\"publisher\":{\"@id\":\"https:\/\/www.lavillagardendesign.com\/#organization\"},\"potentialAction\":[{\"@type\":\"SearchAction\",\"target\":{\"@type\":\"EntryPoint\",\"urlTemplate\":\"https:\/\/www.lavillagardendesign.com\/?s={search_term_string}\"},\"query-input\":{\"@type\":\"PropertyValueSpecification\",\"valueRequired\":true,\"valueName\":\"search_term_string\"}}],\"inLanguage\":\"fr-FR\"},{\"@type\":\"Organization\",\"@id\":\"https:\/\/www.lavillagardendesign.com\/#organization\",\"name\":\"La Villa Garden&Design\",\"url\":\"https:\/\/www.lavillagardendesign.com\/\",\"logo\":{\"@type\":\"ImageObject\",\"inLanguage\":\"fr-FR\",\"@id\":\"https:\/\/www.lavillagardendesign.com\/#\/schema\/logo\/image\/\",\"url\":\"https:\/\/www.lavillagardendesign.com\/wp-content\/uploads\/2024\/04\/logolavilla.png\",\"contentUrl\":\"https:\/\/www.lavillagardendesign.com\/wp-content\/uploads\/2024\/04\/logolavilla.png\",\"width\":682,\"height\":391,\"caption\":\"La Villa Garden&Design\"},\"image\":{\"@id\":\"https:\/\/www.lavillagardendesign.com\/#\/schema\/logo\/image\/\"},\"sameAs\":[\"https:\/\/www.facebook.com\/lavillagardendesign\/\"]}]}<\/script>\n<!-- \/ Yoast SEO plugin. -->","yoast_head_json":{"title":"Jacuzzi SPA - J-LX - La Villa Garden&amp;Design","robots":{"index":"index","follow":"follow","max-snippet":"max-snippet:-1","max-image-preview":"max-image-preview:large","max-video-preview":"max-video-preview:-1"},"canonical":"https:\/\/www.lavillagardendesign.com\/fr\/produit\/j-lx\/","og_locale":"fr_FR","og_type":"article","og_title":"Jacuzzi SPA - J-LX - La Villa Garden&amp;Design","og_description":"Avec notre th\u00e9rapie infrarouge et lumi\u00e8re rouge en instance de brevet, nous portons l'hydroth\u00e9rapie \u00e0 un niveau sup\u00e9rieur et sommes une fois de plus \u00e0 la pointe de l'industrie en cr\u00e9ant l'exp\u00e9rience de bien-\u00eatre ultime. Ce design moderne et complet offre des caract\u00e9ristiques impressionnantes, depuis l'ext\u00e9rieur \u00e9l\u00e9gant et la cascade \u00e0 bord infini jusqu'\u00e0 l'isolation multicouche pour une efficacit\u00e9 \u00e9nerg\u00e9tique sup\u00e9rieure. Jacuzzi est la premi\u00e8re et la seule marque \u00e0 offrir la th\u00e9rapie par infrarouge et lumi\u00e8re rouge dans une gamme compl\u00e8te de produits de bien-\u00eatre, des saunas aux spas de nage et aux baignoires \u00e0 remous. Le si\u00e8ge FX-IR, pr\u00e9sent\u00e9 pour la premi\u00e8re fois dans la collection J-LX\u00ae, combine l'hydromassage et la th\u00e9rapie par infrarouge et lumi\u00e8re rouge en instance de brevet pour offrir un effet rajeunissant in\u00e9gal\u00e9. -Le si\u00e8ge th\u00e9rapeutique FX-IR associe un puissant hydromassage \u00e0 une th\u00e9rapie par infrarouge et lumi\u00e8re rouge au niveau de la zone lombaire -Les jets strat\u00e9giquement plac\u00e9s ciblent des groupes de muscles sp\u00e9cifiques, vous permettant de personnaliser le flux et la sensation de chaque jet -La disposition ouverte des si\u00e8ges avec des surfaces lisses facilite la libert\u00e9 de mouvement et vous permet de profiter des sept options d'assise ergonomiques.   Volume : 330 gal \/ 1249 l Poids net : 855 lb \/ 388 kg Total des jets : 41 Pompe 1 : 1 vitesse, frein 5,1 HP, 2,5 HP en continu, ch\u00e2ssis 56 Pompe 2 : 1 vitesse, frein 5,1 HP, 2,5 HP en continu, ch\u00e2ssis 56 Pompe de circulation : Oui Volume (litres) : 1249.0 CAPACIT\u00c9 MOYENNE (LITRES) : 330.0","og_url":"https:\/\/www.lavillagardendesign.com\/fr\/produit\/j-lx\/","og_site_name":"La Villa Garden&amp;Design","article_publisher":"https:\/\/www.facebook.com\/lavillagardendesign\/","article_modified_time":"2025-04-24T18:26:03+00:00","og_image":[{"width":1000,"height":1000,"url":"https:\/\/www.lavillagardendesign.com\/wp-content\/uploads\/2025\/04\/J-LX_Lifestyle.jpg","type":"image\/jpeg"}],"twitter_card":"summary_large_image","schema":{"@context":"https:\/\/schema.org","@graph":[{"@type":"WebPage","@id":"https:\/\/www.lavillagardendesign.com\/fr\/produit\/j-lx\/","url":"https:\/\/www.lavillagardendesign.com\/fr\/produit\/j-lx\/","name":"Jacuzzi SPA - J-LX - La Villa Garden&amp;Design","isPartOf":{"@id":"https:\/\/www.lavillagardendesign.com\/#website"},"primaryImageOfPage":{"@id":"https:\/\/www.lavillagardendesign.com\/fr\/produit\/j-lx\/#primaryimage"},"image":{"@id":"https:\/\/www.lavillagardendesign.com\/fr\/produit\/j-lx\/#primaryimage"},"thumbnailUrl":"https:\/\/www.lavillagardendesign.com\/wp-content\/uploads\/2025\/04\/J-LX_Lifestyle.jpg","datePublished":"2025-04-21T11:57:15+00:00","dateModified":"2025-04-24T18:26:03+00:00","breadcrumb":{"@id":"https:\/\/www.lavillagardendesign.com\/fr\/produit\/j-lx\/#breadcrumb"},"inLanguage":"fr-FR","potentialAction":[{"@type":"ReadAction","target":["https:\/\/www.lavillagardendesign.com\/fr\/produit\/j-lx\/"]}]},{"@type":"ImageObject","inLanguage":"fr-FR","@id":"https:\/\/www.lavillagardendesign.com\/fr\/produit\/j-lx\/#primaryimage","url":"https:\/\/www.lavillagardendesign.com\/wp-content\/uploads\/2025\/04\/J-LX_Lifestyle.jpg","contentUrl":"https:\/\/www.lavillagardendesign.com\/wp-content\/uploads\/2025\/04\/J-LX_Lifestyle.jpg","width":1000,"height":1000},{"@type":"BreadcrumbList","@id":"https:\/\/www.lavillagardendesign.com\/fr\/produit\/j-lx\/#breadcrumb","itemListElement":[{"@type":"ListItem","position":1,"name":"Home","item":"https:\/\/www.lavillagardendesign.com\/"},{"@type":"ListItem","position":2,"name":"Boutique","item":"https:\/\/www.lavillagardendesign.com\/fr\/boutique\/"},{"@type":"ListItem","position":3,"name":"Jacuzzi SPA &#8211; J-LX"}]},{"@type":"WebSite","@id":"https:\/\/www.lavillagardendesign.com\/#website","url":"https:\/\/www.lavillagardendesign.com\/","name":"La Villa Garden&Design","description":"","publisher":{"@id":"https:\/\/www.lavillagardendesign.com\/#organization"},"potentialAction":[{"@type":"SearchAction","target":{"@type":"EntryPoint","urlTemplate":"https:\/\/www.lavillagardendesign.com\/?s={search_term_string}"},"query-input":{"@type":"PropertyValueSpecification","valueRequired":true,"valueName":"search_term_string"}}],"inLanguage":"fr-FR"},{"@type":"Organization","@id":"https:\/\/www.lavillagardendesign.com\/#organization","name":"La Villa Garden&Design","url":"https:\/\/www.lavillagardendesign.com\/","logo":{"@type":"ImageObject","inLanguage":"fr-FR","@id":"https:\/\/www.lavillagardendesign.com\/#\/schema\/logo\/image\/","url":"https:\/\/www.lavillagardendesign.com\/wp-content\/uploads\/2024\/04\/logolavilla.png","contentUrl":"https:\/\/www.lavillagardendesign.com\/wp-content\/uploads\/2024\/04\/logolavilla.png","width":682,"height":391,"caption":"La Villa Garden&Design"},"image":{"@id":"https:\/\/www.lavillagardendesign.com\/#\/schema\/logo\/image\/"},"sameAs":["https:\/\/www.facebook.com\/lavillagardendesign\/"]}]}},"_links":{"self":[{"href":"https:\/\/www.lavillagardendesign.com\/fr\/wp-json\/wp\/v2\/product\/53303","targetHints":{"allow":["GET"]}}],"collection":[{"href":"https:\/\/www.lavillagardendesign.com\/fr\/wp-json\/wp\/v2\/product"}],"about":[{"href":"https:\/\/www.lavillagardendesign.com\/fr\/wp-json\/wp\/v2\/types\/product"}],"replies":[{"embeddable":true,"href":"https:\/\/www.lavillagardendesign.com\/fr\/wp-json\/wp\/v2\/comments?post=53303"}],"version-history":[{"count":1,"href":"https:\/\/www.lavillagardendesign.com\/fr\/wp-json\/wp\/v2\/product\/53303\/revisions"}],"predecessor-version":[{"id":53332,"href":"https:\/\/www.lavillagardendesign.com\/fr\/wp-json\/wp\/v2\/product\/53303\/revisions\/53332"}],"wp:featuredmedia":[{"embeddable":true,"href":"https:\/\/www.lavillagardendesign.com\/fr\/wp-json\/wp\/v2\/media\/53298"}],"wp:attachment":[{"href":"https:\/\/www.lavillagardendesign.com\/fr\/wp-json\/wp\/v2\/media?parent=53303"}],"wp:term":[{"taxonomy":"product_brand","embeddable":true,"href":"https:\/\/www.lavillagardendesign.com\/fr\/wp-json\/wp\/v2\/product_brand?post=53303"},{"taxonomy":"product_cat","embeddable":true,"href":"https:\/\/www.lavillagardendesign.com\/fr\/wp-json\/wp\/v2\/product_cat?post=53303"},{"taxonomy":"product_tag","embeddable":true,"href":"https:\/\/www.lavillagardendesign.com\/fr\/wp-json\/wp\/v2\/product_tag?post=53303"}],"curies":[{"name":"wp","href":"https:\/\/api.w.org\/{rel}","templated":true}]}}