{"id":53265,"date":"2025-04-21T12:37:37","date_gmt":"2025-04-21T11:37:37","guid":{"rendered":"https:\/\/www.lavillagardendesign.com\/product\/lodge-s-spa-hidromasage\/"},"modified":"2026-03-10T10:30:53","modified_gmt":"2026-03-10T09:30:53","slug":"lodge-s-spa-hidromasage","status":"publish","type":"product","link":"https:\/\/www.lavillagardendesign.com\/fr\/product\/lodge-s-spa-hidromasage\/","title":{"rendered":"Lodge+ S Spa Hidromasage"},"content":{"rendered":"","protected":false},"excerpt":{"rendered":"<p>En d&rsquo;autres termes, il est con\u00e7u pour \u00eatre utilis\u00e9 fr\u00e9quemment et en bonne compagnie. Lodge+ S est flexible et peut \u00eatre utilis\u00e9 \u00e0 la fois en panneau et encastr\u00e9, et son design minimaliste s&rsquo;int\u00e8gre parfaitement \u00e0 tout jardin, terrasse ou espace de d\u00e9tente. Lodge+ S est facile \u00e0 installer et \u00e0 utiliser ; toutes les commandes sont simples et faciles \u00e0 utiliser, tout en offrant des fonctions avanc\u00e9es pour l&rsquo;utilisateur. Chaque fonction a \u00e9t\u00e9 con\u00e7ue pour une efficacit\u00e9 constante et une utilisation imm\u00e9diate, tout en offrant une hygi\u00e8ne maximale et en garantissant un entretien aussi simple que possible, pour une exp\u00e9rience qui devient un atout pour votre entreprise.   <\/p>\n<ul>\n<li class=\"\" data-start=\"34\" data-end=\"85\">\n<p class=\"\" data-start=\"36\" data-end=\"85\"><strong data-start=\"36\" data-end=\"46\">Pompe 1<\/strong>: 1 vitesse, 2,5 HP en continu (1,8 kW)<\/p>\n<\/li>\n<li class=\"\" data-start=\"86\" data-end=\"115\">\n<p class=\"\" data-start=\"88\" data-end=\"115\"><strong data-start=\"88\" data-end=\"108\">Pompe de circulation<\/strong>: Oui<\/p>\n<\/li>\n<li class=\"\" data-start=\"116\" data-end=\"161\">\n<p class=\"\" data-start=\"118\" data-end=\"161\"><strong data-start=\"118\" data-end=\"139\">Syst\u00e8me de filtration<\/strong>: filtration en deux \u00e9tapes<\/p>\n<\/li>\n<li class=\"\" data-start=\"162\" data-end=\"180\">\n<p class=\"\" data-start=\"164\" data-end=\"180\"><strong data-start=\"164\" data-end=\"175\">Filtres<\/strong>: 1<\/p>\n<\/li>\n<li class=\"\" data-start=\"181\" data-end=\"227\">\n<p class=\"\" data-start=\"183\" data-end=\"227\"><strong data-start=\"183\" data-end=\"204\">Type d&rsquo;alimentation<\/strong>: 220-240 VAC 50\/60Hz<\/p>\n<\/li>\n<li class=\"\" data-start=\"228\" data-end=\"253\">\n<p class=\"\" data-start=\"230\" data-end=\"253\"><strong data-start=\"230\" data-end=\"245\">Hauteur (cm)<\/strong>: 90.0<\/p>\n<\/li>\n<li class=\"\" data-start=\"254\" data-end=\"280\">\n<p class=\"\" data-start=\"256\" data-end=\"280\"><strong data-start=\"256\" data-end=\"271\">Longueur (cm)<\/strong>: 185.0<\/p>\n<\/li>\n<li class=\"\" data-start=\"281\" data-end=\"306\">\n<p class=\"\" data-start=\"283\" data-end=\"306\"><strong data-start=\"283\" data-end=\"297\">Largeur (cm)<\/strong>: 165.0<\/p>\n<\/li>\n<li class=\"\" data-start=\"307\" data-end=\"351\">\n<p class=\"\" data-start=\"309\" data-end=\"351\"><strong data-start=\"309\" data-end=\"341\">Poids du spa \u00e0 pleine charge (kg)<\/strong>: 1195.0<\/p>\n<\/li>\n<\/ul>\n","protected":false},"featured_media":53255,"comment_status":"open","ping_status":"closed","template":"","meta":[],"product_brand":[4998],"product_cat":[6832,4716],"product_tag":[],"class_list":{"0":"post-53265","1":"product","2":"type-product","3":"status-publish","4":"has-post-thumbnail","6":"product_brand-la-villa","7":"product_cat-outdoor-fr","8":"product_cat-jacuzzi-fr","10":"first","11":"instock","12":"taxable","13":"shipping-taxable","14":"purchasable","15":"product-type-variable"},"yoast_head":"<!-- This site is optimized with the Yoast SEO plugin v27.1.1 - https:\/\/yoast.com\/product\/yoast-seo-wordpress\/ -->\n<title>Lodge+ S Spa Hidromasage - La Villa Garden&amp;Design<\/title>\n<meta name=\"robots\" content=\"index, follow, max-snippet:-1, max-image-preview:large, max-video-preview:-1\" \/>\n<link rel=\"canonical\" href=\"https:\/\/www.lavillagardendesign.com\/fr\/product\/lodge-s-spa-hidromasage\/\" \/>\n<meta property=\"og:locale\" content=\"fr_FR\" \/>\n<meta property=\"og:type\" content=\"article\" \/>\n<meta property=\"og:title\" content=\"Lodge+ S Spa Hidromasage - La Villa Garden&amp;Design\" \/>\n<meta property=\"og:description\" content=\"En d&#039;autres termes, il est con\u00e7u pour \u00eatre utilis\u00e9 fr\u00e9quemment et en bonne compagnie. Lodge+ S est flexible et peut \u00eatre utilis\u00e9 \u00e0 la fois en panneau et encastr\u00e9, et son design minimaliste s&#039;int\u00e8gre parfaitement \u00e0 tout jardin, terrasse ou espace de d\u00e9tente. Lodge+ S est facile \u00e0 installer et \u00e0 utiliser ; toutes les commandes sont simples et faciles \u00e0 utiliser, tout en offrant des fonctions avanc\u00e9es pour l&#039;utilisateur. Chaque fonction a \u00e9t\u00e9 con\u00e7ue pour une efficacit\u00e9 constante et une utilisation imm\u00e9diate, tout en offrant une hygi\u00e8ne maximale et en garantissant un entretien aussi simple que possible, pour une exp\u00e9rience qui devient un atout pour votre entreprise.    Pompe 1: 1 vitesse, 2,5 HP en continu (1,8 kW)   Pompe de circulation: Oui   Syst\u00e8me de filtration: filtration en deux \u00e9tapes   Filtres: 1   Type d&#039;alimentation: 220-240 VAC 50\/60Hz   Hauteur (cm): 90.0   Longueur (cm): 185.0   Largeur (cm): 165.0   Poids du spa \u00e0 pleine charge (kg): 1195.0\" \/>\n<meta property=\"og:url\" content=\"https:\/\/www.lavillagardendesign.com\/fr\/product\/lodge-s-spa-hidromasage\/\" \/>\n<meta property=\"og:site_name\" content=\"La Villa Garden&amp;Design\" \/>\n<meta property=\"article:publisher\" content=\"https:\/\/www.facebook.com\/lavillagardendesign\/\" \/>\n<meta property=\"article:modified_time\" content=\"2026-03-10T09:30:53+00:00\" \/>\n<meta property=\"og:image\" content=\"https:\/\/www.lavillagardendesign.com\/wp-content\/uploads\/2025\/04\/Lodge-S_lifestyle.jpg\" \/>\n\t<meta property=\"og:image:width\" content=\"1000\" \/>\n\t<meta property=\"og:image:height\" content=\"1000\" \/>\n\t<meta property=\"og:image:type\" content=\"image\/jpeg\" \/>\n<meta name=\"twitter:card\" content=\"summary_large_image\" \/>\n<script type=\"application\/ld+json\" class=\"yoast-schema-graph\">{\"@context\":\"https:\/\/schema.org\",\"@graph\":[{\"@type\":\"WebPage\",\"@id\":\"https:\/\/www.lavillagardendesign.com\/fr\/product\/lodge-s-spa-hidromasage\/\",\"url\":\"https:\/\/www.lavillagardendesign.com\/fr\/product\/lodge-s-spa-hidromasage\/\",\"name\":\"Lodge+ S Spa Hidromasage - La Villa Garden&amp;Design\",\"isPartOf\":{\"@id\":\"https:\/\/www.lavillagardendesign.com\/#website\"},\"primaryImageOfPage\":{\"@id\":\"https:\/\/www.lavillagardendesign.com\/fr\/product\/lodge-s-spa-hidromasage\/#primaryimage\"},\"image\":{\"@id\":\"https:\/\/www.lavillagardendesign.com\/fr\/product\/lodge-s-spa-hidromasage\/#primaryimage\"},\"thumbnailUrl\":\"https:\/\/www.lavillagardendesign.com\/wp-content\/uploads\/2025\/04\/Lodge-S_lifestyle.jpg\",\"datePublished\":\"2025-04-21T11:37:37+00:00\",\"dateModified\":\"2026-03-10T09:30:53+00:00\",\"breadcrumb\":{\"@id\":\"https:\/\/www.lavillagardendesign.com\/fr\/product\/lodge-s-spa-hidromasage\/#breadcrumb\"},\"inLanguage\":\"fr-FR\",\"potentialAction\":[{\"@type\":\"ReadAction\",\"target\":[\"https:\/\/www.lavillagardendesign.com\/fr\/product\/lodge-s-spa-hidromasage\/\"]}]},{\"@type\":\"ImageObject\",\"inLanguage\":\"fr-FR\",\"@id\":\"https:\/\/www.lavillagardendesign.com\/fr\/product\/lodge-s-spa-hidromasage\/#primaryimage\",\"url\":\"https:\/\/www.lavillagardendesign.com\/wp-content\/uploads\/2025\/04\/Lodge-S_lifestyle.jpg\",\"contentUrl\":\"https:\/\/www.lavillagardendesign.com\/wp-content\/uploads\/2025\/04\/Lodge-S_lifestyle.jpg\",\"width\":1000,\"height\":1000},{\"@type\":\"BreadcrumbList\",\"@id\":\"https:\/\/www.lavillagardendesign.com\/fr\/product\/lodge-s-spa-hidromasage\/#breadcrumb\",\"itemListElement\":[{\"@type\":\"ListItem\",\"position\":1,\"name\":\"Home\",\"item\":\"https:\/\/www.lavillagardendesign.com\/\"},{\"@type\":\"ListItem\",\"position\":2,\"name\":\"Boutique\",\"item\":\"https:\/\/www.lavillagardendesign.com\/fr\/boutique\/\"},{\"@type\":\"ListItem\",\"position\":3,\"name\":\"Lodge+ S Spa Hidromasage\"}]},{\"@type\":\"WebSite\",\"@id\":\"https:\/\/www.lavillagardendesign.com\/#website\",\"url\":\"https:\/\/www.lavillagardendesign.com\/\",\"name\":\"La Villa Garden&Design\",\"description\":\"\",\"publisher\":{\"@id\":\"https:\/\/www.lavillagardendesign.com\/#organization\"},\"potentialAction\":[{\"@type\":\"SearchAction\",\"target\":{\"@type\":\"EntryPoint\",\"urlTemplate\":\"https:\/\/www.lavillagardendesign.com\/?s={search_term_string}\"},\"query-input\":{\"@type\":\"PropertyValueSpecification\",\"valueRequired\":true,\"valueName\":\"search_term_string\"}}],\"inLanguage\":\"fr-FR\"},{\"@type\":\"Organization\",\"@id\":\"https:\/\/www.lavillagardendesign.com\/#organization\",\"name\":\"La Villa Garden&Design\",\"url\":\"https:\/\/www.lavillagardendesign.com\/\",\"logo\":{\"@type\":\"ImageObject\",\"inLanguage\":\"fr-FR\",\"@id\":\"https:\/\/www.lavillagardendesign.com\/#\/schema\/logo\/image\/\",\"url\":\"https:\/\/www.lavillagardendesign.com\/wp-content\/uploads\/2024\/04\/logolavilla.png\",\"contentUrl\":\"https:\/\/www.lavillagardendesign.com\/wp-content\/uploads\/2024\/04\/logolavilla.png\",\"width\":682,\"height\":391,\"caption\":\"La Villa Garden&Design\"},\"image\":{\"@id\":\"https:\/\/www.lavillagardendesign.com\/#\/schema\/logo\/image\/\"},\"sameAs\":[\"https:\/\/www.facebook.com\/lavillagardendesign\/\"]}]}<\/script>\n<!-- \/ Yoast SEO plugin. -->","yoast_head_json":{"title":"Lodge+ S Spa Hidromasage - La Villa Garden&amp;Design","robots":{"index":"index","follow":"follow","max-snippet":"max-snippet:-1","max-image-preview":"max-image-preview:large","max-video-preview":"max-video-preview:-1"},"canonical":"https:\/\/www.lavillagardendesign.com\/fr\/product\/lodge-s-spa-hidromasage\/","og_locale":"fr_FR","og_type":"article","og_title":"Lodge+ S Spa Hidromasage - La Villa Garden&amp;Design","og_description":"En d'autres termes, il est con\u00e7u pour \u00eatre utilis\u00e9 fr\u00e9quemment et en bonne compagnie. Lodge+ S est flexible et peut \u00eatre utilis\u00e9 \u00e0 la fois en panneau et encastr\u00e9, et son design minimaliste s'int\u00e8gre parfaitement \u00e0 tout jardin, terrasse ou espace de d\u00e9tente. Lodge+ S est facile \u00e0 installer et \u00e0 utiliser ; toutes les commandes sont simples et faciles \u00e0 utiliser, tout en offrant des fonctions avanc\u00e9es pour l'utilisateur. Chaque fonction a \u00e9t\u00e9 con\u00e7ue pour une efficacit\u00e9 constante et une utilisation imm\u00e9diate, tout en offrant une hygi\u00e8ne maximale et en garantissant un entretien aussi simple que possible, pour une exp\u00e9rience qui devient un atout pour votre entreprise.    Pompe 1: 1 vitesse, 2,5 HP en continu (1,8 kW)   Pompe de circulation: Oui   Syst\u00e8me de filtration: filtration en deux \u00e9tapes   Filtres: 1   Type d'alimentation: 220-240 VAC 50\/60Hz   Hauteur (cm): 90.0   Longueur (cm): 185.0   Largeur (cm): 165.0   Poids du spa \u00e0 pleine charge (kg): 1195.0","og_url":"https:\/\/www.lavillagardendesign.com\/fr\/product\/lodge-s-spa-hidromasage\/","og_site_name":"La Villa Garden&amp;Design","article_publisher":"https:\/\/www.facebook.com\/lavillagardendesign\/","article_modified_time":"2026-03-10T09:30:53+00:00","og_image":[{"width":1000,"height":1000,"url":"https:\/\/www.lavillagardendesign.com\/wp-content\/uploads\/2025\/04\/Lodge-S_lifestyle.jpg","type":"image\/jpeg"}],"twitter_card":"summary_large_image","schema":{"@context":"https:\/\/schema.org","@graph":[{"@type":"WebPage","@id":"https:\/\/www.lavillagardendesign.com\/fr\/product\/lodge-s-spa-hidromasage\/","url":"https:\/\/www.lavillagardendesign.com\/fr\/product\/lodge-s-spa-hidromasage\/","name":"Lodge+ S Spa Hidromasage - La Villa Garden&amp;Design","isPartOf":{"@id":"https:\/\/www.lavillagardendesign.com\/#website"},"primaryImageOfPage":{"@id":"https:\/\/www.lavillagardendesign.com\/fr\/product\/lodge-s-spa-hidromasage\/#primaryimage"},"image":{"@id":"https:\/\/www.lavillagardendesign.com\/fr\/product\/lodge-s-spa-hidromasage\/#primaryimage"},"thumbnailUrl":"https:\/\/www.lavillagardendesign.com\/wp-content\/uploads\/2025\/04\/Lodge-S_lifestyle.jpg","datePublished":"2025-04-21T11:37:37+00:00","dateModified":"2026-03-10T09:30:53+00:00","breadcrumb":{"@id":"https:\/\/www.lavillagardendesign.com\/fr\/product\/lodge-s-spa-hidromasage\/#breadcrumb"},"inLanguage":"fr-FR","potentialAction":[{"@type":"ReadAction","target":["https:\/\/www.lavillagardendesign.com\/fr\/product\/lodge-s-spa-hidromasage\/"]}]},{"@type":"ImageObject","inLanguage":"fr-FR","@id":"https:\/\/www.lavillagardendesign.com\/fr\/product\/lodge-s-spa-hidromasage\/#primaryimage","url":"https:\/\/www.lavillagardendesign.com\/wp-content\/uploads\/2025\/04\/Lodge-S_lifestyle.jpg","contentUrl":"https:\/\/www.lavillagardendesign.com\/wp-content\/uploads\/2025\/04\/Lodge-S_lifestyle.jpg","width":1000,"height":1000},{"@type":"BreadcrumbList","@id":"https:\/\/www.lavillagardendesign.com\/fr\/product\/lodge-s-spa-hidromasage\/#breadcrumb","itemListElement":[{"@type":"ListItem","position":1,"name":"Home","item":"https:\/\/www.lavillagardendesign.com\/"},{"@type":"ListItem","position":2,"name":"Boutique","item":"https:\/\/www.lavillagardendesign.com\/fr\/boutique\/"},{"@type":"ListItem","position":3,"name":"Lodge+ S Spa Hidromasage"}]},{"@type":"WebSite","@id":"https:\/\/www.lavillagardendesign.com\/#website","url":"https:\/\/www.lavillagardendesign.com\/","name":"La Villa Garden&Design","description":"","publisher":{"@id":"https:\/\/www.lavillagardendesign.com\/#organization"},"potentialAction":[{"@type":"SearchAction","target":{"@type":"EntryPoint","urlTemplate":"https:\/\/www.lavillagardendesign.com\/?s={search_term_string}"},"query-input":{"@type":"PropertyValueSpecification","valueRequired":true,"valueName":"search_term_string"}}],"inLanguage":"fr-FR"},{"@type":"Organization","@id":"https:\/\/www.lavillagardendesign.com\/#organization","name":"La Villa Garden&Design","url":"https:\/\/www.lavillagardendesign.com\/","logo":{"@type":"ImageObject","inLanguage":"fr-FR","@id":"https:\/\/www.lavillagardendesign.com\/#\/schema\/logo\/image\/","url":"https:\/\/www.lavillagardendesign.com\/wp-content\/uploads\/2024\/04\/logolavilla.png","contentUrl":"https:\/\/www.lavillagardendesign.com\/wp-content\/uploads\/2024\/04\/logolavilla.png","width":682,"height":391,"caption":"La Villa Garden&Design"},"image":{"@id":"https:\/\/www.lavillagardendesign.com\/#\/schema\/logo\/image\/"},"sameAs":["https:\/\/www.facebook.com\/lavillagardendesign\/"]}]}},"_links":{"self":[{"href":"https:\/\/www.lavillagardendesign.com\/fr\/wp-json\/wp\/v2\/product\/53265","targetHints":{"allow":["GET"]}}],"collection":[{"href":"https:\/\/www.lavillagardendesign.com\/fr\/wp-json\/wp\/v2\/product"}],"about":[{"href":"https:\/\/www.lavillagardendesign.com\/fr\/wp-json\/wp\/v2\/types\/product"}],"replies":[{"embeddable":true,"href":"https:\/\/www.lavillagardendesign.com\/fr\/wp-json\/wp\/v2\/comments?post=53265"}],"version-history":[{"count":3,"href":"https:\/\/www.lavillagardendesign.com\/fr\/wp-json\/wp\/v2\/product\/53265\/revisions"}],"predecessor-version":[{"id":67308,"href":"https:\/\/www.lavillagardendesign.com\/fr\/wp-json\/wp\/v2\/product\/53265\/revisions\/67308"}],"wp:featuredmedia":[{"embeddable":true,"href":"https:\/\/www.lavillagardendesign.com\/fr\/wp-json\/wp\/v2\/media\/53255"}],"wp:attachment":[{"href":"https:\/\/www.lavillagardendesign.com\/fr\/wp-json\/wp\/v2\/media?parent=53265"}],"wp:term":[{"taxonomy":"product_brand","embeddable":true,"href":"https:\/\/www.lavillagardendesign.com\/fr\/wp-json\/wp\/v2\/product_brand?post=53265"},{"taxonomy":"product_cat","embeddable":true,"href":"https:\/\/www.lavillagardendesign.com\/fr\/wp-json\/wp\/v2\/product_cat?post=53265"},{"taxonomy":"product_tag","embeddable":true,"href":"https:\/\/www.lavillagardendesign.com\/fr\/wp-json\/wp\/v2\/product_tag?post=53265"}],"curies":[{"name":"wp","href":"https:\/\/api.w.org\/{rel}","templated":true}]}}