{"id":53165,"date":"2025-04-05T18:11:23","date_gmt":"2025-04-05T17:11:23","guid":{"rendered":"https:\/\/www.lavillagardendesign.com\/product\/mito-canape-2-places-en-aluminium\/"},"modified":"2026-02-23T11:40:28","modified_gmt":"2026-02-23T09:40:28","slug":"mito-canape-2-places-en-aluminium","status":"publish","type":"product","link":"https:\/\/www.lavillagardendesign.com\/fr\/product\/mito-canape-2-places-en-aluminium\/","title":{"rendered":"MITO &#8211; Canap\u00e9 2 places en aluminium"},"content":{"rendered":"","protected":false},"excerpt":{"rendered":"<p>Le canap\u00e9 2 places MITO allie \u00e9l\u00e9gance et confort gr\u00e2ce \u00e0 sa structure robuste en aluminium, ses cordes tiss\u00e9es et ses coussins en ol\u00e9fine r\u00e9sistants aux intemp\u00e9ries. Son design arrondi ajoute une touche de modernit\u00e9 \u00e0 votre espace ext\u00e9rieur ou int\u00e9rieur. Disponible en deux couleurs : blanc\/beige et noir\/noir. Dimensions : 167 x 86 x 78 cm : 167 x 86 x 78 cm.   <\/p>\n","protected":false},"featured_media":53150,"comment_status":"open","ping_status":"closed","template":"","meta":[],"product_brand":[5001],"product_cat":[2937,2935,6832,5658],"product_tag":[],"class_list":{"0":"post-53165","1":"product","2":"type-product","3":"status-publish","4":"has-post-thumbnail","6":"product_brand-la-villa-garden","7":"product_cat-canapes","8":"product_cat-canapes-fauteuils","9":"product_cat-outdoor-fr","10":"product_cat-promos-web","12":"first","13":"instock","14":"sale","15":"taxable","16":"shipping-taxable","17":"purchasable","18":"product-type-variable"},"yoast_head":"<!-- This site is optimized with the Yoast SEO plugin v27.4 - https:\/\/yoast.com\/product\/yoast-seo-wordpress\/ -->\n<title>MITO - Canap\u00e9 2 places en aluminium avec coussins en ol\u00e9fine<\/title>\n<meta name=\"description\" content=\"D\u00e9couvrez le canap\u00e9 2 places MITO : structure en aluminium, cordes tress\u00e9es, coussins en ol\u00e9fine. Design arrondi, disponible en blanc\/beige et noir\/noir. Dimensions : 167 x 86 x 78 cm : 167 x 86 x 78 cm.\" \/>\n<meta name=\"robots\" content=\"index, follow, max-snippet:-1, max-image-preview:large, max-video-preview:-1\" \/>\n<link rel=\"canonical\" href=\"https:\/\/www.lavillagardendesign.com\/fr\/product\/mito-canape-2-places-en-aluminium\/\" \/>\n<meta property=\"og:locale\" content=\"fr_FR\" \/>\n<meta property=\"og:type\" content=\"article\" \/>\n<meta property=\"og:title\" content=\"MITO - Canap\u00e9 2 places en aluminium avec coussins en ol\u00e9fine\" \/>\n<meta property=\"og:description\" content=\"D\u00e9couvrez le canap\u00e9 2 places MITO : structure en aluminium, cordes tress\u00e9es, coussins en ol\u00e9fine. Design arrondi, disponible en blanc\/beige et noir\/noir. Dimensions : 167 x 86 x 78 cm : 167 x 86 x 78 cm.\" \/>\n<meta property=\"og:url\" content=\"https:\/\/www.lavillagardendesign.com\/fr\/product\/mito-canape-2-places-en-aluminium\/\" \/>\n<meta property=\"og:site_name\" content=\"La Villa Garden&amp;Design\" \/>\n<meta property=\"article:publisher\" content=\"https:\/\/www.facebook.com\/lavillagardendesign\/\" \/>\n<meta property=\"article:modified_time\" content=\"2026-02-23T09:40:28+00:00\" \/>\n<meta property=\"og:image\" content=\"https:\/\/www.lavillagardendesign.com\/wp-content\/uploads\/2025\/04\/AMB-METHOD-\u548c\u6607_4156-\u62f7\u8d1d.jpg\" \/>\n\t<meta property=\"og:image:width\" content=\"1920\" \/>\n\t<meta property=\"og:image:height\" content=\"1439\" \/>\n\t<meta property=\"og:image:type\" content=\"image\/jpeg\" \/>\n<meta name=\"twitter:card\" content=\"summary_large_image\" \/>\n<script type=\"application\/ld+json\" class=\"yoast-schema-graph\">{\"@context\":\"https:\\\/\\\/schema.org\",\"@graph\":[{\"@type\":\"WebPage\",\"@id\":\"https:\\\/\\\/www.lavillagardendesign.com\\\/fr\\\/product\\\/mito-canape-2-places-en-aluminium\\\/\",\"url\":\"https:\\\/\\\/www.lavillagardendesign.com\\\/fr\\\/product\\\/mito-canape-2-places-en-aluminium\\\/\",\"name\":\"MITO - Canap\u00e9 2 places en aluminium avec coussins en ol\u00e9fine\",\"isPartOf\":{\"@id\":\"https:\\\/\\\/www.lavillagardendesign.com\\\/#website\"},\"primaryImageOfPage\":{\"@id\":\"https:\\\/\\\/www.lavillagardendesign.com\\\/fr\\\/product\\\/mito-canape-2-places-en-aluminium\\\/#primaryimage\"},\"image\":{\"@id\":\"https:\\\/\\\/www.lavillagardendesign.com\\\/fr\\\/product\\\/mito-canape-2-places-en-aluminium\\\/#primaryimage\"},\"thumbnailUrl\":\"https:\\\/\\\/www.lavillagardendesign.com\\\/wp-content\\\/uploads\\\/2025\\\/04\\\/AMB-METHOD-\u548c\u6607_4156-\u62f7\u8d1d.jpg\",\"datePublished\":\"2025-04-05T17:11:23+00:00\",\"dateModified\":\"2026-02-23T09:40:28+00:00\",\"description\":\"D\u00e9couvrez le canap\u00e9 2 places MITO : structure en aluminium, cordes tress\u00e9es, coussins en ol\u00e9fine. Design arrondi, disponible en blanc\\\/beige et noir\\\/noir. Dimensions : 167 x 86 x 78 cm : 167 x 86 x 78 cm.\",\"breadcrumb\":{\"@id\":\"https:\\\/\\\/www.lavillagardendesign.com\\\/fr\\\/product\\\/mito-canape-2-places-en-aluminium\\\/#breadcrumb\"},\"inLanguage\":\"fr-FR\",\"potentialAction\":[{\"@type\":\"ReadAction\",\"target\":[\"https:\\\/\\\/www.lavillagardendesign.com\\\/fr\\\/product\\\/mito-canape-2-places-en-aluminium\\\/\"]}]},{\"@type\":\"ImageObject\",\"inLanguage\":\"fr-FR\",\"@id\":\"https:\\\/\\\/www.lavillagardendesign.com\\\/fr\\\/product\\\/mito-canape-2-places-en-aluminium\\\/#primaryimage\",\"url\":\"https:\\\/\\\/www.lavillagardendesign.com\\\/wp-content\\\/uploads\\\/2025\\\/04\\\/AMB-METHOD-\u548c\u6607_4156-\u62f7\u8d1d.jpg\",\"contentUrl\":\"https:\\\/\\\/www.lavillagardendesign.com\\\/wp-content\\\/uploads\\\/2025\\\/04\\\/AMB-METHOD-\u548c\u6607_4156-\u62f7\u8d1d.jpg\",\"width\":1920,\"height\":1439},{\"@type\":\"BreadcrumbList\",\"@id\":\"https:\\\/\\\/www.lavillagardendesign.com\\\/fr\\\/product\\\/mito-canape-2-places-en-aluminium\\\/#breadcrumb\",\"itemListElement\":[{\"@type\":\"ListItem\",\"position\":1,\"name\":\"Home\",\"item\":\"https:\\\/\\\/www.lavillagardendesign.com\\\/\"},{\"@type\":\"ListItem\",\"position\":2,\"name\":\"Boutique\",\"item\":\"https:\\\/\\\/www.lavillagardendesign.com\\\/fr\\\/boutique\\\/\"},{\"@type\":\"ListItem\",\"position\":3,\"name\":\"MITO &#8211; Canap\u00e9 2 places en aluminium\"}]},{\"@type\":\"WebSite\",\"@id\":\"https:\\\/\\\/www.lavillagardendesign.com\\\/#website\",\"url\":\"https:\\\/\\\/www.lavillagardendesign.com\\\/\",\"name\":\"La Villa Garden&Design\",\"description\":\"\",\"publisher\":{\"@id\":\"https:\\\/\\\/www.lavillagardendesign.com\\\/#organization\"},\"potentialAction\":[{\"@type\":\"SearchAction\",\"target\":{\"@type\":\"EntryPoint\",\"urlTemplate\":\"https:\\\/\\\/www.lavillagardendesign.com\\\/?s={search_term_string}\"},\"query-input\":{\"@type\":\"PropertyValueSpecification\",\"valueRequired\":true,\"valueName\":\"search_term_string\"}}],\"inLanguage\":\"fr-FR\"},{\"@type\":\"Organization\",\"@id\":\"https:\\\/\\\/www.lavillagardendesign.com\\\/#organization\",\"name\":\"La Villa Garden&Design\",\"url\":\"https:\\\/\\\/www.lavillagardendesign.com\\\/\",\"logo\":{\"@type\":\"ImageObject\",\"inLanguage\":\"fr-FR\",\"@id\":\"https:\\\/\\\/www.lavillagardendesign.com\\\/#\\\/schema\\\/logo\\\/image\\\/\",\"url\":\"https:\\\/\\\/www.lavillagardendesign.com\\\/wp-content\\\/uploads\\\/2024\\\/04\\\/logolavilla.png\",\"contentUrl\":\"https:\\\/\\\/www.lavillagardendesign.com\\\/wp-content\\\/uploads\\\/2024\\\/04\\\/logolavilla.png\",\"width\":682,\"height\":391,\"caption\":\"La Villa Garden&Design\"},\"image\":{\"@id\":\"https:\\\/\\\/www.lavillagardendesign.com\\\/#\\\/schema\\\/logo\\\/image\\\/\"},\"sameAs\":[\"https:\\\/\\\/www.facebook.com\\\/lavillagardendesign\\\/\"]}]}<\/script>\n<!-- \/ Yoast SEO plugin. -->","yoast_head_json":{"title":"MITO - Canap\u00e9 2 places en aluminium avec coussins en ol\u00e9fine","description":"D\u00e9couvrez le canap\u00e9 2 places MITO : structure en aluminium, cordes tress\u00e9es, coussins en ol\u00e9fine. Design arrondi, disponible en blanc\/beige et noir\/noir. Dimensions : 167 x 86 x 78 cm : 167 x 86 x 78 cm.","robots":{"index":"index","follow":"follow","max-snippet":"max-snippet:-1","max-image-preview":"max-image-preview:large","max-video-preview":"max-video-preview:-1"},"canonical":"https:\/\/www.lavillagardendesign.com\/fr\/product\/mito-canape-2-places-en-aluminium\/","og_locale":"fr_FR","og_type":"article","og_title":"MITO - Canap\u00e9 2 places en aluminium avec coussins en ol\u00e9fine","og_description":"D\u00e9couvrez le canap\u00e9 2 places MITO : structure en aluminium, cordes tress\u00e9es, coussins en ol\u00e9fine. Design arrondi, disponible en blanc\/beige et noir\/noir. Dimensions : 167 x 86 x 78 cm : 167 x 86 x 78 cm.","og_url":"https:\/\/www.lavillagardendesign.com\/fr\/product\/mito-canape-2-places-en-aluminium\/","og_site_name":"La Villa Garden&amp;Design","article_publisher":"https:\/\/www.facebook.com\/lavillagardendesign\/","article_modified_time":"2026-02-23T09:40:28+00:00","og_image":[{"width":1920,"height":1439,"url":"https:\/\/www.lavillagardendesign.com\/wp-content\/uploads\/2025\/04\/AMB-METHOD-\u548c\u6607_4156-\u62f7\u8d1d.jpg","type":"image\/jpeg"}],"twitter_card":"summary_large_image","schema":{"@context":"https:\/\/schema.org","@graph":[{"@type":"WebPage","@id":"https:\/\/www.lavillagardendesign.com\/fr\/product\/mito-canape-2-places-en-aluminium\/","url":"https:\/\/www.lavillagardendesign.com\/fr\/product\/mito-canape-2-places-en-aluminium\/","name":"MITO - Canap\u00e9 2 places en aluminium avec coussins en ol\u00e9fine","isPartOf":{"@id":"https:\/\/www.lavillagardendesign.com\/#website"},"primaryImageOfPage":{"@id":"https:\/\/www.lavillagardendesign.com\/fr\/product\/mito-canape-2-places-en-aluminium\/#primaryimage"},"image":{"@id":"https:\/\/www.lavillagardendesign.com\/fr\/product\/mito-canape-2-places-en-aluminium\/#primaryimage"},"thumbnailUrl":"https:\/\/www.lavillagardendesign.com\/wp-content\/uploads\/2025\/04\/AMB-METHOD-\u548c\u6607_4156-\u62f7\u8d1d.jpg","datePublished":"2025-04-05T17:11:23+00:00","dateModified":"2026-02-23T09:40:28+00:00","description":"D\u00e9couvrez le canap\u00e9 2 places MITO : structure en aluminium, cordes tress\u00e9es, coussins en ol\u00e9fine. Design arrondi, disponible en blanc\/beige et noir\/noir. Dimensions : 167 x 86 x 78 cm : 167 x 86 x 78 cm.","breadcrumb":{"@id":"https:\/\/www.lavillagardendesign.com\/fr\/product\/mito-canape-2-places-en-aluminium\/#breadcrumb"},"inLanguage":"fr-FR","potentialAction":[{"@type":"ReadAction","target":["https:\/\/www.lavillagardendesign.com\/fr\/product\/mito-canape-2-places-en-aluminium\/"]}]},{"@type":"ImageObject","inLanguage":"fr-FR","@id":"https:\/\/www.lavillagardendesign.com\/fr\/product\/mito-canape-2-places-en-aluminium\/#primaryimage","url":"https:\/\/www.lavillagardendesign.com\/wp-content\/uploads\/2025\/04\/AMB-METHOD-\u548c\u6607_4156-\u62f7\u8d1d.jpg","contentUrl":"https:\/\/www.lavillagardendesign.com\/wp-content\/uploads\/2025\/04\/AMB-METHOD-\u548c\u6607_4156-\u62f7\u8d1d.jpg","width":1920,"height":1439},{"@type":"BreadcrumbList","@id":"https:\/\/www.lavillagardendesign.com\/fr\/product\/mito-canape-2-places-en-aluminium\/#breadcrumb","itemListElement":[{"@type":"ListItem","position":1,"name":"Home","item":"https:\/\/www.lavillagardendesign.com\/"},{"@type":"ListItem","position":2,"name":"Boutique","item":"https:\/\/www.lavillagardendesign.com\/fr\/boutique\/"},{"@type":"ListItem","position":3,"name":"MITO &#8211; Canap\u00e9 2 places en aluminium"}]},{"@type":"WebSite","@id":"https:\/\/www.lavillagardendesign.com\/#website","url":"https:\/\/www.lavillagardendesign.com\/","name":"La Villa Garden&Design","description":"","publisher":{"@id":"https:\/\/www.lavillagardendesign.com\/#organization"},"potentialAction":[{"@type":"SearchAction","target":{"@type":"EntryPoint","urlTemplate":"https:\/\/www.lavillagardendesign.com\/?s={search_term_string}"},"query-input":{"@type":"PropertyValueSpecification","valueRequired":true,"valueName":"search_term_string"}}],"inLanguage":"fr-FR"},{"@type":"Organization","@id":"https:\/\/www.lavillagardendesign.com\/#organization","name":"La Villa Garden&Design","url":"https:\/\/www.lavillagardendesign.com\/","logo":{"@type":"ImageObject","inLanguage":"fr-FR","@id":"https:\/\/www.lavillagardendesign.com\/#\/schema\/logo\/image\/","url":"https:\/\/www.lavillagardendesign.com\/wp-content\/uploads\/2024\/04\/logolavilla.png","contentUrl":"https:\/\/www.lavillagardendesign.com\/wp-content\/uploads\/2024\/04\/logolavilla.png","width":682,"height":391,"caption":"La Villa Garden&Design"},"image":{"@id":"https:\/\/www.lavillagardendesign.com\/#\/schema\/logo\/image\/"},"sameAs":["https:\/\/www.facebook.com\/lavillagardendesign\/"]}]}},"_links":{"self":[{"href":"https:\/\/www.lavillagardendesign.com\/fr\/wp-json\/wp\/v2\/product\/53165","targetHints":{"allow":["GET"]}}],"collection":[{"href":"https:\/\/www.lavillagardendesign.com\/fr\/wp-json\/wp\/v2\/product"}],"about":[{"href":"https:\/\/www.lavillagardendesign.com\/fr\/wp-json\/wp\/v2\/types\/product"}],"replies":[{"embeddable":true,"href":"https:\/\/www.lavillagardendesign.com\/fr\/wp-json\/wp\/v2\/comments?post=53165"}],"version-history":[{"count":1,"href":"https:\/\/www.lavillagardendesign.com\/fr\/wp-json\/wp\/v2\/product\/53165\/revisions"}],"predecessor-version":[{"id":63665,"href":"https:\/\/www.lavillagardendesign.com\/fr\/wp-json\/wp\/v2\/product\/53165\/revisions\/63665"}],"wp:featuredmedia":[{"embeddable":true,"href":"https:\/\/www.lavillagardendesign.com\/fr\/wp-json\/wp\/v2\/media\/53150"}],"wp:attachment":[{"href":"https:\/\/www.lavillagardendesign.com\/fr\/wp-json\/wp\/v2\/media?parent=53165"}],"wp:term":[{"taxonomy":"product_brand","embeddable":true,"href":"https:\/\/www.lavillagardendesign.com\/fr\/wp-json\/wp\/v2\/product_brand?post=53165"},{"taxonomy":"product_cat","embeddable":true,"href":"https:\/\/www.lavillagardendesign.com\/fr\/wp-json\/wp\/v2\/product_cat?post=53165"},{"taxonomy":"product_tag","embeddable":true,"href":"https:\/\/www.lavillagardendesign.com\/fr\/wp-json\/wp\/v2\/product_tag?post=53165"}],"curies":[{"name":"wp","href":"https:\/\/api.w.org\/{rel}","templated":true}]}}