{"id":50335,"date":"2024-01-29T20:00:16","date_gmt":"2024-01-29T19:00:16","guid":{"rendered":"https:\/\/www.lavillagardendesign.com\/product\/africa-bain-de-soleil-empilable\/"},"modified":"2026-03-10T03:36:51","modified_gmt":"2026-03-10T02:36:51","slug":"africa-bain-de-soleil-empilable","status":"publish","type":"product","link":"https:\/\/www.lavillagardendesign.com\/fr\/product\/africa-bain-de-soleil-empilable\/","title":{"rendered":"AFRICA \u2013 Bain de soleil empilable"},"content":{"rendered":"","protected":false},"excerpt":{"rendered":"<p>La chaise longue Africa, con\u00e7ue par Eugeni Quitllet, incarne la simplicit\u00e9 et l&rsquo;\u00e9l\u00e9gance. Fabriqu\u00e9e en polypropyl\u00e8ne renforc\u00e9 de fibre de verre inject\u00e9 au gaz, elle est empilable et disponible en plusieurs couleurs. Adapt\u00e9e \u00e0 une utilisation int\u00e9rieure et ext\u00e9rieure, elle allie harmonieusement fonctionnalit\u00e9 et esth\u00e9tique. Laur\u00e9ate du Good Design Award 2021, elle refl\u00e8te la philosophie selon laquelle la simplicit\u00e9 est la cl\u00e9 de l&rsquo;originalit\u00e9.   <\/p>\n","protected":false},"featured_media":50052,"comment_status":"open","ping_status":"closed","template":"","meta":[],"product_brand":[5000],"product_cat":[6832,2938,2940,4575,4572],"product_tag":[],"class_list":{"0":"post-50335","1":"product","2":"type-product","3":"status-publish","4":"has-post-thumbnail","6":"product_brand-vondom","7":"product_cat-outdoor-fr","8":"product_cat-bains-de-soleil","9":"product_cat-transats","10":"product_cat-produits-vondom","11":"product_cat-bains-de-soleil-vondom","12":"product_shipping_class-vondom-fr","14":"first","15":"instock","16":"taxable","17":"shipping-taxable","18":"purchasable","19":"product-type-variable"},"yoast_head":"<!-- This site is optimized with the Yoast SEO plugin v27.1.1 - https:\/\/yoast.com\/product\/yoast-seo-wordpress\/ -->\n<title>Africa - Bain de soleil empilable | \u00c9l\u00e9gance et simplicit\u00e9<\/title>\n<meta name=\"description\" content=\"D\u00e9couvrez le bain de soleil Africa, empilable et r\u00e9compens\u00e9 par le Good Design Award. Un design simple et \u00e9l\u00e9gant pour votre espace ext\u00e9rieur.\" \/>\n<meta name=\"robots\" content=\"index, follow, max-snippet:-1, max-image-preview:large, max-video-preview:-1\" \/>\n<link rel=\"canonical\" href=\"https:\/\/www.lavillagardendesign.com\/fr\/product\/africa-bain-de-soleil-empilable\/\" \/>\n<meta property=\"og:locale\" content=\"fr_FR\" \/>\n<meta property=\"og:type\" content=\"article\" \/>\n<meta property=\"og:title\" content=\"Africa - Bain de soleil empilable | \u00c9l\u00e9gance et simplicit\u00e9\" \/>\n<meta property=\"og:description\" content=\"D\u00e9couvrez le bain de soleil Africa, empilable et r\u00e9compens\u00e9 par le Good Design Award. Un design simple et \u00e9l\u00e9gant pour votre espace ext\u00e9rieur.\" \/>\n<meta property=\"og:url\" content=\"https:\/\/www.lavillagardendesign.com\/fr\/product\/africa-bain-de-soleil-empilable\/\" \/>\n<meta property=\"og:site_name\" content=\"La Villa Garden&amp;Design\" \/>\n<meta property=\"article:publisher\" content=\"https:\/\/www.facebook.com\/lavillagardendesign\/\" \/>\n<meta property=\"article:modified_time\" content=\"2026-03-10T02:36:51+00:00\" \/>\n<meta property=\"og:image\" content=\"https:\/\/www.lavillagardendesign.com\/wp-content\/uploads\/2024\/01\/Vondom_65048_AFRICA_TUMBONA_1_Ecru.jpg\" \/>\n\t<meta property=\"og:image:width\" content=\"800\" \/>\n\t<meta property=\"og:image:height\" content=\"800\" \/>\n\t<meta property=\"og:image:type\" content=\"image\/jpeg\" \/>\n<meta name=\"twitter:card\" content=\"summary_large_image\" \/>\n<script type=\"application\/ld+json\" class=\"yoast-schema-graph\">{\"@context\":\"https:\/\/schema.org\",\"@graph\":[{\"@type\":\"WebPage\",\"@id\":\"https:\/\/www.lavillagardendesign.com\/fr\/product\/africa-bain-de-soleil-empilable\/\",\"url\":\"https:\/\/www.lavillagardendesign.com\/fr\/product\/africa-bain-de-soleil-empilable\/\",\"name\":\"Africa - Bain de soleil empilable | \u00c9l\u00e9gance et simplicit\u00e9\",\"isPartOf\":{\"@id\":\"https:\/\/www.lavillagardendesign.com\/#website\"},\"primaryImageOfPage\":{\"@id\":\"https:\/\/www.lavillagardendesign.com\/fr\/product\/africa-bain-de-soleil-empilable\/#primaryimage\"},\"image\":{\"@id\":\"https:\/\/www.lavillagardendesign.com\/fr\/product\/africa-bain-de-soleil-empilable\/#primaryimage\"},\"thumbnailUrl\":\"https:\/\/www.lavillagardendesign.com\/wp-content\/uploads\/2024\/01\/Vondom_65048_AFRICA_TUMBONA_1_Ecru.jpg\",\"datePublished\":\"2024-01-29T19:00:16+00:00\",\"dateModified\":\"2026-03-10T02:36:51+00:00\",\"description\":\"D\u00e9couvrez le bain de soleil Africa, empilable et r\u00e9compens\u00e9 par le Good Design Award. Un design simple et \u00e9l\u00e9gant pour votre espace ext\u00e9rieur.\",\"breadcrumb\":{\"@id\":\"https:\/\/www.lavillagardendesign.com\/fr\/product\/africa-bain-de-soleil-empilable\/#breadcrumb\"},\"inLanguage\":\"fr-FR\",\"potentialAction\":[{\"@type\":\"ReadAction\",\"target\":[\"https:\/\/www.lavillagardendesign.com\/fr\/product\/africa-bain-de-soleil-empilable\/\"]}]},{\"@type\":\"ImageObject\",\"inLanguage\":\"fr-FR\",\"@id\":\"https:\/\/www.lavillagardendesign.com\/fr\/product\/africa-bain-de-soleil-empilable\/#primaryimage\",\"url\":\"https:\/\/www.lavillagardendesign.com\/wp-content\/uploads\/2024\/01\/Vondom_65048_AFRICA_TUMBONA_1_Ecru.jpg\",\"contentUrl\":\"https:\/\/www.lavillagardendesign.com\/wp-content\/uploads\/2024\/01\/Vondom_65048_AFRICA_TUMBONA_1_Ecru.jpg\",\"width\":800,\"height\":800},{\"@type\":\"BreadcrumbList\",\"@id\":\"https:\/\/www.lavillagardendesign.com\/fr\/product\/africa-bain-de-soleil-empilable\/#breadcrumb\",\"itemListElement\":[{\"@type\":\"ListItem\",\"position\":1,\"name\":\"Home\",\"item\":\"https:\/\/www.lavillagardendesign.com\/\"},{\"@type\":\"ListItem\",\"position\":2,\"name\":\"Boutique\",\"item\":\"https:\/\/www.lavillagardendesign.com\/fr\/boutique\/\"},{\"@type\":\"ListItem\",\"position\":3,\"name\":\"AFRICA \u2013 Bain de soleil empilable\"}]},{\"@type\":\"WebSite\",\"@id\":\"https:\/\/www.lavillagardendesign.com\/#website\",\"url\":\"https:\/\/www.lavillagardendesign.com\/\",\"name\":\"La Villa Garden&Design\",\"description\":\"\",\"publisher\":{\"@id\":\"https:\/\/www.lavillagardendesign.com\/#organization\"},\"potentialAction\":[{\"@type\":\"SearchAction\",\"target\":{\"@type\":\"EntryPoint\",\"urlTemplate\":\"https:\/\/www.lavillagardendesign.com\/?s={search_term_string}\"},\"query-input\":{\"@type\":\"PropertyValueSpecification\",\"valueRequired\":true,\"valueName\":\"search_term_string\"}}],\"inLanguage\":\"fr-FR\"},{\"@type\":\"Organization\",\"@id\":\"https:\/\/www.lavillagardendesign.com\/#organization\",\"name\":\"La Villa Garden&Design\",\"url\":\"https:\/\/www.lavillagardendesign.com\/\",\"logo\":{\"@type\":\"ImageObject\",\"inLanguage\":\"fr-FR\",\"@id\":\"https:\/\/www.lavillagardendesign.com\/#\/schema\/logo\/image\/\",\"url\":\"https:\/\/www.lavillagardendesign.com\/wp-content\/uploads\/2024\/04\/logolavilla.png\",\"contentUrl\":\"https:\/\/www.lavillagardendesign.com\/wp-content\/uploads\/2024\/04\/logolavilla.png\",\"width\":682,\"height\":391,\"caption\":\"La Villa Garden&Design\"},\"image\":{\"@id\":\"https:\/\/www.lavillagardendesign.com\/#\/schema\/logo\/image\/\"},\"sameAs\":[\"https:\/\/www.facebook.com\/lavillagardendesign\/\"]}]}<\/script>\n<!-- \/ Yoast SEO plugin. -->","yoast_head_json":{"title":"Africa - Bain de soleil empilable | \u00c9l\u00e9gance et simplicit\u00e9","description":"D\u00e9couvrez le bain de soleil Africa, empilable et r\u00e9compens\u00e9 par le Good Design Award. Un design simple et \u00e9l\u00e9gant pour votre espace ext\u00e9rieur.","robots":{"index":"index","follow":"follow","max-snippet":"max-snippet:-1","max-image-preview":"max-image-preview:large","max-video-preview":"max-video-preview:-1"},"canonical":"https:\/\/www.lavillagardendesign.com\/fr\/product\/africa-bain-de-soleil-empilable\/","og_locale":"fr_FR","og_type":"article","og_title":"Africa - Bain de soleil empilable | \u00c9l\u00e9gance et simplicit\u00e9","og_description":"D\u00e9couvrez le bain de soleil Africa, empilable et r\u00e9compens\u00e9 par le Good Design Award. Un design simple et \u00e9l\u00e9gant pour votre espace ext\u00e9rieur.","og_url":"https:\/\/www.lavillagardendesign.com\/fr\/product\/africa-bain-de-soleil-empilable\/","og_site_name":"La Villa Garden&amp;Design","article_publisher":"https:\/\/www.facebook.com\/lavillagardendesign\/","article_modified_time":"2026-03-10T02:36:51+00:00","og_image":[{"width":800,"height":800,"url":"https:\/\/www.lavillagardendesign.com\/wp-content\/uploads\/2024\/01\/Vondom_65048_AFRICA_TUMBONA_1_Ecru.jpg","type":"image\/jpeg"}],"twitter_card":"summary_large_image","schema":{"@context":"https:\/\/schema.org","@graph":[{"@type":"WebPage","@id":"https:\/\/www.lavillagardendesign.com\/fr\/product\/africa-bain-de-soleil-empilable\/","url":"https:\/\/www.lavillagardendesign.com\/fr\/product\/africa-bain-de-soleil-empilable\/","name":"Africa - Bain de soleil empilable | \u00c9l\u00e9gance et simplicit\u00e9","isPartOf":{"@id":"https:\/\/www.lavillagardendesign.com\/#website"},"primaryImageOfPage":{"@id":"https:\/\/www.lavillagardendesign.com\/fr\/product\/africa-bain-de-soleil-empilable\/#primaryimage"},"image":{"@id":"https:\/\/www.lavillagardendesign.com\/fr\/product\/africa-bain-de-soleil-empilable\/#primaryimage"},"thumbnailUrl":"https:\/\/www.lavillagardendesign.com\/wp-content\/uploads\/2024\/01\/Vondom_65048_AFRICA_TUMBONA_1_Ecru.jpg","datePublished":"2024-01-29T19:00:16+00:00","dateModified":"2026-03-10T02:36:51+00:00","description":"D\u00e9couvrez le bain de soleil Africa, empilable et r\u00e9compens\u00e9 par le Good Design Award. Un design simple et \u00e9l\u00e9gant pour votre espace ext\u00e9rieur.","breadcrumb":{"@id":"https:\/\/www.lavillagardendesign.com\/fr\/product\/africa-bain-de-soleil-empilable\/#breadcrumb"},"inLanguage":"fr-FR","potentialAction":[{"@type":"ReadAction","target":["https:\/\/www.lavillagardendesign.com\/fr\/product\/africa-bain-de-soleil-empilable\/"]}]},{"@type":"ImageObject","inLanguage":"fr-FR","@id":"https:\/\/www.lavillagardendesign.com\/fr\/product\/africa-bain-de-soleil-empilable\/#primaryimage","url":"https:\/\/www.lavillagardendesign.com\/wp-content\/uploads\/2024\/01\/Vondom_65048_AFRICA_TUMBONA_1_Ecru.jpg","contentUrl":"https:\/\/www.lavillagardendesign.com\/wp-content\/uploads\/2024\/01\/Vondom_65048_AFRICA_TUMBONA_1_Ecru.jpg","width":800,"height":800},{"@type":"BreadcrumbList","@id":"https:\/\/www.lavillagardendesign.com\/fr\/product\/africa-bain-de-soleil-empilable\/#breadcrumb","itemListElement":[{"@type":"ListItem","position":1,"name":"Home","item":"https:\/\/www.lavillagardendesign.com\/"},{"@type":"ListItem","position":2,"name":"Boutique","item":"https:\/\/www.lavillagardendesign.com\/fr\/boutique\/"},{"@type":"ListItem","position":3,"name":"AFRICA \u2013 Bain de soleil empilable"}]},{"@type":"WebSite","@id":"https:\/\/www.lavillagardendesign.com\/#website","url":"https:\/\/www.lavillagardendesign.com\/","name":"La Villa Garden&Design","description":"","publisher":{"@id":"https:\/\/www.lavillagardendesign.com\/#organization"},"potentialAction":[{"@type":"SearchAction","target":{"@type":"EntryPoint","urlTemplate":"https:\/\/www.lavillagardendesign.com\/?s={search_term_string}"},"query-input":{"@type":"PropertyValueSpecification","valueRequired":true,"valueName":"search_term_string"}}],"inLanguage":"fr-FR"},{"@type":"Organization","@id":"https:\/\/www.lavillagardendesign.com\/#organization","name":"La Villa Garden&Design","url":"https:\/\/www.lavillagardendesign.com\/","logo":{"@type":"ImageObject","inLanguage":"fr-FR","@id":"https:\/\/www.lavillagardendesign.com\/#\/schema\/logo\/image\/","url":"https:\/\/www.lavillagardendesign.com\/wp-content\/uploads\/2024\/04\/logolavilla.png","contentUrl":"https:\/\/www.lavillagardendesign.com\/wp-content\/uploads\/2024\/04\/logolavilla.png","width":682,"height":391,"caption":"La Villa Garden&Design"},"image":{"@id":"https:\/\/www.lavillagardendesign.com\/#\/schema\/logo\/image\/"},"sameAs":["https:\/\/www.facebook.com\/lavillagardendesign\/"]}]}},"_links":{"self":[{"href":"https:\/\/www.lavillagardendesign.com\/fr\/wp-json\/wp\/v2\/product\/50335","targetHints":{"allow":["GET"]}}],"collection":[{"href":"https:\/\/www.lavillagardendesign.com\/fr\/wp-json\/wp\/v2\/product"}],"about":[{"href":"https:\/\/www.lavillagardendesign.com\/fr\/wp-json\/wp\/v2\/types\/product"}],"replies":[{"embeddable":true,"href":"https:\/\/www.lavillagardendesign.com\/fr\/wp-json\/wp\/v2\/comments?post=50335"}],"version-history":[{"count":1,"href":"https:\/\/www.lavillagardendesign.com\/fr\/wp-json\/wp\/v2\/product\/50335\/revisions"}],"predecessor-version":[{"id":51172,"href":"https:\/\/www.lavillagardendesign.com\/fr\/wp-json\/wp\/v2\/product\/50335\/revisions\/51172"}],"wp:featuredmedia":[{"embeddable":true,"href":"https:\/\/www.lavillagardendesign.com\/fr\/wp-json\/wp\/v2\/media\/50052"}],"wp:attachment":[{"href":"https:\/\/www.lavillagardendesign.com\/fr\/wp-json\/wp\/v2\/media?parent=50335"}],"wp:term":[{"taxonomy":"product_brand","embeddable":true,"href":"https:\/\/www.lavillagardendesign.com\/fr\/wp-json\/wp\/v2\/product_brand?post=50335"},{"taxonomy":"product_cat","embeddable":true,"href":"https:\/\/www.lavillagardendesign.com\/fr\/wp-json\/wp\/v2\/product_cat?post=50335"},{"taxonomy":"product_tag","embeddable":true,"href":"https:\/\/www.lavillagardendesign.com\/fr\/wp-json\/wp\/v2\/product_tag?post=50335"}],"curies":[{"name":"wp","href":"https:\/\/api.w.org\/{rel}","templated":true}]}}