{"id":50323,"date":"2024-01-29T20:01:36","date_gmt":"2024-01-29T19:01:36","guid":{"rendered":"https:\/\/www.lavillagardendesign.com\/product\/ibiza-chaise-dexterieur-empilable\/"},"modified":"2026-03-10T03:36:12","modified_gmt":"2026-03-10T02:36:12","slug":"ibiza-chaise-dexterieur-empilable","status":"publish","type":"product","link":"https:\/\/www.lavillagardendesign.com\/fr\/product\/ibiza-chaise-dexterieur-empilable\/","title":{"rendered":"IBIZA \u2013 Chaise d\u2019ext\u00e9rieur empilable"},"content":{"rendered":"","protected":false},"excerpt":{"rendered":"<p>Imagin\u00e9e par Eugeni Quitllet, la chaise d\u2019ext\u00e9rieur Ibiza incarne l\u2019\u00e9l\u00e9gance et l\u2019\u00e2me m\u00e9diterran\u00e9enne. Fabriqu\u00e9e en polypropyl\u00e8ne renforc\u00e9 de fibre de verre par injection de gaz, elle est empilable et disponible en plusieurs coloris, s\u2019adaptant aussi bien aux espaces int\u00e9rieurs qu\u2019ext\u00e9rieurs. Gr\u00e2ce \u00e0 la finition Vondom Revolution, elle est con\u00e7ue \u00e0 partir de plastique 100 % recycl\u00e9 provenant de la mer M\u00e9diterran\u00e9e, offrant ainsi un design \u00e0 la fois esth\u00e9tique et durable.  <\/p>\n","protected":false},"featured_media":50256,"comment_status":"open","ping_status":"closed","template":"","meta":[],"product_brand":[5000],"product_cat":[6832,2929,2931,4575,4560],"product_tag":[],"class_list":{"0":"post-50323","1":"product","2":"type-product","3":"status-publish","4":"has-post-thumbnail","6":"product_brand-vondom","7":"product_cat-outdoor-fr","8":"product_cat-chaises","9":"product_cat-chaises-repas","10":"product_cat-produits-vondom","11":"product_cat-chaises-vondom","12":"product_shipping_class-vondom-fr","14":"first","15":"instock","16":"taxable","17":"shipping-taxable","18":"purchasable","19":"product-type-variable","20":"has-default-attributes"},"yoast_head":"<!-- This site is optimized with the Yoast SEO plugin v27.1.1 - https:\/\/yoast.com\/product\/yoast-seo-wordpress\/ -->\n<title>Ibiza - Chaise d\u2019ext\u00e9rieur empilable | Design et durabilit\u00e9 \u00e9cologique<\/title>\n<meta name=\"description\" content=\"D\u00e9couvrez la chaise Ibiza par Eugeni Quitllet. Empilable, \u00e9l\u00e9gante et fabriqu\u00e9e en plastique 100 % recycl\u00e9 de la M\u00e9diterran\u00e9e. Un design durable pour vos espaces.\" \/>\n<meta name=\"robots\" content=\"index, follow, max-snippet:-1, max-image-preview:large, max-video-preview:-1\" \/>\n<link rel=\"canonical\" href=\"https:\/\/www.lavillagardendesign.com\/fr\/product\/ibiza-chaise-dexterieur-empilable\/\" \/>\n<meta property=\"og:locale\" content=\"fr_FR\" \/>\n<meta property=\"og:type\" content=\"article\" \/>\n<meta property=\"og:title\" content=\"Ibiza - Chaise d\u2019ext\u00e9rieur empilable | Design et durabilit\u00e9 \u00e9cologique\" \/>\n<meta property=\"og:description\" content=\"D\u00e9couvrez la chaise Ibiza par Eugeni Quitllet. Empilable, \u00e9l\u00e9gante et fabriqu\u00e9e en plastique 100 % recycl\u00e9 de la M\u00e9diterran\u00e9e. Un design durable pour vos espaces.\" \/>\n<meta property=\"og:url\" content=\"https:\/\/www.lavillagardendesign.com\/fr\/product\/ibiza-chaise-dexterieur-empilable\/\" \/>\n<meta property=\"og:site_name\" content=\"La Villa Garden&amp;Design\" \/>\n<meta property=\"article:publisher\" content=\"https:\/\/www.facebook.com\/lavillagardendesign\/\" \/>\n<meta property=\"article:modified_time\" content=\"2026-03-10T02:36:12+00:00\" \/>\n<meta property=\"og:image\" content=\"https:\/\/www.lavillagardendesign.com\/wp-content\/uploads\/2024\/01\/Vondom_65040_Ibiza_Silla_1_Ecru.jpg\" \/>\n\t<meta property=\"og:image:width\" content=\"800\" \/>\n\t<meta property=\"og:image:height\" content=\"800\" \/>\n\t<meta property=\"og:image:type\" content=\"image\/jpeg\" \/>\n<meta name=\"twitter:card\" content=\"summary_large_image\" \/>\n<script type=\"application\/ld+json\" class=\"yoast-schema-graph\">{\"@context\":\"https:\/\/schema.org\",\"@graph\":[{\"@type\":\"WebPage\",\"@id\":\"https:\/\/www.lavillagardendesign.com\/fr\/product\/ibiza-chaise-dexterieur-empilable\/\",\"url\":\"https:\/\/www.lavillagardendesign.com\/fr\/product\/ibiza-chaise-dexterieur-empilable\/\",\"name\":\"Ibiza - Chaise d\u2019ext\u00e9rieur empilable | Design et durabilit\u00e9 \u00e9cologique\",\"isPartOf\":{\"@id\":\"https:\/\/www.lavillagardendesign.com\/#website\"},\"primaryImageOfPage\":{\"@id\":\"https:\/\/www.lavillagardendesign.com\/fr\/product\/ibiza-chaise-dexterieur-empilable\/#primaryimage\"},\"image\":{\"@id\":\"https:\/\/www.lavillagardendesign.com\/fr\/product\/ibiza-chaise-dexterieur-empilable\/#primaryimage\"},\"thumbnailUrl\":\"https:\/\/www.lavillagardendesign.com\/wp-content\/uploads\/2024\/01\/Vondom_65040_Ibiza_Silla_1_Ecru.jpg\",\"datePublished\":\"2024-01-29T19:01:36+00:00\",\"dateModified\":\"2026-03-10T02:36:12+00:00\",\"description\":\"D\u00e9couvrez la chaise Ibiza par Eugeni Quitllet. Empilable, \u00e9l\u00e9gante et fabriqu\u00e9e en plastique 100 % recycl\u00e9 de la M\u00e9diterran\u00e9e. Un design durable pour vos espaces.\",\"breadcrumb\":{\"@id\":\"https:\/\/www.lavillagardendesign.com\/fr\/product\/ibiza-chaise-dexterieur-empilable\/#breadcrumb\"},\"inLanguage\":\"fr-FR\",\"potentialAction\":[{\"@type\":\"ReadAction\",\"target\":[\"https:\/\/www.lavillagardendesign.com\/fr\/product\/ibiza-chaise-dexterieur-empilable\/\"]}]},{\"@type\":\"ImageObject\",\"inLanguage\":\"fr-FR\",\"@id\":\"https:\/\/www.lavillagardendesign.com\/fr\/product\/ibiza-chaise-dexterieur-empilable\/#primaryimage\",\"url\":\"https:\/\/www.lavillagardendesign.com\/wp-content\/uploads\/2024\/01\/Vondom_65040_Ibiza_Silla_1_Ecru.jpg\",\"contentUrl\":\"https:\/\/www.lavillagardendesign.com\/wp-content\/uploads\/2024\/01\/Vondom_65040_Ibiza_Silla_1_Ecru.jpg\",\"width\":800,\"height\":800},{\"@type\":\"BreadcrumbList\",\"@id\":\"https:\/\/www.lavillagardendesign.com\/fr\/product\/ibiza-chaise-dexterieur-empilable\/#breadcrumb\",\"itemListElement\":[{\"@type\":\"ListItem\",\"position\":1,\"name\":\"Home\",\"item\":\"https:\/\/www.lavillagardendesign.com\/\"},{\"@type\":\"ListItem\",\"position\":2,\"name\":\"Boutique\",\"item\":\"https:\/\/www.lavillagardendesign.com\/fr\/boutique\/\"},{\"@type\":\"ListItem\",\"position\":3,\"name\":\"IBIZA \u2013 Chaise d\u2019ext\u00e9rieur empilable\"}]},{\"@type\":\"WebSite\",\"@id\":\"https:\/\/www.lavillagardendesign.com\/#website\",\"url\":\"https:\/\/www.lavillagardendesign.com\/\",\"name\":\"La Villa Garden&Design\",\"description\":\"\",\"publisher\":{\"@id\":\"https:\/\/www.lavillagardendesign.com\/#organization\"},\"potentialAction\":[{\"@type\":\"SearchAction\",\"target\":{\"@type\":\"EntryPoint\",\"urlTemplate\":\"https:\/\/www.lavillagardendesign.com\/?s={search_term_string}\"},\"query-input\":{\"@type\":\"PropertyValueSpecification\",\"valueRequired\":true,\"valueName\":\"search_term_string\"}}],\"inLanguage\":\"fr-FR\"},{\"@type\":\"Organization\",\"@id\":\"https:\/\/www.lavillagardendesign.com\/#organization\",\"name\":\"La Villa Garden&Design\",\"url\":\"https:\/\/www.lavillagardendesign.com\/\",\"logo\":{\"@type\":\"ImageObject\",\"inLanguage\":\"fr-FR\",\"@id\":\"https:\/\/www.lavillagardendesign.com\/#\/schema\/logo\/image\/\",\"url\":\"https:\/\/www.lavillagardendesign.com\/wp-content\/uploads\/2024\/04\/logolavilla.png\",\"contentUrl\":\"https:\/\/www.lavillagardendesign.com\/wp-content\/uploads\/2024\/04\/logolavilla.png\",\"width\":682,\"height\":391,\"caption\":\"La Villa Garden&Design\"},\"image\":{\"@id\":\"https:\/\/www.lavillagardendesign.com\/#\/schema\/logo\/image\/\"},\"sameAs\":[\"https:\/\/www.facebook.com\/lavillagardendesign\/\"]}]}<\/script>\n<!-- \/ Yoast SEO plugin. -->","yoast_head_json":{"title":"Ibiza - Chaise d\u2019ext\u00e9rieur empilable | Design et durabilit\u00e9 \u00e9cologique","description":"D\u00e9couvrez la chaise Ibiza par Eugeni Quitllet. Empilable, \u00e9l\u00e9gante et fabriqu\u00e9e en plastique 100 % recycl\u00e9 de la M\u00e9diterran\u00e9e. Un design durable pour vos espaces.","robots":{"index":"index","follow":"follow","max-snippet":"max-snippet:-1","max-image-preview":"max-image-preview:large","max-video-preview":"max-video-preview:-1"},"canonical":"https:\/\/www.lavillagardendesign.com\/fr\/product\/ibiza-chaise-dexterieur-empilable\/","og_locale":"fr_FR","og_type":"article","og_title":"Ibiza - Chaise d\u2019ext\u00e9rieur empilable | Design et durabilit\u00e9 \u00e9cologique","og_description":"D\u00e9couvrez la chaise Ibiza par Eugeni Quitllet. Empilable, \u00e9l\u00e9gante et fabriqu\u00e9e en plastique 100 % recycl\u00e9 de la M\u00e9diterran\u00e9e. Un design durable pour vos espaces.","og_url":"https:\/\/www.lavillagardendesign.com\/fr\/product\/ibiza-chaise-dexterieur-empilable\/","og_site_name":"La Villa Garden&amp;Design","article_publisher":"https:\/\/www.facebook.com\/lavillagardendesign\/","article_modified_time":"2026-03-10T02:36:12+00:00","og_image":[{"width":800,"height":800,"url":"https:\/\/www.lavillagardendesign.com\/wp-content\/uploads\/2024\/01\/Vondom_65040_Ibiza_Silla_1_Ecru.jpg","type":"image\/jpeg"}],"twitter_card":"summary_large_image","schema":{"@context":"https:\/\/schema.org","@graph":[{"@type":"WebPage","@id":"https:\/\/www.lavillagardendesign.com\/fr\/product\/ibiza-chaise-dexterieur-empilable\/","url":"https:\/\/www.lavillagardendesign.com\/fr\/product\/ibiza-chaise-dexterieur-empilable\/","name":"Ibiza - Chaise d\u2019ext\u00e9rieur empilable | Design et durabilit\u00e9 \u00e9cologique","isPartOf":{"@id":"https:\/\/www.lavillagardendesign.com\/#website"},"primaryImageOfPage":{"@id":"https:\/\/www.lavillagardendesign.com\/fr\/product\/ibiza-chaise-dexterieur-empilable\/#primaryimage"},"image":{"@id":"https:\/\/www.lavillagardendesign.com\/fr\/product\/ibiza-chaise-dexterieur-empilable\/#primaryimage"},"thumbnailUrl":"https:\/\/www.lavillagardendesign.com\/wp-content\/uploads\/2024\/01\/Vondom_65040_Ibiza_Silla_1_Ecru.jpg","datePublished":"2024-01-29T19:01:36+00:00","dateModified":"2026-03-10T02:36:12+00:00","description":"D\u00e9couvrez la chaise Ibiza par Eugeni Quitllet. Empilable, \u00e9l\u00e9gante et fabriqu\u00e9e en plastique 100 % recycl\u00e9 de la M\u00e9diterran\u00e9e. Un design durable pour vos espaces.","breadcrumb":{"@id":"https:\/\/www.lavillagardendesign.com\/fr\/product\/ibiza-chaise-dexterieur-empilable\/#breadcrumb"},"inLanguage":"fr-FR","potentialAction":[{"@type":"ReadAction","target":["https:\/\/www.lavillagardendesign.com\/fr\/product\/ibiza-chaise-dexterieur-empilable\/"]}]},{"@type":"ImageObject","inLanguage":"fr-FR","@id":"https:\/\/www.lavillagardendesign.com\/fr\/product\/ibiza-chaise-dexterieur-empilable\/#primaryimage","url":"https:\/\/www.lavillagardendesign.com\/wp-content\/uploads\/2024\/01\/Vondom_65040_Ibiza_Silla_1_Ecru.jpg","contentUrl":"https:\/\/www.lavillagardendesign.com\/wp-content\/uploads\/2024\/01\/Vondom_65040_Ibiza_Silla_1_Ecru.jpg","width":800,"height":800},{"@type":"BreadcrumbList","@id":"https:\/\/www.lavillagardendesign.com\/fr\/product\/ibiza-chaise-dexterieur-empilable\/#breadcrumb","itemListElement":[{"@type":"ListItem","position":1,"name":"Home","item":"https:\/\/www.lavillagardendesign.com\/"},{"@type":"ListItem","position":2,"name":"Boutique","item":"https:\/\/www.lavillagardendesign.com\/fr\/boutique\/"},{"@type":"ListItem","position":3,"name":"IBIZA \u2013 Chaise d\u2019ext\u00e9rieur empilable"}]},{"@type":"WebSite","@id":"https:\/\/www.lavillagardendesign.com\/#website","url":"https:\/\/www.lavillagardendesign.com\/","name":"La Villa Garden&Design","description":"","publisher":{"@id":"https:\/\/www.lavillagardendesign.com\/#organization"},"potentialAction":[{"@type":"SearchAction","target":{"@type":"EntryPoint","urlTemplate":"https:\/\/www.lavillagardendesign.com\/?s={search_term_string}"},"query-input":{"@type":"PropertyValueSpecification","valueRequired":true,"valueName":"search_term_string"}}],"inLanguage":"fr-FR"},{"@type":"Organization","@id":"https:\/\/www.lavillagardendesign.com\/#organization","name":"La Villa Garden&Design","url":"https:\/\/www.lavillagardendesign.com\/","logo":{"@type":"ImageObject","inLanguage":"fr-FR","@id":"https:\/\/www.lavillagardendesign.com\/#\/schema\/logo\/image\/","url":"https:\/\/www.lavillagardendesign.com\/wp-content\/uploads\/2024\/04\/logolavilla.png","contentUrl":"https:\/\/www.lavillagardendesign.com\/wp-content\/uploads\/2024\/04\/logolavilla.png","width":682,"height":391,"caption":"La Villa Garden&Design"},"image":{"@id":"https:\/\/www.lavillagardendesign.com\/#\/schema\/logo\/image\/"},"sameAs":["https:\/\/www.facebook.com\/lavillagardendesign\/"]}]}},"_links":{"self":[{"href":"https:\/\/www.lavillagardendesign.com\/fr\/wp-json\/wp\/v2\/product\/50323","targetHints":{"allow":["GET"]}}],"collection":[{"href":"https:\/\/www.lavillagardendesign.com\/fr\/wp-json\/wp\/v2\/product"}],"about":[{"href":"https:\/\/www.lavillagardendesign.com\/fr\/wp-json\/wp\/v2\/types\/product"}],"replies":[{"embeddable":true,"href":"https:\/\/www.lavillagardendesign.com\/fr\/wp-json\/wp\/v2\/comments?post=50323"}],"version-history":[{"count":1,"href":"https:\/\/www.lavillagardendesign.com\/fr\/wp-json\/wp\/v2\/product\/50323\/revisions"}],"predecessor-version":[{"id":52346,"href":"https:\/\/www.lavillagardendesign.com\/fr\/wp-json\/wp\/v2\/product\/50323\/revisions\/52346"}],"wp:featuredmedia":[{"embeddable":true,"href":"https:\/\/www.lavillagardendesign.com\/fr\/wp-json\/wp\/v2\/media\/50256"}],"wp:attachment":[{"href":"https:\/\/www.lavillagardendesign.com\/fr\/wp-json\/wp\/v2\/media?parent=50323"}],"wp:term":[{"taxonomy":"product_brand","embeddable":true,"href":"https:\/\/www.lavillagardendesign.com\/fr\/wp-json\/wp\/v2\/product_brand?post=50323"},{"taxonomy":"product_cat","embeddable":true,"href":"https:\/\/www.lavillagardendesign.com\/fr\/wp-json\/wp\/v2\/product_cat?post=50323"},{"taxonomy":"product_tag","embeddable":true,"href":"https:\/\/www.lavillagardendesign.com\/fr\/wp-json\/wp\/v2\/product_tag?post=50323"}],"curies":[{"name":"wp","href":"https:\/\/api.w.org\/{rel}","templated":true}]}}