{"id":49871,"date":"2025-01-11T13:09:10","date_gmt":"2025-01-11T12:09:10","guid":{"rendered":"https:\/\/www.lavillagardendesign.com\/product\/rio-tabouret-de-bar-en-aluminium-et-tressage-olefine\/"},"modified":"2026-02-23T13:10:49","modified_gmt":"2026-02-23T11:10:49","slug":"rio-tabouret-de-bar-en-aluminium-et-tressage-olefine","status":"publish","type":"product","link":"https:\/\/www.lavillagardendesign.com\/fr\/product\/rio-tabouret-de-bar-en-aluminium-et-tressage-olefine\/","title":{"rendered":"RIO &#8211; Tabouret de bar en Aluminium et Tressage Ol\u00e9fine"},"content":{"rendered":"","protected":false},"excerpt":{"rendered":"<p>Le tabouret de bar RIO se distingue par son design moderne et sa conception robuste, parfaite pour les espaces ext\u00e9rieurs. Sa structure en aluminium l\u00e9g\u00e8re mais solide est compl\u00e9t\u00e9e par un tressage en ol\u00e9fine r\u00e9sistant aux intemp\u00e9ries et un coussin d\u2019assise confortable. Disponible en deux \u00e9l\u00e9gantes finitions \u2013 noir avec tressage gris et coussin gris, ou blanc avec tressage beige et coussin beige \u2013 ce tabouret est id\u00e9al pour accompagner une table haute ou am\u00e9nager un espace bar ext\u00e9rieur. Une alliance parfaite entre style contemporain et praticit\u00e9.   <\/p>\n","protected":false},"featured_media":49809,"comment_status":"open","ping_status":"closed","template":"","meta":[],"product_brand":[5001],"product_cat":[6832,2929,2930,5658],"product_tag":[],"class_list":{"0":"post-49871","1":"product","2":"type-product","3":"status-publish","4":"has-post-thumbnail","6":"product_brand-la-villa-garden","7":"product_cat-outdoor-fr","8":"product_cat-chaises","9":"product_cat-chaises-hautes","10":"product_cat-promos-web","12":"first","13":"instock","14":"sale","15":"taxable","16":"shipping-taxable","17":"purchasable","18":"product-type-variable","19":"has-default-attributes"},"yoast_head":"<!-- This site is optimized with the Yoast SEO plugin v27.1.1 - https:\/\/yoast.com\/product\/yoast-seo-wordpress\/ -->\n<title>RIO \u2013 Tabouret de bar en aluminium et tressage ol\u00e9fine<\/title>\n<meta name=\"description\" content=\"Optez pour le tabouret de bar RIO : structure en aluminium, tressage ol\u00e9fine durable et coussin confortable. Noir\/gris ou blanc\/beige.\" \/>\n<meta name=\"robots\" content=\"index, follow, max-snippet:-1, max-image-preview:large, max-video-preview:-1\" \/>\n<link rel=\"canonical\" href=\"https:\/\/www.lavillagardendesign.com\/fr\/product\/rio-tabouret-de-bar-en-aluminium-et-tressage-olefine\/\" \/>\n<meta property=\"og:locale\" content=\"fr_FR\" \/>\n<meta property=\"og:type\" content=\"article\" \/>\n<meta property=\"og:title\" content=\"RIO \u2013 Tabouret de bar en aluminium et tressage ol\u00e9fine\" \/>\n<meta property=\"og:description\" content=\"Optez pour le tabouret de bar RIO : structure en aluminium, tressage ol\u00e9fine durable et coussin confortable. Noir\/gris ou blanc\/beige.\" \/>\n<meta property=\"og:url\" content=\"https:\/\/www.lavillagardendesign.com\/fr\/product\/rio-tabouret-de-bar-en-aluminium-et-tressage-olefine\/\" \/>\n<meta property=\"og:site_name\" content=\"La Villa Garden&amp;Design\" \/>\n<meta property=\"article:publisher\" content=\"https:\/\/www.facebook.com\/lavillagardendesign\/\" \/>\n<meta property=\"article:modified_time\" content=\"2026-02-23T11:10:49+00:00\" \/>\n<meta property=\"og:image\" content=\"https:\/\/www.lavillagardendesign.com\/wp-content\/uploads\/2025\/01\/AMB-RIO-DAB683ROWH_600x.webp\" \/>\n\t<meta property=\"og:image:width\" content=\"600\" \/>\n\t<meta property=\"og:image:height\" content=\"600\" \/>\n\t<meta property=\"og:image:type\" content=\"image\/webp\" \/>\n<meta name=\"twitter:card\" content=\"summary_large_image\" \/>\n<script type=\"application\/ld+json\" class=\"yoast-schema-graph\">{\"@context\":\"https:\/\/schema.org\",\"@graph\":[{\"@type\":\"WebPage\",\"@id\":\"https:\/\/www.lavillagardendesign.com\/fr\/product\/rio-tabouret-de-bar-en-aluminium-et-tressage-olefine\/\",\"url\":\"https:\/\/www.lavillagardendesign.com\/fr\/product\/rio-tabouret-de-bar-en-aluminium-et-tressage-olefine\/\",\"name\":\"RIO \u2013 Tabouret de bar en aluminium et tressage ol\u00e9fine\",\"isPartOf\":{\"@id\":\"https:\/\/www.lavillagardendesign.com\/#website\"},\"primaryImageOfPage\":{\"@id\":\"https:\/\/www.lavillagardendesign.com\/fr\/product\/rio-tabouret-de-bar-en-aluminium-et-tressage-olefine\/#primaryimage\"},\"image\":{\"@id\":\"https:\/\/www.lavillagardendesign.com\/fr\/product\/rio-tabouret-de-bar-en-aluminium-et-tressage-olefine\/#primaryimage\"},\"thumbnailUrl\":\"https:\/\/www.lavillagardendesign.com\/wp-content\/uploads\/2025\/01\/AMB-RIO-DAB683ROWH_600x.webp\",\"datePublished\":\"2025-01-11T12:09:10+00:00\",\"dateModified\":\"2026-02-23T11:10:49+00:00\",\"description\":\"Optez pour le tabouret de bar RIO : structure en aluminium, tressage ol\u00e9fine durable et coussin confortable. Noir\/gris ou blanc\/beige.\",\"breadcrumb\":{\"@id\":\"https:\/\/www.lavillagardendesign.com\/fr\/product\/rio-tabouret-de-bar-en-aluminium-et-tressage-olefine\/#breadcrumb\"},\"inLanguage\":\"fr-FR\",\"potentialAction\":[{\"@type\":\"ReadAction\",\"target\":[\"https:\/\/www.lavillagardendesign.com\/fr\/product\/rio-tabouret-de-bar-en-aluminium-et-tressage-olefine\/\"]}]},{\"@type\":\"ImageObject\",\"inLanguage\":\"fr-FR\",\"@id\":\"https:\/\/www.lavillagardendesign.com\/fr\/product\/rio-tabouret-de-bar-en-aluminium-et-tressage-olefine\/#primaryimage\",\"url\":\"https:\/\/www.lavillagardendesign.com\/wp-content\/uploads\/2025\/01\/AMB-RIO-DAB683ROWH_600x.webp\",\"contentUrl\":\"https:\/\/www.lavillagardendesign.com\/wp-content\/uploads\/2025\/01\/AMB-RIO-DAB683ROWH_600x.webp\",\"width\":600,\"height\":600},{\"@type\":\"BreadcrumbList\",\"@id\":\"https:\/\/www.lavillagardendesign.com\/fr\/product\/rio-tabouret-de-bar-en-aluminium-et-tressage-olefine\/#breadcrumb\",\"itemListElement\":[{\"@type\":\"ListItem\",\"position\":1,\"name\":\"Home\",\"item\":\"https:\/\/www.lavillagardendesign.com\/\"},{\"@type\":\"ListItem\",\"position\":2,\"name\":\"Boutique\",\"item\":\"https:\/\/www.lavillagardendesign.com\/fr\/boutique\/\"},{\"@type\":\"ListItem\",\"position\":3,\"name\":\"RIO &#8211; Tabouret de bar en Aluminium et Tressage Ol\u00e9fine\"}]},{\"@type\":\"WebSite\",\"@id\":\"https:\/\/www.lavillagardendesign.com\/#website\",\"url\":\"https:\/\/www.lavillagardendesign.com\/\",\"name\":\"La Villa Garden&Design\",\"description\":\"\",\"publisher\":{\"@id\":\"https:\/\/www.lavillagardendesign.com\/#organization\"},\"potentialAction\":[{\"@type\":\"SearchAction\",\"target\":{\"@type\":\"EntryPoint\",\"urlTemplate\":\"https:\/\/www.lavillagardendesign.com\/?s={search_term_string}\"},\"query-input\":{\"@type\":\"PropertyValueSpecification\",\"valueRequired\":true,\"valueName\":\"search_term_string\"}}],\"inLanguage\":\"fr-FR\"},{\"@type\":\"Organization\",\"@id\":\"https:\/\/www.lavillagardendesign.com\/#organization\",\"name\":\"La Villa Garden&Design\",\"url\":\"https:\/\/www.lavillagardendesign.com\/\",\"logo\":{\"@type\":\"ImageObject\",\"inLanguage\":\"fr-FR\",\"@id\":\"https:\/\/www.lavillagardendesign.com\/#\/schema\/logo\/image\/\",\"url\":\"https:\/\/www.lavillagardendesign.com\/wp-content\/uploads\/2024\/04\/logolavilla.png\",\"contentUrl\":\"https:\/\/www.lavillagardendesign.com\/wp-content\/uploads\/2024\/04\/logolavilla.png\",\"width\":682,\"height\":391,\"caption\":\"La Villa Garden&Design\"},\"image\":{\"@id\":\"https:\/\/www.lavillagardendesign.com\/#\/schema\/logo\/image\/\"},\"sameAs\":[\"https:\/\/www.facebook.com\/lavillagardendesign\/\"]}]}<\/script>\n<!-- \/ Yoast SEO plugin. -->","yoast_head_json":{"title":"RIO \u2013 Tabouret de bar en aluminium et tressage ol\u00e9fine","description":"Optez pour le tabouret de bar RIO : structure en aluminium, tressage ol\u00e9fine durable et coussin confortable. Noir\/gris ou blanc\/beige.","robots":{"index":"index","follow":"follow","max-snippet":"max-snippet:-1","max-image-preview":"max-image-preview:large","max-video-preview":"max-video-preview:-1"},"canonical":"https:\/\/www.lavillagardendesign.com\/fr\/product\/rio-tabouret-de-bar-en-aluminium-et-tressage-olefine\/","og_locale":"fr_FR","og_type":"article","og_title":"RIO \u2013 Tabouret de bar en aluminium et tressage ol\u00e9fine","og_description":"Optez pour le tabouret de bar RIO : structure en aluminium, tressage ol\u00e9fine durable et coussin confortable. Noir\/gris ou blanc\/beige.","og_url":"https:\/\/www.lavillagardendesign.com\/fr\/product\/rio-tabouret-de-bar-en-aluminium-et-tressage-olefine\/","og_site_name":"La Villa Garden&amp;Design","article_publisher":"https:\/\/www.facebook.com\/lavillagardendesign\/","article_modified_time":"2026-02-23T11:10:49+00:00","og_image":[{"width":600,"height":600,"url":"https:\/\/www.lavillagardendesign.com\/wp-content\/uploads\/2025\/01\/AMB-RIO-DAB683ROWH_600x.webp","type":"image\/webp"}],"twitter_card":"summary_large_image","schema":{"@context":"https:\/\/schema.org","@graph":[{"@type":"WebPage","@id":"https:\/\/www.lavillagardendesign.com\/fr\/product\/rio-tabouret-de-bar-en-aluminium-et-tressage-olefine\/","url":"https:\/\/www.lavillagardendesign.com\/fr\/product\/rio-tabouret-de-bar-en-aluminium-et-tressage-olefine\/","name":"RIO \u2013 Tabouret de bar en aluminium et tressage ol\u00e9fine","isPartOf":{"@id":"https:\/\/www.lavillagardendesign.com\/#website"},"primaryImageOfPage":{"@id":"https:\/\/www.lavillagardendesign.com\/fr\/product\/rio-tabouret-de-bar-en-aluminium-et-tressage-olefine\/#primaryimage"},"image":{"@id":"https:\/\/www.lavillagardendesign.com\/fr\/product\/rio-tabouret-de-bar-en-aluminium-et-tressage-olefine\/#primaryimage"},"thumbnailUrl":"https:\/\/www.lavillagardendesign.com\/wp-content\/uploads\/2025\/01\/AMB-RIO-DAB683ROWH_600x.webp","datePublished":"2025-01-11T12:09:10+00:00","dateModified":"2026-02-23T11:10:49+00:00","description":"Optez pour le tabouret de bar RIO : structure en aluminium, tressage ol\u00e9fine durable et coussin confortable. Noir\/gris ou blanc\/beige.","breadcrumb":{"@id":"https:\/\/www.lavillagardendesign.com\/fr\/product\/rio-tabouret-de-bar-en-aluminium-et-tressage-olefine\/#breadcrumb"},"inLanguage":"fr-FR","potentialAction":[{"@type":"ReadAction","target":["https:\/\/www.lavillagardendesign.com\/fr\/product\/rio-tabouret-de-bar-en-aluminium-et-tressage-olefine\/"]}]},{"@type":"ImageObject","inLanguage":"fr-FR","@id":"https:\/\/www.lavillagardendesign.com\/fr\/product\/rio-tabouret-de-bar-en-aluminium-et-tressage-olefine\/#primaryimage","url":"https:\/\/www.lavillagardendesign.com\/wp-content\/uploads\/2025\/01\/AMB-RIO-DAB683ROWH_600x.webp","contentUrl":"https:\/\/www.lavillagardendesign.com\/wp-content\/uploads\/2025\/01\/AMB-RIO-DAB683ROWH_600x.webp","width":600,"height":600},{"@type":"BreadcrumbList","@id":"https:\/\/www.lavillagardendesign.com\/fr\/product\/rio-tabouret-de-bar-en-aluminium-et-tressage-olefine\/#breadcrumb","itemListElement":[{"@type":"ListItem","position":1,"name":"Home","item":"https:\/\/www.lavillagardendesign.com\/"},{"@type":"ListItem","position":2,"name":"Boutique","item":"https:\/\/www.lavillagardendesign.com\/fr\/boutique\/"},{"@type":"ListItem","position":3,"name":"RIO &#8211; Tabouret de bar en Aluminium et Tressage Ol\u00e9fine"}]},{"@type":"WebSite","@id":"https:\/\/www.lavillagardendesign.com\/#website","url":"https:\/\/www.lavillagardendesign.com\/","name":"La Villa Garden&Design","description":"","publisher":{"@id":"https:\/\/www.lavillagardendesign.com\/#organization"},"potentialAction":[{"@type":"SearchAction","target":{"@type":"EntryPoint","urlTemplate":"https:\/\/www.lavillagardendesign.com\/?s={search_term_string}"},"query-input":{"@type":"PropertyValueSpecification","valueRequired":true,"valueName":"search_term_string"}}],"inLanguage":"fr-FR"},{"@type":"Organization","@id":"https:\/\/www.lavillagardendesign.com\/#organization","name":"La Villa Garden&Design","url":"https:\/\/www.lavillagardendesign.com\/","logo":{"@type":"ImageObject","inLanguage":"fr-FR","@id":"https:\/\/www.lavillagardendesign.com\/#\/schema\/logo\/image\/","url":"https:\/\/www.lavillagardendesign.com\/wp-content\/uploads\/2024\/04\/logolavilla.png","contentUrl":"https:\/\/www.lavillagardendesign.com\/wp-content\/uploads\/2024\/04\/logolavilla.png","width":682,"height":391,"caption":"La Villa Garden&Design"},"image":{"@id":"https:\/\/www.lavillagardendesign.com\/#\/schema\/logo\/image\/"},"sameAs":["https:\/\/www.facebook.com\/lavillagardendesign\/"]}]}},"_links":{"self":[{"href":"https:\/\/www.lavillagardendesign.com\/fr\/wp-json\/wp\/v2\/product\/49871","targetHints":{"allow":["GET"]}}],"collection":[{"href":"https:\/\/www.lavillagardendesign.com\/fr\/wp-json\/wp\/v2\/product"}],"about":[{"href":"https:\/\/www.lavillagardendesign.com\/fr\/wp-json\/wp\/v2\/types\/product"}],"replies":[{"embeddable":true,"href":"https:\/\/www.lavillagardendesign.com\/fr\/wp-json\/wp\/v2\/comments?post=49871"}],"version-history":[{"count":1,"href":"https:\/\/www.lavillagardendesign.com\/fr\/wp-json\/wp\/v2\/product\/49871\/revisions"}],"predecessor-version":[{"id":52253,"href":"https:\/\/www.lavillagardendesign.com\/fr\/wp-json\/wp\/v2\/product\/49871\/revisions\/52253"}],"wp:featuredmedia":[{"embeddable":true,"href":"https:\/\/www.lavillagardendesign.com\/fr\/wp-json\/wp\/v2\/media\/49809"}],"wp:attachment":[{"href":"https:\/\/www.lavillagardendesign.com\/fr\/wp-json\/wp\/v2\/media?parent=49871"}],"wp:term":[{"taxonomy":"product_brand","embeddable":true,"href":"https:\/\/www.lavillagardendesign.com\/fr\/wp-json\/wp\/v2\/product_brand?post=49871"},{"taxonomy":"product_cat","embeddable":true,"href":"https:\/\/www.lavillagardendesign.com\/fr\/wp-json\/wp\/v2\/product_cat?post=49871"},{"taxonomy":"product_tag","embeddable":true,"href":"https:\/\/www.lavillagardendesign.com\/fr\/wp-json\/wp\/v2\/product_tag?post=49871"}],"curies":[{"name":"wp","href":"https:\/\/api.w.org\/{rel}","templated":true}]}}