{"id":49543,"date":"2024-01-29T19:59:24","date_gmt":"2024-01-29T18:59:24","guid":{"rendered":"https:\/\/www.lavillagardendesign.com\/product\/neverland-chaise-en-aluminium-et-polyethylene\/"},"modified":"2026-03-10T03:45:27","modified_gmt":"2026-03-10T02:45:27","slug":"neverland-chaise-en-aluminium-et-polyethylene","status":"publish","type":"product","link":"https:\/\/www.lavillagardendesign.com\/fr\/product\/neverland-chaise-en-aluminium-et-polyethylene\/","title":{"rendered":"NEVERLAND &#8211; Chaise en Aluminium et Poly\u00e9thyl\u00e8ne"},"content":{"rendered":"","protected":false},"excerpt":{"rendered":"<p>Apportez \u00e9l\u00e9gance et fonctionnalit\u00e9 \u00e0 votre salle \u00e0 manger avec la chaise NEVERLAND. Sa structure en aluminium blanc assure robustesse et l\u00e9g\u00e8ret\u00e9, tandis que son assise en poly\u00e9thyl\u00e8ne blanc offre confort et facilit\u00e9 d&rsquo;entretien. Id\u00e9ale pour un usage int\u00e9rieur ou ext\u00e9rieur, cette chaise s&rsquo;adapte parfaitement \u00e0 tous les styles de d\u00e9coration gr\u00e2ce \u00e0 son design intemporel.  <\/p>\n","protected":false},"featured_media":49481,"comment_status":"open","ping_status":"closed","template":"","meta":[],"product_brand":[5001],"product_cat":[6832,2929,2931,5658],"product_tag":[],"class_list":{"0":"post-49543","1":"product","2":"type-product","3":"status-publish","4":"has-post-thumbnail","6":"product_brand-la-villa-garden","7":"product_cat-outdoor-fr","8":"product_cat-chaises","9":"product_cat-chaises-repas","10":"product_cat-promos-web","12":"first","13":"instock","14":"sale","15":"taxable","16":"shipping-taxable","17":"purchasable","18":"product-type-simple"},"yoast_head":"<!-- This site is optimized with the Yoast SEO plugin v27.1.1 - https:\/\/yoast.com\/product\/yoast-seo-wordpress\/ -->\n<title>NEVERLAND \u2013 Chaise en aluminium et poly\u00e9thyl\u00e8ne, design \u00e9l\u00e9gant<\/title>\n<meta name=\"description\" content=\"Chaise NEVERLAND : structure en aluminium blanc et assise en poly\u00e9thyl\u00e8ne. \u00c9l\u00e9gance, confort et robustesse.\" \/>\n<meta name=\"robots\" content=\"index, follow, max-snippet:-1, max-image-preview:large, max-video-preview:-1\" \/>\n<link rel=\"canonical\" href=\"https:\/\/www.lavillagardendesign.com\/fr\/product\/neverland-chaise-en-aluminium-et-polyethylene\/\" \/>\n<meta property=\"og:locale\" content=\"fr_FR\" \/>\n<meta property=\"og:type\" content=\"article\" \/>\n<meta property=\"og:title\" content=\"NEVERLAND \u2013 Chaise en aluminium et poly\u00e9thyl\u00e8ne, design \u00e9l\u00e9gant\" \/>\n<meta property=\"og:description\" content=\"Chaise NEVERLAND : structure en aluminium blanc et assise en poly\u00e9thyl\u00e8ne. \u00c9l\u00e9gance, confort et robustesse.\" \/>\n<meta property=\"og:url\" content=\"https:\/\/www.lavillagardendesign.com\/fr\/product\/neverland-chaise-en-aluminium-et-polyethylene\/\" \/>\n<meta property=\"og:site_name\" content=\"La Villa Garden&amp;Design\" \/>\n<meta property=\"article:publisher\" content=\"https:\/\/www.facebook.com\/lavillagardendesign\/\" \/>\n<meta property=\"article:modified_time\" content=\"2026-03-10T02:45:27+00:00\" \/>\n<meta property=\"og:image\" content=\"https:\/\/www.lavillagardendesign.com\/wp-content\/uploads\/2024\/01\/AMB-NEVERLAND-CAP158WH_600x.webp\" \/>\n\t<meta property=\"og:image:width\" content=\"600\" \/>\n\t<meta property=\"og:image:height\" content=\"600\" \/>\n\t<meta property=\"og:image:type\" content=\"image\/webp\" \/>\n<meta name=\"twitter:card\" content=\"summary_large_image\" \/>\n<script type=\"application\/ld+json\" class=\"yoast-schema-graph\">{\"@context\":\"https:\/\/schema.org\",\"@graph\":[{\"@type\":\"WebPage\",\"@id\":\"https:\/\/www.lavillagardendesign.com\/fr\/product\/neverland-chaise-en-aluminium-et-polyethylene\/\",\"url\":\"https:\/\/www.lavillagardendesign.com\/fr\/product\/neverland-chaise-en-aluminium-et-polyethylene\/\",\"name\":\"NEVERLAND \u2013 Chaise en aluminium et poly\u00e9thyl\u00e8ne, design \u00e9l\u00e9gant\",\"isPartOf\":{\"@id\":\"https:\/\/www.lavillagardendesign.com\/#website\"},\"primaryImageOfPage\":{\"@id\":\"https:\/\/www.lavillagardendesign.com\/fr\/product\/neverland-chaise-en-aluminium-et-polyethylene\/#primaryimage\"},\"image\":{\"@id\":\"https:\/\/www.lavillagardendesign.com\/fr\/product\/neverland-chaise-en-aluminium-et-polyethylene\/#primaryimage\"},\"thumbnailUrl\":\"https:\/\/www.lavillagardendesign.com\/wp-content\/uploads\/2024\/01\/AMB-NEVERLAND-CAP158WH_600x.webp\",\"datePublished\":\"2024-01-29T18:59:24+00:00\",\"dateModified\":\"2026-03-10T02:45:27+00:00\",\"description\":\"Chaise NEVERLAND : structure en aluminium blanc et assise en poly\u00e9thyl\u00e8ne. \u00c9l\u00e9gance, confort et robustesse.\",\"breadcrumb\":{\"@id\":\"https:\/\/www.lavillagardendesign.com\/fr\/product\/neverland-chaise-en-aluminium-et-polyethylene\/#breadcrumb\"},\"inLanguage\":\"fr-FR\",\"potentialAction\":[{\"@type\":\"ReadAction\",\"target\":[\"https:\/\/www.lavillagardendesign.com\/fr\/product\/neverland-chaise-en-aluminium-et-polyethylene\/\"]}]},{\"@type\":\"ImageObject\",\"inLanguage\":\"fr-FR\",\"@id\":\"https:\/\/www.lavillagardendesign.com\/fr\/product\/neverland-chaise-en-aluminium-et-polyethylene\/#primaryimage\",\"url\":\"https:\/\/www.lavillagardendesign.com\/wp-content\/uploads\/2024\/01\/AMB-NEVERLAND-CAP158WH_600x.webp\",\"contentUrl\":\"https:\/\/www.lavillagardendesign.com\/wp-content\/uploads\/2024\/01\/AMB-NEVERLAND-CAP158WH_600x.webp\",\"width\":600,\"height\":600},{\"@type\":\"BreadcrumbList\",\"@id\":\"https:\/\/www.lavillagardendesign.com\/fr\/product\/neverland-chaise-en-aluminium-et-polyethylene\/#breadcrumb\",\"itemListElement\":[{\"@type\":\"ListItem\",\"position\":1,\"name\":\"Home\",\"item\":\"https:\/\/www.lavillagardendesign.com\/\"},{\"@type\":\"ListItem\",\"position\":2,\"name\":\"Boutique\",\"item\":\"https:\/\/www.lavillagardendesign.com\/fr\/boutique\/\"},{\"@type\":\"ListItem\",\"position\":3,\"name\":\"NEVERLAND &#8211; Chaise en Aluminium et Poly\u00e9thyl\u00e8ne\"}]},{\"@type\":\"WebSite\",\"@id\":\"https:\/\/www.lavillagardendesign.com\/#website\",\"url\":\"https:\/\/www.lavillagardendesign.com\/\",\"name\":\"La Villa Garden&Design\",\"description\":\"\",\"publisher\":{\"@id\":\"https:\/\/www.lavillagardendesign.com\/#organization\"},\"potentialAction\":[{\"@type\":\"SearchAction\",\"target\":{\"@type\":\"EntryPoint\",\"urlTemplate\":\"https:\/\/www.lavillagardendesign.com\/?s={search_term_string}\"},\"query-input\":{\"@type\":\"PropertyValueSpecification\",\"valueRequired\":true,\"valueName\":\"search_term_string\"}}],\"inLanguage\":\"fr-FR\"},{\"@type\":\"Organization\",\"@id\":\"https:\/\/www.lavillagardendesign.com\/#organization\",\"name\":\"La Villa Garden&Design\",\"url\":\"https:\/\/www.lavillagardendesign.com\/\",\"logo\":{\"@type\":\"ImageObject\",\"inLanguage\":\"fr-FR\",\"@id\":\"https:\/\/www.lavillagardendesign.com\/#\/schema\/logo\/image\/\",\"url\":\"https:\/\/www.lavillagardendesign.com\/wp-content\/uploads\/2024\/04\/logolavilla.png\",\"contentUrl\":\"https:\/\/www.lavillagardendesign.com\/wp-content\/uploads\/2024\/04\/logolavilla.png\",\"width\":682,\"height\":391,\"caption\":\"La Villa Garden&Design\"},\"image\":{\"@id\":\"https:\/\/www.lavillagardendesign.com\/#\/schema\/logo\/image\/\"},\"sameAs\":[\"https:\/\/www.facebook.com\/lavillagardendesign\/\"]}]}<\/script>\n<!-- \/ Yoast SEO plugin. -->","yoast_head_json":{"title":"NEVERLAND \u2013 Chaise en aluminium et poly\u00e9thyl\u00e8ne, design \u00e9l\u00e9gant","description":"Chaise NEVERLAND : structure en aluminium blanc et assise en poly\u00e9thyl\u00e8ne. \u00c9l\u00e9gance, confort et robustesse.","robots":{"index":"index","follow":"follow","max-snippet":"max-snippet:-1","max-image-preview":"max-image-preview:large","max-video-preview":"max-video-preview:-1"},"canonical":"https:\/\/www.lavillagardendesign.com\/fr\/product\/neverland-chaise-en-aluminium-et-polyethylene\/","og_locale":"fr_FR","og_type":"article","og_title":"NEVERLAND \u2013 Chaise en aluminium et poly\u00e9thyl\u00e8ne, design \u00e9l\u00e9gant","og_description":"Chaise NEVERLAND : structure en aluminium blanc et assise en poly\u00e9thyl\u00e8ne. \u00c9l\u00e9gance, confort et robustesse.","og_url":"https:\/\/www.lavillagardendesign.com\/fr\/product\/neverland-chaise-en-aluminium-et-polyethylene\/","og_site_name":"La Villa Garden&amp;Design","article_publisher":"https:\/\/www.facebook.com\/lavillagardendesign\/","article_modified_time":"2026-03-10T02:45:27+00:00","og_image":[{"width":600,"height":600,"url":"https:\/\/www.lavillagardendesign.com\/wp-content\/uploads\/2024\/01\/AMB-NEVERLAND-CAP158WH_600x.webp","type":"image\/webp"}],"twitter_card":"summary_large_image","schema":{"@context":"https:\/\/schema.org","@graph":[{"@type":"WebPage","@id":"https:\/\/www.lavillagardendesign.com\/fr\/product\/neverland-chaise-en-aluminium-et-polyethylene\/","url":"https:\/\/www.lavillagardendesign.com\/fr\/product\/neverland-chaise-en-aluminium-et-polyethylene\/","name":"NEVERLAND \u2013 Chaise en aluminium et poly\u00e9thyl\u00e8ne, design \u00e9l\u00e9gant","isPartOf":{"@id":"https:\/\/www.lavillagardendesign.com\/#website"},"primaryImageOfPage":{"@id":"https:\/\/www.lavillagardendesign.com\/fr\/product\/neverland-chaise-en-aluminium-et-polyethylene\/#primaryimage"},"image":{"@id":"https:\/\/www.lavillagardendesign.com\/fr\/product\/neverland-chaise-en-aluminium-et-polyethylene\/#primaryimage"},"thumbnailUrl":"https:\/\/www.lavillagardendesign.com\/wp-content\/uploads\/2024\/01\/AMB-NEVERLAND-CAP158WH_600x.webp","datePublished":"2024-01-29T18:59:24+00:00","dateModified":"2026-03-10T02:45:27+00:00","description":"Chaise NEVERLAND : structure en aluminium blanc et assise en poly\u00e9thyl\u00e8ne. \u00c9l\u00e9gance, confort et robustesse.","breadcrumb":{"@id":"https:\/\/www.lavillagardendesign.com\/fr\/product\/neverland-chaise-en-aluminium-et-polyethylene\/#breadcrumb"},"inLanguage":"fr-FR","potentialAction":[{"@type":"ReadAction","target":["https:\/\/www.lavillagardendesign.com\/fr\/product\/neverland-chaise-en-aluminium-et-polyethylene\/"]}]},{"@type":"ImageObject","inLanguage":"fr-FR","@id":"https:\/\/www.lavillagardendesign.com\/fr\/product\/neverland-chaise-en-aluminium-et-polyethylene\/#primaryimage","url":"https:\/\/www.lavillagardendesign.com\/wp-content\/uploads\/2024\/01\/AMB-NEVERLAND-CAP158WH_600x.webp","contentUrl":"https:\/\/www.lavillagardendesign.com\/wp-content\/uploads\/2024\/01\/AMB-NEVERLAND-CAP158WH_600x.webp","width":600,"height":600},{"@type":"BreadcrumbList","@id":"https:\/\/www.lavillagardendesign.com\/fr\/product\/neverland-chaise-en-aluminium-et-polyethylene\/#breadcrumb","itemListElement":[{"@type":"ListItem","position":1,"name":"Home","item":"https:\/\/www.lavillagardendesign.com\/"},{"@type":"ListItem","position":2,"name":"Boutique","item":"https:\/\/www.lavillagardendesign.com\/fr\/boutique\/"},{"@type":"ListItem","position":3,"name":"NEVERLAND &#8211; Chaise en Aluminium et Poly\u00e9thyl\u00e8ne"}]},{"@type":"WebSite","@id":"https:\/\/www.lavillagardendesign.com\/#website","url":"https:\/\/www.lavillagardendesign.com\/","name":"La Villa Garden&Design","description":"","publisher":{"@id":"https:\/\/www.lavillagardendesign.com\/#organization"},"potentialAction":[{"@type":"SearchAction","target":{"@type":"EntryPoint","urlTemplate":"https:\/\/www.lavillagardendesign.com\/?s={search_term_string}"},"query-input":{"@type":"PropertyValueSpecification","valueRequired":true,"valueName":"search_term_string"}}],"inLanguage":"fr-FR"},{"@type":"Organization","@id":"https:\/\/www.lavillagardendesign.com\/#organization","name":"La Villa Garden&Design","url":"https:\/\/www.lavillagardendesign.com\/","logo":{"@type":"ImageObject","inLanguage":"fr-FR","@id":"https:\/\/www.lavillagardendesign.com\/#\/schema\/logo\/image\/","url":"https:\/\/www.lavillagardendesign.com\/wp-content\/uploads\/2024\/04\/logolavilla.png","contentUrl":"https:\/\/www.lavillagardendesign.com\/wp-content\/uploads\/2024\/04\/logolavilla.png","width":682,"height":391,"caption":"La Villa Garden&Design"},"image":{"@id":"https:\/\/www.lavillagardendesign.com\/#\/schema\/logo\/image\/"},"sameAs":["https:\/\/www.facebook.com\/lavillagardendesign\/"]}]}},"_links":{"self":[{"href":"https:\/\/www.lavillagardendesign.com\/fr\/wp-json\/wp\/v2\/product\/49543","targetHints":{"allow":["GET"]}}],"collection":[{"href":"https:\/\/www.lavillagardendesign.com\/fr\/wp-json\/wp\/v2\/product"}],"about":[{"href":"https:\/\/www.lavillagardendesign.com\/fr\/wp-json\/wp\/v2\/types\/product"}],"replies":[{"embeddable":true,"href":"https:\/\/www.lavillagardendesign.com\/fr\/wp-json\/wp\/v2\/comments?post=49543"}],"version-history":[{"count":1,"href":"https:\/\/www.lavillagardendesign.com\/fr\/wp-json\/wp\/v2\/product\/49543\/revisions"}],"predecessor-version":[{"id":52467,"href":"https:\/\/www.lavillagardendesign.com\/fr\/wp-json\/wp\/v2\/product\/49543\/revisions\/52467"}],"wp:featuredmedia":[{"embeddable":true,"href":"https:\/\/www.lavillagardendesign.com\/fr\/wp-json\/wp\/v2\/media\/49481"}],"wp:attachment":[{"href":"https:\/\/www.lavillagardendesign.com\/fr\/wp-json\/wp\/v2\/media?parent=49543"}],"wp:term":[{"taxonomy":"product_brand","embeddable":true,"href":"https:\/\/www.lavillagardendesign.com\/fr\/wp-json\/wp\/v2\/product_brand?post=49543"},{"taxonomy":"product_cat","embeddable":true,"href":"https:\/\/www.lavillagardendesign.com\/fr\/wp-json\/wp\/v2\/product_cat?post=49543"},{"taxonomy":"product_tag","embeddable":true,"href":"https:\/\/www.lavillagardendesign.com\/fr\/wp-json\/wp\/v2\/product_tag?post=49543"}],"curies":[{"name":"wp","href":"https:\/\/api.w.org\/{rel}","templated":true}]}}