{"id":48403,"date":"2024-12-06T20:17:00","date_gmt":"2024-12-06T19:17:00","guid":{"rendered":"https:\/\/www.lavillagardendesign.com\/product\/lumo-lampe-solaire-en-aluminium\/"},"modified":"2026-02-23T13:10:29","modified_gmt":"2026-02-23T11:10:29","slug":"lumo-lampe-solaire-en-aluminium","status":"publish","type":"product","link":"https:\/\/www.lavillagardendesign.com\/fr\/product\/lumo-lampe-solaire-en-aluminium\/","title":{"rendered":"LUMO \u2013 Lampe solaire en Aluminium"},"content":{"rendered":"","protected":false},"excerpt":{"rendered":"<p>La lampe solaire LUMO, en aluminium durable, est une option \u00e9l\u00e9gante pour \u00e9clairer vos espaces ext\u00e9rieurs. Disponible en deux dimensions, elle offre un \u00e9clairage LED pouvant durer jusqu&rsquo;\u00e0 18 heures gr\u00e2ce \u00e0 sa batterie au lithium aliment\u00e9e par \u00e9nergie solaire. Avec une conception r\u00e9sistante aux intemp\u00e9ries et une garantie de 2 ans, la LUMO s&rsquo;accompagne \u00e9galement d&rsquo;un chargeur USB pour plus de flexibilit\u00e9. Id\u00e9ale pour ajouter une touche de lumi\u00e8re et de modernit\u00e9 \u00e0 vos soir\u00e9es ext\u00e9rieures.   <\/p>\n","protected":false},"featured_media":48388,"comment_status":"open","ping_status":"closed","template":"","meta":[],"product_brand":[5001],"product_cat":[6832,2932,2934,5658],"product_tag":[],"class_list":{"0":"post-48403","1":"product","2":"type-product","3":"status-publish","4":"has-post-thumbnail","6":"product_brand-la-villa-garden","7":"product_cat-outdoor-fr","8":"product_cat-luminaires","9":"product_cat-lampes-de-table","10":"product_cat-promos-web","12":"first","13":"instock","14":"sale","15":"taxable","16":"shipping-taxable","17":"purchasable","18":"product-type-variable","19":"has-default-attributes"},"yoast_head":"<!-- This site is optimized with the Yoast SEO plugin v27.1.1 - https:\/\/yoast.com\/product\/yoast-seo-wordpress\/ -->\n<title>LUMO \u2013 Lampe solaire en aluminium disponible en deux dimensions<\/title>\n<meta name=\"description\" content=\"LUMO, lampe solaire en aluminium avec \u00e9clairage LED jusqu&#039;\u00e0 18 heures. Disponible en deux dimensions, r\u00e9sistante aux intemp\u00e9ries, garantie 2 ans, avec batterie lithium, \u00e9nergie solaire et chargeur USB inclus.\" \/>\n<meta name=\"robots\" content=\"index, follow, max-snippet:-1, max-image-preview:large, max-video-preview:-1\" \/>\n<link rel=\"canonical\" href=\"https:\/\/www.lavillagardendesign.com\/fr\/product\/lumo-lampe-solaire-en-aluminium\/\" \/>\n<meta property=\"og:locale\" content=\"fr_FR\" \/>\n<meta property=\"og:type\" content=\"article\" \/>\n<meta property=\"og:title\" content=\"LUMO \u2013 Lampe solaire en aluminium disponible en deux dimensions\" \/>\n<meta property=\"og:description\" content=\"LUMO, lampe solaire en aluminium avec \u00e9clairage LED jusqu&#039;\u00e0 18 heures. Disponible en deux dimensions, r\u00e9sistante aux intemp\u00e9ries, garantie 2 ans, avec batterie lithium, \u00e9nergie solaire et chargeur USB inclus.\" \/>\n<meta property=\"og:url\" content=\"https:\/\/www.lavillagardendesign.com\/fr\/product\/lumo-lampe-solaire-en-aluminium\/\" \/>\n<meta property=\"og:site_name\" content=\"La Villa Garden&amp;Design\" \/>\n<meta property=\"article:publisher\" content=\"https:\/\/www.facebook.com\/lavillagardendesign\/\" \/>\n<meta property=\"article:modified_time\" content=\"2026-02-23T11:10:29+00:00\" \/>\n<meta property=\"og:image\" content=\"https:\/\/www.lavillagardendesign.com\/wp-content\/uploads\/2024\/12\/1.png\" \/>\n\t<meta property=\"og:image:width\" content=\"700\" \/>\n\t<meta property=\"og:image:height\" content=\"800\" \/>\n\t<meta property=\"og:image:type\" content=\"image\/png\" \/>\n<meta name=\"twitter:card\" content=\"summary_large_image\" \/>\n<script type=\"application\/ld+json\" class=\"yoast-schema-graph\">{\"@context\":\"https:\/\/schema.org\",\"@graph\":[{\"@type\":\"WebPage\",\"@id\":\"https:\/\/www.lavillagardendesign.com\/fr\/product\/lumo-lampe-solaire-en-aluminium\/\",\"url\":\"https:\/\/www.lavillagardendesign.com\/fr\/product\/lumo-lampe-solaire-en-aluminium\/\",\"name\":\"LUMO \u2013 Lampe solaire en aluminium disponible en deux dimensions\",\"isPartOf\":{\"@id\":\"https:\/\/www.lavillagardendesign.com\/#website\"},\"primaryImageOfPage\":{\"@id\":\"https:\/\/www.lavillagardendesign.com\/fr\/product\/lumo-lampe-solaire-en-aluminium\/#primaryimage\"},\"image\":{\"@id\":\"https:\/\/www.lavillagardendesign.com\/fr\/product\/lumo-lampe-solaire-en-aluminium\/#primaryimage\"},\"thumbnailUrl\":\"https:\/\/www.lavillagardendesign.com\/wp-content\/uploads\/2024\/12\/1.png\",\"datePublished\":\"2024-12-06T19:17:00+00:00\",\"dateModified\":\"2026-02-23T11:10:29+00:00\",\"description\":\"LUMO, lampe solaire en aluminium avec \u00e9clairage LED jusqu'\u00e0 18 heures. Disponible en deux dimensions, r\u00e9sistante aux intemp\u00e9ries, garantie 2 ans, avec batterie lithium, \u00e9nergie solaire et chargeur USB inclus.\",\"breadcrumb\":{\"@id\":\"https:\/\/www.lavillagardendesign.com\/fr\/product\/lumo-lampe-solaire-en-aluminium\/#breadcrumb\"},\"inLanguage\":\"fr-FR\",\"potentialAction\":[{\"@type\":\"ReadAction\",\"target\":[\"https:\/\/www.lavillagardendesign.com\/fr\/product\/lumo-lampe-solaire-en-aluminium\/\"]}]},{\"@type\":\"ImageObject\",\"inLanguage\":\"fr-FR\",\"@id\":\"https:\/\/www.lavillagardendesign.com\/fr\/product\/lumo-lampe-solaire-en-aluminium\/#primaryimage\",\"url\":\"https:\/\/www.lavillagardendesign.com\/wp-content\/uploads\/2024\/12\/1.png\",\"contentUrl\":\"https:\/\/www.lavillagardendesign.com\/wp-content\/uploads\/2024\/12\/1.png\",\"width\":700,\"height\":800},{\"@type\":\"BreadcrumbList\",\"@id\":\"https:\/\/www.lavillagardendesign.com\/fr\/product\/lumo-lampe-solaire-en-aluminium\/#breadcrumb\",\"itemListElement\":[{\"@type\":\"ListItem\",\"position\":1,\"name\":\"Home\",\"item\":\"https:\/\/www.lavillagardendesign.com\/\"},{\"@type\":\"ListItem\",\"position\":2,\"name\":\"Boutique\",\"item\":\"https:\/\/www.lavillagardendesign.com\/fr\/boutique\/\"},{\"@type\":\"ListItem\",\"position\":3,\"name\":\"LUMO \u2013 Lampe solaire en Aluminium\"}]},{\"@type\":\"WebSite\",\"@id\":\"https:\/\/www.lavillagardendesign.com\/#website\",\"url\":\"https:\/\/www.lavillagardendesign.com\/\",\"name\":\"La Villa Garden&Design\",\"description\":\"\",\"publisher\":{\"@id\":\"https:\/\/www.lavillagardendesign.com\/#organization\"},\"potentialAction\":[{\"@type\":\"SearchAction\",\"target\":{\"@type\":\"EntryPoint\",\"urlTemplate\":\"https:\/\/www.lavillagardendesign.com\/?s={search_term_string}\"},\"query-input\":{\"@type\":\"PropertyValueSpecification\",\"valueRequired\":true,\"valueName\":\"search_term_string\"}}],\"inLanguage\":\"fr-FR\"},{\"@type\":\"Organization\",\"@id\":\"https:\/\/www.lavillagardendesign.com\/#organization\",\"name\":\"La Villa Garden&Design\",\"url\":\"https:\/\/www.lavillagardendesign.com\/\",\"logo\":{\"@type\":\"ImageObject\",\"inLanguage\":\"fr-FR\",\"@id\":\"https:\/\/www.lavillagardendesign.com\/#\/schema\/logo\/image\/\",\"url\":\"https:\/\/www.lavillagardendesign.com\/wp-content\/uploads\/2024\/04\/logolavilla.png\",\"contentUrl\":\"https:\/\/www.lavillagardendesign.com\/wp-content\/uploads\/2024\/04\/logolavilla.png\",\"width\":682,\"height\":391,\"caption\":\"La Villa Garden&Design\"},\"image\":{\"@id\":\"https:\/\/www.lavillagardendesign.com\/#\/schema\/logo\/image\/\"},\"sameAs\":[\"https:\/\/www.facebook.com\/lavillagardendesign\/\"]}]}<\/script>\n<!-- \/ Yoast SEO plugin. -->","yoast_head_json":{"title":"LUMO \u2013 Lampe solaire en aluminium disponible en deux dimensions","description":"LUMO, lampe solaire en aluminium avec \u00e9clairage LED jusqu'\u00e0 18 heures. Disponible en deux dimensions, r\u00e9sistante aux intemp\u00e9ries, garantie 2 ans, avec batterie lithium, \u00e9nergie solaire et chargeur USB inclus.","robots":{"index":"index","follow":"follow","max-snippet":"max-snippet:-1","max-image-preview":"max-image-preview:large","max-video-preview":"max-video-preview:-1"},"canonical":"https:\/\/www.lavillagardendesign.com\/fr\/product\/lumo-lampe-solaire-en-aluminium\/","og_locale":"fr_FR","og_type":"article","og_title":"LUMO \u2013 Lampe solaire en aluminium disponible en deux dimensions","og_description":"LUMO, lampe solaire en aluminium avec \u00e9clairage LED jusqu'\u00e0 18 heures. Disponible en deux dimensions, r\u00e9sistante aux intemp\u00e9ries, garantie 2 ans, avec batterie lithium, \u00e9nergie solaire et chargeur USB inclus.","og_url":"https:\/\/www.lavillagardendesign.com\/fr\/product\/lumo-lampe-solaire-en-aluminium\/","og_site_name":"La Villa Garden&amp;Design","article_publisher":"https:\/\/www.facebook.com\/lavillagardendesign\/","article_modified_time":"2026-02-23T11:10:29+00:00","og_image":[{"width":700,"height":800,"url":"https:\/\/www.lavillagardendesign.com\/wp-content\/uploads\/2024\/12\/1.png","type":"image\/png"}],"twitter_card":"summary_large_image","schema":{"@context":"https:\/\/schema.org","@graph":[{"@type":"WebPage","@id":"https:\/\/www.lavillagardendesign.com\/fr\/product\/lumo-lampe-solaire-en-aluminium\/","url":"https:\/\/www.lavillagardendesign.com\/fr\/product\/lumo-lampe-solaire-en-aluminium\/","name":"LUMO \u2013 Lampe solaire en aluminium disponible en deux dimensions","isPartOf":{"@id":"https:\/\/www.lavillagardendesign.com\/#website"},"primaryImageOfPage":{"@id":"https:\/\/www.lavillagardendesign.com\/fr\/product\/lumo-lampe-solaire-en-aluminium\/#primaryimage"},"image":{"@id":"https:\/\/www.lavillagardendesign.com\/fr\/product\/lumo-lampe-solaire-en-aluminium\/#primaryimage"},"thumbnailUrl":"https:\/\/www.lavillagardendesign.com\/wp-content\/uploads\/2024\/12\/1.png","datePublished":"2024-12-06T19:17:00+00:00","dateModified":"2026-02-23T11:10:29+00:00","description":"LUMO, lampe solaire en aluminium avec \u00e9clairage LED jusqu'\u00e0 18 heures. Disponible en deux dimensions, r\u00e9sistante aux intemp\u00e9ries, garantie 2 ans, avec batterie lithium, \u00e9nergie solaire et chargeur USB inclus.","breadcrumb":{"@id":"https:\/\/www.lavillagardendesign.com\/fr\/product\/lumo-lampe-solaire-en-aluminium\/#breadcrumb"},"inLanguage":"fr-FR","potentialAction":[{"@type":"ReadAction","target":["https:\/\/www.lavillagardendesign.com\/fr\/product\/lumo-lampe-solaire-en-aluminium\/"]}]},{"@type":"ImageObject","inLanguage":"fr-FR","@id":"https:\/\/www.lavillagardendesign.com\/fr\/product\/lumo-lampe-solaire-en-aluminium\/#primaryimage","url":"https:\/\/www.lavillagardendesign.com\/wp-content\/uploads\/2024\/12\/1.png","contentUrl":"https:\/\/www.lavillagardendesign.com\/wp-content\/uploads\/2024\/12\/1.png","width":700,"height":800},{"@type":"BreadcrumbList","@id":"https:\/\/www.lavillagardendesign.com\/fr\/product\/lumo-lampe-solaire-en-aluminium\/#breadcrumb","itemListElement":[{"@type":"ListItem","position":1,"name":"Home","item":"https:\/\/www.lavillagardendesign.com\/"},{"@type":"ListItem","position":2,"name":"Boutique","item":"https:\/\/www.lavillagardendesign.com\/fr\/boutique\/"},{"@type":"ListItem","position":3,"name":"LUMO \u2013 Lampe solaire en Aluminium"}]},{"@type":"WebSite","@id":"https:\/\/www.lavillagardendesign.com\/#website","url":"https:\/\/www.lavillagardendesign.com\/","name":"La Villa Garden&Design","description":"","publisher":{"@id":"https:\/\/www.lavillagardendesign.com\/#organization"},"potentialAction":[{"@type":"SearchAction","target":{"@type":"EntryPoint","urlTemplate":"https:\/\/www.lavillagardendesign.com\/?s={search_term_string}"},"query-input":{"@type":"PropertyValueSpecification","valueRequired":true,"valueName":"search_term_string"}}],"inLanguage":"fr-FR"},{"@type":"Organization","@id":"https:\/\/www.lavillagardendesign.com\/#organization","name":"La Villa Garden&Design","url":"https:\/\/www.lavillagardendesign.com\/","logo":{"@type":"ImageObject","inLanguage":"fr-FR","@id":"https:\/\/www.lavillagardendesign.com\/#\/schema\/logo\/image\/","url":"https:\/\/www.lavillagardendesign.com\/wp-content\/uploads\/2024\/04\/logolavilla.png","contentUrl":"https:\/\/www.lavillagardendesign.com\/wp-content\/uploads\/2024\/04\/logolavilla.png","width":682,"height":391,"caption":"La Villa Garden&Design"},"image":{"@id":"https:\/\/www.lavillagardendesign.com\/#\/schema\/logo\/image\/"},"sameAs":["https:\/\/www.facebook.com\/lavillagardendesign\/"]}]}},"_links":{"self":[{"href":"https:\/\/www.lavillagardendesign.com\/fr\/wp-json\/wp\/v2\/product\/48403","targetHints":{"allow":["GET"]}}],"collection":[{"href":"https:\/\/www.lavillagardendesign.com\/fr\/wp-json\/wp\/v2\/product"}],"about":[{"href":"https:\/\/www.lavillagardendesign.com\/fr\/wp-json\/wp\/v2\/types\/product"}],"replies":[{"embeddable":true,"href":"https:\/\/www.lavillagardendesign.com\/fr\/wp-json\/wp\/v2\/comments?post=48403"}],"version-history":[{"count":1,"href":"https:\/\/www.lavillagardendesign.com\/fr\/wp-json\/wp\/v2\/product\/48403\/revisions"}],"predecessor-version":[{"id":52276,"href":"https:\/\/www.lavillagardendesign.com\/fr\/wp-json\/wp\/v2\/product\/48403\/revisions\/52276"}],"wp:featuredmedia":[{"embeddable":true,"href":"https:\/\/www.lavillagardendesign.com\/fr\/wp-json\/wp\/v2\/media\/48388"}],"wp:attachment":[{"href":"https:\/\/www.lavillagardendesign.com\/fr\/wp-json\/wp\/v2\/media?parent=48403"}],"wp:term":[{"taxonomy":"product_brand","embeddable":true,"href":"https:\/\/www.lavillagardendesign.com\/fr\/wp-json\/wp\/v2\/product_brand?post=48403"},{"taxonomy":"product_cat","embeddable":true,"href":"https:\/\/www.lavillagardendesign.com\/fr\/wp-json\/wp\/v2\/product_cat?post=48403"},{"taxonomy":"product_tag","embeddable":true,"href":"https:\/\/www.lavillagardendesign.com\/fr\/wp-json\/wp\/v2\/product_tag?post=48403"}],"curies":[{"name":"wp","href":"https:\/\/api.w.org\/{rel}","templated":true}]}}