{"id":45984,"date":"2024-10-29T14:03:00","date_gmt":"2024-10-29T13:03:00","guid":{"rendered":"https:\/\/www.lavillagardendesign.com\/product\/origami-tori-kotori-decoration-traditionnelle-japonaise\/"},"modified":"2026-04-23T07:35:02","modified_gmt":"2026-04-23T06:35:02","slug":"origami-tori-kotori-decoration-traditionnelle-japonaise","status":"publish","type":"product","link":"https:\/\/www.lavillagardendesign.com\/fr\/product\/origami-tori-kotori-decoration-traditionnelle-japonaise\/","title":{"rendered":"ORIGAMI Tori &amp; Kotori &#8211; D\u00e9coration traditionnelle japonaise"},"content":{"rendered":"\t\t\t<link rel=\"stylesheet\" id=\"elementor-post-36106-css\" href=\"https:\/\/www.lavillagardendesign.com\/wp-content\/uploads\/elementor\/css\/post-36106.css?ver=1778123351\" type=\"text\/css\" media=\"all\">\n\t\t\t\t\t<div data-elementor-type=\"wp-post\" data-elementor-id=\"36106\" class=\"elementor elementor-36106 elementor-766\" data-elementor-post-type=\"cms_block\">\n\t\t\t\t<div class=\"wd-negative-gap elementor-element elementor-element-24b0cf0 e-flex e-con-boxed e-con e-parent\" data-id=\"24b0cf0\" data-element_type=\"container\" data-e-type=\"container\">\n\t\t\t\t\t<div class=\"e-con-inner\">\n\t\t\t\t<div class=\"elementor-element elementor-element-4175a57 elementor-widget elementor-widget-image\" data-id=\"4175a57\" data-element_type=\"widget\" data-e-type=\"widget\" data-widget_type=\"image.default\">\n\t\t\t\t<div class=\"elementor-widget-container\">\n\t\t\t\t\t\t\t\t\t\t\t\t\t\t\t<img decoding=\"async\" width=\"630\" height=\"189\" src=\"https:\/\/www.lavillagardendesign.com\/wp-content\/uploads\/2023\/04\/LOGO-VONDOM-800x566-1-e1711382763752.jpg\" class=\"attachment-large size-large wp-image-36102\" alt=\"\" loading=\"lazy\" srcset=\"https:\/\/www.lavillagardendesign.com\/wp-content\/uploads\/2023\/04\/LOGO-VONDOM-800x566-1-e1711382763752.jpg 630w, https:\/\/www.lavillagardendesign.com\/wp-content\/uploads\/2023\/04\/LOGO-VONDOM-800x566-1-e1711382763752-600x180.jpg 600w, https:\/\/www.lavillagardendesign.com\/wp-content\/uploads\/2023\/04\/LOGO-VONDOM-800x566-1-e1711382763752-300x90.jpg 300w\" sizes=\"auto, (max-width: 630px) 100vw, 630px\" \/>\t\t\t\t\t\t\t\t\t\t\t\t\t\t\t<\/div>\n\t\t\t\t<\/div>\n\t\t\t\t\t<\/div>\n\t\t\t\t<\/div>\n\t\t<div class=\"wd-negative-gap elementor-element elementor-element-5fcd76a e-flex e-con-boxed e-con e-parent\" data-id=\"5fcd76a\" data-element_type=\"container\" data-e-type=\"container\">\n\t\t\t\t\t<div class=\"e-con-inner\">\n\t\t<div class=\"elementor-element elementor-element-ef1e14d e-con-full e-flex e-con e-child\" data-id=\"ef1e14d\" data-element_type=\"container\" data-e-type=\"container\">\n\t\t\t\t<div class=\"elementor-element elementor-element-9a82866 elementor-widget elementor-widget-wd_banner\" data-id=\"9a82866\" data-element_type=\"widget\" data-e-type=\"widget\" data-widget_type=\"wd_banner.default\">\n\t\t\t\t<div class=\"elementor-widget-container\">\n\t\t\t\t\t\t\t<div class=\"promo-banner-wrapper\">\n\t\t\t<div class=\"promo-banner banner-default banner-hover-none color-scheme- banner-btn-size-default banner-btn-style-default\">\n\t\t\t\t<div class=\"main-wrapp-img\">\n\t\t\t\t\t<div class=\"banner-image\">\n\t\t\t\t\t\t\t\t\t\t\t\t\t\t\t\t\t\t\t\t\t<img loading=\"lazy\" decoding=\"async\" width=\"1536\" height=\"780\" src=\"https:\/\/www.lavillagardendesign.com\/wp-content\/uploads\/2023\/04\/who-we-are-intro.webp\" class=\"attachment-1536x1536 size-1536x1536\" alt=\"\" srcset=\"https:\/\/www.lavillagardendesign.com\/wp-content\/uploads\/2023\/04\/who-we-are-intro.webp 1680w, https:\/\/www.lavillagardendesign.com\/wp-content\/uploads\/2023\/04\/who-we-are-intro-600x305.webp 600w, https:\/\/www.lavillagardendesign.com\/wp-content\/uploads\/2023\/04\/who-we-are-intro-300x152.webp 300w, https:\/\/www.lavillagardendesign.com\/wp-content\/uploads\/2023\/04\/who-we-are-intro-1200x609.webp 1200w, https:\/\/www.lavillagardendesign.com\/wp-content\/uploads\/2023\/04\/who-we-are-intro-400x203.webp 400w, https:\/\/www.lavillagardendesign.com\/wp-content\/uploads\/2023\/04\/who-we-are-intro-1300x660.webp 1300w, https:\/\/www.lavillagardendesign.com\/wp-content\/uploads\/2023\/04\/who-we-are-intro-768x390.webp 768w, https:\/\/www.lavillagardendesign.com\/wp-content\/uploads\/2023\/04\/who-we-are-intro-1536x780.webp 1536w\" sizes=\"auto, (max-width: 1536px) 100vw, 1536px\" \/>\t\t\t\t\t\t\t\t\t\t\t\t\t\t\t\t\t\t<\/div>\n\t\t\t\t<\/div>\n\n\t\t\t\t<div class=\"wrapper-content-banner wd-fill wd-items-top wd-justify-left\">\n\t\t\t\t\t<div class=\"content-banner  text-left\">\n\t\t\t\t\t\t\n\t\t\t\t\t\t\n\t\t\t\t\t\t\n\t\t\t\t\t\t\n\t\t\t\t\t\t\t\t\t\t\t<\/div>\n\t\t\t\t<\/div>\n\n\t\t\t\t\t\t\t<\/div>\n\t\t<\/div>\n\t\t\t\t\t\t<\/div>\n\t\t\t\t<\/div>\n\t\t\t\t<\/div>\n\t\t<div class=\"elementor-element elementor-element-957fba5 e-con-full e-flex e-con e-child\" data-id=\"957fba5\" data-element_type=\"container\" data-e-type=\"container\">\n\t\t\t\t<div class=\"elementor-element elementor-element-d7f238d wd-width-100 elementor-widget elementor-widget-wd_title\" data-id=\"d7f238d\" data-element_type=\"widget\" data-e-type=\"widget\" data-widget_type=\"wd_title.default\">\n\t\t\t\t<div class=\"elementor-widget-container\">\n\t\t\t\t\t\t\t<div class=\"title-wrapper wd-set-mb reset-last-child wd-title-color-default wd-title-style-default wd-title-size-medium text-left\">\n\n\t\t\t\n\t\t\t<div class=\"liner-continer\">\n\t\t\t\t<h4 class=\"woodmart-title-container title wd-fontsize-xl\">VONDOM<\/h4> \n\t\t\t\t\t\t\t<\/div>\n\n\t\t\t\t\t\t\t<div class=\"title-after_title reset-last-child wd-fontsize-s\">\n\t\t\t\t\t<p>Un style de vie, une fa\u00e7on d'\u00eatre. C'est Vondom.<br \/>Des meubles fabriqu\u00e9s avec passion.<br \/>Con\u00e7u par et pour des personnes dynamiques, innovatrices, curieuses\u2026 comme vous, qui aiment la mode et les tendances et exigent la meilleure qualit\u00e9 dans tout ce qui les entoure.<\/p>\t\t\t\t<\/div>\n\t\t\t\t\t<\/div>\n\t\t\t\t\t\t<\/div>\n\t\t\t\t<\/div>\n\t\t\t\t<div class=\"elementor-element elementor-element-720eff4 elementor-widget elementor-widget-spacer\" data-id=\"720eff4\" data-element_type=\"widget\" data-e-type=\"widget\" data-widget_type=\"spacer.default\">\n\t\t\t\t<div class=\"elementor-widget-container\">\n\t\t\t\t\t\t\t<div class=\"elementor-spacer\">\n\t\t\t<div class=\"elementor-spacer-inner\"><\/div>\n\t\t<\/div>\n\t\t\t\t\t\t<\/div>\n\t\t\t\t<\/div>\n\t\t\t\t<div class=\"elementor-element elementor-element-b473e89 wd-width-100 elementor-widget elementor-widget-wd_title\" data-id=\"b473e89\" data-element_type=\"widget\" data-e-type=\"widget\" data-widget_type=\"wd_title.default\">\n\t\t\t\t<div class=\"elementor-widget-container\">\n\t\t\t\t\t\t\t<div class=\"title-wrapper wd-set-mb reset-last-child wd-title-color-default wd-title-style-default wd-title-size-medium text-left\">\n\n\t\t\t\n\t\t\t<div class=\"liner-continer\">\n\t\t\t\t<h4 class=\"woodmart-title-container title wd-fontsize-xl\">Design, design, design!<\/h4> \n\t\t\t\t\t\t\t<\/div>\n\n\t\t\t\t\t\t\t<div class=\"title-after_title reset-last-child wd-fontsize-s\">\n\t\t\t\t\t<p>La culture du design est la cl\u00e9 de notre succ\u00e8s. C'est ce qui nous pousse \u00e0 cr\u00e9er de nouvelles collections qui donnent une nouvelle dimension aux espaces. Nous cr\u00e9ons un dialogue entre l'environnement et la forme. Les meubles design Vondom transforment l'espace le plus simple en une ambiance glamour, \u00e0 la fois unique et extraordinaire. C\u2019est de cela qu\u2019il s\u2019agit, cr\u00e9er des atmosph\u00e8res o\u00f9 nous pouvons nous emparer de la vie et sentir que nous sommes l\u00e0 pour la vivre, en profiter et nous entourer de beaut\u00e9.<\/p>\t\t\t\t<\/div>\n\t\t\t\t\t<\/div>\n\t\t\t\t\t\t<\/div>\n\t\t\t\t<\/div>\n\t\t\t\t<\/div>\n\t\t\t\t\t<\/div>\n\t\t\t\t<\/div>\n\t\t\t\t<\/div>\n\t\t\n","protected":false},"excerpt":{"rendered":"<p><span style=\"font-family: arial, sans-serif;\">Tori et Kotori, sculptures papillon de VONDOM, inspir\u00e9es de l\u2019Origami, \u00e9voquent paix et harmonie. En duo, elles ajoutent gr\u00e2ce et finesse aux espaces ext\u00e9rieurs, rappelant la beaut\u00e9 intemporelle de l\u2019art japonais. Tori se distingue par sa pr\u00e9sence imposante, tandis que Kotori apporte une touche d\u00e9licate.  <\/span><\/p>\n","protected":false},"featured_media":45670,"comment_status":"open","ping_status":"closed","template":"","meta":[],"product_brand":[5000],"product_cat":[2922,2925,6832,4255],"product_tag":[],"class_list":{"0":"post-45984","1":"product","2":"type-product","3":"status-publish","4":"has-post-thumbnail","6":"product_brand-vondom","7":"product_cat-accessoires","8":"product_cat-decorations-fr","9":"product_cat-outdoor-fr","10":"product_cat-origami-fr","11":"product_shipping_class-vondom-fr","13":"first","14":"instock","15":"taxable","16":"shipping-taxable","17":"purchasable","18":"product-type-variable","19":"has-default-attributes"},"yoast_head":"<!-- This site is optimized with the Yoast SEO plugin v27.4 - https:\/\/yoast.com\/product\/yoast-seo-wordpress\/ -->\n<title>ORIGAMI Tori &amp; Kotori - D\u00e9coration traditionnelle japonaise - La Villa Garden&amp;Design<\/title>\n<meta name=\"robots\" content=\"index, follow, max-snippet:-1, max-image-preview:large, max-video-preview:-1\" \/>\n<link rel=\"canonical\" href=\"https:\/\/www.lavillagardendesign.com\/fr\/product\/origami-tori-kotori-decoration-traditionnelle-japonaise\/\" \/>\n<meta property=\"og:locale\" content=\"fr_FR\" \/>\n<meta property=\"og:type\" content=\"article\" \/>\n<meta property=\"og:title\" content=\"ORIGAMI Tori &amp; Kotori - D\u00e9coration traditionnelle japonaise - La Villa Garden&amp;Design\" \/>\n<meta property=\"og:description\" content=\"Tori et Kotori, sculptures papillon de VONDOM, inspir\u00e9es de l\u2019Origami, \u00e9voquent paix et harmonie. En duo, elles ajoutent gr\u00e2ce et finesse aux espaces ext\u00e9rieurs, rappelant la beaut\u00e9 intemporelle de l\u2019art japonais. Tori se distingue par sa pr\u00e9sence imposante, tandis que Kotori apporte une touche d\u00e9licate.\" \/>\n<meta property=\"og:url\" content=\"https:\/\/www.lavillagardendesign.com\/fr\/product\/origami-tori-kotori-decoration-traditionnelle-japonaise\/\" \/>\n<meta property=\"og:site_name\" content=\"La Villa Garden&amp;Design\" \/>\n<meta property=\"article:publisher\" content=\"https:\/\/www.facebook.com\/lavillagardendesign\/\" \/>\n<meta property=\"article:modified_time\" content=\"2026-04-23T06:35:02+00:00\" \/>\n<meta property=\"og:image\" content=\"https:\/\/www.lavillagardendesign.com\/wp-content\/uploads\/2024\/10\/1-1.png\" \/>\n\t<meta property=\"og:image:width\" content=\"700\" \/>\n\t<meta property=\"og:image:height\" content=\"800\" \/>\n\t<meta property=\"og:image:type\" content=\"image\/png\" \/>\n<meta name=\"twitter:card\" content=\"summary_large_image\" \/>\n<script type=\"application\/ld+json\" class=\"yoast-schema-graph\">{\"@context\":\"https:\\\/\\\/schema.org\",\"@graph\":[{\"@type\":\"WebPage\",\"@id\":\"https:\\\/\\\/www.lavillagardendesign.com\\\/fr\\\/product\\\/origami-tori-kotori-decoration-traditionnelle-japonaise\\\/\",\"url\":\"https:\\\/\\\/www.lavillagardendesign.com\\\/fr\\\/product\\\/origami-tori-kotori-decoration-traditionnelle-japonaise\\\/\",\"name\":\"ORIGAMI Tori &amp; Kotori - D\u00e9coration traditionnelle japonaise - La Villa Garden&amp;Design\",\"isPartOf\":{\"@id\":\"https:\\\/\\\/www.lavillagardendesign.com\\\/#website\"},\"primaryImageOfPage\":{\"@id\":\"https:\\\/\\\/www.lavillagardendesign.com\\\/fr\\\/product\\\/origami-tori-kotori-decoration-traditionnelle-japonaise\\\/#primaryimage\"},\"image\":{\"@id\":\"https:\\\/\\\/www.lavillagardendesign.com\\\/fr\\\/product\\\/origami-tori-kotori-decoration-traditionnelle-japonaise\\\/#primaryimage\"},\"thumbnailUrl\":\"https:\\\/\\\/www.lavillagardendesign.com\\\/wp-content\\\/uploads\\\/2024\\\/10\\\/1-1.png\",\"datePublished\":\"2024-10-29T13:03:00+00:00\",\"dateModified\":\"2026-04-23T06:35:02+00:00\",\"breadcrumb\":{\"@id\":\"https:\\\/\\\/www.lavillagardendesign.com\\\/fr\\\/product\\\/origami-tori-kotori-decoration-traditionnelle-japonaise\\\/#breadcrumb\"},\"inLanguage\":\"fr-FR\",\"potentialAction\":[{\"@type\":\"ReadAction\",\"target\":[\"https:\\\/\\\/www.lavillagardendesign.com\\\/fr\\\/product\\\/origami-tori-kotori-decoration-traditionnelle-japonaise\\\/\"]}]},{\"@type\":\"ImageObject\",\"inLanguage\":\"fr-FR\",\"@id\":\"https:\\\/\\\/www.lavillagardendesign.com\\\/fr\\\/product\\\/origami-tori-kotori-decoration-traditionnelle-japonaise\\\/#primaryimage\",\"url\":\"https:\\\/\\\/www.lavillagardendesign.com\\\/wp-content\\\/uploads\\\/2024\\\/10\\\/1-1.png\",\"contentUrl\":\"https:\\\/\\\/www.lavillagardendesign.com\\\/wp-content\\\/uploads\\\/2024\\\/10\\\/1-1.png\",\"width\":700,\"height\":800},{\"@type\":\"BreadcrumbList\",\"@id\":\"https:\\\/\\\/www.lavillagardendesign.com\\\/fr\\\/product\\\/origami-tori-kotori-decoration-traditionnelle-japonaise\\\/#breadcrumb\",\"itemListElement\":[{\"@type\":\"ListItem\",\"position\":1,\"name\":\"Home\",\"item\":\"https:\\\/\\\/www.lavillagardendesign.com\\\/\"},{\"@type\":\"ListItem\",\"position\":2,\"name\":\"Boutique\",\"item\":\"https:\\\/\\\/www.lavillagardendesign.com\\\/fr\\\/boutique\\\/\"},{\"@type\":\"ListItem\",\"position\":3,\"name\":\"ORIGAMI Tori &amp; Kotori &#8211; D\u00e9coration traditionnelle japonaise\"}]},{\"@type\":\"WebSite\",\"@id\":\"https:\\\/\\\/www.lavillagardendesign.com\\\/#website\",\"url\":\"https:\\\/\\\/www.lavillagardendesign.com\\\/\",\"name\":\"La Villa Garden&Design\",\"description\":\"\",\"publisher\":{\"@id\":\"https:\\\/\\\/www.lavillagardendesign.com\\\/#organization\"},\"potentialAction\":[{\"@type\":\"SearchAction\",\"target\":{\"@type\":\"EntryPoint\",\"urlTemplate\":\"https:\\\/\\\/www.lavillagardendesign.com\\\/?s={search_term_string}\"},\"query-input\":{\"@type\":\"PropertyValueSpecification\",\"valueRequired\":true,\"valueName\":\"search_term_string\"}}],\"inLanguage\":\"fr-FR\"},{\"@type\":\"Organization\",\"@id\":\"https:\\\/\\\/www.lavillagardendesign.com\\\/#organization\",\"name\":\"La Villa Garden&Design\",\"url\":\"https:\\\/\\\/www.lavillagardendesign.com\\\/\",\"logo\":{\"@type\":\"ImageObject\",\"inLanguage\":\"fr-FR\",\"@id\":\"https:\\\/\\\/www.lavillagardendesign.com\\\/#\\\/schema\\\/logo\\\/image\\\/\",\"url\":\"https:\\\/\\\/www.lavillagardendesign.com\\\/wp-content\\\/uploads\\\/2024\\\/04\\\/logolavilla.png\",\"contentUrl\":\"https:\\\/\\\/www.lavillagardendesign.com\\\/wp-content\\\/uploads\\\/2024\\\/04\\\/logolavilla.png\",\"width\":682,\"height\":391,\"caption\":\"La Villa Garden&Design\"},\"image\":{\"@id\":\"https:\\\/\\\/www.lavillagardendesign.com\\\/#\\\/schema\\\/logo\\\/image\\\/\"},\"sameAs\":[\"https:\\\/\\\/www.facebook.com\\\/lavillagardendesign\\\/\"]}]}<\/script>\n<!-- \/ Yoast SEO plugin. -->","yoast_head_json":{"title":"ORIGAMI Tori &amp; Kotori - D\u00e9coration traditionnelle japonaise - La Villa Garden&amp;Design","robots":{"index":"index","follow":"follow","max-snippet":"max-snippet:-1","max-image-preview":"max-image-preview:large","max-video-preview":"max-video-preview:-1"},"canonical":"https:\/\/www.lavillagardendesign.com\/fr\/product\/origami-tori-kotori-decoration-traditionnelle-japonaise\/","og_locale":"fr_FR","og_type":"article","og_title":"ORIGAMI Tori &amp; Kotori - D\u00e9coration traditionnelle japonaise - La Villa Garden&amp;Design","og_description":"Tori et Kotori, sculptures papillon de VONDOM, inspir\u00e9es de l\u2019Origami, \u00e9voquent paix et harmonie. En duo, elles ajoutent gr\u00e2ce et finesse aux espaces ext\u00e9rieurs, rappelant la beaut\u00e9 intemporelle de l\u2019art japonais. Tori se distingue par sa pr\u00e9sence imposante, tandis que Kotori apporte une touche d\u00e9licate.","og_url":"https:\/\/www.lavillagardendesign.com\/fr\/product\/origami-tori-kotori-decoration-traditionnelle-japonaise\/","og_site_name":"La Villa Garden&amp;Design","article_publisher":"https:\/\/www.facebook.com\/lavillagardendesign\/","article_modified_time":"2026-04-23T06:35:02+00:00","og_image":[{"width":700,"height":800,"url":"https:\/\/www.lavillagardendesign.com\/wp-content\/uploads\/2024\/10\/1-1.png","type":"image\/png"}],"twitter_card":"summary_large_image","schema":{"@context":"https:\/\/schema.org","@graph":[{"@type":"WebPage","@id":"https:\/\/www.lavillagardendesign.com\/fr\/product\/origami-tori-kotori-decoration-traditionnelle-japonaise\/","url":"https:\/\/www.lavillagardendesign.com\/fr\/product\/origami-tori-kotori-decoration-traditionnelle-japonaise\/","name":"ORIGAMI Tori &amp; Kotori - D\u00e9coration traditionnelle japonaise - La Villa Garden&amp;Design","isPartOf":{"@id":"https:\/\/www.lavillagardendesign.com\/#website"},"primaryImageOfPage":{"@id":"https:\/\/www.lavillagardendesign.com\/fr\/product\/origami-tori-kotori-decoration-traditionnelle-japonaise\/#primaryimage"},"image":{"@id":"https:\/\/www.lavillagardendesign.com\/fr\/product\/origami-tori-kotori-decoration-traditionnelle-japonaise\/#primaryimage"},"thumbnailUrl":"https:\/\/www.lavillagardendesign.com\/wp-content\/uploads\/2024\/10\/1-1.png","datePublished":"2024-10-29T13:03:00+00:00","dateModified":"2026-04-23T06:35:02+00:00","breadcrumb":{"@id":"https:\/\/www.lavillagardendesign.com\/fr\/product\/origami-tori-kotori-decoration-traditionnelle-japonaise\/#breadcrumb"},"inLanguage":"fr-FR","potentialAction":[{"@type":"ReadAction","target":["https:\/\/www.lavillagardendesign.com\/fr\/product\/origami-tori-kotori-decoration-traditionnelle-japonaise\/"]}]},{"@type":"ImageObject","inLanguage":"fr-FR","@id":"https:\/\/www.lavillagardendesign.com\/fr\/product\/origami-tori-kotori-decoration-traditionnelle-japonaise\/#primaryimage","url":"https:\/\/www.lavillagardendesign.com\/wp-content\/uploads\/2024\/10\/1-1.png","contentUrl":"https:\/\/www.lavillagardendesign.com\/wp-content\/uploads\/2024\/10\/1-1.png","width":700,"height":800},{"@type":"BreadcrumbList","@id":"https:\/\/www.lavillagardendesign.com\/fr\/product\/origami-tori-kotori-decoration-traditionnelle-japonaise\/#breadcrumb","itemListElement":[{"@type":"ListItem","position":1,"name":"Home","item":"https:\/\/www.lavillagardendesign.com\/"},{"@type":"ListItem","position":2,"name":"Boutique","item":"https:\/\/www.lavillagardendesign.com\/fr\/boutique\/"},{"@type":"ListItem","position":3,"name":"ORIGAMI Tori &amp; Kotori &#8211; D\u00e9coration traditionnelle japonaise"}]},{"@type":"WebSite","@id":"https:\/\/www.lavillagardendesign.com\/#website","url":"https:\/\/www.lavillagardendesign.com\/","name":"La Villa Garden&Design","description":"","publisher":{"@id":"https:\/\/www.lavillagardendesign.com\/#organization"},"potentialAction":[{"@type":"SearchAction","target":{"@type":"EntryPoint","urlTemplate":"https:\/\/www.lavillagardendesign.com\/?s={search_term_string}"},"query-input":{"@type":"PropertyValueSpecification","valueRequired":true,"valueName":"search_term_string"}}],"inLanguage":"fr-FR"},{"@type":"Organization","@id":"https:\/\/www.lavillagardendesign.com\/#organization","name":"La Villa Garden&Design","url":"https:\/\/www.lavillagardendesign.com\/","logo":{"@type":"ImageObject","inLanguage":"fr-FR","@id":"https:\/\/www.lavillagardendesign.com\/#\/schema\/logo\/image\/","url":"https:\/\/www.lavillagardendesign.com\/wp-content\/uploads\/2024\/04\/logolavilla.png","contentUrl":"https:\/\/www.lavillagardendesign.com\/wp-content\/uploads\/2024\/04\/logolavilla.png","width":682,"height":391,"caption":"La Villa Garden&Design"},"image":{"@id":"https:\/\/www.lavillagardendesign.com\/#\/schema\/logo\/image\/"},"sameAs":["https:\/\/www.facebook.com\/lavillagardendesign\/"]}]}},"_links":{"self":[{"href":"https:\/\/www.lavillagardendesign.com\/fr\/wp-json\/wp\/v2\/product\/45984","targetHints":{"allow":["GET"]}}],"collection":[{"href":"https:\/\/www.lavillagardendesign.com\/fr\/wp-json\/wp\/v2\/product"}],"about":[{"href":"https:\/\/www.lavillagardendesign.com\/fr\/wp-json\/wp\/v2\/types\/product"}],"replies":[{"embeddable":true,"href":"https:\/\/www.lavillagardendesign.com\/fr\/wp-json\/wp\/v2\/comments?post=45984"}],"version-history":[{"count":1,"href":"https:\/\/www.lavillagardendesign.com\/fr\/wp-json\/wp\/v2\/product\/45984\/revisions"}],"predecessor-version":[{"id":47427,"href":"https:\/\/www.lavillagardendesign.com\/fr\/wp-json\/wp\/v2\/product\/45984\/revisions\/47427"}],"wp:featuredmedia":[{"embeddable":true,"href":"https:\/\/www.lavillagardendesign.com\/fr\/wp-json\/wp\/v2\/media\/45670"}],"wp:attachment":[{"href":"https:\/\/www.lavillagardendesign.com\/fr\/wp-json\/wp\/v2\/media?parent=45984"}],"wp:term":[{"taxonomy":"product_brand","embeddable":true,"href":"https:\/\/www.lavillagardendesign.com\/fr\/wp-json\/wp\/v2\/product_brand?post=45984"},{"taxonomy":"product_cat","embeddable":true,"href":"https:\/\/www.lavillagardendesign.com\/fr\/wp-json\/wp\/v2\/product_cat?post=45984"},{"taxonomy":"product_tag","embeddable":true,"href":"https:\/\/www.lavillagardendesign.com\/fr\/wp-json\/wp\/v2\/product_tag?post=45984"}],"curies":[{"name":"wp","href":"https:\/\/api.w.org\/{rel}","templated":true}]}}