{"id":43141,"date":"2024-06-13T12:46:07","date_gmt":"2024-06-13T11:46:07","guid":{"rendered":"https:\/\/www.lavillagardendesign.com\/?post_type=product&#038;p=43141"},"modified":"2026-02-23T13:10:00","modified_gmt":"2026-02-23T11:10:00","slug":"gipsy-tabouret-dexterieur-copy-copy","status":"publish","type":"product","link":"https:\/\/www.lavillagardendesign.com\/fr\/product\/gipsy-tabouret-dexterieur-copy-copy\/","title":{"rendered":"GYPSY \u2013 Canap\u00e9 3 places en Aluminium et \u00e0 Corde"},"content":{"rendered":"","protected":false},"excerpt":{"rendered":"<p>Transformez votre terrasse ou jardin en un espace accueillant avec le canap\u00e9 3 places <strong>GYPSY<\/strong>, sign\u00e9 <strong>Studio La Villa<\/strong>. Alliant une structure en aluminium solide et une finition en corde tress\u00e9e, ce canap\u00e9 se distingue par son style contemporain et son confort. Compl\u00e9tez facilement votre salon ext\u00e9rieur en l\u2019associant \u00e0 d\u2019autres \u00e9l\u00e9ments de la collection, pour des moments de convivialit\u00e9 uniques en plein air.  <\/p>\n","protected":false},"featured_media":63572,"comment_status":"open","ping_status":"closed","template":"","meta":[],"product_brand":[4998],"product_cat":[6832,2935,2937,5658],"product_tag":[],"class_list":{"0":"post-43141","1":"product","2":"type-product","3":"status-publish","4":"has-post-thumbnail","6":"product_brand-la-villa","7":"product_cat-outdoor-fr","8":"product_cat-canapes-fauteuils","9":"product_cat-canapes","10":"product_cat-promos-web","12":"first","13":"instock","14":"sale","15":"taxable","16":"shipping-taxable","17":"purchasable","18":"product-type-variable","19":"has-default-attributes"},"yoast_head":"<!-- This site is optimized with the Yoast SEO plugin v27.1.1 - https:\/\/yoast.com\/product\/yoast-seo-wordpress\/ -->\n<title>GYPSY \u2013 Canap\u00e9 3 places en Aluminium et \u00e0 Corde | Villa Garden<\/title>\n<meta name=\"description\" content=\"Canap\u00e9 3 places GYPSY en aluminium et corde tress\u00e9e. \u00c9l\u00e9gant, robuste et id\u00e9al pour vos espaces ext\u00e9rieurs.\" \/>\n<meta name=\"robots\" content=\"index, follow, max-snippet:-1, max-image-preview:large, max-video-preview:-1\" \/>\n<link rel=\"canonical\" href=\"https:\/\/www.lavillagardendesign.com\/fr\/product\/gipsy-tabouret-dexterieur-copy-copy\/\" \/>\n<meta property=\"og:locale\" content=\"fr_FR\" \/>\n<meta property=\"og:type\" content=\"article\" \/>\n<meta property=\"og:title\" content=\"GYPSY \u2013 Canap\u00e9 3 places en Aluminium et \u00e0 Corde | Villa Garden\" \/>\n<meta property=\"og:description\" content=\"Canap\u00e9 3 places GYPSY en aluminium et corde tress\u00e9e. \u00c9l\u00e9gant, robuste et id\u00e9al pour vos espaces ext\u00e9rieurs.\" \/>\n<meta property=\"og:url\" content=\"https:\/\/www.lavillagardendesign.com\/fr\/product\/gipsy-tabouret-dexterieur-copy-copy\/\" \/>\n<meta property=\"og:site_name\" content=\"La Villa Garden&amp;Design\" \/>\n<meta property=\"article:publisher\" content=\"https:\/\/www.facebook.com\/lavillagardendesign\/\" \/>\n<meta property=\"article:modified_time\" content=\"2026-02-23T11:10:00+00:00\" \/>\n<meta property=\"og:image\" content=\"https:\/\/www.lavillagardendesign.com\/wp-content\/uploads\/2024\/06\/Captura-de-pantalla-2026-02-18-a-las-13.28.22-1.jpg\" \/>\n\t<meta property=\"og:image:width\" content=\"976\" \/>\n\t<meta property=\"og:image:height\" content=\"1104\" \/>\n\t<meta property=\"og:image:type\" content=\"image\/jpeg\" \/>\n<meta name=\"twitter:card\" content=\"summary_large_image\" \/>\n<script type=\"application\/ld+json\" class=\"yoast-schema-graph\">{\"@context\":\"https:\/\/schema.org\",\"@graph\":[{\"@type\":\"WebPage\",\"@id\":\"https:\/\/www.lavillagardendesign.com\/fr\/product\/gipsy-tabouret-dexterieur-copy-copy\/\",\"url\":\"https:\/\/www.lavillagardendesign.com\/fr\/product\/gipsy-tabouret-dexterieur-copy-copy\/\",\"name\":\"GYPSY \u2013 Canap\u00e9 3 places en Aluminium et \u00e0 Corde | Villa Garden\",\"isPartOf\":{\"@id\":\"https:\/\/www.lavillagardendesign.com\/#website\"},\"primaryImageOfPage\":{\"@id\":\"https:\/\/www.lavillagardendesign.com\/fr\/product\/gipsy-tabouret-dexterieur-copy-copy\/#primaryimage\"},\"image\":{\"@id\":\"https:\/\/www.lavillagardendesign.com\/fr\/product\/gipsy-tabouret-dexterieur-copy-copy\/#primaryimage\"},\"thumbnailUrl\":\"https:\/\/www.lavillagardendesign.com\/wp-content\/uploads\/2024\/06\/Captura-de-pantalla-2026-02-18-a-las-13.28.22-1.jpg\",\"datePublished\":\"2024-06-13T11:46:07+00:00\",\"dateModified\":\"2026-02-23T11:10:00+00:00\",\"description\":\"Canap\u00e9 3 places GYPSY en aluminium et corde tress\u00e9e. \u00c9l\u00e9gant, robuste et id\u00e9al pour vos espaces ext\u00e9rieurs.\",\"breadcrumb\":{\"@id\":\"https:\/\/www.lavillagardendesign.com\/fr\/product\/gipsy-tabouret-dexterieur-copy-copy\/#breadcrumb\"},\"inLanguage\":\"fr-FR\",\"potentialAction\":[{\"@type\":\"ReadAction\",\"target\":[\"https:\/\/www.lavillagardendesign.com\/fr\/product\/gipsy-tabouret-dexterieur-copy-copy\/\"]}]},{\"@type\":\"ImageObject\",\"inLanguage\":\"fr-FR\",\"@id\":\"https:\/\/www.lavillagardendesign.com\/fr\/product\/gipsy-tabouret-dexterieur-copy-copy\/#primaryimage\",\"url\":\"https:\/\/www.lavillagardendesign.com\/wp-content\/uploads\/2024\/06\/Captura-de-pantalla-2026-02-18-a-las-13.28.22-1.jpg\",\"contentUrl\":\"https:\/\/www.lavillagardendesign.com\/wp-content\/uploads\/2024\/06\/Captura-de-pantalla-2026-02-18-a-las-13.28.22-1.jpg\",\"width\":976,\"height\":1104},{\"@type\":\"BreadcrumbList\",\"@id\":\"https:\/\/www.lavillagardendesign.com\/fr\/product\/gipsy-tabouret-dexterieur-copy-copy\/#breadcrumb\",\"itemListElement\":[{\"@type\":\"ListItem\",\"position\":1,\"name\":\"Home\",\"item\":\"https:\/\/www.lavillagardendesign.com\/\"},{\"@type\":\"ListItem\",\"position\":2,\"name\":\"Boutique\",\"item\":\"https:\/\/www.lavillagardendesign.com\/fr\/boutique\/\"},{\"@type\":\"ListItem\",\"position\":3,\"name\":\"GYPSY \u2013 Canap\u00e9 3 places en Aluminium et \u00e0 Corde\"}]},{\"@type\":\"WebSite\",\"@id\":\"https:\/\/www.lavillagardendesign.com\/#website\",\"url\":\"https:\/\/www.lavillagardendesign.com\/\",\"name\":\"La Villa Garden&Design\",\"description\":\"\",\"publisher\":{\"@id\":\"https:\/\/www.lavillagardendesign.com\/#organization\"},\"potentialAction\":[{\"@type\":\"SearchAction\",\"target\":{\"@type\":\"EntryPoint\",\"urlTemplate\":\"https:\/\/www.lavillagardendesign.com\/?s={search_term_string}\"},\"query-input\":{\"@type\":\"PropertyValueSpecification\",\"valueRequired\":true,\"valueName\":\"search_term_string\"}}],\"inLanguage\":\"fr-FR\"},{\"@type\":\"Organization\",\"@id\":\"https:\/\/www.lavillagardendesign.com\/#organization\",\"name\":\"La Villa Garden&Design\",\"url\":\"https:\/\/www.lavillagardendesign.com\/\",\"logo\":{\"@type\":\"ImageObject\",\"inLanguage\":\"fr-FR\",\"@id\":\"https:\/\/www.lavillagardendesign.com\/#\/schema\/logo\/image\/\",\"url\":\"https:\/\/www.lavillagardendesign.com\/wp-content\/uploads\/2024\/04\/logolavilla.png\",\"contentUrl\":\"https:\/\/www.lavillagardendesign.com\/wp-content\/uploads\/2024\/04\/logolavilla.png\",\"width\":682,\"height\":391,\"caption\":\"La Villa Garden&Design\"},\"image\":{\"@id\":\"https:\/\/www.lavillagardendesign.com\/#\/schema\/logo\/image\/\"},\"sameAs\":[\"https:\/\/www.facebook.com\/lavillagardendesign\/\"]}]}<\/script>\n<!-- \/ Yoast SEO plugin. -->","yoast_head_json":{"title":"GYPSY \u2013 Canap\u00e9 3 places en Aluminium et \u00e0 Corde | Villa Garden","description":"Canap\u00e9 3 places GYPSY en aluminium et corde tress\u00e9e. \u00c9l\u00e9gant, robuste et id\u00e9al pour vos espaces ext\u00e9rieurs.","robots":{"index":"index","follow":"follow","max-snippet":"max-snippet:-1","max-image-preview":"max-image-preview:large","max-video-preview":"max-video-preview:-1"},"canonical":"https:\/\/www.lavillagardendesign.com\/fr\/product\/gipsy-tabouret-dexterieur-copy-copy\/","og_locale":"fr_FR","og_type":"article","og_title":"GYPSY \u2013 Canap\u00e9 3 places en Aluminium et \u00e0 Corde | Villa Garden","og_description":"Canap\u00e9 3 places GYPSY en aluminium et corde tress\u00e9e. \u00c9l\u00e9gant, robuste et id\u00e9al pour vos espaces ext\u00e9rieurs.","og_url":"https:\/\/www.lavillagardendesign.com\/fr\/product\/gipsy-tabouret-dexterieur-copy-copy\/","og_site_name":"La Villa Garden&amp;Design","article_publisher":"https:\/\/www.facebook.com\/lavillagardendesign\/","article_modified_time":"2026-02-23T11:10:00+00:00","og_image":[{"width":976,"height":1104,"url":"https:\/\/www.lavillagardendesign.com\/wp-content\/uploads\/2024\/06\/Captura-de-pantalla-2026-02-18-a-las-13.28.22-1.jpg","type":"image\/jpeg"}],"twitter_card":"summary_large_image","schema":{"@context":"https:\/\/schema.org","@graph":[{"@type":"WebPage","@id":"https:\/\/www.lavillagardendesign.com\/fr\/product\/gipsy-tabouret-dexterieur-copy-copy\/","url":"https:\/\/www.lavillagardendesign.com\/fr\/product\/gipsy-tabouret-dexterieur-copy-copy\/","name":"GYPSY \u2013 Canap\u00e9 3 places en Aluminium et \u00e0 Corde | Villa Garden","isPartOf":{"@id":"https:\/\/www.lavillagardendesign.com\/#website"},"primaryImageOfPage":{"@id":"https:\/\/www.lavillagardendesign.com\/fr\/product\/gipsy-tabouret-dexterieur-copy-copy\/#primaryimage"},"image":{"@id":"https:\/\/www.lavillagardendesign.com\/fr\/product\/gipsy-tabouret-dexterieur-copy-copy\/#primaryimage"},"thumbnailUrl":"https:\/\/www.lavillagardendesign.com\/wp-content\/uploads\/2024\/06\/Captura-de-pantalla-2026-02-18-a-las-13.28.22-1.jpg","datePublished":"2024-06-13T11:46:07+00:00","dateModified":"2026-02-23T11:10:00+00:00","description":"Canap\u00e9 3 places GYPSY en aluminium et corde tress\u00e9e. \u00c9l\u00e9gant, robuste et id\u00e9al pour vos espaces ext\u00e9rieurs.","breadcrumb":{"@id":"https:\/\/www.lavillagardendesign.com\/fr\/product\/gipsy-tabouret-dexterieur-copy-copy\/#breadcrumb"},"inLanguage":"fr-FR","potentialAction":[{"@type":"ReadAction","target":["https:\/\/www.lavillagardendesign.com\/fr\/product\/gipsy-tabouret-dexterieur-copy-copy\/"]}]},{"@type":"ImageObject","inLanguage":"fr-FR","@id":"https:\/\/www.lavillagardendesign.com\/fr\/product\/gipsy-tabouret-dexterieur-copy-copy\/#primaryimage","url":"https:\/\/www.lavillagardendesign.com\/wp-content\/uploads\/2024\/06\/Captura-de-pantalla-2026-02-18-a-las-13.28.22-1.jpg","contentUrl":"https:\/\/www.lavillagardendesign.com\/wp-content\/uploads\/2024\/06\/Captura-de-pantalla-2026-02-18-a-las-13.28.22-1.jpg","width":976,"height":1104},{"@type":"BreadcrumbList","@id":"https:\/\/www.lavillagardendesign.com\/fr\/product\/gipsy-tabouret-dexterieur-copy-copy\/#breadcrumb","itemListElement":[{"@type":"ListItem","position":1,"name":"Home","item":"https:\/\/www.lavillagardendesign.com\/"},{"@type":"ListItem","position":2,"name":"Boutique","item":"https:\/\/www.lavillagardendesign.com\/fr\/boutique\/"},{"@type":"ListItem","position":3,"name":"GYPSY \u2013 Canap\u00e9 3 places en Aluminium et \u00e0 Corde"}]},{"@type":"WebSite","@id":"https:\/\/www.lavillagardendesign.com\/#website","url":"https:\/\/www.lavillagardendesign.com\/","name":"La Villa Garden&Design","description":"","publisher":{"@id":"https:\/\/www.lavillagardendesign.com\/#organization"},"potentialAction":[{"@type":"SearchAction","target":{"@type":"EntryPoint","urlTemplate":"https:\/\/www.lavillagardendesign.com\/?s={search_term_string}"},"query-input":{"@type":"PropertyValueSpecification","valueRequired":true,"valueName":"search_term_string"}}],"inLanguage":"fr-FR"},{"@type":"Organization","@id":"https:\/\/www.lavillagardendesign.com\/#organization","name":"La Villa Garden&Design","url":"https:\/\/www.lavillagardendesign.com\/","logo":{"@type":"ImageObject","inLanguage":"fr-FR","@id":"https:\/\/www.lavillagardendesign.com\/#\/schema\/logo\/image\/","url":"https:\/\/www.lavillagardendesign.com\/wp-content\/uploads\/2024\/04\/logolavilla.png","contentUrl":"https:\/\/www.lavillagardendesign.com\/wp-content\/uploads\/2024\/04\/logolavilla.png","width":682,"height":391,"caption":"La Villa Garden&Design"},"image":{"@id":"https:\/\/www.lavillagardendesign.com\/#\/schema\/logo\/image\/"},"sameAs":["https:\/\/www.facebook.com\/lavillagardendesign\/"]}]}},"_links":{"self":[{"href":"https:\/\/www.lavillagardendesign.com\/fr\/wp-json\/wp\/v2\/product\/43141","targetHints":{"allow":["GET"]}}],"collection":[{"href":"https:\/\/www.lavillagardendesign.com\/fr\/wp-json\/wp\/v2\/product"}],"about":[{"href":"https:\/\/www.lavillagardendesign.com\/fr\/wp-json\/wp\/v2\/types\/product"}],"replies":[{"embeddable":true,"href":"https:\/\/www.lavillagardendesign.com\/fr\/wp-json\/wp\/v2\/comments?post=43141"}],"version-history":[{"count":4,"href":"https:\/\/www.lavillagardendesign.com\/fr\/wp-json\/wp\/v2\/product\/43141\/revisions"}],"predecessor-version":[{"id":50593,"href":"https:\/\/www.lavillagardendesign.com\/fr\/wp-json\/wp\/v2\/product\/43141\/revisions\/50593"}],"wp:featuredmedia":[{"embeddable":true,"href":"https:\/\/www.lavillagardendesign.com\/fr\/wp-json\/wp\/v2\/media\/63572"}],"wp:attachment":[{"href":"https:\/\/www.lavillagardendesign.com\/fr\/wp-json\/wp\/v2\/media?parent=43141"}],"wp:term":[{"taxonomy":"product_brand","embeddable":true,"href":"https:\/\/www.lavillagardendesign.com\/fr\/wp-json\/wp\/v2\/product_brand?post=43141"},{"taxonomy":"product_cat","embeddable":true,"href":"https:\/\/www.lavillagardendesign.com\/fr\/wp-json\/wp\/v2\/product_cat?post=43141"},{"taxonomy":"product_tag","embeddable":true,"href":"https:\/\/www.lavillagardendesign.com\/fr\/wp-json\/wp\/v2\/product_tag?post=43141"}],"curies":[{"name":"wp","href":"https:\/\/api.w.org\/{rel}","templated":true}]}}