{"id":40178,"date":"2024-01-29T19:59:24","date_gmt":"2024-01-29T18:59:24","guid":{"rendered":"https:\/\/www.lavillagardendesign.com\/product\/neverland-canape-3-places-aluminium-agora\/"},"modified":"2026-03-10T03:45:29","modified_gmt":"2026-03-10T02:45:29","slug":"neverland-canape-3-places-aluminium-agora","status":"publish","type":"product","link":"https:\/\/www.lavillagardendesign.com\/fr\/product\/neverland-canape-3-places-aluminium-agora\/","title":{"rendered":"NEVERLAND &#8211; Canap\u00e9 d&rsquo;ext\u00e9rieur 3 places en aluminium blanc et tissu Agora"},"content":{"rendered":"","protected":false},"excerpt":{"rendered":"<p>Le canap\u00e9 3 places Neverland est l&rsquo;incarnation du luxe m\u00e9diterran\u00e9en. Sa structure en aluminium blanc pur constitue une base architecturale lumineuse, sur laquelle vous d\u00e9cidez du caract\u00e8re de votre terrasse. Choisissez le rev\u00eatement Agora Khaki pour un contraste chaud et \u00e9l\u00e9gant qui renvoie \u00e0 la nature, ou optez pour Agora Artic, un ton subtil de gris glac\u00e9 qui offre un look minimaliste et ultra-frais \u00ab\u00a0ton sur ton\u00a0\u00bb. Dans les deux cas, le tissu technique Agora assure une r\u00e9sistance sup\u00e9rieure aux intemp\u00e9ries, une imperm\u00e9abilit\u00e9 aux taches et une garantie de durabilit\u00e9 des couleurs de 5 ans.   <\/p>\n","protected":false},"featured_media":47885,"comment_status":"open","ping_status":"closed","template":"","meta":[],"product_brand":[5001],"product_cat":[2937,2935,6832,5658],"product_tag":[],"class_list":{"0":"post-40178","1":"product","2":"type-product","3":"status-publish","4":"has-post-thumbnail","6":"product_brand-la-villa-garden","7":"product_cat-canapes","8":"product_cat-canapes-fauteuils","9":"product_cat-outdoor-fr","10":"product_cat-promos-web","12":"first","13":"instock","14":"sale","15":"taxable","16":"shipping-taxable","17":"purchasable","18":"product-type-simple"},"yoast_head":"<!-- This site is optimized with the Yoast SEO plugin v27.4 - https:\/\/yoast.com\/product\/yoast-seo-wordpress\/ -->\n<title>NEVERLAND Canap\u00e9 de luxe aluminium blanc tissu Agora | La Villa<\/title>\n<meta name=\"description\" content=\"Canap\u00e9 de luxe Neverland. Cadre blanc et coussins Agora de qualit\u00e9 sup\u00e9rieure. Choisissez la couleur : Khaki (chaud) ou Artic (gris glac\u00e9). Confort et durabilit\u00e9 totale.\" \/>\n<meta name=\"robots\" content=\"index, follow, max-snippet:-1, max-image-preview:large, max-video-preview:-1\" \/>\n<link rel=\"canonical\" href=\"https:\/\/www.lavillagardendesign.com\/fr\/product\/neverland-canape-3-places-aluminium-agora\/\" \/>\n<meta property=\"og:locale\" content=\"fr_FR\" \/>\n<meta property=\"og:type\" content=\"article\" \/>\n<meta property=\"og:title\" content=\"NEVERLAND Canap\u00e9 de luxe aluminium blanc tissu Agora | La Villa\" \/>\n<meta property=\"og:description\" content=\"Canap\u00e9 de luxe Neverland. Cadre blanc et coussins Agora de qualit\u00e9 sup\u00e9rieure. Choisissez la couleur : Khaki (chaud) ou Artic (gris glac\u00e9). Confort et durabilit\u00e9 totale.\" \/>\n<meta property=\"og:url\" content=\"https:\/\/www.lavillagardendesign.com\/fr\/product\/neverland-canape-3-places-aluminium-agora\/\" \/>\n<meta property=\"og:site_name\" content=\"La Villa Garden&amp;Design\" \/>\n<meta property=\"article:publisher\" content=\"https:\/\/www.facebook.com\/lavillagardendesign\/\" \/>\n<meta property=\"article:modified_time\" content=\"2026-03-10T02:45:29+00:00\" \/>\n<meta property=\"og:image\" content=\"https:\/\/www.lavillagardendesign.com\/wp-content\/uploads\/2024\/01\/NEVERLAND-02-scaled.jpg\" \/>\n\t<meta property=\"og:image:width\" content=\"1920\" \/>\n\t<meta property=\"og:image:height\" content=\"1280\" \/>\n\t<meta property=\"og:image:type\" content=\"image\/jpeg\" \/>\n<meta name=\"twitter:card\" content=\"summary_large_image\" \/>\n<script type=\"application\/ld+json\" class=\"yoast-schema-graph\">{\"@context\":\"https:\\\/\\\/schema.org\",\"@graph\":[{\"@type\":\"WebPage\",\"@id\":\"https:\\\/\\\/www.lavillagardendesign.com\\\/fr\\\/product\\\/neverland-canape-3-places-aluminium-agora\\\/\",\"url\":\"https:\\\/\\\/www.lavillagardendesign.com\\\/fr\\\/product\\\/neverland-canape-3-places-aluminium-agora\\\/\",\"name\":\"NEVERLAND Canap\u00e9 de luxe aluminium blanc tissu Agora | La Villa\",\"isPartOf\":{\"@id\":\"https:\\\/\\\/www.lavillagardendesign.com\\\/#website\"},\"primaryImageOfPage\":{\"@id\":\"https:\\\/\\\/www.lavillagardendesign.com\\\/fr\\\/product\\\/neverland-canape-3-places-aluminium-agora\\\/#primaryimage\"},\"image\":{\"@id\":\"https:\\\/\\\/www.lavillagardendesign.com\\\/fr\\\/product\\\/neverland-canape-3-places-aluminium-agora\\\/#primaryimage\"},\"thumbnailUrl\":\"https:\\\/\\\/www.lavillagardendesign.com\\\/wp-content\\\/uploads\\\/2024\\\/01\\\/NEVERLAND-02-scaled.jpg\",\"datePublished\":\"2024-01-29T18:59:24+00:00\",\"dateModified\":\"2026-03-10T02:45:29+00:00\",\"description\":\"Canap\u00e9 de luxe Neverland. Cadre blanc et coussins Agora de qualit\u00e9 sup\u00e9rieure. Choisissez la couleur : Khaki (chaud) ou Artic (gris glac\u00e9). Confort et durabilit\u00e9 totale.\",\"breadcrumb\":{\"@id\":\"https:\\\/\\\/www.lavillagardendesign.com\\\/fr\\\/product\\\/neverland-canape-3-places-aluminium-agora\\\/#breadcrumb\"},\"inLanguage\":\"fr-FR\",\"potentialAction\":[{\"@type\":\"ReadAction\",\"target\":[\"https:\\\/\\\/www.lavillagardendesign.com\\\/fr\\\/product\\\/neverland-canape-3-places-aluminium-agora\\\/\"]}]},{\"@type\":\"ImageObject\",\"inLanguage\":\"fr-FR\",\"@id\":\"https:\\\/\\\/www.lavillagardendesign.com\\\/fr\\\/product\\\/neverland-canape-3-places-aluminium-agora\\\/#primaryimage\",\"url\":\"https:\\\/\\\/www.lavillagardendesign.com\\\/wp-content\\\/uploads\\\/2024\\\/01\\\/NEVERLAND-02-scaled.jpg\",\"contentUrl\":\"https:\\\/\\\/www.lavillagardendesign.com\\\/wp-content\\\/uploads\\\/2024\\\/01\\\/NEVERLAND-02-scaled.jpg\",\"width\":1920,\"height\":1280},{\"@type\":\"BreadcrumbList\",\"@id\":\"https:\\\/\\\/www.lavillagardendesign.com\\\/fr\\\/product\\\/neverland-canape-3-places-aluminium-agora\\\/#breadcrumb\",\"itemListElement\":[{\"@type\":\"ListItem\",\"position\":1,\"name\":\"Home\",\"item\":\"https:\\\/\\\/www.lavillagardendesign.com\\\/\"},{\"@type\":\"ListItem\",\"position\":2,\"name\":\"Boutique\",\"item\":\"https:\\\/\\\/www.lavillagardendesign.com\\\/fr\\\/boutique\\\/\"},{\"@type\":\"ListItem\",\"position\":3,\"name\":\"NEVERLAND &#8211; Canap\u00e9 d&#8217;ext\u00e9rieur 3 places en aluminium blanc et tissu Agora\"}]},{\"@type\":\"WebSite\",\"@id\":\"https:\\\/\\\/www.lavillagardendesign.com\\\/#website\",\"url\":\"https:\\\/\\\/www.lavillagardendesign.com\\\/\",\"name\":\"La Villa Garden&Design\",\"description\":\"\",\"publisher\":{\"@id\":\"https:\\\/\\\/www.lavillagardendesign.com\\\/#organization\"},\"potentialAction\":[{\"@type\":\"SearchAction\",\"target\":{\"@type\":\"EntryPoint\",\"urlTemplate\":\"https:\\\/\\\/www.lavillagardendesign.com\\\/?s={search_term_string}\"},\"query-input\":{\"@type\":\"PropertyValueSpecification\",\"valueRequired\":true,\"valueName\":\"search_term_string\"}}],\"inLanguage\":\"fr-FR\"},{\"@type\":\"Organization\",\"@id\":\"https:\\\/\\\/www.lavillagardendesign.com\\\/#organization\",\"name\":\"La Villa Garden&Design\",\"url\":\"https:\\\/\\\/www.lavillagardendesign.com\\\/\",\"logo\":{\"@type\":\"ImageObject\",\"inLanguage\":\"fr-FR\",\"@id\":\"https:\\\/\\\/www.lavillagardendesign.com\\\/#\\\/schema\\\/logo\\\/image\\\/\",\"url\":\"https:\\\/\\\/www.lavillagardendesign.com\\\/wp-content\\\/uploads\\\/2024\\\/04\\\/logolavilla.png\",\"contentUrl\":\"https:\\\/\\\/www.lavillagardendesign.com\\\/wp-content\\\/uploads\\\/2024\\\/04\\\/logolavilla.png\",\"width\":682,\"height\":391,\"caption\":\"La Villa Garden&Design\"},\"image\":{\"@id\":\"https:\\\/\\\/www.lavillagardendesign.com\\\/#\\\/schema\\\/logo\\\/image\\\/\"},\"sameAs\":[\"https:\\\/\\\/www.facebook.com\\\/lavillagardendesign\\\/\"]}]}<\/script>\n<!-- \/ Yoast SEO plugin. -->","yoast_head_json":{"title":"NEVERLAND Canap\u00e9 de luxe aluminium blanc tissu Agora | La Villa","description":"Canap\u00e9 de luxe Neverland. Cadre blanc et coussins Agora de qualit\u00e9 sup\u00e9rieure. Choisissez la couleur : Khaki (chaud) ou Artic (gris glac\u00e9). Confort et durabilit\u00e9 totale.","robots":{"index":"index","follow":"follow","max-snippet":"max-snippet:-1","max-image-preview":"max-image-preview:large","max-video-preview":"max-video-preview:-1"},"canonical":"https:\/\/www.lavillagardendesign.com\/fr\/product\/neverland-canape-3-places-aluminium-agora\/","og_locale":"fr_FR","og_type":"article","og_title":"NEVERLAND Canap\u00e9 de luxe aluminium blanc tissu Agora | La Villa","og_description":"Canap\u00e9 de luxe Neverland. Cadre blanc et coussins Agora de qualit\u00e9 sup\u00e9rieure. Choisissez la couleur : Khaki (chaud) ou Artic (gris glac\u00e9). Confort et durabilit\u00e9 totale.","og_url":"https:\/\/www.lavillagardendesign.com\/fr\/product\/neverland-canape-3-places-aluminium-agora\/","og_site_name":"La Villa Garden&amp;Design","article_publisher":"https:\/\/www.facebook.com\/lavillagardendesign\/","article_modified_time":"2026-03-10T02:45:29+00:00","og_image":[{"width":1920,"height":1280,"url":"https:\/\/www.lavillagardendesign.com\/wp-content\/uploads\/2024\/01\/NEVERLAND-02-scaled.jpg","type":"image\/jpeg"}],"twitter_card":"summary_large_image","schema":{"@context":"https:\/\/schema.org","@graph":[{"@type":"WebPage","@id":"https:\/\/www.lavillagardendesign.com\/fr\/product\/neverland-canape-3-places-aluminium-agora\/","url":"https:\/\/www.lavillagardendesign.com\/fr\/product\/neverland-canape-3-places-aluminium-agora\/","name":"NEVERLAND Canap\u00e9 de luxe aluminium blanc tissu Agora | La Villa","isPartOf":{"@id":"https:\/\/www.lavillagardendesign.com\/#website"},"primaryImageOfPage":{"@id":"https:\/\/www.lavillagardendesign.com\/fr\/product\/neverland-canape-3-places-aluminium-agora\/#primaryimage"},"image":{"@id":"https:\/\/www.lavillagardendesign.com\/fr\/product\/neverland-canape-3-places-aluminium-agora\/#primaryimage"},"thumbnailUrl":"https:\/\/www.lavillagardendesign.com\/wp-content\/uploads\/2024\/01\/NEVERLAND-02-scaled.jpg","datePublished":"2024-01-29T18:59:24+00:00","dateModified":"2026-03-10T02:45:29+00:00","description":"Canap\u00e9 de luxe Neverland. Cadre blanc et coussins Agora de qualit\u00e9 sup\u00e9rieure. Choisissez la couleur : Khaki (chaud) ou Artic (gris glac\u00e9). Confort et durabilit\u00e9 totale.","breadcrumb":{"@id":"https:\/\/www.lavillagardendesign.com\/fr\/product\/neverland-canape-3-places-aluminium-agora\/#breadcrumb"},"inLanguage":"fr-FR","potentialAction":[{"@type":"ReadAction","target":["https:\/\/www.lavillagardendesign.com\/fr\/product\/neverland-canape-3-places-aluminium-agora\/"]}]},{"@type":"ImageObject","inLanguage":"fr-FR","@id":"https:\/\/www.lavillagardendesign.com\/fr\/product\/neverland-canape-3-places-aluminium-agora\/#primaryimage","url":"https:\/\/www.lavillagardendesign.com\/wp-content\/uploads\/2024\/01\/NEVERLAND-02-scaled.jpg","contentUrl":"https:\/\/www.lavillagardendesign.com\/wp-content\/uploads\/2024\/01\/NEVERLAND-02-scaled.jpg","width":1920,"height":1280},{"@type":"BreadcrumbList","@id":"https:\/\/www.lavillagardendesign.com\/fr\/product\/neverland-canape-3-places-aluminium-agora\/#breadcrumb","itemListElement":[{"@type":"ListItem","position":1,"name":"Home","item":"https:\/\/www.lavillagardendesign.com\/"},{"@type":"ListItem","position":2,"name":"Boutique","item":"https:\/\/www.lavillagardendesign.com\/fr\/boutique\/"},{"@type":"ListItem","position":3,"name":"NEVERLAND &#8211; Canap\u00e9 d&#8217;ext\u00e9rieur 3 places en aluminium blanc et tissu Agora"}]},{"@type":"WebSite","@id":"https:\/\/www.lavillagardendesign.com\/#website","url":"https:\/\/www.lavillagardendesign.com\/","name":"La Villa Garden&Design","description":"","publisher":{"@id":"https:\/\/www.lavillagardendesign.com\/#organization"},"potentialAction":[{"@type":"SearchAction","target":{"@type":"EntryPoint","urlTemplate":"https:\/\/www.lavillagardendesign.com\/?s={search_term_string}"},"query-input":{"@type":"PropertyValueSpecification","valueRequired":true,"valueName":"search_term_string"}}],"inLanguage":"fr-FR"},{"@type":"Organization","@id":"https:\/\/www.lavillagardendesign.com\/#organization","name":"La Villa Garden&Design","url":"https:\/\/www.lavillagardendesign.com\/","logo":{"@type":"ImageObject","inLanguage":"fr-FR","@id":"https:\/\/www.lavillagardendesign.com\/#\/schema\/logo\/image\/","url":"https:\/\/www.lavillagardendesign.com\/wp-content\/uploads\/2024\/04\/logolavilla.png","contentUrl":"https:\/\/www.lavillagardendesign.com\/wp-content\/uploads\/2024\/04\/logolavilla.png","width":682,"height":391,"caption":"La Villa Garden&Design"},"image":{"@id":"https:\/\/www.lavillagardendesign.com\/#\/schema\/logo\/image\/"},"sameAs":["https:\/\/www.facebook.com\/lavillagardendesign\/"]}]}},"_links":{"self":[{"href":"https:\/\/www.lavillagardendesign.com\/fr\/wp-json\/wp\/v2\/product\/40178","targetHints":{"allow":["GET"]}}],"collection":[{"href":"https:\/\/www.lavillagardendesign.com\/fr\/wp-json\/wp\/v2\/product"}],"about":[{"href":"https:\/\/www.lavillagardendesign.com\/fr\/wp-json\/wp\/v2\/types\/product"}],"replies":[{"embeddable":true,"href":"https:\/\/www.lavillagardendesign.com\/fr\/wp-json\/wp\/v2\/comments?post=40178"}],"version-history":[{"count":2,"href":"https:\/\/www.lavillagardendesign.com\/fr\/wp-json\/wp\/v2\/product\/40178\/revisions"}],"predecessor-version":[{"id":67279,"href":"https:\/\/www.lavillagardendesign.com\/fr\/wp-json\/wp\/v2\/product\/40178\/revisions\/67279"}],"wp:featuredmedia":[{"embeddable":true,"href":"https:\/\/www.lavillagardendesign.com\/fr\/wp-json\/wp\/v2\/media\/47885"}],"wp:attachment":[{"href":"https:\/\/www.lavillagardendesign.com\/fr\/wp-json\/wp\/v2\/media?parent=40178"}],"wp:term":[{"taxonomy":"product_brand","embeddable":true,"href":"https:\/\/www.lavillagardendesign.com\/fr\/wp-json\/wp\/v2\/product_brand?post=40178"},{"taxonomy":"product_cat","embeddable":true,"href":"https:\/\/www.lavillagardendesign.com\/fr\/wp-json\/wp\/v2\/product_cat?post=40178"},{"taxonomy":"product_tag","embeddable":true,"href":"https:\/\/www.lavillagardendesign.com\/fr\/wp-json\/wp\/v2\/product_tag?post=40178"}],"curies":[{"name":"wp","href":"https:\/\/api.w.org\/{rel}","templated":true}]}}