{"id":40176,"date":"2024-01-29T19:59:24","date_gmt":"2024-01-29T18:59:24","guid":{"rendered":"https:\/\/www.lavillagardendesign.com\/product\/neverland-bain-de-soleil-double-aluminium-agora\/"},"modified":"2026-03-10T03:45:54","modified_gmt":"2026-03-10T02:45:54","slug":"neverland-bain-de-soleil-double-aluminium-agora","status":"publish","type":"product","link":"https:\/\/www.lavillagardendesign.com\/fr\/product\/neverland-bain-de-soleil-double-aluminium-agora\/","title":{"rendered":"NEVERLAND \u2013 Bain de Soleil double en Aluminium et en Tissu agora"},"content":{"rendered":"","protected":false},"excerpt":{"rendered":"<p>Transformez vos moments de d\u00e9tente en une exp\u00e9rience de luxe avec le bain de soleil double NEVERLAND, con\u00e7u par Studio La Villa Garden. Fabriqu\u00e9 en aluminium robuste avec une finition \u00e9l\u00e9gante, ce bain de soleil unique est dot\u00e9 de deux coussins s\u00e9par\u00e9s mais plac\u00e9s c\u00f4te \u00e0 c\u00f4te, pour offrir un confort optimal \u00e0 deux personnes. Le tissu Agora bleu arctique, r\u00e9sistant aux intemp\u00e9ries et facile d&rsquo;entretien, ajoute une touche de sophistication \u00e0 votre espace ext\u00e9rieur. Parfait pour profiter du soleil en duo, tout en alliant design et praticit\u00e9.   <\/p>\n","protected":false},"featured_media":40072,"comment_status":"open","ping_status":"closed","template":"","meta":[],"product_brand":[5001],"product_cat":[6832,2938,2940,5658],"product_tag":[],"class_list":{"0":"post-40176","1":"product","2":"type-product","3":"status-publish","4":"has-post-thumbnail","6":"product_brand-la-villa-garden","7":"product_cat-outdoor-fr","8":"product_cat-bains-de-soleil","9":"product_cat-transats","10":"product_cat-promos-web","12":"first","13":"instock","14":"sale","15":"taxable","16":"shipping-taxable","17":"purchasable","18":"product-type-simple"},"yoast_head":"<!-- This site is optimized with the Yoast SEO plugin v27.1.1 - https:\/\/yoast.com\/product\/yoast-seo-wordpress\/ -->\n<title>NEVERLAND - Bain de soleil double en aluminium et tissu Agora<\/title>\n<meta name=\"description\" content=\"D\u00e9tendez-vous avec style gr\u00e2ce \u00e0 la chaise longue double NEVERLAND : structure robuste en aluminium, tissu Arctic Blue Agora. Confort et \u00e9l\u00e9gance pour deux.\" \/>\n<meta name=\"robots\" content=\"index, follow, max-snippet:-1, max-image-preview:large, max-video-preview:-1\" \/>\n<link rel=\"canonical\" href=\"https:\/\/www.lavillagardendesign.com\/fr\/product\/neverland-bain-de-soleil-double-aluminium-agora\/\" \/>\n<meta property=\"og:locale\" content=\"fr_FR\" \/>\n<meta property=\"og:type\" content=\"article\" \/>\n<meta property=\"og:title\" content=\"NEVERLAND - Bain de soleil double en aluminium et tissu Agora\" \/>\n<meta property=\"og:description\" content=\"D\u00e9tendez-vous avec style gr\u00e2ce \u00e0 la chaise longue double NEVERLAND : structure robuste en aluminium, tissu Arctic Blue Agora. Confort et \u00e9l\u00e9gance pour deux.\" \/>\n<meta property=\"og:url\" content=\"https:\/\/www.lavillagardendesign.com\/fr\/product\/neverland-bain-de-soleil-double-aluminium-agora\/\" \/>\n<meta property=\"og:site_name\" content=\"La Villa Garden&amp;Design\" \/>\n<meta property=\"article:publisher\" content=\"https:\/\/www.facebook.com\/lavillagardendesign\/\" \/>\n<meta property=\"article:modified_time\" content=\"2026-03-10T02:45:54+00:00\" \/>\n<meta property=\"og:image\" content=\"https:\/\/www.lavillagardendesign.com\/wp-content\/uploads\/2024\/01\/1-158.png\" \/>\n\t<meta property=\"og:image:width\" content=\"700\" \/>\n\t<meta property=\"og:image:height\" content=\"800\" \/>\n\t<meta property=\"og:image:type\" content=\"image\/png\" \/>\n<meta name=\"twitter:card\" content=\"summary_large_image\" \/>\n<script type=\"application\/ld+json\" class=\"yoast-schema-graph\">{\"@context\":\"https:\/\/schema.org\",\"@graph\":[{\"@type\":\"WebPage\",\"@id\":\"https:\/\/www.lavillagardendesign.com\/fr\/product\/neverland-bain-de-soleil-double-aluminium-agora\/\",\"url\":\"https:\/\/www.lavillagardendesign.com\/fr\/product\/neverland-bain-de-soleil-double-aluminium-agora\/\",\"name\":\"NEVERLAND - Bain de soleil double en aluminium et tissu Agora\",\"isPartOf\":{\"@id\":\"https:\/\/www.lavillagardendesign.com\/#website\"},\"primaryImageOfPage\":{\"@id\":\"https:\/\/www.lavillagardendesign.com\/fr\/product\/neverland-bain-de-soleil-double-aluminium-agora\/#primaryimage\"},\"image\":{\"@id\":\"https:\/\/www.lavillagardendesign.com\/fr\/product\/neverland-bain-de-soleil-double-aluminium-agora\/#primaryimage\"},\"thumbnailUrl\":\"https:\/\/www.lavillagardendesign.com\/wp-content\/uploads\/2024\/01\/1-158.png\",\"datePublished\":\"2024-01-29T18:59:24+00:00\",\"dateModified\":\"2026-03-10T02:45:54+00:00\",\"description\":\"D\u00e9tendez-vous avec style gr\u00e2ce \u00e0 la chaise longue double NEVERLAND : structure robuste en aluminium, tissu Arctic Blue Agora. Confort et \u00e9l\u00e9gance pour deux.\",\"breadcrumb\":{\"@id\":\"https:\/\/www.lavillagardendesign.com\/fr\/product\/neverland-bain-de-soleil-double-aluminium-agora\/#breadcrumb\"},\"inLanguage\":\"fr-FR\",\"potentialAction\":[{\"@type\":\"ReadAction\",\"target\":[\"https:\/\/www.lavillagardendesign.com\/fr\/product\/neverland-bain-de-soleil-double-aluminium-agora\/\"]}]},{\"@type\":\"ImageObject\",\"inLanguage\":\"fr-FR\",\"@id\":\"https:\/\/www.lavillagardendesign.com\/fr\/product\/neverland-bain-de-soleil-double-aluminium-agora\/#primaryimage\",\"url\":\"https:\/\/www.lavillagardendesign.com\/wp-content\/uploads\/2024\/01\/1-158.png\",\"contentUrl\":\"https:\/\/www.lavillagardendesign.com\/wp-content\/uploads\/2024\/01\/1-158.png\",\"width\":700,\"height\":800},{\"@type\":\"BreadcrumbList\",\"@id\":\"https:\/\/www.lavillagardendesign.com\/fr\/product\/neverland-bain-de-soleil-double-aluminium-agora\/#breadcrumb\",\"itemListElement\":[{\"@type\":\"ListItem\",\"position\":1,\"name\":\"Home\",\"item\":\"https:\/\/www.lavillagardendesign.com\/\"},{\"@type\":\"ListItem\",\"position\":2,\"name\":\"Boutique\",\"item\":\"https:\/\/www.lavillagardendesign.com\/fr\/boutique\/\"},{\"@type\":\"ListItem\",\"position\":3,\"name\":\"NEVERLAND \u2013 Bain de Soleil double en Aluminium et en Tissu agora\"}]},{\"@type\":\"WebSite\",\"@id\":\"https:\/\/www.lavillagardendesign.com\/#website\",\"url\":\"https:\/\/www.lavillagardendesign.com\/\",\"name\":\"La Villa Garden&Design\",\"description\":\"\",\"publisher\":{\"@id\":\"https:\/\/www.lavillagardendesign.com\/#organization\"},\"potentialAction\":[{\"@type\":\"SearchAction\",\"target\":{\"@type\":\"EntryPoint\",\"urlTemplate\":\"https:\/\/www.lavillagardendesign.com\/?s={search_term_string}\"},\"query-input\":{\"@type\":\"PropertyValueSpecification\",\"valueRequired\":true,\"valueName\":\"search_term_string\"}}],\"inLanguage\":\"fr-FR\"},{\"@type\":\"Organization\",\"@id\":\"https:\/\/www.lavillagardendesign.com\/#organization\",\"name\":\"La Villa Garden&Design\",\"url\":\"https:\/\/www.lavillagardendesign.com\/\",\"logo\":{\"@type\":\"ImageObject\",\"inLanguage\":\"fr-FR\",\"@id\":\"https:\/\/www.lavillagardendesign.com\/#\/schema\/logo\/image\/\",\"url\":\"https:\/\/www.lavillagardendesign.com\/wp-content\/uploads\/2024\/04\/logolavilla.png\",\"contentUrl\":\"https:\/\/www.lavillagardendesign.com\/wp-content\/uploads\/2024\/04\/logolavilla.png\",\"width\":682,\"height\":391,\"caption\":\"La Villa Garden&Design\"},\"image\":{\"@id\":\"https:\/\/www.lavillagardendesign.com\/#\/schema\/logo\/image\/\"},\"sameAs\":[\"https:\/\/www.facebook.com\/lavillagardendesign\/\"]}]}<\/script>\n<!-- \/ Yoast SEO plugin. -->","yoast_head_json":{"title":"NEVERLAND - Bain de soleil double en aluminium et tissu Agora","description":"D\u00e9tendez-vous avec style gr\u00e2ce \u00e0 la chaise longue double NEVERLAND : structure robuste en aluminium, tissu Arctic Blue Agora. Confort et \u00e9l\u00e9gance pour deux.","robots":{"index":"index","follow":"follow","max-snippet":"max-snippet:-1","max-image-preview":"max-image-preview:large","max-video-preview":"max-video-preview:-1"},"canonical":"https:\/\/www.lavillagardendesign.com\/fr\/product\/neverland-bain-de-soleil-double-aluminium-agora\/","og_locale":"fr_FR","og_type":"article","og_title":"NEVERLAND - Bain de soleil double en aluminium et tissu Agora","og_description":"D\u00e9tendez-vous avec style gr\u00e2ce \u00e0 la chaise longue double NEVERLAND : structure robuste en aluminium, tissu Arctic Blue Agora. Confort et \u00e9l\u00e9gance pour deux.","og_url":"https:\/\/www.lavillagardendesign.com\/fr\/product\/neverland-bain-de-soleil-double-aluminium-agora\/","og_site_name":"La Villa Garden&amp;Design","article_publisher":"https:\/\/www.facebook.com\/lavillagardendesign\/","article_modified_time":"2026-03-10T02:45:54+00:00","og_image":[{"width":700,"height":800,"url":"https:\/\/www.lavillagardendesign.com\/wp-content\/uploads\/2024\/01\/1-158.png","type":"image\/png"}],"twitter_card":"summary_large_image","schema":{"@context":"https:\/\/schema.org","@graph":[{"@type":"WebPage","@id":"https:\/\/www.lavillagardendesign.com\/fr\/product\/neverland-bain-de-soleil-double-aluminium-agora\/","url":"https:\/\/www.lavillagardendesign.com\/fr\/product\/neverland-bain-de-soleil-double-aluminium-agora\/","name":"NEVERLAND - Bain de soleil double en aluminium et tissu Agora","isPartOf":{"@id":"https:\/\/www.lavillagardendesign.com\/#website"},"primaryImageOfPage":{"@id":"https:\/\/www.lavillagardendesign.com\/fr\/product\/neverland-bain-de-soleil-double-aluminium-agora\/#primaryimage"},"image":{"@id":"https:\/\/www.lavillagardendesign.com\/fr\/product\/neverland-bain-de-soleil-double-aluminium-agora\/#primaryimage"},"thumbnailUrl":"https:\/\/www.lavillagardendesign.com\/wp-content\/uploads\/2024\/01\/1-158.png","datePublished":"2024-01-29T18:59:24+00:00","dateModified":"2026-03-10T02:45:54+00:00","description":"D\u00e9tendez-vous avec style gr\u00e2ce \u00e0 la chaise longue double NEVERLAND : structure robuste en aluminium, tissu Arctic Blue Agora. Confort et \u00e9l\u00e9gance pour deux.","breadcrumb":{"@id":"https:\/\/www.lavillagardendesign.com\/fr\/product\/neverland-bain-de-soleil-double-aluminium-agora\/#breadcrumb"},"inLanguage":"fr-FR","potentialAction":[{"@type":"ReadAction","target":["https:\/\/www.lavillagardendesign.com\/fr\/product\/neverland-bain-de-soleil-double-aluminium-agora\/"]}]},{"@type":"ImageObject","inLanguage":"fr-FR","@id":"https:\/\/www.lavillagardendesign.com\/fr\/product\/neverland-bain-de-soleil-double-aluminium-agora\/#primaryimage","url":"https:\/\/www.lavillagardendesign.com\/wp-content\/uploads\/2024\/01\/1-158.png","contentUrl":"https:\/\/www.lavillagardendesign.com\/wp-content\/uploads\/2024\/01\/1-158.png","width":700,"height":800},{"@type":"BreadcrumbList","@id":"https:\/\/www.lavillagardendesign.com\/fr\/product\/neverland-bain-de-soleil-double-aluminium-agora\/#breadcrumb","itemListElement":[{"@type":"ListItem","position":1,"name":"Home","item":"https:\/\/www.lavillagardendesign.com\/"},{"@type":"ListItem","position":2,"name":"Boutique","item":"https:\/\/www.lavillagardendesign.com\/fr\/boutique\/"},{"@type":"ListItem","position":3,"name":"NEVERLAND \u2013 Bain de Soleil double en Aluminium et en Tissu agora"}]},{"@type":"WebSite","@id":"https:\/\/www.lavillagardendesign.com\/#website","url":"https:\/\/www.lavillagardendesign.com\/","name":"La Villa Garden&Design","description":"","publisher":{"@id":"https:\/\/www.lavillagardendesign.com\/#organization"},"potentialAction":[{"@type":"SearchAction","target":{"@type":"EntryPoint","urlTemplate":"https:\/\/www.lavillagardendesign.com\/?s={search_term_string}"},"query-input":{"@type":"PropertyValueSpecification","valueRequired":true,"valueName":"search_term_string"}}],"inLanguage":"fr-FR"},{"@type":"Organization","@id":"https:\/\/www.lavillagardendesign.com\/#organization","name":"La Villa Garden&Design","url":"https:\/\/www.lavillagardendesign.com\/","logo":{"@type":"ImageObject","inLanguage":"fr-FR","@id":"https:\/\/www.lavillagardendesign.com\/#\/schema\/logo\/image\/","url":"https:\/\/www.lavillagardendesign.com\/wp-content\/uploads\/2024\/04\/logolavilla.png","contentUrl":"https:\/\/www.lavillagardendesign.com\/wp-content\/uploads\/2024\/04\/logolavilla.png","width":682,"height":391,"caption":"La Villa Garden&Design"},"image":{"@id":"https:\/\/www.lavillagardendesign.com\/#\/schema\/logo\/image\/"},"sameAs":["https:\/\/www.facebook.com\/lavillagardendesign\/"]}]}},"_links":{"self":[{"href":"https:\/\/www.lavillagardendesign.com\/fr\/wp-json\/wp\/v2\/product\/40176","targetHints":{"allow":["GET"]}}],"collection":[{"href":"https:\/\/www.lavillagardendesign.com\/fr\/wp-json\/wp\/v2\/product"}],"about":[{"href":"https:\/\/www.lavillagardendesign.com\/fr\/wp-json\/wp\/v2\/types\/product"}],"replies":[{"embeddable":true,"href":"https:\/\/www.lavillagardendesign.com\/fr\/wp-json\/wp\/v2\/comments?post=40176"}],"version-history":[{"count":1,"href":"https:\/\/www.lavillagardendesign.com\/fr\/wp-json\/wp\/v2\/product\/40176\/revisions"}],"predecessor-version":[{"id":47823,"href":"https:\/\/www.lavillagardendesign.com\/fr\/wp-json\/wp\/v2\/product\/40176\/revisions\/47823"}],"wp:featuredmedia":[{"embeddable":true,"href":"https:\/\/www.lavillagardendesign.com\/fr\/wp-json\/wp\/v2\/media\/40072"}],"wp:attachment":[{"href":"https:\/\/www.lavillagardendesign.com\/fr\/wp-json\/wp\/v2\/media?parent=40176"}],"wp:term":[{"taxonomy":"product_brand","embeddable":true,"href":"https:\/\/www.lavillagardendesign.com\/fr\/wp-json\/wp\/v2\/product_brand?post=40176"},{"taxonomy":"product_cat","embeddable":true,"href":"https:\/\/www.lavillagardendesign.com\/fr\/wp-json\/wp\/v2\/product_cat?post=40176"},{"taxonomy":"product_tag","embeddable":true,"href":"https:\/\/www.lavillagardendesign.com\/fr\/wp-json\/wp\/v2\/product_tag?post=40176"}],"curies":[{"name":"wp","href":"https:\/\/api.w.org\/{rel}","templated":true}]}}