{"id":39202,"date":"2024-04-05T09:23:47","date_gmt":"2024-04-05T08:23:47","guid":{"rendered":"https:\/\/www.lavillagardendesign.com\/product\/plus4-table-extensible-en-acier\/"},"modified":"2026-02-23T13:09:51","modified_gmt":"2026-02-23T11:09:51","slug":"plus4-table-extensible-en-acier","status":"publish","type":"product","link":"https:\/\/www.lavillagardendesign.com\/fr\/product\/plus4-table-extensible-en-acier\/","title":{"rendered":"PLUS4 &#8211; Table extensible en acier"},"content":{"rendered":"<div class=\"fusion-text\">La collection Plus4 est compos\u00e9e de tables extensibles : une de taille 160+110x 90 cm et une autre de taille 220+110&#215;90 cm, les nouvelles tables Balcony et Imperial Plus4. La surface est r\u00e9alis\u00e9e en acier embouti, avec un travail soign\u00e9 des finitions pour un meilleur effet esth\u00e9tique.<br \/>\nUtilis\u00e9s pour permettre l&rsquo;extensibilit\u00e9 de la surface, les rails sont sp\u00e9cifiquement con\u00e7us par EMU pour cette ligne. Le m\u00e9canisme d&rsquo;ouverture papillon de la rallonge int\u00e9rieure facilite l&rsquo;ouverture de ces tables.<br \/>\nPar rapport \u00e0 une table extensible traditionnelle, la rallonge de 110 cm permet d&rsquo;ajouter 4 si\u00e8ges au lieu de 2, augmentant ainsi les possibilit\u00e9s d&rsquo;utilisation de ce produit. De plus, la rallonge de la table est con\u00e7ue de mani\u00e8re \u00e0 ce que tous les si\u00e8ges s&rsquo;y ins\u00e8rent facilement, sans aucun obstacle.   <\/div>\n","protected":false},"excerpt":{"rendered":"<p>La collection Plus4 est compos\u00e9e de tables extensibles : une de taille 160+110x 90 cm et une autre de taille 220+110&#215;90 cm, les nouvelles tables Balcony et Imperial Plus4. La surface est r\u00e9alis\u00e9e en acier embouti, avec un travail soign\u00e9 des finitions pour un meilleur effet esth\u00e9tique.<br \/>\nUtilis\u00e9s pour permettre l&rsquo;extensibilit\u00e9 de la surface, les rails sont sp\u00e9cifiquement con\u00e7us par EMU pour cette ligne. Le m\u00e9canisme d&rsquo;ouverture papillon de la rallonge int\u00e9rieure facilite l&rsquo;ouverture de ces tables.<br \/>\nPar rapport \u00e0 une table extensible traditionnelle, la rallonge de 110 cm permet d&rsquo;ajouter 4 si\u00e8ges au lieu de 2, augmentant ainsi les possibilit\u00e9s d&rsquo;utilisation de ce produit. De plus, la rallonge de la table est con\u00e7ue de mani\u00e8re \u00e0 ce que tous les si\u00e8ges s&rsquo;y ins\u00e8rent facilement, sans aucun obstacle.   <\/p>\n","protected":false},"featured_media":39110,"comment_status":"open","ping_status":"closed","template":"","meta":[],"product_brand":[4999],"product_cat":[6832,2944,2946],"product_tag":[],"class_list":{"0":"post-39202","1":"product","2":"type-product","3":"status-publish","4":"has-post-thumbnail","6":"product_brand-emu","7":"product_cat-outdoor-fr","8":"product_cat-tables-fr","9":"product_cat-tables-repas","11":"first","12":"instock","13":"taxable","14":"shipping-taxable","15":"purchasable","16":"product-type-variable"},"yoast_head":"<!-- This site is optimized with the Yoast SEO plugin v27.1.1 - https:\/\/yoast.com\/product\/yoast-seo-wordpress\/ -->\n<title>PLUS4 - Table extensible en acier - La Villa Garden&amp;Design<\/title>\n<meta name=\"robots\" content=\"index, follow, max-snippet:-1, max-image-preview:large, max-video-preview:-1\" \/>\n<link rel=\"canonical\" href=\"https:\/\/www.lavillagardendesign.com\/fr\/product\/plus4-table-extensible-en-acier\/\" \/>\n<meta property=\"og:locale\" content=\"fr_FR\" \/>\n<meta property=\"og:type\" content=\"article\" \/>\n<meta property=\"og:title\" content=\"PLUS4 - Table extensible en acier - La Villa Garden&amp;Design\" \/>\n<meta property=\"og:description\" content=\"La collection Plus4 est compos\u00e9e de tables extensibles : une de taille 160+110x 90 cm et une autre de taille 220+110x90 cm, les nouvelles tables Balcony et Imperial Plus4. La surface est r\u00e9alis\u00e9e en acier embouti, avec un travail soign\u00e9 des finitions pour un meilleur effet esth\u00e9tique. Utilis\u00e9s pour permettre l&#039;extensibilit\u00e9 de la surface, les rails sont sp\u00e9cifiquement con\u00e7us par EMU pour cette ligne. Le m\u00e9canisme d&#039;ouverture papillon de la rallonge int\u00e9rieure facilite l&#039;ouverture de ces tables. Par rapport \u00e0 une table extensible traditionnelle, la rallonge de 110 cm permet d&#039;ajouter 4 si\u00e8ges au lieu de 2, augmentant ainsi les possibilit\u00e9s d&#039;utilisation de ce produit. De plus, la rallonge de la table est con\u00e7ue de mani\u00e8re \u00e0 ce que tous les si\u00e8ges s&#039;y ins\u00e8rent facilement, sans aucun obstacle.\" \/>\n<meta property=\"og:url\" content=\"https:\/\/www.lavillagardendesign.com\/fr\/product\/plus4-table-extensible-en-acier\/\" \/>\n<meta property=\"og:site_name\" content=\"La Villa Garden&amp;Design\" \/>\n<meta property=\"article:publisher\" content=\"https:\/\/www.facebook.com\/lavillagardendesign\/\" \/>\n<meta property=\"article:modified_time\" content=\"2026-02-23T11:09:51+00:00\" \/>\n<meta property=\"og:image\" content=\"https:\/\/www.lavillagardendesign.com\/wp-content\/uploads\/2024\/04\/8.png\" \/>\n\t<meta property=\"og:image:width\" content=\"700\" \/>\n\t<meta property=\"og:image:height\" content=\"800\" \/>\n\t<meta property=\"og:image:type\" content=\"image\/png\" \/>\n<meta name=\"twitter:card\" content=\"summary_large_image\" \/>\n<meta name=\"twitter:label1\" content=\"Dur\u00e9e de lecture estim\u00e9e\" \/>\n\t<meta name=\"twitter:data1\" content=\"1 minute\" \/>\n<script type=\"application\/ld+json\" class=\"yoast-schema-graph\">{\"@context\":\"https:\/\/schema.org\",\"@graph\":[{\"@type\":\"WebPage\",\"@id\":\"https:\/\/www.lavillagardendesign.com\/fr\/product\/plus4-table-extensible-en-acier\/\",\"url\":\"https:\/\/www.lavillagardendesign.com\/fr\/product\/plus4-table-extensible-en-acier\/\",\"name\":\"PLUS4 - Table extensible en acier - La Villa Garden&amp;Design\",\"isPartOf\":{\"@id\":\"https:\/\/www.lavillagardendesign.com\/#website\"},\"primaryImageOfPage\":{\"@id\":\"https:\/\/www.lavillagardendesign.com\/fr\/product\/plus4-table-extensible-en-acier\/#primaryimage\"},\"image\":{\"@id\":\"https:\/\/www.lavillagardendesign.com\/fr\/product\/plus4-table-extensible-en-acier\/#primaryimage\"},\"thumbnailUrl\":\"https:\/\/www.lavillagardendesign.com\/wp-content\/uploads\/2024\/04\/8.png\",\"datePublished\":\"2024-04-05T08:23:47+00:00\",\"dateModified\":\"2026-02-23T11:09:51+00:00\",\"breadcrumb\":{\"@id\":\"https:\/\/www.lavillagardendesign.com\/fr\/product\/plus4-table-extensible-en-acier\/#breadcrumb\"},\"inLanguage\":\"fr-FR\",\"potentialAction\":[{\"@type\":\"ReadAction\",\"target\":[\"https:\/\/www.lavillagardendesign.com\/fr\/product\/plus4-table-extensible-en-acier\/\"]}]},{\"@type\":\"ImageObject\",\"inLanguage\":\"fr-FR\",\"@id\":\"https:\/\/www.lavillagardendesign.com\/fr\/product\/plus4-table-extensible-en-acier\/#primaryimage\",\"url\":\"https:\/\/www.lavillagardendesign.com\/wp-content\/uploads\/2024\/04\/8.png\",\"contentUrl\":\"https:\/\/www.lavillagardendesign.com\/wp-content\/uploads\/2024\/04\/8.png\",\"width\":700,\"height\":800},{\"@type\":\"BreadcrumbList\",\"@id\":\"https:\/\/www.lavillagardendesign.com\/fr\/product\/plus4-table-extensible-en-acier\/#breadcrumb\",\"itemListElement\":[{\"@type\":\"ListItem\",\"position\":1,\"name\":\"Home\",\"item\":\"https:\/\/www.lavillagardendesign.com\/\"},{\"@type\":\"ListItem\",\"position\":2,\"name\":\"Boutique\",\"item\":\"https:\/\/www.lavillagardendesign.com\/fr\/boutique\/\"},{\"@type\":\"ListItem\",\"position\":3,\"name\":\"PLUS4 &#8211; Table extensible en acier\"}]},{\"@type\":\"WebSite\",\"@id\":\"https:\/\/www.lavillagardendesign.com\/#website\",\"url\":\"https:\/\/www.lavillagardendesign.com\/\",\"name\":\"La Villa Garden&Design\",\"description\":\"\",\"publisher\":{\"@id\":\"https:\/\/www.lavillagardendesign.com\/#organization\"},\"potentialAction\":[{\"@type\":\"SearchAction\",\"target\":{\"@type\":\"EntryPoint\",\"urlTemplate\":\"https:\/\/www.lavillagardendesign.com\/?s={search_term_string}\"},\"query-input\":{\"@type\":\"PropertyValueSpecification\",\"valueRequired\":true,\"valueName\":\"search_term_string\"}}],\"inLanguage\":\"fr-FR\"},{\"@type\":\"Organization\",\"@id\":\"https:\/\/www.lavillagardendesign.com\/#organization\",\"name\":\"La Villa Garden&Design\",\"url\":\"https:\/\/www.lavillagardendesign.com\/\",\"logo\":{\"@type\":\"ImageObject\",\"inLanguage\":\"fr-FR\",\"@id\":\"https:\/\/www.lavillagardendesign.com\/#\/schema\/logo\/image\/\",\"url\":\"https:\/\/www.lavillagardendesign.com\/wp-content\/uploads\/2024\/04\/logolavilla.png\",\"contentUrl\":\"https:\/\/www.lavillagardendesign.com\/wp-content\/uploads\/2024\/04\/logolavilla.png\",\"width\":682,\"height\":391,\"caption\":\"La Villa Garden&Design\"},\"image\":{\"@id\":\"https:\/\/www.lavillagardendesign.com\/#\/schema\/logo\/image\/\"},\"sameAs\":[\"https:\/\/www.facebook.com\/lavillagardendesign\/\"]}]}<\/script>\n<!-- \/ Yoast SEO plugin. -->","yoast_head_json":{"title":"PLUS4 - Table extensible en acier - La Villa Garden&amp;Design","robots":{"index":"index","follow":"follow","max-snippet":"max-snippet:-1","max-image-preview":"max-image-preview:large","max-video-preview":"max-video-preview:-1"},"canonical":"https:\/\/www.lavillagardendesign.com\/fr\/product\/plus4-table-extensible-en-acier\/","og_locale":"fr_FR","og_type":"article","og_title":"PLUS4 - Table extensible en acier - La Villa Garden&amp;Design","og_description":"La collection Plus4 est compos\u00e9e de tables extensibles : une de taille 160+110x 90 cm et une autre de taille 220+110x90 cm, les nouvelles tables Balcony et Imperial Plus4. La surface est r\u00e9alis\u00e9e en acier embouti, avec un travail soign\u00e9 des finitions pour un meilleur effet esth\u00e9tique. Utilis\u00e9s pour permettre l'extensibilit\u00e9 de la surface, les rails sont sp\u00e9cifiquement con\u00e7us par EMU pour cette ligne. Le m\u00e9canisme d'ouverture papillon de la rallonge int\u00e9rieure facilite l'ouverture de ces tables. Par rapport \u00e0 une table extensible traditionnelle, la rallonge de 110 cm permet d'ajouter 4 si\u00e8ges au lieu de 2, augmentant ainsi les possibilit\u00e9s d'utilisation de ce produit. De plus, la rallonge de la table est con\u00e7ue de mani\u00e8re \u00e0 ce que tous les si\u00e8ges s'y ins\u00e8rent facilement, sans aucun obstacle.","og_url":"https:\/\/www.lavillagardendesign.com\/fr\/product\/plus4-table-extensible-en-acier\/","og_site_name":"La Villa Garden&amp;Design","article_publisher":"https:\/\/www.facebook.com\/lavillagardendesign\/","article_modified_time":"2026-02-23T11:09:51+00:00","og_image":[{"width":700,"height":800,"url":"https:\/\/www.lavillagardendesign.com\/wp-content\/uploads\/2024\/04\/8.png","type":"image\/png"}],"twitter_card":"summary_large_image","twitter_misc":{"Dur\u00e9e de lecture estim\u00e9e":"1 minute"},"schema":{"@context":"https:\/\/schema.org","@graph":[{"@type":"WebPage","@id":"https:\/\/www.lavillagardendesign.com\/fr\/product\/plus4-table-extensible-en-acier\/","url":"https:\/\/www.lavillagardendesign.com\/fr\/product\/plus4-table-extensible-en-acier\/","name":"PLUS4 - Table extensible en acier - La Villa Garden&amp;Design","isPartOf":{"@id":"https:\/\/www.lavillagardendesign.com\/#website"},"primaryImageOfPage":{"@id":"https:\/\/www.lavillagardendesign.com\/fr\/product\/plus4-table-extensible-en-acier\/#primaryimage"},"image":{"@id":"https:\/\/www.lavillagardendesign.com\/fr\/product\/plus4-table-extensible-en-acier\/#primaryimage"},"thumbnailUrl":"https:\/\/www.lavillagardendesign.com\/wp-content\/uploads\/2024\/04\/8.png","datePublished":"2024-04-05T08:23:47+00:00","dateModified":"2026-02-23T11:09:51+00:00","breadcrumb":{"@id":"https:\/\/www.lavillagardendesign.com\/fr\/product\/plus4-table-extensible-en-acier\/#breadcrumb"},"inLanguage":"fr-FR","potentialAction":[{"@type":"ReadAction","target":["https:\/\/www.lavillagardendesign.com\/fr\/product\/plus4-table-extensible-en-acier\/"]}]},{"@type":"ImageObject","inLanguage":"fr-FR","@id":"https:\/\/www.lavillagardendesign.com\/fr\/product\/plus4-table-extensible-en-acier\/#primaryimage","url":"https:\/\/www.lavillagardendesign.com\/wp-content\/uploads\/2024\/04\/8.png","contentUrl":"https:\/\/www.lavillagardendesign.com\/wp-content\/uploads\/2024\/04\/8.png","width":700,"height":800},{"@type":"BreadcrumbList","@id":"https:\/\/www.lavillagardendesign.com\/fr\/product\/plus4-table-extensible-en-acier\/#breadcrumb","itemListElement":[{"@type":"ListItem","position":1,"name":"Home","item":"https:\/\/www.lavillagardendesign.com\/"},{"@type":"ListItem","position":2,"name":"Boutique","item":"https:\/\/www.lavillagardendesign.com\/fr\/boutique\/"},{"@type":"ListItem","position":3,"name":"PLUS4 &#8211; Table extensible en acier"}]},{"@type":"WebSite","@id":"https:\/\/www.lavillagardendesign.com\/#website","url":"https:\/\/www.lavillagardendesign.com\/","name":"La Villa Garden&Design","description":"","publisher":{"@id":"https:\/\/www.lavillagardendesign.com\/#organization"},"potentialAction":[{"@type":"SearchAction","target":{"@type":"EntryPoint","urlTemplate":"https:\/\/www.lavillagardendesign.com\/?s={search_term_string}"},"query-input":{"@type":"PropertyValueSpecification","valueRequired":true,"valueName":"search_term_string"}}],"inLanguage":"fr-FR"},{"@type":"Organization","@id":"https:\/\/www.lavillagardendesign.com\/#organization","name":"La Villa Garden&Design","url":"https:\/\/www.lavillagardendesign.com\/","logo":{"@type":"ImageObject","inLanguage":"fr-FR","@id":"https:\/\/www.lavillagardendesign.com\/#\/schema\/logo\/image\/","url":"https:\/\/www.lavillagardendesign.com\/wp-content\/uploads\/2024\/04\/logolavilla.png","contentUrl":"https:\/\/www.lavillagardendesign.com\/wp-content\/uploads\/2024\/04\/logolavilla.png","width":682,"height":391,"caption":"La Villa Garden&Design"},"image":{"@id":"https:\/\/www.lavillagardendesign.com\/#\/schema\/logo\/image\/"},"sameAs":["https:\/\/www.facebook.com\/lavillagardendesign\/"]}]}},"_links":{"self":[{"href":"https:\/\/www.lavillagardendesign.com\/fr\/wp-json\/wp\/v2\/product\/39202","targetHints":{"allow":["GET"]}}],"collection":[{"href":"https:\/\/www.lavillagardendesign.com\/fr\/wp-json\/wp\/v2\/product"}],"about":[{"href":"https:\/\/www.lavillagardendesign.com\/fr\/wp-json\/wp\/v2\/types\/product"}],"replies":[{"embeddable":true,"href":"https:\/\/www.lavillagardendesign.com\/fr\/wp-json\/wp\/v2\/comments?post=39202"}],"version-history":[{"count":2,"href":"https:\/\/www.lavillagardendesign.com\/fr\/wp-json\/wp\/v2\/product\/39202\/revisions"}],"predecessor-version":[{"id":63771,"href":"https:\/\/www.lavillagardendesign.com\/fr\/wp-json\/wp\/v2\/product\/39202\/revisions\/63771"}],"wp:featuredmedia":[{"embeddable":true,"href":"https:\/\/www.lavillagardendesign.com\/fr\/wp-json\/wp\/v2\/media\/39110"}],"wp:attachment":[{"href":"https:\/\/www.lavillagardendesign.com\/fr\/wp-json\/wp\/v2\/media?parent=39202"}],"wp:term":[{"taxonomy":"product_brand","embeddable":true,"href":"https:\/\/www.lavillagardendesign.com\/fr\/wp-json\/wp\/v2\/product_brand?post=39202"},{"taxonomy":"product_cat","embeddable":true,"href":"https:\/\/www.lavillagardendesign.com\/fr\/wp-json\/wp\/v2\/product_cat?post=39202"},{"taxonomy":"product_tag","embeddable":true,"href":"https:\/\/www.lavillagardendesign.com\/fr\/wp-json\/wp\/v2\/product_tag?post=39202"}],"curies":[{"name":"wp","href":"https:\/\/api.w.org\/{rel}","templated":true}]}}