{"id":36205,"date":"2024-03-24T20:39:00","date_gmt":"2024-03-24T19:39:00","guid":{"rendered":"https:\/\/www.lavillagardendesign.com\/product\/lux-teck-lampe-solaire-teck\/"},"modified":"2026-02-23T13:09:23","modified_gmt":"2026-02-23T11:09:23","slug":"lux-teck-lampe-solaire-teck","status":"publish","type":"product","link":"https:\/\/www.lavillagardendesign.com\/fr\/product\/lux-teck-lampe-solaire-teck\/","title":{"rendered":"LUX \u2013 Lampe solaire en Teck"},"content":{"rendered":"","protected":false},"excerpt":{"rendered":"<p>La lampe solaire LUX en teck, con\u00e7ue par Studio La Villa, apporte une touche naturelle et sophistiqu\u00e9e \u00e0 vos espaces ext\u00e9rieurs. Sa structure en teck massif offre un design \u00e9pur\u00e9, parfait pour illuminer vos tables de fa\u00e7on chaleureuse et apaisante. Aliment\u00e9e par \u00e9nergie solaire, elle est autonome et \u00e9cologique, id\u00e9ale pour cr\u00e9er une ambiance unique lors de vos soir\u00e9es en plein air.  <\/p>\n","protected":false},"featured_media":35957,"comment_status":"open","ping_status":"closed","template":"","meta":[],"product_brand":[5001],"product_cat":[6832,2932,2934,5658],"product_tag":[],"class_list":{"0":"post-36205","1":"product","2":"type-product","3":"status-publish","4":"has-post-thumbnail","6":"product_brand-la-villa-garden","7":"product_cat-outdoor-fr","8":"product_cat-luminaires","9":"product_cat-lampes-de-table","10":"product_cat-promos-web","12":"first","13":"instock","14":"taxable","15":"shipping-taxable","16":"purchasable","17":"product-type-variable","18":"has-default-attributes"},"yoast_head":"<!-- This site is optimized with the Yoast SEO plugin v27.1.1 - https:\/\/yoast.com\/product\/yoast-seo-wordpress\/ -->\n<title>LUX \u2013 Lampe solaire en teck pour ext\u00e9rieur<\/title>\n<meta name=\"description\" content=\"Lampe solaire LUX en teck, au design naturel et \u00e9l\u00e9gant, fabriqu\u00e9e par Studio La Villa. Illuminez vos tables ext\u00e9rieures avec cette lampe solaire autonome et \u00e9cologique, id\u00e9ale pour les soir\u00e9es en plein air.\" \/>\n<meta name=\"robots\" content=\"index, follow, max-snippet:-1, max-image-preview:large, max-video-preview:-1\" \/>\n<link rel=\"canonical\" href=\"https:\/\/www.lavillagardendesign.com\/fr\/product\/lux-teck-lampe-solaire-teck\/\" \/>\n<meta property=\"og:locale\" content=\"fr_FR\" \/>\n<meta property=\"og:type\" content=\"article\" \/>\n<meta property=\"og:title\" content=\"LUX \u2013 Lampe solaire en teck pour ext\u00e9rieur\" \/>\n<meta property=\"og:description\" content=\"Lampe solaire LUX en teck, au design naturel et \u00e9l\u00e9gant, fabriqu\u00e9e par Studio La Villa. Illuminez vos tables ext\u00e9rieures avec cette lampe solaire autonome et \u00e9cologique, id\u00e9ale pour les soir\u00e9es en plein air.\" \/>\n<meta property=\"og:url\" content=\"https:\/\/www.lavillagardendesign.com\/fr\/product\/lux-teck-lampe-solaire-teck\/\" \/>\n<meta property=\"og:site_name\" content=\"La Villa Garden&amp;Design\" \/>\n<meta property=\"article:publisher\" content=\"https:\/\/www.facebook.com\/lavillagardendesign\/\" \/>\n<meta property=\"article:modified_time\" content=\"2026-02-23T11:09:23+00:00\" \/>\n<meta property=\"og:image\" content=\"https:\/\/www.lavillagardendesign.com\/wp-content\/uploads\/2024\/03\/5-2.png\" \/>\n\t<meta property=\"og:image:width\" content=\"700\" \/>\n\t<meta property=\"og:image:height\" content=\"800\" \/>\n\t<meta property=\"og:image:type\" content=\"image\/png\" \/>\n<meta name=\"twitter:card\" content=\"summary_large_image\" \/>\n<script type=\"application\/ld+json\" class=\"yoast-schema-graph\">{\"@context\":\"https:\/\/schema.org\",\"@graph\":[{\"@type\":\"WebPage\",\"@id\":\"https:\/\/www.lavillagardendesign.com\/fr\/product\/lux-teck-lampe-solaire-teck\/\",\"url\":\"https:\/\/www.lavillagardendesign.com\/fr\/product\/lux-teck-lampe-solaire-teck\/\",\"name\":\"LUX \u2013 Lampe solaire en teck pour ext\u00e9rieur\",\"isPartOf\":{\"@id\":\"https:\/\/www.lavillagardendesign.com\/#website\"},\"primaryImageOfPage\":{\"@id\":\"https:\/\/www.lavillagardendesign.com\/fr\/product\/lux-teck-lampe-solaire-teck\/#primaryimage\"},\"image\":{\"@id\":\"https:\/\/www.lavillagardendesign.com\/fr\/product\/lux-teck-lampe-solaire-teck\/#primaryimage\"},\"thumbnailUrl\":\"https:\/\/www.lavillagardendesign.com\/wp-content\/uploads\/2024\/03\/5-2.png\",\"datePublished\":\"2024-03-24T19:39:00+00:00\",\"dateModified\":\"2026-02-23T11:09:23+00:00\",\"description\":\"Lampe solaire LUX en teck, au design naturel et \u00e9l\u00e9gant, fabriqu\u00e9e par Studio La Villa. Illuminez vos tables ext\u00e9rieures avec cette lampe solaire autonome et \u00e9cologique, id\u00e9ale pour les soir\u00e9es en plein air.\",\"breadcrumb\":{\"@id\":\"https:\/\/www.lavillagardendesign.com\/fr\/product\/lux-teck-lampe-solaire-teck\/#breadcrumb\"},\"inLanguage\":\"fr-FR\",\"potentialAction\":[{\"@type\":\"ReadAction\",\"target\":[\"https:\/\/www.lavillagardendesign.com\/fr\/product\/lux-teck-lampe-solaire-teck\/\"]}]},{\"@type\":\"ImageObject\",\"inLanguage\":\"fr-FR\",\"@id\":\"https:\/\/www.lavillagardendesign.com\/fr\/product\/lux-teck-lampe-solaire-teck\/#primaryimage\",\"url\":\"https:\/\/www.lavillagardendesign.com\/wp-content\/uploads\/2024\/03\/5-2.png\",\"contentUrl\":\"https:\/\/www.lavillagardendesign.com\/wp-content\/uploads\/2024\/03\/5-2.png\",\"width\":700,\"height\":800},{\"@type\":\"BreadcrumbList\",\"@id\":\"https:\/\/www.lavillagardendesign.com\/fr\/product\/lux-teck-lampe-solaire-teck\/#breadcrumb\",\"itemListElement\":[{\"@type\":\"ListItem\",\"position\":1,\"name\":\"Home\",\"item\":\"https:\/\/www.lavillagardendesign.com\/\"},{\"@type\":\"ListItem\",\"position\":2,\"name\":\"Boutique\",\"item\":\"https:\/\/www.lavillagardendesign.com\/fr\/boutique\/\"},{\"@type\":\"ListItem\",\"position\":3,\"name\":\"LUX \u2013 Lampe solaire en Teck\"}]},{\"@type\":\"WebSite\",\"@id\":\"https:\/\/www.lavillagardendesign.com\/#website\",\"url\":\"https:\/\/www.lavillagardendesign.com\/\",\"name\":\"La Villa Garden&Design\",\"description\":\"\",\"publisher\":{\"@id\":\"https:\/\/www.lavillagardendesign.com\/#organization\"},\"potentialAction\":[{\"@type\":\"SearchAction\",\"target\":{\"@type\":\"EntryPoint\",\"urlTemplate\":\"https:\/\/www.lavillagardendesign.com\/?s={search_term_string}\"},\"query-input\":{\"@type\":\"PropertyValueSpecification\",\"valueRequired\":true,\"valueName\":\"search_term_string\"}}],\"inLanguage\":\"fr-FR\"},{\"@type\":\"Organization\",\"@id\":\"https:\/\/www.lavillagardendesign.com\/#organization\",\"name\":\"La Villa Garden&Design\",\"url\":\"https:\/\/www.lavillagardendesign.com\/\",\"logo\":{\"@type\":\"ImageObject\",\"inLanguage\":\"fr-FR\",\"@id\":\"https:\/\/www.lavillagardendesign.com\/#\/schema\/logo\/image\/\",\"url\":\"https:\/\/www.lavillagardendesign.com\/wp-content\/uploads\/2024\/04\/logolavilla.png\",\"contentUrl\":\"https:\/\/www.lavillagardendesign.com\/wp-content\/uploads\/2024\/04\/logolavilla.png\",\"width\":682,\"height\":391,\"caption\":\"La Villa Garden&Design\"},\"image\":{\"@id\":\"https:\/\/www.lavillagardendesign.com\/#\/schema\/logo\/image\/\"},\"sameAs\":[\"https:\/\/www.facebook.com\/lavillagardendesign\/\"]}]}<\/script>\n<!-- \/ Yoast SEO plugin. -->","yoast_head_json":{"title":"LUX \u2013 Lampe solaire en teck pour ext\u00e9rieur","description":"Lampe solaire LUX en teck, au design naturel et \u00e9l\u00e9gant, fabriqu\u00e9e par Studio La Villa. Illuminez vos tables ext\u00e9rieures avec cette lampe solaire autonome et \u00e9cologique, id\u00e9ale pour les soir\u00e9es en plein air.","robots":{"index":"index","follow":"follow","max-snippet":"max-snippet:-1","max-image-preview":"max-image-preview:large","max-video-preview":"max-video-preview:-1"},"canonical":"https:\/\/www.lavillagardendesign.com\/fr\/product\/lux-teck-lampe-solaire-teck\/","og_locale":"fr_FR","og_type":"article","og_title":"LUX \u2013 Lampe solaire en teck pour ext\u00e9rieur","og_description":"Lampe solaire LUX en teck, au design naturel et \u00e9l\u00e9gant, fabriqu\u00e9e par Studio La Villa. Illuminez vos tables ext\u00e9rieures avec cette lampe solaire autonome et \u00e9cologique, id\u00e9ale pour les soir\u00e9es en plein air.","og_url":"https:\/\/www.lavillagardendesign.com\/fr\/product\/lux-teck-lampe-solaire-teck\/","og_site_name":"La Villa Garden&amp;Design","article_publisher":"https:\/\/www.facebook.com\/lavillagardendesign\/","article_modified_time":"2026-02-23T11:09:23+00:00","og_image":[{"width":700,"height":800,"url":"https:\/\/www.lavillagardendesign.com\/wp-content\/uploads\/2024\/03\/5-2.png","type":"image\/png"}],"twitter_card":"summary_large_image","schema":{"@context":"https:\/\/schema.org","@graph":[{"@type":"WebPage","@id":"https:\/\/www.lavillagardendesign.com\/fr\/product\/lux-teck-lampe-solaire-teck\/","url":"https:\/\/www.lavillagardendesign.com\/fr\/product\/lux-teck-lampe-solaire-teck\/","name":"LUX \u2013 Lampe solaire en teck pour ext\u00e9rieur","isPartOf":{"@id":"https:\/\/www.lavillagardendesign.com\/#website"},"primaryImageOfPage":{"@id":"https:\/\/www.lavillagardendesign.com\/fr\/product\/lux-teck-lampe-solaire-teck\/#primaryimage"},"image":{"@id":"https:\/\/www.lavillagardendesign.com\/fr\/product\/lux-teck-lampe-solaire-teck\/#primaryimage"},"thumbnailUrl":"https:\/\/www.lavillagardendesign.com\/wp-content\/uploads\/2024\/03\/5-2.png","datePublished":"2024-03-24T19:39:00+00:00","dateModified":"2026-02-23T11:09:23+00:00","description":"Lampe solaire LUX en teck, au design naturel et \u00e9l\u00e9gant, fabriqu\u00e9e par Studio La Villa. Illuminez vos tables ext\u00e9rieures avec cette lampe solaire autonome et \u00e9cologique, id\u00e9ale pour les soir\u00e9es en plein air.","breadcrumb":{"@id":"https:\/\/www.lavillagardendesign.com\/fr\/product\/lux-teck-lampe-solaire-teck\/#breadcrumb"},"inLanguage":"fr-FR","potentialAction":[{"@type":"ReadAction","target":["https:\/\/www.lavillagardendesign.com\/fr\/product\/lux-teck-lampe-solaire-teck\/"]}]},{"@type":"ImageObject","inLanguage":"fr-FR","@id":"https:\/\/www.lavillagardendesign.com\/fr\/product\/lux-teck-lampe-solaire-teck\/#primaryimage","url":"https:\/\/www.lavillagardendesign.com\/wp-content\/uploads\/2024\/03\/5-2.png","contentUrl":"https:\/\/www.lavillagardendesign.com\/wp-content\/uploads\/2024\/03\/5-2.png","width":700,"height":800},{"@type":"BreadcrumbList","@id":"https:\/\/www.lavillagardendesign.com\/fr\/product\/lux-teck-lampe-solaire-teck\/#breadcrumb","itemListElement":[{"@type":"ListItem","position":1,"name":"Home","item":"https:\/\/www.lavillagardendesign.com\/"},{"@type":"ListItem","position":2,"name":"Boutique","item":"https:\/\/www.lavillagardendesign.com\/fr\/boutique\/"},{"@type":"ListItem","position":3,"name":"LUX \u2013 Lampe solaire en Teck"}]},{"@type":"WebSite","@id":"https:\/\/www.lavillagardendesign.com\/#website","url":"https:\/\/www.lavillagardendesign.com\/","name":"La Villa Garden&Design","description":"","publisher":{"@id":"https:\/\/www.lavillagardendesign.com\/#organization"},"potentialAction":[{"@type":"SearchAction","target":{"@type":"EntryPoint","urlTemplate":"https:\/\/www.lavillagardendesign.com\/?s={search_term_string}"},"query-input":{"@type":"PropertyValueSpecification","valueRequired":true,"valueName":"search_term_string"}}],"inLanguage":"fr-FR"},{"@type":"Organization","@id":"https:\/\/www.lavillagardendesign.com\/#organization","name":"La Villa Garden&Design","url":"https:\/\/www.lavillagardendesign.com\/","logo":{"@type":"ImageObject","inLanguage":"fr-FR","@id":"https:\/\/www.lavillagardendesign.com\/#\/schema\/logo\/image\/","url":"https:\/\/www.lavillagardendesign.com\/wp-content\/uploads\/2024\/04\/logolavilla.png","contentUrl":"https:\/\/www.lavillagardendesign.com\/wp-content\/uploads\/2024\/04\/logolavilla.png","width":682,"height":391,"caption":"La Villa Garden&Design"},"image":{"@id":"https:\/\/www.lavillagardendesign.com\/#\/schema\/logo\/image\/"},"sameAs":["https:\/\/www.facebook.com\/lavillagardendesign\/"]}]}},"_links":{"self":[{"href":"https:\/\/www.lavillagardendesign.com\/fr\/wp-json\/wp\/v2\/product\/36205","targetHints":{"allow":["GET"]}}],"collection":[{"href":"https:\/\/www.lavillagardendesign.com\/fr\/wp-json\/wp\/v2\/product"}],"about":[{"href":"https:\/\/www.lavillagardendesign.com\/fr\/wp-json\/wp\/v2\/types\/product"}],"replies":[{"embeddable":true,"href":"https:\/\/www.lavillagardendesign.com\/fr\/wp-json\/wp\/v2\/comments?post=36205"}],"version-history":[{"count":1,"href":"https:\/\/www.lavillagardendesign.com\/fr\/wp-json\/wp\/v2\/product\/36205\/revisions"}],"predecessor-version":[{"id":48604,"href":"https:\/\/www.lavillagardendesign.com\/fr\/wp-json\/wp\/v2\/product\/36205\/revisions\/48604"}],"wp:featuredmedia":[{"embeddable":true,"href":"https:\/\/www.lavillagardendesign.com\/fr\/wp-json\/wp\/v2\/media\/35957"}],"wp:attachment":[{"href":"https:\/\/www.lavillagardendesign.com\/fr\/wp-json\/wp\/v2\/media?parent=36205"}],"wp:term":[{"taxonomy":"product_brand","embeddable":true,"href":"https:\/\/www.lavillagardendesign.com\/fr\/wp-json\/wp\/v2\/product_brand?post=36205"},{"taxonomy":"product_cat","embeddable":true,"href":"https:\/\/www.lavillagardendesign.com\/fr\/wp-json\/wp\/v2\/product_cat?post=36205"},{"taxonomy":"product_tag","embeddable":true,"href":"https:\/\/www.lavillagardendesign.com\/fr\/wp-json\/wp\/v2\/product_tag?post=36205"}],"curies":[{"name":"wp","href":"https:\/\/api.w.org\/{rel}","templated":true}]}}