{"id":36200,"date":"2024-03-24T20:25:00","date_gmt":"2024-03-24T19:25:00","guid":{"rendered":"https:\/\/www.lavillagardendesign.com\/product\/bloc-lampe-solaire-teck\/"},"modified":"2026-02-23T13:09:22","modified_gmt":"2026-02-23T11:09:22","slug":"bloc-lampe-solaire-teck","status":"publish","type":"product","link":"https:\/\/www.lavillagardendesign.com\/fr\/product\/bloc-lampe-solaire-teck\/","title":{"rendered":"BLOC \u2013 Lampe solaire en Teck"},"content":{"rendered":"","protected":false},"excerpt":{"rendered":"<p>La lampe solaire BLOC, con\u00e7ue par Studio La Villa, apporte une touche naturelle et \u00e9l\u00e9gante \u00e0 vos espaces ext\u00e9rieurs. Fabriqu\u00e9e en teck durable, elle combine un design moderne et \u00e9cologique, id\u00e9al pour cr\u00e9er une ambiance chaleureuse lors de vos soir\u00e9es. Aliment\u00e9e \u00e0 l\u2019\u00e9nergie solaire, elle est autonome et respectueuse de l\u2019environnement. Parfaite pour illuminer vos terrasses et jardins avec style et simplicit\u00e9.   <\/p>\n","protected":false},"featured_media":35934,"comment_status":"open","ping_status":"closed","template":"","meta":[],"product_brand":[5001],"product_cat":[6832,2932,2934,5658],"product_tag":[],"class_list":{"0":"post-36200","1":"product","2":"type-product","3":"status-publish","4":"has-post-thumbnail","6":"product_brand-la-villa-garden","7":"product_cat-outdoor-fr","8":"product_cat-luminaires","9":"product_cat-lampes-de-table","10":"product_cat-promos-web","12":"first","13":"instock","14":"sale","15":"taxable","16":"shipping-taxable","17":"purchasable","18":"product-type-variable","19":"has-default-attributes"},"yoast_head":"<!-- This site is optimized with the Yoast SEO plugin v27.1.1 - https:\/\/yoast.com\/product\/yoast-seo-wordpress\/ -->\n<title>BLOC \u2013 Lampe solaire en teck pour ext\u00e9rieur<\/title>\n<meta name=\"description\" content=\"Lampe solaire BLOC en teck pour ext\u00e9rieur, design naturel et \u00e9cologique, fabrication Studio La Villa. \u00c9clairage solaire \u00e9l\u00e9gant et r\u00e9sistant pour toutes vos soir\u00e9es en plein air.\" \/>\n<meta name=\"robots\" content=\"index, follow, max-snippet:-1, max-image-preview:large, max-video-preview:-1\" \/>\n<link rel=\"canonical\" href=\"https:\/\/www.lavillagardendesign.com\/fr\/product\/bloc-lampe-solaire-teck\/\" \/>\n<meta property=\"og:locale\" content=\"fr_FR\" \/>\n<meta property=\"og:type\" content=\"article\" \/>\n<meta property=\"og:title\" content=\"BLOC \u2013 Lampe solaire en teck pour ext\u00e9rieur\" \/>\n<meta property=\"og:description\" content=\"Lampe solaire BLOC en teck pour ext\u00e9rieur, design naturel et \u00e9cologique, fabrication Studio La Villa. \u00c9clairage solaire \u00e9l\u00e9gant et r\u00e9sistant pour toutes vos soir\u00e9es en plein air.\" \/>\n<meta property=\"og:url\" content=\"https:\/\/www.lavillagardendesign.com\/fr\/product\/bloc-lampe-solaire-teck\/\" \/>\n<meta property=\"og:site_name\" content=\"La Villa Garden&amp;Design\" \/>\n<meta property=\"article:publisher\" content=\"https:\/\/www.facebook.com\/lavillagardendesign\/\" \/>\n<meta property=\"article:modified_time\" content=\"2026-02-23T11:09:22+00:00\" \/>\n<meta property=\"og:image\" content=\"https:\/\/www.lavillagardendesign.com\/wp-content\/uploads\/2024\/03\/5-1.png\" \/>\n\t<meta property=\"og:image:width\" content=\"700\" \/>\n\t<meta property=\"og:image:height\" content=\"800\" \/>\n\t<meta property=\"og:image:type\" content=\"image\/png\" \/>\n<meta name=\"twitter:card\" content=\"summary_large_image\" \/>\n<script type=\"application\/ld+json\" class=\"yoast-schema-graph\">{\"@context\":\"https:\/\/schema.org\",\"@graph\":[{\"@type\":\"WebPage\",\"@id\":\"https:\/\/www.lavillagardendesign.com\/fr\/product\/bloc-lampe-solaire-teck\/\",\"url\":\"https:\/\/www.lavillagardendesign.com\/fr\/product\/bloc-lampe-solaire-teck\/\",\"name\":\"BLOC \u2013 Lampe solaire en teck pour ext\u00e9rieur\",\"isPartOf\":{\"@id\":\"https:\/\/www.lavillagardendesign.com\/#website\"},\"primaryImageOfPage\":{\"@id\":\"https:\/\/www.lavillagardendesign.com\/fr\/product\/bloc-lampe-solaire-teck\/#primaryimage\"},\"image\":{\"@id\":\"https:\/\/www.lavillagardendesign.com\/fr\/product\/bloc-lampe-solaire-teck\/#primaryimage\"},\"thumbnailUrl\":\"https:\/\/www.lavillagardendesign.com\/wp-content\/uploads\/2024\/03\/5-1.png\",\"datePublished\":\"2024-03-24T19:25:00+00:00\",\"dateModified\":\"2026-02-23T11:09:22+00:00\",\"description\":\"Lampe solaire BLOC en teck pour ext\u00e9rieur, design naturel et \u00e9cologique, fabrication Studio La Villa. \u00c9clairage solaire \u00e9l\u00e9gant et r\u00e9sistant pour toutes vos soir\u00e9es en plein air.\",\"breadcrumb\":{\"@id\":\"https:\/\/www.lavillagardendesign.com\/fr\/product\/bloc-lampe-solaire-teck\/#breadcrumb\"},\"inLanguage\":\"fr-FR\",\"potentialAction\":[{\"@type\":\"ReadAction\",\"target\":[\"https:\/\/www.lavillagardendesign.com\/fr\/product\/bloc-lampe-solaire-teck\/\"]}]},{\"@type\":\"ImageObject\",\"inLanguage\":\"fr-FR\",\"@id\":\"https:\/\/www.lavillagardendesign.com\/fr\/product\/bloc-lampe-solaire-teck\/#primaryimage\",\"url\":\"https:\/\/www.lavillagardendesign.com\/wp-content\/uploads\/2024\/03\/5-1.png\",\"contentUrl\":\"https:\/\/www.lavillagardendesign.com\/wp-content\/uploads\/2024\/03\/5-1.png\",\"width\":700,\"height\":800},{\"@type\":\"BreadcrumbList\",\"@id\":\"https:\/\/www.lavillagardendesign.com\/fr\/product\/bloc-lampe-solaire-teck\/#breadcrumb\",\"itemListElement\":[{\"@type\":\"ListItem\",\"position\":1,\"name\":\"Home\",\"item\":\"https:\/\/www.lavillagardendesign.com\/\"},{\"@type\":\"ListItem\",\"position\":2,\"name\":\"Boutique\",\"item\":\"https:\/\/www.lavillagardendesign.com\/fr\/boutique\/\"},{\"@type\":\"ListItem\",\"position\":3,\"name\":\"BLOC \u2013 Lampe solaire en Teck\"}]},{\"@type\":\"WebSite\",\"@id\":\"https:\/\/www.lavillagardendesign.com\/#website\",\"url\":\"https:\/\/www.lavillagardendesign.com\/\",\"name\":\"La Villa Garden&Design\",\"description\":\"\",\"publisher\":{\"@id\":\"https:\/\/www.lavillagardendesign.com\/#organization\"},\"potentialAction\":[{\"@type\":\"SearchAction\",\"target\":{\"@type\":\"EntryPoint\",\"urlTemplate\":\"https:\/\/www.lavillagardendesign.com\/?s={search_term_string}\"},\"query-input\":{\"@type\":\"PropertyValueSpecification\",\"valueRequired\":true,\"valueName\":\"search_term_string\"}}],\"inLanguage\":\"fr-FR\"},{\"@type\":\"Organization\",\"@id\":\"https:\/\/www.lavillagardendesign.com\/#organization\",\"name\":\"La Villa Garden&Design\",\"url\":\"https:\/\/www.lavillagardendesign.com\/\",\"logo\":{\"@type\":\"ImageObject\",\"inLanguage\":\"fr-FR\",\"@id\":\"https:\/\/www.lavillagardendesign.com\/#\/schema\/logo\/image\/\",\"url\":\"https:\/\/www.lavillagardendesign.com\/wp-content\/uploads\/2024\/04\/logolavilla.png\",\"contentUrl\":\"https:\/\/www.lavillagardendesign.com\/wp-content\/uploads\/2024\/04\/logolavilla.png\",\"width\":682,\"height\":391,\"caption\":\"La Villa Garden&Design\"},\"image\":{\"@id\":\"https:\/\/www.lavillagardendesign.com\/#\/schema\/logo\/image\/\"},\"sameAs\":[\"https:\/\/www.facebook.com\/lavillagardendesign\/\"]}]}<\/script>\n<!-- \/ Yoast SEO plugin. -->","yoast_head_json":{"title":"BLOC \u2013 Lampe solaire en teck pour ext\u00e9rieur","description":"Lampe solaire BLOC en teck pour ext\u00e9rieur, design naturel et \u00e9cologique, fabrication Studio La Villa. \u00c9clairage solaire \u00e9l\u00e9gant et r\u00e9sistant pour toutes vos soir\u00e9es en plein air.","robots":{"index":"index","follow":"follow","max-snippet":"max-snippet:-1","max-image-preview":"max-image-preview:large","max-video-preview":"max-video-preview:-1"},"canonical":"https:\/\/www.lavillagardendesign.com\/fr\/product\/bloc-lampe-solaire-teck\/","og_locale":"fr_FR","og_type":"article","og_title":"BLOC \u2013 Lampe solaire en teck pour ext\u00e9rieur","og_description":"Lampe solaire BLOC en teck pour ext\u00e9rieur, design naturel et \u00e9cologique, fabrication Studio La Villa. \u00c9clairage solaire \u00e9l\u00e9gant et r\u00e9sistant pour toutes vos soir\u00e9es en plein air.","og_url":"https:\/\/www.lavillagardendesign.com\/fr\/product\/bloc-lampe-solaire-teck\/","og_site_name":"La Villa Garden&amp;Design","article_publisher":"https:\/\/www.facebook.com\/lavillagardendesign\/","article_modified_time":"2026-02-23T11:09:22+00:00","og_image":[{"width":700,"height":800,"url":"https:\/\/www.lavillagardendesign.com\/wp-content\/uploads\/2024\/03\/5-1.png","type":"image\/png"}],"twitter_card":"summary_large_image","schema":{"@context":"https:\/\/schema.org","@graph":[{"@type":"WebPage","@id":"https:\/\/www.lavillagardendesign.com\/fr\/product\/bloc-lampe-solaire-teck\/","url":"https:\/\/www.lavillagardendesign.com\/fr\/product\/bloc-lampe-solaire-teck\/","name":"BLOC \u2013 Lampe solaire en teck pour ext\u00e9rieur","isPartOf":{"@id":"https:\/\/www.lavillagardendesign.com\/#website"},"primaryImageOfPage":{"@id":"https:\/\/www.lavillagardendesign.com\/fr\/product\/bloc-lampe-solaire-teck\/#primaryimage"},"image":{"@id":"https:\/\/www.lavillagardendesign.com\/fr\/product\/bloc-lampe-solaire-teck\/#primaryimage"},"thumbnailUrl":"https:\/\/www.lavillagardendesign.com\/wp-content\/uploads\/2024\/03\/5-1.png","datePublished":"2024-03-24T19:25:00+00:00","dateModified":"2026-02-23T11:09:22+00:00","description":"Lampe solaire BLOC en teck pour ext\u00e9rieur, design naturel et \u00e9cologique, fabrication Studio La Villa. \u00c9clairage solaire \u00e9l\u00e9gant et r\u00e9sistant pour toutes vos soir\u00e9es en plein air.","breadcrumb":{"@id":"https:\/\/www.lavillagardendesign.com\/fr\/product\/bloc-lampe-solaire-teck\/#breadcrumb"},"inLanguage":"fr-FR","potentialAction":[{"@type":"ReadAction","target":["https:\/\/www.lavillagardendesign.com\/fr\/product\/bloc-lampe-solaire-teck\/"]}]},{"@type":"ImageObject","inLanguage":"fr-FR","@id":"https:\/\/www.lavillagardendesign.com\/fr\/product\/bloc-lampe-solaire-teck\/#primaryimage","url":"https:\/\/www.lavillagardendesign.com\/wp-content\/uploads\/2024\/03\/5-1.png","contentUrl":"https:\/\/www.lavillagardendesign.com\/wp-content\/uploads\/2024\/03\/5-1.png","width":700,"height":800},{"@type":"BreadcrumbList","@id":"https:\/\/www.lavillagardendesign.com\/fr\/product\/bloc-lampe-solaire-teck\/#breadcrumb","itemListElement":[{"@type":"ListItem","position":1,"name":"Home","item":"https:\/\/www.lavillagardendesign.com\/"},{"@type":"ListItem","position":2,"name":"Boutique","item":"https:\/\/www.lavillagardendesign.com\/fr\/boutique\/"},{"@type":"ListItem","position":3,"name":"BLOC \u2013 Lampe solaire en Teck"}]},{"@type":"WebSite","@id":"https:\/\/www.lavillagardendesign.com\/#website","url":"https:\/\/www.lavillagardendesign.com\/","name":"La Villa Garden&Design","description":"","publisher":{"@id":"https:\/\/www.lavillagardendesign.com\/#organization"},"potentialAction":[{"@type":"SearchAction","target":{"@type":"EntryPoint","urlTemplate":"https:\/\/www.lavillagardendesign.com\/?s={search_term_string}"},"query-input":{"@type":"PropertyValueSpecification","valueRequired":true,"valueName":"search_term_string"}}],"inLanguage":"fr-FR"},{"@type":"Organization","@id":"https:\/\/www.lavillagardendesign.com\/#organization","name":"La Villa Garden&Design","url":"https:\/\/www.lavillagardendesign.com\/","logo":{"@type":"ImageObject","inLanguage":"fr-FR","@id":"https:\/\/www.lavillagardendesign.com\/#\/schema\/logo\/image\/","url":"https:\/\/www.lavillagardendesign.com\/wp-content\/uploads\/2024\/04\/logolavilla.png","contentUrl":"https:\/\/www.lavillagardendesign.com\/wp-content\/uploads\/2024\/04\/logolavilla.png","width":682,"height":391,"caption":"La Villa Garden&Design"},"image":{"@id":"https:\/\/www.lavillagardendesign.com\/#\/schema\/logo\/image\/"},"sameAs":["https:\/\/www.facebook.com\/lavillagardendesign\/"]}]}},"_links":{"self":[{"href":"https:\/\/www.lavillagardendesign.com\/fr\/wp-json\/wp\/v2\/product\/36200","targetHints":{"allow":["GET"]}}],"collection":[{"href":"https:\/\/www.lavillagardendesign.com\/fr\/wp-json\/wp\/v2\/product"}],"about":[{"href":"https:\/\/www.lavillagardendesign.com\/fr\/wp-json\/wp\/v2\/types\/product"}],"replies":[{"embeddable":true,"href":"https:\/\/www.lavillagardendesign.com\/fr\/wp-json\/wp\/v2\/comments?post=36200"}],"version-history":[{"count":1,"href":"https:\/\/www.lavillagardendesign.com\/fr\/wp-json\/wp\/v2\/product\/36200\/revisions"}],"predecessor-version":[{"id":48425,"href":"https:\/\/www.lavillagardendesign.com\/fr\/wp-json\/wp\/v2\/product\/36200\/revisions\/48425"}],"wp:featuredmedia":[{"embeddable":true,"href":"https:\/\/www.lavillagardendesign.com\/fr\/wp-json\/wp\/v2\/media\/35934"}],"wp:attachment":[{"href":"https:\/\/www.lavillagardendesign.com\/fr\/wp-json\/wp\/v2\/media?parent=36200"}],"wp:term":[{"taxonomy":"product_brand","embeddable":true,"href":"https:\/\/www.lavillagardendesign.com\/fr\/wp-json\/wp\/v2\/product_brand?post=36200"},{"taxonomy":"product_cat","embeddable":true,"href":"https:\/\/www.lavillagardendesign.com\/fr\/wp-json\/wp\/v2\/product_cat?post=36200"},{"taxonomy":"product_tag","embeddable":true,"href":"https:\/\/www.lavillagardendesign.com\/fr\/wp-json\/wp\/v2\/product_tag?post=36200"}],"curies":[{"name":"wp","href":"https:\/\/api.w.org\/{rel}","templated":true}]}}