{"id":34964,"date":"2024-01-29T19:58:59","date_gmt":"2024-01-29T18:58:59","guid":{"rendered":"https:\/\/www.lavillagardendesign.com\/product\/california-fauteuil-dexterieur\/"},"modified":"2026-03-10T09:05:01","modified_gmt":"2026-03-10T08:05:01","slug":"california-fauteuil-dexterieur","status":"publish","type":"product","link":"https:\/\/www.lavillagardendesign.com\/fr\/product\/california-fauteuil-dexterieur\/","title":{"rendered":"CALIFORNIE &#8211; Fauteuil de salle \u00e0 manger en aluminium et \u00e9lingue avec coussin"},"content":{"rendered":"","protected":false},"excerpt":{"rendered":"<p>Le fauteuil de salle \u00e0 manger California est con\u00e7u pour ceux qui consid\u00e8rent l&rsquo;ext\u00e9rieur comme une extension de leur espace de vie principal. Sa structure en aluminium thermolaqu\u00e9, \u00e0 la fois solide et l\u00e9g\u00e8re, encadre un dossier en tissu technique (Sling ou Olesling, selon la finition) qui s&rsquo;adapte ergonomiquement au dos. L&rsquo;inclusion d&rsquo;un coussin d&rsquo;assise d\u00e9di\u00e9 augmente le confort et permet de passer de longues soir\u00e9es sans se fatiguer. Il s&rsquo;agit d&rsquo;une pi\u00e8ce parfaite pour les salles \u00e0 manger tr\u00e8s fr\u00e9quent\u00e9es des villas de la Costa Brava, alliant la r\u00e9sistance technique au climat maritime \u00e0 une esth\u00e9tique raffin\u00e9e et intemporelle.   <\/p>\n","protected":false},"featured_media":34897,"comment_status":"open","ping_status":"closed","template":"","meta":[],"product_brand":[5001],"product_cat":[6832,2929,2931,5658],"product_tag":[],"class_list":{"0":"post-34964","1":"product","2":"type-product","3":"status-publish","4":"has-post-thumbnail","6":"product_brand-la-villa-garden","7":"product_cat-outdoor-fr","8":"product_cat-chaises","9":"product_cat-chaises-repas","10":"product_cat-promos-web","12":"first","13":"instock","14":"sale","15":"taxable","16":"shipping-taxable","17":"purchasable","18":"product-type-variable","19":"has-default-attributes"},"yoast_head":"<!-- This site is optimized with the Yoast SEO plugin v27.1.1 - https:\/\/yoast.com\/product\/yoast-seo-wordpress\/ -->\n<title>Chaise de salle \u00e0 manger CALIFORNIA en aluminium avec coussin | La Villa Garden &amp; Design<\/title>\n<meta name=\"description\" content=\"Fauteuil de salle \u00e0 manger californien. Aluminium durable et tissu technique (Sling\/Olesling). Coussin inclus pour un confort maximal. Id\u00e9al pour les terrasses \u00e9l\u00e9gantes.\" \/>\n<meta name=\"robots\" content=\"index, follow, max-snippet:-1, max-image-preview:large, max-video-preview:-1\" \/>\n<link rel=\"canonical\" href=\"https:\/\/www.lavillagardendesign.com\/fr\/product\/california-fauteuil-dexterieur\/\" \/>\n<meta property=\"og:locale\" content=\"fr_FR\" \/>\n<meta property=\"og:type\" content=\"article\" \/>\n<meta property=\"og:title\" content=\"Chaise de salle \u00e0 manger CALIFORNIA en aluminium avec coussin | La Villa Garden &amp; Design\" \/>\n<meta property=\"og:description\" content=\"Fauteuil de salle \u00e0 manger californien. Aluminium durable et tissu technique (Sling\/Olesling). Coussin inclus pour un confort maximal. Id\u00e9al pour les terrasses \u00e9l\u00e9gantes.\" \/>\n<meta property=\"og:url\" content=\"https:\/\/www.lavillagardendesign.com\/fr\/product\/california-fauteuil-dexterieur\/\" \/>\n<meta property=\"og:site_name\" content=\"La Villa Garden&amp;Design\" \/>\n<meta property=\"article:publisher\" content=\"https:\/\/www.facebook.com\/lavillagardendesign\/\" \/>\n<meta property=\"article:modified_time\" content=\"2026-03-10T08:05:01+00:00\" \/>\n<meta property=\"og:image\" content=\"https:\/\/www.lavillagardendesign.com\/wp-content\/uploads\/2024\/01\/6-54.png\" \/>\n\t<meta property=\"og:image:width\" content=\"700\" \/>\n\t<meta property=\"og:image:height\" content=\"800\" \/>\n\t<meta property=\"og:image:type\" content=\"image\/png\" \/>\n<meta name=\"twitter:card\" content=\"summary_large_image\" \/>\n<script type=\"application\/ld+json\" class=\"yoast-schema-graph\">{\"@context\":\"https:\/\/schema.org\",\"@graph\":[{\"@type\":\"WebPage\",\"@id\":\"https:\/\/www.lavillagardendesign.com\/fr\/product\/california-fauteuil-dexterieur\/\",\"url\":\"https:\/\/www.lavillagardendesign.com\/fr\/product\/california-fauteuil-dexterieur\/\",\"name\":\"Chaise de salle \u00e0 manger CALIFORNIA en aluminium avec coussin | La Villa Garden & Design\",\"isPartOf\":{\"@id\":\"https:\/\/www.lavillagardendesign.com\/#website\"},\"primaryImageOfPage\":{\"@id\":\"https:\/\/www.lavillagardendesign.com\/fr\/product\/california-fauteuil-dexterieur\/#primaryimage\"},\"image\":{\"@id\":\"https:\/\/www.lavillagardendesign.com\/fr\/product\/california-fauteuil-dexterieur\/#primaryimage\"},\"thumbnailUrl\":\"https:\/\/www.lavillagardendesign.com\/wp-content\/uploads\/2024\/01\/6-54.png\",\"datePublished\":\"2024-01-29T18:58:59+00:00\",\"dateModified\":\"2026-03-10T08:05:01+00:00\",\"description\":\"Fauteuil de salle \u00e0 manger californien. Aluminium durable et tissu technique (Sling\/Olesling). Coussin inclus pour un confort maximal. Id\u00e9al pour les terrasses \u00e9l\u00e9gantes.\",\"breadcrumb\":{\"@id\":\"https:\/\/www.lavillagardendesign.com\/fr\/product\/california-fauteuil-dexterieur\/#breadcrumb\"},\"inLanguage\":\"fr-FR\",\"potentialAction\":[{\"@type\":\"ReadAction\",\"target\":[\"https:\/\/www.lavillagardendesign.com\/fr\/product\/california-fauteuil-dexterieur\/\"]}]},{\"@type\":\"ImageObject\",\"inLanguage\":\"fr-FR\",\"@id\":\"https:\/\/www.lavillagardendesign.com\/fr\/product\/california-fauteuil-dexterieur\/#primaryimage\",\"url\":\"https:\/\/www.lavillagardendesign.com\/wp-content\/uploads\/2024\/01\/6-54.png\",\"contentUrl\":\"https:\/\/www.lavillagardendesign.com\/wp-content\/uploads\/2024\/01\/6-54.png\",\"width\":700,\"height\":800},{\"@type\":\"BreadcrumbList\",\"@id\":\"https:\/\/www.lavillagardendesign.com\/fr\/product\/california-fauteuil-dexterieur\/#breadcrumb\",\"itemListElement\":[{\"@type\":\"ListItem\",\"position\":1,\"name\":\"Home\",\"item\":\"https:\/\/www.lavillagardendesign.com\/\"},{\"@type\":\"ListItem\",\"position\":2,\"name\":\"Boutique\",\"item\":\"https:\/\/www.lavillagardendesign.com\/fr\/boutique\/\"},{\"@type\":\"ListItem\",\"position\":3,\"name\":\"CALIFORNIE &#8211; Fauteuil de salle \u00e0 manger en aluminium et \u00e9lingue avec coussin\"}]},{\"@type\":\"WebSite\",\"@id\":\"https:\/\/www.lavillagardendesign.com\/#website\",\"url\":\"https:\/\/www.lavillagardendesign.com\/\",\"name\":\"La Villa Garden&Design\",\"description\":\"\",\"publisher\":{\"@id\":\"https:\/\/www.lavillagardendesign.com\/#organization\"},\"potentialAction\":[{\"@type\":\"SearchAction\",\"target\":{\"@type\":\"EntryPoint\",\"urlTemplate\":\"https:\/\/www.lavillagardendesign.com\/?s={search_term_string}\"},\"query-input\":{\"@type\":\"PropertyValueSpecification\",\"valueRequired\":true,\"valueName\":\"search_term_string\"}}],\"inLanguage\":\"fr-FR\"},{\"@type\":\"Organization\",\"@id\":\"https:\/\/www.lavillagardendesign.com\/#organization\",\"name\":\"La Villa Garden&Design\",\"url\":\"https:\/\/www.lavillagardendesign.com\/\",\"logo\":{\"@type\":\"ImageObject\",\"inLanguage\":\"fr-FR\",\"@id\":\"https:\/\/www.lavillagardendesign.com\/#\/schema\/logo\/image\/\",\"url\":\"https:\/\/www.lavillagardendesign.com\/wp-content\/uploads\/2024\/04\/logolavilla.png\",\"contentUrl\":\"https:\/\/www.lavillagardendesign.com\/wp-content\/uploads\/2024\/04\/logolavilla.png\",\"width\":682,\"height\":391,\"caption\":\"La Villa Garden&Design\"},\"image\":{\"@id\":\"https:\/\/www.lavillagardendesign.com\/#\/schema\/logo\/image\/\"},\"sameAs\":[\"https:\/\/www.facebook.com\/lavillagardendesign\/\"]}]}<\/script>\n<!-- \/ Yoast SEO plugin. -->","yoast_head_json":{"title":"Chaise de salle \u00e0 manger CALIFORNIA en aluminium avec coussin | La Villa Garden & Design","description":"Fauteuil de salle \u00e0 manger californien. Aluminium durable et tissu technique (Sling\/Olesling). Coussin inclus pour un confort maximal. Id\u00e9al pour les terrasses \u00e9l\u00e9gantes.","robots":{"index":"index","follow":"follow","max-snippet":"max-snippet:-1","max-image-preview":"max-image-preview:large","max-video-preview":"max-video-preview:-1"},"canonical":"https:\/\/www.lavillagardendesign.com\/fr\/product\/california-fauteuil-dexterieur\/","og_locale":"fr_FR","og_type":"article","og_title":"Chaise de salle \u00e0 manger CALIFORNIA en aluminium avec coussin | La Villa Garden & Design","og_description":"Fauteuil de salle \u00e0 manger californien. Aluminium durable et tissu technique (Sling\/Olesling). Coussin inclus pour un confort maximal. Id\u00e9al pour les terrasses \u00e9l\u00e9gantes.","og_url":"https:\/\/www.lavillagardendesign.com\/fr\/product\/california-fauteuil-dexterieur\/","og_site_name":"La Villa Garden&amp;Design","article_publisher":"https:\/\/www.facebook.com\/lavillagardendesign\/","article_modified_time":"2026-03-10T08:05:01+00:00","og_image":[{"width":700,"height":800,"url":"https:\/\/www.lavillagardendesign.com\/wp-content\/uploads\/2024\/01\/6-54.png","type":"image\/png"}],"twitter_card":"summary_large_image","schema":{"@context":"https:\/\/schema.org","@graph":[{"@type":"WebPage","@id":"https:\/\/www.lavillagardendesign.com\/fr\/product\/california-fauteuil-dexterieur\/","url":"https:\/\/www.lavillagardendesign.com\/fr\/product\/california-fauteuil-dexterieur\/","name":"Chaise de salle \u00e0 manger CALIFORNIA en aluminium avec coussin | La Villa Garden & Design","isPartOf":{"@id":"https:\/\/www.lavillagardendesign.com\/#website"},"primaryImageOfPage":{"@id":"https:\/\/www.lavillagardendesign.com\/fr\/product\/california-fauteuil-dexterieur\/#primaryimage"},"image":{"@id":"https:\/\/www.lavillagardendesign.com\/fr\/product\/california-fauteuil-dexterieur\/#primaryimage"},"thumbnailUrl":"https:\/\/www.lavillagardendesign.com\/wp-content\/uploads\/2024\/01\/6-54.png","datePublished":"2024-01-29T18:58:59+00:00","dateModified":"2026-03-10T08:05:01+00:00","description":"Fauteuil de salle \u00e0 manger californien. Aluminium durable et tissu technique (Sling\/Olesling). Coussin inclus pour un confort maximal. Id\u00e9al pour les terrasses \u00e9l\u00e9gantes.","breadcrumb":{"@id":"https:\/\/www.lavillagardendesign.com\/fr\/product\/california-fauteuil-dexterieur\/#breadcrumb"},"inLanguage":"fr-FR","potentialAction":[{"@type":"ReadAction","target":["https:\/\/www.lavillagardendesign.com\/fr\/product\/california-fauteuil-dexterieur\/"]}]},{"@type":"ImageObject","inLanguage":"fr-FR","@id":"https:\/\/www.lavillagardendesign.com\/fr\/product\/california-fauteuil-dexterieur\/#primaryimage","url":"https:\/\/www.lavillagardendesign.com\/wp-content\/uploads\/2024\/01\/6-54.png","contentUrl":"https:\/\/www.lavillagardendesign.com\/wp-content\/uploads\/2024\/01\/6-54.png","width":700,"height":800},{"@type":"BreadcrumbList","@id":"https:\/\/www.lavillagardendesign.com\/fr\/product\/california-fauteuil-dexterieur\/#breadcrumb","itemListElement":[{"@type":"ListItem","position":1,"name":"Home","item":"https:\/\/www.lavillagardendesign.com\/"},{"@type":"ListItem","position":2,"name":"Boutique","item":"https:\/\/www.lavillagardendesign.com\/fr\/boutique\/"},{"@type":"ListItem","position":3,"name":"CALIFORNIE &#8211; Fauteuil de salle \u00e0 manger en aluminium et \u00e9lingue avec coussin"}]},{"@type":"WebSite","@id":"https:\/\/www.lavillagardendesign.com\/#website","url":"https:\/\/www.lavillagardendesign.com\/","name":"La Villa Garden&Design","description":"","publisher":{"@id":"https:\/\/www.lavillagardendesign.com\/#organization"},"potentialAction":[{"@type":"SearchAction","target":{"@type":"EntryPoint","urlTemplate":"https:\/\/www.lavillagardendesign.com\/?s={search_term_string}"},"query-input":{"@type":"PropertyValueSpecification","valueRequired":true,"valueName":"search_term_string"}}],"inLanguage":"fr-FR"},{"@type":"Organization","@id":"https:\/\/www.lavillagardendesign.com\/#organization","name":"La Villa Garden&Design","url":"https:\/\/www.lavillagardendesign.com\/","logo":{"@type":"ImageObject","inLanguage":"fr-FR","@id":"https:\/\/www.lavillagardendesign.com\/#\/schema\/logo\/image\/","url":"https:\/\/www.lavillagardendesign.com\/wp-content\/uploads\/2024\/04\/logolavilla.png","contentUrl":"https:\/\/www.lavillagardendesign.com\/wp-content\/uploads\/2024\/04\/logolavilla.png","width":682,"height":391,"caption":"La Villa Garden&Design"},"image":{"@id":"https:\/\/www.lavillagardendesign.com\/#\/schema\/logo\/image\/"},"sameAs":["https:\/\/www.facebook.com\/lavillagardendesign\/"]}]}},"_links":{"self":[{"href":"https:\/\/www.lavillagardendesign.com\/fr\/wp-json\/wp\/v2\/product\/34964","targetHints":{"allow":["GET"]}}],"collection":[{"href":"https:\/\/www.lavillagardendesign.com\/fr\/wp-json\/wp\/v2\/product"}],"about":[{"href":"https:\/\/www.lavillagardendesign.com\/fr\/wp-json\/wp\/v2\/types\/product"}],"replies":[{"embeddable":true,"href":"https:\/\/www.lavillagardendesign.com\/fr\/wp-json\/wp\/v2\/comments?post=34964"}],"version-history":[{"count":2,"href":"https:\/\/www.lavillagardendesign.com\/fr\/wp-json\/wp\/v2\/product\/34964\/revisions"}],"predecessor-version":[{"id":67296,"href":"https:\/\/www.lavillagardendesign.com\/fr\/wp-json\/wp\/v2\/product\/34964\/revisions\/67296"}],"wp:featuredmedia":[{"embeddable":true,"href":"https:\/\/www.lavillagardendesign.com\/fr\/wp-json\/wp\/v2\/media\/34897"}],"wp:attachment":[{"href":"https:\/\/www.lavillagardendesign.com\/fr\/wp-json\/wp\/v2\/media?parent=34964"}],"wp:term":[{"taxonomy":"product_brand","embeddable":true,"href":"https:\/\/www.lavillagardendesign.com\/fr\/wp-json\/wp\/v2\/product_brand?post=34964"},{"taxonomy":"product_cat","embeddable":true,"href":"https:\/\/www.lavillagardendesign.com\/fr\/wp-json\/wp\/v2\/product_cat?post=34964"},{"taxonomy":"product_tag","embeddable":true,"href":"https:\/\/www.lavillagardendesign.com\/fr\/wp-json\/wp\/v2\/product_tag?post=34964"}],"curies":[{"name":"wp","href":"https:\/\/api.w.org\/{rel}","templated":true}]}}