{"id":34688,"date":"2024-01-29T19:59:42","date_gmt":"2024-01-29T18:59:42","guid":{"rendered":"https:\/\/www.lavillagardendesign.com\/product\/verona-table-extensible-en-verre-trempe-pour-10-a-12-personnes\/"},"modified":"2026-02-26T11:33:44","modified_gmt":"2026-02-26T09:33:44","slug":"verona-table-extensible-en-verre-trempe-pour-10-a-12-personnes","status":"publish","type":"product","link":"https:\/\/www.lavillagardendesign.com\/fr\/product\/verona-table-extensible-en-verre-trempe-pour-10-a-12-personnes\/","title":{"rendered":"VERONA &#8211; Table de salle \u00e0 manger rectangulaire \u00e0 rallonge 280\/350&#215;110 cm"},"content":{"rendered":"","protected":false},"excerpt":{"rendered":"<p>La table VERONA, notre pi\u00e8ce de plus grand format con\u00e7ue pour les villas haut de gamme, rehausse votre exp\u00e9rience des repas en plein air. S&rsquo;\u00e9tendant jusqu&rsquo;\u00e0 350 cm, elle associe une structure en aluminium de premi\u00e8re qualit\u00e9 \u00e0 un plateau en verre tremp\u00e9, garantissant une esth\u00e9tique m\u00e9diterran\u00e9enne \u00e9l\u00e9gante et une durabilit\u00e9 sup\u00e9rieure dans les climats exigeants. <\/p>\n","protected":false},"featured_media":34573,"comment_status":"open","ping_status":"closed","template":"","meta":[],"product_brand":[5001],"product_cat":[6832,2944,2946,5658],"product_tag":[],"class_list":{"0":"post-34688","1":"product","2":"type-product","3":"status-publish","4":"has-post-thumbnail","6":"product_brand-la-villa-garden","7":"product_cat-outdoor-fr","8":"product_cat-tables-fr","9":"product_cat-tables-repas","10":"product_cat-promos-web","11":"product_shipping_class-vondom-fr","13":"first","14":"instock","15":"sale","16":"taxable","17":"shipping-taxable","18":"purchasable","19":"product-type-variable","20":"has-default-attributes"},"yoast_head":"<!-- This site is optimized with the Yoast SEO plugin v27.1.1 - https:\/\/yoast.com\/product\/yoast-seo-wordpress\/ -->\n<title>VERONA Table grand format 350cm | Luxe &amp; Design | La Villa<\/title>\n<meta name=\"description\" content=\"Table VERONA extensible jusqu&#039;\u00e0 350 cm. Aluminium et verre haute r\u00e9sistance. Qualit\u00e9 sup\u00e9rieure pour les villas exclusives d&#039;Ibiza et de la Costa Brava.\" \/>\n<meta name=\"robots\" content=\"index, follow, max-snippet:-1, max-image-preview:large, max-video-preview:-1\" \/>\n<link rel=\"canonical\" href=\"https:\/\/www.lavillagardendesign.com\/fr\/product\/verona-table-extensible-en-verre-trempe-pour-10-a-12-personnes\/\" \/>\n<meta property=\"og:locale\" content=\"fr_FR\" \/>\n<meta property=\"og:type\" content=\"article\" \/>\n<meta property=\"og:title\" content=\"VERONA Table grand format 350cm | Luxe &amp; Design | La Villa\" \/>\n<meta property=\"og:description\" content=\"Table VERONA extensible jusqu&#039;\u00e0 350 cm. Aluminium et verre haute r\u00e9sistance. Qualit\u00e9 sup\u00e9rieure pour les villas exclusives d&#039;Ibiza et de la Costa Brava.\" \/>\n<meta property=\"og:url\" content=\"https:\/\/www.lavillagardendesign.com\/fr\/product\/verona-table-extensible-en-verre-trempe-pour-10-a-12-personnes\/\" \/>\n<meta property=\"og:site_name\" content=\"La Villa Garden&amp;Design\" \/>\n<meta property=\"article:publisher\" content=\"https:\/\/www.facebook.com\/lavillagardendesign\/\" \/>\n<meta property=\"article:modified_time\" content=\"2026-02-26T09:33:44+00:00\" \/>\n<meta property=\"og:image\" content=\"https:\/\/www.lavillagardendesign.com\/wp-content\/uploads\/2024\/01\/4-96.png\" \/>\n\t<meta property=\"og:image:width\" content=\"700\" \/>\n\t<meta property=\"og:image:height\" content=\"800\" \/>\n\t<meta property=\"og:image:type\" content=\"image\/png\" \/>\n<meta name=\"twitter:card\" content=\"summary_large_image\" \/>\n<script type=\"application\/ld+json\" class=\"yoast-schema-graph\">{\"@context\":\"https:\/\/schema.org\",\"@graph\":[{\"@type\":\"WebPage\",\"@id\":\"https:\/\/www.lavillagardendesign.com\/fr\/product\/verona-table-extensible-en-verre-trempe-pour-10-a-12-personnes\/\",\"url\":\"https:\/\/www.lavillagardendesign.com\/fr\/product\/verona-table-extensible-en-verre-trempe-pour-10-a-12-personnes\/\",\"name\":\"VERONA Table grand format 350cm | Luxe & Design | La Villa\",\"isPartOf\":{\"@id\":\"https:\/\/www.lavillagardendesign.com\/#website\"},\"primaryImageOfPage\":{\"@id\":\"https:\/\/www.lavillagardendesign.com\/fr\/product\/verona-table-extensible-en-verre-trempe-pour-10-a-12-personnes\/#primaryimage\"},\"image\":{\"@id\":\"https:\/\/www.lavillagardendesign.com\/fr\/product\/verona-table-extensible-en-verre-trempe-pour-10-a-12-personnes\/#primaryimage\"},\"thumbnailUrl\":\"https:\/\/www.lavillagardendesign.com\/wp-content\/uploads\/2024\/01\/4-96.png\",\"datePublished\":\"2024-01-29T18:59:42+00:00\",\"dateModified\":\"2026-02-26T09:33:44+00:00\",\"description\":\"Table VERONA extensible jusqu'\u00e0 350 cm. Aluminium et verre haute r\u00e9sistance. Qualit\u00e9 sup\u00e9rieure pour les villas exclusives d'Ibiza et de la Costa Brava.\",\"breadcrumb\":{\"@id\":\"https:\/\/www.lavillagardendesign.com\/fr\/product\/verona-table-extensible-en-verre-trempe-pour-10-a-12-personnes\/#breadcrumb\"},\"inLanguage\":\"fr-FR\",\"potentialAction\":[{\"@type\":\"ReadAction\",\"target\":[\"https:\/\/www.lavillagardendesign.com\/fr\/product\/verona-table-extensible-en-verre-trempe-pour-10-a-12-personnes\/\"]}]},{\"@type\":\"ImageObject\",\"inLanguage\":\"fr-FR\",\"@id\":\"https:\/\/www.lavillagardendesign.com\/fr\/product\/verona-table-extensible-en-verre-trempe-pour-10-a-12-personnes\/#primaryimage\",\"url\":\"https:\/\/www.lavillagardendesign.com\/wp-content\/uploads\/2024\/01\/4-96.png\",\"contentUrl\":\"https:\/\/www.lavillagardendesign.com\/wp-content\/uploads\/2024\/01\/4-96.png\",\"width\":700,\"height\":800},{\"@type\":\"BreadcrumbList\",\"@id\":\"https:\/\/www.lavillagardendesign.com\/fr\/product\/verona-table-extensible-en-verre-trempe-pour-10-a-12-personnes\/#breadcrumb\",\"itemListElement\":[{\"@type\":\"ListItem\",\"position\":1,\"name\":\"Home\",\"item\":\"https:\/\/www.lavillagardendesign.com\/\"},{\"@type\":\"ListItem\",\"position\":2,\"name\":\"Boutique\",\"item\":\"https:\/\/www.lavillagardendesign.com\/fr\/boutique\/\"},{\"@type\":\"ListItem\",\"position\":3,\"name\":\"VERONA &#8211; Table de salle \u00e0 manger rectangulaire \u00e0 rallonge 280\/350&#215;110 cm\"}]},{\"@type\":\"WebSite\",\"@id\":\"https:\/\/www.lavillagardendesign.com\/#website\",\"url\":\"https:\/\/www.lavillagardendesign.com\/\",\"name\":\"La Villa Garden&Design\",\"description\":\"\",\"publisher\":{\"@id\":\"https:\/\/www.lavillagardendesign.com\/#organization\"},\"potentialAction\":[{\"@type\":\"SearchAction\",\"target\":{\"@type\":\"EntryPoint\",\"urlTemplate\":\"https:\/\/www.lavillagardendesign.com\/?s={search_term_string}\"},\"query-input\":{\"@type\":\"PropertyValueSpecification\",\"valueRequired\":true,\"valueName\":\"search_term_string\"}}],\"inLanguage\":\"fr-FR\"},{\"@type\":\"Organization\",\"@id\":\"https:\/\/www.lavillagardendesign.com\/#organization\",\"name\":\"La Villa Garden&Design\",\"url\":\"https:\/\/www.lavillagardendesign.com\/\",\"logo\":{\"@type\":\"ImageObject\",\"inLanguage\":\"fr-FR\",\"@id\":\"https:\/\/www.lavillagardendesign.com\/#\/schema\/logo\/image\/\",\"url\":\"https:\/\/www.lavillagardendesign.com\/wp-content\/uploads\/2024\/04\/logolavilla.png\",\"contentUrl\":\"https:\/\/www.lavillagardendesign.com\/wp-content\/uploads\/2024\/04\/logolavilla.png\",\"width\":682,\"height\":391,\"caption\":\"La Villa Garden&Design\"},\"image\":{\"@id\":\"https:\/\/www.lavillagardendesign.com\/#\/schema\/logo\/image\/\"},\"sameAs\":[\"https:\/\/www.facebook.com\/lavillagardendesign\/\"]}]}<\/script>\n<!-- \/ Yoast SEO plugin. -->","yoast_head_json":{"title":"VERONA Table grand format 350cm | Luxe & Design | La Villa","description":"Table VERONA extensible jusqu'\u00e0 350 cm. Aluminium et verre haute r\u00e9sistance. Qualit\u00e9 sup\u00e9rieure pour les villas exclusives d'Ibiza et de la Costa Brava.","robots":{"index":"index","follow":"follow","max-snippet":"max-snippet:-1","max-image-preview":"max-image-preview:large","max-video-preview":"max-video-preview:-1"},"canonical":"https:\/\/www.lavillagardendesign.com\/fr\/product\/verona-table-extensible-en-verre-trempe-pour-10-a-12-personnes\/","og_locale":"fr_FR","og_type":"article","og_title":"VERONA Table grand format 350cm | Luxe & Design | La Villa","og_description":"Table VERONA extensible jusqu'\u00e0 350 cm. Aluminium et verre haute r\u00e9sistance. Qualit\u00e9 sup\u00e9rieure pour les villas exclusives d'Ibiza et de la Costa Brava.","og_url":"https:\/\/www.lavillagardendesign.com\/fr\/product\/verona-table-extensible-en-verre-trempe-pour-10-a-12-personnes\/","og_site_name":"La Villa Garden&amp;Design","article_publisher":"https:\/\/www.facebook.com\/lavillagardendesign\/","article_modified_time":"2026-02-26T09:33:44+00:00","og_image":[{"width":700,"height":800,"url":"https:\/\/www.lavillagardendesign.com\/wp-content\/uploads\/2024\/01\/4-96.png","type":"image\/png"}],"twitter_card":"summary_large_image","schema":{"@context":"https:\/\/schema.org","@graph":[{"@type":"WebPage","@id":"https:\/\/www.lavillagardendesign.com\/fr\/product\/verona-table-extensible-en-verre-trempe-pour-10-a-12-personnes\/","url":"https:\/\/www.lavillagardendesign.com\/fr\/product\/verona-table-extensible-en-verre-trempe-pour-10-a-12-personnes\/","name":"VERONA Table grand format 350cm | Luxe & Design | La Villa","isPartOf":{"@id":"https:\/\/www.lavillagardendesign.com\/#website"},"primaryImageOfPage":{"@id":"https:\/\/www.lavillagardendesign.com\/fr\/product\/verona-table-extensible-en-verre-trempe-pour-10-a-12-personnes\/#primaryimage"},"image":{"@id":"https:\/\/www.lavillagardendesign.com\/fr\/product\/verona-table-extensible-en-verre-trempe-pour-10-a-12-personnes\/#primaryimage"},"thumbnailUrl":"https:\/\/www.lavillagardendesign.com\/wp-content\/uploads\/2024\/01\/4-96.png","datePublished":"2024-01-29T18:59:42+00:00","dateModified":"2026-02-26T09:33:44+00:00","description":"Table VERONA extensible jusqu'\u00e0 350 cm. Aluminium et verre haute r\u00e9sistance. Qualit\u00e9 sup\u00e9rieure pour les villas exclusives d'Ibiza et de la Costa Brava.","breadcrumb":{"@id":"https:\/\/www.lavillagardendesign.com\/fr\/product\/verona-table-extensible-en-verre-trempe-pour-10-a-12-personnes\/#breadcrumb"},"inLanguage":"fr-FR","potentialAction":[{"@type":"ReadAction","target":["https:\/\/www.lavillagardendesign.com\/fr\/product\/verona-table-extensible-en-verre-trempe-pour-10-a-12-personnes\/"]}]},{"@type":"ImageObject","inLanguage":"fr-FR","@id":"https:\/\/www.lavillagardendesign.com\/fr\/product\/verona-table-extensible-en-verre-trempe-pour-10-a-12-personnes\/#primaryimage","url":"https:\/\/www.lavillagardendesign.com\/wp-content\/uploads\/2024\/01\/4-96.png","contentUrl":"https:\/\/www.lavillagardendesign.com\/wp-content\/uploads\/2024\/01\/4-96.png","width":700,"height":800},{"@type":"BreadcrumbList","@id":"https:\/\/www.lavillagardendesign.com\/fr\/product\/verona-table-extensible-en-verre-trempe-pour-10-a-12-personnes\/#breadcrumb","itemListElement":[{"@type":"ListItem","position":1,"name":"Home","item":"https:\/\/www.lavillagardendesign.com\/"},{"@type":"ListItem","position":2,"name":"Boutique","item":"https:\/\/www.lavillagardendesign.com\/fr\/boutique\/"},{"@type":"ListItem","position":3,"name":"VERONA &#8211; Table de salle \u00e0 manger rectangulaire \u00e0 rallonge 280\/350&#215;110 cm"}]},{"@type":"WebSite","@id":"https:\/\/www.lavillagardendesign.com\/#website","url":"https:\/\/www.lavillagardendesign.com\/","name":"La Villa Garden&Design","description":"","publisher":{"@id":"https:\/\/www.lavillagardendesign.com\/#organization"},"potentialAction":[{"@type":"SearchAction","target":{"@type":"EntryPoint","urlTemplate":"https:\/\/www.lavillagardendesign.com\/?s={search_term_string}"},"query-input":{"@type":"PropertyValueSpecification","valueRequired":true,"valueName":"search_term_string"}}],"inLanguage":"fr-FR"},{"@type":"Organization","@id":"https:\/\/www.lavillagardendesign.com\/#organization","name":"La Villa Garden&Design","url":"https:\/\/www.lavillagardendesign.com\/","logo":{"@type":"ImageObject","inLanguage":"fr-FR","@id":"https:\/\/www.lavillagardendesign.com\/#\/schema\/logo\/image\/","url":"https:\/\/www.lavillagardendesign.com\/wp-content\/uploads\/2024\/04\/logolavilla.png","contentUrl":"https:\/\/www.lavillagardendesign.com\/wp-content\/uploads\/2024\/04\/logolavilla.png","width":682,"height":391,"caption":"La Villa Garden&Design"},"image":{"@id":"https:\/\/www.lavillagardendesign.com\/#\/schema\/logo\/image\/"},"sameAs":["https:\/\/www.facebook.com\/lavillagardendesign\/"]}]}},"_links":{"self":[{"href":"https:\/\/www.lavillagardendesign.com\/fr\/wp-json\/wp\/v2\/product\/34688","targetHints":{"allow":["GET"]}}],"collection":[{"href":"https:\/\/www.lavillagardendesign.com\/fr\/wp-json\/wp\/v2\/product"}],"about":[{"href":"https:\/\/www.lavillagardendesign.com\/fr\/wp-json\/wp\/v2\/types\/product"}],"replies":[{"embeddable":true,"href":"https:\/\/www.lavillagardendesign.com\/fr\/wp-json\/wp\/v2\/comments?post=34688"}],"version-history":[{"count":2,"href":"https:\/\/www.lavillagardendesign.com\/fr\/wp-json\/wp\/v2\/product\/34688\/revisions"}],"predecessor-version":[{"id":64586,"href":"https:\/\/www.lavillagardendesign.com\/fr\/wp-json\/wp\/v2\/product\/34688\/revisions\/64586"}],"wp:featuredmedia":[{"embeddable":true,"href":"https:\/\/www.lavillagardendesign.com\/fr\/wp-json\/wp\/v2\/media\/34573"}],"wp:attachment":[{"href":"https:\/\/www.lavillagardendesign.com\/fr\/wp-json\/wp\/v2\/media?parent=34688"}],"wp:term":[{"taxonomy":"product_brand","embeddable":true,"href":"https:\/\/www.lavillagardendesign.com\/fr\/wp-json\/wp\/v2\/product_brand?post=34688"},{"taxonomy":"product_cat","embeddable":true,"href":"https:\/\/www.lavillagardendesign.com\/fr\/wp-json\/wp\/v2\/product_cat?post=34688"},{"taxonomy":"product_tag","embeddable":true,"href":"https:\/\/www.lavillagardendesign.com\/fr\/wp-json\/wp\/v2\/product_tag?post=34688"}],"curies":[{"name":"wp","href":"https:\/\/api.w.org\/{rel}","templated":true}]}}