{"id":34666,"date":"2024-01-29T19:59:09","date_gmt":"2024-01-29T18:59:09","guid":{"rendered":"https:\/\/www.lavillagardendesign.com\/product\/fano-table-ronde-en-verre-trempe-pour-4-a-6-personnes\/"},"modified":"2026-03-10T03:44:38","modified_gmt":"2026-03-10T02:44:38","slug":"fano-table-ronde-en-verre-trempe-pour-4-a-6-personnes","status":"publish","type":"product","link":"https:\/\/www.lavillagardendesign.com\/fr\/product\/fano-table-ronde-en-verre-trempe-pour-4-a-6-personnes\/","title":{"rendered":"FANO \u2013 Table ronde en verre tremp\u00e9 pour 4 \u00e0 8 personnes"},"content":{"rendered":"","protected":false},"excerpt":{"rendered":"<p>D\u00e9couvrez la table FANO, une \u00e9l\u00e9gante table ronde en verre tremp\u00e9 id\u00e9ale pour accueillir entre 4 et 8 personnes. Disponible en deux tailles de diam\u00e8tre, 110 cm et 150 cm, cette table s\u2019adapte \u00e0 vos besoins d\u2019espace tout en garantissant un design raffin\u00e9. Le mod\u00e8le de 150 cm dispose d&rsquo;un plateau tournant central, parfait pour partager vos plats avec facilit\u00e9. Son pied tulipe moderne est propos\u00e9 en trois coloris, ajoutant une touche sophistiqu\u00e9e \u00e0 tout int\u00e9rieur. La FANO allie fonctionnalit\u00e9 et esth\u00e9tique pour vos repas et moments de convivialit\u00e9.    <\/p>\n","protected":false},"featured_media":34526,"comment_status":"open","ping_status":"closed","template":"","meta":[],"product_brand":[5001],"product_cat":[6832,2944,2946,5658],"product_tag":[],"class_list":{"0":"post-34666","1":"product","2":"type-product","3":"status-publish","4":"has-post-thumbnail","6":"product_brand-la-villa-garden","7":"product_cat-outdoor-fr","8":"product_cat-tables-fr","9":"product_cat-tables-repas","10":"product_cat-promos-web","12":"first","13":"instock","14":"sale","15":"taxable","16":"shipping-taxable","17":"purchasable","18":"product-type-variable","19":"has-default-attributes"},"yoast_head":"<!-- This site is optimized with the Yoast SEO plugin v27.1.1 - https:\/\/yoast.com\/product\/yoast-seo-wordpress\/ -->\n<title>Table ronde en verre FANO \u2013 4 \u00e0 8 personnes \u2013 Plateau tournant, 3 coloris disponibles<\/title>\n<meta name=\"description\" content=\"Table ronde FANO en verre tremp\u00e9, pour 4 \u00e0 8 personnes. Deux diam\u00e8tres (110 cm et 150 cm) et plateau tournant sur le mod\u00e8le 150 cm. Pied tulipe, trois coloris au choix.\" \/>\n<meta name=\"robots\" content=\"index, follow, max-snippet:-1, max-image-preview:large, max-video-preview:-1\" \/>\n<link rel=\"canonical\" href=\"https:\/\/www.lavillagardendesign.com\/fr\/product\/fano-table-ronde-en-verre-trempe-pour-4-a-6-personnes\/\" \/>\n<meta property=\"og:locale\" content=\"fr_FR\" \/>\n<meta property=\"og:type\" content=\"article\" \/>\n<meta property=\"og:title\" content=\"Table ronde en verre FANO \u2013 4 \u00e0 8 personnes \u2013 Plateau tournant, 3 coloris disponibles\" \/>\n<meta property=\"og:description\" content=\"Table ronde FANO en verre tremp\u00e9, pour 4 \u00e0 8 personnes. Deux diam\u00e8tres (110 cm et 150 cm) et plateau tournant sur le mod\u00e8le 150 cm. Pied tulipe, trois coloris au choix.\" \/>\n<meta property=\"og:url\" content=\"https:\/\/www.lavillagardendesign.com\/fr\/product\/fano-table-ronde-en-verre-trempe-pour-4-a-6-personnes\/\" \/>\n<meta property=\"og:site_name\" content=\"La Villa Garden&amp;Design\" \/>\n<meta property=\"article:publisher\" content=\"https:\/\/www.facebook.com\/lavillagardendesign\/\" \/>\n<meta property=\"article:modified_time\" content=\"2026-03-10T02:44:38+00:00\" \/>\n<meta property=\"og:image\" content=\"https:\/\/www.lavillagardendesign.com\/wp-content\/uploads\/2024\/01\/7-31.png\" \/>\n\t<meta property=\"og:image:width\" content=\"700\" \/>\n\t<meta property=\"og:image:height\" content=\"800\" \/>\n\t<meta property=\"og:image:type\" content=\"image\/png\" \/>\n<meta name=\"twitter:card\" content=\"summary_large_image\" \/>\n<script type=\"application\/ld+json\" class=\"yoast-schema-graph\">{\"@context\":\"https:\/\/schema.org\",\"@graph\":[{\"@type\":\"WebPage\",\"@id\":\"https:\/\/www.lavillagardendesign.com\/fr\/product\/fano-table-ronde-en-verre-trempe-pour-4-a-6-personnes\/\",\"url\":\"https:\/\/www.lavillagardendesign.com\/fr\/product\/fano-table-ronde-en-verre-trempe-pour-4-a-6-personnes\/\",\"name\":\"Table ronde en verre FANO \u2013 4 \u00e0 8 personnes \u2013 Plateau tournant, 3 coloris disponibles\",\"isPartOf\":{\"@id\":\"https:\/\/www.lavillagardendesign.com\/#website\"},\"primaryImageOfPage\":{\"@id\":\"https:\/\/www.lavillagardendesign.com\/fr\/product\/fano-table-ronde-en-verre-trempe-pour-4-a-6-personnes\/#primaryimage\"},\"image\":{\"@id\":\"https:\/\/www.lavillagardendesign.com\/fr\/product\/fano-table-ronde-en-verre-trempe-pour-4-a-6-personnes\/#primaryimage\"},\"thumbnailUrl\":\"https:\/\/www.lavillagardendesign.com\/wp-content\/uploads\/2024\/01\/7-31.png\",\"datePublished\":\"2024-01-29T18:59:09+00:00\",\"dateModified\":\"2026-03-10T02:44:38+00:00\",\"description\":\"Table ronde FANO en verre tremp\u00e9, pour 4 \u00e0 8 personnes. Deux diam\u00e8tres (110 cm et 150 cm) et plateau tournant sur le mod\u00e8le 150 cm. Pied tulipe, trois coloris au choix.\",\"breadcrumb\":{\"@id\":\"https:\/\/www.lavillagardendesign.com\/fr\/product\/fano-table-ronde-en-verre-trempe-pour-4-a-6-personnes\/#breadcrumb\"},\"inLanguage\":\"fr-FR\",\"potentialAction\":[{\"@type\":\"ReadAction\",\"target\":[\"https:\/\/www.lavillagardendesign.com\/fr\/product\/fano-table-ronde-en-verre-trempe-pour-4-a-6-personnes\/\"]}]},{\"@type\":\"ImageObject\",\"inLanguage\":\"fr-FR\",\"@id\":\"https:\/\/www.lavillagardendesign.com\/fr\/product\/fano-table-ronde-en-verre-trempe-pour-4-a-6-personnes\/#primaryimage\",\"url\":\"https:\/\/www.lavillagardendesign.com\/wp-content\/uploads\/2024\/01\/7-31.png\",\"contentUrl\":\"https:\/\/www.lavillagardendesign.com\/wp-content\/uploads\/2024\/01\/7-31.png\",\"width\":700,\"height\":800},{\"@type\":\"BreadcrumbList\",\"@id\":\"https:\/\/www.lavillagardendesign.com\/fr\/product\/fano-table-ronde-en-verre-trempe-pour-4-a-6-personnes\/#breadcrumb\",\"itemListElement\":[{\"@type\":\"ListItem\",\"position\":1,\"name\":\"Home\",\"item\":\"https:\/\/www.lavillagardendesign.com\/\"},{\"@type\":\"ListItem\",\"position\":2,\"name\":\"Boutique\",\"item\":\"https:\/\/www.lavillagardendesign.com\/fr\/boutique\/\"},{\"@type\":\"ListItem\",\"position\":3,\"name\":\"FANO \u2013 Table ronde en verre tremp\u00e9 pour 4 \u00e0 8 personnes\"}]},{\"@type\":\"WebSite\",\"@id\":\"https:\/\/www.lavillagardendesign.com\/#website\",\"url\":\"https:\/\/www.lavillagardendesign.com\/\",\"name\":\"La Villa Garden&Design\",\"description\":\"\",\"publisher\":{\"@id\":\"https:\/\/www.lavillagardendesign.com\/#organization\"},\"potentialAction\":[{\"@type\":\"SearchAction\",\"target\":{\"@type\":\"EntryPoint\",\"urlTemplate\":\"https:\/\/www.lavillagardendesign.com\/?s={search_term_string}\"},\"query-input\":{\"@type\":\"PropertyValueSpecification\",\"valueRequired\":true,\"valueName\":\"search_term_string\"}}],\"inLanguage\":\"fr-FR\"},{\"@type\":\"Organization\",\"@id\":\"https:\/\/www.lavillagardendesign.com\/#organization\",\"name\":\"La Villa Garden&Design\",\"url\":\"https:\/\/www.lavillagardendesign.com\/\",\"logo\":{\"@type\":\"ImageObject\",\"inLanguage\":\"fr-FR\",\"@id\":\"https:\/\/www.lavillagardendesign.com\/#\/schema\/logo\/image\/\",\"url\":\"https:\/\/www.lavillagardendesign.com\/wp-content\/uploads\/2024\/04\/logolavilla.png\",\"contentUrl\":\"https:\/\/www.lavillagardendesign.com\/wp-content\/uploads\/2024\/04\/logolavilla.png\",\"width\":682,\"height\":391,\"caption\":\"La Villa Garden&Design\"},\"image\":{\"@id\":\"https:\/\/www.lavillagardendesign.com\/#\/schema\/logo\/image\/\"},\"sameAs\":[\"https:\/\/www.facebook.com\/lavillagardendesign\/\"]}]}<\/script>\n<!-- \/ Yoast SEO plugin. -->","yoast_head_json":{"title":"Table ronde en verre FANO \u2013 4 \u00e0 8 personnes \u2013 Plateau tournant, 3 coloris disponibles","description":"Table ronde FANO en verre tremp\u00e9, pour 4 \u00e0 8 personnes. Deux diam\u00e8tres (110 cm et 150 cm) et plateau tournant sur le mod\u00e8le 150 cm. Pied tulipe, trois coloris au choix.","robots":{"index":"index","follow":"follow","max-snippet":"max-snippet:-1","max-image-preview":"max-image-preview:large","max-video-preview":"max-video-preview:-1"},"canonical":"https:\/\/www.lavillagardendesign.com\/fr\/product\/fano-table-ronde-en-verre-trempe-pour-4-a-6-personnes\/","og_locale":"fr_FR","og_type":"article","og_title":"Table ronde en verre FANO \u2013 4 \u00e0 8 personnes \u2013 Plateau tournant, 3 coloris disponibles","og_description":"Table ronde FANO en verre tremp\u00e9, pour 4 \u00e0 8 personnes. Deux diam\u00e8tres (110 cm et 150 cm) et plateau tournant sur le mod\u00e8le 150 cm. Pied tulipe, trois coloris au choix.","og_url":"https:\/\/www.lavillagardendesign.com\/fr\/product\/fano-table-ronde-en-verre-trempe-pour-4-a-6-personnes\/","og_site_name":"La Villa Garden&amp;Design","article_publisher":"https:\/\/www.facebook.com\/lavillagardendesign\/","article_modified_time":"2026-03-10T02:44:38+00:00","og_image":[{"width":700,"height":800,"url":"https:\/\/www.lavillagardendesign.com\/wp-content\/uploads\/2024\/01\/7-31.png","type":"image\/png"}],"twitter_card":"summary_large_image","schema":{"@context":"https:\/\/schema.org","@graph":[{"@type":"WebPage","@id":"https:\/\/www.lavillagardendesign.com\/fr\/product\/fano-table-ronde-en-verre-trempe-pour-4-a-6-personnes\/","url":"https:\/\/www.lavillagardendesign.com\/fr\/product\/fano-table-ronde-en-verre-trempe-pour-4-a-6-personnes\/","name":"Table ronde en verre FANO \u2013 4 \u00e0 8 personnes \u2013 Plateau tournant, 3 coloris disponibles","isPartOf":{"@id":"https:\/\/www.lavillagardendesign.com\/#website"},"primaryImageOfPage":{"@id":"https:\/\/www.lavillagardendesign.com\/fr\/product\/fano-table-ronde-en-verre-trempe-pour-4-a-6-personnes\/#primaryimage"},"image":{"@id":"https:\/\/www.lavillagardendesign.com\/fr\/product\/fano-table-ronde-en-verre-trempe-pour-4-a-6-personnes\/#primaryimage"},"thumbnailUrl":"https:\/\/www.lavillagardendesign.com\/wp-content\/uploads\/2024\/01\/7-31.png","datePublished":"2024-01-29T18:59:09+00:00","dateModified":"2026-03-10T02:44:38+00:00","description":"Table ronde FANO en verre tremp\u00e9, pour 4 \u00e0 8 personnes. Deux diam\u00e8tres (110 cm et 150 cm) et plateau tournant sur le mod\u00e8le 150 cm. Pied tulipe, trois coloris au choix.","breadcrumb":{"@id":"https:\/\/www.lavillagardendesign.com\/fr\/product\/fano-table-ronde-en-verre-trempe-pour-4-a-6-personnes\/#breadcrumb"},"inLanguage":"fr-FR","potentialAction":[{"@type":"ReadAction","target":["https:\/\/www.lavillagardendesign.com\/fr\/product\/fano-table-ronde-en-verre-trempe-pour-4-a-6-personnes\/"]}]},{"@type":"ImageObject","inLanguage":"fr-FR","@id":"https:\/\/www.lavillagardendesign.com\/fr\/product\/fano-table-ronde-en-verre-trempe-pour-4-a-6-personnes\/#primaryimage","url":"https:\/\/www.lavillagardendesign.com\/wp-content\/uploads\/2024\/01\/7-31.png","contentUrl":"https:\/\/www.lavillagardendesign.com\/wp-content\/uploads\/2024\/01\/7-31.png","width":700,"height":800},{"@type":"BreadcrumbList","@id":"https:\/\/www.lavillagardendesign.com\/fr\/product\/fano-table-ronde-en-verre-trempe-pour-4-a-6-personnes\/#breadcrumb","itemListElement":[{"@type":"ListItem","position":1,"name":"Home","item":"https:\/\/www.lavillagardendesign.com\/"},{"@type":"ListItem","position":2,"name":"Boutique","item":"https:\/\/www.lavillagardendesign.com\/fr\/boutique\/"},{"@type":"ListItem","position":3,"name":"FANO \u2013 Table ronde en verre tremp\u00e9 pour 4 \u00e0 8 personnes"}]},{"@type":"WebSite","@id":"https:\/\/www.lavillagardendesign.com\/#website","url":"https:\/\/www.lavillagardendesign.com\/","name":"La Villa Garden&Design","description":"","publisher":{"@id":"https:\/\/www.lavillagardendesign.com\/#organization"},"potentialAction":[{"@type":"SearchAction","target":{"@type":"EntryPoint","urlTemplate":"https:\/\/www.lavillagardendesign.com\/?s={search_term_string}"},"query-input":{"@type":"PropertyValueSpecification","valueRequired":true,"valueName":"search_term_string"}}],"inLanguage":"fr-FR"},{"@type":"Organization","@id":"https:\/\/www.lavillagardendesign.com\/#organization","name":"La Villa Garden&Design","url":"https:\/\/www.lavillagardendesign.com\/","logo":{"@type":"ImageObject","inLanguage":"fr-FR","@id":"https:\/\/www.lavillagardendesign.com\/#\/schema\/logo\/image\/","url":"https:\/\/www.lavillagardendesign.com\/wp-content\/uploads\/2024\/04\/logolavilla.png","contentUrl":"https:\/\/www.lavillagardendesign.com\/wp-content\/uploads\/2024\/04\/logolavilla.png","width":682,"height":391,"caption":"La Villa Garden&Design"},"image":{"@id":"https:\/\/www.lavillagardendesign.com\/#\/schema\/logo\/image\/"},"sameAs":["https:\/\/www.facebook.com\/lavillagardendesign\/"]}]}},"_links":{"self":[{"href":"https:\/\/www.lavillagardendesign.com\/fr\/wp-json\/wp\/v2\/product\/34666","targetHints":{"allow":["GET"]}}],"collection":[{"href":"https:\/\/www.lavillagardendesign.com\/fr\/wp-json\/wp\/v2\/product"}],"about":[{"href":"https:\/\/www.lavillagardendesign.com\/fr\/wp-json\/wp\/v2\/types\/product"}],"replies":[{"embeddable":true,"href":"https:\/\/www.lavillagardendesign.com\/fr\/wp-json\/wp\/v2\/comments?post=34666"}],"version-history":[{"count":1,"href":"https:\/\/www.lavillagardendesign.com\/fr\/wp-json\/wp\/v2\/product\/34666\/revisions"}],"predecessor-version":[{"id":48854,"href":"https:\/\/www.lavillagardendesign.com\/fr\/wp-json\/wp\/v2\/product\/34666\/revisions\/48854"}],"wp:featuredmedia":[{"embeddable":true,"href":"https:\/\/www.lavillagardendesign.com\/fr\/wp-json\/wp\/v2\/media\/34526"}],"wp:attachment":[{"href":"https:\/\/www.lavillagardendesign.com\/fr\/wp-json\/wp\/v2\/media?parent=34666"}],"wp:term":[{"taxonomy":"product_brand","embeddable":true,"href":"https:\/\/www.lavillagardendesign.com\/fr\/wp-json\/wp\/v2\/product_brand?post=34666"},{"taxonomy":"product_cat","embeddable":true,"href":"https:\/\/www.lavillagardendesign.com\/fr\/wp-json\/wp\/v2\/product_cat?post=34666"},{"taxonomy":"product_tag","embeddable":true,"href":"https:\/\/www.lavillagardendesign.com\/fr\/wp-json\/wp\/v2\/product_tag?post=34666"}],"curies":[{"name":"wp","href":"https:\/\/api.w.org\/{rel}","templated":true}]}}