{"id":33197,"date":"2024-01-29T19:59:14","date_gmt":"2024-01-29T18:59:14","guid":{"rendered":"https:\/\/www.lavillagardendesign.com\/product\/fermo-table-extensible\/"},"modified":"2026-03-10T03:44:48","modified_gmt":"2026-03-10T02:44:48","slug":"fermo-table-extensible","status":"publish","type":"product","link":"https:\/\/www.lavillagardendesign.com\/fr\/product\/fermo-table-extensible\/","title":{"rendered":"FERMO &#8211; Table de salle \u00e0 manger \u00e0 rallonge Magnum 280\/365x110cm en c\u00e9ramique et aluminium"},"content":{"rendered":"","protected":false},"excerpt":{"rendered":"<p>La table Fermo dans sa version Magnum red\u00e9finit le concept de \u00ab\u00a0grand format\u00a0\u00bb. Con\u00e7ue pour tr\u00f4ner sur les terrasses des villas les plus exclusives, ce chef-d&rsquo;\u0153uvre d&rsquo;ing\u00e9nierie offre une surface spectaculaire qui s&rsquo;\u00e9tend de 280 cm \u00e0 un impressionnant 365 cm, capable d&rsquo;accueillir confortablement des banquets de 12 \u00e0 14 convives. Sa largeur sp\u00e9ciale de 110 cm (bien sup\u00e9rieure \u00e0 la largeur standard) permet de dresser des tables \u00e9labor\u00e9es et de r\u00e9aliser des d\u00e9corations centrales sans g\u00eaner les convives. Le plan en c\u00e9ramique technique (en finition Carbon ou Fusion B sophistiqu\u00e9e) garantit une r\u00e9sistance absolue aux rayures et \u00e0 la chaleur, alliant une esth\u00e9tique luxueuse \u00e0 une durabilit\u00e9 \u00e9ternelle.   <\/p>\n","protected":false},"featured_media":33119,"comment_status":"open","ping_status":"closed","template":"","meta":[],"product_brand":[5001],"product_cat":[6832,2944,2946,5658],"product_tag":[],"class_list":{"0":"post-33197","1":"product","2":"type-product","3":"status-publish","4":"has-post-thumbnail","6":"product_brand-la-villa-garden","7":"product_cat-outdoor-fr","8":"product_cat-tables-fr","9":"product_cat-tables-repas","10":"product_cat-promos-web","12":"first","13":"instock","14":"sale","15":"taxable","16":"shipping-taxable","17":"purchasable","18":"product-type-variable","19":"has-default-attributes"},"yoast_head":"<!-- This site is optimized with the Yoast SEO plugin v27.1.1 - https:\/\/yoast.com\/product\/yoast-seo-wordpress\/ -->\n<title>FERMO Table g\u00e9ante 365cm C\u00e9ramique &amp; Aluminium | La Villa Garden &amp; Design<\/title>\n<meta name=\"description\" content=\"La plus grande table de la collection : Fermo extensible (280-365cm). Largeur sp\u00e9ciale de 110 cm. C\u00e9ramique et aluminium de premi\u00e8re qualit\u00e9. Luxe pour 12-14 personnes.\" \/>\n<meta name=\"robots\" content=\"index, follow, max-snippet:-1, max-image-preview:large, max-video-preview:-1\" \/>\n<link rel=\"canonical\" href=\"https:\/\/www.lavillagardendesign.com\/fr\/product\/fermo-table-extensible\/\" \/>\n<meta property=\"og:locale\" content=\"fr_FR\" \/>\n<meta property=\"og:type\" content=\"article\" \/>\n<meta property=\"og:title\" content=\"FERMO Table g\u00e9ante 365cm C\u00e9ramique &amp; Aluminium | La Villa Garden &amp; Design\" \/>\n<meta property=\"og:description\" content=\"La plus grande table de la collection : Fermo extensible (280-365cm). Largeur sp\u00e9ciale de 110 cm. C\u00e9ramique et aluminium de premi\u00e8re qualit\u00e9. Luxe pour 12-14 personnes.\" \/>\n<meta property=\"og:url\" content=\"https:\/\/www.lavillagardendesign.com\/fr\/product\/fermo-table-extensible\/\" \/>\n<meta property=\"og:site_name\" content=\"La Villa Garden&amp;Design\" \/>\n<meta property=\"article:publisher\" content=\"https:\/\/www.facebook.com\/lavillagardendesign\/\" \/>\n<meta property=\"article:modified_time\" content=\"2026-03-10T02:44:48+00:00\" \/>\n<meta property=\"og:image\" content=\"https:\/\/www.lavillagardendesign.com\/wp-content\/uploads\/2024\/01\/124-1.png\" \/>\n\t<meta property=\"og:image:width\" content=\"700\" \/>\n\t<meta property=\"og:image:height\" content=\"800\" \/>\n\t<meta property=\"og:image:type\" content=\"image\/png\" \/>\n<meta name=\"twitter:card\" content=\"summary_large_image\" \/>\n<script type=\"application\/ld+json\" class=\"yoast-schema-graph\">{\"@context\":\"https:\/\/schema.org\",\"@graph\":[{\"@type\":\"WebPage\",\"@id\":\"https:\/\/www.lavillagardendesign.com\/fr\/product\/fermo-table-extensible\/\",\"url\":\"https:\/\/www.lavillagardendesign.com\/fr\/product\/fermo-table-extensible\/\",\"name\":\"FERMO Table g\u00e9ante 365cm C\u00e9ramique & Aluminium | La Villa Garden & Design\",\"isPartOf\":{\"@id\":\"https:\/\/www.lavillagardendesign.com\/#website\"},\"primaryImageOfPage\":{\"@id\":\"https:\/\/www.lavillagardendesign.com\/fr\/product\/fermo-table-extensible\/#primaryimage\"},\"image\":{\"@id\":\"https:\/\/www.lavillagardendesign.com\/fr\/product\/fermo-table-extensible\/#primaryimage\"},\"thumbnailUrl\":\"https:\/\/www.lavillagardendesign.com\/wp-content\/uploads\/2024\/01\/124-1.png\",\"datePublished\":\"2024-01-29T18:59:14+00:00\",\"dateModified\":\"2026-03-10T02:44:48+00:00\",\"description\":\"La plus grande table de la collection : Fermo extensible (280-365cm). Largeur sp\u00e9ciale de 110 cm. C\u00e9ramique et aluminium de premi\u00e8re qualit\u00e9. Luxe pour 12-14 personnes.\",\"breadcrumb\":{\"@id\":\"https:\/\/www.lavillagardendesign.com\/fr\/product\/fermo-table-extensible\/#breadcrumb\"},\"inLanguage\":\"fr-FR\",\"potentialAction\":[{\"@type\":\"ReadAction\",\"target\":[\"https:\/\/www.lavillagardendesign.com\/fr\/product\/fermo-table-extensible\/\"]}]},{\"@type\":\"ImageObject\",\"inLanguage\":\"fr-FR\",\"@id\":\"https:\/\/www.lavillagardendesign.com\/fr\/product\/fermo-table-extensible\/#primaryimage\",\"url\":\"https:\/\/www.lavillagardendesign.com\/wp-content\/uploads\/2024\/01\/124-1.png\",\"contentUrl\":\"https:\/\/www.lavillagardendesign.com\/wp-content\/uploads\/2024\/01\/124-1.png\",\"width\":700,\"height\":800},{\"@type\":\"BreadcrumbList\",\"@id\":\"https:\/\/www.lavillagardendesign.com\/fr\/product\/fermo-table-extensible\/#breadcrumb\",\"itemListElement\":[{\"@type\":\"ListItem\",\"position\":1,\"name\":\"Home\",\"item\":\"https:\/\/www.lavillagardendesign.com\/\"},{\"@type\":\"ListItem\",\"position\":2,\"name\":\"Boutique\",\"item\":\"https:\/\/www.lavillagardendesign.com\/fr\/boutique\/\"},{\"@type\":\"ListItem\",\"position\":3,\"name\":\"FERMO &#8211; Table de salle \u00e0 manger \u00e0 rallonge Magnum 280\/365x110cm en c\u00e9ramique et aluminium\"}]},{\"@type\":\"WebSite\",\"@id\":\"https:\/\/www.lavillagardendesign.com\/#website\",\"url\":\"https:\/\/www.lavillagardendesign.com\/\",\"name\":\"La Villa Garden&Design\",\"description\":\"\",\"publisher\":{\"@id\":\"https:\/\/www.lavillagardendesign.com\/#organization\"},\"potentialAction\":[{\"@type\":\"SearchAction\",\"target\":{\"@type\":\"EntryPoint\",\"urlTemplate\":\"https:\/\/www.lavillagardendesign.com\/?s={search_term_string}\"},\"query-input\":{\"@type\":\"PropertyValueSpecification\",\"valueRequired\":true,\"valueName\":\"search_term_string\"}}],\"inLanguage\":\"fr-FR\"},{\"@type\":\"Organization\",\"@id\":\"https:\/\/www.lavillagardendesign.com\/#organization\",\"name\":\"La Villa Garden&Design\",\"url\":\"https:\/\/www.lavillagardendesign.com\/\",\"logo\":{\"@type\":\"ImageObject\",\"inLanguage\":\"fr-FR\",\"@id\":\"https:\/\/www.lavillagardendesign.com\/#\/schema\/logo\/image\/\",\"url\":\"https:\/\/www.lavillagardendesign.com\/wp-content\/uploads\/2024\/04\/logolavilla.png\",\"contentUrl\":\"https:\/\/www.lavillagardendesign.com\/wp-content\/uploads\/2024\/04\/logolavilla.png\",\"width\":682,\"height\":391,\"caption\":\"La Villa Garden&Design\"},\"image\":{\"@id\":\"https:\/\/www.lavillagardendesign.com\/#\/schema\/logo\/image\/\"},\"sameAs\":[\"https:\/\/www.facebook.com\/lavillagardendesign\/\"]}]}<\/script>\n<!-- \/ Yoast SEO plugin. -->","yoast_head_json":{"title":"FERMO Table g\u00e9ante 365cm C\u00e9ramique & Aluminium | La Villa Garden & Design","description":"La plus grande table de la collection : Fermo extensible (280-365cm). Largeur sp\u00e9ciale de 110 cm. C\u00e9ramique et aluminium de premi\u00e8re qualit\u00e9. Luxe pour 12-14 personnes.","robots":{"index":"index","follow":"follow","max-snippet":"max-snippet:-1","max-image-preview":"max-image-preview:large","max-video-preview":"max-video-preview:-1"},"canonical":"https:\/\/www.lavillagardendesign.com\/fr\/product\/fermo-table-extensible\/","og_locale":"fr_FR","og_type":"article","og_title":"FERMO Table g\u00e9ante 365cm C\u00e9ramique & Aluminium | La Villa Garden & Design","og_description":"La plus grande table de la collection : Fermo extensible (280-365cm). Largeur sp\u00e9ciale de 110 cm. C\u00e9ramique et aluminium de premi\u00e8re qualit\u00e9. Luxe pour 12-14 personnes.","og_url":"https:\/\/www.lavillagardendesign.com\/fr\/product\/fermo-table-extensible\/","og_site_name":"La Villa Garden&amp;Design","article_publisher":"https:\/\/www.facebook.com\/lavillagardendesign\/","article_modified_time":"2026-03-10T02:44:48+00:00","og_image":[{"width":700,"height":800,"url":"https:\/\/www.lavillagardendesign.com\/wp-content\/uploads\/2024\/01\/124-1.png","type":"image\/png"}],"twitter_card":"summary_large_image","schema":{"@context":"https:\/\/schema.org","@graph":[{"@type":"WebPage","@id":"https:\/\/www.lavillagardendesign.com\/fr\/product\/fermo-table-extensible\/","url":"https:\/\/www.lavillagardendesign.com\/fr\/product\/fermo-table-extensible\/","name":"FERMO Table g\u00e9ante 365cm C\u00e9ramique & Aluminium | La Villa Garden & Design","isPartOf":{"@id":"https:\/\/www.lavillagardendesign.com\/#website"},"primaryImageOfPage":{"@id":"https:\/\/www.lavillagardendesign.com\/fr\/product\/fermo-table-extensible\/#primaryimage"},"image":{"@id":"https:\/\/www.lavillagardendesign.com\/fr\/product\/fermo-table-extensible\/#primaryimage"},"thumbnailUrl":"https:\/\/www.lavillagardendesign.com\/wp-content\/uploads\/2024\/01\/124-1.png","datePublished":"2024-01-29T18:59:14+00:00","dateModified":"2026-03-10T02:44:48+00:00","description":"La plus grande table de la collection : Fermo extensible (280-365cm). Largeur sp\u00e9ciale de 110 cm. C\u00e9ramique et aluminium de premi\u00e8re qualit\u00e9. Luxe pour 12-14 personnes.","breadcrumb":{"@id":"https:\/\/www.lavillagardendesign.com\/fr\/product\/fermo-table-extensible\/#breadcrumb"},"inLanguage":"fr-FR","potentialAction":[{"@type":"ReadAction","target":["https:\/\/www.lavillagardendesign.com\/fr\/product\/fermo-table-extensible\/"]}]},{"@type":"ImageObject","inLanguage":"fr-FR","@id":"https:\/\/www.lavillagardendesign.com\/fr\/product\/fermo-table-extensible\/#primaryimage","url":"https:\/\/www.lavillagardendesign.com\/wp-content\/uploads\/2024\/01\/124-1.png","contentUrl":"https:\/\/www.lavillagardendesign.com\/wp-content\/uploads\/2024\/01\/124-1.png","width":700,"height":800},{"@type":"BreadcrumbList","@id":"https:\/\/www.lavillagardendesign.com\/fr\/product\/fermo-table-extensible\/#breadcrumb","itemListElement":[{"@type":"ListItem","position":1,"name":"Home","item":"https:\/\/www.lavillagardendesign.com\/"},{"@type":"ListItem","position":2,"name":"Boutique","item":"https:\/\/www.lavillagardendesign.com\/fr\/boutique\/"},{"@type":"ListItem","position":3,"name":"FERMO &#8211; Table de salle \u00e0 manger \u00e0 rallonge Magnum 280\/365x110cm en c\u00e9ramique et aluminium"}]},{"@type":"WebSite","@id":"https:\/\/www.lavillagardendesign.com\/#website","url":"https:\/\/www.lavillagardendesign.com\/","name":"La Villa Garden&Design","description":"","publisher":{"@id":"https:\/\/www.lavillagardendesign.com\/#organization"},"potentialAction":[{"@type":"SearchAction","target":{"@type":"EntryPoint","urlTemplate":"https:\/\/www.lavillagardendesign.com\/?s={search_term_string}"},"query-input":{"@type":"PropertyValueSpecification","valueRequired":true,"valueName":"search_term_string"}}],"inLanguage":"fr-FR"},{"@type":"Organization","@id":"https:\/\/www.lavillagardendesign.com\/#organization","name":"La Villa Garden&Design","url":"https:\/\/www.lavillagardendesign.com\/","logo":{"@type":"ImageObject","inLanguage":"fr-FR","@id":"https:\/\/www.lavillagardendesign.com\/#\/schema\/logo\/image\/","url":"https:\/\/www.lavillagardendesign.com\/wp-content\/uploads\/2024\/04\/logolavilla.png","contentUrl":"https:\/\/www.lavillagardendesign.com\/wp-content\/uploads\/2024\/04\/logolavilla.png","width":682,"height":391,"caption":"La Villa Garden&Design"},"image":{"@id":"https:\/\/www.lavillagardendesign.com\/#\/schema\/logo\/image\/"},"sameAs":["https:\/\/www.facebook.com\/lavillagardendesign\/"]}]}},"_links":{"self":[{"href":"https:\/\/www.lavillagardendesign.com\/fr\/wp-json\/wp\/v2\/product\/33197","targetHints":{"allow":["GET"]}}],"collection":[{"href":"https:\/\/www.lavillagardendesign.com\/fr\/wp-json\/wp\/v2\/product"}],"about":[{"href":"https:\/\/www.lavillagardendesign.com\/fr\/wp-json\/wp\/v2\/types\/product"}],"replies":[{"embeddable":true,"href":"https:\/\/www.lavillagardendesign.com\/fr\/wp-json\/wp\/v2\/comments?post=33197"}],"version-history":[{"count":6,"href":"https:\/\/www.lavillagardendesign.com\/fr\/wp-json\/wp\/v2\/product\/33197\/revisions"}],"predecessor-version":[{"id":67267,"href":"https:\/\/www.lavillagardendesign.com\/fr\/wp-json\/wp\/v2\/product\/33197\/revisions\/67267"}],"wp:featuredmedia":[{"embeddable":true,"href":"https:\/\/www.lavillagardendesign.com\/fr\/wp-json\/wp\/v2\/media\/33119"}],"wp:attachment":[{"href":"https:\/\/www.lavillagardendesign.com\/fr\/wp-json\/wp\/v2\/media?parent=33197"}],"wp:term":[{"taxonomy":"product_brand","embeddable":true,"href":"https:\/\/www.lavillagardendesign.com\/fr\/wp-json\/wp\/v2\/product_brand?post=33197"},{"taxonomy":"product_cat","embeddable":true,"href":"https:\/\/www.lavillagardendesign.com\/fr\/wp-json\/wp\/v2\/product_cat?post=33197"},{"taxonomy":"product_tag","embeddable":true,"href":"https:\/\/www.lavillagardendesign.com\/fr\/wp-json\/wp\/v2\/product_tag?post=33197"}],"curies":[{"name":"wp","href":"https:\/\/api.w.org\/{rel}","templated":true}]}}