{"id":32701,"date":"2024-01-29T19:58:59","date_gmt":"2024-01-29T18:58:59","guid":{"rendered":"https:\/\/www.lavillagardendesign.com\/product\/belluno-canape\/"},"modified":"2026-03-10T09:04:59","modified_gmt":"2026-03-10T08:04:59","slug":"belluno-canape","status":"publish","type":"product","link":"https:\/\/www.lavillagardendesign.com\/fr\/product\/belluno-canape\/","title":{"rendered":"BELLUNO &#8211; Canap\u00e9 2 places"},"content":{"rendered":"","protected":false},"excerpt":{"rendered":"<p>Le canap\u00e9 BELLUNO, con\u00e7u pour offrir confort et style \u00e0 vos espaces ext\u00e9rieurs, est un mod\u00e8le deux places avec une structure robuste en aluminium. Disponible en trois coloris \u00e9l\u00e9gants, il s\u2019adapte \u00e0 tous les styles d\u2019am\u00e9nagement ext\u00e9rieur. Son design \u00e9pur\u00e9 et moderne en fait une pi\u00e8ce parfaite pour profiter de moments de d\u00e9tente en ext\u00e9rieur. Facile \u00e0 entretenir et r\u00e9sistant aux intemp\u00e9ries, le canap\u00e9 BELLUNO vous garantit confort et durabilit\u00e9 saison apr\u00e8s saison.   <\/p>\n","protected":false},"featured_media":32696,"comment_status":"open","ping_status":"closed","template":"","meta":[],"product_brand":[5001],"product_cat":[2937,2935,6832,5658],"product_tag":[],"class_list":{"0":"post-32701","1":"product","2":"type-product","3":"status-publish","4":"has-post-thumbnail","6":"product_brand-la-villa-garden","7":"product_cat-canapes","8":"product_cat-canapes-fauteuils","9":"product_cat-outdoor-fr","10":"product_cat-promos-web","12":"first","13":"instock","14":"sale","15":"taxable","16":"shipping-taxable","17":"purchasable","18":"product-type-variable","19":"has-default-attributes"},"yoast_head":"<!-- This site is optimized with the Yoast SEO plugin v27.4 - https:\/\/yoast.com\/product\/yoast-seo-wordpress\/ -->\n<title>BELLUNO - Canap\u00e9 2 places en aluminium, disponible en 3 couleurs<\/title>\n<meta name=\"description\" content=\"Le canap\u00e9 2 places BELLUNO est dot\u00e9 d&#039;une structure en aluminium durable. Disponible en trois couleurs \u00e9l\u00e9gantes, ce canap\u00e9 allie r\u00e9silience et design moderne pour vos espaces ext\u00e9rieurs.\" \/>\n<meta name=\"robots\" content=\"index, follow, max-snippet:-1, max-image-preview:large, max-video-preview:-1\" \/>\n<link rel=\"canonical\" href=\"https:\/\/www.lavillagardendesign.com\/fr\/product\/belluno-canape\/\" \/>\n<meta property=\"og:locale\" content=\"fr_FR\" \/>\n<meta property=\"og:type\" content=\"article\" \/>\n<meta property=\"og:title\" content=\"BELLUNO - Canap\u00e9 2 places en aluminium, disponible en 3 couleurs\" \/>\n<meta property=\"og:description\" content=\"Le canap\u00e9 2 places BELLUNO est dot\u00e9 d&#039;une structure en aluminium durable. Disponible en trois couleurs \u00e9l\u00e9gantes, ce canap\u00e9 allie r\u00e9silience et design moderne pour vos espaces ext\u00e9rieurs.\" \/>\n<meta property=\"og:url\" content=\"https:\/\/www.lavillagardendesign.com\/fr\/product\/belluno-canape\/\" \/>\n<meta property=\"og:site_name\" content=\"La Villa Garden&amp;Design\" \/>\n<meta property=\"article:publisher\" content=\"https:\/\/www.facebook.com\/lavillagardendesign\/\" \/>\n<meta property=\"article:modified_time\" content=\"2026-03-10T08:04:59+00:00\" \/>\n<meta property=\"og:image\" content=\"https:\/\/www.lavillagardendesign.com\/wp-content\/uploads\/2024\/01\/122.png\" \/>\n\t<meta property=\"og:image:width\" content=\"700\" \/>\n\t<meta property=\"og:image:height\" content=\"800\" \/>\n\t<meta property=\"og:image:type\" content=\"image\/png\" \/>\n<meta name=\"twitter:card\" content=\"summary_large_image\" \/>\n<script type=\"application\/ld+json\" class=\"yoast-schema-graph\">{\"@context\":\"https:\\\/\\\/schema.org\",\"@graph\":[{\"@type\":\"WebPage\",\"@id\":\"https:\\\/\\\/www.lavillagardendesign.com\\\/fr\\\/product\\\/belluno-canape\\\/\",\"url\":\"https:\\\/\\\/www.lavillagardendesign.com\\\/fr\\\/product\\\/belluno-canape\\\/\",\"name\":\"BELLUNO - Canap\u00e9 2 places en aluminium, disponible en 3 couleurs\",\"isPartOf\":{\"@id\":\"https:\\\/\\\/www.lavillagardendesign.com\\\/#website\"},\"primaryImageOfPage\":{\"@id\":\"https:\\\/\\\/www.lavillagardendesign.com\\\/fr\\\/product\\\/belluno-canape\\\/#primaryimage\"},\"image\":{\"@id\":\"https:\\\/\\\/www.lavillagardendesign.com\\\/fr\\\/product\\\/belluno-canape\\\/#primaryimage\"},\"thumbnailUrl\":\"https:\\\/\\\/www.lavillagardendesign.com\\\/wp-content\\\/uploads\\\/2024\\\/01\\\/122.png\",\"datePublished\":\"2024-01-29T18:58:59+00:00\",\"dateModified\":\"2026-03-10T08:04:59+00:00\",\"description\":\"Le canap\u00e9 2 places BELLUNO est dot\u00e9 d'une structure en aluminium durable. Disponible en trois couleurs \u00e9l\u00e9gantes, ce canap\u00e9 allie r\u00e9silience et design moderne pour vos espaces ext\u00e9rieurs.\",\"breadcrumb\":{\"@id\":\"https:\\\/\\\/www.lavillagardendesign.com\\\/fr\\\/product\\\/belluno-canape\\\/#breadcrumb\"},\"inLanguage\":\"fr-FR\",\"potentialAction\":[{\"@type\":\"ReadAction\",\"target\":[\"https:\\\/\\\/www.lavillagardendesign.com\\\/fr\\\/product\\\/belluno-canape\\\/\"]}]},{\"@type\":\"ImageObject\",\"inLanguage\":\"fr-FR\",\"@id\":\"https:\\\/\\\/www.lavillagardendesign.com\\\/fr\\\/product\\\/belluno-canape\\\/#primaryimage\",\"url\":\"https:\\\/\\\/www.lavillagardendesign.com\\\/wp-content\\\/uploads\\\/2024\\\/01\\\/122.png\",\"contentUrl\":\"https:\\\/\\\/www.lavillagardendesign.com\\\/wp-content\\\/uploads\\\/2024\\\/01\\\/122.png\",\"width\":700,\"height\":800},{\"@type\":\"BreadcrumbList\",\"@id\":\"https:\\\/\\\/www.lavillagardendesign.com\\\/fr\\\/product\\\/belluno-canape\\\/#breadcrumb\",\"itemListElement\":[{\"@type\":\"ListItem\",\"position\":1,\"name\":\"Home\",\"item\":\"https:\\\/\\\/www.lavillagardendesign.com\\\/\"},{\"@type\":\"ListItem\",\"position\":2,\"name\":\"Boutique\",\"item\":\"https:\\\/\\\/www.lavillagardendesign.com\\\/fr\\\/boutique\\\/\"},{\"@type\":\"ListItem\",\"position\":3,\"name\":\"BELLUNO &#8211; Canap\u00e9 2 places\"}]},{\"@type\":\"WebSite\",\"@id\":\"https:\\\/\\\/www.lavillagardendesign.com\\\/#website\",\"url\":\"https:\\\/\\\/www.lavillagardendesign.com\\\/\",\"name\":\"La Villa Garden&Design\",\"description\":\"\",\"publisher\":{\"@id\":\"https:\\\/\\\/www.lavillagardendesign.com\\\/#organization\"},\"potentialAction\":[{\"@type\":\"SearchAction\",\"target\":{\"@type\":\"EntryPoint\",\"urlTemplate\":\"https:\\\/\\\/www.lavillagardendesign.com\\\/?s={search_term_string}\"},\"query-input\":{\"@type\":\"PropertyValueSpecification\",\"valueRequired\":true,\"valueName\":\"search_term_string\"}}],\"inLanguage\":\"fr-FR\"},{\"@type\":\"Organization\",\"@id\":\"https:\\\/\\\/www.lavillagardendesign.com\\\/#organization\",\"name\":\"La Villa Garden&Design\",\"url\":\"https:\\\/\\\/www.lavillagardendesign.com\\\/\",\"logo\":{\"@type\":\"ImageObject\",\"inLanguage\":\"fr-FR\",\"@id\":\"https:\\\/\\\/www.lavillagardendesign.com\\\/#\\\/schema\\\/logo\\\/image\\\/\",\"url\":\"https:\\\/\\\/www.lavillagardendesign.com\\\/wp-content\\\/uploads\\\/2024\\\/04\\\/logolavilla.png\",\"contentUrl\":\"https:\\\/\\\/www.lavillagardendesign.com\\\/wp-content\\\/uploads\\\/2024\\\/04\\\/logolavilla.png\",\"width\":682,\"height\":391,\"caption\":\"La Villa Garden&Design\"},\"image\":{\"@id\":\"https:\\\/\\\/www.lavillagardendesign.com\\\/#\\\/schema\\\/logo\\\/image\\\/\"},\"sameAs\":[\"https:\\\/\\\/www.facebook.com\\\/lavillagardendesign\\\/\"]}]}<\/script>\n<!-- \/ Yoast SEO plugin. -->","yoast_head_json":{"title":"BELLUNO - Canap\u00e9 2 places en aluminium, disponible en 3 couleurs","description":"Le canap\u00e9 2 places BELLUNO est dot\u00e9 d'une structure en aluminium durable. Disponible en trois couleurs \u00e9l\u00e9gantes, ce canap\u00e9 allie r\u00e9silience et design moderne pour vos espaces ext\u00e9rieurs.","robots":{"index":"index","follow":"follow","max-snippet":"max-snippet:-1","max-image-preview":"max-image-preview:large","max-video-preview":"max-video-preview:-1"},"canonical":"https:\/\/www.lavillagardendesign.com\/fr\/product\/belluno-canape\/","og_locale":"fr_FR","og_type":"article","og_title":"BELLUNO - Canap\u00e9 2 places en aluminium, disponible en 3 couleurs","og_description":"Le canap\u00e9 2 places BELLUNO est dot\u00e9 d'une structure en aluminium durable. Disponible en trois couleurs \u00e9l\u00e9gantes, ce canap\u00e9 allie r\u00e9silience et design moderne pour vos espaces ext\u00e9rieurs.","og_url":"https:\/\/www.lavillagardendesign.com\/fr\/product\/belluno-canape\/","og_site_name":"La Villa Garden&amp;Design","article_publisher":"https:\/\/www.facebook.com\/lavillagardendesign\/","article_modified_time":"2026-03-10T08:04:59+00:00","og_image":[{"width":700,"height":800,"url":"https:\/\/www.lavillagardendesign.com\/wp-content\/uploads\/2024\/01\/122.png","type":"image\/png"}],"twitter_card":"summary_large_image","schema":{"@context":"https:\/\/schema.org","@graph":[{"@type":"WebPage","@id":"https:\/\/www.lavillagardendesign.com\/fr\/product\/belluno-canape\/","url":"https:\/\/www.lavillagardendesign.com\/fr\/product\/belluno-canape\/","name":"BELLUNO - Canap\u00e9 2 places en aluminium, disponible en 3 couleurs","isPartOf":{"@id":"https:\/\/www.lavillagardendesign.com\/#website"},"primaryImageOfPage":{"@id":"https:\/\/www.lavillagardendesign.com\/fr\/product\/belluno-canape\/#primaryimage"},"image":{"@id":"https:\/\/www.lavillagardendesign.com\/fr\/product\/belluno-canape\/#primaryimage"},"thumbnailUrl":"https:\/\/www.lavillagardendesign.com\/wp-content\/uploads\/2024\/01\/122.png","datePublished":"2024-01-29T18:58:59+00:00","dateModified":"2026-03-10T08:04:59+00:00","description":"Le canap\u00e9 2 places BELLUNO est dot\u00e9 d'une structure en aluminium durable. Disponible en trois couleurs \u00e9l\u00e9gantes, ce canap\u00e9 allie r\u00e9silience et design moderne pour vos espaces ext\u00e9rieurs.","breadcrumb":{"@id":"https:\/\/www.lavillagardendesign.com\/fr\/product\/belluno-canape\/#breadcrumb"},"inLanguage":"fr-FR","potentialAction":[{"@type":"ReadAction","target":["https:\/\/www.lavillagardendesign.com\/fr\/product\/belluno-canape\/"]}]},{"@type":"ImageObject","inLanguage":"fr-FR","@id":"https:\/\/www.lavillagardendesign.com\/fr\/product\/belluno-canape\/#primaryimage","url":"https:\/\/www.lavillagardendesign.com\/wp-content\/uploads\/2024\/01\/122.png","contentUrl":"https:\/\/www.lavillagardendesign.com\/wp-content\/uploads\/2024\/01\/122.png","width":700,"height":800},{"@type":"BreadcrumbList","@id":"https:\/\/www.lavillagardendesign.com\/fr\/product\/belluno-canape\/#breadcrumb","itemListElement":[{"@type":"ListItem","position":1,"name":"Home","item":"https:\/\/www.lavillagardendesign.com\/"},{"@type":"ListItem","position":2,"name":"Boutique","item":"https:\/\/www.lavillagardendesign.com\/fr\/boutique\/"},{"@type":"ListItem","position":3,"name":"BELLUNO &#8211; Canap\u00e9 2 places"}]},{"@type":"WebSite","@id":"https:\/\/www.lavillagardendesign.com\/#website","url":"https:\/\/www.lavillagardendesign.com\/","name":"La Villa Garden&Design","description":"","publisher":{"@id":"https:\/\/www.lavillagardendesign.com\/#organization"},"potentialAction":[{"@type":"SearchAction","target":{"@type":"EntryPoint","urlTemplate":"https:\/\/www.lavillagardendesign.com\/?s={search_term_string}"},"query-input":{"@type":"PropertyValueSpecification","valueRequired":true,"valueName":"search_term_string"}}],"inLanguage":"fr-FR"},{"@type":"Organization","@id":"https:\/\/www.lavillagardendesign.com\/#organization","name":"La Villa Garden&Design","url":"https:\/\/www.lavillagardendesign.com\/","logo":{"@type":"ImageObject","inLanguage":"fr-FR","@id":"https:\/\/www.lavillagardendesign.com\/#\/schema\/logo\/image\/","url":"https:\/\/www.lavillagardendesign.com\/wp-content\/uploads\/2024\/04\/logolavilla.png","contentUrl":"https:\/\/www.lavillagardendesign.com\/wp-content\/uploads\/2024\/04\/logolavilla.png","width":682,"height":391,"caption":"La Villa Garden&Design"},"image":{"@id":"https:\/\/www.lavillagardendesign.com\/#\/schema\/logo\/image\/"},"sameAs":["https:\/\/www.facebook.com\/lavillagardendesign\/"]}]}},"_links":{"self":[{"href":"https:\/\/www.lavillagardendesign.com\/fr\/wp-json\/wp\/v2\/product\/32701","targetHints":{"allow":["GET"]}}],"collection":[{"href":"https:\/\/www.lavillagardendesign.com\/fr\/wp-json\/wp\/v2\/product"}],"about":[{"href":"https:\/\/www.lavillagardendesign.com\/fr\/wp-json\/wp\/v2\/types\/product"}],"replies":[{"embeddable":true,"href":"https:\/\/www.lavillagardendesign.com\/fr\/wp-json\/wp\/v2\/comments?post=32701"}],"version-history":[{"count":2,"href":"https:\/\/www.lavillagardendesign.com\/fr\/wp-json\/wp\/v2\/product\/32701\/revisions"}],"predecessor-version":[{"id":47842,"href":"https:\/\/www.lavillagardendesign.com\/fr\/wp-json\/wp\/v2\/product\/32701\/revisions\/47842"}],"wp:featuredmedia":[{"embeddable":true,"href":"https:\/\/www.lavillagardendesign.com\/fr\/wp-json\/wp\/v2\/media\/32696"}],"wp:attachment":[{"href":"https:\/\/www.lavillagardendesign.com\/fr\/wp-json\/wp\/v2\/media?parent=32701"}],"wp:term":[{"taxonomy":"product_brand","embeddable":true,"href":"https:\/\/www.lavillagardendesign.com\/fr\/wp-json\/wp\/v2\/product_brand?post=32701"},{"taxonomy":"product_cat","embeddable":true,"href":"https:\/\/www.lavillagardendesign.com\/fr\/wp-json\/wp\/v2\/product_cat?post=32701"},{"taxonomy":"product_tag","embeddable":true,"href":"https:\/\/www.lavillagardendesign.com\/fr\/wp-json\/wp\/v2\/product_tag?post=32701"}],"curies":[{"name":"wp","href":"https:\/\/api.w.org\/{rel}","templated":true}]}}