{"id":31365,"date":"2024-01-29T20:02:16","date_gmt":"2024-01-29T19:02:16","guid":{"rendered":"https:\/\/www.lavillagardendesign.com\/product\/spritz-lot-de-4-chaises\/"},"modified":"2026-03-10T03:36:40","modified_gmt":"2026-03-10T02:36:40","slug":"spritz-lot-de-4-chaises","status":"publish","type":"product","link":"https:\/\/www.lavillagardendesign.com\/fr\/product\/spritz-lot-de-4-chaises\/","title":{"rendered":"SPRITZ &#8211; Chaise d&rsquo;ext\u00e9rieur"},"content":{"rendered":"","protected":false},"excerpt":{"rendered":"<p>La chaise d&rsquo;ext\u00e9rieur sans accoudoirs SPRITZ allie design \u00e9pur\u00e9 et durabilit\u00e9. Fabriqu\u00e9e en polypropyl\u00e8ne inject\u00e9 et en fibre de verre, elle est l\u00e9g\u00e8re, robuste et empilable pour un rangement facile. Convenant aussi bien \u00e0 l&rsquo;int\u00e9rieur qu&rsquo;\u00e0 l&rsquo;ext\u00e9rieur, elle s&rsquo;int\u00e8gre parfaitement dans n&rsquo;importe quel espace. Disponible en plusieurs couleurs, il ajoute une touche moderne et \u00e9l\u00e9gante \u00e0 votre mobilier d&rsquo;ext\u00e9rieur.   <\/p>\n","protected":false},"featured_media":51964,"comment_status":"open","ping_status":"closed","template":"","meta":[],"product_brand":[5000],"product_cat":[2929,2931,4560,6832,4575],"product_tag":[],"class_list":{"0":"post-31365","1":"product","2":"type-product","3":"status-publish","4":"has-post-thumbnail","6":"product_brand-vondom","7":"product_cat-chaises","8":"product_cat-chaises-repas","9":"product_cat-chaises-vondom","10":"product_cat-outdoor-fr","11":"product_cat-produits-vondom","12":"product_shipping_class-vondom-fr","14":"first","15":"instock","16":"taxable","17":"shipping-taxable","18":"purchasable","19":"product-type-variable","20":"has-default-attributes"},"yoast_head":"<!-- This site is optimized with the Yoast SEO plugin v27.4 - https:\/\/yoast.com\/product\/yoast-seo-wordpress\/ -->\n<title>SPRITZ - Chaise d&#039;ext\u00e9rieur empilable | Design et durabilit\u00e9<\/title>\n<meta name=\"description\" content=\"D\u00e9couvrez la chaise d&#039;ext\u00e9rieur SPRITZ sans accoudoirs : empilable, robuste et \u00e9l\u00e9gante, elle est parfaite pour rehausser avec \u00e9l\u00e9gance les espaces int\u00e9rieurs et ext\u00e9rieurs.\" \/>\n<meta name=\"robots\" content=\"index, follow, max-snippet:-1, max-image-preview:large, max-video-preview:-1\" \/>\n<link rel=\"canonical\" href=\"https:\/\/www.lavillagardendesign.com\/fr\/product\/spritz-lot-de-4-chaises\/\" \/>\n<meta property=\"og:locale\" content=\"fr_FR\" \/>\n<meta property=\"og:type\" content=\"article\" \/>\n<meta property=\"og:title\" content=\"SPRITZ - Chaise d&#039;ext\u00e9rieur empilable | Design et durabilit\u00e9\" \/>\n<meta property=\"og:description\" content=\"D\u00e9couvrez la chaise d&#039;ext\u00e9rieur SPRITZ sans accoudoirs : empilable, robuste et \u00e9l\u00e9gante, elle est parfaite pour rehausser avec \u00e9l\u00e9gance les espaces int\u00e9rieurs et ext\u00e9rieurs.\" \/>\n<meta property=\"og:url\" content=\"https:\/\/www.lavillagardendesign.com\/fr\/product\/spritz-lot-de-4-chaises\/\" \/>\n<meta property=\"og:site_name\" content=\"La Villa Garden&amp;Design\" \/>\n<meta property=\"article:publisher\" content=\"https:\/\/www.facebook.com\/lavillagardendesign\/\" \/>\n<meta property=\"article:modified_time\" content=\"2026-03-10T02:36:40+00:00\" \/>\n<meta property=\"og:image\" content=\"https:\/\/www.lavillagardendesign.com\/wp-content\/uploads\/2024\/01\/spritz-ecru.jpg\" \/>\n\t<meta property=\"og:image:width\" content=\"1240\" \/>\n\t<meta property=\"og:image:height\" content=\"1417\" \/>\n\t<meta property=\"og:image:type\" content=\"image\/jpeg\" \/>\n<meta name=\"twitter:card\" content=\"summary_large_image\" \/>\n<script type=\"application\/ld+json\" class=\"yoast-schema-graph\">{\"@context\":\"https:\\\/\\\/schema.org\",\"@graph\":[{\"@type\":\"WebPage\",\"@id\":\"https:\\\/\\\/www.lavillagardendesign.com\\\/fr\\\/product\\\/spritz-lot-de-4-chaises\\\/\",\"url\":\"https:\\\/\\\/www.lavillagardendesign.com\\\/fr\\\/product\\\/spritz-lot-de-4-chaises\\\/\",\"name\":\"SPRITZ - Chaise d'ext\u00e9rieur empilable | Design et durabilit\u00e9\",\"isPartOf\":{\"@id\":\"https:\\\/\\\/www.lavillagardendesign.com\\\/#website\"},\"primaryImageOfPage\":{\"@id\":\"https:\\\/\\\/www.lavillagardendesign.com\\\/fr\\\/product\\\/spritz-lot-de-4-chaises\\\/#primaryimage\"},\"image\":{\"@id\":\"https:\\\/\\\/www.lavillagardendesign.com\\\/fr\\\/product\\\/spritz-lot-de-4-chaises\\\/#primaryimage\"},\"thumbnailUrl\":\"https:\\\/\\\/www.lavillagardendesign.com\\\/wp-content\\\/uploads\\\/2024\\\/01\\\/spritz-ecru.jpg\",\"datePublished\":\"2024-01-29T19:02:16+00:00\",\"dateModified\":\"2026-03-10T02:36:40+00:00\",\"description\":\"D\u00e9couvrez la chaise d'ext\u00e9rieur SPRITZ sans accoudoirs : empilable, robuste et \u00e9l\u00e9gante, elle est parfaite pour rehausser avec \u00e9l\u00e9gance les espaces int\u00e9rieurs et ext\u00e9rieurs.\",\"breadcrumb\":{\"@id\":\"https:\\\/\\\/www.lavillagardendesign.com\\\/fr\\\/product\\\/spritz-lot-de-4-chaises\\\/#breadcrumb\"},\"inLanguage\":\"fr-FR\",\"potentialAction\":[{\"@type\":\"ReadAction\",\"target\":[\"https:\\\/\\\/www.lavillagardendesign.com\\\/fr\\\/product\\\/spritz-lot-de-4-chaises\\\/\"]}]},{\"@type\":\"ImageObject\",\"inLanguage\":\"fr-FR\",\"@id\":\"https:\\\/\\\/www.lavillagardendesign.com\\\/fr\\\/product\\\/spritz-lot-de-4-chaises\\\/#primaryimage\",\"url\":\"https:\\\/\\\/www.lavillagardendesign.com\\\/wp-content\\\/uploads\\\/2024\\\/01\\\/spritz-ecru.jpg\",\"contentUrl\":\"https:\\\/\\\/www.lavillagardendesign.com\\\/wp-content\\\/uploads\\\/2024\\\/01\\\/spritz-ecru.jpg\",\"width\":1240,\"height\":1417},{\"@type\":\"BreadcrumbList\",\"@id\":\"https:\\\/\\\/www.lavillagardendesign.com\\\/fr\\\/product\\\/spritz-lot-de-4-chaises\\\/#breadcrumb\",\"itemListElement\":[{\"@type\":\"ListItem\",\"position\":1,\"name\":\"Home\",\"item\":\"https:\\\/\\\/www.lavillagardendesign.com\\\/\"},{\"@type\":\"ListItem\",\"position\":2,\"name\":\"Boutique\",\"item\":\"https:\\\/\\\/www.lavillagardendesign.com\\\/fr\\\/boutique\\\/\"},{\"@type\":\"ListItem\",\"position\":3,\"name\":\"SPRITZ &#8211; Chaise d&rsquo;ext\u00e9rieur\"}]},{\"@type\":\"WebSite\",\"@id\":\"https:\\\/\\\/www.lavillagardendesign.com\\\/#website\",\"url\":\"https:\\\/\\\/www.lavillagardendesign.com\\\/\",\"name\":\"La Villa Garden&Design\",\"description\":\"\",\"publisher\":{\"@id\":\"https:\\\/\\\/www.lavillagardendesign.com\\\/#organization\"},\"potentialAction\":[{\"@type\":\"SearchAction\",\"target\":{\"@type\":\"EntryPoint\",\"urlTemplate\":\"https:\\\/\\\/www.lavillagardendesign.com\\\/?s={search_term_string}\"},\"query-input\":{\"@type\":\"PropertyValueSpecification\",\"valueRequired\":true,\"valueName\":\"search_term_string\"}}],\"inLanguage\":\"fr-FR\"},{\"@type\":\"Organization\",\"@id\":\"https:\\\/\\\/www.lavillagardendesign.com\\\/#organization\",\"name\":\"La Villa Garden&Design\",\"url\":\"https:\\\/\\\/www.lavillagardendesign.com\\\/\",\"logo\":{\"@type\":\"ImageObject\",\"inLanguage\":\"fr-FR\",\"@id\":\"https:\\\/\\\/www.lavillagardendesign.com\\\/#\\\/schema\\\/logo\\\/image\\\/\",\"url\":\"https:\\\/\\\/www.lavillagardendesign.com\\\/wp-content\\\/uploads\\\/2024\\\/04\\\/logolavilla.png\",\"contentUrl\":\"https:\\\/\\\/www.lavillagardendesign.com\\\/wp-content\\\/uploads\\\/2024\\\/04\\\/logolavilla.png\",\"width\":682,\"height\":391,\"caption\":\"La Villa Garden&Design\"},\"image\":{\"@id\":\"https:\\\/\\\/www.lavillagardendesign.com\\\/#\\\/schema\\\/logo\\\/image\\\/\"},\"sameAs\":[\"https:\\\/\\\/www.facebook.com\\\/lavillagardendesign\\\/\"]}]}<\/script>\n<!-- \/ Yoast SEO plugin. -->","yoast_head_json":{"title":"SPRITZ - Chaise d'ext\u00e9rieur empilable | Design et durabilit\u00e9","description":"D\u00e9couvrez la chaise d'ext\u00e9rieur SPRITZ sans accoudoirs : empilable, robuste et \u00e9l\u00e9gante, elle est parfaite pour rehausser avec \u00e9l\u00e9gance les espaces int\u00e9rieurs et ext\u00e9rieurs.","robots":{"index":"index","follow":"follow","max-snippet":"max-snippet:-1","max-image-preview":"max-image-preview:large","max-video-preview":"max-video-preview:-1"},"canonical":"https:\/\/www.lavillagardendesign.com\/fr\/product\/spritz-lot-de-4-chaises\/","og_locale":"fr_FR","og_type":"article","og_title":"SPRITZ - Chaise d'ext\u00e9rieur empilable | Design et durabilit\u00e9","og_description":"D\u00e9couvrez la chaise d'ext\u00e9rieur SPRITZ sans accoudoirs : empilable, robuste et \u00e9l\u00e9gante, elle est parfaite pour rehausser avec \u00e9l\u00e9gance les espaces int\u00e9rieurs et ext\u00e9rieurs.","og_url":"https:\/\/www.lavillagardendesign.com\/fr\/product\/spritz-lot-de-4-chaises\/","og_site_name":"La Villa Garden&amp;Design","article_publisher":"https:\/\/www.facebook.com\/lavillagardendesign\/","article_modified_time":"2026-03-10T02:36:40+00:00","og_image":[{"width":1240,"height":1417,"url":"https:\/\/www.lavillagardendesign.com\/wp-content\/uploads\/2024\/01\/spritz-ecru.jpg","type":"image\/jpeg"}],"twitter_card":"summary_large_image","schema":{"@context":"https:\/\/schema.org","@graph":[{"@type":"WebPage","@id":"https:\/\/www.lavillagardendesign.com\/fr\/product\/spritz-lot-de-4-chaises\/","url":"https:\/\/www.lavillagardendesign.com\/fr\/product\/spritz-lot-de-4-chaises\/","name":"SPRITZ - Chaise d'ext\u00e9rieur empilable | Design et durabilit\u00e9","isPartOf":{"@id":"https:\/\/www.lavillagardendesign.com\/#website"},"primaryImageOfPage":{"@id":"https:\/\/www.lavillagardendesign.com\/fr\/product\/spritz-lot-de-4-chaises\/#primaryimage"},"image":{"@id":"https:\/\/www.lavillagardendesign.com\/fr\/product\/spritz-lot-de-4-chaises\/#primaryimage"},"thumbnailUrl":"https:\/\/www.lavillagardendesign.com\/wp-content\/uploads\/2024\/01\/spritz-ecru.jpg","datePublished":"2024-01-29T19:02:16+00:00","dateModified":"2026-03-10T02:36:40+00:00","description":"D\u00e9couvrez la chaise d'ext\u00e9rieur SPRITZ sans accoudoirs : empilable, robuste et \u00e9l\u00e9gante, elle est parfaite pour rehausser avec \u00e9l\u00e9gance les espaces int\u00e9rieurs et ext\u00e9rieurs.","breadcrumb":{"@id":"https:\/\/www.lavillagardendesign.com\/fr\/product\/spritz-lot-de-4-chaises\/#breadcrumb"},"inLanguage":"fr-FR","potentialAction":[{"@type":"ReadAction","target":["https:\/\/www.lavillagardendesign.com\/fr\/product\/spritz-lot-de-4-chaises\/"]}]},{"@type":"ImageObject","inLanguage":"fr-FR","@id":"https:\/\/www.lavillagardendesign.com\/fr\/product\/spritz-lot-de-4-chaises\/#primaryimage","url":"https:\/\/www.lavillagardendesign.com\/wp-content\/uploads\/2024\/01\/spritz-ecru.jpg","contentUrl":"https:\/\/www.lavillagardendesign.com\/wp-content\/uploads\/2024\/01\/spritz-ecru.jpg","width":1240,"height":1417},{"@type":"BreadcrumbList","@id":"https:\/\/www.lavillagardendesign.com\/fr\/product\/spritz-lot-de-4-chaises\/#breadcrumb","itemListElement":[{"@type":"ListItem","position":1,"name":"Home","item":"https:\/\/www.lavillagardendesign.com\/"},{"@type":"ListItem","position":2,"name":"Boutique","item":"https:\/\/www.lavillagardendesign.com\/fr\/boutique\/"},{"@type":"ListItem","position":3,"name":"SPRITZ &#8211; Chaise d&rsquo;ext\u00e9rieur"}]},{"@type":"WebSite","@id":"https:\/\/www.lavillagardendesign.com\/#website","url":"https:\/\/www.lavillagardendesign.com\/","name":"La Villa Garden&Design","description":"","publisher":{"@id":"https:\/\/www.lavillagardendesign.com\/#organization"},"potentialAction":[{"@type":"SearchAction","target":{"@type":"EntryPoint","urlTemplate":"https:\/\/www.lavillagardendesign.com\/?s={search_term_string}"},"query-input":{"@type":"PropertyValueSpecification","valueRequired":true,"valueName":"search_term_string"}}],"inLanguage":"fr-FR"},{"@type":"Organization","@id":"https:\/\/www.lavillagardendesign.com\/#organization","name":"La Villa Garden&Design","url":"https:\/\/www.lavillagardendesign.com\/","logo":{"@type":"ImageObject","inLanguage":"fr-FR","@id":"https:\/\/www.lavillagardendesign.com\/#\/schema\/logo\/image\/","url":"https:\/\/www.lavillagardendesign.com\/wp-content\/uploads\/2024\/04\/logolavilla.png","contentUrl":"https:\/\/www.lavillagardendesign.com\/wp-content\/uploads\/2024\/04\/logolavilla.png","width":682,"height":391,"caption":"La Villa Garden&Design"},"image":{"@id":"https:\/\/www.lavillagardendesign.com\/#\/schema\/logo\/image\/"},"sameAs":["https:\/\/www.facebook.com\/lavillagardendesign\/"]}]}},"_links":{"self":[{"href":"https:\/\/www.lavillagardendesign.com\/fr\/wp-json\/wp\/v2\/product\/31365","targetHints":{"allow":["GET"]}}],"collection":[{"href":"https:\/\/www.lavillagardendesign.com\/fr\/wp-json\/wp\/v2\/product"}],"about":[{"href":"https:\/\/www.lavillagardendesign.com\/fr\/wp-json\/wp\/v2\/types\/product"}],"replies":[{"embeddable":true,"href":"https:\/\/www.lavillagardendesign.com\/fr\/wp-json\/wp\/v2\/comments?post=31365"}],"version-history":[{"count":4,"href":"https:\/\/www.lavillagardendesign.com\/fr\/wp-json\/wp\/v2\/product\/31365\/revisions"}],"predecessor-version":[{"id":52041,"href":"https:\/\/www.lavillagardendesign.com\/fr\/wp-json\/wp\/v2\/product\/31365\/revisions\/52041"}],"wp:featuredmedia":[{"embeddable":true,"href":"https:\/\/www.lavillagardendesign.com\/fr\/wp-json\/wp\/v2\/media\/51964"}],"wp:attachment":[{"href":"https:\/\/www.lavillagardendesign.com\/fr\/wp-json\/wp\/v2\/media?parent=31365"}],"wp:term":[{"taxonomy":"product_brand","embeddable":true,"href":"https:\/\/www.lavillagardendesign.com\/fr\/wp-json\/wp\/v2\/product_brand?post=31365"},{"taxonomy":"product_cat","embeddable":true,"href":"https:\/\/www.lavillagardendesign.com\/fr\/wp-json\/wp\/v2\/product_cat?post=31365"},{"taxonomy":"product_tag","embeddable":true,"href":"https:\/\/www.lavillagardendesign.com\/fr\/wp-json\/wp\/v2\/product_tag?post=31365"}],"curies":[{"name":"wp","href":"https:\/\/api.w.org\/{rel}","templated":true}]}}