{"id":31342,"date":"2024-01-29T20:02:21","date_gmt":"2024-01-29T19:02:21","guid":{"rendered":"https:\/\/www.lavillagardendesign.com\/product\/spritz-table-haute\/"},"modified":"2026-03-10T03:35:44","modified_gmt":"2026-03-10T02:35:44","slug":"spritz-table-haute","status":"publish","type":"product","link":"https:\/\/www.lavillagardendesign.com\/fr\/product\/spritz-table-haute\/","title":{"rendered":"SPRITZ &#8211; Table de bar haute"},"content":{"rendered":"","protected":false},"excerpt":{"rendered":"<p>La table de bar haute SPRITZ allie design moderne et fonctionnalit\u00e9 pour les espaces int\u00e9rieurs et ext\u00e9rieurs. Fabriqu\u00e9e en polypropyl\u00e8ne inject\u00e9 avec de la fibre de verre, elle est r\u00e9sistante aux intemp\u00e9ries et prot\u00e9g\u00e9e contre les UV. Empilable et disponible en diff\u00e9rentes couleurs, elle s&rsquo;int\u00e8gre parfaitement sur les terrasses ou dans les espaces professionnels.  <\/p>\n","protected":false},"featured_media":52070,"comment_status":"open","ping_status":"closed","template":"","meta":[],"product_brand":[5000],"product_cat":[6832,2944,2947,4556,4575],"product_tag":[],"class_list":{"0":"post-31342","1":"product","2":"type-product","3":"status-publish","4":"has-post-thumbnail","6":"product_brand-vondom","7":"product_cat-outdoor-fr","8":"product_cat-tables-fr","9":"product_cat-tables-hautes-bars","10":"product_cat-vondom-tables-fr","11":"product_cat-produits-vondom","12":"product_shipping_class-vondom-fr","14":"first","15":"instock","16":"taxable","17":"shipping-taxable","18":"purchasable","19":"product-type-variable"},"yoast_head":"<!-- This site is optimized with the Yoast SEO plugin v27.4 - https:\/\/yoast.com\/product\/yoast-seo-wordpress\/ -->\n<title>SPRITZ - Table de bar haute pour l&#039;int\u00e9rieur et l&#039;ext\u00e9rieur | Vondom<\/title>\n<meta name=\"description\" content=\"D\u00e9couvrez la table de bar haute SPRITZ en polypropyl\u00e8ne renforc\u00e9, parfaite pour l&#039;ext\u00e9rieur et l&#039;int\u00e9rieur. Design moderne, durable et empilable. Disponible en plusieurs couleurs.\" \/>\n<meta name=\"robots\" content=\"index, follow, max-snippet:-1, max-image-preview:large, max-video-preview:-1\" \/>\n<link rel=\"canonical\" href=\"https:\/\/www.lavillagardendesign.com\/fr\/product\/spritz-table-haute\/\" \/>\n<meta property=\"og:locale\" content=\"fr_FR\" \/>\n<meta property=\"og:type\" content=\"article\" \/>\n<meta property=\"og:title\" content=\"SPRITZ - Table de bar haute pour l&#039;int\u00e9rieur et l&#039;ext\u00e9rieur | Vondom\" \/>\n<meta property=\"og:description\" content=\"D\u00e9couvrez la table de bar haute SPRITZ en polypropyl\u00e8ne renforc\u00e9, parfaite pour l&#039;ext\u00e9rieur et l&#039;int\u00e9rieur. Design moderne, durable et empilable. Disponible en plusieurs couleurs.\" \/>\n<meta property=\"og:url\" content=\"https:\/\/www.lavillagardendesign.com\/fr\/product\/spritz-table-haute\/\" \/>\n<meta property=\"og:site_name\" content=\"La Villa Garden&amp;Design\" \/>\n<meta property=\"article:publisher\" content=\"https:\/\/www.facebook.com\/lavillagardendesign\/\" \/>\n<meta property=\"article:modified_time\" content=\"2026-03-10T02:35:44+00:00\" \/>\n<meta property=\"og:image\" content=\"https:\/\/www.lavillagardendesign.com\/wp-content\/uploads\/2024\/01\/SPRIYZ-MESA-ALTA-BLANCO.jpg\" \/>\n\t<meta property=\"og:image:width\" content=\"800\" \/>\n\t<meta property=\"og:image:height\" content=\"800\" \/>\n\t<meta property=\"og:image:type\" content=\"image\/jpeg\" \/>\n<meta name=\"twitter:card\" content=\"summary_large_image\" \/>\n<script type=\"application\/ld+json\" class=\"yoast-schema-graph\">{\"@context\":\"https:\\\/\\\/schema.org\",\"@graph\":[{\"@type\":\"WebPage\",\"@id\":\"https:\\\/\\\/www.lavillagardendesign.com\\\/fr\\\/product\\\/spritz-table-haute\\\/\",\"url\":\"https:\\\/\\\/www.lavillagardendesign.com\\\/fr\\\/product\\\/spritz-table-haute\\\/\",\"name\":\"SPRITZ - Table de bar haute pour l'int\u00e9rieur et l'ext\u00e9rieur | Vondom\",\"isPartOf\":{\"@id\":\"https:\\\/\\\/www.lavillagardendesign.com\\\/#website\"},\"primaryImageOfPage\":{\"@id\":\"https:\\\/\\\/www.lavillagardendesign.com\\\/fr\\\/product\\\/spritz-table-haute\\\/#primaryimage\"},\"image\":{\"@id\":\"https:\\\/\\\/www.lavillagardendesign.com\\\/fr\\\/product\\\/spritz-table-haute\\\/#primaryimage\"},\"thumbnailUrl\":\"https:\\\/\\\/www.lavillagardendesign.com\\\/wp-content\\\/uploads\\\/2024\\\/01\\\/SPRIYZ-MESA-ALTA-BLANCO.jpg\",\"datePublished\":\"2024-01-29T19:02:21+00:00\",\"dateModified\":\"2026-03-10T02:35:44+00:00\",\"description\":\"D\u00e9couvrez la table de bar haute SPRITZ en polypropyl\u00e8ne renforc\u00e9, parfaite pour l'ext\u00e9rieur et l'int\u00e9rieur. Design moderne, durable et empilable. Disponible en plusieurs couleurs.\",\"breadcrumb\":{\"@id\":\"https:\\\/\\\/www.lavillagardendesign.com\\\/fr\\\/product\\\/spritz-table-haute\\\/#breadcrumb\"},\"inLanguage\":\"fr-FR\",\"potentialAction\":[{\"@type\":\"ReadAction\",\"target\":[\"https:\\\/\\\/www.lavillagardendesign.com\\\/fr\\\/product\\\/spritz-table-haute\\\/\"]}]},{\"@type\":\"ImageObject\",\"inLanguage\":\"fr-FR\",\"@id\":\"https:\\\/\\\/www.lavillagardendesign.com\\\/fr\\\/product\\\/spritz-table-haute\\\/#primaryimage\",\"url\":\"https:\\\/\\\/www.lavillagardendesign.com\\\/wp-content\\\/uploads\\\/2024\\\/01\\\/SPRIYZ-MESA-ALTA-BLANCO.jpg\",\"contentUrl\":\"https:\\\/\\\/www.lavillagardendesign.com\\\/wp-content\\\/uploads\\\/2024\\\/01\\\/SPRIYZ-MESA-ALTA-BLANCO.jpg\",\"width\":800,\"height\":800},{\"@type\":\"BreadcrumbList\",\"@id\":\"https:\\\/\\\/www.lavillagardendesign.com\\\/fr\\\/product\\\/spritz-table-haute\\\/#breadcrumb\",\"itemListElement\":[{\"@type\":\"ListItem\",\"position\":1,\"name\":\"Home\",\"item\":\"https:\\\/\\\/www.lavillagardendesign.com\\\/\"},{\"@type\":\"ListItem\",\"position\":2,\"name\":\"Boutique\",\"item\":\"https:\\\/\\\/www.lavillagardendesign.com\\\/fr\\\/boutique\\\/\"},{\"@type\":\"ListItem\",\"position\":3,\"name\":\"SPRITZ &#8211; Table de bar haute\"}]},{\"@type\":\"WebSite\",\"@id\":\"https:\\\/\\\/www.lavillagardendesign.com\\\/#website\",\"url\":\"https:\\\/\\\/www.lavillagardendesign.com\\\/\",\"name\":\"La Villa Garden&Design\",\"description\":\"\",\"publisher\":{\"@id\":\"https:\\\/\\\/www.lavillagardendesign.com\\\/#organization\"},\"potentialAction\":[{\"@type\":\"SearchAction\",\"target\":{\"@type\":\"EntryPoint\",\"urlTemplate\":\"https:\\\/\\\/www.lavillagardendesign.com\\\/?s={search_term_string}\"},\"query-input\":{\"@type\":\"PropertyValueSpecification\",\"valueRequired\":true,\"valueName\":\"search_term_string\"}}],\"inLanguage\":\"fr-FR\"},{\"@type\":\"Organization\",\"@id\":\"https:\\\/\\\/www.lavillagardendesign.com\\\/#organization\",\"name\":\"La Villa Garden&Design\",\"url\":\"https:\\\/\\\/www.lavillagardendesign.com\\\/\",\"logo\":{\"@type\":\"ImageObject\",\"inLanguage\":\"fr-FR\",\"@id\":\"https:\\\/\\\/www.lavillagardendesign.com\\\/#\\\/schema\\\/logo\\\/image\\\/\",\"url\":\"https:\\\/\\\/www.lavillagardendesign.com\\\/wp-content\\\/uploads\\\/2024\\\/04\\\/logolavilla.png\",\"contentUrl\":\"https:\\\/\\\/www.lavillagardendesign.com\\\/wp-content\\\/uploads\\\/2024\\\/04\\\/logolavilla.png\",\"width\":682,\"height\":391,\"caption\":\"La Villa Garden&Design\"},\"image\":{\"@id\":\"https:\\\/\\\/www.lavillagardendesign.com\\\/#\\\/schema\\\/logo\\\/image\\\/\"},\"sameAs\":[\"https:\\\/\\\/www.facebook.com\\\/lavillagardendesign\\\/\"]}]}<\/script>\n<!-- \/ Yoast SEO plugin. -->","yoast_head_json":{"title":"SPRITZ - Table de bar haute pour l'int\u00e9rieur et l'ext\u00e9rieur | Vondom","description":"D\u00e9couvrez la table de bar haute SPRITZ en polypropyl\u00e8ne renforc\u00e9, parfaite pour l'ext\u00e9rieur et l'int\u00e9rieur. Design moderne, durable et empilable. Disponible en plusieurs couleurs.","robots":{"index":"index","follow":"follow","max-snippet":"max-snippet:-1","max-image-preview":"max-image-preview:large","max-video-preview":"max-video-preview:-1"},"canonical":"https:\/\/www.lavillagardendesign.com\/fr\/product\/spritz-table-haute\/","og_locale":"fr_FR","og_type":"article","og_title":"SPRITZ - Table de bar haute pour l'int\u00e9rieur et l'ext\u00e9rieur | Vondom","og_description":"D\u00e9couvrez la table de bar haute SPRITZ en polypropyl\u00e8ne renforc\u00e9, parfaite pour l'ext\u00e9rieur et l'int\u00e9rieur. Design moderne, durable et empilable. Disponible en plusieurs couleurs.","og_url":"https:\/\/www.lavillagardendesign.com\/fr\/product\/spritz-table-haute\/","og_site_name":"La Villa Garden&amp;Design","article_publisher":"https:\/\/www.facebook.com\/lavillagardendesign\/","article_modified_time":"2026-03-10T02:35:44+00:00","og_image":[{"width":800,"height":800,"url":"https:\/\/www.lavillagardendesign.com\/wp-content\/uploads\/2024\/01\/SPRIYZ-MESA-ALTA-BLANCO.jpg","type":"image\/jpeg"}],"twitter_card":"summary_large_image","schema":{"@context":"https:\/\/schema.org","@graph":[{"@type":"WebPage","@id":"https:\/\/www.lavillagardendesign.com\/fr\/product\/spritz-table-haute\/","url":"https:\/\/www.lavillagardendesign.com\/fr\/product\/spritz-table-haute\/","name":"SPRITZ - Table de bar haute pour l'int\u00e9rieur et l'ext\u00e9rieur | Vondom","isPartOf":{"@id":"https:\/\/www.lavillagardendesign.com\/#website"},"primaryImageOfPage":{"@id":"https:\/\/www.lavillagardendesign.com\/fr\/product\/spritz-table-haute\/#primaryimage"},"image":{"@id":"https:\/\/www.lavillagardendesign.com\/fr\/product\/spritz-table-haute\/#primaryimage"},"thumbnailUrl":"https:\/\/www.lavillagardendesign.com\/wp-content\/uploads\/2024\/01\/SPRIYZ-MESA-ALTA-BLANCO.jpg","datePublished":"2024-01-29T19:02:21+00:00","dateModified":"2026-03-10T02:35:44+00:00","description":"D\u00e9couvrez la table de bar haute SPRITZ en polypropyl\u00e8ne renforc\u00e9, parfaite pour l'ext\u00e9rieur et l'int\u00e9rieur. Design moderne, durable et empilable. Disponible en plusieurs couleurs.","breadcrumb":{"@id":"https:\/\/www.lavillagardendesign.com\/fr\/product\/spritz-table-haute\/#breadcrumb"},"inLanguage":"fr-FR","potentialAction":[{"@type":"ReadAction","target":["https:\/\/www.lavillagardendesign.com\/fr\/product\/spritz-table-haute\/"]}]},{"@type":"ImageObject","inLanguage":"fr-FR","@id":"https:\/\/www.lavillagardendesign.com\/fr\/product\/spritz-table-haute\/#primaryimage","url":"https:\/\/www.lavillagardendesign.com\/wp-content\/uploads\/2024\/01\/SPRIYZ-MESA-ALTA-BLANCO.jpg","contentUrl":"https:\/\/www.lavillagardendesign.com\/wp-content\/uploads\/2024\/01\/SPRIYZ-MESA-ALTA-BLANCO.jpg","width":800,"height":800},{"@type":"BreadcrumbList","@id":"https:\/\/www.lavillagardendesign.com\/fr\/product\/spritz-table-haute\/#breadcrumb","itemListElement":[{"@type":"ListItem","position":1,"name":"Home","item":"https:\/\/www.lavillagardendesign.com\/"},{"@type":"ListItem","position":2,"name":"Boutique","item":"https:\/\/www.lavillagardendesign.com\/fr\/boutique\/"},{"@type":"ListItem","position":3,"name":"SPRITZ &#8211; Table de bar haute"}]},{"@type":"WebSite","@id":"https:\/\/www.lavillagardendesign.com\/#website","url":"https:\/\/www.lavillagardendesign.com\/","name":"La Villa Garden&Design","description":"","publisher":{"@id":"https:\/\/www.lavillagardendesign.com\/#organization"},"potentialAction":[{"@type":"SearchAction","target":{"@type":"EntryPoint","urlTemplate":"https:\/\/www.lavillagardendesign.com\/?s={search_term_string}"},"query-input":{"@type":"PropertyValueSpecification","valueRequired":true,"valueName":"search_term_string"}}],"inLanguage":"fr-FR"},{"@type":"Organization","@id":"https:\/\/www.lavillagardendesign.com\/#organization","name":"La Villa Garden&Design","url":"https:\/\/www.lavillagardendesign.com\/","logo":{"@type":"ImageObject","inLanguage":"fr-FR","@id":"https:\/\/www.lavillagardendesign.com\/#\/schema\/logo\/image\/","url":"https:\/\/www.lavillagardendesign.com\/wp-content\/uploads\/2024\/04\/logolavilla.png","contentUrl":"https:\/\/www.lavillagardendesign.com\/wp-content\/uploads\/2024\/04\/logolavilla.png","width":682,"height":391,"caption":"La Villa Garden&Design"},"image":{"@id":"https:\/\/www.lavillagardendesign.com\/#\/schema\/logo\/image\/"},"sameAs":["https:\/\/www.facebook.com\/lavillagardendesign\/"]}]}},"_links":{"self":[{"href":"https:\/\/www.lavillagardendesign.com\/fr\/wp-json\/wp\/v2\/product\/31342","targetHints":{"allow":["GET"]}}],"collection":[{"href":"https:\/\/www.lavillagardendesign.com\/fr\/wp-json\/wp\/v2\/product"}],"about":[{"href":"https:\/\/www.lavillagardendesign.com\/fr\/wp-json\/wp\/v2\/types\/product"}],"replies":[{"embeddable":true,"href":"https:\/\/www.lavillagardendesign.com\/fr\/wp-json\/wp\/v2\/comments?post=31342"}],"version-history":[{"count":3,"href":"https:\/\/www.lavillagardendesign.com\/fr\/wp-json\/wp\/v2\/product\/31342\/revisions"}],"predecessor-version":[{"id":52075,"href":"https:\/\/www.lavillagardendesign.com\/fr\/wp-json\/wp\/v2\/product\/31342\/revisions\/52075"}],"wp:featuredmedia":[{"embeddable":true,"href":"https:\/\/www.lavillagardendesign.com\/fr\/wp-json\/wp\/v2\/media\/52070"}],"wp:attachment":[{"href":"https:\/\/www.lavillagardendesign.com\/fr\/wp-json\/wp\/v2\/media?parent=31342"}],"wp:term":[{"taxonomy":"product_brand","embeddable":true,"href":"https:\/\/www.lavillagardendesign.com\/fr\/wp-json\/wp\/v2\/product_brand?post=31342"},{"taxonomy":"product_cat","embeddable":true,"href":"https:\/\/www.lavillagardendesign.com\/fr\/wp-json\/wp\/v2\/product_cat?post=31342"},{"taxonomy":"product_tag","embeddable":true,"href":"https:\/\/www.lavillagardendesign.com\/fr\/wp-json\/wp\/v2\/product_tag?post=31342"}],"curies":[{"name":"wp","href":"https:\/\/api.w.org\/{rel}","templated":true}]}}