{"id":31320,"date":"2024-01-29T20:02:22","date_gmt":"2024-01-29T19:02:22","guid":{"rendered":"https:\/\/www.lavillagardendesign.com\/product\/spritz-canape\/"},"modified":"2026-03-10T03:35:39","modified_gmt":"2026-03-10T02:35:39","slug":"spritz-canape","status":"publish","type":"product","link":"https:\/\/www.lavillagardendesign.com\/fr\/product\/spritz-canape\/","title":{"rendered":"SPRITZ &#8211; Canap\u00e9 d&rsquo;ext\u00e9rieur"},"content":{"rendered":"","protected":false},"excerpt":{"rendered":"<p>Le <strong>canap\u00e9 d&rsquo;ext\u00e9rieur SPRITZ<\/strong> allie <strong>\u00e9l\u00e9gance et fonctionnalit\u00e9<\/strong>, ce qui en fait le choix id\u00e9al pour cr\u00e9er un salon d&rsquo;ext\u00e9rieur styl\u00e9. Fabriqu\u00e9 en <strong>polypropyl\u00e8ne inject\u00e9 avec de la fibre de verre<\/strong>, il est <strong>l\u00e9ger, durable et r\u00e9sistant aux intemp\u00e9ries<\/strong>. Son design empilable et ses lignes modernes s&rsquo;int\u00e8grent parfaitement dans les jardins, les patios et les terrasses. Disponible en plusieurs couleurs.   <\/p>\n","protected":false},"featured_media":52123,"comment_status":"open","ping_status":"closed","template":"","meta":[],"product_brand":[5000],"product_cat":[6832,2935,2937,4575,4568],"product_tag":[],"class_list":{"0":"post-31320","1":"product","2":"type-product","3":"status-publish","4":"has-post-thumbnail","6":"product_brand-vondom","7":"product_cat-outdoor-fr","8":"product_cat-canapes-fauteuils","9":"product_cat-canapes","10":"product_cat-produits-vondom","11":"product_cat-canapes-vondom","12":"product_shipping_class-vondom-fr","14":"first","15":"instock","16":"taxable","17":"shipping-taxable","18":"purchasable","19":"product-type-variable"},"yoast_head":"<!-- This site is optimized with the Yoast SEO plugin v27.1.1 - https:\/\/yoast.com\/product\/yoast-seo-wordpress\/ -->\n<title>SPRITZ - Canap\u00e9 d&#039;ext\u00e9rieur, empilable et r\u00e9sistant aux intemp\u00e9ries | Vondom<\/title>\n<meta name=\"description\" content=\"D\u00e9couvrez le canap\u00e9 d&#039;ext\u00e9rieur SPRITZ, fabriqu\u00e9 en polypropyl\u00e8ne renforc\u00e9. L\u00e9ger, empilable et r\u00e9sistant aux UV et aux intemp\u00e9ries. Id\u00e9al pour les patios, les terrasses et les jardins. Disponible en plusieurs couleurs.\" \/>\n<meta name=\"robots\" content=\"index, follow, max-snippet:-1, max-image-preview:large, max-video-preview:-1\" \/>\n<link rel=\"canonical\" href=\"https:\/\/www.lavillagardendesign.com\/fr\/product\/spritz-canape\/\" \/>\n<meta property=\"og:locale\" content=\"fr_FR\" \/>\n<meta property=\"og:type\" content=\"article\" \/>\n<meta property=\"og:title\" content=\"SPRITZ - Canap\u00e9 d&#039;ext\u00e9rieur, empilable et r\u00e9sistant aux intemp\u00e9ries | Vondom\" \/>\n<meta property=\"og:description\" content=\"D\u00e9couvrez le canap\u00e9 d&#039;ext\u00e9rieur SPRITZ, fabriqu\u00e9 en polypropyl\u00e8ne renforc\u00e9. L\u00e9ger, empilable et r\u00e9sistant aux UV et aux intemp\u00e9ries. Id\u00e9al pour les patios, les terrasses et les jardins. Disponible en plusieurs couleurs.\" \/>\n<meta property=\"og:url\" content=\"https:\/\/www.lavillagardendesign.com\/fr\/product\/spritz-canape\/\" \/>\n<meta property=\"og:site_name\" content=\"La Villa Garden&amp;Design\" \/>\n<meta property=\"article:publisher\" content=\"https:\/\/www.facebook.com\/lavillagardendesign\/\" \/>\n<meta property=\"article:modified_time\" content=\"2026-03-10T02:35:39+00:00\" \/>\n<meta property=\"og:image\" content=\"https:\/\/www.lavillagardendesign.com\/wp-content\/uploads\/2024\/01\/56025_ECR.jpg\" \/>\n\t<meta property=\"og:image:width\" content=\"1240\" \/>\n\t<meta property=\"og:image:height\" content=\"1417\" \/>\n\t<meta property=\"og:image:type\" content=\"image\/jpeg\" \/>\n<meta name=\"twitter:card\" content=\"summary_large_image\" \/>\n<script type=\"application\/ld+json\" class=\"yoast-schema-graph\">{\"@context\":\"https:\/\/schema.org\",\"@graph\":[{\"@type\":\"WebPage\",\"@id\":\"https:\/\/www.lavillagardendesign.com\/fr\/product\/spritz-canape\/\",\"url\":\"https:\/\/www.lavillagardendesign.com\/fr\/product\/spritz-canape\/\",\"name\":\"SPRITZ - Canap\u00e9 d'ext\u00e9rieur, empilable et r\u00e9sistant aux intemp\u00e9ries | Vondom\",\"isPartOf\":{\"@id\":\"https:\/\/www.lavillagardendesign.com\/#website\"},\"primaryImageOfPage\":{\"@id\":\"https:\/\/www.lavillagardendesign.com\/fr\/product\/spritz-canape\/#primaryimage\"},\"image\":{\"@id\":\"https:\/\/www.lavillagardendesign.com\/fr\/product\/spritz-canape\/#primaryimage\"},\"thumbnailUrl\":\"https:\/\/www.lavillagardendesign.com\/wp-content\/uploads\/2024\/01\/56025_ECR.jpg\",\"datePublished\":\"2024-01-29T19:02:22+00:00\",\"dateModified\":\"2026-03-10T02:35:39+00:00\",\"description\":\"D\u00e9couvrez le canap\u00e9 d'ext\u00e9rieur SPRITZ, fabriqu\u00e9 en polypropyl\u00e8ne renforc\u00e9. L\u00e9ger, empilable et r\u00e9sistant aux UV et aux intemp\u00e9ries. Id\u00e9al pour les patios, les terrasses et les jardins. Disponible en plusieurs couleurs.\",\"breadcrumb\":{\"@id\":\"https:\/\/www.lavillagardendesign.com\/fr\/product\/spritz-canape\/#breadcrumb\"},\"inLanguage\":\"fr-FR\",\"potentialAction\":[{\"@type\":\"ReadAction\",\"target\":[\"https:\/\/www.lavillagardendesign.com\/fr\/product\/spritz-canape\/\"]}]},{\"@type\":\"ImageObject\",\"inLanguage\":\"fr-FR\",\"@id\":\"https:\/\/www.lavillagardendesign.com\/fr\/product\/spritz-canape\/#primaryimage\",\"url\":\"https:\/\/www.lavillagardendesign.com\/wp-content\/uploads\/2024\/01\/56025_ECR.jpg\",\"contentUrl\":\"https:\/\/www.lavillagardendesign.com\/wp-content\/uploads\/2024\/01\/56025_ECR.jpg\",\"width\":1240,\"height\":1417},{\"@type\":\"BreadcrumbList\",\"@id\":\"https:\/\/www.lavillagardendesign.com\/fr\/product\/spritz-canape\/#breadcrumb\",\"itemListElement\":[{\"@type\":\"ListItem\",\"position\":1,\"name\":\"Home\",\"item\":\"https:\/\/www.lavillagardendesign.com\/\"},{\"@type\":\"ListItem\",\"position\":2,\"name\":\"Boutique\",\"item\":\"https:\/\/www.lavillagardendesign.com\/fr\/boutique\/\"},{\"@type\":\"ListItem\",\"position\":3,\"name\":\"SPRITZ &#8211; Canap\u00e9 d&rsquo;ext\u00e9rieur\"}]},{\"@type\":\"WebSite\",\"@id\":\"https:\/\/www.lavillagardendesign.com\/#website\",\"url\":\"https:\/\/www.lavillagardendesign.com\/\",\"name\":\"La Villa Garden&Design\",\"description\":\"\",\"publisher\":{\"@id\":\"https:\/\/www.lavillagardendesign.com\/#organization\"},\"potentialAction\":[{\"@type\":\"SearchAction\",\"target\":{\"@type\":\"EntryPoint\",\"urlTemplate\":\"https:\/\/www.lavillagardendesign.com\/?s={search_term_string}\"},\"query-input\":{\"@type\":\"PropertyValueSpecification\",\"valueRequired\":true,\"valueName\":\"search_term_string\"}}],\"inLanguage\":\"fr-FR\"},{\"@type\":\"Organization\",\"@id\":\"https:\/\/www.lavillagardendesign.com\/#organization\",\"name\":\"La Villa Garden&Design\",\"url\":\"https:\/\/www.lavillagardendesign.com\/\",\"logo\":{\"@type\":\"ImageObject\",\"inLanguage\":\"fr-FR\",\"@id\":\"https:\/\/www.lavillagardendesign.com\/#\/schema\/logo\/image\/\",\"url\":\"https:\/\/www.lavillagardendesign.com\/wp-content\/uploads\/2024\/04\/logolavilla.png\",\"contentUrl\":\"https:\/\/www.lavillagardendesign.com\/wp-content\/uploads\/2024\/04\/logolavilla.png\",\"width\":682,\"height\":391,\"caption\":\"La Villa Garden&Design\"},\"image\":{\"@id\":\"https:\/\/www.lavillagardendesign.com\/#\/schema\/logo\/image\/\"},\"sameAs\":[\"https:\/\/www.facebook.com\/lavillagardendesign\/\"]}]}<\/script>\n<!-- \/ Yoast SEO plugin. -->","yoast_head_json":{"title":"SPRITZ - Canap\u00e9 d'ext\u00e9rieur, empilable et r\u00e9sistant aux intemp\u00e9ries | Vondom","description":"D\u00e9couvrez le canap\u00e9 d'ext\u00e9rieur SPRITZ, fabriqu\u00e9 en polypropyl\u00e8ne renforc\u00e9. L\u00e9ger, empilable et r\u00e9sistant aux UV et aux intemp\u00e9ries. Id\u00e9al pour les patios, les terrasses et les jardins. Disponible en plusieurs couleurs.","robots":{"index":"index","follow":"follow","max-snippet":"max-snippet:-1","max-image-preview":"max-image-preview:large","max-video-preview":"max-video-preview:-1"},"canonical":"https:\/\/www.lavillagardendesign.com\/fr\/product\/spritz-canape\/","og_locale":"fr_FR","og_type":"article","og_title":"SPRITZ - Canap\u00e9 d'ext\u00e9rieur, empilable et r\u00e9sistant aux intemp\u00e9ries | Vondom","og_description":"D\u00e9couvrez le canap\u00e9 d'ext\u00e9rieur SPRITZ, fabriqu\u00e9 en polypropyl\u00e8ne renforc\u00e9. L\u00e9ger, empilable et r\u00e9sistant aux UV et aux intemp\u00e9ries. Id\u00e9al pour les patios, les terrasses et les jardins. Disponible en plusieurs couleurs.","og_url":"https:\/\/www.lavillagardendesign.com\/fr\/product\/spritz-canape\/","og_site_name":"La Villa Garden&amp;Design","article_publisher":"https:\/\/www.facebook.com\/lavillagardendesign\/","article_modified_time":"2026-03-10T02:35:39+00:00","og_image":[{"width":1240,"height":1417,"url":"https:\/\/www.lavillagardendesign.com\/wp-content\/uploads\/2024\/01\/56025_ECR.jpg","type":"image\/jpeg"}],"twitter_card":"summary_large_image","schema":{"@context":"https:\/\/schema.org","@graph":[{"@type":"WebPage","@id":"https:\/\/www.lavillagardendesign.com\/fr\/product\/spritz-canape\/","url":"https:\/\/www.lavillagardendesign.com\/fr\/product\/spritz-canape\/","name":"SPRITZ - Canap\u00e9 d'ext\u00e9rieur, empilable et r\u00e9sistant aux intemp\u00e9ries | Vondom","isPartOf":{"@id":"https:\/\/www.lavillagardendesign.com\/#website"},"primaryImageOfPage":{"@id":"https:\/\/www.lavillagardendesign.com\/fr\/product\/spritz-canape\/#primaryimage"},"image":{"@id":"https:\/\/www.lavillagardendesign.com\/fr\/product\/spritz-canape\/#primaryimage"},"thumbnailUrl":"https:\/\/www.lavillagardendesign.com\/wp-content\/uploads\/2024\/01\/56025_ECR.jpg","datePublished":"2024-01-29T19:02:22+00:00","dateModified":"2026-03-10T02:35:39+00:00","description":"D\u00e9couvrez le canap\u00e9 d'ext\u00e9rieur SPRITZ, fabriqu\u00e9 en polypropyl\u00e8ne renforc\u00e9. L\u00e9ger, empilable et r\u00e9sistant aux UV et aux intemp\u00e9ries. Id\u00e9al pour les patios, les terrasses et les jardins. Disponible en plusieurs couleurs.","breadcrumb":{"@id":"https:\/\/www.lavillagardendesign.com\/fr\/product\/spritz-canape\/#breadcrumb"},"inLanguage":"fr-FR","potentialAction":[{"@type":"ReadAction","target":["https:\/\/www.lavillagardendesign.com\/fr\/product\/spritz-canape\/"]}]},{"@type":"ImageObject","inLanguage":"fr-FR","@id":"https:\/\/www.lavillagardendesign.com\/fr\/product\/spritz-canape\/#primaryimage","url":"https:\/\/www.lavillagardendesign.com\/wp-content\/uploads\/2024\/01\/56025_ECR.jpg","contentUrl":"https:\/\/www.lavillagardendesign.com\/wp-content\/uploads\/2024\/01\/56025_ECR.jpg","width":1240,"height":1417},{"@type":"BreadcrumbList","@id":"https:\/\/www.lavillagardendesign.com\/fr\/product\/spritz-canape\/#breadcrumb","itemListElement":[{"@type":"ListItem","position":1,"name":"Home","item":"https:\/\/www.lavillagardendesign.com\/"},{"@type":"ListItem","position":2,"name":"Boutique","item":"https:\/\/www.lavillagardendesign.com\/fr\/boutique\/"},{"@type":"ListItem","position":3,"name":"SPRITZ &#8211; Canap\u00e9 d&rsquo;ext\u00e9rieur"}]},{"@type":"WebSite","@id":"https:\/\/www.lavillagardendesign.com\/#website","url":"https:\/\/www.lavillagardendesign.com\/","name":"La Villa Garden&Design","description":"","publisher":{"@id":"https:\/\/www.lavillagardendesign.com\/#organization"},"potentialAction":[{"@type":"SearchAction","target":{"@type":"EntryPoint","urlTemplate":"https:\/\/www.lavillagardendesign.com\/?s={search_term_string}"},"query-input":{"@type":"PropertyValueSpecification","valueRequired":true,"valueName":"search_term_string"}}],"inLanguage":"fr-FR"},{"@type":"Organization","@id":"https:\/\/www.lavillagardendesign.com\/#organization","name":"La Villa Garden&Design","url":"https:\/\/www.lavillagardendesign.com\/","logo":{"@type":"ImageObject","inLanguage":"fr-FR","@id":"https:\/\/www.lavillagardendesign.com\/#\/schema\/logo\/image\/","url":"https:\/\/www.lavillagardendesign.com\/wp-content\/uploads\/2024\/04\/logolavilla.png","contentUrl":"https:\/\/www.lavillagardendesign.com\/wp-content\/uploads\/2024\/04\/logolavilla.png","width":682,"height":391,"caption":"La Villa Garden&Design"},"image":{"@id":"https:\/\/www.lavillagardendesign.com\/#\/schema\/logo\/image\/"},"sameAs":["https:\/\/www.facebook.com\/lavillagardendesign\/"]}]}},"_links":{"self":[{"href":"https:\/\/www.lavillagardendesign.com\/fr\/wp-json\/wp\/v2\/product\/31320","targetHints":{"allow":["GET"]}}],"collection":[{"href":"https:\/\/www.lavillagardendesign.com\/fr\/wp-json\/wp\/v2\/product"}],"about":[{"href":"https:\/\/www.lavillagardendesign.com\/fr\/wp-json\/wp\/v2\/types\/product"}],"replies":[{"embeddable":true,"href":"https:\/\/www.lavillagardendesign.com\/fr\/wp-json\/wp\/v2\/comments?post=31320"}],"version-history":[{"count":2,"href":"https:\/\/www.lavillagardendesign.com\/fr\/wp-json\/wp\/v2\/product\/31320\/revisions"}],"predecessor-version":[{"id":52196,"href":"https:\/\/www.lavillagardendesign.com\/fr\/wp-json\/wp\/v2\/product\/31320\/revisions\/52196"}],"wp:featuredmedia":[{"embeddable":true,"href":"https:\/\/www.lavillagardendesign.com\/fr\/wp-json\/wp\/v2\/media\/52123"}],"wp:attachment":[{"href":"https:\/\/www.lavillagardendesign.com\/fr\/wp-json\/wp\/v2\/media?parent=31320"}],"wp:term":[{"taxonomy":"product_brand","embeddable":true,"href":"https:\/\/www.lavillagardendesign.com\/fr\/wp-json\/wp\/v2\/product_brand?post=31320"},{"taxonomy":"product_cat","embeddable":true,"href":"https:\/\/www.lavillagardendesign.com\/fr\/wp-json\/wp\/v2\/product_cat?post=31320"},{"taxonomy":"product_tag","embeddable":true,"href":"https:\/\/www.lavillagardendesign.com\/fr\/wp-json\/wp\/v2\/product_tag?post=31320"}],"curies":[{"name":"wp","href":"https:\/\/api.w.org\/{rel}","templated":true}]}}