{"id":31312,"date":"2024-01-29T20:02:26","date_gmt":"2024-01-29T19:02:26","guid":{"rendered":"https:\/\/www.lavillagardendesign.com\/product\/spritz-bain-de-soleil\/"},"modified":"2026-03-10T03:35:32","modified_gmt":"2026-03-10T02:35:32","slug":"spritz-bain-de-soleil","status":"publish","type":"product","link":"https:\/\/www.lavillagardendesign.com\/fr\/product\/spritz-bain-de-soleil\/","title":{"rendered":"SPRITZ &#8211; Bain de soleil empilable"},"content":{"rendered":"","protected":false},"excerpt":{"rendered":"<p>La <strong>chaise longue empilable SPRITZ<\/strong> allie <strong>confort, praticit\u00e9 et design moderne<\/strong>. Fabriqu\u00e9 en <strong>polypropyl\u00e8ne inject\u00e9 avec de la fibre de verre<\/strong>, il est <strong>l\u00e9ger, durable et r\u00e9sistant aux intemp\u00e9ries<\/strong>. Gr\u00e2ce \u00e0 sa <strong>conception empilable et \u00e0 ses roues int\u00e9gr\u00e9es<\/strong>, il est facile \u00e0 d\u00e9placer et \u00e0 ranger, ce qui le rend id\u00e9al pour les bords de piscine, les patios et les jardins. Disponible en plusieurs couleurs pour s&rsquo;adapter \u00e0 tous les environnements ext\u00e9rieurs.   <\/p>\n","protected":false},"featured_media":31186,"comment_status":"open","ping_status":"closed","template":"","meta":[],"product_brand":[5000],"product_cat":[6832,2938,2940,4575,4572],"product_tag":[],"class_list":{"0":"post-31312","1":"product","2":"type-product","3":"status-publish","4":"has-post-thumbnail","6":"product_brand-vondom","7":"product_cat-outdoor-fr","8":"product_cat-bains-de-soleil","9":"product_cat-transats","10":"product_cat-produits-vondom","11":"product_cat-bains-de-soleil-vondom","12":"product_shipping_class-vondom-fr","14":"first","15":"instock","16":"taxable","17":"shipping-taxable","18":"purchasable","19":"product-type-variable"},"yoast_head":"<!-- This site is optimized with the Yoast SEO plugin v27.1.1 - https:\/\/yoast.com\/product\/yoast-seo-wordpress\/ -->\n<title>SPRITZ - Bain de soleil empilable \u00e0 roulettes, \u00e9l\u00e9gant et durable | Vondom<\/title>\n<meta name=\"description\" content=\"D\u00e9couvrez la chaise longue empilable SPRITZ, dot\u00e9e de roues pour une mobilit\u00e9 sans effort. R\u00e9sistant aux UV et aux intemp\u00e9ries, il est parfait pour les piscines, les jardins et les terrasses. Disponible en plusieurs couleurs.\" \/>\n<meta name=\"robots\" content=\"index, follow, max-snippet:-1, max-image-preview:large, max-video-preview:-1\" \/>\n<link rel=\"canonical\" href=\"https:\/\/www.lavillagardendesign.com\/fr\/product\/spritz-bain-de-soleil\/\" \/>\n<meta property=\"og:locale\" content=\"fr_FR\" \/>\n<meta property=\"og:type\" content=\"article\" \/>\n<meta property=\"og:title\" content=\"SPRITZ - Bain de soleil empilable \u00e0 roulettes, \u00e9l\u00e9gant et durable | Vondom\" \/>\n<meta property=\"og:description\" content=\"D\u00e9couvrez la chaise longue empilable SPRITZ, dot\u00e9e de roues pour une mobilit\u00e9 sans effort. R\u00e9sistant aux UV et aux intemp\u00e9ries, il est parfait pour les piscines, les jardins et les terrasses. Disponible en plusieurs couleurs.\" \/>\n<meta property=\"og:url\" content=\"https:\/\/www.lavillagardendesign.com\/fr\/product\/spritz-bain-de-soleil\/\" \/>\n<meta property=\"og:site_name\" content=\"La Villa Garden&amp;Design\" \/>\n<meta property=\"article:publisher\" content=\"https:\/\/www.facebook.com\/lavillagardendesign\/\" \/>\n<meta property=\"article:modified_time\" content=\"2026-03-10T02:35:32+00:00\" \/>\n<meta property=\"og:image\" content=\"https:\/\/www.lavillagardendesign.com\/wp-content\/uploads\/2024\/01\/5-42.png\" \/>\n\t<meta property=\"og:image:width\" content=\"700\" \/>\n\t<meta property=\"og:image:height\" content=\"800\" \/>\n\t<meta property=\"og:image:type\" content=\"image\/png\" \/>\n<meta name=\"twitter:card\" content=\"summary_large_image\" \/>\n<script type=\"application\/ld+json\" class=\"yoast-schema-graph\">{\"@context\":\"https:\/\/schema.org\",\"@graph\":[{\"@type\":\"WebPage\",\"@id\":\"https:\/\/www.lavillagardendesign.com\/fr\/product\/spritz-bain-de-soleil\/\",\"url\":\"https:\/\/www.lavillagardendesign.com\/fr\/product\/spritz-bain-de-soleil\/\",\"name\":\"SPRITZ - Bain de soleil empilable \u00e0 roulettes, \u00e9l\u00e9gant et durable | Vondom\",\"isPartOf\":{\"@id\":\"https:\/\/www.lavillagardendesign.com\/#website\"},\"primaryImageOfPage\":{\"@id\":\"https:\/\/www.lavillagardendesign.com\/fr\/product\/spritz-bain-de-soleil\/#primaryimage\"},\"image\":{\"@id\":\"https:\/\/www.lavillagardendesign.com\/fr\/product\/spritz-bain-de-soleil\/#primaryimage\"},\"thumbnailUrl\":\"https:\/\/www.lavillagardendesign.com\/wp-content\/uploads\/2024\/01\/5-42.png\",\"datePublished\":\"2024-01-29T19:02:26+00:00\",\"dateModified\":\"2026-03-10T02:35:32+00:00\",\"description\":\"D\u00e9couvrez la chaise longue empilable SPRITZ, dot\u00e9e de roues pour une mobilit\u00e9 sans effort. R\u00e9sistant aux UV et aux intemp\u00e9ries, il est parfait pour les piscines, les jardins et les terrasses. Disponible en plusieurs couleurs.\",\"breadcrumb\":{\"@id\":\"https:\/\/www.lavillagardendesign.com\/fr\/product\/spritz-bain-de-soleil\/#breadcrumb\"},\"inLanguage\":\"fr-FR\",\"potentialAction\":[{\"@type\":\"ReadAction\",\"target\":[\"https:\/\/www.lavillagardendesign.com\/fr\/product\/spritz-bain-de-soleil\/\"]}]},{\"@type\":\"ImageObject\",\"inLanguage\":\"fr-FR\",\"@id\":\"https:\/\/www.lavillagardendesign.com\/fr\/product\/spritz-bain-de-soleil\/#primaryimage\",\"url\":\"https:\/\/www.lavillagardendesign.com\/wp-content\/uploads\/2024\/01\/5-42.png\",\"contentUrl\":\"https:\/\/www.lavillagardendesign.com\/wp-content\/uploads\/2024\/01\/5-42.png\",\"width\":700,\"height\":800},{\"@type\":\"BreadcrumbList\",\"@id\":\"https:\/\/www.lavillagardendesign.com\/fr\/product\/spritz-bain-de-soleil\/#breadcrumb\",\"itemListElement\":[{\"@type\":\"ListItem\",\"position\":1,\"name\":\"Home\",\"item\":\"https:\/\/www.lavillagardendesign.com\/\"},{\"@type\":\"ListItem\",\"position\":2,\"name\":\"Boutique\",\"item\":\"https:\/\/www.lavillagardendesign.com\/fr\/boutique\/\"},{\"@type\":\"ListItem\",\"position\":3,\"name\":\"SPRITZ &#8211; Bain de soleil empilable\"}]},{\"@type\":\"WebSite\",\"@id\":\"https:\/\/www.lavillagardendesign.com\/#website\",\"url\":\"https:\/\/www.lavillagardendesign.com\/\",\"name\":\"La Villa Garden&Design\",\"description\":\"\",\"publisher\":{\"@id\":\"https:\/\/www.lavillagardendesign.com\/#organization\"},\"potentialAction\":[{\"@type\":\"SearchAction\",\"target\":{\"@type\":\"EntryPoint\",\"urlTemplate\":\"https:\/\/www.lavillagardendesign.com\/?s={search_term_string}\"},\"query-input\":{\"@type\":\"PropertyValueSpecification\",\"valueRequired\":true,\"valueName\":\"search_term_string\"}}],\"inLanguage\":\"fr-FR\"},{\"@type\":\"Organization\",\"@id\":\"https:\/\/www.lavillagardendesign.com\/#organization\",\"name\":\"La Villa Garden&Design\",\"url\":\"https:\/\/www.lavillagardendesign.com\/\",\"logo\":{\"@type\":\"ImageObject\",\"inLanguage\":\"fr-FR\",\"@id\":\"https:\/\/www.lavillagardendesign.com\/#\/schema\/logo\/image\/\",\"url\":\"https:\/\/www.lavillagardendesign.com\/wp-content\/uploads\/2024\/04\/logolavilla.png\",\"contentUrl\":\"https:\/\/www.lavillagardendesign.com\/wp-content\/uploads\/2024\/04\/logolavilla.png\",\"width\":682,\"height\":391,\"caption\":\"La Villa Garden&Design\"},\"image\":{\"@id\":\"https:\/\/www.lavillagardendesign.com\/#\/schema\/logo\/image\/\"},\"sameAs\":[\"https:\/\/www.facebook.com\/lavillagardendesign\/\"]}]}<\/script>\n<!-- \/ Yoast SEO plugin. -->","yoast_head_json":{"title":"SPRITZ - Bain de soleil empilable \u00e0 roulettes, \u00e9l\u00e9gant et durable | Vondom","description":"D\u00e9couvrez la chaise longue empilable SPRITZ, dot\u00e9e de roues pour une mobilit\u00e9 sans effort. R\u00e9sistant aux UV et aux intemp\u00e9ries, il est parfait pour les piscines, les jardins et les terrasses. Disponible en plusieurs couleurs.","robots":{"index":"index","follow":"follow","max-snippet":"max-snippet:-1","max-image-preview":"max-image-preview:large","max-video-preview":"max-video-preview:-1"},"canonical":"https:\/\/www.lavillagardendesign.com\/fr\/product\/spritz-bain-de-soleil\/","og_locale":"fr_FR","og_type":"article","og_title":"SPRITZ - Bain de soleil empilable \u00e0 roulettes, \u00e9l\u00e9gant et durable | Vondom","og_description":"D\u00e9couvrez la chaise longue empilable SPRITZ, dot\u00e9e de roues pour une mobilit\u00e9 sans effort. R\u00e9sistant aux UV et aux intemp\u00e9ries, il est parfait pour les piscines, les jardins et les terrasses. Disponible en plusieurs couleurs.","og_url":"https:\/\/www.lavillagardendesign.com\/fr\/product\/spritz-bain-de-soleil\/","og_site_name":"La Villa Garden&amp;Design","article_publisher":"https:\/\/www.facebook.com\/lavillagardendesign\/","article_modified_time":"2026-03-10T02:35:32+00:00","og_image":[{"width":700,"height":800,"url":"https:\/\/www.lavillagardendesign.com\/wp-content\/uploads\/2024\/01\/5-42.png","type":"image\/png"}],"twitter_card":"summary_large_image","schema":{"@context":"https:\/\/schema.org","@graph":[{"@type":"WebPage","@id":"https:\/\/www.lavillagardendesign.com\/fr\/product\/spritz-bain-de-soleil\/","url":"https:\/\/www.lavillagardendesign.com\/fr\/product\/spritz-bain-de-soleil\/","name":"SPRITZ - Bain de soleil empilable \u00e0 roulettes, \u00e9l\u00e9gant et durable | Vondom","isPartOf":{"@id":"https:\/\/www.lavillagardendesign.com\/#website"},"primaryImageOfPage":{"@id":"https:\/\/www.lavillagardendesign.com\/fr\/product\/spritz-bain-de-soleil\/#primaryimage"},"image":{"@id":"https:\/\/www.lavillagardendesign.com\/fr\/product\/spritz-bain-de-soleil\/#primaryimage"},"thumbnailUrl":"https:\/\/www.lavillagardendesign.com\/wp-content\/uploads\/2024\/01\/5-42.png","datePublished":"2024-01-29T19:02:26+00:00","dateModified":"2026-03-10T02:35:32+00:00","description":"D\u00e9couvrez la chaise longue empilable SPRITZ, dot\u00e9e de roues pour une mobilit\u00e9 sans effort. R\u00e9sistant aux UV et aux intemp\u00e9ries, il est parfait pour les piscines, les jardins et les terrasses. Disponible en plusieurs couleurs.","breadcrumb":{"@id":"https:\/\/www.lavillagardendesign.com\/fr\/product\/spritz-bain-de-soleil\/#breadcrumb"},"inLanguage":"fr-FR","potentialAction":[{"@type":"ReadAction","target":["https:\/\/www.lavillagardendesign.com\/fr\/product\/spritz-bain-de-soleil\/"]}]},{"@type":"ImageObject","inLanguage":"fr-FR","@id":"https:\/\/www.lavillagardendesign.com\/fr\/product\/spritz-bain-de-soleil\/#primaryimage","url":"https:\/\/www.lavillagardendesign.com\/wp-content\/uploads\/2024\/01\/5-42.png","contentUrl":"https:\/\/www.lavillagardendesign.com\/wp-content\/uploads\/2024\/01\/5-42.png","width":700,"height":800},{"@type":"BreadcrumbList","@id":"https:\/\/www.lavillagardendesign.com\/fr\/product\/spritz-bain-de-soleil\/#breadcrumb","itemListElement":[{"@type":"ListItem","position":1,"name":"Home","item":"https:\/\/www.lavillagardendesign.com\/"},{"@type":"ListItem","position":2,"name":"Boutique","item":"https:\/\/www.lavillagardendesign.com\/fr\/boutique\/"},{"@type":"ListItem","position":3,"name":"SPRITZ &#8211; Bain de soleil empilable"}]},{"@type":"WebSite","@id":"https:\/\/www.lavillagardendesign.com\/#website","url":"https:\/\/www.lavillagardendesign.com\/","name":"La Villa Garden&Design","description":"","publisher":{"@id":"https:\/\/www.lavillagardendesign.com\/#organization"},"potentialAction":[{"@type":"SearchAction","target":{"@type":"EntryPoint","urlTemplate":"https:\/\/www.lavillagardendesign.com\/?s={search_term_string}"},"query-input":{"@type":"PropertyValueSpecification","valueRequired":true,"valueName":"search_term_string"}}],"inLanguage":"fr-FR"},{"@type":"Organization","@id":"https:\/\/www.lavillagardendesign.com\/#organization","name":"La Villa Garden&Design","url":"https:\/\/www.lavillagardendesign.com\/","logo":{"@type":"ImageObject","inLanguage":"fr-FR","@id":"https:\/\/www.lavillagardendesign.com\/#\/schema\/logo\/image\/","url":"https:\/\/www.lavillagardendesign.com\/wp-content\/uploads\/2024\/04\/logolavilla.png","contentUrl":"https:\/\/www.lavillagardendesign.com\/wp-content\/uploads\/2024\/04\/logolavilla.png","width":682,"height":391,"caption":"La Villa Garden&Design"},"image":{"@id":"https:\/\/www.lavillagardendesign.com\/#\/schema\/logo\/image\/"},"sameAs":["https:\/\/www.facebook.com\/lavillagardendesign\/"]}]}},"_links":{"self":[{"href":"https:\/\/www.lavillagardendesign.com\/fr\/wp-json\/wp\/v2\/product\/31312","targetHints":{"allow":["GET"]}}],"collection":[{"href":"https:\/\/www.lavillagardendesign.com\/fr\/wp-json\/wp\/v2\/product"}],"about":[{"href":"https:\/\/www.lavillagardendesign.com\/fr\/wp-json\/wp\/v2\/types\/product"}],"replies":[{"embeddable":true,"href":"https:\/\/www.lavillagardendesign.com\/fr\/wp-json\/wp\/v2\/comments?post=31312"}],"version-history":[{"count":2,"href":"https:\/\/www.lavillagardendesign.com\/fr\/wp-json\/wp\/v2\/product\/31312\/revisions"}],"predecessor-version":[{"id":52191,"href":"https:\/\/www.lavillagardendesign.com\/fr\/wp-json\/wp\/v2\/product\/31312\/revisions\/52191"}],"wp:featuredmedia":[{"embeddable":true,"href":"https:\/\/www.lavillagardendesign.com\/fr\/wp-json\/wp\/v2\/media\/31186"}],"wp:attachment":[{"href":"https:\/\/www.lavillagardendesign.com\/fr\/wp-json\/wp\/v2\/media?parent=31312"}],"wp:term":[{"taxonomy":"product_brand","embeddable":true,"href":"https:\/\/www.lavillagardendesign.com\/fr\/wp-json\/wp\/v2\/product_brand?post=31312"},{"taxonomy":"product_cat","embeddable":true,"href":"https:\/\/www.lavillagardendesign.com\/fr\/wp-json\/wp\/v2\/product_cat?post=31312"},{"taxonomy":"product_tag","embeddable":true,"href":"https:\/\/www.lavillagardendesign.com\/fr\/wp-json\/wp\/v2\/product_tag?post=31312"}],"curies":[{"name":"wp","href":"https:\/\/api.w.org\/{rel}","templated":true}]}}