{"id":30950,"date":"2024-01-29T20:01:31","date_gmt":"2024-01-29T19:01:31","guid":{"rendered":"https:\/\/www.lavillagardendesign.com\/product\/ibiza-fauteuil-relax\/"},"modified":"2026-03-10T03:36:10","modified_gmt":"2026-03-10T02:36:10","slug":"ibiza-fauteuil-relax","status":"publish","type":"product","link":"https:\/\/www.lavillagardendesign.com\/fr\/product\/ibiza-fauteuil-relax\/","title":{"rendered":"IBIZA \u2013 Fauteuil relax d&rsquo;ext\u00e9rieur"},"content":{"rendered":"","protected":false},"excerpt":{"rendered":"<p>Le fauteuil relax d&rsquo;ext\u00e9rieur IBIZA, con\u00e7u par Eugeni Quitllet pour VONDOM, est fabriqu\u00e9 en polypropyl\u00e8ne inject\u00e9 renforc\u00e9 de fibre de verre, offrant robustesse et l\u00e9g\u00e8ret\u00e9. Empilable et disponible en plusieurs coloris, il est id\u00e9al pour une utilisation int\u00e9rieure et ext\u00e9rieure. De plus, la finition \u00ab\u00a0Vondom Revolution\u00a0\u00bb signifie qu&rsquo;il est fabriqu\u00e9 \u00e0 partir de plastique 100% recycl\u00e9 provenant de la mer M\u00e9diterran\u00e9e.  <\/p>\n","protected":false},"featured_media":50548,"comment_status":"open","ping_status":"closed","template":"","meta":[],"product_brand":[5000],"product_cat":[6832,2935,2936,4575,4558],"product_tag":[],"class_list":{"0":"post-30950","1":"product","2":"type-product","3":"status-publish","4":"has-post-thumbnail","6":"product_brand-vondom","7":"product_cat-outdoor-fr","8":"product_cat-canapes-fauteuils","9":"product_cat-fauteuils","10":"product_cat-produits-vondom","11":"product_cat-fauteuils-vondom","12":"product_shipping_class-vondom-fr","14":"first","15":"instock","16":"taxable","17":"shipping-taxable","18":"purchasable","19":"product-type-variable","20":"has-default-attributes"},"yoast_head":"<!-- This site is optimized with the Yoast SEO plugin v27.1.1 - https:\/\/yoast.com\/product\/yoast-seo-wordpress\/ -->\n<title>Fauteuil relax d&#039;ext\u00e9rieur IBIZA par Eugeni Quitllet \u2013 VONDOM<\/title>\n<meta name=\"description\" content=\"D\u00e9couvrez le fauteuil relax d&#039;ext\u00e9rieur IBIZA de VONDOM, con\u00e7u par Eugeni Quitllet. Fabriqu\u00e9 en polypropyl\u00e8ne inject\u00e9 avec fibre de verre, empilable et adapt\u00e9 \u00e0 une utilisation int\u00e9rieure et ext\u00e9rieure. Disponible en plusieurs coloris.\" \/>\n<meta name=\"robots\" content=\"index, follow, max-snippet:-1, max-image-preview:large, max-video-preview:-1\" \/>\n<link rel=\"canonical\" href=\"https:\/\/www.lavillagardendesign.com\/fr\/product\/ibiza-fauteuil-relax\/\" \/>\n<meta property=\"og:locale\" content=\"fr_FR\" \/>\n<meta property=\"og:type\" content=\"article\" \/>\n<meta property=\"og:title\" content=\"Fauteuil relax d&#039;ext\u00e9rieur IBIZA par Eugeni Quitllet \u2013 VONDOM\" \/>\n<meta property=\"og:description\" content=\"D\u00e9couvrez le fauteuil relax d&#039;ext\u00e9rieur IBIZA de VONDOM, con\u00e7u par Eugeni Quitllet. Fabriqu\u00e9 en polypropyl\u00e8ne inject\u00e9 avec fibre de verre, empilable et adapt\u00e9 \u00e0 une utilisation int\u00e9rieure et ext\u00e9rieure. Disponible en plusieurs coloris.\" \/>\n<meta property=\"og:url\" content=\"https:\/\/www.lavillagardendesign.com\/fr\/product\/ibiza-fauteuil-relax\/\" \/>\n<meta property=\"og:site_name\" content=\"La Villa Garden&amp;Design\" \/>\n<meta property=\"article:publisher\" content=\"https:\/\/www.facebook.com\/lavillagardendesign\/\" \/>\n<meta property=\"article:modified_time\" content=\"2026-03-10T02:36:10+00:00\" \/>\n<meta property=\"og:image\" content=\"https:\/\/www.lavillagardendesign.com\/wp-content\/uploads\/2024\/01\/Vondom_65039_Ibiza-Sillon-1-Ecru_.jpg\" \/>\n\t<meta property=\"og:image:width\" content=\"800\" \/>\n\t<meta property=\"og:image:height\" content=\"800\" \/>\n\t<meta property=\"og:image:type\" content=\"image\/jpeg\" \/>\n<meta name=\"twitter:card\" content=\"summary_large_image\" \/>\n<script type=\"application\/ld+json\" class=\"yoast-schema-graph\">{\"@context\":\"https:\/\/schema.org\",\"@graph\":[{\"@type\":\"WebPage\",\"@id\":\"https:\/\/www.lavillagardendesign.com\/fr\/product\/ibiza-fauteuil-relax\/\",\"url\":\"https:\/\/www.lavillagardendesign.com\/fr\/product\/ibiza-fauteuil-relax\/\",\"name\":\"Fauteuil relax d'ext\u00e9rieur IBIZA par Eugeni Quitllet \u2013 VONDOM\",\"isPartOf\":{\"@id\":\"https:\/\/www.lavillagardendesign.com\/#website\"},\"primaryImageOfPage\":{\"@id\":\"https:\/\/www.lavillagardendesign.com\/fr\/product\/ibiza-fauteuil-relax\/#primaryimage\"},\"image\":{\"@id\":\"https:\/\/www.lavillagardendesign.com\/fr\/product\/ibiza-fauteuil-relax\/#primaryimage\"},\"thumbnailUrl\":\"https:\/\/www.lavillagardendesign.com\/wp-content\/uploads\/2024\/01\/Vondom_65039_Ibiza-Sillon-1-Ecru_.jpg\",\"datePublished\":\"2024-01-29T19:01:31+00:00\",\"dateModified\":\"2026-03-10T02:36:10+00:00\",\"description\":\"D\u00e9couvrez le fauteuil relax d'ext\u00e9rieur IBIZA de VONDOM, con\u00e7u par Eugeni Quitllet. Fabriqu\u00e9 en polypropyl\u00e8ne inject\u00e9 avec fibre de verre, empilable et adapt\u00e9 \u00e0 une utilisation int\u00e9rieure et ext\u00e9rieure. Disponible en plusieurs coloris.\",\"breadcrumb\":{\"@id\":\"https:\/\/www.lavillagardendesign.com\/fr\/product\/ibiza-fauteuil-relax\/#breadcrumb\"},\"inLanguage\":\"fr-FR\",\"potentialAction\":[{\"@type\":\"ReadAction\",\"target\":[\"https:\/\/www.lavillagardendesign.com\/fr\/product\/ibiza-fauteuil-relax\/\"]}]},{\"@type\":\"ImageObject\",\"inLanguage\":\"fr-FR\",\"@id\":\"https:\/\/www.lavillagardendesign.com\/fr\/product\/ibiza-fauteuil-relax\/#primaryimage\",\"url\":\"https:\/\/www.lavillagardendesign.com\/wp-content\/uploads\/2024\/01\/Vondom_65039_Ibiza-Sillon-1-Ecru_.jpg\",\"contentUrl\":\"https:\/\/www.lavillagardendesign.com\/wp-content\/uploads\/2024\/01\/Vondom_65039_Ibiza-Sillon-1-Ecru_.jpg\",\"width\":800,\"height\":800},{\"@type\":\"BreadcrumbList\",\"@id\":\"https:\/\/www.lavillagardendesign.com\/fr\/product\/ibiza-fauteuil-relax\/#breadcrumb\",\"itemListElement\":[{\"@type\":\"ListItem\",\"position\":1,\"name\":\"Home\",\"item\":\"https:\/\/www.lavillagardendesign.com\/\"},{\"@type\":\"ListItem\",\"position\":2,\"name\":\"Boutique\",\"item\":\"https:\/\/www.lavillagardendesign.com\/fr\/boutique\/\"},{\"@type\":\"ListItem\",\"position\":3,\"name\":\"IBIZA \u2013 Fauteuil relax d&rsquo;ext\u00e9rieur\"}]},{\"@type\":\"WebSite\",\"@id\":\"https:\/\/www.lavillagardendesign.com\/#website\",\"url\":\"https:\/\/www.lavillagardendesign.com\/\",\"name\":\"La Villa Garden&Design\",\"description\":\"\",\"publisher\":{\"@id\":\"https:\/\/www.lavillagardendesign.com\/#organization\"},\"potentialAction\":[{\"@type\":\"SearchAction\",\"target\":{\"@type\":\"EntryPoint\",\"urlTemplate\":\"https:\/\/www.lavillagardendesign.com\/?s={search_term_string}\"},\"query-input\":{\"@type\":\"PropertyValueSpecification\",\"valueRequired\":true,\"valueName\":\"search_term_string\"}}],\"inLanguage\":\"fr-FR\"},{\"@type\":\"Organization\",\"@id\":\"https:\/\/www.lavillagardendesign.com\/#organization\",\"name\":\"La Villa Garden&Design\",\"url\":\"https:\/\/www.lavillagardendesign.com\/\",\"logo\":{\"@type\":\"ImageObject\",\"inLanguage\":\"fr-FR\",\"@id\":\"https:\/\/www.lavillagardendesign.com\/#\/schema\/logo\/image\/\",\"url\":\"https:\/\/www.lavillagardendesign.com\/wp-content\/uploads\/2024\/04\/logolavilla.png\",\"contentUrl\":\"https:\/\/www.lavillagardendesign.com\/wp-content\/uploads\/2024\/04\/logolavilla.png\",\"width\":682,\"height\":391,\"caption\":\"La Villa Garden&Design\"},\"image\":{\"@id\":\"https:\/\/www.lavillagardendesign.com\/#\/schema\/logo\/image\/\"},\"sameAs\":[\"https:\/\/www.facebook.com\/lavillagardendesign\/\"]}]}<\/script>\n<!-- \/ Yoast SEO plugin. -->","yoast_head_json":{"title":"Fauteuil relax d'ext\u00e9rieur IBIZA par Eugeni Quitllet \u2013 VONDOM","description":"D\u00e9couvrez le fauteuil relax d'ext\u00e9rieur IBIZA de VONDOM, con\u00e7u par Eugeni Quitllet. Fabriqu\u00e9 en polypropyl\u00e8ne inject\u00e9 avec fibre de verre, empilable et adapt\u00e9 \u00e0 une utilisation int\u00e9rieure et ext\u00e9rieure. Disponible en plusieurs coloris.","robots":{"index":"index","follow":"follow","max-snippet":"max-snippet:-1","max-image-preview":"max-image-preview:large","max-video-preview":"max-video-preview:-1"},"canonical":"https:\/\/www.lavillagardendesign.com\/fr\/product\/ibiza-fauteuil-relax\/","og_locale":"fr_FR","og_type":"article","og_title":"Fauteuil relax d'ext\u00e9rieur IBIZA par Eugeni Quitllet \u2013 VONDOM","og_description":"D\u00e9couvrez le fauteuil relax d'ext\u00e9rieur IBIZA de VONDOM, con\u00e7u par Eugeni Quitllet. Fabriqu\u00e9 en polypropyl\u00e8ne inject\u00e9 avec fibre de verre, empilable et adapt\u00e9 \u00e0 une utilisation int\u00e9rieure et ext\u00e9rieure. Disponible en plusieurs coloris.","og_url":"https:\/\/www.lavillagardendesign.com\/fr\/product\/ibiza-fauteuil-relax\/","og_site_name":"La Villa Garden&amp;Design","article_publisher":"https:\/\/www.facebook.com\/lavillagardendesign\/","article_modified_time":"2026-03-10T02:36:10+00:00","og_image":[{"width":800,"height":800,"url":"https:\/\/www.lavillagardendesign.com\/wp-content\/uploads\/2024\/01\/Vondom_65039_Ibiza-Sillon-1-Ecru_.jpg","type":"image\/jpeg"}],"twitter_card":"summary_large_image","schema":{"@context":"https:\/\/schema.org","@graph":[{"@type":"WebPage","@id":"https:\/\/www.lavillagardendesign.com\/fr\/product\/ibiza-fauteuil-relax\/","url":"https:\/\/www.lavillagardendesign.com\/fr\/product\/ibiza-fauteuil-relax\/","name":"Fauteuil relax d'ext\u00e9rieur IBIZA par Eugeni Quitllet \u2013 VONDOM","isPartOf":{"@id":"https:\/\/www.lavillagardendesign.com\/#website"},"primaryImageOfPage":{"@id":"https:\/\/www.lavillagardendesign.com\/fr\/product\/ibiza-fauteuil-relax\/#primaryimage"},"image":{"@id":"https:\/\/www.lavillagardendesign.com\/fr\/product\/ibiza-fauteuil-relax\/#primaryimage"},"thumbnailUrl":"https:\/\/www.lavillagardendesign.com\/wp-content\/uploads\/2024\/01\/Vondom_65039_Ibiza-Sillon-1-Ecru_.jpg","datePublished":"2024-01-29T19:01:31+00:00","dateModified":"2026-03-10T02:36:10+00:00","description":"D\u00e9couvrez le fauteuil relax d'ext\u00e9rieur IBIZA de VONDOM, con\u00e7u par Eugeni Quitllet. Fabriqu\u00e9 en polypropyl\u00e8ne inject\u00e9 avec fibre de verre, empilable et adapt\u00e9 \u00e0 une utilisation int\u00e9rieure et ext\u00e9rieure. Disponible en plusieurs coloris.","breadcrumb":{"@id":"https:\/\/www.lavillagardendesign.com\/fr\/product\/ibiza-fauteuil-relax\/#breadcrumb"},"inLanguage":"fr-FR","potentialAction":[{"@type":"ReadAction","target":["https:\/\/www.lavillagardendesign.com\/fr\/product\/ibiza-fauteuil-relax\/"]}]},{"@type":"ImageObject","inLanguage":"fr-FR","@id":"https:\/\/www.lavillagardendesign.com\/fr\/product\/ibiza-fauteuil-relax\/#primaryimage","url":"https:\/\/www.lavillagardendesign.com\/wp-content\/uploads\/2024\/01\/Vondom_65039_Ibiza-Sillon-1-Ecru_.jpg","contentUrl":"https:\/\/www.lavillagardendesign.com\/wp-content\/uploads\/2024\/01\/Vondom_65039_Ibiza-Sillon-1-Ecru_.jpg","width":800,"height":800},{"@type":"BreadcrumbList","@id":"https:\/\/www.lavillagardendesign.com\/fr\/product\/ibiza-fauteuil-relax\/#breadcrumb","itemListElement":[{"@type":"ListItem","position":1,"name":"Home","item":"https:\/\/www.lavillagardendesign.com\/"},{"@type":"ListItem","position":2,"name":"Boutique","item":"https:\/\/www.lavillagardendesign.com\/fr\/boutique\/"},{"@type":"ListItem","position":3,"name":"IBIZA \u2013 Fauteuil relax d&rsquo;ext\u00e9rieur"}]},{"@type":"WebSite","@id":"https:\/\/www.lavillagardendesign.com\/#website","url":"https:\/\/www.lavillagardendesign.com\/","name":"La Villa Garden&Design","description":"","publisher":{"@id":"https:\/\/www.lavillagardendesign.com\/#organization"},"potentialAction":[{"@type":"SearchAction","target":{"@type":"EntryPoint","urlTemplate":"https:\/\/www.lavillagardendesign.com\/?s={search_term_string}"},"query-input":{"@type":"PropertyValueSpecification","valueRequired":true,"valueName":"search_term_string"}}],"inLanguage":"fr-FR"},{"@type":"Organization","@id":"https:\/\/www.lavillagardendesign.com\/#organization","name":"La Villa Garden&Design","url":"https:\/\/www.lavillagardendesign.com\/","logo":{"@type":"ImageObject","inLanguage":"fr-FR","@id":"https:\/\/www.lavillagardendesign.com\/#\/schema\/logo\/image\/","url":"https:\/\/www.lavillagardendesign.com\/wp-content\/uploads\/2024\/04\/logolavilla.png","contentUrl":"https:\/\/www.lavillagardendesign.com\/wp-content\/uploads\/2024\/04\/logolavilla.png","width":682,"height":391,"caption":"La Villa Garden&Design"},"image":{"@id":"https:\/\/www.lavillagardendesign.com\/#\/schema\/logo\/image\/"},"sameAs":["https:\/\/www.facebook.com\/lavillagardendesign\/"]}]}},"_links":{"self":[{"href":"https:\/\/www.lavillagardendesign.com\/fr\/wp-json\/wp\/v2\/product\/30950","targetHints":{"allow":["GET"]}}],"collection":[{"href":"https:\/\/www.lavillagardendesign.com\/fr\/wp-json\/wp\/v2\/product"}],"about":[{"href":"https:\/\/www.lavillagardendesign.com\/fr\/wp-json\/wp\/v2\/types\/product"}],"replies":[{"embeddable":true,"href":"https:\/\/www.lavillagardendesign.com\/fr\/wp-json\/wp\/v2\/comments?post=30950"}],"version-history":[{"count":2,"href":"https:\/\/www.lavillagardendesign.com\/fr\/wp-json\/wp\/v2\/product\/30950\/revisions"}],"predecessor-version":[{"id":50578,"href":"https:\/\/www.lavillagardendesign.com\/fr\/wp-json\/wp\/v2\/product\/30950\/revisions\/50578"}],"wp:featuredmedia":[{"embeddable":true,"href":"https:\/\/www.lavillagardendesign.com\/fr\/wp-json\/wp\/v2\/media\/50548"}],"wp:attachment":[{"href":"https:\/\/www.lavillagardendesign.com\/fr\/wp-json\/wp\/v2\/media?parent=30950"}],"wp:term":[{"taxonomy":"product_brand","embeddable":true,"href":"https:\/\/www.lavillagardendesign.com\/fr\/wp-json\/wp\/v2\/product_brand?post=30950"},{"taxonomy":"product_cat","embeddable":true,"href":"https:\/\/www.lavillagardendesign.com\/fr\/wp-json\/wp\/v2\/product_cat?post=30950"},{"taxonomy":"product_tag","embeddable":true,"href":"https:\/\/www.lavillagardendesign.com\/fr\/wp-json\/wp\/v2\/product_tag?post=30950"}],"curies":[{"name":"wp","href":"https:\/\/api.w.org\/{rel}","templated":true}]}}