{"id":29145,"date":"2024-01-29T19:58:33","date_gmt":"2024-01-29T18:58:33","guid":{"rendered":"https:\/\/www.lavillagardendesign.com\/product\/jade-bain-de-soleil\/"},"modified":"2026-04-23T07:35:48","modified_gmt":"2026-04-23T06:35:48","slug":"jade-bain-de-soleil","status":"publish","type":"product","link":"https:\/\/www.lavillagardendesign.com\/fr\/product\/jade-bain-de-soleil\/","title":{"rendered":"JADE &#8211; Lit de soleil double (Lit de jour 144 cm)"},"content":{"rendered":"","protected":false},"excerpt":{"rendered":"<p>Partagez le luxe et la d\u00e9tente avec le bain de soleil double de la collection <span class=\"il\">Jade<\/span>. Ce spectaculaire bain de soleil de 144 cm de large offre un espace g\u00e9n\u00e9reux pour deux personnes, transformant votre espace piscine en un lieu de vill\u00e9giature 5 \u00e9toiles priv\u00e9. Comme la version simple, il est dot\u00e9 de dossiers inclinables en <b>4 positions<\/b>, permettant de les rabattre <b>compl\u00e8tement \u00e0 plat<\/b> pour un bronzage parfait ou une sieste reposante. Sa structure minimaliste en aluminium et ses matelas \u00e0 haute densit\u00e9 garantissent la durabilit\u00e9 et le confort supr\u00eame.   <\/p>\n","protected":false},"featured_media":63029,"comment_status":"open","ping_status":"closed","template":"","meta":[],"product_brand":[4998],"product_cat":[2938,5986,6832,2940],"product_tag":[],"class_list":{"0":"post-29145","1":"product","2":"type-product","3":"status-publish","4":"has-post-thumbnail","6":"product_brand-la-villa","7":"product_cat-bains-de-soleil","8":"product_cat-nouvelle-collection","9":"product_cat-outdoor-fr","10":"product_cat-transats","12":"first","13":"instock","14":"taxable","15":"shipping-taxable","16":"purchasable","17":"product-type-variable"},"yoast_head":"<!-- This site is optimized with the Yoast SEO plugin v27.4 - https:\/\/yoast.com\/product\/yoast-seo-wordpress\/ -->\n<title>Lit double Jade | Lit d&#039;ext\u00e9rieur 2 places | La Villa Garden &amp; Design<\/title>\n<meta name=\"description\" content=\"Transat double de luxe de la collection Jade. Largeur de 144 cm pour 2 personnes. Inclinable en 4 positions et enti\u00e8rement plat. Aluminium et tissu technique de qualit\u00e9 sup\u00e9rieure.\" \/>\n<meta name=\"robots\" content=\"index, follow, max-snippet:-1, max-image-preview:large, max-video-preview:-1\" \/>\n<link rel=\"canonical\" href=\"https:\/\/www.lavillagardendesign.com\/fr\/product\/jade-bain-de-soleil\/\" \/>\n<meta property=\"og:locale\" content=\"fr_FR\" \/>\n<meta property=\"og:type\" content=\"article\" \/>\n<meta property=\"og:title\" content=\"Lit double Jade | Lit d&#039;ext\u00e9rieur 2 places | La Villa Garden &amp; Design\" \/>\n<meta property=\"og:description\" content=\"Transat double de luxe de la collection Jade. Largeur de 144 cm pour 2 personnes. Inclinable en 4 positions et enti\u00e8rement plat. Aluminium et tissu technique de qualit\u00e9 sup\u00e9rieure.\" \/>\n<meta property=\"og:url\" content=\"https:\/\/www.lavillagardendesign.com\/fr\/product\/jade-bain-de-soleil\/\" \/>\n<meta property=\"og:site_name\" content=\"La Villa Garden&amp;Design\" \/>\n<meta property=\"article:publisher\" content=\"https:\/\/www.facebook.com\/lavillagardendesign\/\" \/>\n<meta property=\"article:modified_time\" content=\"2026-04-23T06:35:48+00:00\" \/>\n<meta property=\"og:image\" content=\"https:\/\/www.lavillagardendesign.com\/wp-content\/uploads\/2024\/01\/Captura-de-pantalla-2026-01-05-a-las-11.12.00.jpg\" \/>\n\t<meta property=\"og:image:width\" content=\"1062\" \/>\n\t<meta property=\"og:image:height\" content=\"924\" \/>\n\t<meta property=\"og:image:type\" content=\"image\/jpeg\" \/>\n<meta name=\"twitter:card\" content=\"summary_large_image\" \/>\n<script type=\"application\/ld+json\" class=\"yoast-schema-graph\">{\"@context\":\"https:\\\/\\\/schema.org\",\"@graph\":[{\"@type\":\"WebPage\",\"@id\":\"https:\\\/\\\/www.lavillagardendesign.com\\\/fr\\\/product\\\/jade-bain-de-soleil\\\/\",\"url\":\"https:\\\/\\\/www.lavillagardendesign.com\\\/fr\\\/product\\\/jade-bain-de-soleil\\\/\",\"name\":\"Lit double Jade | Lit d'ext\u00e9rieur 2 places | La Villa Garden & Design\",\"isPartOf\":{\"@id\":\"https:\\\/\\\/www.lavillagardendesign.com\\\/#website\"},\"primaryImageOfPage\":{\"@id\":\"https:\\\/\\\/www.lavillagardendesign.com\\\/fr\\\/product\\\/jade-bain-de-soleil\\\/#primaryimage\"},\"image\":{\"@id\":\"https:\\\/\\\/www.lavillagardendesign.com\\\/fr\\\/product\\\/jade-bain-de-soleil\\\/#primaryimage\"},\"thumbnailUrl\":\"https:\\\/\\\/www.lavillagardendesign.com\\\/wp-content\\\/uploads\\\/2024\\\/01\\\/Captura-de-pantalla-2026-01-05-a-las-11.12.00.jpg\",\"datePublished\":\"2024-01-29T18:58:33+00:00\",\"dateModified\":\"2026-04-23T06:35:48+00:00\",\"description\":\"Transat double de luxe de la collection Jade. Largeur de 144 cm pour 2 personnes. Inclinable en 4 positions et enti\u00e8rement plat. Aluminium et tissu technique de qualit\u00e9 sup\u00e9rieure.\",\"breadcrumb\":{\"@id\":\"https:\\\/\\\/www.lavillagardendesign.com\\\/fr\\\/product\\\/jade-bain-de-soleil\\\/#breadcrumb\"},\"inLanguage\":\"fr-FR\",\"potentialAction\":[{\"@type\":\"ReadAction\",\"target\":[\"https:\\\/\\\/www.lavillagardendesign.com\\\/fr\\\/product\\\/jade-bain-de-soleil\\\/\"]}]},{\"@type\":\"ImageObject\",\"inLanguage\":\"fr-FR\",\"@id\":\"https:\\\/\\\/www.lavillagardendesign.com\\\/fr\\\/product\\\/jade-bain-de-soleil\\\/#primaryimage\",\"url\":\"https:\\\/\\\/www.lavillagardendesign.com\\\/wp-content\\\/uploads\\\/2024\\\/01\\\/Captura-de-pantalla-2026-01-05-a-las-11.12.00.jpg\",\"contentUrl\":\"https:\\\/\\\/www.lavillagardendesign.com\\\/wp-content\\\/uploads\\\/2024\\\/01\\\/Captura-de-pantalla-2026-01-05-a-las-11.12.00.jpg\",\"width\":1062,\"height\":924},{\"@type\":\"BreadcrumbList\",\"@id\":\"https:\\\/\\\/www.lavillagardendesign.com\\\/fr\\\/product\\\/jade-bain-de-soleil\\\/#breadcrumb\",\"itemListElement\":[{\"@type\":\"ListItem\",\"position\":1,\"name\":\"Home\",\"item\":\"https:\\\/\\\/www.lavillagardendesign.com\\\/\"},{\"@type\":\"ListItem\",\"position\":2,\"name\":\"Boutique\",\"item\":\"https:\\\/\\\/www.lavillagardendesign.com\\\/fr\\\/boutique\\\/\"},{\"@type\":\"ListItem\",\"position\":3,\"name\":\"JADE &#8211; Lit de soleil double (Lit de jour 144 cm)\"}]},{\"@type\":\"WebSite\",\"@id\":\"https:\\\/\\\/www.lavillagardendesign.com\\\/#website\",\"url\":\"https:\\\/\\\/www.lavillagardendesign.com\\\/\",\"name\":\"La Villa Garden&Design\",\"description\":\"\",\"publisher\":{\"@id\":\"https:\\\/\\\/www.lavillagardendesign.com\\\/#organization\"},\"potentialAction\":[{\"@type\":\"SearchAction\",\"target\":{\"@type\":\"EntryPoint\",\"urlTemplate\":\"https:\\\/\\\/www.lavillagardendesign.com\\\/?s={search_term_string}\"},\"query-input\":{\"@type\":\"PropertyValueSpecification\",\"valueRequired\":true,\"valueName\":\"search_term_string\"}}],\"inLanguage\":\"fr-FR\"},{\"@type\":\"Organization\",\"@id\":\"https:\\\/\\\/www.lavillagardendesign.com\\\/#organization\",\"name\":\"La Villa Garden&Design\",\"url\":\"https:\\\/\\\/www.lavillagardendesign.com\\\/\",\"logo\":{\"@type\":\"ImageObject\",\"inLanguage\":\"fr-FR\",\"@id\":\"https:\\\/\\\/www.lavillagardendesign.com\\\/#\\\/schema\\\/logo\\\/image\\\/\",\"url\":\"https:\\\/\\\/www.lavillagardendesign.com\\\/wp-content\\\/uploads\\\/2024\\\/04\\\/logolavilla.png\",\"contentUrl\":\"https:\\\/\\\/www.lavillagardendesign.com\\\/wp-content\\\/uploads\\\/2024\\\/04\\\/logolavilla.png\",\"width\":682,\"height\":391,\"caption\":\"La Villa Garden&Design\"},\"image\":{\"@id\":\"https:\\\/\\\/www.lavillagardendesign.com\\\/#\\\/schema\\\/logo\\\/image\\\/\"},\"sameAs\":[\"https:\\\/\\\/www.facebook.com\\\/lavillagardendesign\\\/\"]}]}<\/script>\n<!-- \/ Yoast SEO plugin. -->","yoast_head_json":{"title":"Lit double Jade | Lit d'ext\u00e9rieur 2 places | La Villa Garden & Design","description":"Transat double de luxe de la collection Jade. Largeur de 144 cm pour 2 personnes. Inclinable en 4 positions et enti\u00e8rement plat. Aluminium et tissu technique de qualit\u00e9 sup\u00e9rieure.","robots":{"index":"index","follow":"follow","max-snippet":"max-snippet:-1","max-image-preview":"max-image-preview:large","max-video-preview":"max-video-preview:-1"},"canonical":"https:\/\/www.lavillagardendesign.com\/fr\/product\/jade-bain-de-soleil\/","og_locale":"fr_FR","og_type":"article","og_title":"Lit double Jade | Lit d'ext\u00e9rieur 2 places | La Villa Garden & Design","og_description":"Transat double de luxe de la collection Jade. Largeur de 144 cm pour 2 personnes. Inclinable en 4 positions et enti\u00e8rement plat. Aluminium et tissu technique de qualit\u00e9 sup\u00e9rieure.","og_url":"https:\/\/www.lavillagardendesign.com\/fr\/product\/jade-bain-de-soleil\/","og_site_name":"La Villa Garden&amp;Design","article_publisher":"https:\/\/www.facebook.com\/lavillagardendesign\/","article_modified_time":"2026-04-23T06:35:48+00:00","og_image":[{"width":1062,"height":924,"url":"https:\/\/www.lavillagardendesign.com\/wp-content\/uploads\/2024\/01\/Captura-de-pantalla-2026-01-05-a-las-11.12.00.jpg","type":"image\/jpeg"}],"twitter_card":"summary_large_image","schema":{"@context":"https:\/\/schema.org","@graph":[{"@type":"WebPage","@id":"https:\/\/www.lavillagardendesign.com\/fr\/product\/jade-bain-de-soleil\/","url":"https:\/\/www.lavillagardendesign.com\/fr\/product\/jade-bain-de-soleil\/","name":"Lit double Jade | Lit d'ext\u00e9rieur 2 places | La Villa Garden & Design","isPartOf":{"@id":"https:\/\/www.lavillagardendesign.com\/#website"},"primaryImageOfPage":{"@id":"https:\/\/www.lavillagardendesign.com\/fr\/product\/jade-bain-de-soleil\/#primaryimage"},"image":{"@id":"https:\/\/www.lavillagardendesign.com\/fr\/product\/jade-bain-de-soleil\/#primaryimage"},"thumbnailUrl":"https:\/\/www.lavillagardendesign.com\/wp-content\/uploads\/2024\/01\/Captura-de-pantalla-2026-01-05-a-las-11.12.00.jpg","datePublished":"2024-01-29T18:58:33+00:00","dateModified":"2026-04-23T06:35:48+00:00","description":"Transat double de luxe de la collection Jade. Largeur de 144 cm pour 2 personnes. Inclinable en 4 positions et enti\u00e8rement plat. Aluminium et tissu technique de qualit\u00e9 sup\u00e9rieure.","breadcrumb":{"@id":"https:\/\/www.lavillagardendesign.com\/fr\/product\/jade-bain-de-soleil\/#breadcrumb"},"inLanguage":"fr-FR","potentialAction":[{"@type":"ReadAction","target":["https:\/\/www.lavillagardendesign.com\/fr\/product\/jade-bain-de-soleil\/"]}]},{"@type":"ImageObject","inLanguage":"fr-FR","@id":"https:\/\/www.lavillagardendesign.com\/fr\/product\/jade-bain-de-soleil\/#primaryimage","url":"https:\/\/www.lavillagardendesign.com\/wp-content\/uploads\/2024\/01\/Captura-de-pantalla-2026-01-05-a-las-11.12.00.jpg","contentUrl":"https:\/\/www.lavillagardendesign.com\/wp-content\/uploads\/2024\/01\/Captura-de-pantalla-2026-01-05-a-las-11.12.00.jpg","width":1062,"height":924},{"@type":"BreadcrumbList","@id":"https:\/\/www.lavillagardendesign.com\/fr\/product\/jade-bain-de-soleil\/#breadcrumb","itemListElement":[{"@type":"ListItem","position":1,"name":"Home","item":"https:\/\/www.lavillagardendesign.com\/"},{"@type":"ListItem","position":2,"name":"Boutique","item":"https:\/\/www.lavillagardendesign.com\/fr\/boutique\/"},{"@type":"ListItem","position":3,"name":"JADE &#8211; Lit de soleil double (Lit de jour 144 cm)"}]},{"@type":"WebSite","@id":"https:\/\/www.lavillagardendesign.com\/#website","url":"https:\/\/www.lavillagardendesign.com\/","name":"La Villa Garden&Design","description":"","publisher":{"@id":"https:\/\/www.lavillagardendesign.com\/#organization"},"potentialAction":[{"@type":"SearchAction","target":{"@type":"EntryPoint","urlTemplate":"https:\/\/www.lavillagardendesign.com\/?s={search_term_string}"},"query-input":{"@type":"PropertyValueSpecification","valueRequired":true,"valueName":"search_term_string"}}],"inLanguage":"fr-FR"},{"@type":"Organization","@id":"https:\/\/www.lavillagardendesign.com\/#organization","name":"La Villa Garden&Design","url":"https:\/\/www.lavillagardendesign.com\/","logo":{"@type":"ImageObject","inLanguage":"fr-FR","@id":"https:\/\/www.lavillagardendesign.com\/#\/schema\/logo\/image\/","url":"https:\/\/www.lavillagardendesign.com\/wp-content\/uploads\/2024\/04\/logolavilla.png","contentUrl":"https:\/\/www.lavillagardendesign.com\/wp-content\/uploads\/2024\/04\/logolavilla.png","width":682,"height":391,"caption":"La Villa Garden&Design"},"image":{"@id":"https:\/\/www.lavillagardendesign.com\/#\/schema\/logo\/image\/"},"sameAs":["https:\/\/www.facebook.com\/lavillagardendesign\/"]}]}},"_links":{"self":[{"href":"https:\/\/www.lavillagardendesign.com\/fr\/wp-json\/wp\/v2\/product\/29145","targetHints":{"allow":["GET"]}}],"collection":[{"href":"https:\/\/www.lavillagardendesign.com\/fr\/wp-json\/wp\/v2\/product"}],"about":[{"href":"https:\/\/www.lavillagardendesign.com\/fr\/wp-json\/wp\/v2\/types\/product"}],"replies":[{"embeddable":true,"href":"https:\/\/www.lavillagardendesign.com\/fr\/wp-json\/wp\/v2\/comments?post=29145"}],"version-history":[{"count":4,"href":"https:\/\/www.lavillagardendesign.com\/fr\/wp-json\/wp\/v2\/product\/29145\/revisions"}],"predecessor-version":[{"id":67305,"href":"https:\/\/www.lavillagardendesign.com\/fr\/wp-json\/wp\/v2\/product\/29145\/revisions\/67305"}],"wp:featuredmedia":[{"embeddable":true,"href":"https:\/\/www.lavillagardendesign.com\/fr\/wp-json\/wp\/v2\/media\/63029"}],"wp:attachment":[{"href":"https:\/\/www.lavillagardendesign.com\/fr\/wp-json\/wp\/v2\/media?parent=29145"}],"wp:term":[{"taxonomy":"product_brand","embeddable":true,"href":"https:\/\/www.lavillagardendesign.com\/fr\/wp-json\/wp\/v2\/product_brand?post=29145"},{"taxonomy":"product_cat","embeddable":true,"href":"https:\/\/www.lavillagardendesign.com\/fr\/wp-json\/wp\/v2\/product_cat?post=29145"},{"taxonomy":"product_tag","embeddable":true,"href":"https:\/\/www.lavillagardendesign.com\/fr\/wp-json\/wp\/v2\/product_tag?post=29145"}],"curies":[{"name":"wp","href":"https:\/\/api.w.org\/{rel}","templated":true}]}}