{"id":28711,"date":"2024-01-29T19:58:06","date_gmt":"2024-01-29T18:58:06","guid":{"rendered":"https:\/\/www.lavillagardendesign.com\/product\/apollo-table-dappoint-s\/"},"modified":"2026-03-10T10:34:56","modified_gmt":"2026-03-10T09:34:56","slug":"apollo-table-dappoint-s","status":"publish","type":"product","link":"https:\/\/www.lavillagardendesign.com\/fr\/product\/apollo-table-dappoint-s\/","title":{"rendered":"APOLLO &#8211; Table d&rsquo;appoint ronde \u00f844cm"},"content":{"rendered":"","protected":false},"excerpt":{"rendered":"<p>Am\u00e9liorez la fonctionnalit\u00e9 et l&rsquo;esth\u00e9tique de votre terrasse avec la table d&rsquo;appoint Apollo. Con\u00e7ue selon des normes minimalistes contemporaines, cette pi\u00e8ce est le compl\u00e9ment indispensable de vos chaises longues ou canap\u00e9s d&rsquo;ext\u00e9rieur. Enti\u00e8rement fabriqu\u00e9e en aluminium de haute qualit\u00e9, elle offre une r\u00e9sistance exceptionnelle \u00e0 la salinit\u00e9 et \u00e0 l&rsquo;humidit\u00e9, caract\u00e9ristiques essentielles pour les r\u00e9sidences de la Costa Brava et les villas de luxe d&rsquo;Ibiza. Sa structure \u00e0 la fois l\u00e9g\u00e8re et robuste permet de reconfigurer sans effort votre espace ext\u00e9rieur, r\u00e9pondant ainsi aux besoins de polyvalence de nos clients les plus exigeants. Disponible dans une palette de couleurs neutres et sophistiqu\u00e9es, il s&rsquo;int\u00e8gre harmonieusement dans tout projet de design m\u00e9diterran\u00e9en.    <\/p>\n","protected":false},"featured_media":28696,"comment_status":"open","ping_status":"closed","template":"","meta":[],"product_brand":[5001],"product_cat":[6832,5658,2944,2948],"product_tag":[],"class_list":{"0":"post-28711","1":"product","2":"type-product","3":"status-publish","4":"has-post-thumbnail","6":"product_brand-la-villa-garden","7":"product_cat-outdoor-fr","8":"product_cat-promos-web","9":"product_cat-tables-fr","10":"product_cat-tables-auxiliaires","12":"first","13":"onbackorder","14":"sale","15":"taxable","16":"shipping-taxable","17":"purchasable","18":"product-type-variable","19":"has-default-attributes"},"yoast_head":"<!-- This site is optimized with the Yoast SEO plugin v27.4 - https:\/\/yoast.com\/product\/yoast-seo-wordpress\/ -->\n<title>APOLLO Table d&#039;appoint ronde en aluminium \u00f844cm | La Villa Garden &amp; Design<\/title>\n<meta name=\"description\" content=\"Magasinez la table d&#039;appoint ronde Apollo \u00f844cm. Aluminium de premi\u00e8re qualit\u00e9 r\u00e9sistant aux intemp\u00e9ries. Design minimaliste parfait pour les jardins et terrasses de luxe. Livraison possible.\" \/>\n<meta name=\"robots\" content=\"index, follow, max-snippet:-1, max-image-preview:large, max-video-preview:-1\" \/>\n<link rel=\"canonical\" href=\"https:\/\/www.lavillagardendesign.com\/fr\/product\/apollo-table-dappoint-s\/\" \/>\n<meta property=\"og:locale\" content=\"fr_FR\" \/>\n<meta property=\"og:type\" content=\"article\" \/>\n<meta property=\"og:title\" content=\"APOLLO Table d&#039;appoint ronde en aluminium \u00f844cm | La Villa Garden &amp; Design\" \/>\n<meta property=\"og:description\" content=\"Magasinez la table d&#039;appoint ronde Apollo \u00f844cm. Aluminium de premi\u00e8re qualit\u00e9 r\u00e9sistant aux intemp\u00e9ries. Design minimaliste parfait pour les jardins et terrasses de luxe. Livraison possible.\" \/>\n<meta property=\"og:url\" content=\"https:\/\/www.lavillagardendesign.com\/fr\/product\/apollo-table-dappoint-s\/\" \/>\n<meta property=\"og:site_name\" content=\"La Villa Garden&amp;Design\" \/>\n<meta property=\"article:publisher\" content=\"https:\/\/www.facebook.com\/lavillagardendesign\/\" \/>\n<meta property=\"article:modified_time\" content=\"2026-03-10T09:34:56+00:00\" \/>\n<meta property=\"og:image\" content=\"https:\/\/www.lavillagardendesign.com\/wp-content\/uploads\/2024\/01\/4-15.png\" \/>\n\t<meta property=\"og:image:width\" content=\"700\" \/>\n\t<meta property=\"og:image:height\" content=\"800\" \/>\n\t<meta property=\"og:image:type\" content=\"image\/png\" \/>\n<meta name=\"twitter:card\" content=\"summary_large_image\" \/>\n<script type=\"application\/ld+json\" class=\"yoast-schema-graph\">{\"@context\":\"https:\\\/\\\/schema.org\",\"@graph\":[{\"@type\":\"WebPage\",\"@id\":\"https:\\\/\\\/www.lavillagardendesign.com\\\/fr\\\/product\\\/apollo-table-dappoint-s\\\/\",\"url\":\"https:\\\/\\\/www.lavillagardendesign.com\\\/fr\\\/product\\\/apollo-table-dappoint-s\\\/\",\"name\":\"APOLLO Table d'appoint ronde en aluminium \u00f844cm | La Villa Garden & Design\",\"isPartOf\":{\"@id\":\"https:\\\/\\\/www.lavillagardendesign.com\\\/#website\"},\"primaryImageOfPage\":{\"@id\":\"https:\\\/\\\/www.lavillagardendesign.com\\\/fr\\\/product\\\/apollo-table-dappoint-s\\\/#primaryimage\"},\"image\":{\"@id\":\"https:\\\/\\\/www.lavillagardendesign.com\\\/fr\\\/product\\\/apollo-table-dappoint-s\\\/#primaryimage\"},\"thumbnailUrl\":\"https:\\\/\\\/www.lavillagardendesign.com\\\/wp-content\\\/uploads\\\/2024\\\/01\\\/4-15.png\",\"datePublished\":\"2024-01-29T18:58:06+00:00\",\"dateModified\":\"2026-03-10T09:34:56+00:00\",\"description\":\"Magasinez la table d'appoint ronde Apollo \u00f844cm. Aluminium de premi\u00e8re qualit\u00e9 r\u00e9sistant aux intemp\u00e9ries. Design minimaliste parfait pour les jardins et terrasses de luxe. Livraison possible.\",\"breadcrumb\":{\"@id\":\"https:\\\/\\\/www.lavillagardendesign.com\\\/fr\\\/product\\\/apollo-table-dappoint-s\\\/#breadcrumb\"},\"inLanguage\":\"fr-FR\",\"potentialAction\":[{\"@type\":\"ReadAction\",\"target\":[\"https:\\\/\\\/www.lavillagardendesign.com\\\/fr\\\/product\\\/apollo-table-dappoint-s\\\/\"]}]},{\"@type\":\"ImageObject\",\"inLanguage\":\"fr-FR\",\"@id\":\"https:\\\/\\\/www.lavillagardendesign.com\\\/fr\\\/product\\\/apollo-table-dappoint-s\\\/#primaryimage\",\"url\":\"https:\\\/\\\/www.lavillagardendesign.com\\\/wp-content\\\/uploads\\\/2024\\\/01\\\/4-15.png\",\"contentUrl\":\"https:\\\/\\\/www.lavillagardendesign.com\\\/wp-content\\\/uploads\\\/2024\\\/01\\\/4-15.png\",\"width\":700,\"height\":800},{\"@type\":\"BreadcrumbList\",\"@id\":\"https:\\\/\\\/www.lavillagardendesign.com\\\/fr\\\/product\\\/apollo-table-dappoint-s\\\/#breadcrumb\",\"itemListElement\":[{\"@type\":\"ListItem\",\"position\":1,\"name\":\"Home\",\"item\":\"https:\\\/\\\/www.lavillagardendesign.com\\\/\"},{\"@type\":\"ListItem\",\"position\":2,\"name\":\"Boutique\",\"item\":\"https:\\\/\\\/www.lavillagardendesign.com\\\/fr\\\/boutique\\\/\"},{\"@type\":\"ListItem\",\"position\":3,\"name\":\"APOLLO &#8211; Table d&#8217;appoint ronde \u00f844cm\"}]},{\"@type\":\"WebSite\",\"@id\":\"https:\\\/\\\/www.lavillagardendesign.com\\\/#website\",\"url\":\"https:\\\/\\\/www.lavillagardendesign.com\\\/\",\"name\":\"La Villa Garden&Design\",\"description\":\"\",\"publisher\":{\"@id\":\"https:\\\/\\\/www.lavillagardendesign.com\\\/#organization\"},\"potentialAction\":[{\"@type\":\"SearchAction\",\"target\":{\"@type\":\"EntryPoint\",\"urlTemplate\":\"https:\\\/\\\/www.lavillagardendesign.com\\\/?s={search_term_string}\"},\"query-input\":{\"@type\":\"PropertyValueSpecification\",\"valueRequired\":true,\"valueName\":\"search_term_string\"}}],\"inLanguage\":\"fr-FR\"},{\"@type\":\"Organization\",\"@id\":\"https:\\\/\\\/www.lavillagardendesign.com\\\/#organization\",\"name\":\"La Villa Garden&Design\",\"url\":\"https:\\\/\\\/www.lavillagardendesign.com\\\/\",\"logo\":{\"@type\":\"ImageObject\",\"inLanguage\":\"fr-FR\",\"@id\":\"https:\\\/\\\/www.lavillagardendesign.com\\\/#\\\/schema\\\/logo\\\/image\\\/\",\"url\":\"https:\\\/\\\/www.lavillagardendesign.com\\\/wp-content\\\/uploads\\\/2024\\\/04\\\/logolavilla.png\",\"contentUrl\":\"https:\\\/\\\/www.lavillagardendesign.com\\\/wp-content\\\/uploads\\\/2024\\\/04\\\/logolavilla.png\",\"width\":682,\"height\":391,\"caption\":\"La Villa Garden&Design\"},\"image\":{\"@id\":\"https:\\\/\\\/www.lavillagardendesign.com\\\/#\\\/schema\\\/logo\\\/image\\\/\"},\"sameAs\":[\"https:\\\/\\\/www.facebook.com\\\/lavillagardendesign\\\/\"]}]}<\/script>\n<!-- \/ Yoast SEO plugin. -->","yoast_head_json":{"title":"APOLLO Table d'appoint ronde en aluminium \u00f844cm | La Villa Garden & Design","description":"Magasinez la table d'appoint ronde Apollo \u00f844cm. Aluminium de premi\u00e8re qualit\u00e9 r\u00e9sistant aux intemp\u00e9ries. Design minimaliste parfait pour les jardins et terrasses de luxe. Livraison possible.","robots":{"index":"index","follow":"follow","max-snippet":"max-snippet:-1","max-image-preview":"max-image-preview:large","max-video-preview":"max-video-preview:-1"},"canonical":"https:\/\/www.lavillagardendesign.com\/fr\/product\/apollo-table-dappoint-s\/","og_locale":"fr_FR","og_type":"article","og_title":"APOLLO Table d'appoint ronde en aluminium \u00f844cm | La Villa Garden & Design","og_description":"Magasinez la table d'appoint ronde Apollo \u00f844cm. Aluminium de premi\u00e8re qualit\u00e9 r\u00e9sistant aux intemp\u00e9ries. Design minimaliste parfait pour les jardins et terrasses de luxe. Livraison possible.","og_url":"https:\/\/www.lavillagardendesign.com\/fr\/product\/apollo-table-dappoint-s\/","og_site_name":"La Villa Garden&amp;Design","article_publisher":"https:\/\/www.facebook.com\/lavillagardendesign\/","article_modified_time":"2026-03-10T09:34:56+00:00","og_image":[{"width":700,"height":800,"url":"https:\/\/www.lavillagardendesign.com\/wp-content\/uploads\/2024\/01\/4-15.png","type":"image\/png"}],"twitter_card":"summary_large_image","schema":{"@context":"https:\/\/schema.org","@graph":[{"@type":"WebPage","@id":"https:\/\/www.lavillagardendesign.com\/fr\/product\/apollo-table-dappoint-s\/","url":"https:\/\/www.lavillagardendesign.com\/fr\/product\/apollo-table-dappoint-s\/","name":"APOLLO Table d'appoint ronde en aluminium \u00f844cm | La Villa Garden & Design","isPartOf":{"@id":"https:\/\/www.lavillagardendesign.com\/#website"},"primaryImageOfPage":{"@id":"https:\/\/www.lavillagardendesign.com\/fr\/product\/apollo-table-dappoint-s\/#primaryimage"},"image":{"@id":"https:\/\/www.lavillagardendesign.com\/fr\/product\/apollo-table-dappoint-s\/#primaryimage"},"thumbnailUrl":"https:\/\/www.lavillagardendesign.com\/wp-content\/uploads\/2024\/01\/4-15.png","datePublished":"2024-01-29T18:58:06+00:00","dateModified":"2026-03-10T09:34:56+00:00","description":"Magasinez la table d'appoint ronde Apollo \u00f844cm. Aluminium de premi\u00e8re qualit\u00e9 r\u00e9sistant aux intemp\u00e9ries. Design minimaliste parfait pour les jardins et terrasses de luxe. Livraison possible.","breadcrumb":{"@id":"https:\/\/www.lavillagardendesign.com\/fr\/product\/apollo-table-dappoint-s\/#breadcrumb"},"inLanguage":"fr-FR","potentialAction":[{"@type":"ReadAction","target":["https:\/\/www.lavillagardendesign.com\/fr\/product\/apollo-table-dappoint-s\/"]}]},{"@type":"ImageObject","inLanguage":"fr-FR","@id":"https:\/\/www.lavillagardendesign.com\/fr\/product\/apollo-table-dappoint-s\/#primaryimage","url":"https:\/\/www.lavillagardendesign.com\/wp-content\/uploads\/2024\/01\/4-15.png","contentUrl":"https:\/\/www.lavillagardendesign.com\/wp-content\/uploads\/2024\/01\/4-15.png","width":700,"height":800},{"@type":"BreadcrumbList","@id":"https:\/\/www.lavillagardendesign.com\/fr\/product\/apollo-table-dappoint-s\/#breadcrumb","itemListElement":[{"@type":"ListItem","position":1,"name":"Home","item":"https:\/\/www.lavillagardendesign.com\/"},{"@type":"ListItem","position":2,"name":"Boutique","item":"https:\/\/www.lavillagardendesign.com\/fr\/boutique\/"},{"@type":"ListItem","position":3,"name":"APOLLO &#8211; Table d&#8217;appoint ronde \u00f844cm"}]},{"@type":"WebSite","@id":"https:\/\/www.lavillagardendesign.com\/#website","url":"https:\/\/www.lavillagardendesign.com\/","name":"La Villa Garden&Design","description":"","publisher":{"@id":"https:\/\/www.lavillagardendesign.com\/#organization"},"potentialAction":[{"@type":"SearchAction","target":{"@type":"EntryPoint","urlTemplate":"https:\/\/www.lavillagardendesign.com\/?s={search_term_string}"},"query-input":{"@type":"PropertyValueSpecification","valueRequired":true,"valueName":"search_term_string"}}],"inLanguage":"fr-FR"},{"@type":"Organization","@id":"https:\/\/www.lavillagardendesign.com\/#organization","name":"La Villa Garden&Design","url":"https:\/\/www.lavillagardendesign.com\/","logo":{"@type":"ImageObject","inLanguage":"fr-FR","@id":"https:\/\/www.lavillagardendesign.com\/#\/schema\/logo\/image\/","url":"https:\/\/www.lavillagardendesign.com\/wp-content\/uploads\/2024\/04\/logolavilla.png","contentUrl":"https:\/\/www.lavillagardendesign.com\/wp-content\/uploads\/2024\/04\/logolavilla.png","width":682,"height":391,"caption":"La Villa Garden&Design"},"image":{"@id":"https:\/\/www.lavillagardendesign.com\/#\/schema\/logo\/image\/"},"sameAs":["https:\/\/www.facebook.com\/lavillagardendesign\/"]}]}},"_links":{"self":[{"href":"https:\/\/www.lavillagardendesign.com\/fr\/wp-json\/wp\/v2\/product\/28711","targetHints":{"allow":["GET"]}}],"collection":[{"href":"https:\/\/www.lavillagardendesign.com\/fr\/wp-json\/wp\/v2\/product"}],"about":[{"href":"https:\/\/www.lavillagardendesign.com\/fr\/wp-json\/wp\/v2\/types\/product"}],"replies":[{"embeddable":true,"href":"https:\/\/www.lavillagardendesign.com\/fr\/wp-json\/wp\/v2\/comments?post=28711"}],"version-history":[{"count":2,"href":"https:\/\/www.lavillagardendesign.com\/fr\/wp-json\/wp\/v2\/product\/28711\/revisions"}],"predecessor-version":[{"id":67316,"href":"https:\/\/www.lavillagardendesign.com\/fr\/wp-json\/wp\/v2\/product\/28711\/revisions\/67316"}],"wp:featuredmedia":[{"embeddable":true,"href":"https:\/\/www.lavillagardendesign.com\/fr\/wp-json\/wp\/v2\/media\/28696"}],"wp:attachment":[{"href":"https:\/\/www.lavillagardendesign.com\/fr\/wp-json\/wp\/v2\/media?parent=28711"}],"wp:term":[{"taxonomy":"product_brand","embeddable":true,"href":"https:\/\/www.lavillagardendesign.com\/fr\/wp-json\/wp\/v2\/product_brand?post=28711"},{"taxonomy":"product_cat","embeddable":true,"href":"https:\/\/www.lavillagardendesign.com\/fr\/wp-json\/wp\/v2\/product_cat?post=28711"},{"taxonomy":"product_tag","embeddable":true,"href":"https:\/\/www.lavillagardendesign.com\/fr\/wp-json\/wp\/v2\/product_tag?post=28711"}],"curies":[{"name":"wp","href":"https:\/\/api.w.org\/{rel}","templated":true}]}}