{"id":28707,"date":"2024-01-29T19:58:06","date_gmt":"2024-01-29T18:58:06","guid":{"rendered":"https:\/\/www.lavillagardendesign.com\/product\/apollo-table-dappoint-m\/"},"modified":"2026-03-10T10:34:57","modified_gmt":"2026-03-10T09:34:57","slug":"apollo-table-dappoint-m","status":"publish","type":"product","link":"https:\/\/www.lavillagardendesign.com\/fr\/product\/apollo-table-dappoint-m\/","title":{"rendered":"APOLLO &#8211; Table d&rsquo;appoint ronde \u00f857cm"},"content":{"rendered":"","protected":false},"excerpt":{"rendered":"<p>  Red\u00e9finissez le point central de vos r\u00e9unions en plein air avec la table d&rsquo;appoint Apollo de 57 cm de diam\u00e8tre. Cette version de plus grand diam\u00e8tre offre une surface \u00e9largie, servant parfaitement de support central dans les zones de d\u00e9tente ou de compl\u00e9ment robuste aux canap\u00e9s modulaires volumineux. Fabriqu\u00e9e en aluminium technique rev\u00eatu par poudre, elle allie une esth\u00e9tique minimaliste raffin\u00e9e \u00e0 une r\u00e9sistance absolue \u00e0 la corrosion marine, ce qui en fait le choix id\u00e9al pour les propri\u00e9t\u00e9s en bord de mer sur la Costa Brava ou les environnements exigeants des Bal\u00e9ares. Son design intemporel et ses finitions neutres permettent des compositions dynamiques, en particulier lorsqu&rsquo;il est associ\u00e9 \u00e0 des versions plus petites pour cr\u00e9er un effet d&#8217;embo\u00eetement en gradins.   <\/p>\n","protected":false},"featured_media":28688,"comment_status":"open","ping_status":"closed","template":"","meta":[],"product_brand":[5001],"product_cat":[6832,2944,2948,5658],"product_tag":[],"class_list":{"0":"post-28707","1":"product","2":"type-product","3":"status-publish","4":"has-post-thumbnail","6":"product_brand-la-villa-garden","7":"product_cat-outdoor-fr","8":"product_cat-tables-fr","9":"product_cat-tables-auxiliaires","10":"product_cat-promos-web","12":"first","13":"instock","14":"sale","15":"taxable","16":"shipping-taxable","17":"purchasable","18":"product-type-variable","19":"has-default-attributes"},"yoast_head":"<!-- This site is optimized with the Yoast SEO plugin v27.1.1 - https:\/\/yoast.com\/product\/yoast-seo-wordpress\/ -->\n<title>APOLLO Grande table d&#039;appoint Aluminium \u00f857cm | La Villa Garden &amp; Design<\/title>\n<meta name=\"description\" content=\"Achetez la table d&#039;appoint Apollo \u00f857cm. Grande surface, aluminium r\u00e9sistant aux intemp\u00e9ries. Design haut de gamme pour les terrasses et villas de luxe. Qualit\u00e9 garantie. Livraison possible.\" \/>\n<meta name=\"robots\" content=\"index, follow, max-snippet:-1, max-image-preview:large, max-video-preview:-1\" \/>\n<link rel=\"canonical\" href=\"https:\/\/www.lavillagardendesign.com\/fr\/product\/apollo-table-dappoint-m\/\" \/>\n<meta property=\"og:locale\" content=\"fr_FR\" \/>\n<meta property=\"og:type\" content=\"article\" \/>\n<meta property=\"og:title\" content=\"APOLLO Grande table d&#039;appoint Aluminium \u00f857cm | La Villa Garden &amp; Design\" \/>\n<meta property=\"og:description\" content=\"Achetez la table d&#039;appoint Apollo \u00f857cm. Grande surface, aluminium r\u00e9sistant aux intemp\u00e9ries. Design haut de gamme pour les terrasses et villas de luxe. Qualit\u00e9 garantie. Livraison possible.\" \/>\n<meta property=\"og:url\" content=\"https:\/\/www.lavillagardendesign.com\/fr\/product\/apollo-table-dappoint-m\/\" \/>\n<meta property=\"og:site_name\" content=\"La Villa Garden&amp;Design\" \/>\n<meta property=\"article:publisher\" content=\"https:\/\/www.facebook.com\/lavillagardendesign\/\" \/>\n<meta property=\"article:modified_time\" content=\"2026-03-10T09:34:57+00:00\" \/>\n<meta property=\"og:image\" content=\"https:\/\/www.lavillagardendesign.com\/wp-content\/uploads\/2024\/01\/4-14.png\" \/>\n\t<meta property=\"og:image:width\" content=\"700\" \/>\n\t<meta property=\"og:image:height\" content=\"800\" \/>\n\t<meta property=\"og:image:type\" content=\"image\/png\" \/>\n<meta name=\"twitter:card\" content=\"summary_large_image\" \/>\n<script type=\"application\/ld+json\" class=\"yoast-schema-graph\">{\"@context\":\"https:\/\/schema.org\",\"@graph\":[{\"@type\":\"WebPage\",\"@id\":\"https:\/\/www.lavillagardendesign.com\/fr\/product\/apollo-table-dappoint-m\/\",\"url\":\"https:\/\/www.lavillagardendesign.com\/fr\/product\/apollo-table-dappoint-m\/\",\"name\":\"APOLLO Grande table d'appoint Aluminium \u00f857cm | La Villa Garden & Design\",\"isPartOf\":{\"@id\":\"https:\/\/www.lavillagardendesign.com\/#website\"},\"primaryImageOfPage\":{\"@id\":\"https:\/\/www.lavillagardendesign.com\/fr\/product\/apollo-table-dappoint-m\/#primaryimage\"},\"image\":{\"@id\":\"https:\/\/www.lavillagardendesign.com\/fr\/product\/apollo-table-dappoint-m\/#primaryimage\"},\"thumbnailUrl\":\"https:\/\/www.lavillagardendesign.com\/wp-content\/uploads\/2024\/01\/4-14.png\",\"datePublished\":\"2024-01-29T18:58:06+00:00\",\"dateModified\":\"2026-03-10T09:34:57+00:00\",\"description\":\"Achetez la table d'appoint Apollo \u00f857cm. Grande surface, aluminium r\u00e9sistant aux intemp\u00e9ries. Design haut de gamme pour les terrasses et villas de luxe. Qualit\u00e9 garantie. Livraison possible.\",\"breadcrumb\":{\"@id\":\"https:\/\/www.lavillagardendesign.com\/fr\/product\/apollo-table-dappoint-m\/#breadcrumb\"},\"inLanguage\":\"fr-FR\",\"potentialAction\":[{\"@type\":\"ReadAction\",\"target\":[\"https:\/\/www.lavillagardendesign.com\/fr\/product\/apollo-table-dappoint-m\/\"]}]},{\"@type\":\"ImageObject\",\"inLanguage\":\"fr-FR\",\"@id\":\"https:\/\/www.lavillagardendesign.com\/fr\/product\/apollo-table-dappoint-m\/#primaryimage\",\"url\":\"https:\/\/www.lavillagardendesign.com\/wp-content\/uploads\/2024\/01\/4-14.png\",\"contentUrl\":\"https:\/\/www.lavillagardendesign.com\/wp-content\/uploads\/2024\/01\/4-14.png\",\"width\":700,\"height\":800},{\"@type\":\"BreadcrumbList\",\"@id\":\"https:\/\/www.lavillagardendesign.com\/fr\/product\/apollo-table-dappoint-m\/#breadcrumb\",\"itemListElement\":[{\"@type\":\"ListItem\",\"position\":1,\"name\":\"Home\",\"item\":\"https:\/\/www.lavillagardendesign.com\/\"},{\"@type\":\"ListItem\",\"position\":2,\"name\":\"Boutique\",\"item\":\"https:\/\/www.lavillagardendesign.com\/fr\/boutique\/\"},{\"@type\":\"ListItem\",\"position\":3,\"name\":\"APOLLO &#8211; Table d&#8217;appoint ronde \u00f857cm\"}]},{\"@type\":\"WebSite\",\"@id\":\"https:\/\/www.lavillagardendesign.com\/#website\",\"url\":\"https:\/\/www.lavillagardendesign.com\/\",\"name\":\"La Villa Garden&Design\",\"description\":\"\",\"publisher\":{\"@id\":\"https:\/\/www.lavillagardendesign.com\/#organization\"},\"potentialAction\":[{\"@type\":\"SearchAction\",\"target\":{\"@type\":\"EntryPoint\",\"urlTemplate\":\"https:\/\/www.lavillagardendesign.com\/?s={search_term_string}\"},\"query-input\":{\"@type\":\"PropertyValueSpecification\",\"valueRequired\":true,\"valueName\":\"search_term_string\"}}],\"inLanguage\":\"fr-FR\"},{\"@type\":\"Organization\",\"@id\":\"https:\/\/www.lavillagardendesign.com\/#organization\",\"name\":\"La Villa Garden&Design\",\"url\":\"https:\/\/www.lavillagardendesign.com\/\",\"logo\":{\"@type\":\"ImageObject\",\"inLanguage\":\"fr-FR\",\"@id\":\"https:\/\/www.lavillagardendesign.com\/#\/schema\/logo\/image\/\",\"url\":\"https:\/\/www.lavillagardendesign.com\/wp-content\/uploads\/2024\/04\/logolavilla.png\",\"contentUrl\":\"https:\/\/www.lavillagardendesign.com\/wp-content\/uploads\/2024\/04\/logolavilla.png\",\"width\":682,\"height\":391,\"caption\":\"La Villa Garden&Design\"},\"image\":{\"@id\":\"https:\/\/www.lavillagardendesign.com\/#\/schema\/logo\/image\/\"},\"sameAs\":[\"https:\/\/www.facebook.com\/lavillagardendesign\/\"]}]}<\/script>\n<!-- \/ Yoast SEO plugin. -->","yoast_head_json":{"title":"APOLLO Grande table d'appoint Aluminium \u00f857cm | La Villa Garden & Design","description":"Achetez la table d'appoint Apollo \u00f857cm. Grande surface, aluminium r\u00e9sistant aux intemp\u00e9ries. Design haut de gamme pour les terrasses et villas de luxe. Qualit\u00e9 garantie. Livraison possible.","robots":{"index":"index","follow":"follow","max-snippet":"max-snippet:-1","max-image-preview":"max-image-preview:large","max-video-preview":"max-video-preview:-1"},"canonical":"https:\/\/www.lavillagardendesign.com\/fr\/product\/apollo-table-dappoint-m\/","og_locale":"fr_FR","og_type":"article","og_title":"APOLLO Grande table d'appoint Aluminium \u00f857cm | La Villa Garden & Design","og_description":"Achetez la table d'appoint Apollo \u00f857cm. Grande surface, aluminium r\u00e9sistant aux intemp\u00e9ries. Design haut de gamme pour les terrasses et villas de luxe. Qualit\u00e9 garantie. Livraison possible.","og_url":"https:\/\/www.lavillagardendesign.com\/fr\/product\/apollo-table-dappoint-m\/","og_site_name":"La Villa Garden&amp;Design","article_publisher":"https:\/\/www.facebook.com\/lavillagardendesign\/","article_modified_time":"2026-03-10T09:34:57+00:00","og_image":[{"width":700,"height":800,"url":"https:\/\/www.lavillagardendesign.com\/wp-content\/uploads\/2024\/01\/4-14.png","type":"image\/png"}],"twitter_card":"summary_large_image","schema":{"@context":"https:\/\/schema.org","@graph":[{"@type":"WebPage","@id":"https:\/\/www.lavillagardendesign.com\/fr\/product\/apollo-table-dappoint-m\/","url":"https:\/\/www.lavillagardendesign.com\/fr\/product\/apollo-table-dappoint-m\/","name":"APOLLO Grande table d'appoint Aluminium \u00f857cm | La Villa Garden & Design","isPartOf":{"@id":"https:\/\/www.lavillagardendesign.com\/#website"},"primaryImageOfPage":{"@id":"https:\/\/www.lavillagardendesign.com\/fr\/product\/apollo-table-dappoint-m\/#primaryimage"},"image":{"@id":"https:\/\/www.lavillagardendesign.com\/fr\/product\/apollo-table-dappoint-m\/#primaryimage"},"thumbnailUrl":"https:\/\/www.lavillagardendesign.com\/wp-content\/uploads\/2024\/01\/4-14.png","datePublished":"2024-01-29T18:58:06+00:00","dateModified":"2026-03-10T09:34:57+00:00","description":"Achetez la table d'appoint Apollo \u00f857cm. Grande surface, aluminium r\u00e9sistant aux intemp\u00e9ries. Design haut de gamme pour les terrasses et villas de luxe. Qualit\u00e9 garantie. Livraison possible.","breadcrumb":{"@id":"https:\/\/www.lavillagardendesign.com\/fr\/product\/apollo-table-dappoint-m\/#breadcrumb"},"inLanguage":"fr-FR","potentialAction":[{"@type":"ReadAction","target":["https:\/\/www.lavillagardendesign.com\/fr\/product\/apollo-table-dappoint-m\/"]}]},{"@type":"ImageObject","inLanguage":"fr-FR","@id":"https:\/\/www.lavillagardendesign.com\/fr\/product\/apollo-table-dappoint-m\/#primaryimage","url":"https:\/\/www.lavillagardendesign.com\/wp-content\/uploads\/2024\/01\/4-14.png","contentUrl":"https:\/\/www.lavillagardendesign.com\/wp-content\/uploads\/2024\/01\/4-14.png","width":700,"height":800},{"@type":"BreadcrumbList","@id":"https:\/\/www.lavillagardendesign.com\/fr\/product\/apollo-table-dappoint-m\/#breadcrumb","itemListElement":[{"@type":"ListItem","position":1,"name":"Home","item":"https:\/\/www.lavillagardendesign.com\/"},{"@type":"ListItem","position":2,"name":"Boutique","item":"https:\/\/www.lavillagardendesign.com\/fr\/boutique\/"},{"@type":"ListItem","position":3,"name":"APOLLO &#8211; Table d&#8217;appoint ronde \u00f857cm"}]},{"@type":"WebSite","@id":"https:\/\/www.lavillagardendesign.com\/#website","url":"https:\/\/www.lavillagardendesign.com\/","name":"La Villa Garden&Design","description":"","publisher":{"@id":"https:\/\/www.lavillagardendesign.com\/#organization"},"potentialAction":[{"@type":"SearchAction","target":{"@type":"EntryPoint","urlTemplate":"https:\/\/www.lavillagardendesign.com\/?s={search_term_string}"},"query-input":{"@type":"PropertyValueSpecification","valueRequired":true,"valueName":"search_term_string"}}],"inLanguage":"fr-FR"},{"@type":"Organization","@id":"https:\/\/www.lavillagardendesign.com\/#organization","name":"La Villa Garden&Design","url":"https:\/\/www.lavillagardendesign.com\/","logo":{"@type":"ImageObject","inLanguage":"fr-FR","@id":"https:\/\/www.lavillagardendesign.com\/#\/schema\/logo\/image\/","url":"https:\/\/www.lavillagardendesign.com\/wp-content\/uploads\/2024\/04\/logolavilla.png","contentUrl":"https:\/\/www.lavillagardendesign.com\/wp-content\/uploads\/2024\/04\/logolavilla.png","width":682,"height":391,"caption":"La Villa Garden&Design"},"image":{"@id":"https:\/\/www.lavillagardendesign.com\/#\/schema\/logo\/image\/"},"sameAs":["https:\/\/www.facebook.com\/lavillagardendesign\/"]}]}},"_links":{"self":[{"href":"https:\/\/www.lavillagardendesign.com\/fr\/wp-json\/wp\/v2\/product\/28707","targetHints":{"allow":["GET"]}}],"collection":[{"href":"https:\/\/www.lavillagardendesign.com\/fr\/wp-json\/wp\/v2\/product"}],"about":[{"href":"https:\/\/www.lavillagardendesign.com\/fr\/wp-json\/wp\/v2\/types\/product"}],"replies":[{"embeddable":true,"href":"https:\/\/www.lavillagardendesign.com\/fr\/wp-json\/wp\/v2\/comments?post=28707"}],"version-history":[{"count":3,"href":"https:\/\/www.lavillagardendesign.com\/fr\/wp-json\/wp\/v2\/product\/28707\/revisions"}],"predecessor-version":[{"id":67317,"href":"https:\/\/www.lavillagardendesign.com\/fr\/wp-json\/wp\/v2\/product\/28707\/revisions\/67317"}],"wp:featuredmedia":[{"embeddable":true,"href":"https:\/\/www.lavillagardendesign.com\/fr\/wp-json\/wp\/v2\/media\/28688"}],"wp:attachment":[{"href":"https:\/\/www.lavillagardendesign.com\/fr\/wp-json\/wp\/v2\/media?parent=28707"}],"wp:term":[{"taxonomy":"product_brand","embeddable":true,"href":"https:\/\/www.lavillagardendesign.com\/fr\/wp-json\/wp\/v2\/product_brand?post=28707"},{"taxonomy":"product_cat","embeddable":true,"href":"https:\/\/www.lavillagardendesign.com\/fr\/wp-json\/wp\/v2\/product_cat?post=28707"},{"taxonomy":"product_tag","embeddable":true,"href":"https:\/\/www.lavillagardendesign.com\/fr\/wp-json\/wp\/v2\/product_tag?post=28707"}],"curies":[{"name":"wp","href":"https:\/\/api.w.org\/{rel}","templated":true}]}}