{"id":18090,"date":"2024-01-17T13:47:48","date_gmt":"2024-01-17T11:47:48","guid":{"rendered":"https:\/\/www.lavillagardendesign.com\/mentions-legales\/"},"modified":"2025-03-25T20:08:16","modified_gmt":"2025-03-25T18:08:16","slug":"mentions-legales","status":"publish","type":"page","link":"https:\/\/www.lavillagardendesign.com\/fr\/mentions-legales\/","title":{"rendered":"Mentions l\u00e9gales"},"content":{"rendered":"\t\t<div data-elementor-type=\"wp-page\" data-elementor-id=\"18090\" class=\"elementor elementor-18090 elementor-16911\" data-elementor-post-type=\"page\">\n\t\t\t\t<div class=\"elementor-element elementor-element-36432e4 e-flex e-con-boxed e-con e-parent\" data-id=\"36432e4\" data-element_type=\"container\" data-e-type=\"container\">\n\t\t\t\t\t<div class=\"e-con-inner\">\n\t\t\t\t<div class=\"elementor-element elementor-element-5e98c3c wd-width-100 elementor-widget elementor-widget-wd_title\" data-id=\"5e98c3c\" data-element_type=\"widget\" data-e-type=\"widget\" data-widget_type=\"wd_title.default\">\n\t\t\t\t<div class=\"elementor-widget-container\">\n\t\t\t\t\t\t\t<div class=\"title-wrapper set-mb-s reset-last-child wd-title-color-default wd-title-style-default wd-title-size-default text-left\">\n\n\t\t\t\n\t\t\t<div class=\"liner-continer\">\n\t\t\t\t<h4 class=\"woodmart-title-container title wd-fontsize-l\">Mentions l\u00e9gales<\/h4> \n\t\t\t\t\t\t\t<\/div>\n\n\t\t\t\t\t\t\t<div class=\"title-after_title set-cont-mb-s reset-last-child wd-fontsize-xs\">\n\t\t\t\t\t<p><strong>Editeur du site <br><\/strong>Nom de la soci\u00e9t\u00e9 : IBIZA DESIGN OUTDOOR SL<br>Forme juridique : SL Si\u00e8ge social : Avda de Sant Joan de Labritja, Num 15, 07800 EIVISSA, Illes Balears, Espagne <br>Num\u00e9ro de t\u00e9l\u00e9phone : +34 872 21 39 31 <br>Adresse \u00e9lectronique : <a>contact@lavillagardendesign.com<\/a> <br>NIF : B19886738 <br>Num\u00e9ro de TVA : ESB19886738 <br>Directeur de publication : EDEN AMIACH <br>Directeur de publication : EDEN AMIACH<\/p><p><strong>Nom de l'h\u00e9bergeur du site Web<\/strong><br>EX2 Adresse : CP 70161 Qu\u00e9bec STN Qu\u00e9bec-Centre, G2K 0A2 Qu\u00e9bec, Qu\u00e9bec CANADA<\/p><p>Protection des donn\u00e9es personnelles Conform\u00e9ment \u00e0 la r\u00e9glementation en vigueur, les donn\u00e9es personnelles enregistr\u00e9es sur le site lavillagardendesign.com sont trait\u00e9es dans le respect de la vie priv\u00e9e. Pour plus d'informations sur la collecte et le traitement de vos donn\u00e9es personnelles, nous vous invitons \u00e0 consulter notre politique de confidentialit\u00e9. <\/p><p><strong>Propri\u00e9t\u00e9 intellectuelle<\/strong> <br>Tous les \u00e9l\u00e9ments constituant le site web lavillagardendesign.com, tels que les textes, images, logos, vid\u00e9os, etc., sont la propri\u00e9t\u00e9 exclusive de Natural Home Design Europa ou de ses partenaires et sont prot\u00e9g\u00e9s par les normes espagnoles et internationales en mati\u00e8re de propri\u00e9t\u00e9 intellectuelle.<\/p><p><strong>Contact<\/strong> <br>Pour toute question ou plainte concernant le site web lavillagardendesign.com ou les produits qui y sont vendus, vous pouvez nous contacter \u00e0 l'adresse suivante : C-260, km 31, 17485 Vila-sacra, Girona, Espagne ou par courrier \u00e9lectronique \u00e0 l'adresse suivante : <a>contact@lavillagardendesign.com<\/a><\/p>\t\t\t\t<\/div>\n\t\t\t\t\t<\/div>\n\t\t\t\t\t\t<\/div>\n\t\t\t\t<\/div>\n\t\t\t\t\t<\/div>\n\t\t\t\t<\/div>\n\t\t\t\t<\/div>\n\t\t","protected":false},"excerpt":{"rendered":"<p>Mentions l\u00e9gales Editeur du site Nom de la soci\u00e9t\u00e9 : IBIZA DESIGN OUTDOOR SLForme juridique : SL Si\u00e8ge social :<\/p>\n","protected":false},"author":1,"featured_media":0,"parent":0,"menu_order":0,"comment_status":"closed","ping_status":"closed","template":"","meta":{"footnotes":""},"class_list":["post-18090","page","type-page","status-publish","hentry"],"yoast_head":"<!-- This site is optimized with the Yoast SEO plugin v27.1.1 - https:\/\/yoast.com\/product\/yoast-seo-wordpress\/ -->\n<title>Mentions l\u00e9gales - La Villa Garden<\/title>\n<meta name=\"description\" content=\"Consultez les mentions l\u00e9gales de La Villa Garden, votre sp\u00e9cialiste du mobilier d&#039;ext\u00e9rieur de luxe.\" \/>\n<meta name=\"robots\" content=\"index, follow, max-snippet:-1, max-image-preview:large, max-video-preview:-1\" \/>\n<link rel=\"canonical\" href=\"https:\/\/www.lavillagardendesign.com\/fr\/mentions-legales\/\" \/>\n<meta property=\"og:locale\" content=\"fr_FR\" \/>\n<meta property=\"og:type\" content=\"article\" \/>\n<meta property=\"og:title\" content=\"Mentions l\u00e9gales - La Villa Garden\" \/>\n<meta property=\"og:description\" content=\"Consultez les mentions l\u00e9gales de La Villa Garden, votre sp\u00e9cialiste du mobilier d&#039;ext\u00e9rieur de luxe.\" \/>\n<meta property=\"og:url\" content=\"https:\/\/www.lavillagardendesign.com\/fr\/mentions-legales\/\" \/>\n<meta property=\"og:site_name\" content=\"La Villa Garden&amp;Design\" \/>\n<meta property=\"article:publisher\" content=\"https:\/\/www.facebook.com\/lavillagardendesign\/\" \/>\n<meta property=\"article:modified_time\" content=\"2025-03-25T18:08:16+00:00\" \/>\n<meta name=\"twitter:card\" content=\"summary_large_image\" \/>\n<meta name=\"twitter:label1\" content=\"Dur\u00e9e de lecture estim\u00e9e\" \/>\n\t<meta name=\"twitter:data1\" content=\"1 minute\" \/>\n<script type=\"application\/ld+json\" class=\"yoast-schema-graph\">{\"@context\":\"https:\/\/schema.org\",\"@graph\":[{\"@type\":\"WebPage\",\"@id\":\"https:\/\/www.lavillagardendesign.com\/fr\/mentions-legales\/\",\"url\":\"https:\/\/www.lavillagardendesign.com\/fr\/mentions-legales\/\",\"name\":\"Mentions l\u00e9gales - La Villa Garden\",\"isPartOf\":{\"@id\":\"https:\/\/www.lavillagardendesign.com\/#website\"},\"datePublished\":\"2024-01-17T11:47:48+00:00\",\"dateModified\":\"2025-03-25T18:08:16+00:00\",\"description\":\"Consultez les mentions l\u00e9gales de La Villa Garden, votre sp\u00e9cialiste du mobilier d'ext\u00e9rieur de luxe.\",\"breadcrumb\":{\"@id\":\"https:\/\/www.lavillagardendesign.com\/fr\/mentions-legales\/#breadcrumb\"},\"inLanguage\":\"fr-FR\",\"potentialAction\":[{\"@type\":\"ReadAction\",\"target\":[\"https:\/\/www.lavillagardendesign.com\/fr\/mentions-legales\/\"]}]},{\"@type\":\"BreadcrumbList\",\"@id\":\"https:\/\/www.lavillagardendesign.com\/fr\/mentions-legales\/#breadcrumb\",\"itemListElement\":[{\"@type\":\"ListItem\",\"position\":1,\"name\":\"Home\",\"item\":\"https:\/\/www.lavillagardendesign.com\/\"},{\"@type\":\"ListItem\",\"position\":2,\"name\":\"Mentions l\u00e9gales\"}]},{\"@type\":\"WebSite\",\"@id\":\"https:\/\/www.lavillagardendesign.com\/#website\",\"url\":\"https:\/\/www.lavillagardendesign.com\/\",\"name\":\"La Villa Garden&Design\",\"description\":\"\",\"publisher\":{\"@id\":\"https:\/\/www.lavillagardendesign.com\/#organization\"},\"potentialAction\":[{\"@type\":\"SearchAction\",\"target\":{\"@type\":\"EntryPoint\",\"urlTemplate\":\"https:\/\/www.lavillagardendesign.com\/?s={search_term_string}\"},\"query-input\":{\"@type\":\"PropertyValueSpecification\",\"valueRequired\":true,\"valueName\":\"search_term_string\"}}],\"inLanguage\":\"fr-FR\"},{\"@type\":\"Organization\",\"@id\":\"https:\/\/www.lavillagardendesign.com\/#organization\",\"name\":\"La Villa Garden&Design\",\"url\":\"https:\/\/www.lavillagardendesign.com\/\",\"logo\":{\"@type\":\"ImageObject\",\"inLanguage\":\"fr-FR\",\"@id\":\"https:\/\/www.lavillagardendesign.com\/#\/schema\/logo\/image\/\",\"url\":\"https:\/\/www.lavillagardendesign.com\/wp-content\/uploads\/2024\/04\/logolavilla.png\",\"contentUrl\":\"https:\/\/www.lavillagardendesign.com\/wp-content\/uploads\/2024\/04\/logolavilla.png\",\"width\":682,\"height\":391,\"caption\":\"La Villa Garden&Design\"},\"image\":{\"@id\":\"https:\/\/www.lavillagardendesign.com\/#\/schema\/logo\/image\/\"},\"sameAs\":[\"https:\/\/www.facebook.com\/lavillagardendesign\/\"]}]}<\/script>\n<!-- \/ Yoast SEO plugin. -->","yoast_head_json":{"title":"Mentions l\u00e9gales - La Villa Garden","description":"Consultez les mentions l\u00e9gales de La Villa Garden, votre sp\u00e9cialiste du mobilier d'ext\u00e9rieur de luxe.","robots":{"index":"index","follow":"follow","max-snippet":"max-snippet:-1","max-image-preview":"max-image-preview:large","max-video-preview":"max-video-preview:-1"},"canonical":"https:\/\/www.lavillagardendesign.com\/fr\/mentions-legales\/","og_locale":"fr_FR","og_type":"article","og_title":"Mentions l\u00e9gales - La Villa Garden","og_description":"Consultez les mentions l\u00e9gales de La Villa Garden, votre sp\u00e9cialiste du mobilier d'ext\u00e9rieur de luxe.","og_url":"https:\/\/www.lavillagardendesign.com\/fr\/mentions-legales\/","og_site_name":"La Villa Garden&amp;Design","article_publisher":"https:\/\/www.facebook.com\/lavillagardendesign\/","article_modified_time":"2025-03-25T18:08:16+00:00","twitter_card":"summary_large_image","twitter_misc":{"Dur\u00e9e de lecture estim\u00e9e":"1 minute"},"schema":{"@context":"https:\/\/schema.org","@graph":[{"@type":"WebPage","@id":"https:\/\/www.lavillagardendesign.com\/fr\/mentions-legales\/","url":"https:\/\/www.lavillagardendesign.com\/fr\/mentions-legales\/","name":"Mentions l\u00e9gales - La Villa Garden","isPartOf":{"@id":"https:\/\/www.lavillagardendesign.com\/#website"},"datePublished":"2024-01-17T11:47:48+00:00","dateModified":"2025-03-25T18:08:16+00:00","description":"Consultez les mentions l\u00e9gales de La Villa Garden, votre sp\u00e9cialiste du mobilier d'ext\u00e9rieur de luxe.","breadcrumb":{"@id":"https:\/\/www.lavillagardendesign.com\/fr\/mentions-legales\/#breadcrumb"},"inLanguage":"fr-FR","potentialAction":[{"@type":"ReadAction","target":["https:\/\/www.lavillagardendesign.com\/fr\/mentions-legales\/"]}]},{"@type":"BreadcrumbList","@id":"https:\/\/www.lavillagardendesign.com\/fr\/mentions-legales\/#breadcrumb","itemListElement":[{"@type":"ListItem","position":1,"name":"Home","item":"https:\/\/www.lavillagardendesign.com\/"},{"@type":"ListItem","position":2,"name":"Mentions l\u00e9gales"}]},{"@type":"WebSite","@id":"https:\/\/www.lavillagardendesign.com\/#website","url":"https:\/\/www.lavillagardendesign.com\/","name":"La Villa Garden&Design","description":"","publisher":{"@id":"https:\/\/www.lavillagardendesign.com\/#organization"},"potentialAction":[{"@type":"SearchAction","target":{"@type":"EntryPoint","urlTemplate":"https:\/\/www.lavillagardendesign.com\/?s={search_term_string}"},"query-input":{"@type":"PropertyValueSpecification","valueRequired":true,"valueName":"search_term_string"}}],"inLanguage":"fr-FR"},{"@type":"Organization","@id":"https:\/\/www.lavillagardendesign.com\/#organization","name":"La Villa Garden&Design","url":"https:\/\/www.lavillagardendesign.com\/","logo":{"@type":"ImageObject","inLanguage":"fr-FR","@id":"https:\/\/www.lavillagardendesign.com\/#\/schema\/logo\/image\/","url":"https:\/\/www.lavillagardendesign.com\/wp-content\/uploads\/2024\/04\/logolavilla.png","contentUrl":"https:\/\/www.lavillagardendesign.com\/wp-content\/uploads\/2024\/04\/logolavilla.png","width":682,"height":391,"caption":"La Villa Garden&Design"},"image":{"@id":"https:\/\/www.lavillagardendesign.com\/#\/schema\/logo\/image\/"},"sameAs":["https:\/\/www.facebook.com\/lavillagardendesign\/"]}]}},"_links":{"self":[{"href":"https:\/\/www.lavillagardendesign.com\/fr\/wp-json\/wp\/v2\/pages\/18090","targetHints":{"allow":["GET"]}}],"collection":[{"href":"https:\/\/www.lavillagardendesign.com\/fr\/wp-json\/wp\/v2\/pages"}],"about":[{"href":"https:\/\/www.lavillagardendesign.com\/fr\/wp-json\/wp\/v2\/types\/page"}],"author":[{"embeddable":true,"href":"https:\/\/www.lavillagardendesign.com\/fr\/wp-json\/wp\/v2\/users\/1"}],"replies":[{"embeddable":true,"href":"https:\/\/www.lavillagardendesign.com\/fr\/wp-json\/wp\/v2\/comments?post=18090"}],"version-history":[{"count":14,"href":"https:\/\/www.lavillagardendesign.com\/fr\/wp-json\/wp\/v2\/pages\/18090\/revisions"}],"predecessor-version":[{"id":51958,"href":"https:\/\/www.lavillagardendesign.com\/fr\/wp-json\/wp\/v2\/pages\/18090\/revisions\/51958"}],"wp:attachment":[{"href":"https:\/\/www.lavillagardendesign.com\/fr\/wp-json\/wp\/v2\/media?parent=18090"}],"curies":[{"name":"wp","href":"https:\/\/api.w.org\/{rel}","templated":true}]}}