{"id":70128,"date":"2026-04-07T19:17:49","date_gmt":"2026-04-07T18:17:49","guid":{"rendered":"https:\/\/www.lavillagardendesign.com\/product\/ulm-jardinera-alta-redonda-de-diseno-minimalista\/"},"modified":"2026-04-07T19:17:49","modified_gmt":"2026-04-07T18:17:49","slug":"ulm-jardinera-alta-redonda-de-diseno-minimalista","status":"publish","type":"product","link":"https:\/\/www.lavillagardendesign.com\/es\/producto\/ulm-jardinera-alta-redonda-de-diseno-minimalista\/","title":{"rendered":"ULM &#8211; Jardinera alta redonda de dise\u00f1o minimalista"},"content":{"rendered":"","protected":false},"excerpt":{"rendered":"<p>La variante de silueta alta de la colecci\u00f3n Ulm, dise\u00f1ada por Ram\u00f3n Esteve, es la m\u00e1xima expresi\u00f3n de la elegancia vertical. Su alto dise\u00f1o redondeado crea puntos focales visuales de gran impacto en villas y terrazas exclusivas, ofreciendo una est\u00e9tica arquitect\u00f3nica pura. Gracias a su fabricaci\u00f3n en resina de alta densidad, garantiza una durabilidad excepcional frente al sol y la salinidad mediterr\u00e1nea.  <\/p>\n","protected":false},"featured_media":69278,"comment_status":"open","ping_status":"closed","template":"","meta":[],"product_brand":[5000],"product_cat":[6833,3098,3103],"product_tag":[],"class_list":{"0":"post-70128","1":"product","2":"type-product","3":"status-publish","4":"has-post-thumbnail","6":"product_brand-vondom","7":"product_cat-outdoor-es","8":"product_cat-accesorios","9":"product_cat-maceteros","11":"first","12":"instock","13":"taxable","14":"shipping-taxable","15":"purchasable","16":"product-type-variable"},"yoast_head":"<!-- This site is optimized with the Yoast SEO plugin v27.1.1 - https:\/\/yoast.com\/product\/yoast-seo-wordpress\/ -->\n<title>ULM - Jardinera alta redonda de dise\u00f1o minimalista - La Villa Garden&amp;Design<\/title>\n<meta name=\"robots\" content=\"index, follow, max-snippet:-1, max-image-preview:large, max-video-preview:-1\" \/>\n<link rel=\"canonical\" href=\"https:\/\/www.lavillagardendesign.com\/product\/ulm-jardinera-alta-redonda-de-diseno-minimalista\/\" \/>\n<meta property=\"og:locale\" content=\"es_ES\" \/>\n<meta property=\"og:type\" content=\"article\" \/>\n<meta property=\"og:title\" content=\"ULM - Jardinera alta redonda de dise\u00f1o minimalista - La Villa Garden&amp;Design\" \/>\n<meta property=\"og:description\" content=\"La variante de silueta alta de la colecci\u00f3n Ulm, dise\u00f1ada por Ram\u00f3n Esteve, es la m\u00e1xima expresi\u00f3n de la elegancia vertical. Su alto dise\u00f1o redondeado crea puntos focales visuales de gran impacto en villas y terrazas exclusivas, ofreciendo una est\u00e9tica arquitect\u00f3nica pura. Gracias a su fabricaci\u00f3n en resina de alta densidad, garantiza una durabilidad excepcional frente al sol y la salinidad mediterr\u00e1nea.\" \/>\n<meta property=\"og:url\" content=\"https:\/\/www.lavillagardendesign.com\/product\/ulm-jardinera-alta-redonda-de-diseno-minimalista\/\" \/>\n<meta property=\"og:site_name\" content=\"La Villa Garden&amp;Design\" \/>\n<meta property=\"article:publisher\" content=\"https:\/\/www.facebook.com\/lavillagardendesign\/\" \/>\n<meta name=\"twitter:card\" content=\"summary_large_image\" \/>\n<script type=\"application\/ld+json\" class=\"yoast-schema-graph\">{\"@context\":\"https:\/\/schema.org\",\"@graph\":[{\"@type\":\"WebPage\",\"@id\":\"https:\/\/www.lavillagardendesign.com\/product\/ulm-jardinera-alta-redonda-de-diseno-minimalista\/\",\"url\":\"https:\/\/www.lavillagardendesign.com\/product\/ulm-jardinera-alta-redonda-de-diseno-minimalista\/\",\"name\":\"ULM - Jardinera alta redonda de dise\u00f1o minimalista - La Villa Garden&amp;Design\",\"isPartOf\":{\"@id\":\"https:\/\/www.lavillagardendesign.com\/#website\"},\"primaryImageOfPage\":{\"@id\":\"https:\/\/www.lavillagardendesign.com\/product\/ulm-jardinera-alta-redonda-de-diseno-minimalista\/#primaryimage\"},\"image\":{\"@id\":\"https:\/\/www.lavillagardendesign.com\/product\/ulm-jardinera-alta-redonda-de-diseno-minimalista\/#primaryimage\"},\"thumbnailUrl\":\"https:\/\/www.lavillagardendesign.com\/wp-content\/uploads\/2026\/04\/4-9.png\",\"datePublished\":\"2026-04-07T18:17:49+00:00\",\"breadcrumb\":{\"@id\":\"https:\/\/www.lavillagardendesign.com\/product\/ulm-jardinera-alta-redonda-de-diseno-minimalista\/#breadcrumb\"},\"inLanguage\":\"es\",\"potentialAction\":[{\"@type\":\"ReadAction\",\"target\":[\"https:\/\/www.lavillagardendesign.com\/product\/ulm-jardinera-alta-redonda-de-diseno-minimalista\/\"]}]},{\"@type\":\"ImageObject\",\"inLanguage\":\"es\",\"@id\":\"https:\/\/www.lavillagardendesign.com\/product\/ulm-jardinera-alta-redonda-de-diseno-minimalista\/#primaryimage\",\"url\":\"https:\/\/www.lavillagardendesign.com\/wp-content\/uploads\/2026\/04\/4-9.png\",\"contentUrl\":\"https:\/\/www.lavillagardendesign.com\/wp-content\/uploads\/2026\/04\/4-9.png\",\"width\":700,\"height\":800},{\"@type\":\"BreadcrumbList\",\"@id\":\"https:\/\/www.lavillagardendesign.com\/product\/ulm-jardinera-alta-redonda-de-diseno-minimalista\/#breadcrumb\",\"itemListElement\":[{\"@type\":\"ListItem\",\"position\":1,\"name\":\"Home\",\"item\":\"https:\/\/www.lavillagardendesign.com\/\"},{\"@type\":\"ListItem\",\"position\":2,\"name\":\"Tienda\",\"item\":\"https:\/\/www.lavillagardendesign.com\/es\/tienda\/\"},{\"@type\":\"ListItem\",\"position\":3,\"name\":\"ULM &#8211; Jardinera alta redonda de dise\u00f1o minimalista\"}]},{\"@type\":\"WebSite\",\"@id\":\"https:\/\/www.lavillagardendesign.com\/#website\",\"url\":\"https:\/\/www.lavillagardendesign.com\/\",\"name\":\"La Villa Garden&Design\",\"description\":\"\",\"publisher\":{\"@id\":\"https:\/\/www.lavillagardendesign.com\/#organization\"},\"potentialAction\":[{\"@type\":\"SearchAction\",\"target\":{\"@type\":\"EntryPoint\",\"urlTemplate\":\"https:\/\/www.lavillagardendesign.com\/?s={search_term_string}\"},\"query-input\":{\"@type\":\"PropertyValueSpecification\",\"valueRequired\":true,\"valueName\":\"search_term_string\"}}],\"inLanguage\":\"es\"},{\"@type\":\"Organization\",\"@id\":\"https:\/\/www.lavillagardendesign.com\/#organization\",\"name\":\"La Villa Garden&Design\",\"url\":\"https:\/\/www.lavillagardendesign.com\/\",\"logo\":{\"@type\":\"ImageObject\",\"inLanguage\":\"es\",\"@id\":\"https:\/\/www.lavillagardendesign.com\/#\/schema\/logo\/image\/\",\"url\":\"https:\/\/www.lavillagardendesign.com\/wp-content\/uploads\/2024\/04\/logolavilla.png\",\"contentUrl\":\"https:\/\/www.lavillagardendesign.com\/wp-content\/uploads\/2024\/04\/logolavilla.png\",\"width\":682,\"height\":391,\"caption\":\"La Villa Garden&Design\"},\"image\":{\"@id\":\"https:\/\/www.lavillagardendesign.com\/#\/schema\/logo\/image\/\"},\"sameAs\":[\"https:\/\/www.facebook.com\/lavillagardendesign\/\"]}]}<\/script>\n<!-- \/ Yoast SEO plugin. -->","yoast_head_json":{"title":"ULM - Jardinera alta redonda de dise\u00f1o minimalista - La Villa Garden&amp;Design","robots":{"index":"index","follow":"follow","max-snippet":"max-snippet:-1","max-image-preview":"max-image-preview:large","max-video-preview":"max-video-preview:-1"},"canonical":"https:\/\/www.lavillagardendesign.com\/product\/ulm-jardinera-alta-redonda-de-diseno-minimalista\/","og_locale":"es_ES","og_type":"article","og_title":"ULM - Jardinera alta redonda de dise\u00f1o minimalista - La Villa Garden&amp;Design","og_description":"La variante de silueta alta de la colecci\u00f3n Ulm, dise\u00f1ada por Ram\u00f3n Esteve, es la m\u00e1xima expresi\u00f3n de la elegancia vertical. Su alto dise\u00f1o redondeado crea puntos focales visuales de gran impacto en villas y terrazas exclusivas, ofreciendo una est\u00e9tica arquitect\u00f3nica pura. Gracias a su fabricaci\u00f3n en resina de alta densidad, garantiza una durabilidad excepcional frente al sol y la salinidad mediterr\u00e1nea.","og_url":"https:\/\/www.lavillagardendesign.com\/product\/ulm-jardinera-alta-redonda-de-diseno-minimalista\/","og_site_name":"La Villa Garden&amp;Design","article_publisher":"https:\/\/www.facebook.com\/lavillagardendesign\/","twitter_card":"summary_large_image","schema":{"@context":"https:\/\/schema.org","@graph":[{"@type":"WebPage","@id":"https:\/\/www.lavillagardendesign.com\/product\/ulm-jardinera-alta-redonda-de-diseno-minimalista\/","url":"https:\/\/www.lavillagardendesign.com\/product\/ulm-jardinera-alta-redonda-de-diseno-minimalista\/","name":"ULM - Jardinera alta redonda de dise\u00f1o minimalista - La Villa Garden&amp;Design","isPartOf":{"@id":"https:\/\/www.lavillagardendesign.com\/#website"},"primaryImageOfPage":{"@id":"https:\/\/www.lavillagardendesign.com\/product\/ulm-jardinera-alta-redonda-de-diseno-minimalista\/#primaryimage"},"image":{"@id":"https:\/\/www.lavillagardendesign.com\/product\/ulm-jardinera-alta-redonda-de-diseno-minimalista\/#primaryimage"},"thumbnailUrl":"https:\/\/www.lavillagardendesign.com\/wp-content\/uploads\/2026\/04\/4-9.png","datePublished":"2026-04-07T18:17:49+00:00","breadcrumb":{"@id":"https:\/\/www.lavillagardendesign.com\/product\/ulm-jardinera-alta-redonda-de-diseno-minimalista\/#breadcrumb"},"inLanguage":"es","potentialAction":[{"@type":"ReadAction","target":["https:\/\/www.lavillagardendesign.com\/product\/ulm-jardinera-alta-redonda-de-diseno-minimalista\/"]}]},{"@type":"ImageObject","inLanguage":"es","@id":"https:\/\/www.lavillagardendesign.com\/product\/ulm-jardinera-alta-redonda-de-diseno-minimalista\/#primaryimage","url":"https:\/\/www.lavillagardendesign.com\/wp-content\/uploads\/2026\/04\/4-9.png","contentUrl":"https:\/\/www.lavillagardendesign.com\/wp-content\/uploads\/2026\/04\/4-9.png","width":700,"height":800},{"@type":"BreadcrumbList","@id":"https:\/\/www.lavillagardendesign.com\/product\/ulm-jardinera-alta-redonda-de-diseno-minimalista\/#breadcrumb","itemListElement":[{"@type":"ListItem","position":1,"name":"Home","item":"https:\/\/www.lavillagardendesign.com\/"},{"@type":"ListItem","position":2,"name":"Tienda","item":"https:\/\/www.lavillagardendesign.com\/es\/tienda\/"},{"@type":"ListItem","position":3,"name":"ULM &#8211; Jardinera alta redonda de dise\u00f1o minimalista"}]},{"@type":"WebSite","@id":"https:\/\/www.lavillagardendesign.com\/#website","url":"https:\/\/www.lavillagardendesign.com\/","name":"La Villa Garden&Design","description":"","publisher":{"@id":"https:\/\/www.lavillagardendesign.com\/#organization"},"potentialAction":[{"@type":"SearchAction","target":{"@type":"EntryPoint","urlTemplate":"https:\/\/www.lavillagardendesign.com\/?s={search_term_string}"},"query-input":{"@type":"PropertyValueSpecification","valueRequired":true,"valueName":"search_term_string"}}],"inLanguage":"es"},{"@type":"Organization","@id":"https:\/\/www.lavillagardendesign.com\/#organization","name":"La Villa Garden&Design","url":"https:\/\/www.lavillagardendesign.com\/","logo":{"@type":"ImageObject","inLanguage":"es","@id":"https:\/\/www.lavillagardendesign.com\/#\/schema\/logo\/image\/","url":"https:\/\/www.lavillagardendesign.com\/wp-content\/uploads\/2024\/04\/logolavilla.png","contentUrl":"https:\/\/www.lavillagardendesign.com\/wp-content\/uploads\/2024\/04\/logolavilla.png","width":682,"height":391,"caption":"La Villa Garden&Design"},"image":{"@id":"https:\/\/www.lavillagardendesign.com\/#\/schema\/logo\/image\/"},"sameAs":["https:\/\/www.facebook.com\/lavillagardendesign\/"]}]}},"_links":{"self":[{"href":"https:\/\/www.lavillagardendesign.com\/es\/wp-json\/wp\/v2\/product\/70128","targetHints":{"allow":["GET"]}}],"collection":[{"href":"https:\/\/www.lavillagardendesign.com\/es\/wp-json\/wp\/v2\/product"}],"about":[{"href":"https:\/\/www.lavillagardendesign.com\/es\/wp-json\/wp\/v2\/types\/product"}],"replies":[{"embeddable":true,"href":"https:\/\/www.lavillagardendesign.com\/es\/wp-json\/wp\/v2\/comments?post=70128"}],"version-history":[{"count":0,"href":"https:\/\/www.lavillagardendesign.com\/es\/wp-json\/wp\/v2\/product\/70128\/revisions"}],"wp:featuredmedia":[{"embeddable":true,"href":"https:\/\/www.lavillagardendesign.com\/es\/wp-json\/wp\/v2\/media\/69278"}],"wp:attachment":[{"href":"https:\/\/www.lavillagardendesign.com\/es\/wp-json\/wp\/v2\/media?parent=70128"}],"wp:term":[{"taxonomy":"product_brand","embeddable":true,"href":"https:\/\/www.lavillagardendesign.com\/es\/wp-json\/wp\/v2\/product_brand?post=70128"},{"taxonomy":"product_cat","embeddable":true,"href":"https:\/\/www.lavillagardendesign.com\/es\/wp-json\/wp\/v2\/product_cat?post=70128"},{"taxonomy":"product_tag","embeddable":true,"href":"https:\/\/www.lavillagardendesign.com\/es\/wp-json\/wp\/v2\/product_tag?post=70128"}],"curies":[{"name":"wp","href":"https:\/\/api.w.org\/{rel}","templated":true}]}}