{"id":70011,"date":"2026-04-07T19:17:49","date_gmt":"2026-04-07T18:17:49","guid":{"rendered":"https:\/\/www.lavillagardendesign.com\/product\/ulm-coleccion-de-maceteros-cuadrados-8-variantes\/"},"modified":"2026-04-09T14:30:50","modified_gmt":"2026-04-09T13:30:50","slug":"ulm-coleccion-de-maceteros-cuadrados-8-variantes","status":"publish","type":"product","link":"https:\/\/www.lavillagardendesign.com\/es\/producto\/ulm-coleccion-de-maceteros-cuadrados-8-variantes\/","title":{"rendered":"ULM &#8211; Colecci\u00f3n de Maceteros Cuadrados (8 Variantes)"},"content":{"rendered":"","protected":false},"excerpt":{"rendered":"<p>La serie Ulm, dise\u00f1ada por Ram\u00f3n Esteve para Vondom, es la m\u00e1xima expresi\u00f3n del racionalismo geom\u00e9trico. Esta chapa t\u00e9cnica unifica las ocho variantes cuadradas de la colecci\u00f3n, permitiendo una planificaci\u00f3n arquitect\u00f3nica precisa para jardines y terrazas de lujo. Desde los modelos compactos hasta los prismas de gran formato, cada pieza est\u00e1 fabricada con resina de polietileno de alta densidad, lo que garantiza una resistencia total a la intemperie y una est\u00e9tica minimalista atemporal.  <\/p>\n","protected":false},"featured_media":69383,"comment_status":"open","ping_status":"closed","template":"","meta":[],"product_brand":[5000],"product_cat":[6833,3098,3103],"product_tag":[],"class_list":{"0":"post-70011","1":"product","2":"type-product","3":"status-publish","4":"has-post-thumbnail","6":"product_brand-vondom","7":"product_cat-outdoor-es","8":"product_cat-accesorios","9":"product_cat-maceteros","11":"first","12":"instock","13":"taxable","14":"shipping-taxable","15":"purchasable","16":"product-type-variable"},"yoast_head":"<!-- This site is optimized with the Yoast SEO plugin v27.1.1 - https:\/\/yoast.com\/product\/yoast-seo-wordpress\/ -->\n<title>Jardineras Cuadradas Ulm | 8 Tama\u00f1os y Dise\u00f1os | La Villa Garden<\/title>\n<meta name=\"description\" content=\"Explora la gama completa de maceteros cuadrados Ulm. 8 combinaciones de altura y anchura en 14 colores. A partir de 90 \u20ac. Calidad premium para villas exclusivas.\" \/>\n<meta name=\"robots\" content=\"index, follow, max-snippet:-1, max-image-preview:large, max-video-preview:-1\" \/>\n<link rel=\"canonical\" href=\"https:\/\/www.lavillagardendesign.com\/es\/producto\/ulm-coleccion-de-maceteros-cuadrados-8-variantes\/\" \/>\n<meta property=\"og:locale\" content=\"es_ES\" \/>\n<meta property=\"og:type\" content=\"article\" \/>\n<meta property=\"og:title\" content=\"Jardineras Cuadradas Ulm | 8 Tama\u00f1os y Dise\u00f1os | La Villa Garden\" \/>\n<meta property=\"og:description\" content=\"Explora la gama completa de maceteros cuadrados Ulm. 8 combinaciones de altura y anchura en 14 colores. A partir de 90 \u20ac. Calidad premium para villas exclusivas.\" \/>\n<meta property=\"og:url\" content=\"https:\/\/www.lavillagardendesign.com\/es\/producto\/ulm-coleccion-de-maceteros-cuadrados-8-variantes\/\" \/>\n<meta property=\"og:site_name\" content=\"La Villa Garden&amp;Design\" \/>\n<meta property=\"article:publisher\" content=\"https:\/\/www.facebook.com\/lavillagardendesign\/\" \/>\n<meta property=\"article:modified_time\" content=\"2026-04-09T13:30:50+00:00\" \/>\n<meta property=\"og:image\" content=\"https:\/\/www.lavillagardendesign.com\/wp-content\/uploads\/2026\/04\/6-5.png\" \/>\n\t<meta property=\"og:image:width\" content=\"700\" \/>\n\t<meta property=\"og:image:height\" content=\"800\" \/>\n\t<meta property=\"og:image:type\" content=\"image\/png\" \/>\n<meta name=\"twitter:card\" content=\"summary_large_image\" \/>\n<script type=\"application\/ld+json\" class=\"yoast-schema-graph\">{\"@context\":\"https:\/\/schema.org\",\"@graph\":[{\"@type\":\"WebPage\",\"@id\":\"https:\/\/www.lavillagardendesign.com\/es\/producto\/ulm-coleccion-de-maceteros-cuadrados-8-variantes\/\",\"url\":\"https:\/\/www.lavillagardendesign.com\/es\/producto\/ulm-coleccion-de-maceteros-cuadrados-8-variantes\/\",\"name\":\"Jardineras Cuadradas Ulm | 8 Tama\u00f1os y Dise\u00f1os | La Villa Garden\",\"isPartOf\":{\"@id\":\"https:\/\/www.lavillagardendesign.com\/#website\"},\"primaryImageOfPage\":{\"@id\":\"https:\/\/www.lavillagardendesign.com\/es\/producto\/ulm-coleccion-de-maceteros-cuadrados-8-variantes\/#primaryimage\"},\"image\":{\"@id\":\"https:\/\/www.lavillagardendesign.com\/es\/producto\/ulm-coleccion-de-maceteros-cuadrados-8-variantes\/#primaryimage\"},\"thumbnailUrl\":\"https:\/\/www.lavillagardendesign.com\/wp-content\/uploads\/2026\/04\/6-5.png\",\"datePublished\":\"2026-04-07T18:17:49+00:00\",\"dateModified\":\"2026-04-09T13:30:50+00:00\",\"description\":\"Explora la gama completa de maceteros cuadrados Ulm. 8 combinaciones de altura y anchura en 14 colores. A partir de 90 \u20ac. Calidad premium para villas exclusivas.\",\"breadcrumb\":{\"@id\":\"https:\/\/www.lavillagardendesign.com\/es\/producto\/ulm-coleccion-de-maceteros-cuadrados-8-variantes\/#breadcrumb\"},\"inLanguage\":\"es\",\"potentialAction\":[{\"@type\":\"ReadAction\",\"target\":[\"https:\/\/www.lavillagardendesign.com\/es\/producto\/ulm-coleccion-de-maceteros-cuadrados-8-variantes\/\"]}]},{\"@type\":\"ImageObject\",\"inLanguage\":\"es\",\"@id\":\"https:\/\/www.lavillagardendesign.com\/es\/producto\/ulm-coleccion-de-maceteros-cuadrados-8-variantes\/#primaryimage\",\"url\":\"https:\/\/www.lavillagardendesign.com\/wp-content\/uploads\/2026\/04\/6-5.png\",\"contentUrl\":\"https:\/\/www.lavillagardendesign.com\/wp-content\/uploads\/2026\/04\/6-5.png\",\"width\":700,\"height\":800},{\"@type\":\"BreadcrumbList\",\"@id\":\"https:\/\/www.lavillagardendesign.com\/es\/producto\/ulm-coleccion-de-maceteros-cuadrados-8-variantes\/#breadcrumb\",\"itemListElement\":[{\"@type\":\"ListItem\",\"position\":1,\"name\":\"Home\",\"item\":\"https:\/\/www.lavillagardendesign.com\/\"},{\"@type\":\"ListItem\",\"position\":2,\"name\":\"Tienda\",\"item\":\"https:\/\/www.lavillagardendesign.com\/es\/tienda\/\"},{\"@type\":\"ListItem\",\"position\":3,\"name\":\"ULM &#8211; Colecci\u00f3n de Maceteros Cuadrados (8 Variantes)\"}]},{\"@type\":\"WebSite\",\"@id\":\"https:\/\/www.lavillagardendesign.com\/#website\",\"url\":\"https:\/\/www.lavillagardendesign.com\/\",\"name\":\"La Villa Garden&Design\",\"description\":\"\",\"publisher\":{\"@id\":\"https:\/\/www.lavillagardendesign.com\/#organization\"},\"potentialAction\":[{\"@type\":\"SearchAction\",\"target\":{\"@type\":\"EntryPoint\",\"urlTemplate\":\"https:\/\/www.lavillagardendesign.com\/?s={search_term_string}\"},\"query-input\":{\"@type\":\"PropertyValueSpecification\",\"valueRequired\":true,\"valueName\":\"search_term_string\"}}],\"inLanguage\":\"es\"},{\"@type\":\"Organization\",\"@id\":\"https:\/\/www.lavillagardendesign.com\/#organization\",\"name\":\"La Villa Garden&Design\",\"url\":\"https:\/\/www.lavillagardendesign.com\/\",\"logo\":{\"@type\":\"ImageObject\",\"inLanguage\":\"es\",\"@id\":\"https:\/\/www.lavillagardendesign.com\/#\/schema\/logo\/image\/\",\"url\":\"https:\/\/www.lavillagardendesign.com\/wp-content\/uploads\/2024\/04\/logolavilla.png\",\"contentUrl\":\"https:\/\/www.lavillagardendesign.com\/wp-content\/uploads\/2024\/04\/logolavilla.png\",\"width\":682,\"height\":391,\"caption\":\"La Villa Garden&Design\"},\"image\":{\"@id\":\"https:\/\/www.lavillagardendesign.com\/#\/schema\/logo\/image\/\"},\"sameAs\":[\"https:\/\/www.facebook.com\/lavillagardendesign\/\"]}]}<\/script>\n<!-- \/ Yoast SEO plugin. -->","yoast_head_json":{"title":"Jardineras Cuadradas Ulm | 8 Tama\u00f1os y Dise\u00f1os | La Villa Garden","description":"Explora la gama completa de maceteros cuadrados Ulm. 8 combinaciones de altura y anchura en 14 colores. A partir de 90 \u20ac. Calidad premium para villas exclusivas.","robots":{"index":"index","follow":"follow","max-snippet":"max-snippet:-1","max-image-preview":"max-image-preview:large","max-video-preview":"max-video-preview:-1"},"canonical":"https:\/\/www.lavillagardendesign.com\/es\/producto\/ulm-coleccion-de-maceteros-cuadrados-8-variantes\/","og_locale":"es_ES","og_type":"article","og_title":"Jardineras Cuadradas Ulm | 8 Tama\u00f1os y Dise\u00f1os | La Villa Garden","og_description":"Explora la gama completa de maceteros cuadrados Ulm. 8 combinaciones de altura y anchura en 14 colores. A partir de 90 \u20ac. Calidad premium para villas exclusivas.","og_url":"https:\/\/www.lavillagardendesign.com\/es\/producto\/ulm-coleccion-de-maceteros-cuadrados-8-variantes\/","og_site_name":"La Villa Garden&amp;Design","article_publisher":"https:\/\/www.facebook.com\/lavillagardendesign\/","article_modified_time":"2026-04-09T13:30:50+00:00","og_image":[{"width":700,"height":800,"url":"https:\/\/www.lavillagardendesign.com\/wp-content\/uploads\/2026\/04\/6-5.png","type":"image\/png"}],"twitter_card":"summary_large_image","schema":{"@context":"https:\/\/schema.org","@graph":[{"@type":"WebPage","@id":"https:\/\/www.lavillagardendesign.com\/es\/producto\/ulm-coleccion-de-maceteros-cuadrados-8-variantes\/","url":"https:\/\/www.lavillagardendesign.com\/es\/producto\/ulm-coleccion-de-maceteros-cuadrados-8-variantes\/","name":"Jardineras Cuadradas Ulm | 8 Tama\u00f1os y Dise\u00f1os | La Villa Garden","isPartOf":{"@id":"https:\/\/www.lavillagardendesign.com\/#website"},"primaryImageOfPage":{"@id":"https:\/\/www.lavillagardendesign.com\/es\/producto\/ulm-coleccion-de-maceteros-cuadrados-8-variantes\/#primaryimage"},"image":{"@id":"https:\/\/www.lavillagardendesign.com\/es\/producto\/ulm-coleccion-de-maceteros-cuadrados-8-variantes\/#primaryimage"},"thumbnailUrl":"https:\/\/www.lavillagardendesign.com\/wp-content\/uploads\/2026\/04\/6-5.png","datePublished":"2026-04-07T18:17:49+00:00","dateModified":"2026-04-09T13:30:50+00:00","description":"Explora la gama completa de maceteros cuadrados Ulm. 8 combinaciones de altura y anchura en 14 colores. A partir de 90 \u20ac. Calidad premium para villas exclusivas.","breadcrumb":{"@id":"https:\/\/www.lavillagardendesign.com\/es\/producto\/ulm-coleccion-de-maceteros-cuadrados-8-variantes\/#breadcrumb"},"inLanguage":"es","potentialAction":[{"@type":"ReadAction","target":["https:\/\/www.lavillagardendesign.com\/es\/producto\/ulm-coleccion-de-maceteros-cuadrados-8-variantes\/"]}]},{"@type":"ImageObject","inLanguage":"es","@id":"https:\/\/www.lavillagardendesign.com\/es\/producto\/ulm-coleccion-de-maceteros-cuadrados-8-variantes\/#primaryimage","url":"https:\/\/www.lavillagardendesign.com\/wp-content\/uploads\/2026\/04\/6-5.png","contentUrl":"https:\/\/www.lavillagardendesign.com\/wp-content\/uploads\/2026\/04\/6-5.png","width":700,"height":800},{"@type":"BreadcrumbList","@id":"https:\/\/www.lavillagardendesign.com\/es\/producto\/ulm-coleccion-de-maceteros-cuadrados-8-variantes\/#breadcrumb","itemListElement":[{"@type":"ListItem","position":1,"name":"Home","item":"https:\/\/www.lavillagardendesign.com\/"},{"@type":"ListItem","position":2,"name":"Tienda","item":"https:\/\/www.lavillagardendesign.com\/es\/tienda\/"},{"@type":"ListItem","position":3,"name":"ULM &#8211; Colecci\u00f3n de Maceteros Cuadrados (8 Variantes)"}]},{"@type":"WebSite","@id":"https:\/\/www.lavillagardendesign.com\/#website","url":"https:\/\/www.lavillagardendesign.com\/","name":"La Villa Garden&Design","description":"","publisher":{"@id":"https:\/\/www.lavillagardendesign.com\/#organization"},"potentialAction":[{"@type":"SearchAction","target":{"@type":"EntryPoint","urlTemplate":"https:\/\/www.lavillagardendesign.com\/?s={search_term_string}"},"query-input":{"@type":"PropertyValueSpecification","valueRequired":true,"valueName":"search_term_string"}}],"inLanguage":"es"},{"@type":"Organization","@id":"https:\/\/www.lavillagardendesign.com\/#organization","name":"La Villa Garden&Design","url":"https:\/\/www.lavillagardendesign.com\/","logo":{"@type":"ImageObject","inLanguage":"es","@id":"https:\/\/www.lavillagardendesign.com\/#\/schema\/logo\/image\/","url":"https:\/\/www.lavillagardendesign.com\/wp-content\/uploads\/2024\/04\/logolavilla.png","contentUrl":"https:\/\/www.lavillagardendesign.com\/wp-content\/uploads\/2024\/04\/logolavilla.png","width":682,"height":391,"caption":"La Villa Garden&Design"},"image":{"@id":"https:\/\/www.lavillagardendesign.com\/#\/schema\/logo\/image\/"},"sameAs":["https:\/\/www.facebook.com\/lavillagardendesign\/"]}]}},"_links":{"self":[{"href":"https:\/\/www.lavillagardendesign.com\/es\/wp-json\/wp\/v2\/product\/70011","targetHints":{"allow":["GET"]}}],"collection":[{"href":"https:\/\/www.lavillagardendesign.com\/es\/wp-json\/wp\/v2\/product"}],"about":[{"href":"https:\/\/www.lavillagardendesign.com\/es\/wp-json\/wp\/v2\/types\/product"}],"replies":[{"embeddable":true,"href":"https:\/\/www.lavillagardendesign.com\/es\/wp-json\/wp\/v2\/comments?post=70011"}],"version-history":[{"count":1,"href":"https:\/\/www.lavillagardendesign.com\/es\/wp-json\/wp\/v2\/product\/70011\/revisions"}],"predecessor-version":[{"id":70309,"href":"https:\/\/www.lavillagardendesign.com\/es\/wp-json\/wp\/v2\/product\/70011\/revisions\/70309"}],"wp:featuredmedia":[{"embeddable":true,"href":"https:\/\/www.lavillagardendesign.com\/es\/wp-json\/wp\/v2\/media\/69383"}],"wp:attachment":[{"href":"https:\/\/www.lavillagardendesign.com\/es\/wp-json\/wp\/v2\/media?parent=70011"}],"wp:term":[{"taxonomy":"product_brand","embeddable":true,"href":"https:\/\/www.lavillagardendesign.com\/es\/wp-json\/wp\/v2\/product_brand?post=70011"},{"taxonomy":"product_cat","embeddable":true,"href":"https:\/\/www.lavillagardendesign.com\/es\/wp-json\/wp\/v2\/product_cat?post=70011"},{"taxonomy":"product_tag","embeddable":true,"href":"https:\/\/www.lavillagardendesign.com\/es\/wp-json\/wp\/v2\/product_tag?post=70011"}],"curies":[{"name":"wp","href":"https:\/\/api.w.org\/{rel}","templated":true}]}}