{"id":70003,"date":"2026-04-07T19:17:48","date_gmt":"2026-04-07T18:17:48","guid":{"rendered":"https:\/\/www.lavillagardendesign.com\/product\/faz-jardinera-de-diseno-mineral\/"},"modified":"2026-04-09T14:30:50","modified_gmt":"2026-04-09T13:30:50","slug":"faz-jardinera-de-diseno-mineral","status":"publish","type":"product","link":"https:\/\/www.lavillagardendesign.com\/es\/producto\/faz-jardinera-de-diseno-mineral\/","title":{"rendered":"FAZ &#8211; Jardinera de dise\u00f1o mineral"},"content":{"rendered":"","protected":false},"excerpt":{"rendered":"<p>Dise\u00f1ada por Ram\u00f3n Esteve para Vondom, la colecci\u00f3n Faz se inspira en las formas cristalinas de los minerales. Su geometr\u00eda vanguardista no s\u00f3lo aporta un car\u00e1cter arquitect\u00f3nico a tu jard\u00edn, sino que se integra armoniosamente en ambientes de lujo contempor\u00e1neo. Es una pieza de alta resistencia, ideal para villas que exigen durabilidad y un estilo visualmente impactante.  <\/p>\n","protected":false},"featured_media":69464,"comment_status":"open","ping_status":"closed","template":"","meta":[],"product_brand":[5000],"product_cat":[6833,3098,3103],"product_tag":[],"class_list":{"0":"post-70003","1":"product","2":"type-product","3":"status-publish","4":"has-post-thumbnail","6":"product_brand-vondom","7":"product_cat-outdoor-es","8":"product_cat-accesorios","9":"product_cat-maceteros","11":"first","12":"instock","13":"taxable","14":"shipping-taxable","15":"purchasable","16":"product-type-variable"},"yoast_head":"<!-- This site is optimized with the Yoast SEO plugin v27.1.1 - https:\/\/yoast.com\/product\/yoast-seo-wordpress\/ -->\n<title>Jardinera Faz de Ram\u00f3n Esteve | Dise\u00f1o Mineral | La Villa Garden<\/title>\n<meta name=\"description\" content=\"Compra la jardinera Faz en La Villa Garden. Dise\u00f1o facetado de Ram\u00f3n Esteve, disponible en 3 tama\u00f1os y 14 colores b\u00e1sicos. A partir de 160 \u20ac. Calidad premium para tu villa.\" \/>\n<meta name=\"robots\" content=\"index, follow, max-snippet:-1, max-image-preview:large, max-video-preview:-1\" \/>\n<link rel=\"canonical\" href=\"https:\/\/www.lavillagardendesign.com\/es\/producto\/faz-jardinera-de-diseno-mineral\/\" \/>\n<meta property=\"og:locale\" content=\"es_ES\" \/>\n<meta property=\"og:type\" content=\"article\" \/>\n<meta property=\"og:title\" content=\"Jardinera Faz de Ram\u00f3n Esteve | Dise\u00f1o Mineral | La Villa Garden\" \/>\n<meta property=\"og:description\" content=\"Compra la jardinera Faz en La Villa Garden. Dise\u00f1o facetado de Ram\u00f3n Esteve, disponible en 3 tama\u00f1os y 14 colores b\u00e1sicos. A partir de 160 \u20ac. Calidad premium para tu villa.\" \/>\n<meta property=\"og:url\" content=\"https:\/\/www.lavillagardendesign.com\/es\/producto\/faz-jardinera-de-diseno-mineral\/\" \/>\n<meta property=\"og:site_name\" content=\"La Villa Garden&amp;Design\" \/>\n<meta property=\"article:publisher\" content=\"https:\/\/www.facebook.com\/lavillagardendesign\/\" \/>\n<meta property=\"article:modified_time\" content=\"2026-04-09T13:30:50+00:00\" \/>\n<meta property=\"og:image\" content=\"https:\/\/www.lavillagardendesign.com\/wp-content\/uploads\/2026\/04\/5-8.png\" \/>\n\t<meta property=\"og:image:width\" content=\"700\" \/>\n\t<meta property=\"og:image:height\" content=\"800\" \/>\n\t<meta property=\"og:image:type\" content=\"image\/png\" \/>\n<meta name=\"twitter:card\" content=\"summary_large_image\" \/>\n<script type=\"application\/ld+json\" class=\"yoast-schema-graph\">{\"@context\":\"https:\/\/schema.org\",\"@graph\":[{\"@type\":\"WebPage\",\"@id\":\"https:\/\/www.lavillagardendesign.com\/es\/producto\/faz-jardinera-de-diseno-mineral\/\",\"url\":\"https:\/\/www.lavillagardendesign.com\/es\/producto\/faz-jardinera-de-diseno-mineral\/\",\"name\":\"Jardinera Faz de Ram\u00f3n Esteve | Dise\u00f1o Mineral | La Villa Garden\",\"isPartOf\":{\"@id\":\"https:\/\/www.lavillagardendesign.com\/#website\"},\"primaryImageOfPage\":{\"@id\":\"https:\/\/www.lavillagardendesign.com\/es\/producto\/faz-jardinera-de-diseno-mineral\/#primaryimage\"},\"image\":{\"@id\":\"https:\/\/www.lavillagardendesign.com\/es\/producto\/faz-jardinera-de-diseno-mineral\/#primaryimage\"},\"thumbnailUrl\":\"https:\/\/www.lavillagardendesign.com\/wp-content\/uploads\/2026\/04\/5-8.png\",\"datePublished\":\"2026-04-07T18:17:48+00:00\",\"dateModified\":\"2026-04-09T13:30:50+00:00\",\"description\":\"Compra la jardinera Faz en La Villa Garden. Dise\u00f1o facetado de Ram\u00f3n Esteve, disponible en 3 tama\u00f1os y 14 colores b\u00e1sicos. A partir de 160 \u20ac. Calidad premium para tu villa.\",\"breadcrumb\":{\"@id\":\"https:\/\/www.lavillagardendesign.com\/es\/producto\/faz-jardinera-de-diseno-mineral\/#breadcrumb\"},\"inLanguage\":\"es\",\"potentialAction\":[{\"@type\":\"ReadAction\",\"target\":[\"https:\/\/www.lavillagardendesign.com\/es\/producto\/faz-jardinera-de-diseno-mineral\/\"]}]},{\"@type\":\"ImageObject\",\"inLanguage\":\"es\",\"@id\":\"https:\/\/www.lavillagardendesign.com\/es\/producto\/faz-jardinera-de-diseno-mineral\/#primaryimage\",\"url\":\"https:\/\/www.lavillagardendesign.com\/wp-content\/uploads\/2026\/04\/5-8.png\",\"contentUrl\":\"https:\/\/www.lavillagardendesign.com\/wp-content\/uploads\/2026\/04\/5-8.png\",\"width\":700,\"height\":800},{\"@type\":\"BreadcrumbList\",\"@id\":\"https:\/\/www.lavillagardendesign.com\/es\/producto\/faz-jardinera-de-diseno-mineral\/#breadcrumb\",\"itemListElement\":[{\"@type\":\"ListItem\",\"position\":1,\"name\":\"Home\",\"item\":\"https:\/\/www.lavillagardendesign.com\/\"},{\"@type\":\"ListItem\",\"position\":2,\"name\":\"Tienda\",\"item\":\"https:\/\/www.lavillagardendesign.com\/es\/tienda\/\"},{\"@type\":\"ListItem\",\"position\":3,\"name\":\"FAZ &#8211; Jardinera de dise\u00f1o mineral\"}]},{\"@type\":\"WebSite\",\"@id\":\"https:\/\/www.lavillagardendesign.com\/#website\",\"url\":\"https:\/\/www.lavillagardendesign.com\/\",\"name\":\"La Villa Garden&Design\",\"description\":\"\",\"publisher\":{\"@id\":\"https:\/\/www.lavillagardendesign.com\/#organization\"},\"potentialAction\":[{\"@type\":\"SearchAction\",\"target\":{\"@type\":\"EntryPoint\",\"urlTemplate\":\"https:\/\/www.lavillagardendesign.com\/?s={search_term_string}\"},\"query-input\":{\"@type\":\"PropertyValueSpecification\",\"valueRequired\":true,\"valueName\":\"search_term_string\"}}],\"inLanguage\":\"es\"},{\"@type\":\"Organization\",\"@id\":\"https:\/\/www.lavillagardendesign.com\/#organization\",\"name\":\"La Villa Garden&Design\",\"url\":\"https:\/\/www.lavillagardendesign.com\/\",\"logo\":{\"@type\":\"ImageObject\",\"inLanguage\":\"es\",\"@id\":\"https:\/\/www.lavillagardendesign.com\/#\/schema\/logo\/image\/\",\"url\":\"https:\/\/www.lavillagardendesign.com\/wp-content\/uploads\/2024\/04\/logolavilla.png\",\"contentUrl\":\"https:\/\/www.lavillagardendesign.com\/wp-content\/uploads\/2024\/04\/logolavilla.png\",\"width\":682,\"height\":391,\"caption\":\"La Villa Garden&Design\"},\"image\":{\"@id\":\"https:\/\/www.lavillagardendesign.com\/#\/schema\/logo\/image\/\"},\"sameAs\":[\"https:\/\/www.facebook.com\/lavillagardendesign\/\"]}]}<\/script>\n<!-- \/ Yoast SEO plugin. -->","yoast_head_json":{"title":"Jardinera Faz de Ram\u00f3n Esteve | Dise\u00f1o Mineral | La Villa Garden","description":"Compra la jardinera Faz en La Villa Garden. Dise\u00f1o facetado de Ram\u00f3n Esteve, disponible en 3 tama\u00f1os y 14 colores b\u00e1sicos. A partir de 160 \u20ac. Calidad premium para tu villa.","robots":{"index":"index","follow":"follow","max-snippet":"max-snippet:-1","max-image-preview":"max-image-preview:large","max-video-preview":"max-video-preview:-1"},"canonical":"https:\/\/www.lavillagardendesign.com\/es\/producto\/faz-jardinera-de-diseno-mineral\/","og_locale":"es_ES","og_type":"article","og_title":"Jardinera Faz de Ram\u00f3n Esteve | Dise\u00f1o Mineral | La Villa Garden","og_description":"Compra la jardinera Faz en La Villa Garden. Dise\u00f1o facetado de Ram\u00f3n Esteve, disponible en 3 tama\u00f1os y 14 colores b\u00e1sicos. A partir de 160 \u20ac. Calidad premium para tu villa.","og_url":"https:\/\/www.lavillagardendesign.com\/es\/producto\/faz-jardinera-de-diseno-mineral\/","og_site_name":"La Villa Garden&amp;Design","article_publisher":"https:\/\/www.facebook.com\/lavillagardendesign\/","article_modified_time":"2026-04-09T13:30:50+00:00","og_image":[{"width":700,"height":800,"url":"https:\/\/www.lavillagardendesign.com\/wp-content\/uploads\/2026\/04\/5-8.png","type":"image\/png"}],"twitter_card":"summary_large_image","schema":{"@context":"https:\/\/schema.org","@graph":[{"@type":"WebPage","@id":"https:\/\/www.lavillagardendesign.com\/es\/producto\/faz-jardinera-de-diseno-mineral\/","url":"https:\/\/www.lavillagardendesign.com\/es\/producto\/faz-jardinera-de-diseno-mineral\/","name":"Jardinera Faz de Ram\u00f3n Esteve | Dise\u00f1o Mineral | La Villa Garden","isPartOf":{"@id":"https:\/\/www.lavillagardendesign.com\/#website"},"primaryImageOfPage":{"@id":"https:\/\/www.lavillagardendesign.com\/es\/producto\/faz-jardinera-de-diseno-mineral\/#primaryimage"},"image":{"@id":"https:\/\/www.lavillagardendesign.com\/es\/producto\/faz-jardinera-de-diseno-mineral\/#primaryimage"},"thumbnailUrl":"https:\/\/www.lavillagardendesign.com\/wp-content\/uploads\/2026\/04\/5-8.png","datePublished":"2026-04-07T18:17:48+00:00","dateModified":"2026-04-09T13:30:50+00:00","description":"Compra la jardinera Faz en La Villa Garden. Dise\u00f1o facetado de Ram\u00f3n Esteve, disponible en 3 tama\u00f1os y 14 colores b\u00e1sicos. A partir de 160 \u20ac. Calidad premium para tu villa.","breadcrumb":{"@id":"https:\/\/www.lavillagardendesign.com\/es\/producto\/faz-jardinera-de-diseno-mineral\/#breadcrumb"},"inLanguage":"es","potentialAction":[{"@type":"ReadAction","target":["https:\/\/www.lavillagardendesign.com\/es\/producto\/faz-jardinera-de-diseno-mineral\/"]}]},{"@type":"ImageObject","inLanguage":"es","@id":"https:\/\/www.lavillagardendesign.com\/es\/producto\/faz-jardinera-de-diseno-mineral\/#primaryimage","url":"https:\/\/www.lavillagardendesign.com\/wp-content\/uploads\/2026\/04\/5-8.png","contentUrl":"https:\/\/www.lavillagardendesign.com\/wp-content\/uploads\/2026\/04\/5-8.png","width":700,"height":800},{"@type":"BreadcrumbList","@id":"https:\/\/www.lavillagardendesign.com\/es\/producto\/faz-jardinera-de-diseno-mineral\/#breadcrumb","itemListElement":[{"@type":"ListItem","position":1,"name":"Home","item":"https:\/\/www.lavillagardendesign.com\/"},{"@type":"ListItem","position":2,"name":"Tienda","item":"https:\/\/www.lavillagardendesign.com\/es\/tienda\/"},{"@type":"ListItem","position":3,"name":"FAZ &#8211; Jardinera de dise\u00f1o mineral"}]},{"@type":"WebSite","@id":"https:\/\/www.lavillagardendesign.com\/#website","url":"https:\/\/www.lavillagardendesign.com\/","name":"La Villa Garden&Design","description":"","publisher":{"@id":"https:\/\/www.lavillagardendesign.com\/#organization"},"potentialAction":[{"@type":"SearchAction","target":{"@type":"EntryPoint","urlTemplate":"https:\/\/www.lavillagardendesign.com\/?s={search_term_string}"},"query-input":{"@type":"PropertyValueSpecification","valueRequired":true,"valueName":"search_term_string"}}],"inLanguage":"es"},{"@type":"Organization","@id":"https:\/\/www.lavillagardendesign.com\/#organization","name":"La Villa Garden&Design","url":"https:\/\/www.lavillagardendesign.com\/","logo":{"@type":"ImageObject","inLanguage":"es","@id":"https:\/\/www.lavillagardendesign.com\/#\/schema\/logo\/image\/","url":"https:\/\/www.lavillagardendesign.com\/wp-content\/uploads\/2024\/04\/logolavilla.png","contentUrl":"https:\/\/www.lavillagardendesign.com\/wp-content\/uploads\/2024\/04\/logolavilla.png","width":682,"height":391,"caption":"La Villa Garden&Design"},"image":{"@id":"https:\/\/www.lavillagardendesign.com\/#\/schema\/logo\/image\/"},"sameAs":["https:\/\/www.facebook.com\/lavillagardendesign\/"]}]}},"_links":{"self":[{"href":"https:\/\/www.lavillagardendesign.com\/es\/wp-json\/wp\/v2\/product\/70003","targetHints":{"allow":["GET"]}}],"collection":[{"href":"https:\/\/www.lavillagardendesign.com\/es\/wp-json\/wp\/v2\/product"}],"about":[{"href":"https:\/\/www.lavillagardendesign.com\/es\/wp-json\/wp\/v2\/types\/product"}],"replies":[{"embeddable":true,"href":"https:\/\/www.lavillagardendesign.com\/es\/wp-json\/wp\/v2\/comments?post=70003"}],"version-history":[{"count":1,"href":"https:\/\/www.lavillagardendesign.com\/es\/wp-json\/wp\/v2\/product\/70003\/revisions"}],"predecessor-version":[{"id":70310,"href":"https:\/\/www.lavillagardendesign.com\/es\/wp-json\/wp\/v2\/product\/70003\/revisions\/70310"}],"wp:featuredmedia":[{"embeddable":true,"href":"https:\/\/www.lavillagardendesign.com\/es\/wp-json\/wp\/v2\/media\/69464"}],"wp:attachment":[{"href":"https:\/\/www.lavillagardendesign.com\/es\/wp-json\/wp\/v2\/media?parent=70003"}],"wp:term":[{"taxonomy":"product_brand","embeddable":true,"href":"https:\/\/www.lavillagardendesign.com\/es\/wp-json\/wp\/v2\/product_brand?post=70003"},{"taxonomy":"product_cat","embeddable":true,"href":"https:\/\/www.lavillagardendesign.com\/es\/wp-json\/wp\/v2\/product_cat?post=70003"},{"taxonomy":"product_tag","embeddable":true,"href":"https:\/\/www.lavillagardendesign.com\/es\/wp-json\/wp\/v2\/product_tag?post=70003"}],"curies":[{"name":"wp","href":"https:\/\/api.w.org\/{rel}","templated":true}]}}