{"id":69727,"date":"2026-04-08T18:28:01","date_gmt":"2026-04-08T17:28:01","guid":{"rendered":"https:\/\/www.lavillagardendesign.com\/product\/stanton-mesa-de-interior-de-madera-reciclada-y-acero-inoxidable\/"},"modified":"2026-04-08T18:28:01","modified_gmt":"2026-04-08T17:28:01","slug":"stanton-mesa-de-interior-de-madera-reciclada-y-acero-inoxidable","status":"publish","type":"product","link":"https:\/\/www.lavillagardendesign.com\/es\/producto\/stanton-mesa-de-interior-de-madera-reciclada-y-acero-inoxidable\/","title":{"rendered":"STANTON &#8211; Mesa de interior de madera reciclada y acero inoxidable"},"content":{"rendered":"","protected":false},"excerpt":{"rendered":"<p>La mesa STANTON representa el equilibrio perfecto entre la sostenibilidad artesanal y el dise\u00f1o industrial contempor\u00e1neo. Su imponente tablero de madera reciclada con acabado natural conserva las marcas del tiempo, las grietas y las imperfecciones que dan a cada pieza una personalidad \u00fanica y original. Protegida por una superficie de cristal templado que resalta la textura de las tablas sin pulir, esta mesa descansa sobre una estructura de acero inoxidable, asegurando una presencia escultural en cualquier terraza de lujo.  <\/p>\n","protected":false},"featured_media":69648,"comment_status":"open","ping_status":"closed","template":"","meta":[],"product_brand":[4998],"product_cat":[5341,6677],"product_tag":[],"class_list":{"0":"post-69727","1":"product","2":"type-product","3":"status-publish","4":"has-post-thumbnail","6":"product_brand-la-villa","7":"product_cat-indoor-es","8":"product_cat-mesas-de-interior","10":"first","11":"instock","12":"taxable","13":"shipping-taxable","14":"purchasable","15":"product-type-variable"},"yoast_head":"<!-- This site is optimized with the Yoast SEO plugin v27.1.1 - https:\/\/yoast.com\/product\/yoast-seo-wordpress\/ -->\n<title>Mesa STANTON | Madera reciclada y acero inoxidable | La Villa<\/title>\n<meta name=\"description\" content=\"Descubre la mesa STANTON. Dise\u00f1o \u00fanico en madera reciclada, cristal templado y acero inoxidable. Calidad superior y exclusividad para tu jard\u00edn o terraza.\" \/>\n<meta name=\"robots\" content=\"index, follow, max-snippet:-1, max-image-preview:large, max-video-preview:-1\" \/>\n<link rel=\"canonical\" href=\"https:\/\/www.lavillagardendesign.com\/es\/producto\/stanton-mesa-de-interior-de-madera-reciclada-y-acero-inoxidable\/\" \/>\n<meta property=\"og:locale\" content=\"es_ES\" \/>\n<meta property=\"og:type\" content=\"article\" \/>\n<meta property=\"og:title\" content=\"Mesa STANTON | Madera reciclada y acero inoxidable | La Villa\" \/>\n<meta property=\"og:description\" content=\"Descubre la mesa STANTON. Dise\u00f1o \u00fanico en madera reciclada, cristal templado y acero inoxidable. Calidad superior y exclusividad para tu jard\u00edn o terraza.\" \/>\n<meta property=\"og:url\" content=\"https:\/\/www.lavillagardendesign.com\/es\/producto\/stanton-mesa-de-interior-de-madera-reciclada-y-acero-inoxidable\/\" \/>\n<meta property=\"og:site_name\" content=\"La Villa Garden&amp;Design\" \/>\n<meta property=\"article:publisher\" content=\"https:\/\/www.facebook.com\/lavillagardendesign\/\" \/>\n<meta property=\"og:image\" content=\"https:\/\/www.lavillagardendesign.com\/wp-content\/uploads\/2026\/04\/2-17.png\" \/>\n\t<meta property=\"og:image:width\" content=\"700\" \/>\n\t<meta property=\"og:image:height\" content=\"800\" \/>\n\t<meta property=\"og:image:type\" content=\"image\/png\" \/>\n<meta name=\"twitter:card\" content=\"summary_large_image\" \/>\n<script type=\"application\/ld+json\" class=\"yoast-schema-graph\">{\"@context\":\"https:\/\/schema.org\",\"@graph\":[{\"@type\":\"WebPage\",\"@id\":\"https:\/\/www.lavillagardendesign.com\/es\/producto\/stanton-mesa-de-interior-de-madera-reciclada-y-acero-inoxidable\/\",\"url\":\"https:\/\/www.lavillagardendesign.com\/es\/producto\/stanton-mesa-de-interior-de-madera-reciclada-y-acero-inoxidable\/\",\"name\":\"Mesa STANTON | Madera reciclada y acero inoxidable | La Villa\",\"isPartOf\":{\"@id\":\"https:\/\/www.lavillagardendesign.com\/#website\"},\"primaryImageOfPage\":{\"@id\":\"https:\/\/www.lavillagardendesign.com\/es\/producto\/stanton-mesa-de-interior-de-madera-reciclada-y-acero-inoxidable\/#primaryimage\"},\"image\":{\"@id\":\"https:\/\/www.lavillagardendesign.com\/es\/producto\/stanton-mesa-de-interior-de-madera-reciclada-y-acero-inoxidable\/#primaryimage\"},\"thumbnailUrl\":\"https:\/\/www.lavillagardendesign.com\/wp-content\/uploads\/2026\/04\/2-17.png\",\"datePublished\":\"2026-04-08T17:28:01+00:00\",\"description\":\"Descubre la mesa STANTON. Dise\u00f1o \u00fanico en madera reciclada, cristal templado y acero inoxidable. Calidad superior y exclusividad para tu jard\u00edn o terraza.\",\"breadcrumb\":{\"@id\":\"https:\/\/www.lavillagardendesign.com\/es\/producto\/stanton-mesa-de-interior-de-madera-reciclada-y-acero-inoxidable\/#breadcrumb\"},\"inLanguage\":\"es\",\"potentialAction\":[{\"@type\":\"ReadAction\",\"target\":[\"https:\/\/www.lavillagardendesign.com\/es\/producto\/stanton-mesa-de-interior-de-madera-reciclada-y-acero-inoxidable\/\"]}]},{\"@type\":\"ImageObject\",\"inLanguage\":\"es\",\"@id\":\"https:\/\/www.lavillagardendesign.com\/es\/producto\/stanton-mesa-de-interior-de-madera-reciclada-y-acero-inoxidable\/#primaryimage\",\"url\":\"https:\/\/www.lavillagardendesign.com\/wp-content\/uploads\/2026\/04\/2-17.png\",\"contentUrl\":\"https:\/\/www.lavillagardendesign.com\/wp-content\/uploads\/2026\/04\/2-17.png\",\"width\":700,\"height\":800},{\"@type\":\"BreadcrumbList\",\"@id\":\"https:\/\/www.lavillagardendesign.com\/es\/producto\/stanton-mesa-de-interior-de-madera-reciclada-y-acero-inoxidable\/#breadcrumb\",\"itemListElement\":[{\"@type\":\"ListItem\",\"position\":1,\"name\":\"Home\",\"item\":\"https:\/\/www.lavillagardendesign.com\/\"},{\"@type\":\"ListItem\",\"position\":2,\"name\":\"Tienda\",\"item\":\"https:\/\/www.lavillagardendesign.com\/es\/tienda\/\"},{\"@type\":\"ListItem\",\"position\":3,\"name\":\"STANTON &#8211; Mesa de interior de madera reciclada y acero inoxidable\"}]},{\"@type\":\"WebSite\",\"@id\":\"https:\/\/www.lavillagardendesign.com\/#website\",\"url\":\"https:\/\/www.lavillagardendesign.com\/\",\"name\":\"La Villa Garden&Design\",\"description\":\"\",\"publisher\":{\"@id\":\"https:\/\/www.lavillagardendesign.com\/#organization\"},\"potentialAction\":[{\"@type\":\"SearchAction\",\"target\":{\"@type\":\"EntryPoint\",\"urlTemplate\":\"https:\/\/www.lavillagardendesign.com\/?s={search_term_string}\"},\"query-input\":{\"@type\":\"PropertyValueSpecification\",\"valueRequired\":true,\"valueName\":\"search_term_string\"}}],\"inLanguage\":\"es\"},{\"@type\":\"Organization\",\"@id\":\"https:\/\/www.lavillagardendesign.com\/#organization\",\"name\":\"La Villa Garden&Design\",\"url\":\"https:\/\/www.lavillagardendesign.com\/\",\"logo\":{\"@type\":\"ImageObject\",\"inLanguage\":\"es\",\"@id\":\"https:\/\/www.lavillagardendesign.com\/#\/schema\/logo\/image\/\",\"url\":\"https:\/\/www.lavillagardendesign.com\/wp-content\/uploads\/2024\/04\/logolavilla.png\",\"contentUrl\":\"https:\/\/www.lavillagardendesign.com\/wp-content\/uploads\/2024\/04\/logolavilla.png\",\"width\":682,\"height\":391,\"caption\":\"La Villa Garden&Design\"},\"image\":{\"@id\":\"https:\/\/www.lavillagardendesign.com\/#\/schema\/logo\/image\/\"},\"sameAs\":[\"https:\/\/www.facebook.com\/lavillagardendesign\/\"]}]}<\/script>\n<!-- \/ Yoast SEO plugin. -->","yoast_head_json":{"title":"Mesa STANTON | Madera reciclada y acero inoxidable | La Villa","description":"Descubre la mesa STANTON. Dise\u00f1o \u00fanico en madera reciclada, cristal templado y acero inoxidable. Calidad superior y exclusividad para tu jard\u00edn o terraza.","robots":{"index":"index","follow":"follow","max-snippet":"max-snippet:-1","max-image-preview":"max-image-preview:large","max-video-preview":"max-video-preview:-1"},"canonical":"https:\/\/www.lavillagardendesign.com\/es\/producto\/stanton-mesa-de-interior-de-madera-reciclada-y-acero-inoxidable\/","og_locale":"es_ES","og_type":"article","og_title":"Mesa STANTON | Madera reciclada y acero inoxidable | La Villa","og_description":"Descubre la mesa STANTON. Dise\u00f1o \u00fanico en madera reciclada, cristal templado y acero inoxidable. Calidad superior y exclusividad para tu jard\u00edn o terraza.","og_url":"https:\/\/www.lavillagardendesign.com\/es\/producto\/stanton-mesa-de-interior-de-madera-reciclada-y-acero-inoxidable\/","og_site_name":"La Villa Garden&amp;Design","article_publisher":"https:\/\/www.facebook.com\/lavillagardendesign\/","og_image":[{"width":700,"height":800,"url":"https:\/\/www.lavillagardendesign.com\/wp-content\/uploads\/2026\/04\/2-17.png","type":"image\/png"}],"twitter_card":"summary_large_image","schema":{"@context":"https:\/\/schema.org","@graph":[{"@type":"WebPage","@id":"https:\/\/www.lavillagardendesign.com\/es\/producto\/stanton-mesa-de-interior-de-madera-reciclada-y-acero-inoxidable\/","url":"https:\/\/www.lavillagardendesign.com\/es\/producto\/stanton-mesa-de-interior-de-madera-reciclada-y-acero-inoxidable\/","name":"Mesa STANTON | Madera reciclada y acero inoxidable | La Villa","isPartOf":{"@id":"https:\/\/www.lavillagardendesign.com\/#website"},"primaryImageOfPage":{"@id":"https:\/\/www.lavillagardendesign.com\/es\/producto\/stanton-mesa-de-interior-de-madera-reciclada-y-acero-inoxidable\/#primaryimage"},"image":{"@id":"https:\/\/www.lavillagardendesign.com\/es\/producto\/stanton-mesa-de-interior-de-madera-reciclada-y-acero-inoxidable\/#primaryimage"},"thumbnailUrl":"https:\/\/www.lavillagardendesign.com\/wp-content\/uploads\/2026\/04\/2-17.png","datePublished":"2026-04-08T17:28:01+00:00","description":"Descubre la mesa STANTON. Dise\u00f1o \u00fanico en madera reciclada, cristal templado y acero inoxidable. Calidad superior y exclusividad para tu jard\u00edn o terraza.","breadcrumb":{"@id":"https:\/\/www.lavillagardendesign.com\/es\/producto\/stanton-mesa-de-interior-de-madera-reciclada-y-acero-inoxidable\/#breadcrumb"},"inLanguage":"es","potentialAction":[{"@type":"ReadAction","target":["https:\/\/www.lavillagardendesign.com\/es\/producto\/stanton-mesa-de-interior-de-madera-reciclada-y-acero-inoxidable\/"]}]},{"@type":"ImageObject","inLanguage":"es","@id":"https:\/\/www.lavillagardendesign.com\/es\/producto\/stanton-mesa-de-interior-de-madera-reciclada-y-acero-inoxidable\/#primaryimage","url":"https:\/\/www.lavillagardendesign.com\/wp-content\/uploads\/2026\/04\/2-17.png","contentUrl":"https:\/\/www.lavillagardendesign.com\/wp-content\/uploads\/2026\/04\/2-17.png","width":700,"height":800},{"@type":"BreadcrumbList","@id":"https:\/\/www.lavillagardendesign.com\/es\/producto\/stanton-mesa-de-interior-de-madera-reciclada-y-acero-inoxidable\/#breadcrumb","itemListElement":[{"@type":"ListItem","position":1,"name":"Home","item":"https:\/\/www.lavillagardendesign.com\/"},{"@type":"ListItem","position":2,"name":"Tienda","item":"https:\/\/www.lavillagardendesign.com\/es\/tienda\/"},{"@type":"ListItem","position":3,"name":"STANTON &#8211; Mesa de interior de madera reciclada y acero inoxidable"}]},{"@type":"WebSite","@id":"https:\/\/www.lavillagardendesign.com\/#website","url":"https:\/\/www.lavillagardendesign.com\/","name":"La Villa Garden&Design","description":"","publisher":{"@id":"https:\/\/www.lavillagardendesign.com\/#organization"},"potentialAction":[{"@type":"SearchAction","target":{"@type":"EntryPoint","urlTemplate":"https:\/\/www.lavillagardendesign.com\/?s={search_term_string}"},"query-input":{"@type":"PropertyValueSpecification","valueRequired":true,"valueName":"search_term_string"}}],"inLanguage":"es"},{"@type":"Organization","@id":"https:\/\/www.lavillagardendesign.com\/#organization","name":"La Villa Garden&Design","url":"https:\/\/www.lavillagardendesign.com\/","logo":{"@type":"ImageObject","inLanguage":"es","@id":"https:\/\/www.lavillagardendesign.com\/#\/schema\/logo\/image\/","url":"https:\/\/www.lavillagardendesign.com\/wp-content\/uploads\/2024\/04\/logolavilla.png","contentUrl":"https:\/\/www.lavillagardendesign.com\/wp-content\/uploads\/2024\/04\/logolavilla.png","width":682,"height":391,"caption":"La Villa Garden&Design"},"image":{"@id":"https:\/\/www.lavillagardendesign.com\/#\/schema\/logo\/image\/"},"sameAs":["https:\/\/www.facebook.com\/lavillagardendesign\/"]}]}},"_links":{"self":[{"href":"https:\/\/www.lavillagardendesign.com\/es\/wp-json\/wp\/v2\/product\/69727","targetHints":{"allow":["GET"]}}],"collection":[{"href":"https:\/\/www.lavillagardendesign.com\/es\/wp-json\/wp\/v2\/product"}],"about":[{"href":"https:\/\/www.lavillagardendesign.com\/es\/wp-json\/wp\/v2\/types\/product"}],"replies":[{"embeddable":true,"href":"https:\/\/www.lavillagardendesign.com\/es\/wp-json\/wp\/v2\/comments?post=69727"}],"version-history":[{"count":0,"href":"https:\/\/www.lavillagardendesign.com\/es\/wp-json\/wp\/v2\/product\/69727\/revisions"}],"wp:featuredmedia":[{"embeddable":true,"href":"https:\/\/www.lavillagardendesign.com\/es\/wp-json\/wp\/v2\/media\/69648"}],"wp:attachment":[{"href":"https:\/\/www.lavillagardendesign.com\/es\/wp-json\/wp\/v2\/media?parent=69727"}],"wp:term":[{"taxonomy":"product_brand","embeddable":true,"href":"https:\/\/www.lavillagardendesign.com\/es\/wp-json\/wp\/v2\/product_brand?post=69727"},{"taxonomy":"product_cat","embeddable":true,"href":"https:\/\/www.lavillagardendesign.com\/es\/wp-json\/wp\/v2\/product_cat?post=69727"},{"taxonomy":"product_tag","embeddable":true,"href":"https:\/\/www.lavillagardendesign.com\/es\/wp-json\/wp\/v2\/product_tag?post=69727"}],"curies":[{"name":"wp","href":"https:\/\/api.w.org\/{rel}","templated":true}]}}