{"id":68857,"date":"2026-04-01T18:36:21","date_gmt":"2026-04-01T17:36:21","guid":{"rendered":"https:\/\/www.lavillagardendesign.com\/product\/bonnie-modulo-barbacoa-cocina-exterior\/"},"modified":"2026-04-01T18:36:21","modified_gmt":"2026-04-01T17:36:21","slug":"bonnie-modulo-barbacoa-cocina-exterior","status":"publish","type":"product","link":"https:\/\/www.lavillagardendesign.com\/es\/producto\/bonnie-modulo-barbacoa-cocina-exterior\/","title":{"rendered":"BONNIE &#8211; M\u00f3dulo barbacoa cocina exterior"},"content":{"rendered":"","protected":false},"excerpt":{"rendered":"<p>Eleva tu experiencia culinaria al aire libre con el m\u00f3dulo de barbacoa BONNIE. Esta pieza de alta ingenier\u00eda combina una funcionalidad avanzada y una est\u00e9tica contempor\u00e1nea, dise\u00f1ada espec\u00edficamente para integrarse en las cocinas de exterior m\u00e1s exigentes. Su estructura garantiza una resistencia excepcional a la intemperie, proporcionando un sofisticado centro de reuni\u00f3n para tus veladas mediterr\u00e1neas.  <\/p>\n<ul>\n<li>Gas GLP con encendido piezoelectr\u00f3nico.<\/li>\n<li>Montaje profesional: 1 plancha, 3 parrillas y 1 quemador lateral.<\/li>\n<li>5 quemadores de acero inoxidable y bandeja calientaplatos integrada.<\/li>\n<li>Almacenamiento inferior optimizado para bombonas de gas de hasta 6 kg.<\/li>\n<\/ul>\n","protected":false},"featured_media":68716,"comment_status":"open","ping_status":"closed","template":"","meta":[],"product_brand":[4998],"product_cat":[4775],"product_tag":[],"class_list":{"0":"post-68857","1":"product","2":"type-product","3":"status-publish","4":"has-post-thumbnail","6":"product_brand-la-villa","7":"product_cat-barbacoa","9":"first","10":"instock","11":"taxable","12":"shipping-taxable","13":"purchasable","14":"product-type-simple"},"yoast_head":"<!-- This site is optimized with the Yoast SEO plugin v27.1.1 - https:\/\/yoast.com\/product\/yoast-seo-wordpress\/ -->\n<title>BONNIE - Cocina de Lujo Exterior Barbacoa | La Villa Garden<\/title>\n<meta name=\"description\" content=\"Explora el m\u00f3dulo de barbacoa de acero inoxidable BONNIE. Dise\u00f1o premium, 5 quemadores y durabilidad extrema para proyectos de cocina exterior de alta gama.\" \/>\n<meta name=\"robots\" content=\"index, follow, max-snippet:-1, max-image-preview:large, max-video-preview:-1\" \/>\n<link rel=\"canonical\" href=\"https:\/\/www.lavillagardendesign.com\/es\/producto\/bonnie-modulo-barbacoa-cocina-exterior\/\" \/>\n<meta property=\"og:locale\" content=\"es_ES\" \/>\n<meta property=\"og:type\" content=\"article\" \/>\n<meta property=\"og:title\" content=\"BONNIE - Cocina de Lujo Exterior Barbacoa | La Villa Garden\" \/>\n<meta property=\"og:description\" content=\"Explora el m\u00f3dulo de barbacoa de acero inoxidable BONNIE. Dise\u00f1o premium, 5 quemadores y durabilidad extrema para proyectos de cocina exterior de alta gama.\" \/>\n<meta property=\"og:url\" content=\"https:\/\/www.lavillagardendesign.com\/es\/producto\/bonnie-modulo-barbacoa-cocina-exterior\/\" \/>\n<meta property=\"og:site_name\" content=\"La Villa Garden&amp;Design\" \/>\n<meta property=\"article:publisher\" content=\"https:\/\/www.facebook.com\/lavillagardendesign\/\" \/>\n<meta property=\"og:image\" content=\"https:\/\/www.lavillagardendesign.com\/wp-content\/uploads\/2026\/04\/1.png\" \/>\n\t<meta property=\"og:image:width\" content=\"700\" \/>\n\t<meta property=\"og:image:height\" content=\"800\" \/>\n\t<meta property=\"og:image:type\" content=\"image\/png\" \/>\n<meta name=\"twitter:card\" content=\"summary_large_image\" \/>\n<script type=\"application\/ld+json\" class=\"yoast-schema-graph\">{\"@context\":\"https:\/\/schema.org\",\"@graph\":[{\"@type\":\"WebPage\",\"@id\":\"https:\/\/www.lavillagardendesign.com\/es\/producto\/bonnie-modulo-barbacoa-cocina-exterior\/\",\"url\":\"https:\/\/www.lavillagardendesign.com\/es\/producto\/bonnie-modulo-barbacoa-cocina-exterior\/\",\"name\":\"BONNIE - Cocina de Lujo Exterior Barbacoa | La Villa Garden\",\"isPartOf\":{\"@id\":\"https:\/\/www.lavillagardendesign.com\/#website\"},\"primaryImageOfPage\":{\"@id\":\"https:\/\/www.lavillagardendesign.com\/es\/producto\/bonnie-modulo-barbacoa-cocina-exterior\/#primaryimage\"},\"image\":{\"@id\":\"https:\/\/www.lavillagardendesign.com\/es\/producto\/bonnie-modulo-barbacoa-cocina-exterior\/#primaryimage\"},\"thumbnailUrl\":\"https:\/\/www.lavillagardendesign.com\/wp-content\/uploads\/2026\/04\/3.png\",\"datePublished\":\"2026-04-01T17:36:21+00:00\",\"description\":\"Explora el m\u00f3dulo de barbacoa de acero inoxidable BONNIE. Dise\u00f1o premium, 5 quemadores y durabilidad extrema para proyectos de cocina exterior de alta gama.\",\"breadcrumb\":{\"@id\":\"https:\/\/www.lavillagardendesign.com\/es\/producto\/bonnie-modulo-barbacoa-cocina-exterior\/#breadcrumb\"},\"inLanguage\":\"es\",\"potentialAction\":[{\"@type\":\"ReadAction\",\"target\":[\"https:\/\/www.lavillagardendesign.com\/es\/producto\/bonnie-modulo-barbacoa-cocina-exterior\/\"]}]},{\"@type\":\"ImageObject\",\"inLanguage\":\"es\",\"@id\":\"https:\/\/www.lavillagardendesign.com\/es\/producto\/bonnie-modulo-barbacoa-cocina-exterior\/#primaryimage\",\"url\":\"https:\/\/www.lavillagardendesign.com\/wp-content\/uploads\/2026\/04\/3.png\",\"contentUrl\":\"https:\/\/www.lavillagardendesign.com\/wp-content\/uploads\/2026\/04\/3.png\",\"width\":700,\"height\":800},{\"@type\":\"BreadcrumbList\",\"@id\":\"https:\/\/www.lavillagardendesign.com\/es\/producto\/bonnie-modulo-barbacoa-cocina-exterior\/#breadcrumb\",\"itemListElement\":[{\"@type\":\"ListItem\",\"position\":1,\"name\":\"Home\",\"item\":\"https:\/\/www.lavillagardendesign.com\/\"},{\"@type\":\"ListItem\",\"position\":2,\"name\":\"Tienda\",\"item\":\"https:\/\/www.lavillagardendesign.com\/es\/tienda\/\"},{\"@type\":\"ListItem\",\"position\":3,\"name\":\"Private: BONNIE &#8211; M\u00f3dulo barbacoa cocina exterior\"}]},{\"@type\":\"WebSite\",\"@id\":\"https:\/\/www.lavillagardendesign.com\/#website\",\"url\":\"https:\/\/www.lavillagardendesign.com\/\",\"name\":\"La Villa Garden&Design\",\"description\":\"\",\"publisher\":{\"@id\":\"https:\/\/www.lavillagardendesign.com\/#organization\"},\"potentialAction\":[{\"@type\":\"SearchAction\",\"target\":{\"@type\":\"EntryPoint\",\"urlTemplate\":\"https:\/\/www.lavillagardendesign.com\/?s={search_term_string}\"},\"query-input\":{\"@type\":\"PropertyValueSpecification\",\"valueRequired\":true,\"valueName\":\"search_term_string\"}}],\"inLanguage\":\"es\"},{\"@type\":\"Organization\",\"@id\":\"https:\/\/www.lavillagardendesign.com\/#organization\",\"name\":\"La Villa Garden&Design\",\"url\":\"https:\/\/www.lavillagardendesign.com\/\",\"logo\":{\"@type\":\"ImageObject\",\"inLanguage\":\"es\",\"@id\":\"https:\/\/www.lavillagardendesign.com\/#\/schema\/logo\/image\/\",\"url\":\"https:\/\/www.lavillagardendesign.com\/wp-content\/uploads\/2024\/04\/logolavilla.png\",\"contentUrl\":\"https:\/\/www.lavillagardendesign.com\/wp-content\/uploads\/2024\/04\/logolavilla.png\",\"width\":682,\"height\":391,\"caption\":\"La Villa Garden&Design\"},\"image\":{\"@id\":\"https:\/\/www.lavillagardendesign.com\/#\/schema\/logo\/image\/\"},\"sameAs\":[\"https:\/\/www.facebook.com\/lavillagardendesign\/\"]}]}<\/script>\n<!-- \/ Yoast SEO plugin. -->","yoast_head_json":{"title":"BONNIE - Cocina de Lujo Exterior Barbacoa | La Villa Garden","description":"Explora el m\u00f3dulo de barbacoa de acero inoxidable BONNIE. Dise\u00f1o premium, 5 quemadores y durabilidad extrema para proyectos de cocina exterior de alta gama.","robots":{"index":"index","follow":"follow","max-snippet":"max-snippet:-1","max-image-preview":"max-image-preview:large","max-video-preview":"max-video-preview:-1"},"canonical":"https:\/\/www.lavillagardendesign.com\/es\/producto\/bonnie-modulo-barbacoa-cocina-exterior\/","og_locale":"es_ES","og_type":"article","og_title":"BONNIE - Cocina de Lujo Exterior Barbacoa | La Villa Garden","og_description":"Explora el m\u00f3dulo de barbacoa de acero inoxidable BONNIE. Dise\u00f1o premium, 5 quemadores y durabilidad extrema para proyectos de cocina exterior de alta gama.","og_url":"https:\/\/www.lavillagardendesign.com\/es\/producto\/bonnie-modulo-barbacoa-cocina-exterior\/","og_site_name":"La Villa Garden&amp;Design","article_publisher":"https:\/\/www.facebook.com\/lavillagardendesign\/","og_image":[{"width":700,"height":800,"url":"https:\/\/www.lavillagardendesign.com\/wp-content\/uploads\/2026\/04\/1.png","type":"image\/png"}],"twitter_card":"summary_large_image","schema":{"@context":"https:\/\/schema.org","@graph":[{"@type":"WebPage","@id":"https:\/\/www.lavillagardendesign.com\/es\/producto\/bonnie-modulo-barbacoa-cocina-exterior\/","url":"https:\/\/www.lavillagardendesign.com\/es\/producto\/bonnie-modulo-barbacoa-cocina-exterior\/","name":"BONNIE - Cocina de Lujo Exterior Barbacoa | La Villa Garden","isPartOf":{"@id":"https:\/\/www.lavillagardendesign.com\/#website"},"primaryImageOfPage":{"@id":"https:\/\/www.lavillagardendesign.com\/es\/producto\/bonnie-modulo-barbacoa-cocina-exterior\/#primaryimage"},"image":{"@id":"https:\/\/www.lavillagardendesign.com\/es\/producto\/bonnie-modulo-barbacoa-cocina-exterior\/#primaryimage"},"thumbnailUrl":"https:\/\/www.lavillagardendesign.com\/wp-content\/uploads\/2026\/04\/3.png","datePublished":"2026-04-01T17:36:21+00:00","description":"Explora el m\u00f3dulo de barbacoa de acero inoxidable BONNIE. Dise\u00f1o premium, 5 quemadores y durabilidad extrema para proyectos de cocina exterior de alta gama.","breadcrumb":{"@id":"https:\/\/www.lavillagardendesign.com\/es\/producto\/bonnie-modulo-barbacoa-cocina-exterior\/#breadcrumb"},"inLanguage":"es","potentialAction":[{"@type":"ReadAction","target":["https:\/\/www.lavillagardendesign.com\/es\/producto\/bonnie-modulo-barbacoa-cocina-exterior\/"]}]},{"@type":"ImageObject","inLanguage":"es","@id":"https:\/\/www.lavillagardendesign.com\/es\/producto\/bonnie-modulo-barbacoa-cocina-exterior\/#primaryimage","url":"https:\/\/www.lavillagardendesign.com\/wp-content\/uploads\/2026\/04\/3.png","contentUrl":"https:\/\/www.lavillagardendesign.com\/wp-content\/uploads\/2026\/04\/3.png","width":700,"height":800},{"@type":"BreadcrumbList","@id":"https:\/\/www.lavillagardendesign.com\/es\/producto\/bonnie-modulo-barbacoa-cocina-exterior\/#breadcrumb","itemListElement":[{"@type":"ListItem","position":1,"name":"Home","item":"https:\/\/www.lavillagardendesign.com\/"},{"@type":"ListItem","position":2,"name":"Tienda","item":"https:\/\/www.lavillagardendesign.com\/es\/tienda\/"},{"@type":"ListItem","position":3,"name":"Private: BONNIE &#8211; M\u00f3dulo barbacoa cocina exterior"}]},{"@type":"WebSite","@id":"https:\/\/www.lavillagardendesign.com\/#website","url":"https:\/\/www.lavillagardendesign.com\/","name":"La Villa Garden&Design","description":"","publisher":{"@id":"https:\/\/www.lavillagardendesign.com\/#organization"},"potentialAction":[{"@type":"SearchAction","target":{"@type":"EntryPoint","urlTemplate":"https:\/\/www.lavillagardendesign.com\/?s={search_term_string}"},"query-input":{"@type":"PropertyValueSpecification","valueRequired":true,"valueName":"search_term_string"}}],"inLanguage":"es"},{"@type":"Organization","@id":"https:\/\/www.lavillagardendesign.com\/#organization","name":"La Villa Garden&Design","url":"https:\/\/www.lavillagardendesign.com\/","logo":{"@type":"ImageObject","inLanguage":"es","@id":"https:\/\/www.lavillagardendesign.com\/#\/schema\/logo\/image\/","url":"https:\/\/www.lavillagardendesign.com\/wp-content\/uploads\/2024\/04\/logolavilla.png","contentUrl":"https:\/\/www.lavillagardendesign.com\/wp-content\/uploads\/2024\/04\/logolavilla.png","width":682,"height":391,"caption":"La Villa Garden&Design"},"image":{"@id":"https:\/\/www.lavillagardendesign.com\/#\/schema\/logo\/image\/"},"sameAs":["https:\/\/www.facebook.com\/lavillagardendesign\/"]}]}},"_links":{"self":[{"href":"https:\/\/www.lavillagardendesign.com\/es\/wp-json\/wp\/v2\/product\/68857","targetHints":{"allow":["GET"]}}],"collection":[{"href":"https:\/\/www.lavillagardendesign.com\/es\/wp-json\/wp\/v2\/product"}],"about":[{"href":"https:\/\/www.lavillagardendesign.com\/es\/wp-json\/wp\/v2\/types\/product"}],"replies":[{"embeddable":true,"href":"https:\/\/www.lavillagardendesign.com\/es\/wp-json\/wp\/v2\/comments?post=68857"}],"version-history":[{"count":0,"href":"https:\/\/www.lavillagardendesign.com\/es\/wp-json\/wp\/v2\/product\/68857\/revisions"}],"wp:featuredmedia":[{"embeddable":true,"href":"https:\/\/www.lavillagardendesign.com\/es\/wp-json\/wp\/v2\/media\/68716"}],"wp:attachment":[{"href":"https:\/\/www.lavillagardendesign.com\/es\/wp-json\/wp\/v2\/media?parent=68857"}],"wp:term":[{"taxonomy":"product_brand","embeddable":true,"href":"https:\/\/www.lavillagardendesign.com\/es\/wp-json\/wp\/v2\/product_brand?post=68857"},{"taxonomy":"product_cat","embeddable":true,"href":"https:\/\/www.lavillagardendesign.com\/es\/wp-json\/wp\/v2\/product_cat?post=68857"},{"taxonomy":"product_tag","embeddable":true,"href":"https:\/\/www.lavillagardendesign.com\/es\/wp-json\/wp\/v2\/product_tag?post=68857"}],"curies":[{"name":"wp","href":"https:\/\/api.w.org\/{rel}","templated":true}]}}