{"id":67802,"date":"2026-03-10T21:44:45","date_gmt":"2026-03-10T20:44:45","guid":{"rendered":"https:\/\/www.lavillagardendesign.com\/product\/matilda-silla-giratoria-con-mecanismo-de-retorno-interior\/"},"modified":"2026-03-10T21:44:45","modified_gmt":"2026-03-10T20:44:45","slug":"matilda-silla-giratoria-con-mecanismo-de-retorno-interior","status":"publish","type":"product","link":"https:\/\/www.lavillagardendesign.com\/es\/producto\/matilda-silla-giratoria-con-mecanismo-de-retorno-interior\/","title":{"rendered":"MATILDA &#8211; Silla giratoria con mecanismo de retorno interior"},"content":{"rendered":"","protected":false},"excerpt":{"rendered":"<p>La silla Matilda representa la fusi\u00f3n perfecta de funcionalidad t\u00e9cnica y est\u00e9tica refinada. Dise\u00f1ada para ofrecer una experiencia de confort envolvente, cuenta con un asiento de madera contrachapada y acolchado de espuma de poliuretano de alta densidad. Su tapizado de poli\u00e9ster suave al tacto complementa una vers\u00e1til estructura giratoria de 360\u00b0 con mecanismo de retorno autom\u00e1tico. Las patas de acero con acabado en polvo epoxi garantizan durabilidad y un estilo contempor\u00e1neo, lo que la convierte en la pieza ideal para comedores de lujo o sofisticados espacios de trabajo.   <\/p>\n","protected":false},"featured_media":67759,"comment_status":"open","ping_status":"closed","template":"","meta":[],"product_brand":[4998],"product_cat":[5341,6675],"product_tag":[],"class_list":{"0":"post-67802","1":"product","2":"type-product","3":"status-publish","4":"has-post-thumbnail","6":"product_brand-la-villa","7":"product_cat-indoor-es","8":"product_cat-sillas-de-interior","10":"first","11":"instock","12":"taxable","13":"shipping-taxable","14":"purchasable","15":"product-type-simple"},"yoast_head":"<!-- This site is optimized with the Yoast SEO plugin v27.1.1 - https:\/\/yoast.com\/product\/yoast-seo-wordpress\/ -->\n<title>Silla Matilda Moon | Dise\u00f1o exclusivo giratorio 360\u00b0 | La Villa<\/title>\n<meta name=\"description\" content=\"Descubre la silla Matilda en La Villa Garden &amp; Design. Confort de primera, mecanismo de retorno y acabado elegante. La excelencia del dise\u00f1o para tu hogar.\" \/>\n<meta name=\"robots\" content=\"index, follow, max-snippet:-1, max-image-preview:large, max-video-preview:-1\" \/>\n<link rel=\"canonical\" href=\"https:\/\/www.lavillagardendesign.com\/es\/producto\/matilda-silla-giratoria-con-mecanismo-de-retorno-interior\/\" \/>\n<meta property=\"og:locale\" content=\"es_ES\" \/>\n<meta property=\"og:type\" content=\"article\" \/>\n<meta property=\"og:title\" content=\"Silla Matilda Moon | Dise\u00f1o exclusivo giratorio 360\u00b0 | La Villa\" \/>\n<meta property=\"og:description\" content=\"Descubre la silla Matilda en La Villa Garden &amp; Design. Confort de primera, mecanismo de retorno y acabado elegante. La excelencia del dise\u00f1o para tu hogar.\" \/>\n<meta property=\"og:url\" content=\"https:\/\/www.lavillagardendesign.com\/es\/producto\/matilda-silla-giratoria-con-mecanismo-de-retorno-interior\/\" \/>\n<meta property=\"og:site_name\" content=\"La Villa Garden&amp;Design\" \/>\n<meta property=\"article:publisher\" content=\"https:\/\/www.facebook.com\/lavillagardendesign\/\" \/>\n<meta property=\"og:image\" content=\"https:\/\/www.lavillagardendesign.com\/wp-content\/uploads\/2026\/03\/1-56.png\" \/>\n\t<meta property=\"og:image:width\" content=\"700\" \/>\n\t<meta property=\"og:image:height\" content=\"800\" \/>\n\t<meta property=\"og:image:type\" content=\"image\/png\" \/>\n<meta name=\"twitter:card\" content=\"summary_large_image\" \/>\n<script type=\"application\/ld+json\" class=\"yoast-schema-graph\">{\"@context\":\"https:\/\/schema.org\",\"@graph\":[{\"@type\":\"WebPage\",\"@id\":\"https:\/\/www.lavillagardendesign.com\/es\/producto\/matilda-silla-giratoria-con-mecanismo-de-retorno-interior\/\",\"url\":\"https:\/\/www.lavillagardendesign.com\/es\/producto\/matilda-silla-giratoria-con-mecanismo-de-retorno-interior\/\",\"name\":\"Silla Matilda Moon | Dise\u00f1o exclusivo giratorio 360\u00b0 | La Villa\",\"isPartOf\":{\"@id\":\"https:\/\/www.lavillagardendesign.com\/#website\"},\"primaryImageOfPage\":{\"@id\":\"https:\/\/www.lavillagardendesign.com\/es\/producto\/matilda-silla-giratoria-con-mecanismo-de-retorno-interior\/#primaryimage\"},\"image\":{\"@id\":\"https:\/\/www.lavillagardendesign.com\/es\/producto\/matilda-silla-giratoria-con-mecanismo-de-retorno-interior\/#primaryimage\"},\"thumbnailUrl\":\"https:\/\/www.lavillagardendesign.com\/wp-content\/uploads\/2026\/03\/1-56.png\",\"datePublished\":\"2026-03-10T20:44:45+00:00\",\"description\":\"Descubre la silla Matilda en La Villa Garden & Design. Confort de primera, mecanismo de retorno y acabado elegante. La excelencia del dise\u00f1o para tu hogar.\",\"breadcrumb\":{\"@id\":\"https:\/\/www.lavillagardendesign.com\/es\/producto\/matilda-silla-giratoria-con-mecanismo-de-retorno-interior\/#breadcrumb\"},\"inLanguage\":\"es\",\"potentialAction\":[{\"@type\":\"ReadAction\",\"target\":[\"https:\/\/www.lavillagardendesign.com\/es\/producto\/matilda-silla-giratoria-con-mecanismo-de-retorno-interior\/\"]}]},{\"@type\":\"ImageObject\",\"inLanguage\":\"es\",\"@id\":\"https:\/\/www.lavillagardendesign.com\/es\/producto\/matilda-silla-giratoria-con-mecanismo-de-retorno-interior\/#primaryimage\",\"url\":\"https:\/\/www.lavillagardendesign.com\/wp-content\/uploads\/2026\/03\/1-56.png\",\"contentUrl\":\"https:\/\/www.lavillagardendesign.com\/wp-content\/uploads\/2026\/03\/1-56.png\",\"width\":700,\"height\":800},{\"@type\":\"BreadcrumbList\",\"@id\":\"https:\/\/www.lavillagardendesign.com\/es\/producto\/matilda-silla-giratoria-con-mecanismo-de-retorno-interior\/#breadcrumb\",\"itemListElement\":[{\"@type\":\"ListItem\",\"position\":1,\"name\":\"Home\",\"item\":\"https:\/\/www.lavillagardendesign.com\/\"},{\"@type\":\"ListItem\",\"position\":2,\"name\":\"Tienda\",\"item\":\"https:\/\/www.lavillagardendesign.com\/es\/tienda\/\"},{\"@type\":\"ListItem\",\"position\":3,\"name\":\"MATILDA &#8211; Silla giratoria con mecanismo de retorno interior\"}]},{\"@type\":\"WebSite\",\"@id\":\"https:\/\/www.lavillagardendesign.com\/#website\",\"url\":\"https:\/\/www.lavillagardendesign.com\/\",\"name\":\"La Villa Garden&Design\",\"description\":\"\",\"publisher\":{\"@id\":\"https:\/\/www.lavillagardendesign.com\/#organization\"},\"potentialAction\":[{\"@type\":\"SearchAction\",\"target\":{\"@type\":\"EntryPoint\",\"urlTemplate\":\"https:\/\/www.lavillagardendesign.com\/?s={search_term_string}\"},\"query-input\":{\"@type\":\"PropertyValueSpecification\",\"valueRequired\":true,\"valueName\":\"search_term_string\"}}],\"inLanguage\":\"es\"},{\"@type\":\"Organization\",\"@id\":\"https:\/\/www.lavillagardendesign.com\/#organization\",\"name\":\"La Villa Garden&Design\",\"url\":\"https:\/\/www.lavillagardendesign.com\/\",\"logo\":{\"@type\":\"ImageObject\",\"inLanguage\":\"es\",\"@id\":\"https:\/\/www.lavillagardendesign.com\/#\/schema\/logo\/image\/\",\"url\":\"https:\/\/www.lavillagardendesign.com\/wp-content\/uploads\/2024\/04\/logolavilla.png\",\"contentUrl\":\"https:\/\/www.lavillagardendesign.com\/wp-content\/uploads\/2024\/04\/logolavilla.png\",\"width\":682,\"height\":391,\"caption\":\"La Villa Garden&Design\"},\"image\":{\"@id\":\"https:\/\/www.lavillagardendesign.com\/#\/schema\/logo\/image\/\"},\"sameAs\":[\"https:\/\/www.facebook.com\/lavillagardendesign\/\"]}]}<\/script>\n<!-- \/ Yoast SEO plugin. -->","yoast_head_json":{"title":"Silla Matilda Moon | Dise\u00f1o exclusivo giratorio 360\u00b0 | La Villa","description":"Descubre la silla Matilda en La Villa Garden & Design. Confort de primera, mecanismo de retorno y acabado elegante. La excelencia del dise\u00f1o para tu hogar.","robots":{"index":"index","follow":"follow","max-snippet":"max-snippet:-1","max-image-preview":"max-image-preview:large","max-video-preview":"max-video-preview:-1"},"canonical":"https:\/\/www.lavillagardendesign.com\/es\/producto\/matilda-silla-giratoria-con-mecanismo-de-retorno-interior\/","og_locale":"es_ES","og_type":"article","og_title":"Silla Matilda Moon | Dise\u00f1o exclusivo giratorio 360\u00b0 | La Villa","og_description":"Descubre la silla Matilda en La Villa Garden & Design. Confort de primera, mecanismo de retorno y acabado elegante. La excelencia del dise\u00f1o para tu hogar.","og_url":"https:\/\/www.lavillagardendesign.com\/es\/producto\/matilda-silla-giratoria-con-mecanismo-de-retorno-interior\/","og_site_name":"La Villa Garden&amp;Design","article_publisher":"https:\/\/www.facebook.com\/lavillagardendesign\/","og_image":[{"width":700,"height":800,"url":"https:\/\/www.lavillagardendesign.com\/wp-content\/uploads\/2026\/03\/1-56.png","type":"image\/png"}],"twitter_card":"summary_large_image","schema":{"@context":"https:\/\/schema.org","@graph":[{"@type":"WebPage","@id":"https:\/\/www.lavillagardendesign.com\/es\/producto\/matilda-silla-giratoria-con-mecanismo-de-retorno-interior\/","url":"https:\/\/www.lavillagardendesign.com\/es\/producto\/matilda-silla-giratoria-con-mecanismo-de-retorno-interior\/","name":"Silla Matilda Moon | Dise\u00f1o exclusivo giratorio 360\u00b0 | La Villa","isPartOf":{"@id":"https:\/\/www.lavillagardendesign.com\/#website"},"primaryImageOfPage":{"@id":"https:\/\/www.lavillagardendesign.com\/es\/producto\/matilda-silla-giratoria-con-mecanismo-de-retorno-interior\/#primaryimage"},"image":{"@id":"https:\/\/www.lavillagardendesign.com\/es\/producto\/matilda-silla-giratoria-con-mecanismo-de-retorno-interior\/#primaryimage"},"thumbnailUrl":"https:\/\/www.lavillagardendesign.com\/wp-content\/uploads\/2026\/03\/1-56.png","datePublished":"2026-03-10T20:44:45+00:00","description":"Descubre la silla Matilda en La Villa Garden & Design. Confort de primera, mecanismo de retorno y acabado elegante. La excelencia del dise\u00f1o para tu hogar.","breadcrumb":{"@id":"https:\/\/www.lavillagardendesign.com\/es\/producto\/matilda-silla-giratoria-con-mecanismo-de-retorno-interior\/#breadcrumb"},"inLanguage":"es","potentialAction":[{"@type":"ReadAction","target":["https:\/\/www.lavillagardendesign.com\/es\/producto\/matilda-silla-giratoria-con-mecanismo-de-retorno-interior\/"]}]},{"@type":"ImageObject","inLanguage":"es","@id":"https:\/\/www.lavillagardendesign.com\/es\/producto\/matilda-silla-giratoria-con-mecanismo-de-retorno-interior\/#primaryimage","url":"https:\/\/www.lavillagardendesign.com\/wp-content\/uploads\/2026\/03\/1-56.png","contentUrl":"https:\/\/www.lavillagardendesign.com\/wp-content\/uploads\/2026\/03\/1-56.png","width":700,"height":800},{"@type":"BreadcrumbList","@id":"https:\/\/www.lavillagardendesign.com\/es\/producto\/matilda-silla-giratoria-con-mecanismo-de-retorno-interior\/#breadcrumb","itemListElement":[{"@type":"ListItem","position":1,"name":"Home","item":"https:\/\/www.lavillagardendesign.com\/"},{"@type":"ListItem","position":2,"name":"Tienda","item":"https:\/\/www.lavillagardendesign.com\/es\/tienda\/"},{"@type":"ListItem","position":3,"name":"MATILDA &#8211; Silla giratoria con mecanismo de retorno interior"}]},{"@type":"WebSite","@id":"https:\/\/www.lavillagardendesign.com\/#website","url":"https:\/\/www.lavillagardendesign.com\/","name":"La Villa Garden&Design","description":"","publisher":{"@id":"https:\/\/www.lavillagardendesign.com\/#organization"},"potentialAction":[{"@type":"SearchAction","target":{"@type":"EntryPoint","urlTemplate":"https:\/\/www.lavillagardendesign.com\/?s={search_term_string}"},"query-input":{"@type":"PropertyValueSpecification","valueRequired":true,"valueName":"search_term_string"}}],"inLanguage":"es"},{"@type":"Organization","@id":"https:\/\/www.lavillagardendesign.com\/#organization","name":"La Villa Garden&Design","url":"https:\/\/www.lavillagardendesign.com\/","logo":{"@type":"ImageObject","inLanguage":"es","@id":"https:\/\/www.lavillagardendesign.com\/#\/schema\/logo\/image\/","url":"https:\/\/www.lavillagardendesign.com\/wp-content\/uploads\/2024\/04\/logolavilla.png","contentUrl":"https:\/\/www.lavillagardendesign.com\/wp-content\/uploads\/2024\/04\/logolavilla.png","width":682,"height":391,"caption":"La Villa Garden&Design"},"image":{"@id":"https:\/\/www.lavillagardendesign.com\/#\/schema\/logo\/image\/"},"sameAs":["https:\/\/www.facebook.com\/lavillagardendesign\/"]}]}},"_links":{"self":[{"href":"https:\/\/www.lavillagardendesign.com\/es\/wp-json\/wp\/v2\/product\/67802","targetHints":{"allow":["GET"]}}],"collection":[{"href":"https:\/\/www.lavillagardendesign.com\/es\/wp-json\/wp\/v2\/product"}],"about":[{"href":"https:\/\/www.lavillagardendesign.com\/es\/wp-json\/wp\/v2\/types\/product"}],"replies":[{"embeddable":true,"href":"https:\/\/www.lavillagardendesign.com\/es\/wp-json\/wp\/v2\/comments?post=67802"}],"version-history":[{"count":0,"href":"https:\/\/www.lavillagardendesign.com\/es\/wp-json\/wp\/v2\/product\/67802\/revisions"}],"wp:featuredmedia":[{"embeddable":true,"href":"https:\/\/www.lavillagardendesign.com\/es\/wp-json\/wp\/v2\/media\/67759"}],"wp:attachment":[{"href":"https:\/\/www.lavillagardendesign.com\/es\/wp-json\/wp\/v2\/media?parent=67802"}],"wp:term":[{"taxonomy":"product_brand","embeddable":true,"href":"https:\/\/www.lavillagardendesign.com\/es\/wp-json\/wp\/v2\/product_brand?post=67802"},{"taxonomy":"product_cat","embeddable":true,"href":"https:\/\/www.lavillagardendesign.com\/es\/wp-json\/wp\/v2\/product_cat?post=67802"},{"taxonomy":"product_tag","embeddable":true,"href":"https:\/\/www.lavillagardendesign.com\/es\/wp-json\/wp\/v2\/product_tag?post=67802"}],"curies":[{"name":"wp","href":"https:\/\/api.w.org\/{rel}","templated":true}]}}