{"id":67735,"date":"2026-03-10T21:44:45","date_gmt":"2026-03-10T20:44:45","guid":{"rendered":"https:\/\/www.lavillagardendesign.com\/product\/tanya-silla-de-comedor-con-interior-efecto-boucle\/"},"modified":"2026-03-10T21:44:45","modified_gmt":"2026-03-10T20:44:45","slug":"tanya-silla-de-comedor-con-interior-efecto-boucle","status":"publish","type":"product","link":"https:\/\/www.lavillagardendesign.com\/es\/producto\/tanya-silla-de-comedor-con-interior-efecto-boucle\/","title":{"rendered":"TANYA &#8211; Silla de comedor con interior efecto boucl\u00e9"},"content":{"rendered":"","protected":false},"excerpt":{"rendered":"<p>Realza la sofisticaci\u00f3n de tus espacios interiores con la silla Tanya. Este dise\u00f1o exclusivo combina una estructura tubular de acero con un refinado acabado cromado negro, ofreciendo una est\u00e9tica contempor\u00e1nea y minimalista. El asiento y el respaldo, acolchados con espuma de poliuretano de alta densidad, est\u00e1n tapizados en un exquisito tejido de efecto boucl\u00e9 (95% poli\u00e9ster, 5% acr\u00edlico), que proporciona una textura suave y un confort excepcional. Ideal para proyectos de interiorismo que busquen un equilibrio entre dise\u00f1o vanguardista y calidez hogare\u00f1a.   <\/p>\n","protected":false},"featured_media":67713,"comment_status":"open","ping_status":"closed","template":"","meta":[],"product_brand":[4998],"product_cat":[5341,6675],"product_tag":[],"class_list":{"0":"post-67735","1":"product","2":"type-product","3":"status-publish","4":"has-post-thumbnail","6":"product_brand-la-villa","7":"product_cat-indoor-es","8":"product_cat-sillas-de-interior","10":"first","11":"instock","12":"taxable","13":"shipping-taxable","14":"purchasable","15":"product-type-simple"},"yoast_head":"<!-- This site is optimized with the Yoast SEO plugin v27.1.1 - https:\/\/yoast.com\/product\/yoast-seo-wordpress\/ -->\n<title>Silla Tanya Negro\/Marfil | Dise\u00f1o Boucl\u00e9 Exclusivo | La Villa Garden<\/title>\n<meta name=\"description\" content=\"Descubre la silla Tanya en La Villa Garden &amp; Design. Dise\u00f1o premium con acabado cromado negro y tejido boucl\u00e9. Elegancia y comodidad para tu comedor de lujo\" \/>\n<meta name=\"robots\" content=\"index, follow, max-snippet:-1, max-image-preview:large, max-video-preview:-1\" \/>\n<link rel=\"canonical\" href=\"https:\/\/www.lavillagardendesign.com\/es\/producto\/tanya-silla-de-comedor-con-interior-efecto-boucle\/\" \/>\n<meta property=\"og:locale\" content=\"es_ES\" \/>\n<meta property=\"og:type\" content=\"article\" \/>\n<meta property=\"og:title\" content=\"Silla Tanya Negro\/Marfil | Dise\u00f1o Boucl\u00e9 Exclusivo | La Villa Garden\" \/>\n<meta property=\"og:description\" content=\"Descubre la silla Tanya en La Villa Garden &amp; Design. Dise\u00f1o premium con acabado cromado negro y tejido boucl\u00e9. Elegancia y comodidad para tu comedor de lujo\" \/>\n<meta property=\"og:url\" content=\"https:\/\/www.lavillagardendesign.com\/es\/producto\/tanya-silla-de-comedor-con-interior-efecto-boucle\/\" \/>\n<meta property=\"og:site_name\" content=\"La Villa Garden&amp;Design\" \/>\n<meta property=\"article:publisher\" content=\"https:\/\/www.facebook.com\/lavillagardendesign\/\" \/>\n<meta property=\"og:image\" content=\"https:\/\/www.lavillagardendesign.com\/wp-content\/uploads\/2026\/03\/4-52.png\" \/>\n\t<meta property=\"og:image:width\" content=\"700\" \/>\n\t<meta property=\"og:image:height\" content=\"800\" \/>\n\t<meta property=\"og:image:type\" content=\"image\/png\" \/>\n<meta name=\"twitter:card\" content=\"summary_large_image\" \/>\n<script type=\"application\/ld+json\" class=\"yoast-schema-graph\">{\"@context\":\"https:\/\/schema.org\",\"@graph\":[{\"@type\":\"WebPage\",\"@id\":\"https:\/\/www.lavillagardendesign.com\/es\/producto\/tanya-silla-de-comedor-con-interior-efecto-boucle\/\",\"url\":\"https:\/\/www.lavillagardendesign.com\/es\/producto\/tanya-silla-de-comedor-con-interior-efecto-boucle\/\",\"name\":\"Silla Tanya Negro\/Marfil | Dise\u00f1o Boucl\u00e9 Exclusivo | La Villa Garden\",\"isPartOf\":{\"@id\":\"https:\/\/www.lavillagardendesign.com\/#website\"},\"primaryImageOfPage\":{\"@id\":\"https:\/\/www.lavillagardendesign.com\/es\/producto\/tanya-silla-de-comedor-con-interior-efecto-boucle\/#primaryimage\"},\"image\":{\"@id\":\"https:\/\/www.lavillagardendesign.com\/es\/producto\/tanya-silla-de-comedor-con-interior-efecto-boucle\/#primaryimage\"},\"thumbnailUrl\":\"https:\/\/www.lavillagardendesign.com\/wp-content\/uploads\/2026\/03\/4-52.png\",\"datePublished\":\"2026-03-10T20:44:45+00:00\",\"description\":\"Descubre la silla Tanya en La Villa Garden & Design. Dise\u00f1o premium con acabado cromado negro y tejido boucl\u00e9. Elegancia y comodidad para tu comedor de lujo\",\"breadcrumb\":{\"@id\":\"https:\/\/www.lavillagardendesign.com\/es\/producto\/tanya-silla-de-comedor-con-interior-efecto-boucle\/#breadcrumb\"},\"inLanguage\":\"es\",\"potentialAction\":[{\"@type\":\"ReadAction\",\"target\":[\"https:\/\/www.lavillagardendesign.com\/es\/producto\/tanya-silla-de-comedor-con-interior-efecto-boucle\/\"]}]},{\"@type\":\"ImageObject\",\"inLanguage\":\"es\",\"@id\":\"https:\/\/www.lavillagardendesign.com\/es\/producto\/tanya-silla-de-comedor-con-interior-efecto-boucle\/#primaryimage\",\"url\":\"https:\/\/www.lavillagardendesign.com\/wp-content\/uploads\/2026\/03\/4-52.png\",\"contentUrl\":\"https:\/\/www.lavillagardendesign.com\/wp-content\/uploads\/2026\/03\/4-52.png\",\"width\":700,\"height\":800},{\"@type\":\"BreadcrumbList\",\"@id\":\"https:\/\/www.lavillagardendesign.com\/es\/producto\/tanya-silla-de-comedor-con-interior-efecto-boucle\/#breadcrumb\",\"itemListElement\":[{\"@type\":\"ListItem\",\"position\":1,\"name\":\"Home\",\"item\":\"https:\/\/www.lavillagardendesign.com\/\"},{\"@type\":\"ListItem\",\"position\":2,\"name\":\"Tienda\",\"item\":\"https:\/\/www.lavillagardendesign.com\/es\/tienda\/\"},{\"@type\":\"ListItem\",\"position\":3,\"name\":\"TANYA &#8211; Silla de comedor con interior efecto boucl\u00e9\"}]},{\"@type\":\"WebSite\",\"@id\":\"https:\/\/www.lavillagardendesign.com\/#website\",\"url\":\"https:\/\/www.lavillagardendesign.com\/\",\"name\":\"La Villa Garden&Design\",\"description\":\"\",\"publisher\":{\"@id\":\"https:\/\/www.lavillagardendesign.com\/#organization\"},\"potentialAction\":[{\"@type\":\"SearchAction\",\"target\":{\"@type\":\"EntryPoint\",\"urlTemplate\":\"https:\/\/www.lavillagardendesign.com\/?s={search_term_string}\"},\"query-input\":{\"@type\":\"PropertyValueSpecification\",\"valueRequired\":true,\"valueName\":\"search_term_string\"}}],\"inLanguage\":\"es\"},{\"@type\":\"Organization\",\"@id\":\"https:\/\/www.lavillagardendesign.com\/#organization\",\"name\":\"La Villa Garden&Design\",\"url\":\"https:\/\/www.lavillagardendesign.com\/\",\"logo\":{\"@type\":\"ImageObject\",\"inLanguage\":\"es\",\"@id\":\"https:\/\/www.lavillagardendesign.com\/#\/schema\/logo\/image\/\",\"url\":\"https:\/\/www.lavillagardendesign.com\/wp-content\/uploads\/2024\/04\/logolavilla.png\",\"contentUrl\":\"https:\/\/www.lavillagardendesign.com\/wp-content\/uploads\/2024\/04\/logolavilla.png\",\"width\":682,\"height\":391,\"caption\":\"La Villa Garden&Design\"},\"image\":{\"@id\":\"https:\/\/www.lavillagardendesign.com\/#\/schema\/logo\/image\/\"},\"sameAs\":[\"https:\/\/www.facebook.com\/lavillagardendesign\/\"]}]}<\/script>\n<!-- \/ Yoast SEO plugin. -->","yoast_head_json":{"title":"Silla Tanya Negro\/Marfil | Dise\u00f1o Boucl\u00e9 Exclusivo | La Villa Garden","description":"Descubre la silla Tanya en La Villa Garden & Design. Dise\u00f1o premium con acabado cromado negro y tejido boucl\u00e9. Elegancia y comodidad para tu comedor de lujo","robots":{"index":"index","follow":"follow","max-snippet":"max-snippet:-1","max-image-preview":"max-image-preview:large","max-video-preview":"max-video-preview:-1"},"canonical":"https:\/\/www.lavillagardendesign.com\/es\/producto\/tanya-silla-de-comedor-con-interior-efecto-boucle\/","og_locale":"es_ES","og_type":"article","og_title":"Silla Tanya Negro\/Marfil | Dise\u00f1o Boucl\u00e9 Exclusivo | La Villa Garden","og_description":"Descubre la silla Tanya en La Villa Garden & Design. Dise\u00f1o premium con acabado cromado negro y tejido boucl\u00e9. Elegancia y comodidad para tu comedor de lujo","og_url":"https:\/\/www.lavillagardendesign.com\/es\/producto\/tanya-silla-de-comedor-con-interior-efecto-boucle\/","og_site_name":"La Villa Garden&amp;Design","article_publisher":"https:\/\/www.facebook.com\/lavillagardendesign\/","og_image":[{"width":700,"height":800,"url":"https:\/\/www.lavillagardendesign.com\/wp-content\/uploads\/2026\/03\/4-52.png","type":"image\/png"}],"twitter_card":"summary_large_image","schema":{"@context":"https:\/\/schema.org","@graph":[{"@type":"WebPage","@id":"https:\/\/www.lavillagardendesign.com\/es\/producto\/tanya-silla-de-comedor-con-interior-efecto-boucle\/","url":"https:\/\/www.lavillagardendesign.com\/es\/producto\/tanya-silla-de-comedor-con-interior-efecto-boucle\/","name":"Silla Tanya Negro\/Marfil | Dise\u00f1o Boucl\u00e9 Exclusivo | La Villa Garden","isPartOf":{"@id":"https:\/\/www.lavillagardendesign.com\/#website"},"primaryImageOfPage":{"@id":"https:\/\/www.lavillagardendesign.com\/es\/producto\/tanya-silla-de-comedor-con-interior-efecto-boucle\/#primaryimage"},"image":{"@id":"https:\/\/www.lavillagardendesign.com\/es\/producto\/tanya-silla-de-comedor-con-interior-efecto-boucle\/#primaryimage"},"thumbnailUrl":"https:\/\/www.lavillagardendesign.com\/wp-content\/uploads\/2026\/03\/4-52.png","datePublished":"2026-03-10T20:44:45+00:00","description":"Descubre la silla Tanya en La Villa Garden & Design. Dise\u00f1o premium con acabado cromado negro y tejido boucl\u00e9. Elegancia y comodidad para tu comedor de lujo","breadcrumb":{"@id":"https:\/\/www.lavillagardendesign.com\/es\/producto\/tanya-silla-de-comedor-con-interior-efecto-boucle\/#breadcrumb"},"inLanguage":"es","potentialAction":[{"@type":"ReadAction","target":["https:\/\/www.lavillagardendesign.com\/es\/producto\/tanya-silla-de-comedor-con-interior-efecto-boucle\/"]}]},{"@type":"ImageObject","inLanguage":"es","@id":"https:\/\/www.lavillagardendesign.com\/es\/producto\/tanya-silla-de-comedor-con-interior-efecto-boucle\/#primaryimage","url":"https:\/\/www.lavillagardendesign.com\/wp-content\/uploads\/2026\/03\/4-52.png","contentUrl":"https:\/\/www.lavillagardendesign.com\/wp-content\/uploads\/2026\/03\/4-52.png","width":700,"height":800},{"@type":"BreadcrumbList","@id":"https:\/\/www.lavillagardendesign.com\/es\/producto\/tanya-silla-de-comedor-con-interior-efecto-boucle\/#breadcrumb","itemListElement":[{"@type":"ListItem","position":1,"name":"Home","item":"https:\/\/www.lavillagardendesign.com\/"},{"@type":"ListItem","position":2,"name":"Tienda","item":"https:\/\/www.lavillagardendesign.com\/es\/tienda\/"},{"@type":"ListItem","position":3,"name":"TANYA &#8211; Silla de comedor con interior efecto boucl\u00e9"}]},{"@type":"WebSite","@id":"https:\/\/www.lavillagardendesign.com\/#website","url":"https:\/\/www.lavillagardendesign.com\/","name":"La Villa Garden&Design","description":"","publisher":{"@id":"https:\/\/www.lavillagardendesign.com\/#organization"},"potentialAction":[{"@type":"SearchAction","target":{"@type":"EntryPoint","urlTemplate":"https:\/\/www.lavillagardendesign.com\/?s={search_term_string}"},"query-input":{"@type":"PropertyValueSpecification","valueRequired":true,"valueName":"search_term_string"}}],"inLanguage":"es"},{"@type":"Organization","@id":"https:\/\/www.lavillagardendesign.com\/#organization","name":"La Villa Garden&Design","url":"https:\/\/www.lavillagardendesign.com\/","logo":{"@type":"ImageObject","inLanguage":"es","@id":"https:\/\/www.lavillagardendesign.com\/#\/schema\/logo\/image\/","url":"https:\/\/www.lavillagardendesign.com\/wp-content\/uploads\/2024\/04\/logolavilla.png","contentUrl":"https:\/\/www.lavillagardendesign.com\/wp-content\/uploads\/2024\/04\/logolavilla.png","width":682,"height":391,"caption":"La Villa Garden&Design"},"image":{"@id":"https:\/\/www.lavillagardendesign.com\/#\/schema\/logo\/image\/"},"sameAs":["https:\/\/www.facebook.com\/lavillagardendesign\/"]}]}},"_links":{"self":[{"href":"https:\/\/www.lavillagardendesign.com\/es\/wp-json\/wp\/v2\/product\/67735","targetHints":{"allow":["GET"]}}],"collection":[{"href":"https:\/\/www.lavillagardendesign.com\/es\/wp-json\/wp\/v2\/product"}],"about":[{"href":"https:\/\/www.lavillagardendesign.com\/es\/wp-json\/wp\/v2\/types\/product"}],"replies":[{"embeddable":true,"href":"https:\/\/www.lavillagardendesign.com\/es\/wp-json\/wp\/v2\/comments?post=67735"}],"version-history":[{"count":0,"href":"https:\/\/www.lavillagardendesign.com\/es\/wp-json\/wp\/v2\/product\/67735\/revisions"}],"wp:featuredmedia":[{"embeddable":true,"href":"https:\/\/www.lavillagardendesign.com\/es\/wp-json\/wp\/v2\/media\/67713"}],"wp:attachment":[{"href":"https:\/\/www.lavillagardendesign.com\/es\/wp-json\/wp\/v2\/media?parent=67735"}],"wp:term":[{"taxonomy":"product_brand","embeddable":true,"href":"https:\/\/www.lavillagardendesign.com\/es\/wp-json\/wp\/v2\/product_brand?post=67735"},{"taxonomy":"product_cat","embeddable":true,"href":"https:\/\/www.lavillagardendesign.com\/es\/wp-json\/wp\/v2\/product_cat?post=67735"},{"taxonomy":"product_tag","embeddable":true,"href":"https:\/\/www.lavillagardendesign.com\/es\/wp-json\/wp\/v2\/product_tag?post=67735"}],"curies":[{"name":"wp","href":"https:\/\/api.w.org\/{rel}","templated":true}]}}