{"id":67707,"date":"2026-03-10T21:44:43","date_gmt":"2026-03-10T20:44:43","guid":{"rendered":"https:\/\/www.lavillagardendesign.com\/product\/janika-mesa-de-comedor-extensible-160-240x90-indoor\/"},"modified":"2026-03-10T21:44:43","modified_gmt":"2026-03-10T20:44:43","slug":"janika-mesa-de-comedor-extensible-160-240x90-indoor","status":"publish","type":"product","link":"https:\/\/www.lavillagardendesign.com\/es\/producto\/janika-mesa-de-comedor-extensible-160-240x90-indoor\/","title":{"rendered":"JANIKA &#8211; Mesa de comedor extensible 160\/240&#215;90 INDOOR"},"content":{"rendered":"","protected":false},"excerpt":{"rendered":"<p>La mesa extensible JANIKA redefine la elegancia funcional para los interiores contempor\u00e1neos. Su superficie de gres porcel\u00e1nico con efecto m\u00e1rmol \u00abMoon Stone\u00bb ofrece una est\u00e9tica sublime combinada con una durabilidad excepcional. Gracias a su mecanismo extensible, se ampl\u00eda de 160 cm a 240 cm, adapt\u00e1ndose sin esfuerzo a tus reuniones sociales. La estructura cuenta con una base de acero con recubrimiento de polvo y patas ajustables para garantizar una estabilidad absoluta.   <\/p>\n","protected":false},"featured_media":67425,"comment_status":"open","ping_status":"closed","template":"","meta":[],"product_brand":[4998],"product_cat":[5341,6677],"product_tag":[],"class_list":{"0":"post-67707","1":"product","2":"type-product","3":"status-publish","4":"has-post-thumbnail","6":"product_brand-la-villa","7":"product_cat-indoor-es","8":"product_cat-mesas-de-interior","10":"first","11":"instock","12":"taxable","13":"shipping-taxable","14":"purchasable","15":"product-type-simple"},"yoast_head":"<!-- This site is optimized with the Yoast SEO plugin v27.1.1 - https:\/\/yoast.com\/product\/yoast-seo-wordpress\/ -->\n<title>Mesa Extensible JANIKA | Efecto M\u00e1rmol Piedra Lunar | La Villa Garden &amp; Design<\/title>\n<meta name=\"description\" content=\"La sofisticaci\u00f3n se une a la versatilidad con la mesa extensible JANIKA. Tablero de gres porcel\u00e1nico efecto m\u00e1rmol y base de acero. Calidad superior para una vida de lujo en La Villa.\" \/>\n<meta name=\"robots\" content=\"index, follow, max-snippet:-1, max-image-preview:large, max-video-preview:-1\" \/>\n<link rel=\"canonical\" href=\"https:\/\/www.lavillagardendesign.com\/es\/producto\/janika-mesa-de-comedor-extensible-160-240x90-indoor\/\" \/>\n<meta property=\"og:locale\" content=\"es_ES\" \/>\n<meta property=\"og:type\" content=\"article\" \/>\n<meta property=\"og:title\" content=\"Mesa Extensible JANIKA | Efecto M\u00e1rmol Piedra Lunar | La Villa Garden &amp; Design\" \/>\n<meta property=\"og:description\" content=\"La sofisticaci\u00f3n se une a la versatilidad con la mesa extensible JANIKA. Tablero de gres porcel\u00e1nico efecto m\u00e1rmol y base de acero. Calidad superior para una vida de lujo en La Villa.\" \/>\n<meta property=\"og:url\" content=\"https:\/\/www.lavillagardendesign.com\/es\/producto\/janika-mesa-de-comedor-extensible-160-240x90-indoor\/\" \/>\n<meta property=\"og:site_name\" content=\"La Villa Garden&amp;Design\" \/>\n<meta property=\"article:publisher\" content=\"https:\/\/www.facebook.com\/lavillagardendesign\/\" \/>\n<meta property=\"og:image\" content=\"https:\/\/www.lavillagardendesign.com\/wp-content\/uploads\/2026\/03\/1-39.png\" \/>\n\t<meta property=\"og:image:width\" content=\"700\" \/>\n\t<meta property=\"og:image:height\" content=\"800\" \/>\n\t<meta property=\"og:image:type\" content=\"image\/png\" \/>\n<meta name=\"twitter:card\" content=\"summary_large_image\" \/>\n<script type=\"application\/ld+json\" class=\"yoast-schema-graph\">{\"@context\":\"https:\/\/schema.org\",\"@graph\":[{\"@type\":\"WebPage\",\"@id\":\"https:\/\/www.lavillagardendesign.com\/es\/producto\/janika-mesa-de-comedor-extensible-160-240x90-indoor\/\",\"url\":\"https:\/\/www.lavillagardendesign.com\/es\/producto\/janika-mesa-de-comedor-extensible-160-240x90-indoor\/\",\"name\":\"Mesa Extensible JANIKA | Efecto M\u00e1rmol Piedra Lunar | La Villa Garden & Design\",\"isPartOf\":{\"@id\":\"https:\/\/www.lavillagardendesign.com\/#website\"},\"primaryImageOfPage\":{\"@id\":\"https:\/\/www.lavillagardendesign.com\/es\/producto\/janika-mesa-de-comedor-extensible-160-240x90-indoor\/#primaryimage\"},\"image\":{\"@id\":\"https:\/\/www.lavillagardendesign.com\/es\/producto\/janika-mesa-de-comedor-extensible-160-240x90-indoor\/#primaryimage\"},\"thumbnailUrl\":\"https:\/\/www.lavillagardendesign.com\/wp-content\/uploads\/2026\/03\/1-39.png\",\"datePublished\":\"2026-03-10T20:44:43+00:00\",\"description\":\"La sofisticaci\u00f3n se une a la versatilidad con la mesa extensible JANIKA. Tablero de gres porcel\u00e1nico efecto m\u00e1rmol y base de acero. Calidad superior para una vida de lujo en La Villa.\",\"breadcrumb\":{\"@id\":\"https:\/\/www.lavillagardendesign.com\/es\/producto\/janika-mesa-de-comedor-extensible-160-240x90-indoor\/#breadcrumb\"},\"inLanguage\":\"es\",\"potentialAction\":[{\"@type\":\"ReadAction\",\"target\":[\"https:\/\/www.lavillagardendesign.com\/es\/producto\/janika-mesa-de-comedor-extensible-160-240x90-indoor\/\"]}]},{\"@type\":\"ImageObject\",\"inLanguage\":\"es\",\"@id\":\"https:\/\/www.lavillagardendesign.com\/es\/producto\/janika-mesa-de-comedor-extensible-160-240x90-indoor\/#primaryimage\",\"url\":\"https:\/\/www.lavillagardendesign.com\/wp-content\/uploads\/2026\/03\/1-39.png\",\"contentUrl\":\"https:\/\/www.lavillagardendesign.com\/wp-content\/uploads\/2026\/03\/1-39.png\",\"width\":700,\"height\":800},{\"@type\":\"BreadcrumbList\",\"@id\":\"https:\/\/www.lavillagardendesign.com\/es\/producto\/janika-mesa-de-comedor-extensible-160-240x90-indoor\/#breadcrumb\",\"itemListElement\":[{\"@type\":\"ListItem\",\"position\":1,\"name\":\"Home\",\"item\":\"https:\/\/www.lavillagardendesign.com\/\"},{\"@type\":\"ListItem\",\"position\":2,\"name\":\"Tienda\",\"item\":\"https:\/\/www.lavillagardendesign.com\/es\/tienda\/\"},{\"@type\":\"ListItem\",\"position\":3,\"name\":\"JANIKA &#8211; Mesa de comedor extensible 160\/240&#215;90 INDOOR\"}]},{\"@type\":\"WebSite\",\"@id\":\"https:\/\/www.lavillagardendesign.com\/#website\",\"url\":\"https:\/\/www.lavillagardendesign.com\/\",\"name\":\"La Villa Garden&Design\",\"description\":\"\",\"publisher\":{\"@id\":\"https:\/\/www.lavillagardendesign.com\/#organization\"},\"potentialAction\":[{\"@type\":\"SearchAction\",\"target\":{\"@type\":\"EntryPoint\",\"urlTemplate\":\"https:\/\/www.lavillagardendesign.com\/?s={search_term_string}\"},\"query-input\":{\"@type\":\"PropertyValueSpecification\",\"valueRequired\":true,\"valueName\":\"search_term_string\"}}],\"inLanguage\":\"es\"},{\"@type\":\"Organization\",\"@id\":\"https:\/\/www.lavillagardendesign.com\/#organization\",\"name\":\"La Villa Garden&Design\",\"url\":\"https:\/\/www.lavillagardendesign.com\/\",\"logo\":{\"@type\":\"ImageObject\",\"inLanguage\":\"es\",\"@id\":\"https:\/\/www.lavillagardendesign.com\/#\/schema\/logo\/image\/\",\"url\":\"https:\/\/www.lavillagardendesign.com\/wp-content\/uploads\/2024\/04\/logolavilla.png\",\"contentUrl\":\"https:\/\/www.lavillagardendesign.com\/wp-content\/uploads\/2024\/04\/logolavilla.png\",\"width\":682,\"height\":391,\"caption\":\"La Villa Garden&Design\"},\"image\":{\"@id\":\"https:\/\/www.lavillagardendesign.com\/#\/schema\/logo\/image\/\"},\"sameAs\":[\"https:\/\/www.facebook.com\/lavillagardendesign\/\"]}]}<\/script>\n<!-- \/ Yoast SEO plugin. -->","yoast_head_json":{"title":"Mesa Extensible JANIKA | Efecto M\u00e1rmol Piedra Lunar | La Villa Garden & Design","description":"La sofisticaci\u00f3n se une a la versatilidad con la mesa extensible JANIKA. Tablero de gres porcel\u00e1nico efecto m\u00e1rmol y base de acero. Calidad superior para una vida de lujo en La Villa.","robots":{"index":"index","follow":"follow","max-snippet":"max-snippet:-1","max-image-preview":"max-image-preview:large","max-video-preview":"max-video-preview:-1"},"canonical":"https:\/\/www.lavillagardendesign.com\/es\/producto\/janika-mesa-de-comedor-extensible-160-240x90-indoor\/","og_locale":"es_ES","og_type":"article","og_title":"Mesa Extensible JANIKA | Efecto M\u00e1rmol Piedra Lunar | La Villa Garden & Design","og_description":"La sofisticaci\u00f3n se une a la versatilidad con la mesa extensible JANIKA. Tablero de gres porcel\u00e1nico efecto m\u00e1rmol y base de acero. Calidad superior para una vida de lujo en La Villa.","og_url":"https:\/\/www.lavillagardendesign.com\/es\/producto\/janika-mesa-de-comedor-extensible-160-240x90-indoor\/","og_site_name":"La Villa Garden&amp;Design","article_publisher":"https:\/\/www.facebook.com\/lavillagardendesign\/","og_image":[{"width":700,"height":800,"url":"https:\/\/www.lavillagardendesign.com\/wp-content\/uploads\/2026\/03\/1-39.png","type":"image\/png"}],"twitter_card":"summary_large_image","schema":{"@context":"https:\/\/schema.org","@graph":[{"@type":"WebPage","@id":"https:\/\/www.lavillagardendesign.com\/es\/producto\/janika-mesa-de-comedor-extensible-160-240x90-indoor\/","url":"https:\/\/www.lavillagardendesign.com\/es\/producto\/janika-mesa-de-comedor-extensible-160-240x90-indoor\/","name":"Mesa Extensible JANIKA | Efecto M\u00e1rmol Piedra Lunar | La Villa Garden & Design","isPartOf":{"@id":"https:\/\/www.lavillagardendesign.com\/#website"},"primaryImageOfPage":{"@id":"https:\/\/www.lavillagardendesign.com\/es\/producto\/janika-mesa-de-comedor-extensible-160-240x90-indoor\/#primaryimage"},"image":{"@id":"https:\/\/www.lavillagardendesign.com\/es\/producto\/janika-mesa-de-comedor-extensible-160-240x90-indoor\/#primaryimage"},"thumbnailUrl":"https:\/\/www.lavillagardendesign.com\/wp-content\/uploads\/2026\/03\/1-39.png","datePublished":"2026-03-10T20:44:43+00:00","description":"La sofisticaci\u00f3n se une a la versatilidad con la mesa extensible JANIKA. Tablero de gres porcel\u00e1nico efecto m\u00e1rmol y base de acero. Calidad superior para una vida de lujo en La Villa.","breadcrumb":{"@id":"https:\/\/www.lavillagardendesign.com\/es\/producto\/janika-mesa-de-comedor-extensible-160-240x90-indoor\/#breadcrumb"},"inLanguage":"es","potentialAction":[{"@type":"ReadAction","target":["https:\/\/www.lavillagardendesign.com\/es\/producto\/janika-mesa-de-comedor-extensible-160-240x90-indoor\/"]}]},{"@type":"ImageObject","inLanguage":"es","@id":"https:\/\/www.lavillagardendesign.com\/es\/producto\/janika-mesa-de-comedor-extensible-160-240x90-indoor\/#primaryimage","url":"https:\/\/www.lavillagardendesign.com\/wp-content\/uploads\/2026\/03\/1-39.png","contentUrl":"https:\/\/www.lavillagardendesign.com\/wp-content\/uploads\/2026\/03\/1-39.png","width":700,"height":800},{"@type":"BreadcrumbList","@id":"https:\/\/www.lavillagardendesign.com\/es\/producto\/janika-mesa-de-comedor-extensible-160-240x90-indoor\/#breadcrumb","itemListElement":[{"@type":"ListItem","position":1,"name":"Home","item":"https:\/\/www.lavillagardendesign.com\/"},{"@type":"ListItem","position":2,"name":"Tienda","item":"https:\/\/www.lavillagardendesign.com\/es\/tienda\/"},{"@type":"ListItem","position":3,"name":"JANIKA &#8211; Mesa de comedor extensible 160\/240&#215;90 INDOOR"}]},{"@type":"WebSite","@id":"https:\/\/www.lavillagardendesign.com\/#website","url":"https:\/\/www.lavillagardendesign.com\/","name":"La Villa Garden&Design","description":"","publisher":{"@id":"https:\/\/www.lavillagardendesign.com\/#organization"},"potentialAction":[{"@type":"SearchAction","target":{"@type":"EntryPoint","urlTemplate":"https:\/\/www.lavillagardendesign.com\/?s={search_term_string}"},"query-input":{"@type":"PropertyValueSpecification","valueRequired":true,"valueName":"search_term_string"}}],"inLanguage":"es"},{"@type":"Organization","@id":"https:\/\/www.lavillagardendesign.com\/#organization","name":"La Villa Garden&Design","url":"https:\/\/www.lavillagardendesign.com\/","logo":{"@type":"ImageObject","inLanguage":"es","@id":"https:\/\/www.lavillagardendesign.com\/#\/schema\/logo\/image\/","url":"https:\/\/www.lavillagardendesign.com\/wp-content\/uploads\/2024\/04\/logolavilla.png","contentUrl":"https:\/\/www.lavillagardendesign.com\/wp-content\/uploads\/2024\/04\/logolavilla.png","width":682,"height":391,"caption":"La Villa Garden&Design"},"image":{"@id":"https:\/\/www.lavillagardendesign.com\/#\/schema\/logo\/image\/"},"sameAs":["https:\/\/www.facebook.com\/lavillagardendesign\/"]}]}},"_links":{"self":[{"href":"https:\/\/www.lavillagardendesign.com\/es\/wp-json\/wp\/v2\/product\/67707","targetHints":{"allow":["GET"]}}],"collection":[{"href":"https:\/\/www.lavillagardendesign.com\/es\/wp-json\/wp\/v2\/product"}],"about":[{"href":"https:\/\/www.lavillagardendesign.com\/es\/wp-json\/wp\/v2\/types\/product"}],"replies":[{"embeddable":true,"href":"https:\/\/www.lavillagardendesign.com\/es\/wp-json\/wp\/v2\/comments?post=67707"}],"version-history":[{"count":0,"href":"https:\/\/www.lavillagardendesign.com\/es\/wp-json\/wp\/v2\/product\/67707\/revisions"}],"wp:featuredmedia":[{"embeddable":true,"href":"https:\/\/www.lavillagardendesign.com\/es\/wp-json\/wp\/v2\/media\/67425"}],"wp:attachment":[{"href":"https:\/\/www.lavillagardendesign.com\/es\/wp-json\/wp\/v2\/media?parent=67707"}],"wp:term":[{"taxonomy":"product_brand","embeddable":true,"href":"https:\/\/www.lavillagardendesign.com\/es\/wp-json\/wp\/v2\/product_brand?post=67707"},{"taxonomy":"product_cat","embeddable":true,"href":"https:\/\/www.lavillagardendesign.com\/es\/wp-json\/wp\/v2\/product_cat?post=67707"},{"taxonomy":"product_tag","embeddable":true,"href":"https:\/\/www.lavillagardendesign.com\/es\/wp-json\/wp\/v2\/product_tag?post=67707"}],"curies":[{"name":"wp","href":"https:\/\/api.w.org\/{rel}","templated":true}]}}