{"id":67689,"date":"2026-03-10T21:44:43","date_gmt":"2026-03-10T20:44:43","guid":{"rendered":"https:\/\/www.lavillagardendesign.com\/product\/joakim-mesa-de-comedor-extensible-160-240x90-indoor\/"},"modified":"2026-03-10T21:44:43","modified_gmt":"2026-03-10T20:44:43","slug":"joakim-mesa-de-comedor-extensible-160-240x90-indoor","status":"publish","type":"product","link":"https:\/\/www.lavillagardendesign.com\/es\/producto\/joakim-mesa-de-comedor-extensible-160-240x90-indoor\/","title":{"rendered":"JOAKIM &#8211; Mesa de Comedor Extensible 160\/240&#215;90 INDOOR"},"content":{"rendered":"","protected":false},"excerpt":{"rendered":"<p>La mesa extensible JOAKIM combina la pureza del dise\u00f1o contempor\u00e1neo con una funcionalidad excepcional. Su tablero de gres porcel\u00e1nico con efecto m\u00e1rmol blanco mate no s\u00f3lo aporta una luminosidad inigualable a tu comedor, sino que tambi\u00e9n ofrece una superficie muy resistente y de bajo mantenimiento. La estructura de acero con acabado epoxi garantiza una durabilidad de primera, permiti\u00e9ndole extenderse hasta 240 cm para recibir a tus invitados con la m\u00e1xima distinci\u00f3n.  <\/p>\n","protected":false},"featured_media":67403,"comment_status":"open","ping_status":"closed","template":"","meta":[],"product_brand":[4998],"product_cat":[5341,6677],"product_tag":[],"class_list":{"0":"post-67689","1":"product","2":"type-product","3":"status-publish","4":"has-post-thumbnail","6":"product_brand-la-villa","7":"product_cat-indoor-es","8":"product_cat-mesas-de-interior","10":"first","11":"instock","12":"taxable","13":"shipping-taxable","14":"purchasable","15":"product-type-simple"},"yoast_head":"<!-- This site is optimized with the Yoast SEO plugin v27.1.1 - https:\/\/yoast.com\/product\/yoast-seo-wordpress\/ -->\n<title>Mesa Extensible JOAKIM | M\u00e1rmol Blanco Mate | La Villa Garden &amp; Design<\/title>\n<meta name=\"description\" content=\"Mejora tu espacio de comedor con la mesa extensible JOAKIM. Dise\u00f1o exclusivo en porcelana blanca efecto m\u00e1rmol y base de acero. Calidad de lujo en La Villa.\" \/>\n<meta name=\"robots\" content=\"index, follow, max-snippet:-1, max-image-preview:large, max-video-preview:-1\" \/>\n<link rel=\"canonical\" href=\"https:\/\/www.lavillagardendesign.com\/es\/producto\/joakim-mesa-de-comedor-extensible-160-240x90-indoor\/\" \/>\n<meta property=\"og:locale\" content=\"es_ES\" \/>\n<meta property=\"og:type\" content=\"article\" \/>\n<meta property=\"og:title\" content=\"Mesa Extensible JOAKIM | M\u00e1rmol Blanco Mate | La Villa Garden &amp; Design\" \/>\n<meta property=\"og:description\" content=\"Mejora tu espacio de comedor con la mesa extensible JOAKIM. Dise\u00f1o exclusivo en porcelana blanca efecto m\u00e1rmol y base de acero. Calidad de lujo en La Villa.\" \/>\n<meta property=\"og:url\" content=\"https:\/\/www.lavillagardendesign.com\/es\/producto\/joakim-mesa-de-comedor-extensible-160-240x90-indoor\/\" \/>\n<meta property=\"og:site_name\" content=\"La Villa Garden&amp;Design\" \/>\n<meta property=\"article:publisher\" content=\"https:\/\/www.facebook.com\/lavillagardendesign\/\" \/>\n<meta property=\"og:image\" content=\"https:\/\/www.lavillagardendesign.com\/wp-content\/uploads\/2026\/03\/3-41.png\" \/>\n\t<meta property=\"og:image:width\" content=\"700\" \/>\n\t<meta property=\"og:image:height\" content=\"800\" \/>\n\t<meta property=\"og:image:type\" content=\"image\/png\" \/>\n<meta name=\"twitter:card\" content=\"summary_large_image\" \/>\n<script type=\"application\/ld+json\" class=\"yoast-schema-graph\">{\"@context\":\"https:\/\/schema.org\",\"@graph\":[{\"@type\":\"WebPage\",\"@id\":\"https:\/\/www.lavillagardendesign.com\/es\/producto\/joakim-mesa-de-comedor-extensible-160-240x90-indoor\/\",\"url\":\"https:\/\/www.lavillagardendesign.com\/es\/producto\/joakim-mesa-de-comedor-extensible-160-240x90-indoor\/\",\"name\":\"Mesa Extensible JOAKIM | M\u00e1rmol Blanco Mate | La Villa Garden & Design\",\"isPartOf\":{\"@id\":\"https:\/\/www.lavillagardendesign.com\/#website\"},\"primaryImageOfPage\":{\"@id\":\"https:\/\/www.lavillagardendesign.com\/es\/producto\/joakim-mesa-de-comedor-extensible-160-240x90-indoor\/#primaryimage\"},\"image\":{\"@id\":\"https:\/\/www.lavillagardendesign.com\/es\/producto\/joakim-mesa-de-comedor-extensible-160-240x90-indoor\/#primaryimage\"},\"thumbnailUrl\":\"https:\/\/www.lavillagardendesign.com\/wp-content\/uploads\/2026\/03\/3-41.png\",\"datePublished\":\"2026-03-10T20:44:43+00:00\",\"description\":\"Mejora tu espacio de comedor con la mesa extensible JOAKIM. Dise\u00f1o exclusivo en porcelana blanca efecto m\u00e1rmol y base de acero. Calidad de lujo en La Villa.\",\"breadcrumb\":{\"@id\":\"https:\/\/www.lavillagardendesign.com\/es\/producto\/joakim-mesa-de-comedor-extensible-160-240x90-indoor\/#breadcrumb\"},\"inLanguage\":\"es\",\"potentialAction\":[{\"@type\":\"ReadAction\",\"target\":[\"https:\/\/www.lavillagardendesign.com\/es\/producto\/joakim-mesa-de-comedor-extensible-160-240x90-indoor\/\"]}]},{\"@type\":\"ImageObject\",\"inLanguage\":\"es\",\"@id\":\"https:\/\/www.lavillagardendesign.com\/es\/producto\/joakim-mesa-de-comedor-extensible-160-240x90-indoor\/#primaryimage\",\"url\":\"https:\/\/www.lavillagardendesign.com\/wp-content\/uploads\/2026\/03\/3-41.png\",\"contentUrl\":\"https:\/\/www.lavillagardendesign.com\/wp-content\/uploads\/2026\/03\/3-41.png\",\"width\":700,\"height\":800},{\"@type\":\"BreadcrumbList\",\"@id\":\"https:\/\/www.lavillagardendesign.com\/es\/producto\/joakim-mesa-de-comedor-extensible-160-240x90-indoor\/#breadcrumb\",\"itemListElement\":[{\"@type\":\"ListItem\",\"position\":1,\"name\":\"Home\",\"item\":\"https:\/\/www.lavillagardendesign.com\/\"},{\"@type\":\"ListItem\",\"position\":2,\"name\":\"Tienda\",\"item\":\"https:\/\/www.lavillagardendesign.com\/es\/tienda\/\"},{\"@type\":\"ListItem\",\"position\":3,\"name\":\"JOAKIM &#8211; Mesa de Comedor Extensible 160\/240&#215;90 INDOOR\"}]},{\"@type\":\"WebSite\",\"@id\":\"https:\/\/www.lavillagardendesign.com\/#website\",\"url\":\"https:\/\/www.lavillagardendesign.com\/\",\"name\":\"La Villa Garden&Design\",\"description\":\"\",\"publisher\":{\"@id\":\"https:\/\/www.lavillagardendesign.com\/#organization\"},\"potentialAction\":[{\"@type\":\"SearchAction\",\"target\":{\"@type\":\"EntryPoint\",\"urlTemplate\":\"https:\/\/www.lavillagardendesign.com\/?s={search_term_string}\"},\"query-input\":{\"@type\":\"PropertyValueSpecification\",\"valueRequired\":true,\"valueName\":\"search_term_string\"}}],\"inLanguage\":\"es\"},{\"@type\":\"Organization\",\"@id\":\"https:\/\/www.lavillagardendesign.com\/#organization\",\"name\":\"La Villa Garden&Design\",\"url\":\"https:\/\/www.lavillagardendesign.com\/\",\"logo\":{\"@type\":\"ImageObject\",\"inLanguage\":\"es\",\"@id\":\"https:\/\/www.lavillagardendesign.com\/#\/schema\/logo\/image\/\",\"url\":\"https:\/\/www.lavillagardendesign.com\/wp-content\/uploads\/2024\/04\/logolavilla.png\",\"contentUrl\":\"https:\/\/www.lavillagardendesign.com\/wp-content\/uploads\/2024\/04\/logolavilla.png\",\"width\":682,\"height\":391,\"caption\":\"La Villa Garden&Design\"},\"image\":{\"@id\":\"https:\/\/www.lavillagardendesign.com\/#\/schema\/logo\/image\/\"},\"sameAs\":[\"https:\/\/www.facebook.com\/lavillagardendesign\/\"]}]}<\/script>\n<!-- \/ Yoast SEO plugin. -->","yoast_head_json":{"title":"Mesa Extensible JOAKIM | M\u00e1rmol Blanco Mate | La Villa Garden & Design","description":"Mejora tu espacio de comedor con la mesa extensible JOAKIM. Dise\u00f1o exclusivo en porcelana blanca efecto m\u00e1rmol y base de acero. Calidad de lujo en La Villa.","robots":{"index":"index","follow":"follow","max-snippet":"max-snippet:-1","max-image-preview":"max-image-preview:large","max-video-preview":"max-video-preview:-1"},"canonical":"https:\/\/www.lavillagardendesign.com\/es\/producto\/joakim-mesa-de-comedor-extensible-160-240x90-indoor\/","og_locale":"es_ES","og_type":"article","og_title":"Mesa Extensible JOAKIM | M\u00e1rmol Blanco Mate | La Villa Garden & Design","og_description":"Mejora tu espacio de comedor con la mesa extensible JOAKIM. Dise\u00f1o exclusivo en porcelana blanca efecto m\u00e1rmol y base de acero. Calidad de lujo en La Villa.","og_url":"https:\/\/www.lavillagardendesign.com\/es\/producto\/joakim-mesa-de-comedor-extensible-160-240x90-indoor\/","og_site_name":"La Villa Garden&amp;Design","article_publisher":"https:\/\/www.facebook.com\/lavillagardendesign\/","og_image":[{"width":700,"height":800,"url":"https:\/\/www.lavillagardendesign.com\/wp-content\/uploads\/2026\/03\/3-41.png","type":"image\/png"}],"twitter_card":"summary_large_image","schema":{"@context":"https:\/\/schema.org","@graph":[{"@type":"WebPage","@id":"https:\/\/www.lavillagardendesign.com\/es\/producto\/joakim-mesa-de-comedor-extensible-160-240x90-indoor\/","url":"https:\/\/www.lavillagardendesign.com\/es\/producto\/joakim-mesa-de-comedor-extensible-160-240x90-indoor\/","name":"Mesa Extensible JOAKIM | M\u00e1rmol Blanco Mate | La Villa Garden & Design","isPartOf":{"@id":"https:\/\/www.lavillagardendesign.com\/#website"},"primaryImageOfPage":{"@id":"https:\/\/www.lavillagardendesign.com\/es\/producto\/joakim-mesa-de-comedor-extensible-160-240x90-indoor\/#primaryimage"},"image":{"@id":"https:\/\/www.lavillagardendesign.com\/es\/producto\/joakim-mesa-de-comedor-extensible-160-240x90-indoor\/#primaryimage"},"thumbnailUrl":"https:\/\/www.lavillagardendesign.com\/wp-content\/uploads\/2026\/03\/3-41.png","datePublished":"2026-03-10T20:44:43+00:00","description":"Mejora tu espacio de comedor con la mesa extensible JOAKIM. Dise\u00f1o exclusivo en porcelana blanca efecto m\u00e1rmol y base de acero. Calidad de lujo en La Villa.","breadcrumb":{"@id":"https:\/\/www.lavillagardendesign.com\/es\/producto\/joakim-mesa-de-comedor-extensible-160-240x90-indoor\/#breadcrumb"},"inLanguage":"es","potentialAction":[{"@type":"ReadAction","target":["https:\/\/www.lavillagardendesign.com\/es\/producto\/joakim-mesa-de-comedor-extensible-160-240x90-indoor\/"]}]},{"@type":"ImageObject","inLanguage":"es","@id":"https:\/\/www.lavillagardendesign.com\/es\/producto\/joakim-mesa-de-comedor-extensible-160-240x90-indoor\/#primaryimage","url":"https:\/\/www.lavillagardendesign.com\/wp-content\/uploads\/2026\/03\/3-41.png","contentUrl":"https:\/\/www.lavillagardendesign.com\/wp-content\/uploads\/2026\/03\/3-41.png","width":700,"height":800},{"@type":"BreadcrumbList","@id":"https:\/\/www.lavillagardendesign.com\/es\/producto\/joakim-mesa-de-comedor-extensible-160-240x90-indoor\/#breadcrumb","itemListElement":[{"@type":"ListItem","position":1,"name":"Home","item":"https:\/\/www.lavillagardendesign.com\/"},{"@type":"ListItem","position":2,"name":"Tienda","item":"https:\/\/www.lavillagardendesign.com\/es\/tienda\/"},{"@type":"ListItem","position":3,"name":"JOAKIM &#8211; Mesa de Comedor Extensible 160\/240&#215;90 INDOOR"}]},{"@type":"WebSite","@id":"https:\/\/www.lavillagardendesign.com\/#website","url":"https:\/\/www.lavillagardendesign.com\/","name":"La Villa Garden&Design","description":"","publisher":{"@id":"https:\/\/www.lavillagardendesign.com\/#organization"},"potentialAction":[{"@type":"SearchAction","target":{"@type":"EntryPoint","urlTemplate":"https:\/\/www.lavillagardendesign.com\/?s={search_term_string}"},"query-input":{"@type":"PropertyValueSpecification","valueRequired":true,"valueName":"search_term_string"}}],"inLanguage":"es"},{"@type":"Organization","@id":"https:\/\/www.lavillagardendesign.com\/#organization","name":"La Villa Garden&Design","url":"https:\/\/www.lavillagardendesign.com\/","logo":{"@type":"ImageObject","inLanguage":"es","@id":"https:\/\/www.lavillagardendesign.com\/#\/schema\/logo\/image\/","url":"https:\/\/www.lavillagardendesign.com\/wp-content\/uploads\/2024\/04\/logolavilla.png","contentUrl":"https:\/\/www.lavillagardendesign.com\/wp-content\/uploads\/2024\/04\/logolavilla.png","width":682,"height":391,"caption":"La Villa Garden&Design"},"image":{"@id":"https:\/\/www.lavillagardendesign.com\/#\/schema\/logo\/image\/"},"sameAs":["https:\/\/www.facebook.com\/lavillagardendesign\/"]}]}},"_links":{"self":[{"href":"https:\/\/www.lavillagardendesign.com\/es\/wp-json\/wp\/v2\/product\/67689","targetHints":{"allow":["GET"]}}],"collection":[{"href":"https:\/\/www.lavillagardendesign.com\/es\/wp-json\/wp\/v2\/product"}],"about":[{"href":"https:\/\/www.lavillagardendesign.com\/es\/wp-json\/wp\/v2\/types\/product"}],"replies":[{"embeddable":true,"href":"https:\/\/www.lavillagardendesign.com\/es\/wp-json\/wp\/v2\/comments?post=67689"}],"version-history":[{"count":0,"href":"https:\/\/www.lavillagardendesign.com\/es\/wp-json\/wp\/v2\/product\/67689\/revisions"}],"wp:featuredmedia":[{"embeddable":true,"href":"https:\/\/www.lavillagardendesign.com\/es\/wp-json\/wp\/v2\/media\/67403"}],"wp:attachment":[{"href":"https:\/\/www.lavillagardendesign.com\/es\/wp-json\/wp\/v2\/media?parent=67689"}],"wp:term":[{"taxonomy":"product_brand","embeddable":true,"href":"https:\/\/www.lavillagardendesign.com\/es\/wp-json\/wp\/v2\/product_brand?post=67689"},{"taxonomy":"product_cat","embeddable":true,"href":"https:\/\/www.lavillagardendesign.com\/es\/wp-json\/wp\/v2\/product_cat?post=67689"},{"taxonomy":"product_tag","embeddable":true,"href":"https:\/\/www.lavillagardendesign.com\/es\/wp-json\/wp\/v2\/product_tag?post=67689"}],"curies":[{"name":"wp","href":"https:\/\/api.w.org\/{rel}","templated":true}]}}