{"id":66878,"date":"2026-03-06T18:35:23","date_gmt":"2026-03-06T17:35:23","guid":{"rendered":"https:\/\/www.lavillagardendesign.com\/product\/love-silla-de-diseno-apilable\/"},"modified":"2026-03-09T09:56:51","modified_gmt":"2026-03-09T08:56:51","slug":"love-silla-de-diseno-apilable","status":"publish","type":"product","link":"https:\/\/www.lavillagardendesign.com\/es\/producto\/love-silla-de-diseno-apilable\/","title":{"rendered":"LOVE &#8211; Silla de dise\u00f1o apilable"},"content":{"rendered":"","protected":false},"excerpt":{"rendered":"<p>La silla Love, una creaci\u00f3n de Eugeni Quitllet, es un manifiesto de amor por el dise\u00f1o org\u00e1nico. Fabricada en polipropileno reforzado con fibra de vidrio mediante inyecci\u00f3n de gas, esta pieza combina una ligereza visual extrema con una resistencia estructural excepcional. Su dise\u00f1o apilable y su adaptabilidad tanto a espacios interiores como exteriores la convierten en el elemento perfecto para comedores contempor\u00e1neos o terrazas exclusivas que buscan un toque de distinci\u00f3n mediterr\u00e1nea.  <\/p>\n","protected":false},"featured_media":66080,"comment_status":"open","ping_status":"closed","template":"","meta":[],"product_brand":[5000],"product_cat":[6833,3105,3107],"product_tag":[],"class_list":{"0":"post-66878","1":"product","2":"type-product","3":"status-publish","4":"has-post-thumbnail","6":"product_brand-vondom","7":"product_cat-outdoor-es","8":"product_cat-sillas","9":"product_cat-sillas-de-comedor","11":"first","12":"instock","13":"taxable","14":"shipping-taxable","15":"purchasable","16":"product-type-variable"},"yoast_head":"<!-- This site is optimized with the Yoast SEO plugin v27.1.1 - https:\/\/yoast.com\/product\/yoast-seo-wordpress\/ -->\n<title>Silla de dise\u00f1o LOVE | Eugeni Quitllet Design | La Villa Garden<\/title>\n<meta name=\"description\" content=\"Descubre la silla LOVE. Dise\u00f1o ic\u00f3nico apilable para uso en interiores y exteriores. Disponible en versiones para adultos y ni\u00f1os. Duradera, elegante y 100% reciclable.\" \/>\n<meta name=\"robots\" content=\"index, follow, max-snippet:-1, max-image-preview:large, max-video-preview:-1\" \/>\n<link rel=\"canonical\" href=\"https:\/\/www.lavillagardendesign.com\/es\/producto\/love-silla-de-diseno-apilable\/\" \/>\n<meta property=\"og:locale\" content=\"es_ES\" \/>\n<meta property=\"og:type\" content=\"article\" \/>\n<meta property=\"og:title\" content=\"Silla de dise\u00f1o LOVE | Eugeni Quitllet Design | La Villa Garden\" \/>\n<meta property=\"og:description\" content=\"Descubre la silla LOVE. Dise\u00f1o ic\u00f3nico apilable para uso en interiores y exteriores. Disponible en versiones para adultos y ni\u00f1os. Duradera, elegante y 100% reciclable.\" \/>\n<meta property=\"og:url\" content=\"https:\/\/www.lavillagardendesign.com\/es\/producto\/love-silla-de-diseno-apilable\/\" \/>\n<meta property=\"og:site_name\" content=\"La Villa Garden&amp;Design\" \/>\n<meta property=\"article:publisher\" content=\"https:\/\/www.facebook.com\/lavillagardendesign\/\" \/>\n<meta property=\"article:modified_time\" content=\"2026-03-09T08:56:51+00:00\" \/>\n<meta property=\"og:image\" content=\"https:\/\/www.lavillagardendesign.com\/wp-content\/uploads\/2026\/03\/4-12.png\" \/>\n\t<meta property=\"og:image:width\" content=\"700\" \/>\n\t<meta property=\"og:image:height\" content=\"800\" \/>\n\t<meta property=\"og:image:type\" content=\"image\/png\" \/>\n<meta name=\"twitter:card\" content=\"summary_large_image\" \/>\n<script type=\"application\/ld+json\" class=\"yoast-schema-graph\">{\"@context\":\"https:\/\/schema.org\",\"@graph\":[{\"@type\":\"WebPage\",\"@id\":\"https:\/\/www.lavillagardendesign.com\/es\/producto\/love-silla-de-diseno-apilable\/\",\"url\":\"https:\/\/www.lavillagardendesign.com\/es\/producto\/love-silla-de-diseno-apilable\/\",\"name\":\"Silla de dise\u00f1o LOVE | Eugeni Quitllet Design | La Villa Garden\",\"isPartOf\":{\"@id\":\"https:\/\/www.lavillagardendesign.com\/#website\"},\"primaryImageOfPage\":{\"@id\":\"https:\/\/www.lavillagardendesign.com\/es\/producto\/love-silla-de-diseno-apilable\/#primaryimage\"},\"image\":{\"@id\":\"https:\/\/www.lavillagardendesign.com\/es\/producto\/love-silla-de-diseno-apilable\/#primaryimage\"},\"thumbnailUrl\":\"https:\/\/www.lavillagardendesign.com\/wp-content\/uploads\/2026\/03\/4-12.png\",\"datePublished\":\"2026-03-06T17:35:23+00:00\",\"dateModified\":\"2026-03-09T08:56:51+00:00\",\"description\":\"Descubre la silla LOVE. Dise\u00f1o ic\u00f3nico apilable para uso en interiores y exteriores. Disponible en versiones para adultos y ni\u00f1os. Duradera, elegante y 100% reciclable.\",\"breadcrumb\":{\"@id\":\"https:\/\/www.lavillagardendesign.com\/es\/producto\/love-silla-de-diseno-apilable\/#breadcrumb\"},\"inLanguage\":\"es\",\"potentialAction\":[{\"@type\":\"ReadAction\",\"target\":[\"https:\/\/www.lavillagardendesign.com\/es\/producto\/love-silla-de-diseno-apilable\/\"]}]},{\"@type\":\"ImageObject\",\"inLanguage\":\"es\",\"@id\":\"https:\/\/www.lavillagardendesign.com\/es\/producto\/love-silla-de-diseno-apilable\/#primaryimage\",\"url\":\"https:\/\/www.lavillagardendesign.com\/wp-content\/uploads\/2026\/03\/4-12.png\",\"contentUrl\":\"https:\/\/www.lavillagardendesign.com\/wp-content\/uploads\/2026\/03\/4-12.png\",\"width\":700,\"height\":800},{\"@type\":\"BreadcrumbList\",\"@id\":\"https:\/\/www.lavillagardendesign.com\/es\/producto\/love-silla-de-diseno-apilable\/#breadcrumb\",\"itemListElement\":[{\"@type\":\"ListItem\",\"position\":1,\"name\":\"Home\",\"item\":\"https:\/\/www.lavillagardendesign.com\/\"},{\"@type\":\"ListItem\",\"position\":2,\"name\":\"Tienda\",\"item\":\"https:\/\/www.lavillagardendesign.com\/es\/tienda\/\"},{\"@type\":\"ListItem\",\"position\":3,\"name\":\"LOVE &#8211; Silla de dise\u00f1o apilable\"}]},{\"@type\":\"WebSite\",\"@id\":\"https:\/\/www.lavillagardendesign.com\/#website\",\"url\":\"https:\/\/www.lavillagardendesign.com\/\",\"name\":\"La Villa Garden&Design\",\"description\":\"\",\"publisher\":{\"@id\":\"https:\/\/www.lavillagardendesign.com\/#organization\"},\"potentialAction\":[{\"@type\":\"SearchAction\",\"target\":{\"@type\":\"EntryPoint\",\"urlTemplate\":\"https:\/\/www.lavillagardendesign.com\/?s={search_term_string}\"},\"query-input\":{\"@type\":\"PropertyValueSpecification\",\"valueRequired\":true,\"valueName\":\"search_term_string\"}}],\"inLanguage\":\"es\"},{\"@type\":\"Organization\",\"@id\":\"https:\/\/www.lavillagardendesign.com\/#organization\",\"name\":\"La Villa Garden&Design\",\"url\":\"https:\/\/www.lavillagardendesign.com\/\",\"logo\":{\"@type\":\"ImageObject\",\"inLanguage\":\"es\",\"@id\":\"https:\/\/www.lavillagardendesign.com\/#\/schema\/logo\/image\/\",\"url\":\"https:\/\/www.lavillagardendesign.com\/wp-content\/uploads\/2024\/04\/logolavilla.png\",\"contentUrl\":\"https:\/\/www.lavillagardendesign.com\/wp-content\/uploads\/2024\/04\/logolavilla.png\",\"width\":682,\"height\":391,\"caption\":\"La Villa Garden&Design\"},\"image\":{\"@id\":\"https:\/\/www.lavillagardendesign.com\/#\/schema\/logo\/image\/\"},\"sameAs\":[\"https:\/\/www.facebook.com\/lavillagardendesign\/\"]}]}<\/script>\n<!-- \/ Yoast SEO plugin. -->","yoast_head_json":{"title":"Silla de dise\u00f1o LOVE | Eugeni Quitllet Design | La Villa Garden","description":"Descubre la silla LOVE. Dise\u00f1o ic\u00f3nico apilable para uso en interiores y exteriores. Disponible en versiones para adultos y ni\u00f1os. Duradera, elegante y 100% reciclable.","robots":{"index":"index","follow":"follow","max-snippet":"max-snippet:-1","max-image-preview":"max-image-preview:large","max-video-preview":"max-video-preview:-1"},"canonical":"https:\/\/www.lavillagardendesign.com\/es\/producto\/love-silla-de-diseno-apilable\/","og_locale":"es_ES","og_type":"article","og_title":"Silla de dise\u00f1o LOVE | Eugeni Quitllet Design | La Villa Garden","og_description":"Descubre la silla LOVE. Dise\u00f1o ic\u00f3nico apilable para uso en interiores y exteriores. Disponible en versiones para adultos y ni\u00f1os. Duradera, elegante y 100% reciclable.","og_url":"https:\/\/www.lavillagardendesign.com\/es\/producto\/love-silla-de-diseno-apilable\/","og_site_name":"La Villa Garden&amp;Design","article_publisher":"https:\/\/www.facebook.com\/lavillagardendesign\/","article_modified_time":"2026-03-09T08:56:51+00:00","og_image":[{"width":700,"height":800,"url":"https:\/\/www.lavillagardendesign.com\/wp-content\/uploads\/2026\/03\/4-12.png","type":"image\/png"}],"twitter_card":"summary_large_image","schema":{"@context":"https:\/\/schema.org","@graph":[{"@type":"WebPage","@id":"https:\/\/www.lavillagardendesign.com\/es\/producto\/love-silla-de-diseno-apilable\/","url":"https:\/\/www.lavillagardendesign.com\/es\/producto\/love-silla-de-diseno-apilable\/","name":"Silla de dise\u00f1o LOVE | Eugeni Quitllet Design | La Villa Garden","isPartOf":{"@id":"https:\/\/www.lavillagardendesign.com\/#website"},"primaryImageOfPage":{"@id":"https:\/\/www.lavillagardendesign.com\/es\/producto\/love-silla-de-diseno-apilable\/#primaryimage"},"image":{"@id":"https:\/\/www.lavillagardendesign.com\/es\/producto\/love-silla-de-diseno-apilable\/#primaryimage"},"thumbnailUrl":"https:\/\/www.lavillagardendesign.com\/wp-content\/uploads\/2026\/03\/4-12.png","datePublished":"2026-03-06T17:35:23+00:00","dateModified":"2026-03-09T08:56:51+00:00","description":"Descubre la silla LOVE. Dise\u00f1o ic\u00f3nico apilable para uso en interiores y exteriores. Disponible en versiones para adultos y ni\u00f1os. Duradera, elegante y 100% reciclable.","breadcrumb":{"@id":"https:\/\/www.lavillagardendesign.com\/es\/producto\/love-silla-de-diseno-apilable\/#breadcrumb"},"inLanguage":"es","potentialAction":[{"@type":"ReadAction","target":["https:\/\/www.lavillagardendesign.com\/es\/producto\/love-silla-de-diseno-apilable\/"]}]},{"@type":"ImageObject","inLanguage":"es","@id":"https:\/\/www.lavillagardendesign.com\/es\/producto\/love-silla-de-diseno-apilable\/#primaryimage","url":"https:\/\/www.lavillagardendesign.com\/wp-content\/uploads\/2026\/03\/4-12.png","contentUrl":"https:\/\/www.lavillagardendesign.com\/wp-content\/uploads\/2026\/03\/4-12.png","width":700,"height":800},{"@type":"BreadcrumbList","@id":"https:\/\/www.lavillagardendesign.com\/es\/producto\/love-silla-de-diseno-apilable\/#breadcrumb","itemListElement":[{"@type":"ListItem","position":1,"name":"Home","item":"https:\/\/www.lavillagardendesign.com\/"},{"@type":"ListItem","position":2,"name":"Tienda","item":"https:\/\/www.lavillagardendesign.com\/es\/tienda\/"},{"@type":"ListItem","position":3,"name":"LOVE &#8211; Silla de dise\u00f1o apilable"}]},{"@type":"WebSite","@id":"https:\/\/www.lavillagardendesign.com\/#website","url":"https:\/\/www.lavillagardendesign.com\/","name":"La Villa Garden&Design","description":"","publisher":{"@id":"https:\/\/www.lavillagardendesign.com\/#organization"},"potentialAction":[{"@type":"SearchAction","target":{"@type":"EntryPoint","urlTemplate":"https:\/\/www.lavillagardendesign.com\/?s={search_term_string}"},"query-input":{"@type":"PropertyValueSpecification","valueRequired":true,"valueName":"search_term_string"}}],"inLanguage":"es"},{"@type":"Organization","@id":"https:\/\/www.lavillagardendesign.com\/#organization","name":"La Villa Garden&Design","url":"https:\/\/www.lavillagardendesign.com\/","logo":{"@type":"ImageObject","inLanguage":"es","@id":"https:\/\/www.lavillagardendesign.com\/#\/schema\/logo\/image\/","url":"https:\/\/www.lavillagardendesign.com\/wp-content\/uploads\/2024\/04\/logolavilla.png","contentUrl":"https:\/\/www.lavillagardendesign.com\/wp-content\/uploads\/2024\/04\/logolavilla.png","width":682,"height":391,"caption":"La Villa Garden&Design"},"image":{"@id":"https:\/\/www.lavillagardendesign.com\/#\/schema\/logo\/image\/"},"sameAs":["https:\/\/www.facebook.com\/lavillagardendesign\/"]}]}},"_links":{"self":[{"href":"https:\/\/www.lavillagardendesign.com\/es\/wp-json\/wp\/v2\/product\/66878","targetHints":{"allow":["GET"]}}],"collection":[{"href":"https:\/\/www.lavillagardendesign.com\/es\/wp-json\/wp\/v2\/product"}],"about":[{"href":"https:\/\/www.lavillagardendesign.com\/es\/wp-json\/wp\/v2\/types\/product"}],"replies":[{"embeddable":true,"href":"https:\/\/www.lavillagardendesign.com\/es\/wp-json\/wp\/v2\/comments?post=66878"}],"version-history":[{"count":1,"href":"https:\/\/www.lavillagardendesign.com\/es\/wp-json\/wp\/v2\/product\/66878\/revisions"}],"predecessor-version":[{"id":67228,"href":"https:\/\/www.lavillagardendesign.com\/es\/wp-json\/wp\/v2\/product\/66878\/revisions\/67228"}],"wp:featuredmedia":[{"embeddable":true,"href":"https:\/\/www.lavillagardendesign.com\/es\/wp-json\/wp\/v2\/media\/66080"}],"wp:attachment":[{"href":"https:\/\/www.lavillagardendesign.com\/es\/wp-json\/wp\/v2\/media?parent=66878"}],"wp:term":[{"taxonomy":"product_brand","embeddable":true,"href":"https:\/\/www.lavillagardendesign.com\/es\/wp-json\/wp\/v2\/product_brand?post=66878"},{"taxonomy":"product_cat","embeddable":true,"href":"https:\/\/www.lavillagardendesign.com\/es\/wp-json\/wp\/v2\/product_cat?post=66878"},{"taxonomy":"product_tag","embeddable":true,"href":"https:\/\/www.lavillagardendesign.com\/es\/wp-json\/wp\/v2\/product_tag?post=66878"}],"curies":[{"name":"wp","href":"https:\/\/api.w.org\/{rel}","templated":true}]}}