{"id":66869,"date":"2026-03-06T18:33:54","date_gmt":"2026-03-06T17:33:54","guid":{"rendered":"https:\/\/www.lavillagardendesign.com\/product\/stone-mesa-de-centro-de-exterior-ecologica\/"},"modified":"2026-03-07T17:32:51","modified_gmt":"2026-03-07T16:32:51","slug":"stone-mesa-de-centro-de-exterior-ecologica","status":"publish","type":"product","link":"https:\/\/www.lavillagardendesign.com\/es\/producto\/stone-mesa-de-centro-de-exterior-ecologica\/","title":{"rendered":"STONE &#8211; Mesa de centro de exterior ecol\u00f3gica"},"content":{"rendered":"","protected":false},"excerpt":{"rendered":"<p>La mesa de centro Stone es el elemento de transici\u00f3n perfecto para salones de exterior de alta gama. Su dise\u00f1o, inspirado en la suavidad de las piedras de r\u00edo, aporta una est\u00e9tica minimalista y naturalista a cualquier terraza o jard\u00edn de lujo. Fabricada con materiales de \u00faltima generaci\u00f3n, su ligereza y resistencia la convierten en una pieza tan funcional como escultural, ideal para combinar con el sof\u00e1 y los sillones de la misma colecci\u00f3n.  <\/p>\n","protected":false},"featured_media":66390,"comment_status":"open","ping_status":"closed","template":"","meta":[],"product_brand":[5000],"product_cat":[6833,3120,3121],"product_tag":[],"class_list":{"0":"post-66869","1":"product","2":"type-product","3":"status-publish","4":"has-post-thumbnail","6":"product_brand-vondom","7":"product_cat-outdoor-es","8":"product_cat-mesas","9":"product_cat-mesas-de-centro","11":"first","12":"instock","13":"taxable","14":"shipping-taxable","15":"purchasable","16":"product-type-variable"},"yoast_head":"<!-- This site is optimized with the Yoast SEO plugin v27.1.1 - https:\/\/yoast.com\/product\/yoast-seo-wordpress\/ -->\n<title>Mesa baja de exterior STONE | Dise\u00f1o org\u00e1nico de lujo | La Villa<\/title>\n<meta name=\"description\" content=\"Mejora tu jard\u00edn con la mesa de centro STONE. Dise\u00f1o org\u00e1nico de Stefano Giovannoni. Duradera, elegante y 100% reciclable. Calidad premium para tu casa de campo.\" \/>\n<meta name=\"robots\" content=\"index, follow, max-snippet:-1, max-image-preview:large, max-video-preview:-1\" \/>\n<link rel=\"canonical\" href=\"https:\/\/www.lavillagardendesign.com\/es\/producto\/stone-mesa-de-centro-de-exterior-ecologica\/\" \/>\n<meta property=\"og:locale\" content=\"es_ES\" \/>\n<meta property=\"og:type\" content=\"article\" \/>\n<meta property=\"og:title\" content=\"Mesa baja de exterior STONE | Dise\u00f1o org\u00e1nico de lujo | La Villa\" \/>\n<meta property=\"og:description\" content=\"Mejora tu jard\u00edn con la mesa de centro STONE. Dise\u00f1o org\u00e1nico de Stefano Giovannoni. Duradera, elegante y 100% reciclable. Calidad premium para tu casa de campo.\" \/>\n<meta property=\"og:url\" content=\"https:\/\/www.lavillagardendesign.com\/es\/producto\/stone-mesa-de-centro-de-exterior-ecologica\/\" \/>\n<meta property=\"og:site_name\" content=\"La Villa Garden&amp;Design\" \/>\n<meta property=\"article:publisher\" content=\"https:\/\/www.facebook.com\/lavillagardendesign\/\" \/>\n<meta property=\"article:modified_time\" content=\"2026-03-07T16:32:51+00:00\" \/>\n<meta property=\"og:image\" content=\"https:\/\/www.lavillagardendesign.com\/wp-content\/uploads\/2026\/03\/2-24.png\" \/>\n\t<meta property=\"og:image:width\" content=\"700\" \/>\n\t<meta property=\"og:image:height\" content=\"800\" \/>\n\t<meta property=\"og:image:type\" content=\"image\/png\" \/>\n<meta name=\"twitter:card\" content=\"summary_large_image\" \/>\n<script type=\"application\/ld+json\" class=\"yoast-schema-graph\">{\"@context\":\"https:\/\/schema.org\",\"@graph\":[{\"@type\":\"WebPage\",\"@id\":\"https:\/\/www.lavillagardendesign.com\/es\/producto\/stone-mesa-de-centro-de-exterior-ecologica\/\",\"url\":\"https:\/\/www.lavillagardendesign.com\/es\/producto\/stone-mesa-de-centro-de-exterior-ecologica\/\",\"name\":\"Mesa baja de exterior STONE | Dise\u00f1o org\u00e1nico de lujo | La Villa\",\"isPartOf\":{\"@id\":\"https:\/\/www.lavillagardendesign.com\/#website\"},\"primaryImageOfPage\":{\"@id\":\"https:\/\/www.lavillagardendesign.com\/es\/producto\/stone-mesa-de-centro-de-exterior-ecologica\/#primaryimage\"},\"image\":{\"@id\":\"https:\/\/www.lavillagardendesign.com\/es\/producto\/stone-mesa-de-centro-de-exterior-ecologica\/#primaryimage\"},\"thumbnailUrl\":\"https:\/\/www.lavillagardendesign.com\/wp-content\/uploads\/2026\/03\/2-24.png\",\"datePublished\":\"2026-03-06T17:33:54+00:00\",\"dateModified\":\"2026-03-07T16:32:51+00:00\",\"description\":\"Mejora tu jard\u00edn con la mesa de centro STONE. Dise\u00f1o org\u00e1nico de Stefano Giovannoni. Duradera, elegante y 100% reciclable. Calidad premium para tu casa de campo.\",\"breadcrumb\":{\"@id\":\"https:\/\/www.lavillagardendesign.com\/es\/producto\/stone-mesa-de-centro-de-exterior-ecologica\/#breadcrumb\"},\"inLanguage\":\"es\",\"potentialAction\":[{\"@type\":\"ReadAction\",\"target\":[\"https:\/\/www.lavillagardendesign.com\/es\/producto\/stone-mesa-de-centro-de-exterior-ecologica\/\"]}]},{\"@type\":\"ImageObject\",\"inLanguage\":\"es\",\"@id\":\"https:\/\/www.lavillagardendesign.com\/es\/producto\/stone-mesa-de-centro-de-exterior-ecologica\/#primaryimage\",\"url\":\"https:\/\/www.lavillagardendesign.com\/wp-content\/uploads\/2026\/03\/2-24.png\",\"contentUrl\":\"https:\/\/www.lavillagardendesign.com\/wp-content\/uploads\/2026\/03\/2-24.png\",\"width\":700,\"height\":800},{\"@type\":\"BreadcrumbList\",\"@id\":\"https:\/\/www.lavillagardendesign.com\/es\/producto\/stone-mesa-de-centro-de-exterior-ecologica\/#breadcrumb\",\"itemListElement\":[{\"@type\":\"ListItem\",\"position\":1,\"name\":\"Home\",\"item\":\"https:\/\/www.lavillagardendesign.com\/\"},{\"@type\":\"ListItem\",\"position\":2,\"name\":\"Tienda\",\"item\":\"https:\/\/www.lavillagardendesign.com\/es\/tienda\/\"},{\"@type\":\"ListItem\",\"position\":3,\"name\":\"STONE &#8211; Mesa de centro de exterior ecol\u00f3gica\"}]},{\"@type\":\"WebSite\",\"@id\":\"https:\/\/www.lavillagardendesign.com\/#website\",\"url\":\"https:\/\/www.lavillagardendesign.com\/\",\"name\":\"La Villa Garden&Design\",\"description\":\"\",\"publisher\":{\"@id\":\"https:\/\/www.lavillagardendesign.com\/#organization\"},\"potentialAction\":[{\"@type\":\"SearchAction\",\"target\":{\"@type\":\"EntryPoint\",\"urlTemplate\":\"https:\/\/www.lavillagardendesign.com\/?s={search_term_string}\"},\"query-input\":{\"@type\":\"PropertyValueSpecification\",\"valueRequired\":true,\"valueName\":\"search_term_string\"}}],\"inLanguage\":\"es\"},{\"@type\":\"Organization\",\"@id\":\"https:\/\/www.lavillagardendesign.com\/#organization\",\"name\":\"La Villa Garden&Design\",\"url\":\"https:\/\/www.lavillagardendesign.com\/\",\"logo\":{\"@type\":\"ImageObject\",\"inLanguage\":\"es\",\"@id\":\"https:\/\/www.lavillagardendesign.com\/#\/schema\/logo\/image\/\",\"url\":\"https:\/\/www.lavillagardendesign.com\/wp-content\/uploads\/2024\/04\/logolavilla.png\",\"contentUrl\":\"https:\/\/www.lavillagardendesign.com\/wp-content\/uploads\/2024\/04\/logolavilla.png\",\"width\":682,\"height\":391,\"caption\":\"La Villa Garden&Design\"},\"image\":{\"@id\":\"https:\/\/www.lavillagardendesign.com\/#\/schema\/logo\/image\/\"},\"sameAs\":[\"https:\/\/www.facebook.com\/lavillagardendesign\/\"]}]}<\/script>\n<!-- \/ Yoast SEO plugin. -->","yoast_head_json":{"title":"Mesa baja de exterior STONE | Dise\u00f1o org\u00e1nico de lujo | La Villa","description":"Mejora tu jard\u00edn con la mesa de centro STONE. Dise\u00f1o org\u00e1nico de Stefano Giovannoni. Duradera, elegante y 100% reciclable. Calidad premium para tu casa de campo.","robots":{"index":"index","follow":"follow","max-snippet":"max-snippet:-1","max-image-preview":"max-image-preview:large","max-video-preview":"max-video-preview:-1"},"canonical":"https:\/\/www.lavillagardendesign.com\/es\/producto\/stone-mesa-de-centro-de-exterior-ecologica\/","og_locale":"es_ES","og_type":"article","og_title":"Mesa baja de exterior STONE | Dise\u00f1o org\u00e1nico de lujo | La Villa","og_description":"Mejora tu jard\u00edn con la mesa de centro STONE. Dise\u00f1o org\u00e1nico de Stefano Giovannoni. Duradera, elegante y 100% reciclable. Calidad premium para tu casa de campo.","og_url":"https:\/\/www.lavillagardendesign.com\/es\/producto\/stone-mesa-de-centro-de-exterior-ecologica\/","og_site_name":"La Villa Garden&amp;Design","article_publisher":"https:\/\/www.facebook.com\/lavillagardendesign\/","article_modified_time":"2026-03-07T16:32:51+00:00","og_image":[{"width":700,"height":800,"url":"https:\/\/www.lavillagardendesign.com\/wp-content\/uploads\/2026\/03\/2-24.png","type":"image\/png"}],"twitter_card":"summary_large_image","schema":{"@context":"https:\/\/schema.org","@graph":[{"@type":"WebPage","@id":"https:\/\/www.lavillagardendesign.com\/es\/producto\/stone-mesa-de-centro-de-exterior-ecologica\/","url":"https:\/\/www.lavillagardendesign.com\/es\/producto\/stone-mesa-de-centro-de-exterior-ecologica\/","name":"Mesa baja de exterior STONE | Dise\u00f1o org\u00e1nico de lujo | La Villa","isPartOf":{"@id":"https:\/\/www.lavillagardendesign.com\/#website"},"primaryImageOfPage":{"@id":"https:\/\/www.lavillagardendesign.com\/es\/producto\/stone-mesa-de-centro-de-exterior-ecologica\/#primaryimage"},"image":{"@id":"https:\/\/www.lavillagardendesign.com\/es\/producto\/stone-mesa-de-centro-de-exterior-ecologica\/#primaryimage"},"thumbnailUrl":"https:\/\/www.lavillagardendesign.com\/wp-content\/uploads\/2026\/03\/2-24.png","datePublished":"2026-03-06T17:33:54+00:00","dateModified":"2026-03-07T16:32:51+00:00","description":"Mejora tu jard\u00edn con la mesa de centro STONE. Dise\u00f1o org\u00e1nico de Stefano Giovannoni. Duradera, elegante y 100% reciclable. Calidad premium para tu casa de campo.","breadcrumb":{"@id":"https:\/\/www.lavillagardendesign.com\/es\/producto\/stone-mesa-de-centro-de-exterior-ecologica\/#breadcrumb"},"inLanguage":"es","potentialAction":[{"@type":"ReadAction","target":["https:\/\/www.lavillagardendesign.com\/es\/producto\/stone-mesa-de-centro-de-exterior-ecologica\/"]}]},{"@type":"ImageObject","inLanguage":"es","@id":"https:\/\/www.lavillagardendesign.com\/es\/producto\/stone-mesa-de-centro-de-exterior-ecologica\/#primaryimage","url":"https:\/\/www.lavillagardendesign.com\/wp-content\/uploads\/2026\/03\/2-24.png","contentUrl":"https:\/\/www.lavillagardendesign.com\/wp-content\/uploads\/2026\/03\/2-24.png","width":700,"height":800},{"@type":"BreadcrumbList","@id":"https:\/\/www.lavillagardendesign.com\/es\/producto\/stone-mesa-de-centro-de-exterior-ecologica\/#breadcrumb","itemListElement":[{"@type":"ListItem","position":1,"name":"Home","item":"https:\/\/www.lavillagardendesign.com\/"},{"@type":"ListItem","position":2,"name":"Tienda","item":"https:\/\/www.lavillagardendesign.com\/es\/tienda\/"},{"@type":"ListItem","position":3,"name":"STONE &#8211; Mesa de centro de exterior ecol\u00f3gica"}]},{"@type":"WebSite","@id":"https:\/\/www.lavillagardendesign.com\/#website","url":"https:\/\/www.lavillagardendesign.com\/","name":"La Villa Garden&Design","description":"","publisher":{"@id":"https:\/\/www.lavillagardendesign.com\/#organization"},"potentialAction":[{"@type":"SearchAction","target":{"@type":"EntryPoint","urlTemplate":"https:\/\/www.lavillagardendesign.com\/?s={search_term_string}"},"query-input":{"@type":"PropertyValueSpecification","valueRequired":true,"valueName":"search_term_string"}}],"inLanguage":"es"},{"@type":"Organization","@id":"https:\/\/www.lavillagardendesign.com\/#organization","name":"La Villa Garden&Design","url":"https:\/\/www.lavillagardendesign.com\/","logo":{"@type":"ImageObject","inLanguage":"es","@id":"https:\/\/www.lavillagardendesign.com\/#\/schema\/logo\/image\/","url":"https:\/\/www.lavillagardendesign.com\/wp-content\/uploads\/2024\/04\/logolavilla.png","contentUrl":"https:\/\/www.lavillagardendesign.com\/wp-content\/uploads\/2024\/04\/logolavilla.png","width":682,"height":391,"caption":"La Villa Garden&Design"},"image":{"@id":"https:\/\/www.lavillagardendesign.com\/#\/schema\/logo\/image\/"},"sameAs":["https:\/\/www.facebook.com\/lavillagardendesign\/"]}]}},"_links":{"self":[{"href":"https:\/\/www.lavillagardendesign.com\/es\/wp-json\/wp\/v2\/product\/66869","targetHints":{"allow":["GET"]}}],"collection":[{"href":"https:\/\/www.lavillagardendesign.com\/es\/wp-json\/wp\/v2\/product"}],"about":[{"href":"https:\/\/www.lavillagardendesign.com\/es\/wp-json\/wp\/v2\/types\/product"}],"replies":[{"embeddable":true,"href":"https:\/\/www.lavillagardendesign.com\/es\/wp-json\/wp\/v2\/comments?post=66869"}],"version-history":[{"count":1,"href":"https:\/\/www.lavillagardendesign.com\/es\/wp-json\/wp\/v2\/product\/66869\/revisions"}],"predecessor-version":[{"id":66940,"href":"https:\/\/www.lavillagardendesign.com\/es\/wp-json\/wp\/v2\/product\/66869\/revisions\/66940"}],"wp:featuredmedia":[{"embeddable":true,"href":"https:\/\/www.lavillagardendesign.com\/es\/wp-json\/wp\/v2\/media\/66390"}],"wp:attachment":[{"href":"https:\/\/www.lavillagardendesign.com\/es\/wp-json\/wp\/v2\/media?parent=66869"}],"wp:term":[{"taxonomy":"product_brand","embeddable":true,"href":"https:\/\/www.lavillagardendesign.com\/es\/wp-json\/wp\/v2\/product_brand?post=66869"},{"taxonomy":"product_cat","embeddable":true,"href":"https:\/\/www.lavillagardendesign.com\/es\/wp-json\/wp\/v2\/product_cat?post=66869"},{"taxonomy":"product_tag","embeddable":true,"href":"https:\/\/www.lavillagardendesign.com\/es\/wp-json\/wp\/v2\/product_tag?post=66869"}],"curies":[{"name":"wp","href":"https:\/\/api.w.org\/{rel}","templated":true}]}}