{"id":66794,"date":"2026-03-06T18:33:50","date_gmt":"2026-03-06T17:33:50","guid":{"rendered":"https:\/\/www.lavillagardendesign.com\/product\/ulm-sofa-circular-de-exterior\/"},"modified":"2026-03-07T17:35:04","modified_gmt":"2026-03-07T16:35:04","slug":"ulm-sofa-circular-de-exterior","status":"publish","type":"product","link":"https:\/\/www.lavillagardendesign.com\/es\/producto\/ulm-sofa-circular-de-exterior\/","title":{"rendered":"ULM &#8211; Sof\u00e1 circular de exterior"},"content":{"rendered":"","protected":false},"excerpt":{"rendered":"<p>El sof\u00e1 ULM, obra maestra del dise\u00f1ador Ram\u00f3n Esteve, es la m\u00e1xima expresi\u00f3n del confort geom\u00e9trico. Concebido bajo una est\u00e9tica de formas circulares puras, este sof\u00e1 ofrece una experiencia de relajaci\u00f3n envolvente, ideal para terrazas de lujo y villas mediterr\u00e1neas. Su fabricaci\u00f3n mediante moldeo rotacional en resina de polietileno garantiza una durabilidad extrema frente a la salinidad y la luz solar intensa, sin comprometer su ligereza. Una pieza esencial que equilibra la ergonom\u00eda con un dise\u00f1o arquitect\u00f3nico vanguardista, siendo 100% reciclable.   <\/p>\n","protected":false},"featured_media":66612,"comment_status":"open","ping_status":"closed","template":"","meta":[],"product_brand":[5000],"product_cat":[6833,3111,3113],"product_tag":[],"class_list":{"0":"post-66794","1":"product","2":"type-product","3":"status-publish","4":"has-post-thumbnail","6":"product_brand-vondom","7":"product_cat-outdoor-es","8":"product_cat-sofas-y-butacas","9":"product_cat-sofas-es","11":"first","12":"instock","13":"taxable","14":"shipping-taxable","15":"purchasable","16":"product-type-variable"},"yoast_head":"<!-- This site is optimized with the Yoast SEO plugin v27.1.1 - https:\/\/yoast.com\/product\/yoast-seo-wordpress\/ -->\n<title>ULM Sof\u00e1 circular de exterior | Dise\u00f1o de lujo de Ram\u00f3n Esteve | La Villa<\/title>\n<meta name=\"description\" content=\"Compra el sof\u00e1 ULM de Ram\u00f3n Esteve en La Villa Garden &amp; Design. Exclusivo dise\u00f1o circular en resina de alta resistencia para jardines de lujo y villas premium.\" \/>\n<meta name=\"robots\" content=\"index, follow, max-snippet:-1, max-image-preview:large, max-video-preview:-1\" \/>\n<link rel=\"canonical\" href=\"https:\/\/www.lavillagardendesign.com\/es\/producto\/ulm-sofa-circular-de-exterior\/\" \/>\n<meta property=\"og:locale\" content=\"es_ES\" \/>\n<meta property=\"og:type\" content=\"article\" \/>\n<meta property=\"og:title\" content=\"ULM Sof\u00e1 circular de exterior | Dise\u00f1o de lujo de Ram\u00f3n Esteve | La Villa\" \/>\n<meta property=\"og:description\" content=\"Compra el sof\u00e1 ULM de Ram\u00f3n Esteve en La Villa Garden &amp; Design. Exclusivo dise\u00f1o circular en resina de alta resistencia para jardines de lujo y villas premium.\" \/>\n<meta property=\"og:url\" content=\"https:\/\/www.lavillagardendesign.com\/es\/producto\/ulm-sofa-circular-de-exterior\/\" \/>\n<meta property=\"og:site_name\" content=\"La Villa Garden&amp;Design\" \/>\n<meta property=\"article:publisher\" content=\"https:\/\/www.facebook.com\/lavillagardendesign\/\" \/>\n<meta property=\"article:modified_time\" content=\"2026-03-07T16:35:04+00:00\" \/>\n<meta property=\"og:image\" content=\"https:\/\/www.lavillagardendesign.com\/wp-content\/uploads\/2026\/03\/2-34.png\" \/>\n\t<meta property=\"og:image:width\" content=\"700\" \/>\n\t<meta property=\"og:image:height\" content=\"800\" \/>\n\t<meta property=\"og:image:type\" content=\"image\/png\" \/>\n<meta name=\"twitter:card\" content=\"summary_large_image\" \/>\n<script type=\"application\/ld+json\" class=\"yoast-schema-graph\">{\"@context\":\"https:\/\/schema.org\",\"@graph\":[{\"@type\":\"WebPage\",\"@id\":\"https:\/\/www.lavillagardendesign.com\/es\/producto\/ulm-sofa-circular-de-exterior\/\",\"url\":\"https:\/\/www.lavillagardendesign.com\/es\/producto\/ulm-sofa-circular-de-exterior\/\",\"name\":\"ULM Sof\u00e1 circular de exterior | Dise\u00f1o de lujo de Ram\u00f3n Esteve | La Villa\",\"isPartOf\":{\"@id\":\"https:\/\/www.lavillagardendesign.com\/#website\"},\"primaryImageOfPage\":{\"@id\":\"https:\/\/www.lavillagardendesign.com\/es\/producto\/ulm-sofa-circular-de-exterior\/#primaryimage\"},\"image\":{\"@id\":\"https:\/\/www.lavillagardendesign.com\/es\/producto\/ulm-sofa-circular-de-exterior\/#primaryimage\"},\"thumbnailUrl\":\"https:\/\/www.lavillagardendesign.com\/wp-content\/uploads\/2026\/03\/2-34.png\",\"datePublished\":\"2026-03-06T17:33:50+00:00\",\"dateModified\":\"2026-03-07T16:35:04+00:00\",\"description\":\"Compra el sof\u00e1 ULM de Ram\u00f3n Esteve en La Villa Garden & Design. Exclusivo dise\u00f1o circular en resina de alta resistencia para jardines de lujo y villas premium.\",\"breadcrumb\":{\"@id\":\"https:\/\/www.lavillagardendesign.com\/es\/producto\/ulm-sofa-circular-de-exterior\/#breadcrumb\"},\"inLanguage\":\"es\",\"potentialAction\":[{\"@type\":\"ReadAction\",\"target\":[\"https:\/\/www.lavillagardendesign.com\/es\/producto\/ulm-sofa-circular-de-exterior\/\"]}]},{\"@type\":\"ImageObject\",\"inLanguage\":\"es\",\"@id\":\"https:\/\/www.lavillagardendesign.com\/es\/producto\/ulm-sofa-circular-de-exterior\/#primaryimage\",\"url\":\"https:\/\/www.lavillagardendesign.com\/wp-content\/uploads\/2026\/03\/2-34.png\",\"contentUrl\":\"https:\/\/www.lavillagardendesign.com\/wp-content\/uploads\/2026\/03\/2-34.png\",\"width\":700,\"height\":800},{\"@type\":\"BreadcrumbList\",\"@id\":\"https:\/\/www.lavillagardendesign.com\/es\/producto\/ulm-sofa-circular-de-exterior\/#breadcrumb\",\"itemListElement\":[{\"@type\":\"ListItem\",\"position\":1,\"name\":\"Home\",\"item\":\"https:\/\/www.lavillagardendesign.com\/\"},{\"@type\":\"ListItem\",\"position\":2,\"name\":\"Tienda\",\"item\":\"https:\/\/www.lavillagardendesign.com\/es\/tienda\/\"},{\"@type\":\"ListItem\",\"position\":3,\"name\":\"ULM &#8211; Sof\u00e1 circular de exterior\"}]},{\"@type\":\"WebSite\",\"@id\":\"https:\/\/www.lavillagardendesign.com\/#website\",\"url\":\"https:\/\/www.lavillagardendesign.com\/\",\"name\":\"La Villa Garden&Design\",\"description\":\"\",\"publisher\":{\"@id\":\"https:\/\/www.lavillagardendesign.com\/#organization\"},\"potentialAction\":[{\"@type\":\"SearchAction\",\"target\":{\"@type\":\"EntryPoint\",\"urlTemplate\":\"https:\/\/www.lavillagardendesign.com\/?s={search_term_string}\"},\"query-input\":{\"@type\":\"PropertyValueSpecification\",\"valueRequired\":true,\"valueName\":\"search_term_string\"}}],\"inLanguage\":\"es\"},{\"@type\":\"Organization\",\"@id\":\"https:\/\/www.lavillagardendesign.com\/#organization\",\"name\":\"La Villa Garden&Design\",\"url\":\"https:\/\/www.lavillagardendesign.com\/\",\"logo\":{\"@type\":\"ImageObject\",\"inLanguage\":\"es\",\"@id\":\"https:\/\/www.lavillagardendesign.com\/#\/schema\/logo\/image\/\",\"url\":\"https:\/\/www.lavillagardendesign.com\/wp-content\/uploads\/2024\/04\/logolavilla.png\",\"contentUrl\":\"https:\/\/www.lavillagardendesign.com\/wp-content\/uploads\/2024\/04\/logolavilla.png\",\"width\":682,\"height\":391,\"caption\":\"La Villa Garden&Design\"},\"image\":{\"@id\":\"https:\/\/www.lavillagardendesign.com\/#\/schema\/logo\/image\/\"},\"sameAs\":[\"https:\/\/www.facebook.com\/lavillagardendesign\/\"]}]}<\/script>\n<!-- \/ Yoast SEO plugin. -->","yoast_head_json":{"title":"ULM Sof\u00e1 circular de exterior | Dise\u00f1o de lujo de Ram\u00f3n Esteve | La Villa","description":"Compra el sof\u00e1 ULM de Ram\u00f3n Esteve en La Villa Garden & Design. Exclusivo dise\u00f1o circular en resina de alta resistencia para jardines de lujo y villas premium.","robots":{"index":"index","follow":"follow","max-snippet":"max-snippet:-1","max-image-preview":"max-image-preview:large","max-video-preview":"max-video-preview:-1"},"canonical":"https:\/\/www.lavillagardendesign.com\/es\/producto\/ulm-sofa-circular-de-exterior\/","og_locale":"es_ES","og_type":"article","og_title":"ULM Sof\u00e1 circular de exterior | Dise\u00f1o de lujo de Ram\u00f3n Esteve | La Villa","og_description":"Compra el sof\u00e1 ULM de Ram\u00f3n Esteve en La Villa Garden & Design. Exclusivo dise\u00f1o circular en resina de alta resistencia para jardines de lujo y villas premium.","og_url":"https:\/\/www.lavillagardendesign.com\/es\/producto\/ulm-sofa-circular-de-exterior\/","og_site_name":"La Villa Garden&amp;Design","article_publisher":"https:\/\/www.facebook.com\/lavillagardendesign\/","article_modified_time":"2026-03-07T16:35:04+00:00","og_image":[{"width":700,"height":800,"url":"https:\/\/www.lavillagardendesign.com\/wp-content\/uploads\/2026\/03\/2-34.png","type":"image\/png"}],"twitter_card":"summary_large_image","schema":{"@context":"https:\/\/schema.org","@graph":[{"@type":"WebPage","@id":"https:\/\/www.lavillagardendesign.com\/es\/producto\/ulm-sofa-circular-de-exterior\/","url":"https:\/\/www.lavillagardendesign.com\/es\/producto\/ulm-sofa-circular-de-exterior\/","name":"ULM Sof\u00e1 circular de exterior | Dise\u00f1o de lujo de Ram\u00f3n Esteve | La Villa","isPartOf":{"@id":"https:\/\/www.lavillagardendesign.com\/#website"},"primaryImageOfPage":{"@id":"https:\/\/www.lavillagardendesign.com\/es\/producto\/ulm-sofa-circular-de-exterior\/#primaryimage"},"image":{"@id":"https:\/\/www.lavillagardendesign.com\/es\/producto\/ulm-sofa-circular-de-exterior\/#primaryimage"},"thumbnailUrl":"https:\/\/www.lavillagardendesign.com\/wp-content\/uploads\/2026\/03\/2-34.png","datePublished":"2026-03-06T17:33:50+00:00","dateModified":"2026-03-07T16:35:04+00:00","description":"Compra el sof\u00e1 ULM de Ram\u00f3n Esteve en La Villa Garden & Design. Exclusivo dise\u00f1o circular en resina de alta resistencia para jardines de lujo y villas premium.","breadcrumb":{"@id":"https:\/\/www.lavillagardendesign.com\/es\/producto\/ulm-sofa-circular-de-exterior\/#breadcrumb"},"inLanguage":"es","potentialAction":[{"@type":"ReadAction","target":["https:\/\/www.lavillagardendesign.com\/es\/producto\/ulm-sofa-circular-de-exterior\/"]}]},{"@type":"ImageObject","inLanguage":"es","@id":"https:\/\/www.lavillagardendesign.com\/es\/producto\/ulm-sofa-circular-de-exterior\/#primaryimage","url":"https:\/\/www.lavillagardendesign.com\/wp-content\/uploads\/2026\/03\/2-34.png","contentUrl":"https:\/\/www.lavillagardendesign.com\/wp-content\/uploads\/2026\/03\/2-34.png","width":700,"height":800},{"@type":"BreadcrumbList","@id":"https:\/\/www.lavillagardendesign.com\/es\/producto\/ulm-sofa-circular-de-exterior\/#breadcrumb","itemListElement":[{"@type":"ListItem","position":1,"name":"Home","item":"https:\/\/www.lavillagardendesign.com\/"},{"@type":"ListItem","position":2,"name":"Tienda","item":"https:\/\/www.lavillagardendesign.com\/es\/tienda\/"},{"@type":"ListItem","position":3,"name":"ULM &#8211; Sof\u00e1 circular de exterior"}]},{"@type":"WebSite","@id":"https:\/\/www.lavillagardendesign.com\/#website","url":"https:\/\/www.lavillagardendesign.com\/","name":"La Villa Garden&Design","description":"","publisher":{"@id":"https:\/\/www.lavillagardendesign.com\/#organization"},"potentialAction":[{"@type":"SearchAction","target":{"@type":"EntryPoint","urlTemplate":"https:\/\/www.lavillagardendesign.com\/?s={search_term_string}"},"query-input":{"@type":"PropertyValueSpecification","valueRequired":true,"valueName":"search_term_string"}}],"inLanguage":"es"},{"@type":"Organization","@id":"https:\/\/www.lavillagardendesign.com\/#organization","name":"La Villa Garden&Design","url":"https:\/\/www.lavillagardendesign.com\/","logo":{"@type":"ImageObject","inLanguage":"es","@id":"https:\/\/www.lavillagardendesign.com\/#\/schema\/logo\/image\/","url":"https:\/\/www.lavillagardendesign.com\/wp-content\/uploads\/2024\/04\/logolavilla.png","contentUrl":"https:\/\/www.lavillagardendesign.com\/wp-content\/uploads\/2024\/04\/logolavilla.png","width":682,"height":391,"caption":"La Villa Garden&Design"},"image":{"@id":"https:\/\/www.lavillagardendesign.com\/#\/schema\/logo\/image\/"},"sameAs":["https:\/\/www.facebook.com\/lavillagardendesign\/"]}]}},"_links":{"self":[{"href":"https:\/\/www.lavillagardendesign.com\/es\/wp-json\/wp\/v2\/product\/66794","targetHints":{"allow":["GET"]}}],"collection":[{"href":"https:\/\/www.lavillagardendesign.com\/es\/wp-json\/wp\/v2\/product"}],"about":[{"href":"https:\/\/www.lavillagardendesign.com\/es\/wp-json\/wp\/v2\/types\/product"}],"replies":[{"embeddable":true,"href":"https:\/\/www.lavillagardendesign.com\/es\/wp-json\/wp\/v2\/comments?post=66794"}],"version-history":[{"count":1,"href":"https:\/\/www.lavillagardendesign.com\/es\/wp-json\/wp\/v2\/product\/66794\/revisions"}],"predecessor-version":[{"id":66944,"href":"https:\/\/www.lavillagardendesign.com\/es\/wp-json\/wp\/v2\/product\/66794\/revisions\/66944"}],"wp:featuredmedia":[{"embeddable":true,"href":"https:\/\/www.lavillagardendesign.com\/es\/wp-json\/wp\/v2\/media\/66612"}],"wp:attachment":[{"href":"https:\/\/www.lavillagardendesign.com\/es\/wp-json\/wp\/v2\/media?parent=66794"}],"wp:term":[{"taxonomy":"product_brand","embeddable":true,"href":"https:\/\/www.lavillagardendesign.com\/es\/wp-json\/wp\/v2\/product_brand?post=66794"},{"taxonomy":"product_cat","embeddable":true,"href":"https:\/\/www.lavillagardendesign.com\/es\/wp-json\/wp\/v2\/product_cat?post=66794"},{"taxonomy":"product_tag","embeddable":true,"href":"https:\/\/www.lavillagardendesign.com\/es\/wp-json\/wp\/v2\/product_tag?post=66794"}],"curies":[{"name":"wp","href":"https:\/\/api.w.org\/{rel}","templated":true}]}}