{"id":65236,"date":"2026-03-03T21:22:43","date_gmt":"2026-03-03T20:22:43","guid":{"rendered":"https:\/\/www.lavillagardendesign.com\/product\/voxel-tumbona-apilable-de-diseno-karim-rashid\/"},"modified":"2026-03-03T21:22:43","modified_gmt":"2026-03-03T19:22:43","slug":"voxel-tumbona-apilable-de-diseno-karim-rashid","status":"publish","type":"product","link":"https:\/\/www.lavillagardendesign.com\/es\/producto\/voxel-tumbona-apilable-de-diseno-karim-rashid\/","title":{"rendered":"VOXEL &#8211; Tumbona apilable de dise\u00f1o (Karim Rashid)"},"content":{"rendered":"","protected":false},"excerpt":{"rendered":"<p>Redefine tu zona de relax con la tumbona VOXEL, una obra maestra de la geometr\u00eda contempor\u00e1nea dise\u00f1ada por Karim Rashid. Esta pieza destaca por su forma estructural y facetada, que combina una impactante est\u00e9tica visual con una ergonom\u00eda dise\u00f1ada para ofrecer el m\u00e1ximo confort. Es la elecci\u00f3n preferida para proyectos de dise\u00f1o de exteriores que buscan un toque de sofisticaci\u00f3n y modernidad en entornos de piscina y sol\u00e1rium de alta gama.  <\/p>\n","protected":false},"featured_media":65214,"comment_status":"open","ping_status":"closed","template":"","meta":[],"product_brand":[],"product_cat":[6833,3114,3116],"product_tag":[],"class_list":{"0":"post-65236","1":"product","2":"type-product","3":"status-publish","4":"has-post-thumbnail","6":"product_cat-outdoor-es","7":"product_cat-tumbonas-camas","8":"product_cat-tumbonas","10":"first","11":"instock","12":"taxable","13":"shipping-taxable","14":"purchasable","15":"product-type-variable"},"yoast_head":"<!-- This site is optimized with the Yoast SEO plugin v27.1.1 - https:\/\/yoast.com\/product\/yoast-seo-wordpress\/ -->\n<title>VOXEL Tumbona de exterior Vondom | Karim Rashid Design | La Villa<\/title>\n<meta name=\"description\" content=\"Descubre la tumbona VOXEL de Vondom. Dise\u00f1o de Karim Rashid en polipropileno duradero y apilable. Perfecta para piscinas de lujo y villas exclusivas.\" \/>\n<meta name=\"robots\" content=\"index, follow, max-snippet:-1, max-image-preview:large, max-video-preview:-1\" \/>\n<link rel=\"canonical\" href=\"https:\/\/www.lavillagardendesign.com\/es\/producto\/voxel-tumbona-apilable-de-diseno-karim-rashid\/\" \/>\n<meta property=\"og:locale\" content=\"es_ES\" \/>\n<meta property=\"og:type\" content=\"article\" \/>\n<meta property=\"og:title\" content=\"VOXEL Tumbona de exterior Vondom | Karim Rashid Design | La Villa\" \/>\n<meta property=\"og:description\" content=\"Descubre la tumbona VOXEL de Vondom. Dise\u00f1o de Karim Rashid en polipropileno duradero y apilable. Perfecta para piscinas de lujo y villas exclusivas.\" \/>\n<meta property=\"og:url\" content=\"https:\/\/www.lavillagardendesign.com\/es\/producto\/voxel-tumbona-apilable-de-diseno-karim-rashid\/\" \/>\n<meta property=\"og:site_name\" content=\"La Villa Garden&amp;Design\" \/>\n<meta property=\"article:publisher\" content=\"https:\/\/www.facebook.com\/lavillagardendesign\/\" \/>\n<meta property=\"og:image\" content=\"https:\/\/www.lavillagardendesign.com\/wp-content\/uploads\/2026\/02\/8-13-2.jpg\" \/>\n\t<meta property=\"og:image:width\" content=\"700\" \/>\n\t<meta property=\"og:image:height\" content=\"800\" \/>\n\t<meta property=\"og:image:type\" content=\"image\/jpeg\" \/>\n<meta name=\"twitter:card\" content=\"summary_large_image\" \/>\n<script type=\"application\/ld+json\" class=\"yoast-schema-graph\">{\"@context\":\"https:\/\/schema.org\",\"@graph\":[{\"@type\":\"WebPage\",\"@id\":\"https:\/\/www.lavillagardendesign.com\/es\/producto\/voxel-tumbona-apilable-de-diseno-karim-rashid\/\",\"url\":\"https:\/\/www.lavillagardendesign.com\/es\/producto\/voxel-tumbona-apilable-de-diseno-karim-rashid\/\",\"name\":\"VOXEL Tumbona de exterior Vondom | Karim Rashid Design | La Villa\",\"isPartOf\":{\"@id\":\"https:\/\/www.lavillagardendesign.com\/#website\"},\"primaryImageOfPage\":{\"@id\":\"https:\/\/www.lavillagardendesign.com\/es\/producto\/voxel-tumbona-apilable-de-diseno-karim-rashid\/#primaryimage\"},\"image\":{\"@id\":\"https:\/\/www.lavillagardendesign.com\/es\/producto\/voxel-tumbona-apilable-de-diseno-karim-rashid\/#primaryimage\"},\"thumbnailUrl\":\"https:\/\/www.lavillagardendesign.com\/wp-content\/uploads\/2026\/02\/8-13-2.jpg\",\"datePublished\":\"2026-03-03T20:22:43+00:00\",\"description\":\"Descubre la tumbona VOXEL de Vondom. Dise\u00f1o de Karim Rashid en polipropileno duradero y apilable. Perfecta para piscinas de lujo y villas exclusivas.\",\"breadcrumb\":{\"@id\":\"https:\/\/www.lavillagardendesign.com\/es\/producto\/voxel-tumbona-apilable-de-diseno-karim-rashid\/#breadcrumb\"},\"inLanguage\":\"es\",\"potentialAction\":[{\"@type\":\"ReadAction\",\"target\":[\"https:\/\/www.lavillagardendesign.com\/es\/producto\/voxel-tumbona-apilable-de-diseno-karim-rashid\/\"]}]},{\"@type\":\"ImageObject\",\"inLanguage\":\"es\",\"@id\":\"https:\/\/www.lavillagardendesign.com\/es\/producto\/voxel-tumbona-apilable-de-diseno-karim-rashid\/#primaryimage\",\"url\":\"https:\/\/www.lavillagardendesign.com\/wp-content\/uploads\/2026\/02\/8-13-2.jpg\",\"contentUrl\":\"https:\/\/www.lavillagardendesign.com\/wp-content\/uploads\/2026\/02\/8-13-2.jpg\",\"width\":700,\"height\":800},{\"@type\":\"BreadcrumbList\",\"@id\":\"https:\/\/www.lavillagardendesign.com\/es\/producto\/voxel-tumbona-apilable-de-diseno-karim-rashid\/#breadcrumb\",\"itemListElement\":[{\"@type\":\"ListItem\",\"position\":1,\"name\":\"Home\",\"item\":\"https:\/\/www.lavillagardendesign.com\/\"},{\"@type\":\"ListItem\",\"position\":2,\"name\":\"Tienda\",\"item\":\"https:\/\/www.lavillagardendesign.com\/es\/tienda\/\"},{\"@type\":\"ListItem\",\"position\":3,\"name\":\"VOXEL &#8211; Tumbona apilable de dise\u00f1o (Karim Rashid)\"}]},{\"@type\":\"WebSite\",\"@id\":\"https:\/\/www.lavillagardendesign.com\/#website\",\"url\":\"https:\/\/www.lavillagardendesign.com\/\",\"name\":\"La Villa Garden&Design\",\"description\":\"\",\"publisher\":{\"@id\":\"https:\/\/www.lavillagardendesign.com\/#organization\"},\"potentialAction\":[{\"@type\":\"SearchAction\",\"target\":{\"@type\":\"EntryPoint\",\"urlTemplate\":\"https:\/\/www.lavillagardendesign.com\/?s={search_term_string}\"},\"query-input\":{\"@type\":\"PropertyValueSpecification\",\"valueRequired\":true,\"valueName\":\"search_term_string\"}}],\"inLanguage\":\"es\"},{\"@type\":\"Organization\",\"@id\":\"https:\/\/www.lavillagardendesign.com\/#organization\",\"name\":\"La Villa Garden&Design\",\"url\":\"https:\/\/www.lavillagardendesign.com\/\",\"logo\":{\"@type\":\"ImageObject\",\"inLanguage\":\"es\",\"@id\":\"https:\/\/www.lavillagardendesign.com\/#\/schema\/logo\/image\/\",\"url\":\"https:\/\/www.lavillagardendesign.com\/wp-content\/uploads\/2024\/04\/logolavilla.png\",\"contentUrl\":\"https:\/\/www.lavillagardendesign.com\/wp-content\/uploads\/2024\/04\/logolavilla.png\",\"width\":682,\"height\":391,\"caption\":\"La Villa Garden&Design\"},\"image\":{\"@id\":\"https:\/\/www.lavillagardendesign.com\/#\/schema\/logo\/image\/\"},\"sameAs\":[\"https:\/\/www.facebook.com\/lavillagardendesign\/\"]}]}<\/script>\n<!-- \/ Yoast SEO plugin. -->","yoast_head_json":{"title":"VOXEL Tumbona de exterior Vondom | Karim Rashid Design | La Villa","description":"Descubre la tumbona VOXEL de Vondom. Dise\u00f1o de Karim Rashid en polipropileno duradero y apilable. Perfecta para piscinas de lujo y villas exclusivas.","robots":{"index":"index","follow":"follow","max-snippet":"max-snippet:-1","max-image-preview":"max-image-preview:large","max-video-preview":"max-video-preview:-1"},"canonical":"https:\/\/www.lavillagardendesign.com\/es\/producto\/voxel-tumbona-apilable-de-diseno-karim-rashid\/","og_locale":"es_ES","og_type":"article","og_title":"VOXEL Tumbona de exterior Vondom | Karim Rashid Design | La Villa","og_description":"Descubre la tumbona VOXEL de Vondom. Dise\u00f1o de Karim Rashid en polipropileno duradero y apilable. Perfecta para piscinas de lujo y villas exclusivas.","og_url":"https:\/\/www.lavillagardendesign.com\/es\/producto\/voxel-tumbona-apilable-de-diseno-karim-rashid\/","og_site_name":"La Villa Garden&amp;Design","article_publisher":"https:\/\/www.facebook.com\/lavillagardendesign\/","og_image":[{"width":700,"height":800,"url":"https:\/\/www.lavillagardendesign.com\/wp-content\/uploads\/2026\/02\/8-13-2.jpg","type":"image\/jpeg"}],"twitter_card":"summary_large_image","schema":{"@context":"https:\/\/schema.org","@graph":[{"@type":"WebPage","@id":"https:\/\/www.lavillagardendesign.com\/es\/producto\/voxel-tumbona-apilable-de-diseno-karim-rashid\/","url":"https:\/\/www.lavillagardendesign.com\/es\/producto\/voxel-tumbona-apilable-de-diseno-karim-rashid\/","name":"VOXEL Tumbona de exterior Vondom | Karim Rashid Design | La Villa","isPartOf":{"@id":"https:\/\/www.lavillagardendesign.com\/#website"},"primaryImageOfPage":{"@id":"https:\/\/www.lavillagardendesign.com\/es\/producto\/voxel-tumbona-apilable-de-diseno-karim-rashid\/#primaryimage"},"image":{"@id":"https:\/\/www.lavillagardendesign.com\/es\/producto\/voxel-tumbona-apilable-de-diseno-karim-rashid\/#primaryimage"},"thumbnailUrl":"https:\/\/www.lavillagardendesign.com\/wp-content\/uploads\/2026\/02\/8-13-2.jpg","datePublished":"2026-03-03T20:22:43+00:00","description":"Descubre la tumbona VOXEL de Vondom. Dise\u00f1o de Karim Rashid en polipropileno duradero y apilable. Perfecta para piscinas de lujo y villas exclusivas.","breadcrumb":{"@id":"https:\/\/www.lavillagardendesign.com\/es\/producto\/voxel-tumbona-apilable-de-diseno-karim-rashid\/#breadcrumb"},"inLanguage":"es","potentialAction":[{"@type":"ReadAction","target":["https:\/\/www.lavillagardendesign.com\/es\/producto\/voxel-tumbona-apilable-de-diseno-karim-rashid\/"]}]},{"@type":"ImageObject","inLanguage":"es","@id":"https:\/\/www.lavillagardendesign.com\/es\/producto\/voxel-tumbona-apilable-de-diseno-karim-rashid\/#primaryimage","url":"https:\/\/www.lavillagardendesign.com\/wp-content\/uploads\/2026\/02\/8-13-2.jpg","contentUrl":"https:\/\/www.lavillagardendesign.com\/wp-content\/uploads\/2026\/02\/8-13-2.jpg","width":700,"height":800},{"@type":"BreadcrumbList","@id":"https:\/\/www.lavillagardendesign.com\/es\/producto\/voxel-tumbona-apilable-de-diseno-karim-rashid\/#breadcrumb","itemListElement":[{"@type":"ListItem","position":1,"name":"Home","item":"https:\/\/www.lavillagardendesign.com\/"},{"@type":"ListItem","position":2,"name":"Tienda","item":"https:\/\/www.lavillagardendesign.com\/es\/tienda\/"},{"@type":"ListItem","position":3,"name":"VOXEL &#8211; Tumbona apilable de dise\u00f1o (Karim Rashid)"}]},{"@type":"WebSite","@id":"https:\/\/www.lavillagardendesign.com\/#website","url":"https:\/\/www.lavillagardendesign.com\/","name":"La Villa Garden&Design","description":"","publisher":{"@id":"https:\/\/www.lavillagardendesign.com\/#organization"},"potentialAction":[{"@type":"SearchAction","target":{"@type":"EntryPoint","urlTemplate":"https:\/\/www.lavillagardendesign.com\/?s={search_term_string}"},"query-input":{"@type":"PropertyValueSpecification","valueRequired":true,"valueName":"search_term_string"}}],"inLanguage":"es"},{"@type":"Organization","@id":"https:\/\/www.lavillagardendesign.com\/#organization","name":"La Villa Garden&Design","url":"https:\/\/www.lavillagardendesign.com\/","logo":{"@type":"ImageObject","inLanguage":"es","@id":"https:\/\/www.lavillagardendesign.com\/#\/schema\/logo\/image\/","url":"https:\/\/www.lavillagardendesign.com\/wp-content\/uploads\/2024\/04\/logolavilla.png","contentUrl":"https:\/\/www.lavillagardendesign.com\/wp-content\/uploads\/2024\/04\/logolavilla.png","width":682,"height":391,"caption":"La Villa Garden&Design"},"image":{"@id":"https:\/\/www.lavillagardendesign.com\/#\/schema\/logo\/image\/"},"sameAs":["https:\/\/www.facebook.com\/lavillagardendesign\/"]}]}},"_links":{"self":[{"href":"https:\/\/www.lavillagardendesign.com\/es\/wp-json\/wp\/v2\/product\/65236","targetHints":{"allow":["GET"]}}],"collection":[{"href":"https:\/\/www.lavillagardendesign.com\/es\/wp-json\/wp\/v2\/product"}],"about":[{"href":"https:\/\/www.lavillagardendesign.com\/es\/wp-json\/wp\/v2\/types\/product"}],"replies":[{"embeddable":true,"href":"https:\/\/www.lavillagardendesign.com\/es\/wp-json\/wp\/v2\/comments?post=65236"}],"version-history":[{"count":0,"href":"https:\/\/www.lavillagardendesign.com\/es\/wp-json\/wp\/v2\/product\/65236\/revisions"}],"wp:featuredmedia":[{"embeddable":true,"href":"https:\/\/www.lavillagardendesign.com\/es\/wp-json\/wp\/v2\/media\/65214"}],"wp:attachment":[{"href":"https:\/\/www.lavillagardendesign.com\/es\/wp-json\/wp\/v2\/media?parent=65236"}],"wp:term":[{"taxonomy":"product_brand","embeddable":true,"href":"https:\/\/www.lavillagardendesign.com\/es\/wp-json\/wp\/v2\/product_brand?post=65236"},{"taxonomy":"product_cat","embeddable":true,"href":"https:\/\/www.lavillagardendesign.com\/es\/wp-json\/wp\/v2\/product_cat?post=65236"},{"taxonomy":"product_tag","embeddable":true,"href":"https:\/\/www.lavillagardendesign.com\/es\/wp-json\/wp\/v2\/product_tag?post=65236"}],"curies":[{"name":"wp","href":"https:\/\/api.w.org\/{rel}","templated":true}]}}