{"id":64466,"date":"2026-02-25T16:43:54","date_gmt":"2026-02-25T15:43:54","guid":{"rendered":"https:\/\/www.lavillagardendesign.com\/product\/poofs-para-piscina-puf-flotante-de-exterior-125x175-cm\/"},"modified":"2026-02-25T16:43:54","modified_gmt":"2026-02-25T14:43:54","slug":"poofs-para-piscina-puf-flotante-de-exterior-125x175-cm","status":"publish","type":"product","link":"https:\/\/www.lavillagardendesign.com\/es\/producto\/poofs-para-piscina-puf-flotante-de-exterior-125x175-cm\/","title":{"rendered":"POOFS PARA PISCINA &#8211; Puf flotante de exterior 125&#215;175 cm"},"content":{"rendered":"","protected":false},"excerpt":{"rendered":"<p>Redefine la relajaci\u00f3n acu\u00e1tica con nuestra exclusiva colecci\u00f3n de pufs flotantes, dise\u00f1ados para ofrecer una experiencia de confort inigualable tanto dentro como fuera de la piscina. Su generoso formato de 125&#215;175 cm y su amplia gama de colores permiten una integraci\u00f3n perfecta en proyectos de paisajismo contempor\u00e1neo, garantizando su durabilidad frente a la exposici\u00f3n al sol y el contacto con el agua. <\/p>\n","protected":false},"featured_media":64453,"comment_status":"open","ping_status":"closed","template":"","meta":[],"product_brand":[],"product_cat":[3098,6833,3104],"product_tag":[],"class_list":{"0":"post-64466","1":"product","2":"type-product","3":"status-publish","4":"has-post-thumbnail","6":"product_cat-accesorios","7":"product_cat-outdoor-es","8":"product_cat-pufs","10":"first","11":"instock","12":"sale","13":"taxable","14":"shipping-taxable","15":"purchasable","16":"product-type-variable"},"yoast_head":"<!-- This site is optimized with the Yoast SEO plugin v27.4 - https:\/\/yoast.com\/product\/yoast-seo-wordpress\/ -->\n<title>Puf Flotante Piscina 125x175 | Confort Exterior de Lujo | La Villa<\/title>\n<meta name=\"description\" content=\"Mejora tu zona de relax con el puf flotante para piscina de 125x175 cm. Disponible en 20 colores. Calidad premium para chal\u00e9s y proyectos exclusivos.\" \/>\n<meta name=\"robots\" content=\"index, follow, max-snippet:-1, max-image-preview:large, max-video-preview:-1\" \/>\n<link rel=\"canonical\" href=\"https:\/\/www.lavillagardendesign.com\/es\/producto\/poofs-para-piscina-puf-flotante-de-exterior-125x175-cm\/\" \/>\n<meta property=\"og:locale\" content=\"es_ES\" \/>\n<meta property=\"og:type\" content=\"article\" \/>\n<meta property=\"og:title\" content=\"Puf Flotante Piscina 125x175 | Confort Exterior de Lujo | La Villa\" \/>\n<meta property=\"og:description\" content=\"Mejora tu zona de relax con el puf flotante para piscina de 125x175 cm. Disponible en 20 colores. Calidad premium para chal\u00e9s y proyectos exclusivos.\" \/>\n<meta property=\"og:url\" content=\"https:\/\/www.lavillagardendesign.com\/es\/producto\/poofs-para-piscina-puf-flotante-de-exterior-125x175-cm\/\" \/>\n<meta property=\"og:site_name\" content=\"La Villa Garden&amp;Design\" \/>\n<meta property=\"article:publisher\" content=\"https:\/\/www.facebook.com\/lavillagardendesign\/\" \/>\n<meta property=\"og:image\" content=\"https:\/\/www.lavillagardendesign.com\/wp-content\/uploads\/2026\/02\/POUF-002RBN-1.jpg\" \/>\n\t<meta property=\"og:image:width\" content=\"1500\" \/>\n\t<meta property=\"og:image:height\" content=\"1500\" \/>\n\t<meta property=\"og:image:type\" content=\"image\/jpeg\" \/>\n<meta name=\"twitter:card\" content=\"summary_large_image\" \/>\n<script type=\"application\/ld+json\" class=\"yoast-schema-graph\">{\"@context\":\"https:\\\/\\\/schema.org\",\"@graph\":[{\"@type\":\"WebPage\",\"@id\":\"https:\\\/\\\/www.lavillagardendesign.com\\\/es\\\/producto\\\/poofs-para-piscina-puf-flotante-de-exterior-125x175-cm\\\/\",\"url\":\"https:\\\/\\\/www.lavillagardendesign.com\\\/es\\\/producto\\\/poofs-para-piscina-puf-flotante-de-exterior-125x175-cm\\\/\",\"name\":\"Puf Flotante Piscina 125x175 | Confort Exterior de Lujo | La Villa\",\"isPartOf\":{\"@id\":\"https:\\\/\\\/www.lavillagardendesign.com\\\/#website\"},\"primaryImageOfPage\":{\"@id\":\"https:\\\/\\\/www.lavillagardendesign.com\\\/es\\\/producto\\\/poofs-para-piscina-puf-flotante-de-exterior-125x175-cm\\\/#primaryimage\"},\"image\":{\"@id\":\"https:\\\/\\\/www.lavillagardendesign.com\\\/es\\\/producto\\\/poofs-para-piscina-puf-flotante-de-exterior-125x175-cm\\\/#primaryimage\"},\"thumbnailUrl\":\"https:\\\/\\\/www.lavillagardendesign.com\\\/wp-content\\\/uploads\\\/2026\\\/02\\\/POUF-002RBN-1.jpg\",\"datePublished\":\"2026-02-25T15:43:54+00:00\",\"description\":\"Mejora tu zona de relax con el puf flotante para piscina de 125x175 cm. Disponible en 20 colores. Calidad premium para chal\u00e9s y proyectos exclusivos.\",\"breadcrumb\":{\"@id\":\"https:\\\/\\\/www.lavillagardendesign.com\\\/es\\\/producto\\\/poofs-para-piscina-puf-flotante-de-exterior-125x175-cm\\\/#breadcrumb\"},\"inLanguage\":\"es\",\"potentialAction\":[{\"@type\":\"ReadAction\",\"target\":[\"https:\\\/\\\/www.lavillagardendesign.com\\\/es\\\/producto\\\/poofs-para-piscina-puf-flotante-de-exterior-125x175-cm\\\/\"]}]},{\"@type\":\"ImageObject\",\"inLanguage\":\"es\",\"@id\":\"https:\\\/\\\/www.lavillagardendesign.com\\\/es\\\/producto\\\/poofs-para-piscina-puf-flotante-de-exterior-125x175-cm\\\/#primaryimage\",\"url\":\"https:\\\/\\\/www.lavillagardendesign.com\\\/wp-content\\\/uploads\\\/2026\\\/02\\\/POUF-002RBN-1.jpg\",\"contentUrl\":\"https:\\\/\\\/www.lavillagardendesign.com\\\/wp-content\\\/uploads\\\/2026\\\/02\\\/POUF-002RBN-1.jpg\",\"width\":1500,\"height\":1500},{\"@type\":\"BreadcrumbList\",\"@id\":\"https:\\\/\\\/www.lavillagardendesign.com\\\/es\\\/producto\\\/poofs-para-piscina-puf-flotante-de-exterior-125x175-cm\\\/#breadcrumb\",\"itemListElement\":[{\"@type\":\"ListItem\",\"position\":1,\"name\":\"Home\",\"item\":\"https:\\\/\\\/www.lavillagardendesign.com\\\/\"},{\"@type\":\"ListItem\",\"position\":2,\"name\":\"Tienda\",\"item\":\"https:\\\/\\\/www.lavillagardendesign.com\\\/es\\\/tienda\\\/\"},{\"@type\":\"ListItem\",\"position\":3,\"name\":\"POOFS PARA PISCINA &#8211; Puf flotante de exterior 125&#215;175 cm\"}]},{\"@type\":\"WebSite\",\"@id\":\"https:\\\/\\\/www.lavillagardendesign.com\\\/#website\",\"url\":\"https:\\\/\\\/www.lavillagardendesign.com\\\/\",\"name\":\"La Villa Garden&Design\",\"description\":\"\",\"publisher\":{\"@id\":\"https:\\\/\\\/www.lavillagardendesign.com\\\/#organization\"},\"potentialAction\":[{\"@type\":\"SearchAction\",\"target\":{\"@type\":\"EntryPoint\",\"urlTemplate\":\"https:\\\/\\\/www.lavillagardendesign.com\\\/?s={search_term_string}\"},\"query-input\":{\"@type\":\"PropertyValueSpecification\",\"valueRequired\":true,\"valueName\":\"search_term_string\"}}],\"inLanguage\":\"es\"},{\"@type\":\"Organization\",\"@id\":\"https:\\\/\\\/www.lavillagardendesign.com\\\/#organization\",\"name\":\"La Villa Garden&Design\",\"url\":\"https:\\\/\\\/www.lavillagardendesign.com\\\/\",\"logo\":{\"@type\":\"ImageObject\",\"inLanguage\":\"es\",\"@id\":\"https:\\\/\\\/www.lavillagardendesign.com\\\/#\\\/schema\\\/logo\\\/image\\\/\",\"url\":\"https:\\\/\\\/www.lavillagardendesign.com\\\/wp-content\\\/uploads\\\/2024\\\/04\\\/logolavilla.png\",\"contentUrl\":\"https:\\\/\\\/www.lavillagardendesign.com\\\/wp-content\\\/uploads\\\/2024\\\/04\\\/logolavilla.png\",\"width\":682,\"height\":391,\"caption\":\"La Villa Garden&Design\"},\"image\":{\"@id\":\"https:\\\/\\\/www.lavillagardendesign.com\\\/#\\\/schema\\\/logo\\\/image\\\/\"},\"sameAs\":[\"https:\\\/\\\/www.facebook.com\\\/lavillagardendesign\\\/\"]}]}<\/script>\n<!-- \/ Yoast SEO plugin. -->","yoast_head_json":{"title":"Puf Flotante Piscina 125x175 | Confort Exterior de Lujo | La Villa","description":"Mejora tu zona de relax con el puf flotante para piscina de 125x175 cm. Disponible en 20 colores. Calidad premium para chal\u00e9s y proyectos exclusivos.","robots":{"index":"index","follow":"follow","max-snippet":"max-snippet:-1","max-image-preview":"max-image-preview:large","max-video-preview":"max-video-preview:-1"},"canonical":"https:\/\/www.lavillagardendesign.com\/es\/producto\/poofs-para-piscina-puf-flotante-de-exterior-125x175-cm\/","og_locale":"es_ES","og_type":"article","og_title":"Puf Flotante Piscina 125x175 | Confort Exterior de Lujo | La Villa","og_description":"Mejora tu zona de relax con el puf flotante para piscina de 125x175 cm. Disponible en 20 colores. Calidad premium para chal\u00e9s y proyectos exclusivos.","og_url":"https:\/\/www.lavillagardendesign.com\/es\/producto\/poofs-para-piscina-puf-flotante-de-exterior-125x175-cm\/","og_site_name":"La Villa Garden&amp;Design","article_publisher":"https:\/\/www.facebook.com\/lavillagardendesign\/","og_image":[{"width":1500,"height":1500,"url":"https:\/\/www.lavillagardendesign.com\/wp-content\/uploads\/2026\/02\/POUF-002RBN-1.jpg","type":"image\/jpeg"}],"twitter_card":"summary_large_image","schema":{"@context":"https:\/\/schema.org","@graph":[{"@type":"WebPage","@id":"https:\/\/www.lavillagardendesign.com\/es\/producto\/poofs-para-piscina-puf-flotante-de-exterior-125x175-cm\/","url":"https:\/\/www.lavillagardendesign.com\/es\/producto\/poofs-para-piscina-puf-flotante-de-exterior-125x175-cm\/","name":"Puf Flotante Piscina 125x175 | Confort Exterior de Lujo | La Villa","isPartOf":{"@id":"https:\/\/www.lavillagardendesign.com\/#website"},"primaryImageOfPage":{"@id":"https:\/\/www.lavillagardendesign.com\/es\/producto\/poofs-para-piscina-puf-flotante-de-exterior-125x175-cm\/#primaryimage"},"image":{"@id":"https:\/\/www.lavillagardendesign.com\/es\/producto\/poofs-para-piscina-puf-flotante-de-exterior-125x175-cm\/#primaryimage"},"thumbnailUrl":"https:\/\/www.lavillagardendesign.com\/wp-content\/uploads\/2026\/02\/POUF-002RBN-1.jpg","datePublished":"2026-02-25T15:43:54+00:00","description":"Mejora tu zona de relax con el puf flotante para piscina de 125x175 cm. Disponible en 20 colores. Calidad premium para chal\u00e9s y proyectos exclusivos.","breadcrumb":{"@id":"https:\/\/www.lavillagardendesign.com\/es\/producto\/poofs-para-piscina-puf-flotante-de-exterior-125x175-cm\/#breadcrumb"},"inLanguage":"es","potentialAction":[{"@type":"ReadAction","target":["https:\/\/www.lavillagardendesign.com\/es\/producto\/poofs-para-piscina-puf-flotante-de-exterior-125x175-cm\/"]}]},{"@type":"ImageObject","inLanguage":"es","@id":"https:\/\/www.lavillagardendesign.com\/es\/producto\/poofs-para-piscina-puf-flotante-de-exterior-125x175-cm\/#primaryimage","url":"https:\/\/www.lavillagardendesign.com\/wp-content\/uploads\/2026\/02\/POUF-002RBN-1.jpg","contentUrl":"https:\/\/www.lavillagardendesign.com\/wp-content\/uploads\/2026\/02\/POUF-002RBN-1.jpg","width":1500,"height":1500},{"@type":"BreadcrumbList","@id":"https:\/\/www.lavillagardendesign.com\/es\/producto\/poofs-para-piscina-puf-flotante-de-exterior-125x175-cm\/#breadcrumb","itemListElement":[{"@type":"ListItem","position":1,"name":"Home","item":"https:\/\/www.lavillagardendesign.com\/"},{"@type":"ListItem","position":2,"name":"Tienda","item":"https:\/\/www.lavillagardendesign.com\/es\/tienda\/"},{"@type":"ListItem","position":3,"name":"POOFS PARA PISCINA &#8211; Puf flotante de exterior 125&#215;175 cm"}]},{"@type":"WebSite","@id":"https:\/\/www.lavillagardendesign.com\/#website","url":"https:\/\/www.lavillagardendesign.com\/","name":"La Villa Garden&Design","description":"","publisher":{"@id":"https:\/\/www.lavillagardendesign.com\/#organization"},"potentialAction":[{"@type":"SearchAction","target":{"@type":"EntryPoint","urlTemplate":"https:\/\/www.lavillagardendesign.com\/?s={search_term_string}"},"query-input":{"@type":"PropertyValueSpecification","valueRequired":true,"valueName":"search_term_string"}}],"inLanguage":"es"},{"@type":"Organization","@id":"https:\/\/www.lavillagardendesign.com\/#organization","name":"La Villa Garden&Design","url":"https:\/\/www.lavillagardendesign.com\/","logo":{"@type":"ImageObject","inLanguage":"es","@id":"https:\/\/www.lavillagardendesign.com\/#\/schema\/logo\/image\/","url":"https:\/\/www.lavillagardendesign.com\/wp-content\/uploads\/2024\/04\/logolavilla.png","contentUrl":"https:\/\/www.lavillagardendesign.com\/wp-content\/uploads\/2024\/04\/logolavilla.png","width":682,"height":391,"caption":"La Villa Garden&Design"},"image":{"@id":"https:\/\/www.lavillagardendesign.com\/#\/schema\/logo\/image\/"},"sameAs":["https:\/\/www.facebook.com\/lavillagardendesign\/"]}]}},"_links":{"self":[{"href":"https:\/\/www.lavillagardendesign.com\/es\/wp-json\/wp\/v2\/product\/64466","targetHints":{"allow":["GET"]}}],"collection":[{"href":"https:\/\/www.lavillagardendesign.com\/es\/wp-json\/wp\/v2\/product"}],"about":[{"href":"https:\/\/www.lavillagardendesign.com\/es\/wp-json\/wp\/v2\/types\/product"}],"replies":[{"embeddable":true,"href":"https:\/\/www.lavillagardendesign.com\/es\/wp-json\/wp\/v2\/comments?post=64466"}],"version-history":[{"count":0,"href":"https:\/\/www.lavillagardendesign.com\/es\/wp-json\/wp\/v2\/product\/64466\/revisions"}],"wp:featuredmedia":[{"embeddable":true,"href":"https:\/\/www.lavillagardendesign.com\/es\/wp-json\/wp\/v2\/media\/64453"}],"wp:attachment":[{"href":"https:\/\/www.lavillagardendesign.com\/es\/wp-json\/wp\/v2\/media?parent=64466"}],"wp:term":[{"taxonomy":"product_brand","embeddable":true,"href":"https:\/\/www.lavillagardendesign.com\/es\/wp-json\/wp\/v2\/product_brand?post=64466"},{"taxonomy":"product_cat","embeddable":true,"href":"https:\/\/www.lavillagardendesign.com\/es\/wp-json\/wp\/v2\/product_cat?post=64466"},{"taxonomy":"product_tag","embeddable":true,"href":"https:\/\/www.lavillagardendesign.com\/es\/wp-json\/wp\/v2\/product_tag?post=64466"}],"curies":[{"name":"wp","href":"https:\/\/api.w.org\/{rel}","templated":true}]}}