{"id":64325,"date":"2026-02-24T21:42:32","date_gmt":"2026-02-24T20:42:32","guid":{"rendered":"https:\/\/www.lavillagardendesign.com\/product\/mistral-sillon-de-comedor-de-aluminio-y-cuerda-beige\/"},"modified":"2026-02-24T21:42:32","modified_gmt":"2026-02-24T19:42:32","slug":"mistral-sillon-de-comedor-de-aluminio-y-cuerda-beige","status":"publish","type":"product","link":"https:\/\/www.lavillagardendesign.com\/es\/producto\/mistral-sillon-de-comedor-de-aluminio-y-cuerda-beige\/","title":{"rendered":"MISTRAL &#8211; Sill\u00f3n de comedor de aluminio y cuerda beige"},"content":{"rendered":"","protected":false},"excerpt":{"rendered":"<p>El sill\u00f3n Mistral es el compa\u00f1ero perfecto para mesas de madera o piedra, ya que a\u00f1ade ligereza y textura. Su estructura de aluminio beige ilumina el espacio, mientras que el respaldo de cuerda sint\u00e9tica tejida ofrece un apoyo ergon\u00f3mico y fresco. La fusi\u00f3n de materiales t\u00e9cnicos con un dise\u00f1o inspirado en la naturaleza la convierte en una pieza vers\u00e1til y duradera. Incluye un coj\u00edn de asiento extra\u00edble para garantizar la m\u00e1xima comodidad durante las largas sobremesas veraniegas.   <\/p>\n","protected":false},"featured_media":64295,"comment_status":"open","ping_status":"closed","template":"","meta":[],"product_brand":[5001],"product_cat":[6833,3105,3107],"product_tag":[],"class_list":{"0":"post-64325","1":"product","2":"type-product","3":"status-publish","4":"has-post-thumbnail","6":"product_brand-la-villa-garden","7":"product_cat-outdoor-es","8":"product_cat-sillas","9":"product_cat-sillas-de-comedor","11":"first","12":"instock","13":"sale","14":"taxable","15":"shipping-taxable","16":"purchasable","17":"product-type-simple"},"yoast_head":"<!-- This site is optimized with the Yoast SEO plugin v27.1.1 - https:\/\/yoast.com\/product\/yoast-seo-wordpress\/ -->\n<title>Sill\u00f3n MISTRAL Cuerda y Aluminio Beige | La Villa Garden<\/title>\n<meta name=\"description\" content=\"Sill\u00f3n de comedor Mistral. Ligera estructura de aluminio beige y cuerda tejida. Coj\u00edn incluido. Dise\u00f1o moderno y c\u00f3modo\" \/>\n<meta name=\"robots\" content=\"index, follow, max-snippet:-1, max-image-preview:large, max-video-preview:-1\" \/>\n<link rel=\"canonical\" href=\"https:\/\/www.lavillagardendesign.com\/es\/producto\/mistral-sillon-de-comedor-de-aluminio-y-cuerda-beige\/\" \/>\n<meta property=\"og:locale\" content=\"es_ES\" \/>\n<meta property=\"og:type\" content=\"article\" \/>\n<meta property=\"og:title\" content=\"Sill\u00f3n MISTRAL Cuerda y Aluminio Beige | La Villa Garden\" \/>\n<meta property=\"og:description\" content=\"Sill\u00f3n de comedor Mistral. Ligera estructura de aluminio beige y cuerda tejida. Coj\u00edn incluido. Dise\u00f1o moderno y c\u00f3modo\" \/>\n<meta property=\"og:url\" content=\"https:\/\/www.lavillagardendesign.com\/es\/producto\/mistral-sillon-de-comedor-de-aluminio-y-cuerda-beige\/\" \/>\n<meta property=\"og:site_name\" content=\"La Villa Garden&amp;Design\" \/>\n<meta property=\"article:publisher\" content=\"https:\/\/www.facebook.com\/lavillagardendesign\/\" \/>\n<meta property=\"og:image\" content=\"https:\/\/www.lavillagardendesign.com\/wp-content\/uploads\/2026\/02\/2-18.png\" \/>\n\t<meta property=\"og:image:width\" content=\"700\" \/>\n\t<meta property=\"og:image:height\" content=\"800\" \/>\n\t<meta property=\"og:image:type\" content=\"image\/png\" \/>\n<meta name=\"twitter:card\" content=\"summary_large_image\" \/>\n<script type=\"application\/ld+json\" class=\"yoast-schema-graph\">{\"@context\":\"https:\/\/schema.org\",\"@graph\":[{\"@type\":\"WebPage\",\"@id\":\"https:\/\/www.lavillagardendesign.com\/es\/producto\/mistral-sillon-de-comedor-de-aluminio-y-cuerda-beige\/\",\"url\":\"https:\/\/www.lavillagardendesign.com\/es\/producto\/mistral-sillon-de-comedor-de-aluminio-y-cuerda-beige\/\",\"name\":\"Sill\u00f3n MISTRAL Cuerda y Aluminio Beige | La Villa Garden\",\"isPartOf\":{\"@id\":\"https:\/\/www.lavillagardendesign.com\/#website\"},\"primaryImageOfPage\":{\"@id\":\"https:\/\/www.lavillagardendesign.com\/es\/producto\/mistral-sillon-de-comedor-de-aluminio-y-cuerda-beige\/#primaryimage\"},\"image\":{\"@id\":\"https:\/\/www.lavillagardendesign.com\/es\/producto\/mistral-sillon-de-comedor-de-aluminio-y-cuerda-beige\/#primaryimage\"},\"thumbnailUrl\":\"https:\/\/www.lavillagardendesign.com\/wp-content\/uploads\/2026\/02\/2-18.png\",\"datePublished\":\"2026-02-24T20:42:32+00:00\",\"description\":\"Sill\u00f3n de comedor Mistral. Ligera estructura de aluminio beige y cuerda tejida. Coj\u00edn incluido. Dise\u00f1o moderno y c\u00f3modo\",\"breadcrumb\":{\"@id\":\"https:\/\/www.lavillagardendesign.com\/es\/producto\/mistral-sillon-de-comedor-de-aluminio-y-cuerda-beige\/#breadcrumb\"},\"inLanguage\":\"es\",\"potentialAction\":[{\"@type\":\"ReadAction\",\"target\":[\"https:\/\/www.lavillagardendesign.com\/es\/producto\/mistral-sillon-de-comedor-de-aluminio-y-cuerda-beige\/\"]}]},{\"@type\":\"ImageObject\",\"inLanguage\":\"es\",\"@id\":\"https:\/\/www.lavillagardendesign.com\/es\/producto\/mistral-sillon-de-comedor-de-aluminio-y-cuerda-beige\/#primaryimage\",\"url\":\"https:\/\/www.lavillagardendesign.com\/wp-content\/uploads\/2026\/02\/2-18.png\",\"contentUrl\":\"https:\/\/www.lavillagardendesign.com\/wp-content\/uploads\/2026\/02\/2-18.png\",\"width\":700,\"height\":800},{\"@type\":\"BreadcrumbList\",\"@id\":\"https:\/\/www.lavillagardendesign.com\/es\/producto\/mistral-sillon-de-comedor-de-aluminio-y-cuerda-beige\/#breadcrumb\",\"itemListElement\":[{\"@type\":\"ListItem\",\"position\":1,\"name\":\"Home\",\"item\":\"https:\/\/www.lavillagardendesign.com\/\"},{\"@type\":\"ListItem\",\"position\":2,\"name\":\"Tienda\",\"item\":\"https:\/\/www.lavillagardendesign.com\/es\/tienda\/\"},{\"@type\":\"ListItem\",\"position\":3,\"name\":\"Private: MISTRAL &#8211; Sill\u00f3n de comedor de aluminio y cuerda beige\"}]},{\"@type\":\"WebSite\",\"@id\":\"https:\/\/www.lavillagardendesign.com\/#website\",\"url\":\"https:\/\/www.lavillagardendesign.com\/\",\"name\":\"La Villa Garden&Design\",\"description\":\"\",\"publisher\":{\"@id\":\"https:\/\/www.lavillagardendesign.com\/#organization\"},\"potentialAction\":[{\"@type\":\"SearchAction\",\"target\":{\"@type\":\"EntryPoint\",\"urlTemplate\":\"https:\/\/www.lavillagardendesign.com\/?s={search_term_string}\"},\"query-input\":{\"@type\":\"PropertyValueSpecification\",\"valueRequired\":true,\"valueName\":\"search_term_string\"}}],\"inLanguage\":\"es\"},{\"@type\":\"Organization\",\"@id\":\"https:\/\/www.lavillagardendesign.com\/#organization\",\"name\":\"La Villa Garden&Design\",\"url\":\"https:\/\/www.lavillagardendesign.com\/\",\"logo\":{\"@type\":\"ImageObject\",\"inLanguage\":\"es\",\"@id\":\"https:\/\/www.lavillagardendesign.com\/#\/schema\/logo\/image\/\",\"url\":\"https:\/\/www.lavillagardendesign.com\/wp-content\/uploads\/2024\/04\/logolavilla.png\",\"contentUrl\":\"https:\/\/www.lavillagardendesign.com\/wp-content\/uploads\/2024\/04\/logolavilla.png\",\"width\":682,\"height\":391,\"caption\":\"La Villa Garden&Design\"},\"image\":{\"@id\":\"https:\/\/www.lavillagardendesign.com\/#\/schema\/logo\/image\/\"},\"sameAs\":[\"https:\/\/www.facebook.com\/lavillagardendesign\/\"]}]}<\/script>\n<!-- \/ Yoast SEO plugin. -->","yoast_head_json":{"title":"Sill\u00f3n MISTRAL Cuerda y Aluminio Beige | La Villa Garden","description":"Sill\u00f3n de comedor Mistral. Ligera estructura de aluminio beige y cuerda tejida. Coj\u00edn incluido. Dise\u00f1o moderno y c\u00f3modo","robots":{"index":"index","follow":"follow","max-snippet":"max-snippet:-1","max-image-preview":"max-image-preview:large","max-video-preview":"max-video-preview:-1"},"canonical":"https:\/\/www.lavillagardendesign.com\/es\/producto\/mistral-sillon-de-comedor-de-aluminio-y-cuerda-beige\/","og_locale":"es_ES","og_type":"article","og_title":"Sill\u00f3n MISTRAL Cuerda y Aluminio Beige | La Villa Garden","og_description":"Sill\u00f3n de comedor Mistral. Ligera estructura de aluminio beige y cuerda tejida. Coj\u00edn incluido. Dise\u00f1o moderno y c\u00f3modo","og_url":"https:\/\/www.lavillagardendesign.com\/es\/producto\/mistral-sillon-de-comedor-de-aluminio-y-cuerda-beige\/","og_site_name":"La Villa Garden&amp;Design","article_publisher":"https:\/\/www.facebook.com\/lavillagardendesign\/","og_image":[{"width":700,"height":800,"url":"https:\/\/www.lavillagardendesign.com\/wp-content\/uploads\/2026\/02\/2-18.png","type":"image\/png"}],"twitter_card":"summary_large_image","schema":{"@context":"https:\/\/schema.org","@graph":[{"@type":"WebPage","@id":"https:\/\/www.lavillagardendesign.com\/es\/producto\/mistral-sillon-de-comedor-de-aluminio-y-cuerda-beige\/","url":"https:\/\/www.lavillagardendesign.com\/es\/producto\/mistral-sillon-de-comedor-de-aluminio-y-cuerda-beige\/","name":"Sill\u00f3n MISTRAL Cuerda y Aluminio Beige | La Villa Garden","isPartOf":{"@id":"https:\/\/www.lavillagardendesign.com\/#website"},"primaryImageOfPage":{"@id":"https:\/\/www.lavillagardendesign.com\/es\/producto\/mistral-sillon-de-comedor-de-aluminio-y-cuerda-beige\/#primaryimage"},"image":{"@id":"https:\/\/www.lavillagardendesign.com\/es\/producto\/mistral-sillon-de-comedor-de-aluminio-y-cuerda-beige\/#primaryimage"},"thumbnailUrl":"https:\/\/www.lavillagardendesign.com\/wp-content\/uploads\/2026\/02\/2-18.png","datePublished":"2026-02-24T20:42:32+00:00","description":"Sill\u00f3n de comedor Mistral. Ligera estructura de aluminio beige y cuerda tejida. Coj\u00edn incluido. Dise\u00f1o moderno y c\u00f3modo","breadcrumb":{"@id":"https:\/\/www.lavillagardendesign.com\/es\/producto\/mistral-sillon-de-comedor-de-aluminio-y-cuerda-beige\/#breadcrumb"},"inLanguage":"es","potentialAction":[{"@type":"ReadAction","target":["https:\/\/www.lavillagardendesign.com\/es\/producto\/mistral-sillon-de-comedor-de-aluminio-y-cuerda-beige\/"]}]},{"@type":"ImageObject","inLanguage":"es","@id":"https:\/\/www.lavillagardendesign.com\/es\/producto\/mistral-sillon-de-comedor-de-aluminio-y-cuerda-beige\/#primaryimage","url":"https:\/\/www.lavillagardendesign.com\/wp-content\/uploads\/2026\/02\/2-18.png","contentUrl":"https:\/\/www.lavillagardendesign.com\/wp-content\/uploads\/2026\/02\/2-18.png","width":700,"height":800},{"@type":"BreadcrumbList","@id":"https:\/\/www.lavillagardendesign.com\/es\/producto\/mistral-sillon-de-comedor-de-aluminio-y-cuerda-beige\/#breadcrumb","itemListElement":[{"@type":"ListItem","position":1,"name":"Home","item":"https:\/\/www.lavillagardendesign.com\/"},{"@type":"ListItem","position":2,"name":"Tienda","item":"https:\/\/www.lavillagardendesign.com\/es\/tienda\/"},{"@type":"ListItem","position":3,"name":"Private: MISTRAL &#8211; Sill\u00f3n de comedor de aluminio y cuerda beige"}]},{"@type":"WebSite","@id":"https:\/\/www.lavillagardendesign.com\/#website","url":"https:\/\/www.lavillagardendesign.com\/","name":"La Villa Garden&Design","description":"","publisher":{"@id":"https:\/\/www.lavillagardendesign.com\/#organization"},"potentialAction":[{"@type":"SearchAction","target":{"@type":"EntryPoint","urlTemplate":"https:\/\/www.lavillagardendesign.com\/?s={search_term_string}"},"query-input":{"@type":"PropertyValueSpecification","valueRequired":true,"valueName":"search_term_string"}}],"inLanguage":"es"},{"@type":"Organization","@id":"https:\/\/www.lavillagardendesign.com\/#organization","name":"La Villa Garden&Design","url":"https:\/\/www.lavillagardendesign.com\/","logo":{"@type":"ImageObject","inLanguage":"es","@id":"https:\/\/www.lavillagardendesign.com\/#\/schema\/logo\/image\/","url":"https:\/\/www.lavillagardendesign.com\/wp-content\/uploads\/2024\/04\/logolavilla.png","contentUrl":"https:\/\/www.lavillagardendesign.com\/wp-content\/uploads\/2024\/04\/logolavilla.png","width":682,"height":391,"caption":"La Villa Garden&Design"},"image":{"@id":"https:\/\/www.lavillagardendesign.com\/#\/schema\/logo\/image\/"},"sameAs":["https:\/\/www.facebook.com\/lavillagardendesign\/"]}]}},"_links":{"self":[{"href":"https:\/\/www.lavillagardendesign.com\/es\/wp-json\/wp\/v2\/product\/64325","targetHints":{"allow":["GET"]}}],"collection":[{"href":"https:\/\/www.lavillagardendesign.com\/es\/wp-json\/wp\/v2\/product"}],"about":[{"href":"https:\/\/www.lavillagardendesign.com\/es\/wp-json\/wp\/v2\/types\/product"}],"replies":[{"embeddable":true,"href":"https:\/\/www.lavillagardendesign.com\/es\/wp-json\/wp\/v2\/comments?post=64325"}],"version-history":[{"count":0,"href":"https:\/\/www.lavillagardendesign.com\/es\/wp-json\/wp\/v2\/product\/64325\/revisions"}],"wp:featuredmedia":[{"embeddable":true,"href":"https:\/\/www.lavillagardendesign.com\/es\/wp-json\/wp\/v2\/media\/64295"}],"wp:attachment":[{"href":"https:\/\/www.lavillagardendesign.com\/es\/wp-json\/wp\/v2\/media?parent=64325"}],"wp:term":[{"taxonomy":"product_brand","embeddable":true,"href":"https:\/\/www.lavillagardendesign.com\/es\/wp-json\/wp\/v2\/product_brand?post=64325"},{"taxonomy":"product_cat","embeddable":true,"href":"https:\/\/www.lavillagardendesign.com\/es\/wp-json\/wp\/v2\/product_cat?post=64325"},{"taxonomy":"product_tag","embeddable":true,"href":"https:\/\/www.lavillagardendesign.com\/es\/wp-json\/wp\/v2\/product_tag?post=64325"}],"curies":[{"name":"wp","href":"https:\/\/api.w.org\/{rel}","templated":true}]}}