{"id":64324,"date":"2026-02-24T21:42:32","date_gmt":"2026-02-24T20:42:32","guid":{"rendered":"https:\/\/www.lavillagardendesign.com\/product\/momma-mueble-de-cocina-exterior-de-aluminio-y-ceramica-tecnica\/"},"modified":"2026-02-25T16:12:23","modified_gmt":"2026-02-25T14:12:23","slug":"momma-mueble-de-cocina-exterior-de-aluminio-y-ceramica-tecnica","status":"publish","type":"product","link":"https:\/\/www.lavillagardendesign.com\/es\/producto\/momma-mueble-de-cocina-exterior-de-aluminio-y-ceramica-tecnica\/","title":{"rendered":"MOMMA &#8211; Mueble de cocina exterior de aluminio y cer\u00e1mica t\u00e9cnica"},"content":{"rendered":"","protected":false},"excerpt":{"rendered":"<p>El m\u00f3dulo de cocina Momma lleva la alta gastronom\u00eda al jard\u00edn. Dise\u00f1ado para los amantes de los espect\u00e1culos culinarios, este m\u00f3dulo ofrece una estaci\u00f3n de trabajo robusta y elegante que resiste las exigencias de la cocina al aire libre. Su encimera de cer\u00e1mica de gran formato es la clave: una superficie higi\u00e9nica y antibacteriana resistente al calor extremo, los cortes y las manchas, perfecta para preparar alimentos o apoyar planchas calientes sin miedo. Su estructura de aluminio con recubrimiento de polvo (en Carbono o Blanco) ofrece almacenamiento y estabilidad, resistiendo la corrosi\u00f3n marina. Es la pieza central que transforma una simple barbacoa en una cocina de verano profesional.    <\/p>\n","protected":false},"featured_media":64243,"comment_status":"open","ping_status":"closed","template":"","meta":[],"product_brand":[5001],"product_cat":[6833,4775],"product_tag":[],"class_list":{"0":"post-64324","1":"product","2":"type-product","3":"status-publish","4":"has-post-thumbnail","6":"product_brand-la-villa-garden","7":"product_cat-outdoor-es","8":"product_cat-barbacoa","10":"first","11":"instock","12":"sale","13":"taxable","14":"shipping-taxable","15":"purchasable","16":"product-type-variable"},"yoast_head":"<!-- This site is optimized with the Yoast SEO plugin v27.1.1 - https:\/\/yoast.com\/product\/yoast-seo-wordpress\/ -->\n<title>Cocina de Exterior MOMMA Aluminio y Cer\u00e1mica | La Villa Garden<\/title>\n<meta name=\"description\" content=\"Mueble de cocina de jard\u00edn Momma. Duradera encimera de cer\u00e1mica (corta\/calienta) y armaz\u00f3n de aluminio. Crea tu lujosa estaci\u00f3n de cocina de verano.\" \/>\n<meta name=\"robots\" content=\"index, follow, max-snippet:-1, max-image-preview:large, max-video-preview:-1\" \/>\n<link rel=\"canonical\" href=\"https:\/\/www.lavillagardendesign.com\/es\/producto\/momma-mueble-de-cocina-exterior-de-aluminio-y-ceramica-tecnica\/\" \/>\n<meta property=\"og:locale\" content=\"es_ES\" \/>\n<meta property=\"og:type\" content=\"article\" \/>\n<meta property=\"og:title\" content=\"Cocina de Exterior MOMMA Aluminio y Cer\u00e1mica | La Villa Garden\" \/>\n<meta property=\"og:description\" content=\"Mueble de cocina de jard\u00edn Momma. Duradera encimera de cer\u00e1mica (corta\/calienta) y armaz\u00f3n de aluminio. Crea tu lujosa estaci\u00f3n de cocina de verano.\" \/>\n<meta property=\"og:url\" content=\"https:\/\/www.lavillagardendesign.com\/es\/producto\/momma-mueble-de-cocina-exterior-de-aluminio-y-ceramica-tecnica\/\" \/>\n<meta property=\"og:site_name\" content=\"La Villa Garden&amp;Design\" \/>\n<meta property=\"article:publisher\" content=\"https:\/\/www.facebook.com\/lavillagardendesign\/\" \/>\n<meta property=\"article:modified_time\" content=\"2026-02-25T14:12:23+00:00\" \/>\n<meta property=\"og:image\" content=\"https:\/\/www.lavillagardendesign.com\/wp-content\/uploads\/2026\/02\/3-23.jpg\" \/>\n\t<meta property=\"og:image:width\" content=\"700\" \/>\n\t<meta property=\"og:image:height\" content=\"800\" \/>\n\t<meta property=\"og:image:type\" content=\"image\/jpeg\" \/>\n<meta name=\"twitter:card\" content=\"summary_large_image\" \/>\n<script type=\"application\/ld+json\" class=\"yoast-schema-graph\">{\"@context\":\"https:\/\/schema.org\",\"@graph\":[{\"@type\":\"WebPage\",\"@id\":\"https:\/\/www.lavillagardendesign.com\/es\/producto\/momma-mueble-de-cocina-exterior-de-aluminio-y-ceramica-tecnica\/\",\"url\":\"https:\/\/www.lavillagardendesign.com\/es\/producto\/momma-mueble-de-cocina-exterior-de-aluminio-y-ceramica-tecnica\/\",\"name\":\"Cocina de Exterior MOMMA Aluminio y Cer\u00e1mica | La Villa Garden\",\"isPartOf\":{\"@id\":\"https:\/\/www.lavillagardendesign.com\/#website\"},\"primaryImageOfPage\":{\"@id\":\"https:\/\/www.lavillagardendesign.com\/es\/producto\/momma-mueble-de-cocina-exterior-de-aluminio-y-ceramica-tecnica\/#primaryimage\"},\"image\":{\"@id\":\"https:\/\/www.lavillagardendesign.com\/es\/producto\/momma-mueble-de-cocina-exterior-de-aluminio-y-ceramica-tecnica\/#primaryimage\"},\"thumbnailUrl\":\"https:\/\/www.lavillagardendesign.com\/wp-content\/uploads\/2026\/02\/3-23.jpg\",\"datePublished\":\"2026-02-24T20:42:32+00:00\",\"dateModified\":\"2026-02-25T14:12:23+00:00\",\"description\":\"Mueble de cocina de jard\u00edn Momma. Duradera encimera de cer\u00e1mica (corta\/calienta) y armaz\u00f3n de aluminio. Crea tu lujosa estaci\u00f3n de cocina de verano.\",\"breadcrumb\":{\"@id\":\"https:\/\/www.lavillagardendesign.com\/es\/producto\/momma-mueble-de-cocina-exterior-de-aluminio-y-ceramica-tecnica\/#breadcrumb\"},\"inLanguage\":\"es\",\"potentialAction\":[{\"@type\":\"ReadAction\",\"target\":[\"https:\/\/www.lavillagardendesign.com\/es\/producto\/momma-mueble-de-cocina-exterior-de-aluminio-y-ceramica-tecnica\/\"]}]},{\"@type\":\"ImageObject\",\"inLanguage\":\"es\",\"@id\":\"https:\/\/www.lavillagardendesign.com\/es\/producto\/momma-mueble-de-cocina-exterior-de-aluminio-y-ceramica-tecnica\/#primaryimage\",\"url\":\"https:\/\/www.lavillagardendesign.com\/wp-content\/uploads\/2026\/02\/3-23.jpg\",\"contentUrl\":\"https:\/\/www.lavillagardendesign.com\/wp-content\/uploads\/2026\/02\/3-23.jpg\",\"width\":700,\"height\":800},{\"@type\":\"BreadcrumbList\",\"@id\":\"https:\/\/www.lavillagardendesign.com\/es\/producto\/momma-mueble-de-cocina-exterior-de-aluminio-y-ceramica-tecnica\/#breadcrumb\",\"itemListElement\":[{\"@type\":\"ListItem\",\"position\":1,\"name\":\"Home\",\"item\":\"https:\/\/www.lavillagardendesign.com\/\"},{\"@type\":\"ListItem\",\"position\":2,\"name\":\"Tienda\",\"item\":\"https:\/\/www.lavillagardendesign.com\/es\/tienda\/\"},{\"@type\":\"ListItem\",\"position\":3,\"name\":\"Private: MOMMA &#8211; Mueble de cocina exterior de aluminio y cer\u00e1mica t\u00e9cnica\"}]},{\"@type\":\"WebSite\",\"@id\":\"https:\/\/www.lavillagardendesign.com\/#website\",\"url\":\"https:\/\/www.lavillagardendesign.com\/\",\"name\":\"La Villa Garden&Design\",\"description\":\"\",\"publisher\":{\"@id\":\"https:\/\/www.lavillagardendesign.com\/#organization\"},\"potentialAction\":[{\"@type\":\"SearchAction\",\"target\":{\"@type\":\"EntryPoint\",\"urlTemplate\":\"https:\/\/www.lavillagardendesign.com\/?s={search_term_string}\"},\"query-input\":{\"@type\":\"PropertyValueSpecification\",\"valueRequired\":true,\"valueName\":\"search_term_string\"}}],\"inLanguage\":\"es\"},{\"@type\":\"Organization\",\"@id\":\"https:\/\/www.lavillagardendesign.com\/#organization\",\"name\":\"La Villa Garden&Design\",\"url\":\"https:\/\/www.lavillagardendesign.com\/\",\"logo\":{\"@type\":\"ImageObject\",\"inLanguage\":\"es\",\"@id\":\"https:\/\/www.lavillagardendesign.com\/#\/schema\/logo\/image\/\",\"url\":\"https:\/\/www.lavillagardendesign.com\/wp-content\/uploads\/2024\/04\/logolavilla.png\",\"contentUrl\":\"https:\/\/www.lavillagardendesign.com\/wp-content\/uploads\/2024\/04\/logolavilla.png\",\"width\":682,\"height\":391,\"caption\":\"La Villa Garden&Design\"},\"image\":{\"@id\":\"https:\/\/www.lavillagardendesign.com\/#\/schema\/logo\/image\/\"},\"sameAs\":[\"https:\/\/www.facebook.com\/lavillagardendesign\/\"]}]}<\/script>\n<!-- \/ Yoast SEO plugin. -->","yoast_head_json":{"title":"Cocina de Exterior MOMMA Aluminio y Cer\u00e1mica | La Villa Garden","description":"Mueble de cocina de jard\u00edn Momma. Duradera encimera de cer\u00e1mica (corta\/calienta) y armaz\u00f3n de aluminio. Crea tu lujosa estaci\u00f3n de cocina de verano.","robots":{"index":"index","follow":"follow","max-snippet":"max-snippet:-1","max-image-preview":"max-image-preview:large","max-video-preview":"max-video-preview:-1"},"canonical":"https:\/\/www.lavillagardendesign.com\/es\/producto\/momma-mueble-de-cocina-exterior-de-aluminio-y-ceramica-tecnica\/","og_locale":"es_ES","og_type":"article","og_title":"Cocina de Exterior MOMMA Aluminio y Cer\u00e1mica | La Villa Garden","og_description":"Mueble de cocina de jard\u00edn Momma. Duradera encimera de cer\u00e1mica (corta\/calienta) y armaz\u00f3n de aluminio. Crea tu lujosa estaci\u00f3n de cocina de verano.","og_url":"https:\/\/www.lavillagardendesign.com\/es\/producto\/momma-mueble-de-cocina-exterior-de-aluminio-y-ceramica-tecnica\/","og_site_name":"La Villa Garden&amp;Design","article_publisher":"https:\/\/www.facebook.com\/lavillagardendesign\/","article_modified_time":"2026-02-25T14:12:23+00:00","og_image":[{"width":700,"height":800,"url":"https:\/\/www.lavillagardendesign.com\/wp-content\/uploads\/2026\/02\/3-23.jpg","type":"image\/jpeg"}],"twitter_card":"summary_large_image","schema":{"@context":"https:\/\/schema.org","@graph":[{"@type":"WebPage","@id":"https:\/\/www.lavillagardendesign.com\/es\/producto\/momma-mueble-de-cocina-exterior-de-aluminio-y-ceramica-tecnica\/","url":"https:\/\/www.lavillagardendesign.com\/es\/producto\/momma-mueble-de-cocina-exterior-de-aluminio-y-ceramica-tecnica\/","name":"Cocina de Exterior MOMMA Aluminio y Cer\u00e1mica | La Villa Garden","isPartOf":{"@id":"https:\/\/www.lavillagardendesign.com\/#website"},"primaryImageOfPage":{"@id":"https:\/\/www.lavillagardendesign.com\/es\/producto\/momma-mueble-de-cocina-exterior-de-aluminio-y-ceramica-tecnica\/#primaryimage"},"image":{"@id":"https:\/\/www.lavillagardendesign.com\/es\/producto\/momma-mueble-de-cocina-exterior-de-aluminio-y-ceramica-tecnica\/#primaryimage"},"thumbnailUrl":"https:\/\/www.lavillagardendesign.com\/wp-content\/uploads\/2026\/02\/3-23.jpg","datePublished":"2026-02-24T20:42:32+00:00","dateModified":"2026-02-25T14:12:23+00:00","description":"Mueble de cocina de jard\u00edn Momma. Duradera encimera de cer\u00e1mica (corta\/calienta) y armaz\u00f3n de aluminio. Crea tu lujosa estaci\u00f3n de cocina de verano.","breadcrumb":{"@id":"https:\/\/www.lavillagardendesign.com\/es\/producto\/momma-mueble-de-cocina-exterior-de-aluminio-y-ceramica-tecnica\/#breadcrumb"},"inLanguage":"es","potentialAction":[{"@type":"ReadAction","target":["https:\/\/www.lavillagardendesign.com\/es\/producto\/momma-mueble-de-cocina-exterior-de-aluminio-y-ceramica-tecnica\/"]}]},{"@type":"ImageObject","inLanguage":"es","@id":"https:\/\/www.lavillagardendesign.com\/es\/producto\/momma-mueble-de-cocina-exterior-de-aluminio-y-ceramica-tecnica\/#primaryimage","url":"https:\/\/www.lavillagardendesign.com\/wp-content\/uploads\/2026\/02\/3-23.jpg","contentUrl":"https:\/\/www.lavillagardendesign.com\/wp-content\/uploads\/2026\/02\/3-23.jpg","width":700,"height":800},{"@type":"BreadcrumbList","@id":"https:\/\/www.lavillagardendesign.com\/es\/producto\/momma-mueble-de-cocina-exterior-de-aluminio-y-ceramica-tecnica\/#breadcrumb","itemListElement":[{"@type":"ListItem","position":1,"name":"Home","item":"https:\/\/www.lavillagardendesign.com\/"},{"@type":"ListItem","position":2,"name":"Tienda","item":"https:\/\/www.lavillagardendesign.com\/es\/tienda\/"},{"@type":"ListItem","position":3,"name":"Private: MOMMA &#8211; Mueble de cocina exterior de aluminio y cer\u00e1mica t\u00e9cnica"}]},{"@type":"WebSite","@id":"https:\/\/www.lavillagardendesign.com\/#website","url":"https:\/\/www.lavillagardendesign.com\/","name":"La Villa Garden&Design","description":"","publisher":{"@id":"https:\/\/www.lavillagardendesign.com\/#organization"},"potentialAction":[{"@type":"SearchAction","target":{"@type":"EntryPoint","urlTemplate":"https:\/\/www.lavillagardendesign.com\/?s={search_term_string}"},"query-input":{"@type":"PropertyValueSpecification","valueRequired":true,"valueName":"search_term_string"}}],"inLanguage":"es"},{"@type":"Organization","@id":"https:\/\/www.lavillagardendesign.com\/#organization","name":"La Villa Garden&Design","url":"https:\/\/www.lavillagardendesign.com\/","logo":{"@type":"ImageObject","inLanguage":"es","@id":"https:\/\/www.lavillagardendesign.com\/#\/schema\/logo\/image\/","url":"https:\/\/www.lavillagardendesign.com\/wp-content\/uploads\/2024\/04\/logolavilla.png","contentUrl":"https:\/\/www.lavillagardendesign.com\/wp-content\/uploads\/2024\/04\/logolavilla.png","width":682,"height":391,"caption":"La Villa Garden&Design"},"image":{"@id":"https:\/\/www.lavillagardendesign.com\/#\/schema\/logo\/image\/"},"sameAs":["https:\/\/www.facebook.com\/lavillagardendesign\/"]}]}},"_links":{"self":[{"href":"https:\/\/www.lavillagardendesign.com\/es\/wp-json\/wp\/v2\/product\/64324","targetHints":{"allow":["GET"]}}],"collection":[{"href":"https:\/\/www.lavillagardendesign.com\/es\/wp-json\/wp\/v2\/product"}],"about":[{"href":"https:\/\/www.lavillagardendesign.com\/es\/wp-json\/wp\/v2\/types\/product"}],"replies":[{"embeddable":true,"href":"https:\/\/www.lavillagardendesign.com\/es\/wp-json\/wp\/v2\/comments?post=64324"}],"version-history":[{"count":1,"href":"https:\/\/www.lavillagardendesign.com\/es\/wp-json\/wp\/v2\/product\/64324\/revisions"}],"predecessor-version":[{"id":64333,"href":"https:\/\/www.lavillagardendesign.com\/es\/wp-json\/wp\/v2\/product\/64324\/revisions\/64333"}],"wp:featuredmedia":[{"embeddable":true,"href":"https:\/\/www.lavillagardendesign.com\/es\/wp-json\/wp\/v2\/media\/64243"}],"wp:attachment":[{"href":"https:\/\/www.lavillagardendesign.com\/es\/wp-json\/wp\/v2\/media?parent=64324"}],"wp:term":[{"taxonomy":"product_brand","embeddable":true,"href":"https:\/\/www.lavillagardendesign.com\/es\/wp-json\/wp\/v2\/product_brand?post=64324"},{"taxonomy":"product_cat","embeddable":true,"href":"https:\/\/www.lavillagardendesign.com\/es\/wp-json\/wp\/v2\/product_cat?post=64324"},{"taxonomy":"product_tag","embeddable":true,"href":"https:\/\/www.lavillagardendesign.com\/es\/wp-json\/wp\/v2\/product_tag?post=64324"}],"curies":[{"name":"wp","href":"https:\/\/api.w.org\/{rel}","templated":true}]}}