{"id":64311,"date":"2026-02-24T21:42:32","date_gmt":"2026-02-24T20:42:32","guid":{"rendered":"https:\/\/www.lavillagardendesign.com\/product\/spade-silla-de-comedor-apilable\/"},"modified":"2026-02-25T16:12:21","modified_gmt":"2026-02-25T14:12:21","slug":"spade-silla-de-comedor-apilable","status":"publish","type":"product","link":"https:\/\/www.lavillagardendesign.com\/es\/producto\/spade-silla-de-comedor-apilable\/","title":{"rendered":"SPADE &#8211; Silla de comedor apilable"},"content":{"rendered":"","protected":false},"excerpt":{"rendered":"<p>Realza la sofisticaci\u00f3n de tu terraza con esta exclusiva silla de comedor, que combina el ligero aluminio con acabado champ\u00e1n con el tejido artesanal de cuerda de alta resistencia. Su dise\u00f1o ergon\u00f3mico y el coj\u00edn de tela Agora proporcionan un confort excepcional, perfecto para ambientes mediterr\u00e1neos exigentes que buscan durabilidad y estilo contempor\u00e1neo. <\/p>\n","protected":false},"featured_media":64234,"comment_status":"open","ping_status":"closed","template":"","meta":[],"product_brand":[5001],"product_cat":[6833,3105,3107],"product_tag":[],"class_list":{"0":"post-64311","1":"product","2":"type-product","3":"status-publish","4":"has-post-thumbnail","6":"product_brand-la-villa-garden","7":"product_cat-outdoor-es","8":"product_cat-sillas","9":"product_cat-sillas-de-comedor","11":"first","12":"instock","13":"taxable","14":"shipping-taxable","15":"purchasable","16":"product-type-simple"},"yoast_head":"<!-- This site is optimized with the Yoast SEO plugin v27.1.1 - https:\/\/yoast.com\/product\/yoast-seo-wordpress\/ -->\n<title>Silla de Comedor SPADE | Dise\u00f1o de Lujo Mediterr\u00e1neo | La Villa<\/title>\n<meta name=\"description\" content=\"Descubre la silla apilable SPADE. Aluminio champ\u00e1n y cuerda caqui para exteriores de lujo. Calidad premium con env\u00edo exclusivo en Costa Brava e Ibiza.\" \/>\n<meta name=\"robots\" content=\"index, follow, max-snippet:-1, max-image-preview:large, max-video-preview:-1\" \/>\n<link rel=\"canonical\" href=\"https:\/\/www.lavillagardendesign.com\/es\/producto\/spade-silla-de-comedor-apilable\/\" \/>\n<meta property=\"og:locale\" content=\"es_ES\" \/>\n<meta property=\"og:type\" content=\"article\" \/>\n<meta property=\"og:title\" content=\"Silla de Comedor SPADE | Dise\u00f1o de Lujo Mediterr\u00e1neo | La Villa\" \/>\n<meta property=\"og:description\" content=\"Descubre la silla apilable SPADE. Aluminio champ\u00e1n y cuerda caqui para exteriores de lujo. Calidad premium con env\u00edo exclusivo en Costa Brava e Ibiza.\" \/>\n<meta property=\"og:url\" content=\"https:\/\/www.lavillagardendesign.com\/es\/producto\/spade-silla-de-comedor-apilable\/\" \/>\n<meta property=\"og:site_name\" content=\"La Villa Garden&amp;Design\" \/>\n<meta property=\"article:publisher\" content=\"https:\/\/www.facebook.com\/lavillagardendesign\/\" \/>\n<meta property=\"article:modified_time\" content=\"2026-02-25T14:12:21+00:00\" \/>\n<meta property=\"og:image\" content=\"https:\/\/www.lavillagardendesign.com\/wp-content\/uploads\/2026\/02\/Captura-de-pantalla-2026-02-12-a-las-11.40.57.jpg\" \/>\n\t<meta property=\"og:image:width\" content=\"770\" \/>\n\t<meta property=\"og:image:height\" content=\"726\" \/>\n\t<meta property=\"og:image:type\" content=\"image\/jpeg\" \/>\n<meta name=\"twitter:card\" content=\"summary_large_image\" \/>\n<script type=\"application\/ld+json\" class=\"yoast-schema-graph\">{\"@context\":\"https:\/\/schema.org\",\"@graph\":[{\"@type\":\"WebPage\",\"@id\":\"https:\/\/www.lavillagardendesign.com\/es\/producto\/spade-silla-de-comedor-apilable\/\",\"url\":\"https:\/\/www.lavillagardendesign.com\/es\/producto\/spade-silla-de-comedor-apilable\/\",\"name\":\"Silla de Comedor SPADE | Dise\u00f1o de Lujo Mediterr\u00e1neo | La Villa\",\"isPartOf\":{\"@id\":\"https:\/\/www.lavillagardendesign.com\/#website\"},\"primaryImageOfPage\":{\"@id\":\"https:\/\/www.lavillagardendesign.com\/es\/producto\/spade-silla-de-comedor-apilable\/#primaryimage\"},\"image\":{\"@id\":\"https:\/\/www.lavillagardendesign.com\/es\/producto\/spade-silla-de-comedor-apilable\/#primaryimage\"},\"thumbnailUrl\":\"https:\/\/www.lavillagardendesign.com\/wp-content\/uploads\/2026\/02\/Captura-de-pantalla-2026-02-12-a-las-11.40.57.jpg\",\"datePublished\":\"2026-02-24T20:42:32+00:00\",\"dateModified\":\"2026-02-25T14:12:21+00:00\",\"description\":\"Descubre la silla apilable SPADE. Aluminio champ\u00e1n y cuerda caqui para exteriores de lujo. Calidad premium con env\u00edo exclusivo en Costa Brava e Ibiza.\",\"breadcrumb\":{\"@id\":\"https:\/\/www.lavillagardendesign.com\/es\/producto\/spade-silla-de-comedor-apilable\/#breadcrumb\"},\"inLanguage\":\"es\",\"potentialAction\":[{\"@type\":\"ReadAction\",\"target\":[\"https:\/\/www.lavillagardendesign.com\/es\/producto\/spade-silla-de-comedor-apilable\/\"]}]},{\"@type\":\"ImageObject\",\"inLanguage\":\"es\",\"@id\":\"https:\/\/www.lavillagardendesign.com\/es\/producto\/spade-silla-de-comedor-apilable\/#primaryimage\",\"url\":\"https:\/\/www.lavillagardendesign.com\/wp-content\/uploads\/2026\/02\/Captura-de-pantalla-2026-02-12-a-las-11.40.57.jpg\",\"contentUrl\":\"https:\/\/www.lavillagardendesign.com\/wp-content\/uploads\/2026\/02\/Captura-de-pantalla-2026-02-12-a-las-11.40.57.jpg\",\"width\":770,\"height\":726},{\"@type\":\"BreadcrumbList\",\"@id\":\"https:\/\/www.lavillagardendesign.com\/es\/producto\/spade-silla-de-comedor-apilable\/#breadcrumb\",\"itemListElement\":[{\"@type\":\"ListItem\",\"position\":1,\"name\":\"Home\",\"item\":\"https:\/\/www.lavillagardendesign.com\/\"},{\"@type\":\"ListItem\",\"position\":2,\"name\":\"Tienda\",\"item\":\"https:\/\/www.lavillagardendesign.com\/es\/tienda\/\"},{\"@type\":\"ListItem\",\"position\":3,\"name\":\"Private: SPADE &#8211; Silla de comedor apilable\"}]},{\"@type\":\"WebSite\",\"@id\":\"https:\/\/www.lavillagardendesign.com\/#website\",\"url\":\"https:\/\/www.lavillagardendesign.com\/\",\"name\":\"La Villa Garden&Design\",\"description\":\"\",\"publisher\":{\"@id\":\"https:\/\/www.lavillagardendesign.com\/#organization\"},\"potentialAction\":[{\"@type\":\"SearchAction\",\"target\":{\"@type\":\"EntryPoint\",\"urlTemplate\":\"https:\/\/www.lavillagardendesign.com\/?s={search_term_string}\"},\"query-input\":{\"@type\":\"PropertyValueSpecification\",\"valueRequired\":true,\"valueName\":\"search_term_string\"}}],\"inLanguage\":\"es\"},{\"@type\":\"Organization\",\"@id\":\"https:\/\/www.lavillagardendesign.com\/#organization\",\"name\":\"La Villa Garden&Design\",\"url\":\"https:\/\/www.lavillagardendesign.com\/\",\"logo\":{\"@type\":\"ImageObject\",\"inLanguage\":\"es\",\"@id\":\"https:\/\/www.lavillagardendesign.com\/#\/schema\/logo\/image\/\",\"url\":\"https:\/\/www.lavillagardendesign.com\/wp-content\/uploads\/2024\/04\/logolavilla.png\",\"contentUrl\":\"https:\/\/www.lavillagardendesign.com\/wp-content\/uploads\/2024\/04\/logolavilla.png\",\"width\":682,\"height\":391,\"caption\":\"La Villa Garden&Design\"},\"image\":{\"@id\":\"https:\/\/www.lavillagardendesign.com\/#\/schema\/logo\/image\/\"},\"sameAs\":[\"https:\/\/www.facebook.com\/lavillagardendesign\/\"]}]}<\/script>\n<!-- \/ Yoast SEO plugin. -->","yoast_head_json":{"title":"Silla de Comedor SPADE | Dise\u00f1o de Lujo Mediterr\u00e1neo | La Villa","description":"Descubre la silla apilable SPADE. Aluminio champ\u00e1n y cuerda caqui para exteriores de lujo. Calidad premium con env\u00edo exclusivo en Costa Brava e Ibiza.","robots":{"index":"index","follow":"follow","max-snippet":"max-snippet:-1","max-image-preview":"max-image-preview:large","max-video-preview":"max-video-preview:-1"},"canonical":"https:\/\/www.lavillagardendesign.com\/es\/producto\/spade-silla-de-comedor-apilable\/","og_locale":"es_ES","og_type":"article","og_title":"Silla de Comedor SPADE | Dise\u00f1o de Lujo Mediterr\u00e1neo | La Villa","og_description":"Descubre la silla apilable SPADE. Aluminio champ\u00e1n y cuerda caqui para exteriores de lujo. Calidad premium con env\u00edo exclusivo en Costa Brava e Ibiza.","og_url":"https:\/\/www.lavillagardendesign.com\/es\/producto\/spade-silla-de-comedor-apilable\/","og_site_name":"La Villa Garden&amp;Design","article_publisher":"https:\/\/www.facebook.com\/lavillagardendesign\/","article_modified_time":"2026-02-25T14:12:21+00:00","og_image":[{"width":770,"height":726,"url":"https:\/\/www.lavillagardendesign.com\/wp-content\/uploads\/2026\/02\/Captura-de-pantalla-2026-02-12-a-las-11.40.57.jpg","type":"image\/jpeg"}],"twitter_card":"summary_large_image","schema":{"@context":"https:\/\/schema.org","@graph":[{"@type":"WebPage","@id":"https:\/\/www.lavillagardendesign.com\/es\/producto\/spade-silla-de-comedor-apilable\/","url":"https:\/\/www.lavillagardendesign.com\/es\/producto\/spade-silla-de-comedor-apilable\/","name":"Silla de Comedor SPADE | Dise\u00f1o de Lujo Mediterr\u00e1neo | La Villa","isPartOf":{"@id":"https:\/\/www.lavillagardendesign.com\/#website"},"primaryImageOfPage":{"@id":"https:\/\/www.lavillagardendesign.com\/es\/producto\/spade-silla-de-comedor-apilable\/#primaryimage"},"image":{"@id":"https:\/\/www.lavillagardendesign.com\/es\/producto\/spade-silla-de-comedor-apilable\/#primaryimage"},"thumbnailUrl":"https:\/\/www.lavillagardendesign.com\/wp-content\/uploads\/2026\/02\/Captura-de-pantalla-2026-02-12-a-las-11.40.57.jpg","datePublished":"2026-02-24T20:42:32+00:00","dateModified":"2026-02-25T14:12:21+00:00","description":"Descubre la silla apilable SPADE. Aluminio champ\u00e1n y cuerda caqui para exteriores de lujo. Calidad premium con env\u00edo exclusivo en Costa Brava e Ibiza.","breadcrumb":{"@id":"https:\/\/www.lavillagardendesign.com\/es\/producto\/spade-silla-de-comedor-apilable\/#breadcrumb"},"inLanguage":"es","potentialAction":[{"@type":"ReadAction","target":["https:\/\/www.lavillagardendesign.com\/es\/producto\/spade-silla-de-comedor-apilable\/"]}]},{"@type":"ImageObject","inLanguage":"es","@id":"https:\/\/www.lavillagardendesign.com\/es\/producto\/spade-silla-de-comedor-apilable\/#primaryimage","url":"https:\/\/www.lavillagardendesign.com\/wp-content\/uploads\/2026\/02\/Captura-de-pantalla-2026-02-12-a-las-11.40.57.jpg","contentUrl":"https:\/\/www.lavillagardendesign.com\/wp-content\/uploads\/2026\/02\/Captura-de-pantalla-2026-02-12-a-las-11.40.57.jpg","width":770,"height":726},{"@type":"BreadcrumbList","@id":"https:\/\/www.lavillagardendesign.com\/es\/producto\/spade-silla-de-comedor-apilable\/#breadcrumb","itemListElement":[{"@type":"ListItem","position":1,"name":"Home","item":"https:\/\/www.lavillagardendesign.com\/"},{"@type":"ListItem","position":2,"name":"Tienda","item":"https:\/\/www.lavillagardendesign.com\/es\/tienda\/"},{"@type":"ListItem","position":3,"name":"Private: SPADE &#8211; Silla de comedor apilable"}]},{"@type":"WebSite","@id":"https:\/\/www.lavillagardendesign.com\/#website","url":"https:\/\/www.lavillagardendesign.com\/","name":"La Villa Garden&Design","description":"","publisher":{"@id":"https:\/\/www.lavillagardendesign.com\/#organization"},"potentialAction":[{"@type":"SearchAction","target":{"@type":"EntryPoint","urlTemplate":"https:\/\/www.lavillagardendesign.com\/?s={search_term_string}"},"query-input":{"@type":"PropertyValueSpecification","valueRequired":true,"valueName":"search_term_string"}}],"inLanguage":"es"},{"@type":"Organization","@id":"https:\/\/www.lavillagardendesign.com\/#organization","name":"La Villa Garden&Design","url":"https:\/\/www.lavillagardendesign.com\/","logo":{"@type":"ImageObject","inLanguage":"es","@id":"https:\/\/www.lavillagardendesign.com\/#\/schema\/logo\/image\/","url":"https:\/\/www.lavillagardendesign.com\/wp-content\/uploads\/2024\/04\/logolavilla.png","contentUrl":"https:\/\/www.lavillagardendesign.com\/wp-content\/uploads\/2024\/04\/logolavilla.png","width":682,"height":391,"caption":"La Villa Garden&Design"},"image":{"@id":"https:\/\/www.lavillagardendesign.com\/#\/schema\/logo\/image\/"},"sameAs":["https:\/\/www.facebook.com\/lavillagardendesign\/"]}]}},"_links":{"self":[{"href":"https:\/\/www.lavillagardendesign.com\/es\/wp-json\/wp\/v2\/product\/64311","targetHints":{"allow":["GET"]}}],"collection":[{"href":"https:\/\/www.lavillagardendesign.com\/es\/wp-json\/wp\/v2\/product"}],"about":[{"href":"https:\/\/www.lavillagardendesign.com\/es\/wp-json\/wp\/v2\/types\/product"}],"replies":[{"embeddable":true,"href":"https:\/\/www.lavillagardendesign.com\/es\/wp-json\/wp\/v2\/comments?post=64311"}],"version-history":[{"count":1,"href":"https:\/\/www.lavillagardendesign.com\/es\/wp-json\/wp\/v2\/product\/64311\/revisions"}],"predecessor-version":[{"id":64331,"href":"https:\/\/www.lavillagardendesign.com\/es\/wp-json\/wp\/v2\/product\/64311\/revisions\/64331"}],"wp:featuredmedia":[{"embeddable":true,"href":"https:\/\/www.lavillagardendesign.com\/es\/wp-json\/wp\/v2\/media\/64234"}],"wp:attachment":[{"href":"https:\/\/www.lavillagardendesign.com\/es\/wp-json\/wp\/v2\/media?parent=64311"}],"wp:term":[{"taxonomy":"product_brand","embeddable":true,"href":"https:\/\/www.lavillagardendesign.com\/es\/wp-json\/wp\/v2\/product_brand?post=64311"},{"taxonomy":"product_cat","embeddable":true,"href":"https:\/\/www.lavillagardendesign.com\/es\/wp-json\/wp\/v2\/product_cat?post=64311"},{"taxonomy":"product_tag","embeddable":true,"href":"https:\/\/www.lavillagardendesign.com\/es\/wp-json\/wp\/v2\/product_tag?post=64311"}],"curies":[{"name":"wp","href":"https:\/\/api.w.org\/{rel}","templated":true}]}}