{"id":64212,"date":"2026-02-24T21:42:31","date_gmt":"2026-02-24T20:42:31","guid":{"rendered":"https:\/\/www.lavillagardendesign.com\/product\/kakao-silla-de-comedor-apilable-y-ligera-de-aluminio-y-cuerda-tejida\/"},"modified":"2026-02-24T21:42:31","modified_gmt":"2026-02-24T19:42:31","slug":"kakao-silla-de-comedor-apilable-y-ligera-de-aluminio-y-cuerda-tejida","status":"publish","type":"product","link":"https:\/\/www.lavillagardendesign.com\/es\/producto\/kakao-silla-de-comedor-apilable-y-ligera-de-aluminio-y-cuerda-tejida\/","title":{"rendered":"KAKAO &#8211; Silla de comedor apilable y ligera de aluminio y cuerda tejida"},"content":{"rendered":"","protected":false},"excerpt":{"rendered":"<p>La silla Kakao ofrece la misma sofisticaci\u00f3n artesanal que su hom\u00f3loga la butaca, pero con un perfil m\u00e1s delgado y ligero. Su estructura de aluminio con recubrimiento de polvo est\u00e1 envuelta en un elegante tejido de cuerda sint\u00e9tica, que aporta transparencia visual y frescura. Dise\u00f1ado con un perfil aerodin\u00e1mico, es la opci\u00f3n ideal para maximizar la capacidad de asientos alrededor de mesas como la Essential o la Fermo, permitiendo cenar c\u00f3modamente sin ocupar espacio extra. Su apilabilidad la hace indispensable para espacios vers\u00e1tiles en la Costa Brava, donde el almacenamiento y la funcionalidad son clave.   <\/p>\n","protected":false},"featured_media":64063,"comment_status":"open","ping_status":"closed","template":"","meta":[],"product_brand":[5001],"product_cat":[6833,3105,3107],"product_tag":[],"class_list":{"0":"post-64212","1":"product","2":"type-product","3":"status-publish","4":"has-post-thumbnail","6":"product_brand-la-villa-garden","7":"product_cat-outdoor-es","8":"product_cat-sillas","9":"product_cat-sillas-de-comedor","11":"first","12":"instock","13":"sale","14":"taxable","15":"shipping-taxable","16":"purchasable","17":"product-type-variable"},"yoast_head":"<!-- This site is optimized with the Yoast SEO plugin v27.1.1 - https:\/\/yoast.com\/product\/yoast-seo-wordpress\/ -->\n<title>KAKAO Silla de comedor apilable de cuerda | La Villa Garden &amp; Design<\/title>\n<meta name=\"description\" content=\"Silla ligera. Dise\u00f1o de cuerda tejida y aluminio. Apilable y perfecta para maximizar el espacio en las mesas de comedor. Estilo artesanal moderno.\" \/>\n<meta name=\"robots\" content=\"index, follow, max-snippet:-1, max-image-preview:large, max-video-preview:-1\" \/>\n<link rel=\"canonical\" href=\"https:\/\/www.lavillagardendesign.com\/es\/producto\/kakao-silla-de-comedor-apilable-y-ligera-de-aluminio-y-cuerda-tejida\/\" \/>\n<meta property=\"og:locale\" content=\"es_ES\" \/>\n<meta property=\"og:type\" content=\"article\" \/>\n<meta property=\"og:title\" content=\"KAKAO Silla de comedor apilable de cuerda | La Villa Garden &amp; Design\" \/>\n<meta property=\"og:description\" content=\"Silla ligera. Dise\u00f1o de cuerda tejida y aluminio. Apilable y perfecta para maximizar el espacio en las mesas de comedor. Estilo artesanal moderno.\" \/>\n<meta property=\"og:url\" content=\"https:\/\/www.lavillagardendesign.com\/es\/producto\/kakao-silla-de-comedor-apilable-y-ligera-de-aluminio-y-cuerda-tejida\/\" \/>\n<meta property=\"og:site_name\" content=\"La Villa Garden&amp;Design\" \/>\n<meta property=\"article:publisher\" content=\"https:\/\/www.facebook.com\/lavillagardendesign\/\" \/>\n<meta property=\"og:image\" content=\"https:\/\/www.lavillagardendesign.com\/wp-content\/uploads\/2026\/02\/3-20.png\" \/>\n\t<meta property=\"og:image:width\" content=\"700\" \/>\n\t<meta property=\"og:image:height\" content=\"800\" \/>\n\t<meta property=\"og:image:type\" content=\"image\/png\" \/>\n<meta name=\"twitter:card\" content=\"summary_large_image\" \/>\n<script type=\"application\/ld+json\" class=\"yoast-schema-graph\">{\"@context\":\"https:\/\/schema.org\",\"@graph\":[{\"@type\":\"WebPage\",\"@id\":\"https:\/\/www.lavillagardendesign.com\/es\/producto\/kakao-silla-de-comedor-apilable-y-ligera-de-aluminio-y-cuerda-tejida\/\",\"url\":\"https:\/\/www.lavillagardendesign.com\/es\/producto\/kakao-silla-de-comedor-apilable-y-ligera-de-aluminio-y-cuerda-tejida\/\",\"name\":\"KAKAO Silla de comedor apilable de cuerda | La Villa Garden & Design\",\"isPartOf\":{\"@id\":\"https:\/\/www.lavillagardendesign.com\/#website\"},\"primaryImageOfPage\":{\"@id\":\"https:\/\/www.lavillagardendesign.com\/es\/producto\/kakao-silla-de-comedor-apilable-y-ligera-de-aluminio-y-cuerda-tejida\/#primaryimage\"},\"image\":{\"@id\":\"https:\/\/www.lavillagardendesign.com\/es\/producto\/kakao-silla-de-comedor-apilable-y-ligera-de-aluminio-y-cuerda-tejida\/#primaryimage\"},\"thumbnailUrl\":\"https:\/\/www.lavillagardendesign.com\/wp-content\/uploads\/2026\/02\/3-20.png\",\"datePublished\":\"2026-02-24T20:42:31+00:00\",\"description\":\"Silla ligera. Dise\u00f1o de cuerda tejida y aluminio. Apilable y perfecta para maximizar el espacio en las mesas de comedor. Estilo artesanal moderno.\",\"breadcrumb\":{\"@id\":\"https:\/\/www.lavillagardendesign.com\/es\/producto\/kakao-silla-de-comedor-apilable-y-ligera-de-aluminio-y-cuerda-tejida\/#breadcrumb\"},\"inLanguage\":\"es\",\"potentialAction\":[{\"@type\":\"ReadAction\",\"target\":[\"https:\/\/www.lavillagardendesign.com\/es\/producto\/kakao-silla-de-comedor-apilable-y-ligera-de-aluminio-y-cuerda-tejida\/\"]}]},{\"@type\":\"ImageObject\",\"inLanguage\":\"es\",\"@id\":\"https:\/\/www.lavillagardendesign.com\/es\/producto\/kakao-silla-de-comedor-apilable-y-ligera-de-aluminio-y-cuerda-tejida\/#primaryimage\",\"url\":\"https:\/\/www.lavillagardendesign.com\/wp-content\/uploads\/2026\/02\/3-20.png\",\"contentUrl\":\"https:\/\/www.lavillagardendesign.com\/wp-content\/uploads\/2026\/02\/3-20.png\",\"width\":700,\"height\":800},{\"@type\":\"BreadcrumbList\",\"@id\":\"https:\/\/www.lavillagardendesign.com\/es\/producto\/kakao-silla-de-comedor-apilable-y-ligera-de-aluminio-y-cuerda-tejida\/#breadcrumb\",\"itemListElement\":[{\"@type\":\"ListItem\",\"position\":1,\"name\":\"Home\",\"item\":\"https:\/\/www.lavillagardendesign.com\/\"},{\"@type\":\"ListItem\",\"position\":2,\"name\":\"Tienda\",\"item\":\"https:\/\/www.lavillagardendesign.com\/es\/tienda\/\"},{\"@type\":\"ListItem\",\"position\":3,\"name\":\"Private: KAKAO &#8211; Silla de comedor apilable y ligera de aluminio y cuerda tejida\"}]},{\"@type\":\"WebSite\",\"@id\":\"https:\/\/www.lavillagardendesign.com\/#website\",\"url\":\"https:\/\/www.lavillagardendesign.com\/\",\"name\":\"La Villa Garden&Design\",\"description\":\"\",\"publisher\":{\"@id\":\"https:\/\/www.lavillagardendesign.com\/#organization\"},\"potentialAction\":[{\"@type\":\"SearchAction\",\"target\":{\"@type\":\"EntryPoint\",\"urlTemplate\":\"https:\/\/www.lavillagardendesign.com\/?s={search_term_string}\"},\"query-input\":{\"@type\":\"PropertyValueSpecification\",\"valueRequired\":true,\"valueName\":\"search_term_string\"}}],\"inLanguage\":\"es\"},{\"@type\":\"Organization\",\"@id\":\"https:\/\/www.lavillagardendesign.com\/#organization\",\"name\":\"La Villa Garden&Design\",\"url\":\"https:\/\/www.lavillagardendesign.com\/\",\"logo\":{\"@type\":\"ImageObject\",\"inLanguage\":\"es\",\"@id\":\"https:\/\/www.lavillagardendesign.com\/#\/schema\/logo\/image\/\",\"url\":\"https:\/\/www.lavillagardendesign.com\/wp-content\/uploads\/2024\/04\/logolavilla.png\",\"contentUrl\":\"https:\/\/www.lavillagardendesign.com\/wp-content\/uploads\/2024\/04\/logolavilla.png\",\"width\":682,\"height\":391,\"caption\":\"La Villa Garden&Design\"},\"image\":{\"@id\":\"https:\/\/www.lavillagardendesign.com\/#\/schema\/logo\/image\/\"},\"sameAs\":[\"https:\/\/www.facebook.com\/lavillagardendesign\/\"]}]}<\/script>\n<!-- \/ Yoast SEO plugin. -->","yoast_head_json":{"title":"KAKAO Silla de comedor apilable de cuerda | La Villa Garden & Design","description":"Silla ligera. Dise\u00f1o de cuerda tejida y aluminio. Apilable y perfecta para maximizar el espacio en las mesas de comedor. Estilo artesanal moderno.","robots":{"index":"index","follow":"follow","max-snippet":"max-snippet:-1","max-image-preview":"max-image-preview:large","max-video-preview":"max-video-preview:-1"},"canonical":"https:\/\/www.lavillagardendesign.com\/es\/producto\/kakao-silla-de-comedor-apilable-y-ligera-de-aluminio-y-cuerda-tejida\/","og_locale":"es_ES","og_type":"article","og_title":"KAKAO Silla de comedor apilable de cuerda | La Villa Garden & Design","og_description":"Silla ligera. Dise\u00f1o de cuerda tejida y aluminio. Apilable y perfecta para maximizar el espacio en las mesas de comedor. Estilo artesanal moderno.","og_url":"https:\/\/www.lavillagardendesign.com\/es\/producto\/kakao-silla-de-comedor-apilable-y-ligera-de-aluminio-y-cuerda-tejida\/","og_site_name":"La Villa Garden&amp;Design","article_publisher":"https:\/\/www.facebook.com\/lavillagardendesign\/","og_image":[{"width":700,"height":800,"url":"https:\/\/www.lavillagardendesign.com\/wp-content\/uploads\/2026\/02\/3-20.png","type":"image\/png"}],"twitter_card":"summary_large_image","schema":{"@context":"https:\/\/schema.org","@graph":[{"@type":"WebPage","@id":"https:\/\/www.lavillagardendesign.com\/es\/producto\/kakao-silla-de-comedor-apilable-y-ligera-de-aluminio-y-cuerda-tejida\/","url":"https:\/\/www.lavillagardendesign.com\/es\/producto\/kakao-silla-de-comedor-apilable-y-ligera-de-aluminio-y-cuerda-tejida\/","name":"KAKAO Silla de comedor apilable de cuerda | La Villa Garden & Design","isPartOf":{"@id":"https:\/\/www.lavillagardendesign.com\/#website"},"primaryImageOfPage":{"@id":"https:\/\/www.lavillagardendesign.com\/es\/producto\/kakao-silla-de-comedor-apilable-y-ligera-de-aluminio-y-cuerda-tejida\/#primaryimage"},"image":{"@id":"https:\/\/www.lavillagardendesign.com\/es\/producto\/kakao-silla-de-comedor-apilable-y-ligera-de-aluminio-y-cuerda-tejida\/#primaryimage"},"thumbnailUrl":"https:\/\/www.lavillagardendesign.com\/wp-content\/uploads\/2026\/02\/3-20.png","datePublished":"2026-02-24T20:42:31+00:00","description":"Silla ligera. Dise\u00f1o de cuerda tejida y aluminio. Apilable y perfecta para maximizar el espacio en las mesas de comedor. Estilo artesanal moderno.","breadcrumb":{"@id":"https:\/\/www.lavillagardendesign.com\/es\/producto\/kakao-silla-de-comedor-apilable-y-ligera-de-aluminio-y-cuerda-tejida\/#breadcrumb"},"inLanguage":"es","potentialAction":[{"@type":"ReadAction","target":["https:\/\/www.lavillagardendesign.com\/es\/producto\/kakao-silla-de-comedor-apilable-y-ligera-de-aluminio-y-cuerda-tejida\/"]}]},{"@type":"ImageObject","inLanguage":"es","@id":"https:\/\/www.lavillagardendesign.com\/es\/producto\/kakao-silla-de-comedor-apilable-y-ligera-de-aluminio-y-cuerda-tejida\/#primaryimage","url":"https:\/\/www.lavillagardendesign.com\/wp-content\/uploads\/2026\/02\/3-20.png","contentUrl":"https:\/\/www.lavillagardendesign.com\/wp-content\/uploads\/2026\/02\/3-20.png","width":700,"height":800},{"@type":"BreadcrumbList","@id":"https:\/\/www.lavillagardendesign.com\/es\/producto\/kakao-silla-de-comedor-apilable-y-ligera-de-aluminio-y-cuerda-tejida\/#breadcrumb","itemListElement":[{"@type":"ListItem","position":1,"name":"Home","item":"https:\/\/www.lavillagardendesign.com\/"},{"@type":"ListItem","position":2,"name":"Tienda","item":"https:\/\/www.lavillagardendesign.com\/es\/tienda\/"},{"@type":"ListItem","position":3,"name":"Private: KAKAO &#8211; Silla de comedor apilable y ligera de aluminio y cuerda tejida"}]},{"@type":"WebSite","@id":"https:\/\/www.lavillagardendesign.com\/#website","url":"https:\/\/www.lavillagardendesign.com\/","name":"La Villa Garden&Design","description":"","publisher":{"@id":"https:\/\/www.lavillagardendesign.com\/#organization"},"potentialAction":[{"@type":"SearchAction","target":{"@type":"EntryPoint","urlTemplate":"https:\/\/www.lavillagardendesign.com\/?s={search_term_string}"},"query-input":{"@type":"PropertyValueSpecification","valueRequired":true,"valueName":"search_term_string"}}],"inLanguage":"es"},{"@type":"Organization","@id":"https:\/\/www.lavillagardendesign.com\/#organization","name":"La Villa Garden&Design","url":"https:\/\/www.lavillagardendesign.com\/","logo":{"@type":"ImageObject","inLanguage":"es","@id":"https:\/\/www.lavillagardendesign.com\/#\/schema\/logo\/image\/","url":"https:\/\/www.lavillagardendesign.com\/wp-content\/uploads\/2024\/04\/logolavilla.png","contentUrl":"https:\/\/www.lavillagardendesign.com\/wp-content\/uploads\/2024\/04\/logolavilla.png","width":682,"height":391,"caption":"La Villa Garden&Design"},"image":{"@id":"https:\/\/www.lavillagardendesign.com\/#\/schema\/logo\/image\/"},"sameAs":["https:\/\/www.facebook.com\/lavillagardendesign\/"]}]}},"_links":{"self":[{"href":"https:\/\/www.lavillagardendesign.com\/es\/wp-json\/wp\/v2\/product\/64212","targetHints":{"allow":["GET"]}}],"collection":[{"href":"https:\/\/www.lavillagardendesign.com\/es\/wp-json\/wp\/v2\/product"}],"about":[{"href":"https:\/\/www.lavillagardendesign.com\/es\/wp-json\/wp\/v2\/types\/product"}],"replies":[{"embeddable":true,"href":"https:\/\/www.lavillagardendesign.com\/es\/wp-json\/wp\/v2\/comments?post=64212"}],"version-history":[{"count":0,"href":"https:\/\/www.lavillagardendesign.com\/es\/wp-json\/wp\/v2\/product\/64212\/revisions"}],"wp:featuredmedia":[{"embeddable":true,"href":"https:\/\/www.lavillagardendesign.com\/es\/wp-json\/wp\/v2\/media\/64063"}],"wp:attachment":[{"href":"https:\/\/www.lavillagardendesign.com\/es\/wp-json\/wp\/v2\/media?parent=64212"}],"wp:term":[{"taxonomy":"product_brand","embeddable":true,"href":"https:\/\/www.lavillagardendesign.com\/es\/wp-json\/wp\/v2\/product_brand?post=64212"},{"taxonomy":"product_cat","embeddable":true,"href":"https:\/\/www.lavillagardendesign.com\/es\/wp-json\/wp\/v2\/product_cat?post=64212"},{"taxonomy":"product_tag","embeddable":true,"href":"https:\/\/www.lavillagardendesign.com\/es\/wp-json\/wp\/v2\/product_tag?post=64212"}],"curies":[{"name":"wp","href":"https:\/\/api.w.org\/{rel}","templated":true}]}}