{"id":63494,"date":"2026-02-12T13:27:27","date_gmt":"2026-02-12T12:27:27","guid":{"rendered":"https:\/\/www.lavillagardendesign.com\/product\/los-angeles-reposapies-otomano\/"},"modified":"2026-02-23T11:38:22","modified_gmt":"2026-02-23T09:38:22","slug":"los-angeles-reposapies-otomano","status":"publish","type":"product","link":"https:\/\/www.lavillagardendesign.com\/es\/producto\/los-angeles-reposapies-otomano\/","title":{"rendered":"LOS ANGELES &#8211; Reposapi\u00e9s otomano"},"content":{"rendered":"","protected":false},"excerpt":{"rendered":"<p>Completa tu conjunto <span class=\"il\">Los<\/span> <span class=\"il\">\u00c1ngeles<\/span> con esta otomana de grandes dimensiones (94&#215;94 cm). Siguiendo la l\u00ednea est\u00e9tica de la colecci\u00f3n, combina una base de teca Honey con un coj\u00edn de gran confort en tejido Axroma. Su tama\u00f1o permite utilizarlo no s\u00f3lo como reposapi\u00e9s para el sof\u00e1 o el sill\u00f3n, sino tambi\u00e9n como un amplio asiento extra o una \u00absuave\u00bb isla central para ambientes relajados.  <\/p>\n","protected":false},"featured_media":63227,"comment_status":"open","ping_status":"closed","template":"","meta":[],"product_brand":[4998],"product_cat":[5987,6833,3111,3113,3112],"product_tag":[],"class_list":{"0":"post-63494","1":"product","2":"type-product","3":"status-publish","4":"has-post-thumbnail","6":"product_brand-la-villa","7":"product_cat-nuevas-colecciones","8":"product_cat-outdoor-es","9":"product_cat-sofas-y-butacas","10":"product_cat-sofas-es","11":"product_cat-butacas","13":"first","14":"instock","15":"taxable","16":"shipping-taxable","17":"purchasable","18":"product-type-simple"},"yoast_head":"<!-- This site is optimized with the Yoast SEO plugin v27.1.1 - https:\/\/yoast.com\/product\/yoast-seo-wordpress\/ -->\n<title>Otomana Los Angeles | Teka &amp; Confort | La Villa Garden &amp; Design<\/title>\n<meta name=\"description\" content=\"Otomana de gran formato de la colecci\u00f3n Los \u00c1ngeles. 94x94 cm en teca y tela Axroma. Versatilidad y lujo para tu terraza.\" \/>\n<meta name=\"robots\" content=\"index, follow, max-snippet:-1, max-image-preview:large, max-video-preview:-1\" \/>\n<link rel=\"canonical\" href=\"https:\/\/www.lavillagardendesign.com\/es\/producto\/los-angeles-reposapies-otomano\/\" \/>\n<meta property=\"og:locale\" content=\"es_ES\" \/>\n<meta property=\"og:type\" content=\"article\" \/>\n<meta property=\"og:title\" content=\"Otomana Los Angeles | Teka &amp; Confort | La Villa Garden &amp; Design\" \/>\n<meta property=\"og:description\" content=\"Otomana de gran formato de la colecci\u00f3n Los \u00c1ngeles. 94x94 cm en teca y tela Axroma. Versatilidad y lujo para tu terraza.\" \/>\n<meta property=\"og:url\" content=\"https:\/\/www.lavillagardendesign.com\/es\/producto\/los-angeles-reposapies-otomano\/\" \/>\n<meta property=\"og:site_name\" content=\"La Villa Garden&amp;Design\" \/>\n<meta property=\"article:publisher\" content=\"https:\/\/www.facebook.com\/lavillagardendesign\/\" \/>\n<meta property=\"article:modified_time\" content=\"2026-02-23T09:38:22+00:00\" \/>\n<meta property=\"og:image\" content=\"https:\/\/www.lavillagardendesign.com\/wp-content\/uploads\/2026\/02\/Captura-de-pantalla-2026-01-03-a-las-17.09.39.jpg\" \/>\n\t<meta property=\"og:image:width\" content=\"1172\" \/>\n\t<meta property=\"og:image:height\" content=\"1202\" \/>\n\t<meta property=\"og:image:type\" content=\"image\/jpeg\" \/>\n<meta name=\"twitter:card\" content=\"summary_large_image\" \/>\n<script type=\"application\/ld+json\" class=\"yoast-schema-graph\">{\"@context\":\"https:\/\/schema.org\",\"@graph\":[{\"@type\":\"WebPage\",\"@id\":\"https:\/\/www.lavillagardendesign.com\/es\/producto\/los-angeles-reposapies-otomano\/\",\"url\":\"https:\/\/www.lavillagardendesign.com\/es\/producto\/los-angeles-reposapies-otomano\/\",\"name\":\"Otomana Los Angeles | Teka & Confort | La Villa Garden & Design\",\"isPartOf\":{\"@id\":\"https:\/\/www.lavillagardendesign.com\/#website\"},\"primaryImageOfPage\":{\"@id\":\"https:\/\/www.lavillagardendesign.com\/es\/producto\/los-angeles-reposapies-otomano\/#primaryimage\"},\"image\":{\"@id\":\"https:\/\/www.lavillagardendesign.com\/es\/producto\/los-angeles-reposapies-otomano\/#primaryimage\"},\"thumbnailUrl\":\"https:\/\/www.lavillagardendesign.com\/wp-content\/uploads\/2026\/02\/Captura-de-pantalla-2026-01-03-a-las-17.09.39.jpg\",\"datePublished\":\"2026-02-12T12:27:27+00:00\",\"dateModified\":\"2026-02-23T09:38:22+00:00\",\"description\":\"Otomana de gran formato de la colecci\u00f3n Los \u00c1ngeles. 94x94 cm en teca y tela Axroma. Versatilidad y lujo para tu terraza.\",\"breadcrumb\":{\"@id\":\"https:\/\/www.lavillagardendesign.com\/es\/producto\/los-angeles-reposapies-otomano\/#breadcrumb\"},\"inLanguage\":\"es\",\"potentialAction\":[{\"@type\":\"ReadAction\",\"target\":[\"https:\/\/www.lavillagardendesign.com\/es\/producto\/los-angeles-reposapies-otomano\/\"]}]},{\"@type\":\"ImageObject\",\"inLanguage\":\"es\",\"@id\":\"https:\/\/www.lavillagardendesign.com\/es\/producto\/los-angeles-reposapies-otomano\/#primaryimage\",\"url\":\"https:\/\/www.lavillagardendesign.com\/wp-content\/uploads\/2026\/02\/Captura-de-pantalla-2026-01-03-a-las-17.09.39.jpg\",\"contentUrl\":\"https:\/\/www.lavillagardendesign.com\/wp-content\/uploads\/2026\/02\/Captura-de-pantalla-2026-01-03-a-las-17.09.39.jpg\",\"width\":1172,\"height\":1202},{\"@type\":\"BreadcrumbList\",\"@id\":\"https:\/\/www.lavillagardendesign.com\/es\/producto\/los-angeles-reposapies-otomano\/#breadcrumb\",\"itemListElement\":[{\"@type\":\"ListItem\",\"position\":1,\"name\":\"Home\",\"item\":\"https:\/\/www.lavillagardendesign.com\/\"},{\"@type\":\"ListItem\",\"position\":2,\"name\":\"Tienda\",\"item\":\"https:\/\/www.lavillagardendesign.com\/es\/tienda\/\"},{\"@type\":\"ListItem\",\"position\":3,\"name\":\"LOS ANGELES &#8211; Reposapi\u00e9s otomano\"}]},{\"@type\":\"WebSite\",\"@id\":\"https:\/\/www.lavillagardendesign.com\/#website\",\"url\":\"https:\/\/www.lavillagardendesign.com\/\",\"name\":\"La Villa Garden&Design\",\"description\":\"\",\"publisher\":{\"@id\":\"https:\/\/www.lavillagardendesign.com\/#organization\"},\"potentialAction\":[{\"@type\":\"SearchAction\",\"target\":{\"@type\":\"EntryPoint\",\"urlTemplate\":\"https:\/\/www.lavillagardendesign.com\/?s={search_term_string}\"},\"query-input\":{\"@type\":\"PropertyValueSpecification\",\"valueRequired\":true,\"valueName\":\"search_term_string\"}}],\"inLanguage\":\"es\"},{\"@type\":\"Organization\",\"@id\":\"https:\/\/www.lavillagardendesign.com\/#organization\",\"name\":\"La Villa Garden&Design\",\"url\":\"https:\/\/www.lavillagardendesign.com\/\",\"logo\":{\"@type\":\"ImageObject\",\"inLanguage\":\"es\",\"@id\":\"https:\/\/www.lavillagardendesign.com\/#\/schema\/logo\/image\/\",\"url\":\"https:\/\/www.lavillagardendesign.com\/wp-content\/uploads\/2024\/04\/logolavilla.png\",\"contentUrl\":\"https:\/\/www.lavillagardendesign.com\/wp-content\/uploads\/2024\/04\/logolavilla.png\",\"width\":682,\"height\":391,\"caption\":\"La Villa Garden&Design\"},\"image\":{\"@id\":\"https:\/\/www.lavillagardendesign.com\/#\/schema\/logo\/image\/\"},\"sameAs\":[\"https:\/\/www.facebook.com\/lavillagardendesign\/\"]}]}<\/script>\n<!-- \/ Yoast SEO plugin. -->","yoast_head_json":{"title":"Otomana Los Angeles | Teka & Confort | La Villa Garden & Design","description":"Otomana de gran formato de la colecci\u00f3n Los \u00c1ngeles. 94x94 cm en teca y tela Axroma. Versatilidad y lujo para tu terraza.","robots":{"index":"index","follow":"follow","max-snippet":"max-snippet:-1","max-image-preview":"max-image-preview:large","max-video-preview":"max-video-preview:-1"},"canonical":"https:\/\/www.lavillagardendesign.com\/es\/producto\/los-angeles-reposapies-otomano\/","og_locale":"es_ES","og_type":"article","og_title":"Otomana Los Angeles | Teka & Confort | La Villa Garden & Design","og_description":"Otomana de gran formato de la colecci\u00f3n Los \u00c1ngeles. 94x94 cm en teca y tela Axroma. Versatilidad y lujo para tu terraza.","og_url":"https:\/\/www.lavillagardendesign.com\/es\/producto\/los-angeles-reposapies-otomano\/","og_site_name":"La Villa Garden&amp;Design","article_publisher":"https:\/\/www.facebook.com\/lavillagardendesign\/","article_modified_time":"2026-02-23T09:38:22+00:00","og_image":[{"width":1172,"height":1202,"url":"https:\/\/www.lavillagardendesign.com\/wp-content\/uploads\/2026\/02\/Captura-de-pantalla-2026-01-03-a-las-17.09.39.jpg","type":"image\/jpeg"}],"twitter_card":"summary_large_image","schema":{"@context":"https:\/\/schema.org","@graph":[{"@type":"WebPage","@id":"https:\/\/www.lavillagardendesign.com\/es\/producto\/los-angeles-reposapies-otomano\/","url":"https:\/\/www.lavillagardendesign.com\/es\/producto\/los-angeles-reposapies-otomano\/","name":"Otomana Los Angeles | Teka & Confort | La Villa Garden & Design","isPartOf":{"@id":"https:\/\/www.lavillagardendesign.com\/#website"},"primaryImageOfPage":{"@id":"https:\/\/www.lavillagardendesign.com\/es\/producto\/los-angeles-reposapies-otomano\/#primaryimage"},"image":{"@id":"https:\/\/www.lavillagardendesign.com\/es\/producto\/los-angeles-reposapies-otomano\/#primaryimage"},"thumbnailUrl":"https:\/\/www.lavillagardendesign.com\/wp-content\/uploads\/2026\/02\/Captura-de-pantalla-2026-01-03-a-las-17.09.39.jpg","datePublished":"2026-02-12T12:27:27+00:00","dateModified":"2026-02-23T09:38:22+00:00","description":"Otomana de gran formato de la colecci\u00f3n Los \u00c1ngeles. 94x94 cm en teca y tela Axroma. Versatilidad y lujo para tu terraza.","breadcrumb":{"@id":"https:\/\/www.lavillagardendesign.com\/es\/producto\/los-angeles-reposapies-otomano\/#breadcrumb"},"inLanguage":"es","potentialAction":[{"@type":"ReadAction","target":["https:\/\/www.lavillagardendesign.com\/es\/producto\/los-angeles-reposapies-otomano\/"]}]},{"@type":"ImageObject","inLanguage":"es","@id":"https:\/\/www.lavillagardendesign.com\/es\/producto\/los-angeles-reposapies-otomano\/#primaryimage","url":"https:\/\/www.lavillagardendesign.com\/wp-content\/uploads\/2026\/02\/Captura-de-pantalla-2026-01-03-a-las-17.09.39.jpg","contentUrl":"https:\/\/www.lavillagardendesign.com\/wp-content\/uploads\/2026\/02\/Captura-de-pantalla-2026-01-03-a-las-17.09.39.jpg","width":1172,"height":1202},{"@type":"BreadcrumbList","@id":"https:\/\/www.lavillagardendesign.com\/es\/producto\/los-angeles-reposapies-otomano\/#breadcrumb","itemListElement":[{"@type":"ListItem","position":1,"name":"Home","item":"https:\/\/www.lavillagardendesign.com\/"},{"@type":"ListItem","position":2,"name":"Tienda","item":"https:\/\/www.lavillagardendesign.com\/es\/tienda\/"},{"@type":"ListItem","position":3,"name":"LOS ANGELES &#8211; Reposapi\u00e9s otomano"}]},{"@type":"WebSite","@id":"https:\/\/www.lavillagardendesign.com\/#website","url":"https:\/\/www.lavillagardendesign.com\/","name":"La Villa Garden&Design","description":"","publisher":{"@id":"https:\/\/www.lavillagardendesign.com\/#organization"},"potentialAction":[{"@type":"SearchAction","target":{"@type":"EntryPoint","urlTemplate":"https:\/\/www.lavillagardendesign.com\/?s={search_term_string}"},"query-input":{"@type":"PropertyValueSpecification","valueRequired":true,"valueName":"search_term_string"}}],"inLanguage":"es"},{"@type":"Organization","@id":"https:\/\/www.lavillagardendesign.com\/#organization","name":"La Villa Garden&Design","url":"https:\/\/www.lavillagardendesign.com\/","logo":{"@type":"ImageObject","inLanguage":"es","@id":"https:\/\/www.lavillagardendesign.com\/#\/schema\/logo\/image\/","url":"https:\/\/www.lavillagardendesign.com\/wp-content\/uploads\/2024\/04\/logolavilla.png","contentUrl":"https:\/\/www.lavillagardendesign.com\/wp-content\/uploads\/2024\/04\/logolavilla.png","width":682,"height":391,"caption":"La Villa Garden&Design"},"image":{"@id":"https:\/\/www.lavillagardendesign.com\/#\/schema\/logo\/image\/"},"sameAs":["https:\/\/www.facebook.com\/lavillagardendesign\/"]}]}},"_links":{"self":[{"href":"https:\/\/www.lavillagardendesign.com\/es\/wp-json\/wp\/v2\/product\/63494","targetHints":{"allow":["GET"]}}],"collection":[{"href":"https:\/\/www.lavillagardendesign.com\/es\/wp-json\/wp\/v2\/product"}],"about":[{"href":"https:\/\/www.lavillagardendesign.com\/es\/wp-json\/wp\/v2\/types\/product"}],"replies":[{"embeddable":true,"href":"https:\/\/www.lavillagardendesign.com\/es\/wp-json\/wp\/v2\/comments?post=63494"}],"version-history":[{"count":1,"href":"https:\/\/www.lavillagardendesign.com\/es\/wp-json\/wp\/v2\/product\/63494\/revisions"}],"predecessor-version":[{"id":63633,"href":"https:\/\/www.lavillagardendesign.com\/es\/wp-json\/wp\/v2\/product\/63494\/revisions\/63633"}],"wp:featuredmedia":[{"embeddable":true,"href":"https:\/\/www.lavillagardendesign.com\/es\/wp-json\/wp\/v2\/media\/63227"}],"wp:attachment":[{"href":"https:\/\/www.lavillagardendesign.com\/es\/wp-json\/wp\/v2\/media?parent=63494"}],"wp:term":[{"taxonomy":"product_brand","embeddable":true,"href":"https:\/\/www.lavillagardendesign.com\/es\/wp-json\/wp\/v2\/product_brand?post=63494"},{"taxonomy":"product_cat","embeddable":true,"href":"https:\/\/www.lavillagardendesign.com\/es\/wp-json\/wp\/v2\/product_cat?post=63494"},{"taxonomy":"product_tag","embeddable":true,"href":"https:\/\/www.lavillagardendesign.com\/es\/wp-json\/wp\/v2\/product_tag?post=63494"}],"curies":[{"name":"wp","href":"https:\/\/api.w.org\/{rel}","templated":true}]}}